{"id":16061,"date":"2026-04-19T13:15:01","date_gmt":"2026-04-19T13:15:01","guid":{"rendered":"https:\/\/www.univ-usto.dz\/faculte\/fac-physique\/?page_id=16061"},"modified":"2026-04-19T13:15:03","modified_gmt":"2026-04-19T13:15:03","slug":"%d8%a7%d9%84%d8%ac%d8%af%d9%88%d9%84-%d8%a7%d9%84%d8%b2%d9%85%d9%86%d9%8a","status":"publish","type":"page","link":"https:\/\/www.univ-usto.dz\/faculte\/fac-physique\/ar\/%d8%a7%d9%84%d8%ac%d8%af%d9%88%d9%84-%d8%a7%d9%84%d8%b2%d9%85%d9%86%d9%8a\/","title":{"rendered":"\u0627\u0644\u062c\u062f\u0648\u0644 \u0627\u0644\u0632\u0645\u0646\u064a"},"content":{"rendered":"\n<h2 class=\"wp-block-heading\"><b><u>D\u00e9partement de G\u00e9nie Physique:<\/u><\/b><\/h2>\n\n\n\n<div class=\"wp-block-file\"><a id=\"wp-block-file--media-c1929b1f-f304-46f7-b520-83fdff4ae029\" href=\"https:\/\/www.univ-usto.dz\/faculte\/fac-physique\/wp-content\/uploads\/2026\/02\/Emplois-du-temps-pour-la-1ere-annee-SM-Planning-des-cours-TD-et-TP-ANNEE-UNIVERSITAIRE-2025-2026-.docx.pdf\"><strong><mark style=\"background-color:rgba(0, 0, 0, 0);color:#0c813c\" class=\"has-inline-color\">Emplois du Temps L1 SM  S2  &#8211; Planning des cours -TD et TP 2025-2026<\/mark><\/strong><\/a><a href=\"https:\/\/www.univ-usto.dz\/faculte\/fac-physique\/wp-content\/uploads\/2026\/02\/Emplois-du-temps-pour-la-1ere-annee-SM-Planning-des-cours-TD-et-TP-ANNEE-UNIVERSITAIRE-2025-2026-.docx.pdf\" class=\"wp-block-file__button wp-element-button\" download aria-describedby=\"wp-block-file--media-c1929b1f-f304-46f7-b520-83fdff4ae029\">T\u00e9l\u00e9charger<\/a><\/div>\n\n\n\n<div class=\"wp-block-file\"><a id=\"wp-block-file--media-0fdc74c2-5e86-464a-a6ca-1dc5aa30054a\" href=\"https:\/\/www.univ-usto.dz\/faculte\/fac-physique\/wp-content\/uploads\/2026\/02\/Emplois-du-temps-Master-I-S-2-physique-medicale-2025-2026.docx.pdf\"><strong><mark style=\"background-color:rgba(0, 0, 0, 0);color:#2c8a53\" class=\"has-inline-color\">Emplois du Temps Master 1 S2 physique medicale 2025-2026<\/mark><\/strong><\/a><a href=\"https:\/\/www.univ-usto.dz\/faculte\/fac-physique\/wp-content\/uploads\/2026\/02\/Emplois-du-temps-Master-I-S-2-physique-medicale-2025-2026.docx.pdf\" class=\"wp-block-file__button wp-element-button\" download aria-describedby=\"wp-block-file--media-0fdc74c2-5e86-464a-a6ca-1dc5aa30054a\">T\u00e9l\u00e9charger<\/a><\/div>\n\n\n\n<h2 class=\"wp-block-heading\"><b><u><strong>D\u00e9partement d\u2019Enseignement de Base en Physique:<\/strong><\/u><\/b><\/h2>\n\n\n\n<div class=\"wp-block-file\"><a id=\"wp-block-file--media-c84ee5eb-45b5-4c5e-a4f1-8aded546593c\" href=\"https:\/\/www.univ-usto.dz\/faculte\/fac-physique\/wp-content\/uploads\/2026\/02\/Emploi-du-temps-S2-2-1.pdf\"><strong><mark style=\"background-color:rgba(0, 0, 0, 0);color:#32965c\" class=\"has-inline-color\">Emploi du Temps L1 ST S2 2025-2026 <\/mark><\/strong><\/a><a href=\"https:\/\/www.univ-usto.dz\/faculte\/fac-physique\/wp-content\/uploads\/2026\/02\/Emploi-du-temps-S2-2-1.pdf\" class=\"wp-block-file__button wp-element-button\" download aria-describedby=\"wp-block-file--media-c84ee5eb-45b5-4c5e-a4f1-8aded546593c\">T\u00e9l\u00e9charger<\/a><\/div>\n\n\n\n<h2 class=\"wp-block-heading\"><b><u><strong>D\u00e9partement des t\u00e9chnologie des mat\u00e9riaux:<\/strong><\/u><\/b><\/h2>\n\n\n\n<div class=\"wp-block-file\"><a id=\"wp-block-file--media-adb5b2ee-b921-4102-b334-f60ec0bc6dad\" href=\"https:\/\/www.univ-usto.dz\/faculte\/fac-physique\/wp-content\/uploads\/2026\/02\/Emploi-du-Temps_-L2-SM-_CHIMIE_-COURS-TD-TP_-S4_-2025_2026-1.pdf\"><strong><mark style=\"background-color:rgba(0, 0, 0, 0);color:#096f33\" class=\"has-inline-color\">Emploi du Temps L2 SM CHIMIE S4 2025_2026 <\/mark><\/strong><\/a><a href=\"https:\/\/www.univ-usto.dz\/faculte\/fac-physique\/wp-content\/uploads\/2026\/02\/Emploi-du-Temps_-L2-SM-_CHIMIE_-COURS-TD-TP_-S4_-2025_2026-1.pdf\" class=\"wp-block-file__button wp-element-button\" download aria-describedby=\"wp-block-file--media-adb5b2ee-b921-4102-b334-f60ec0bc6dad\">T\u00e9l\u00e9charger<\/a><\/div>\n\n\n\n<div class=\"wp-block-file\"><a id=\"wp-block-file--media-1f69d907-df17-4fab-abc2-25912ebd824d\" href=\"https:\/\/www.univ-usto.dz\/faculte\/fac-physique\/wp-content\/uploads\/2026\/02\/Emploi-du-Temps_-L2-SM-Physique_-Cours-TD-TP-S4-2025_2026.pdf\"><strong><mark style=\"background-color:rgba(0, 0, 0, 0);color:#0c7739\" class=\"has-inline-color\">Emploi du Temps L2 SM Physique S4 2025_2026<\/mark><\/strong><\/a><a href=\"https:\/\/www.univ-usto.dz\/faculte\/fac-physique\/wp-content\/uploads\/2026\/02\/Emploi-du-Temps_-L2-SM-Physique_-Cours-TD-TP-S4-2025_2026.pdf\" class=\"wp-block-file__button wp-element-button\" download aria-describedby=\"wp-block-file--media-1f69d907-df17-4fab-abc2-25912ebd824d\">T\u00e9l\u00e9charger<\/a><\/div>\n\n\n\n<div class=\"wp-block-file\"><a id=\"wp-block-file--media-2c27dd29-1098-4785-87d8-af63ca64656a\" href=\"https:\/\/www.univ-usto.dz\/faculte\/fac-physique\/wp-content\/uploads\/2026\/02\/Emploi-du-temps_-L3_-Physique-des-Materaiux_-S6_-2025-2026.pdf\"><strong><mark style=\"background-color:rgba(0, 0, 0, 0);color:#096d1c\" class=\"has-inline-color\">Emploi du <\/mark>T<mark style=\"background-color:rgba(0, 0, 0, 0);color:#096d1c\" class=\"has-inline-color\">emps L3 Physique des Mat\u00e9raiux S6 2025-2026<\/mark><\/strong><\/a><a href=\"https:\/\/www.univ-usto.dz\/faculte\/fac-physique\/wp-content\/uploads\/2026\/02\/Emploi-du-temps_-L3_-Physique-des-Materaiux_-S6_-2025-2026.pdf\" class=\"wp-block-file__button wp-element-button\" download aria-describedby=\"wp-block-file--media-2c27dd29-1098-4785-87d8-af63ca64656a\">T\u00e9l\u00e9charger<\/a><\/div>\n\n\n\n<h2 class=\"wp-block-heading\"><b><u>D\u00e9partement de Physique \u00e9nerg\u00e9tique:<\/u><\/b><\/h2>\n\n\n\n<figure class=\"wp-block-image size-full\"><img fetchpriority=\"high\" decoding=\"async\" width=\"1008\" height=\"652\" src=\"https:\/\/www.univ-usto.dz\/faculte\/fac-physique\/wp-content\/uploads\/2026\/02\/IMG-20260121-WA0005-2.jpg\" alt=\"\" class=\"wp-image-15279\" srcset=\"https:\/\/www.univ-usto.dz\/faculte\/fac-physique\/wp-content\/uploads\/2026\/02\/IMG-20260121-WA0005-2.jpg 1008w, https:\/\/www.univ-usto.dz\/faculte\/fac-physique\/wp-content\/uploads\/2026\/02\/IMG-20260121-WA0005-2-300x194.jpg 300w, https:\/\/www.univ-usto.dz\/faculte\/fac-physique\/wp-content\/uploads\/2026\/02\/IMG-20260121-WA0005-2-768x497.jpg 768w, https:\/\/www.univ-usto.dz\/faculte\/fac-physique\/wp-content\/uploads\/2026\/02\/IMG-20260121-WA0005-2-360x233.jpg 360w, https:\/\/www.univ-usto.dz\/faculte\/fac-physique\/wp-content\/uploads\/2026\/02\/IMG-20260121-WA0005-2-24x16.jpg 24w, https:\/\/www.univ-usto.dz\/faculte\/fac-physique\/wp-content\/uploads\/2026\/02\/IMG-20260121-WA0005-2-36x23.jpg 36w, https:\/\/www.univ-usto.dz\/faculte\/fac-physique\/wp-content\/uploads\/2026\/02\/IMG-20260121-WA0005-2-48x31.jpg 48w\" sizes=\"(max-width: 1008px) 100vw, 1008px\" \/><\/figure>\n\n\n\n<div class=\"wp-block-file\"><a id=\"wp-block-file--media-e7f2a0b8-31f0-4cc2-a69b-0314b7b62895\" href=\"https:\/\/www.univ-usto.dz\/faculte\/fac-physique\/wp-content\/uploads\/2026\/02\/emploi-du-temps-M1-PEER-S2-2025-2026-2-1.pdf\">Emploi du temps M1 Physique Energ\u00e9tique et Energie Renouvelable<br>S2-2026<\/a><a href=\"https:\/\/www.univ-usto.dz\/faculte\/fac-physique\/wp-content\/uploads\/2026\/02\/emploi-du-temps-M1-PEER-S2-2025-2026-2-1.pdf\" class=\"wp-block-file__button wp-element-button\" download aria-describedby=\"wp-block-file--media-e7f2a0b8-31f0-4cc2-a69b-0314b7b62895\">T\u00e9l\u00e9charger<\/a><\/div>\n\n\n\n<p>&nbsp;<\/p>\n\n\n<h2><a href=\"https:\/\/www.univ-usto.dz\/faculte\/fac-physique\/archives-emploi-du-temps\/\" target=\"_blank\" rel=\"noopener\"><br \/><span style=\"color: #0000ff;\"><strong>Archive<\/strong><\/span><br \/><\/a><\/h2>\n\n\n\n\n\n","protected":false},"excerpt":{"rendered":"<p>D\u00e9partement de G\u00e9nie Physique: D\u00e9partement d\u2019Enseignement de Base en Physique: D\u00e9partement des t\u00e9chnologie des mat\u00e9riaux: D\u00e9partement de Physique \u00e9nerg\u00e9tique: &nbsp; Archive<\/p>\n","protected":false},"author":25,"featured_media":0,"parent":0,"menu_order":0,"comment_status":"closed","ping_status":"closed","template":"","meta":{"footnotes":""},"class_list":["post-16061","page","type-page","status-publish","hentry"],"_links":{"self":[{"href":"https:\/\/www.univ-usto.dz\/faculte\/fac-physique\/wp-json\/wp\/v2\/pages\/16061","targetHints":{"allow":["GET"]}}],"collection":[{"href":"https:\/\/www.univ-usto.dz\/faculte\/fac-physique\/wp-json\/wp\/v2\/pages"}],"about":[{"href":"https:\/\/www.univ-usto.dz\/faculte\/fac-physique\/wp-json\/wp\/v2\/types\/page"}],"author":[{"embeddable":true,"href":"https:\/\/www.univ-usto.dz\/faculte\/fac-physique\/wp-json\/wp\/v2\/users\/25"}],"replies":[{"embeddable":true,"href":"https:\/\/www.univ-usto.dz\/faculte\/fac-physique\/wp-json\/wp\/v2\/comments?post=16061"}],"version-history":[{"count":1,"href":"https:\/\/www.univ-usto.dz\/faculte\/fac-physique\/wp-json\/wp\/v2\/pages\/16061\/revisions"}],"predecessor-version":[{"id":16062,"href":"https:\/\/www.univ-usto.dz\/faculte\/fac-physique\/wp-json\/wp\/v2\/pages\/16061\/revisions\/16062"}],"wp:attachment":[{"href":"https:\/\/www.univ-usto.dz\/faculte\/fac-physique\/wp-json\/wp\/v2\/media?parent=16061"}],"curies":[{"name":"wp","href":"https:\/\/api.w.org\/{rel}","templated":true}]}}