{"id":16101,"date":"2026-04-19T13:20:23","date_gmt":"2026-04-19T13:20:23","guid":{"rendered":"https:\/\/www.univ-usto.dz\/faculte\/fac-physique\/?page_id=16101"},"modified":"2026-04-19T13:20:23","modified_gmt":"2026-04-19T13:20:23","slug":"%d9%81%d9%8a%d8%b2%d9%8a%d8%a7%d8%a1-%d8%a7%d9%84%d8%b7%d8%a7%d9%82%d8%a9","status":"publish","type":"page","link":"https:\/\/www.univ-usto.dz\/faculte\/fac-physique\/ar\/%d9%81%d9%8a%d8%b2%d9%8a%d8%a7%d8%a1-%d8%a7%d9%84%d8%b7%d8%a7%d9%82%d8%a9\/","title":{"rendered":"\u0641\u064a\u0632\u064a\u0627\u0621 \u0627\u0644\u0637\u0627\u0642\u0629"},"content":{"rendered":"\n<h2 class=\"wp-block-heading\"><strong>La liste nominative des enseignants du d\u00e9partement de physique \u00e9nerg\u00e9tique \u00ab&nbsp;\u0627\u0644\u0642\u0627\u0626\u0645\u0629 \u0627\u0644\u0627\u0633\u0645\u064a\u0629 \u0644\u0623\u0633\u0627\u062a\u0630\u0629 \u0642\u0633\u0645 \u0627\u0644\u0641\u0632\u064a\u0627\u0621 \u0627\u0644\u0637\u0627\u0642\u0648\u064a\u0629&nbsp;\u00bb :<a href=\"https:\/\/www.univ-usto.dz\/faculte\/fac-physique\/12481-2\/\" target=\"_blank\" rel=\"noreferrer noopener\">&nbsp;<\/a><\/strong><\/h2>\n\n\n\n<figure class=\"wp-block-table\"><table class=\"has-fixed-layout\"><tbody><tr><td class=\"has-text-align-center\" data-align=\"center\"><strong>\u0627\u0644\u0631\u062a\u0628\u0629<\/strong><\/td><td class=\"has-text-align-center\" data-align=\"center\"><strong>\u0627\u0644\u0627\u0633\u0645 \u0648\u0627\u0644\u0644\u0642\u0628<\/strong><\/td><td class=\"has-text-align-center\" data-align=\"center\"><strong>\u0627\u0644\u0631\u0642\u0645<\/strong><\/td><\/tr><tr><td class=\"has-text-align-center\" data-align=\"center\">\u0623\u0633\u062a\u0627\u0630 \u0627\u0644\u062a\u0639\u0644\u064a\u0645 \u0627\u0644\u0639\u0627\u0644\u064a<\/td><td class=\"has-text-align-center\" data-align=\"center\">\u0639\u0628\u062f \u0627\u0644\u0648\u0647\u0627\u0628 \u0645\u062d\u0645\u062f<\/td><td class=\"has-text-align-center\" data-align=\"center\">01<\/td><\/tr><tr><td class=\"has-text-align-center\" data-align=\"center\">\u0623\u0633\u062a\u0627\u0630 \u0627\u0644\u062a\u0639\u0644\u064a\u0645 \u0627\u0644\u0639\u0627\u0644\u064a<\/td><td class=\"has-text-align-center\" data-align=\"center\">\u0623\u064a\u062a \u0642\u0627\u0633\u064a \u062d\u0633\u064a\u0646<\/td><td class=\"has-text-align-center\" data-align=\"center\">02<\/td><\/tr><tr><td class=\"has-text-align-center\" data-align=\"center\">\u0623\u0633\u062a\u0627\u0630 \u0627\u0644\u062a\u0639\u0644\u064a\u0645 \u0627\u0644\u0639\u0627\u0644\u064a<\/td><td class=\"has-text-align-center\" data-align=\"center\">\u0639\u0644\u0627 \u062d\u0633\u064a\u0646<\/td><td class=\"has-text-align-center\" data-align=\"center\">03<\/td><\/tr><tr><td class=\"has-text-align-center\" data-align=\"center\">\u0623\u0633\u062a\u0627\u0630 \u0627\u0644\u062a\u0639\u0644\u064a\u0645 \u0627\u0644\u0639\u0627\u0644\u064a<\/td><td class=\"has-text-align-center\" data-align=\"center\">\u0628\u0644\u0639\u0633\u0631\u064a \u0623\u062d\u0645\u062f<\/td><td class=\"has-text-align-center\" data-align=\"center\">04<\/td><\/tr><tr><td class=\"has-text-align-center\" data-align=\"center\">\u0623\u0633\u062a\u0627\u0630 \u0627\u0644\u062a\u0639\u0644\u064a\u0645 \u0627\u0644\u0639\u0627\u0644\u064a<\/td><td class=\"has-text-align-center\" data-align=\"center\">\u062d\u0645\u062f\u0627\u0634 \u0641\u0627\u0637\u0645\u0629<\/td><td class=\"has-text-align-center\" data-align=\"center\">05<\/td><\/tr><tr><td class=\"has-text-align-center\" data-align=\"center\">\u0623\u0633\u062a\u0627\u0630 \u0627\u0644\u062a\u0639\u0644\u064a\u0645 \u0627\u0644\u0639\u0627\u0644\u064a<\/td><td class=\"has-text-align-center\" data-align=\"center\">\u0643\u0627\u0645\u0634 \u0645\u0635\u0637\u0641\u0649<\/td><td class=\"has-text-align-center\" data-align=\"center\">06<\/td><\/tr><tr><td class=\"has-text-align-center\" data-align=\"center\">\u0623\u0633\u062a\u0627\u0630 \u0627\u0644\u062a\u0639\u0644\u064a\u0645 \u0627\u0644\u0639\u0627\u0644\u064a<\/td><td class=\"has-text-align-center\" data-align=\"center\">\u0632\u0643\u0631\u064a \u0646\u0648\u0631 \u0627\u0644\u062f\u064a\u0646<\/td><td class=\"has-text-align-center\" data-align=\"center\">07<\/td><\/tr><tr><td class=\"has-text-align-center\" data-align=\"center\">\u0623\u0633\u062a\u0627\u0630 \u0627\u0644\u062a\u0639\u0644\u064a\u0645 \u0627\u0644\u0639\u0627\u0644\u064a<\/td><td class=\"has-text-align-center\" data-align=\"center\">\u0632\u0643\u0631\u064a \u0644\u0637\u0641\u064a<\/td><td class=\"has-text-align-center\" data-align=\"center\">08<\/td><\/tr><tr><td class=\"has-text-align-center\" data-align=\"center\">\u0623\u0633\u062a\u0627\u0630 \u0627\u0644\u062a\u0639\u0644\u064a\u0645 \u0627\u0644\u0639\u0627\u0644\u064a<\/td><td class=\"has-text-align-center\" data-align=\"center\">\u0647\u0631\u0627\u0634 \u0632\u0647\u064a\u0631<\/td><td class=\"has-text-align-center\" data-align=\"center\">09<\/td><\/tr><tr><td class=\"has-text-align-center\" data-align=\"center\">\u0623\u0633\u062a\u0627\u0630 \u0627\u0644\u062a\u0639\u0644\u064a\u0645 \u0627\u0644\u0639\u0627\u0644\u064a<\/td><td class=\"has-text-align-center\" data-align=\"center\">\u0637\u0627\u064a\u0631 \u0641\u0636\u064a\u0644\u0629 \u0632\u0648\u062c\u0629 \u0633\u0643\u0631\u062c\u0627\u0646<\/td><td class=\"has-text-align-center\" data-align=\"center\">10<\/td><\/tr><tr><td class=\"has-text-align-center\" data-align=\"center\">\u0623\u0633\u062a\u0627\u0630 \u0627\u0644\u062a\u0639\u0644\u064a\u0645 \u0627\u0644\u0639\u0627\u0644\u064a<\/td><td class=\"has-text-align-center\" data-align=\"center\">\u0635\u0627\u0628\u0631 \u0633\u064a\u062f \u0623\u062d\u0645\u062f \u0639\u0628\u062f \u0627\u0644\u0646\u0648\u0631 \u0623\u0645\u064a\u0646<\/td><td class=\"has-text-align-center\" data-align=\"center\">11<\/td><\/tr><tr><td class=\"has-text-align-center\" data-align=\"center\">\u0623\u0633\u062a\u0627\u0630 \u0627\u0644\u062a\u0639\u0644\u064a\u0645 \u0627\u0644\u0639\u0627\u0644\u064a<\/td><td class=\"has-text-align-center\" data-align=\"center\">\u0645\u0642\u062f\u0645 \u0639\u0628\u062f \u0627\u0644\u0645\u0627\u0644\u0643<\/td><td class=\"has-text-align-center\" data-align=\"center\">12<\/td><\/tr><tr><td class=\"has-text-align-center\" data-align=\"center\">\u0623\u0633\u062a\u0627\u0630 \u0627\u0644\u062a\u0639\u0644\u064a\u0645 \u0627\u0644\u0639\u0627\u0644\u064a<\/td><td class=\"has-text-align-center\" data-align=\"center\">\u0628\u0644\u0641\u0627\u0631 \u0639\u0628\u0627\u0633<\/td><td class=\"has-text-align-center\" data-align=\"center\">13<\/td><\/tr><tr><td class=\"has-text-align-center\" data-align=\"center\">\u0623\u0633\u062a\u0627\u0630 \u0627\u0644\u062a\u0639\u0644\u064a\u0645 \u0627\u0644\u0639\u0627\u0644\u064a<\/td><td class=\"has-text-align-center\" data-align=\"center\">\u0628\u0647\u0644\u0648\u0644\u064a \u0633\u0627\u0645\u064a\u0629<\/td><td class=\"has-text-align-center\" data-align=\"center\">14<\/td><\/tr><tr><td class=\"has-text-align-center\" data-align=\"center\">\u0623\u0633\u062a\u0627\u0630 \u0627\u0644\u062a\u0639\u0644\u064a\u0645 \u0627\u0644\u0639\u0627\u0644\u064a<\/td><td class=\"has-text-align-center\" data-align=\"center\">\u0631\u0627\u0634\u062f \u062c\u0639\u0641\u0631<\/td><td class=\"has-text-align-center\" data-align=\"center\">15<\/td><\/tr><tr><td class=\"has-text-align-center\" data-align=\"center\">\u0623\u0633\u062a\u0627\u0630 \u0627\u0644\u062a\u0639\u0644\u064a\u0645 \u0627\u0644\u0639\u0627\u0644\u064a<\/td><td class=\"has-text-align-center\" data-align=\"center\">\u0623\u0645\u064a\u0631 \u0639\u064a\u062f \u0625\u062f\u0631\u064a\u0633<\/td><td class=\"has-text-align-center\" data-align=\"center\">16<\/td><\/tr><tr><td class=\"has-text-align-center\" data-align=\"center\">\u0623\u0633\u062a\u0627\u0630 \u0627\u0644\u062a\u0639\u0644\u064a\u0645 \u0627\u0644\u0639\u0627\u0644\u064a<\/td><td class=\"has-text-align-center\" data-align=\"center\">\u064a\u062c\u0648\u0631 \u0639\u0641\u064a\u0641\u0629<\/td><td class=\"has-text-align-center\" data-align=\"center\">17<\/td><\/tr><tr><td class=\"has-text-align-center\" data-align=\"center\">\u0623\u0633\u062a\u0627\u0630 \u0627\u0644\u062a\u0639\u0644\u064a\u0645 \u0627\u0644\u0639\u0627\u0644\u064a<\/td><td class=\"has-text-align-center\" data-align=\"center\">\u0628\u0644\u062c\u064a\u0644\u0627\u0644\u064a \u0633\u064a\u062f \u0623\u062d\u0645\u062f<\/td><td class=\"has-text-align-center\" data-align=\"center\">18<\/td><\/tr><tr><td class=\"has-text-align-center\" data-align=\"center\">\u0623\u0633\u062a\u0627\u0630\u0629 \u0645\u062d\u0627\u0636\u0631\u0629 \u0623<\/td><td class=\"has-text-align-center\" data-align=\"center\">\u0634\u0631\u0627\u0643 \u0632\u064a\u0646\u0628 (\u0645\u062c\u0627\u0647\u0631\u064a)<\/td><td class=\"has-text-align-center\" data-align=\"center\">19<\/td><\/tr><tr><td class=\"has-text-align-center\" data-align=\"center\">\u0623\u0633\u062a\u0627\u0630 \u0645\u062d\u0627\u0636\u0631 \u0623<\/td><td class=\"has-text-align-center\" data-align=\"center\">\u0644\u063a\u0648\u0627\u0637\u064a \u064a\u0627\u0633\u064a\u0646<\/td><td class=\"has-text-align-center\" data-align=\"center\">20<\/td><\/tr><tr><td class=\"has-text-align-center\" data-align=\"center\">\u0623\u0633\u062a\u0627\u0630\u0629 \u0645\u062d\u0627\u0636\u0631\u0629 \u0623<\/td><td class=\"has-text-align-center\" data-align=\"center\">\u0637\u0648\u0631\u064a\u0634\u064a \u0645\u062d\u0645\u062f<\/td><td class=\"has-text-align-center\" data-align=\"center\">21<\/td><\/tr><tr><td class=\"has-text-align-center\" data-align=\"center\">\u0623\u0633\u062a\u0627\u0630 \u0645\u062d\u0627\u0636\u0631 \u0623<\/td><td class=\"has-text-align-center\" data-align=\"center\">\u0628\u0644\u0645\u0643\u064a \u0645\u062d\u0645\u062f<\/td><td class=\"has-text-align-center\" data-align=\"center\">22<\/td><\/tr><tr><td class=\"has-text-align-center\" data-align=\"center\">\u0623\u0633\u062a\u0627\u0630 \u0645\u062d\u0627\u0636\u0631 \u0623<\/td><td class=\"has-text-align-center\" data-align=\"center\">\u0628\u0644\u0639\u0631\u0648\u0633\u064a \u0637\u064a\u0628<\/td><td class=\"has-text-align-center\" data-align=\"center\">23<\/td><\/tr><tr><td class=\"has-text-align-center\" data-align=\"center\">\u0623\u0633\u062a\u0627\u0630\u0629 \u0645\u062d\u0627\u0636\u0631\u0629 \u0623<\/td><td class=\"has-text-align-center\" data-align=\"center\">\u0631\u062d\u0645\u0648\u0646\u064a \u0645\u0648\u0627\u0647\u0628 (\u0628\u0644\u0639\u0627\u0644\u0645)<\/td><td class=\"has-text-align-center\" data-align=\"center\">24<\/td><\/tr><tr><td class=\"has-text-align-center\" data-align=\"center\">\u0623\u0633\u062a\u0627\u0630\u0629 \u0645\u062d\u0627\u0636\u0631\u0629 \u0623<\/td><td class=\"has-text-align-center\" data-align=\"center\">\u062c\u0631\u0627\u0628\u0629 \u0639\u0627\u0626\u0634\u0629<\/td><td class=\"has-text-align-center\" data-align=\"center\">25<\/td><\/tr><tr><td class=\"has-text-align-center\" data-align=\"center\">\u0623\u0633\u062a\u0627\u0630\u0629 \u0645\u062d\u0627\u0636\u0631\u0629 \u0628<\/td><td class=\"has-text-align-center\" data-align=\"center\">\u0628\u0646 \u0633\u0644\u0627\u0641\u0629 \u0646\u0635\u064a\u0631<\/td><td class=\"has-text-align-center\" data-align=\"center\">26<\/td><\/tr><tr><td class=\"has-text-align-center\" data-align=\"center\">\u0623\u0633\u062a\u0627\u0630\u0629 \u0645\u062d\u0627\u0636\u0631\u0629 \u0628<\/td><td class=\"has-text-align-center\" data-align=\"center\">\u0632\u0627\u0632\u0648\u0629 \u0643\u0631\u064a\u0645\u0629<\/td><td class=\"has-text-align-center\" data-align=\"center\">27<\/td><\/tr><tr><td class=\"has-text-align-center\" data-align=\"center\">\u0623\u0633\u062a\u0627\u0630\u0629 \u0645\u062d\u0627\u0636\u0631\u0629 \u0628<\/td><td class=\"has-text-align-center\" data-align=\"center\">\u0639\u0627\u0628\u062f \u0647\u0648\u0627\u0631\u064a\u0629<\/td><td class=\"has-text-align-center\" data-align=\"center\">28<\/td><\/tr><tr><td class=\"has-text-align-center\" data-align=\"center\">\u0623\u0633\u062a\u0627\u0630 \u0645\u062d\u0627\u0636\u0631 \u0628<\/td><td class=\"has-text-align-center\" data-align=\"center\">\u0628\u0648\u0637\u064a\u0628\u0629 \u0641\u0627\u0631\u0648\u0642<\/td><td class=\"has-text-align-center\" data-align=\"center\">29<\/td><\/tr><tr><td class=\"has-text-align-center\" data-align=\"center\">\u0623\u0633\u062a\u0627\u0630\u0629 \u0645\u062d\u0627\u0636\u0631\u0629 \u0628<\/td><td class=\"has-text-align-center\" data-align=\"center\">\u0634\u0639\u0631\u0627\u0648\u064a \u0632\u0647\u0631\u0629<\/td><td class=\"has-text-align-center\" data-align=\"center\">30<\/td><\/tr><tr><td class=\"has-text-align-center\" data-align=\"center\">\u0623\u0633\u062a\u0627\u0630 \u0645\u0633\u0627\u0639\u062f \u0623<\/td><td class=\"has-text-align-center\" data-align=\"center\">\u0639\u064a\u0634\u064a \u0645\u062d\u0645\u062f<\/td><td class=\"has-text-align-center\" data-align=\"center\">31<\/td><\/tr><tr><td class=\"has-text-align-center\" data-align=\"center\">\u0623\u0633\u062a\u0627\u0630\u0629 \u0645\u0633\u0627\u0639\u062f\u0629 \u0623<\/td><td class=\"has-text-align-center\" data-align=\"center\">\u0628\u0644\u062d\u0627\u062c\u064a \u0627\u0644\u0639\u064a\u062f\u064a\u0629<\/td><td class=\"has-text-align-center\" data-align=\"center\">32<\/td><\/tr><tr><td class=\"has-text-align-center\" data-align=\"center\">\u0623\u0633\u062a\u0627\u0630\u0629 \u0645\u0633\u0627\u0639\u062f\u0629 \u0623<\/td><td class=\"has-text-align-center\" data-align=\"center\">\u0628\u0646 \u0637\u064a\u0628 \u0633\u0643\u0648\u0631\u0629<\/td><td class=\"has-text-align-center\" data-align=\"center\">33<\/td><\/tr><tr><td class=\"has-text-align-center\" data-align=\"center\">\u0623\u0633\u062a\u0627\u0630\u0629 \u0645\u0633\u0627\u0639\u062f\u0629 \u0623<\/td><td class=\"has-text-align-center\" data-align=\"center\">\u0628\u0644\u0639\u0631\u0628\u064a \u0633\u0639\u0627\u062f (\u0645\u0646\u0635\u0648\u0631\u064a)<\/td><td class=\"has-text-align-center\" data-align=\"center\">34<\/td><\/tr><tr><td class=\"has-text-align-center\" data-align=\"center\">\u0623\u0633\u062a\u0627\u0630\u0629 \u0645\u0633\u0627\u0639\u062f\u0629 \u0623<\/td><td class=\"has-text-align-center\" data-align=\"center\">\u0628\u0646 \u0643\u0644\u062b\u0648\u0645 \u0633\u0639\u062f\u064a\u0629<\/td><td class=\"has-text-align-center\" data-align=\"center\">35<\/td><\/tr><tr><td class=\"has-text-align-center\" data-align=\"center\">\u0623\u0633\u062a\u0627\u0630 \u0645\u0633\u0627\u0639\u062f \u0623<\/td><td class=\"has-text-align-center\" data-align=\"center\">\u0646\u064a\u0645\u0648\u0631 \u0633\u064a \u0645\u062d\u0645\u062f \u0639\u0628\u062f \u0627\u0644\u0631\u0632\u0627\u0642<\/td><td class=\"has-text-align-center\" data-align=\"center\">36<\/td><\/tr><tr><td class=\"has-text-align-center\" data-align=\"center\">\u0623\u0633\u062a\u0627\u0630\u0629 \u0645\u0633\u0627\u0639\u062f\u0629 \u0623<\/td><td class=\"has-text-align-center\" data-align=\"center\">\u0644\u062e\u0636\u0631 \u0641\u0648\u0627\u062a\u064a\u062d \u0641\u0627\u0637\u0645\u0629 \u0627\u0644\u0632\u0647\u0631\u0627\u0621<\/td><td class=\"has-text-align-center\" data-align=\"center\">37<\/td><\/tr><tr><td class=\"has-text-align-center\" data-align=\"center\">\u0623\u0633\u062a\u0627\u0630\u0629 \u0645\u0633\u0627\u0639\u062f\u0629 \u0623<\/td><td class=\"has-text-align-center\" data-align=\"center\">\u0628\u0648\u062d\u0641\u0635 \u0641\u062a\u064a\u062d\u0629<\/td><td class=\"has-text-align-center\" data-align=\"center\">38<\/td><\/tr><tr><td class=\"has-text-align-center\" data-align=\"center\">\u0623\u0633\u062a\u0627\u0630\u0629 \u0645\u0633\u0627\u0639\u062f\u0629 \u0628<\/td><td class=\"has-text-align-center\" data-align=\"center\">\u0622\u064a\u062a \u0639\u062f\u064a \u0633\u0645\u064a\u0631\u0629<\/td><td class=\"has-text-align-center\" data-align=\"center\">39<\/td><\/tr><tr><td class=\"has-text-align-center\" data-align=\"center\">\u0623\u0633\u062a\u0627\u0630\u0629 \u0645\u0633\u0627\u0639\u062f\u0629 \u0628<\/td><td class=\"has-text-align-center\" data-align=\"center\">\u0645\u062d\u0631\u0631 \u0641\u0627\u0637\u0645\u0629 \u0627\u0644\u0632\u0647\u0631\u0627\u0621<\/td><td class=\"has-text-align-center\" data-align=\"center\">40<\/td><\/tr><\/tbody><\/table><\/figure>\n","protected":false},"excerpt":{"rendered":"<p>La liste nominative des enseignants du d\u00e9partement de physique \u00e9nerg\u00e9tique \u00ab&nbsp;\u0627\u0644\u0642\u0627\u0626\u0645\u0629 \u0627\u0644\u0627\u0633\u0645\u064a\u0629 \u0644\u0623\u0633\u0627\u062a\u0630\u0629 \u0642\u0633\u0645 \u0627\u0644\u0641\u0632\u064a\u0627\u0621 \u0627\u0644\u0637\u0627\u0642\u0648\u064a\u0629&nbsp;\u00bb :&nbsp; \u0627\u0644\u0631\u062a\u0628\u0629 \u0627\u0644\u0627\u0633\u0645 \u0648\u0627\u0644\u0644\u0642\u0628 \u0627\u0644\u0631\u0642\u0645 \u0623\u0633\u062a\u0627\u0630 \u0627\u0644\u062a\u0639\u0644\u064a\u0645 \u0627\u0644\u0639\u0627\u0644\u064a \u0639\u0628\u062f \u0627\u0644\u0648\u0647\u0627\u0628 \u0645\u062d\u0645\u062f 01 \u0623\u0633\u062a\u0627\u0630 \u0627\u0644\u062a\u0639\u0644\u064a\u0645 <a href=\"https:\/\/www.univ-usto.dz\/faculte\/fac-physique\/ar\/%d9%81%d9%8a%d8%b2%d9%8a%d8%a7%d8%a1-%d8%a7%d9%84%d8%b7%d8%a7%d9%82%d8%a9\/\" class=\"read-more\">Lire la suite &#8230;<\/a><\/p>\n","protected":false},"author":25,"featured_media":0,"parent":0,"menu_order":0,"comment_status":"closed","ping_status":"closed","template":"","meta":{"footnotes":""},"class_list":["post-16101","page","type-page","status-publish","hentry"],"_links":{"self":[{"href":"https:\/\/www.univ-usto.dz\/faculte\/fac-physique\/wp-json\/wp\/v2\/pages\/16101","targetHints":{"allow":["GET"]}}],"collection":[{"href":"https:\/\/www.univ-usto.dz\/faculte\/fac-physique\/wp-json\/wp\/v2\/pages"}],"about":[{"href":"https:\/\/www.univ-usto.dz\/faculte\/fac-physique\/wp-json\/wp\/v2\/types\/page"}],"author":[{"embeddable":true,"href":"https:\/\/www.univ-usto.dz\/faculte\/fac-physique\/wp-json\/wp\/v2\/users\/25"}],"replies":[{"embeddable":true,"href":"https:\/\/www.univ-usto.dz\/faculte\/fac-physique\/wp-json\/wp\/v2\/comments?post=16101"}],"version-history":[{"count":1,"href":"https:\/\/www.univ-usto.dz\/faculte\/fac-physique\/wp-json\/wp\/v2\/pages\/16101\/revisions"}],"predecessor-version":[{"id":16102,"href":"https:\/\/www.univ-usto.dz\/faculte\/fac-physique\/wp-json\/wp\/v2\/pages\/16101\/revisions\/16102"}],"wp:attachment":[{"href":"https:\/\/www.univ-usto.dz\/faculte\/fac-physique\/wp-json\/wp\/v2\/media?parent=16101"}],"curies":[{"name":"wp","href":"https:\/\/api.w.org\/{rel}","templated":true}]}}