{"id":16107,"date":"2026-04-19T13:20:43","date_gmt":"2026-04-19T13:20:43","guid":{"rendered":"https:\/\/www.univ-usto.dz\/faculte\/fac-physique\/?page_id=16107"},"modified":"2026-04-19T13:20:44","modified_gmt":"2026-04-19T13:20:44","slug":"%d9%85%d8%b4%d8%b1%d9%88%d8%b9-%d8%aa%d8%b9%d9%84%d9%8a%d9%85%d9%8a-%d9%88%d8%a3%d8%ae%d8%a8%d8%a7%d8%b1","status":"publish","type":"page","link":"https:\/\/www.univ-usto.dz\/faculte\/fac-physique\/ar\/%d9%85%d8%b4%d8%b1%d9%88%d8%b9-%d8%aa%d8%b9%d9%84%d9%8a%d9%85%d9%8a-%d9%88%d8%a3%d8%ae%d8%a8%d8%a7%d8%b1\/","title":{"rendered":"\u0645\u0634\u0631\u0648\u0639 \u062a\u0639\u0644\u064a\u0645\u064a \u0648\u0623\u062e\u0628\u0627\u0631"},"content":{"rendered":"\n<div style=\"height:47px\" aria-hidden=\"true\" class=\"wp-block-spacer\"><\/div>\n\n\n\n<h2 class=\"wp-block-heading\"><strong><span class=\"has-inline-color has-vivid-cyan-blue-color\">D\u00e9partement de G\u00e9nie Physique:<\/span><\/strong><\/h2>\n\n\n\n<div style=\"height:24px\" aria-hidden=\"true\" class=\"wp-block-spacer\"><\/div>\n\n\n\n<div class=\"wp-block-file\"><a href=\"https:\/\/www.univ-usto.dz\/faculte\/fac-physique\/wp-content\/uploads\/2022\/12\/PROJET.pdf\" target=\"_blank\" rel=\"noreferrer noopener\"><strong>Master II : Physique m\u00e9dicale<br>Liste des sujets propos\u00e9s en master Physique m\u00e9dicale<\/strong><\/a><a href=\"https:\/\/www.univ-usto.dz\/faculte\/fac-physique\/wp-content\/uploads\/2022\/12\/PROJET.pdf\" class=\"wp-block-file__button\" download>T\u00e9l\u00e9charger<\/a><\/div>\n\n\n\n<p><\/p>\n","protected":false},"excerpt":{"rendered":"<p>D\u00e9partement de G\u00e9nie Physique:<\/p>\n","protected":false},"author":25,"featured_media":0,"parent":0,"menu_order":0,"comment_status":"closed","ping_status":"closed","template":"","meta":{"footnotes":""},"class_list":["post-16107","page","type-page","status-publish","hentry"],"_links":{"self":[{"href":"https:\/\/www.univ-usto.dz\/faculte\/fac-physique\/wp-json\/wp\/v2\/pages\/16107","targetHints":{"allow":["GET"]}}],"collection":[{"href":"https:\/\/www.univ-usto.dz\/faculte\/fac-physique\/wp-json\/wp\/v2\/pages"}],"about":[{"href":"https:\/\/www.univ-usto.dz\/faculte\/fac-physique\/wp-json\/wp\/v2\/types\/page"}],"author":[{"embeddable":true,"href":"https:\/\/www.univ-usto.dz\/faculte\/fac-physique\/wp-json\/wp\/v2\/users\/25"}],"replies":[{"embeddable":true,"href":"https:\/\/www.univ-usto.dz\/faculte\/fac-physique\/wp-json\/wp\/v2\/comments?post=16107"}],"version-history":[{"count":1,"href":"https:\/\/www.univ-usto.dz\/faculte\/fac-physique\/wp-json\/wp\/v2\/pages\/16107\/revisions"}],"predecessor-version":[{"id":16108,"href":"https:\/\/www.univ-usto.dz\/faculte\/fac-physique\/wp-json\/wp\/v2\/pages\/16107\/revisions\/16108"}],"wp:attachment":[{"href":"https:\/\/www.univ-usto.dz\/faculte\/fac-physique\/wp-json\/wp\/v2\/media?parent=16107"}],"curies":[{"name":"wp","href":"https:\/\/api.w.org\/{rel}","templated":true}]}}