{"id":453,"date":"2020-08-31T08:24:32","date_gmt":"2020-08-31T08:24:32","guid":{"rendered":"http:\/\/www.univ-usto.dz\/faculte\/fac-physique\/?page_id=453"},"modified":"2020-09-29T18:39:17","modified_gmt":"2020-09-29T18:39:17","slug":"nouveaux-bacheliers","status":"publish","type":"page","link":"https:\/\/www.univ-usto.dz\/faculte\/fac-physique\/nouveaux-bacheliers\/","title":{"rendered":"Autres inscriptions"},"content":{"rendered":"\t\t<div data-elementor-type=\"wp-page\" data-elementor-id=\"453\" class=\"elementor elementor-453\">\n\t\t\t\t\t\t<section class=\"elementor-section elementor-top-section elementor-element elementor-element-703bbe4 elementor-section-boxed elementor-section-height-default elementor-section-height-default\" data-id=\"703bbe4\" data-element_type=\"section\">\n\t\t\t\t\t\t<div class=\"elementor-container elementor-column-gap-default\">\n\t\t\t\t\t<div class=\"elementor-column elementor-col-33 elementor-top-column elementor-element elementor-element-62c2c43\" data-id=\"62c2c43\" data-element_type=\"column\">\n\t\t\t<div class=\"elementor-widget-wrap elementor-element-populated\">\n\t\t\t\t\t\t<div class=\"elementor-element elementor-element-92d2eed elementor-widget elementor-widget-wp-widget-bellows_navigation_widget\" data-id=\"92d2eed\" data-element_type=\"widget\" data-widget_type=\"wp-widget-bellows_navigation_widget.default\">\n\t\t\t\t<div class=\"elementor-widget-container\">\n\t\t\t\t\t<nav id=\"bellows-main-11\" class=\"bellows bellows-nojs bellows-main bellows-source-menu bellows-align-full bellows-skin-vanilla bellows-type-\"><ul id=\"menu-menugraduation\" class=\"bellows-nav\" data-bellows-config=\"main\"><li id=\"menu-item-146\" class=\"bellows-menu-item bellows-menu-item-type-custom bellows-menu-item-object-custom bellows-menu-item-has-children bellows-menu-item-146 bellows-item-level-0\"><a  href=\"#\" class=\"bellows-target\"><span class=\"bellows-target-title bellows-target-text\">Formation<\/span><button class=\"bellows-subtoggle\" aria-label=\"Toggle Submenu\"><i class=\"bellows-subtoggle-icon-expand fa fa-chevron-down\"><\/i><i class=\"bellows-subtoggle-icon-collapse fa fa-chevron-up\"><\/i><\/button><\/a>\n<ul class=\"bellows-submenu\">\n\t<li id=\"menu-item-5774\" class=\"bellows-menu-item bellows-menu-item-type-post_type bellows-menu-item-object-page bellows-menu-item-5774 bellows-item-level-1\"><a  href=\"https:\/\/www.univ-usto.dz\/faculte\/fac-physique\/offre-de-formation-licence\/\" class=\"bellows-target\"><span class=\"bellows-target-title bellows-target-text\">Licence<\/span><\/a><\/li>\n\t<li id=\"menu-item-5780\" class=\"bellows-menu-item bellows-menu-item-type-post_type bellows-menu-item-object-page bellows-menu-item-5780 bellows-item-level-1\"><a  href=\"https:\/\/www.univ-usto.dz\/faculte\/fac-physique\/master\/\" class=\"bellows-target\"><span class=\"bellows-target-title bellows-target-text\">Master<\/span><\/a><\/li>\n<\/ul>\n<\/li>\n<li id=\"menu-item-149\" class=\"bellows-menu-item bellows-menu-item-type-custom bellows-menu-item-object-custom bellows-menu-item-has-children bellows-menu-item-149 bellows-item-level-0\"><a  href=\"#\" class=\"bellows-target\"><span class=\"bellows-target-title bellows-target-text\">Inscriptions<\/span><button class=\"bellows-subtoggle\" aria-label=\"Toggle Submenu\"><i class=\"bellows-subtoggle-icon-expand fa fa-chevron-down\"><\/i><i class=\"bellows-subtoggle-icon-collapse fa fa-chevron-up\"><\/i><\/button><\/a>\n<ul class=\"bellows-submenu\">\n\t<li id=\"menu-item-5789\" class=\"bellows-menu-item bellows-menu-item-type-post_type bellows-menu-item-object-page bellows-menu-item-5789 bellows-item-level-1\"><a  href=\"https:\/\/www.univ-usto.dz\/faculte\/fac-physique\/inscription-en-master-2\/\" class=\"bellows-target\"><span class=\"bellows-target-title bellows-target-text\">Inscription en Master<\/span><\/a><\/li>\n\t<li id=\"menu-item-502\" class=\"bellows-menu-item bellows-menu-item-type-post_type bellows-menu-item-object-page bellows-menu-item-502 bellows-item-level-1\"><a  href=\"https:\/\/www.univ-usto.dz\/faculte\/fac-physique\/nouveaux-bacheliers\/\" class=\"bellows-target\"><span class=\"bellows-target-title bellows-target-text\">Autres inscriptions<\/span><\/a><\/li>\n\t<li id=\"menu-item-5799\" class=\"bellows-menu-item bellows-menu-item-type-post_type bellows-menu-item-object-page bellows-menu-item-5799 bellows-item-level-1\"><a  href=\"https:\/\/www.univ-usto.dz\/faculte\/fac-physique\/bac-anterieur\/\" class=\"bellows-target\"><span class=\"bellows-target-title bellows-target-text\">BAC anterieur<\/span><\/a><\/li>\n\t<li id=\"menu-item-5798\" class=\"bellows-menu-item bellows-menu-item-type-post_type bellows-menu-item-object-page bellows-menu-item-5798 bellows-item-level-1\"><a  href=\"https:\/\/www.univ-usto.dz\/faculte\/fac-physique\/passerelle-classique-lmd\/\" class=\"bellows-target\"><span class=\"bellows-target-title bellows-target-text\">Passerelle (Classique -> LMD)<\/span><\/a><\/li>\n<\/ul>\n<\/li>\n<li id=\"menu-item-535\" class=\"bellows-menu-item bellows-menu-item-type-post_type bellows-menu-item-object-page bellows-menu-item-535 bellows-item-level-0\"><a  href=\"https:\/\/www.univ-usto.dz\/faculte\/fac-physique\/transfert\/\" class=\"bellows-target\"><span class=\"bellows-target-title bellows-target-text\">Transfert<\/span><\/a><\/li>\n<li id=\"menu-item-542\" class=\"bellows-menu-item bellows-menu-item-type-post_type bellows-menu-item-object-page bellows-menu-item-542 bellows-item-level-0\"><a  href=\"https:\/\/www.univ-usto.dz\/faculte\/fac-physique\/transfert2020\/\" class=\"bellows-target\"><span class=\"bellows-target-title bellows-target-text\">Transfert 2020<\/span><\/a><\/li>\n<li id=\"menu-item-608\" class=\"bellows-menu-item bellows-menu-item-type-post_type bellows-menu-item-object-page bellows-menu-item-608 bellows-item-level-0\"><a  href=\"https:\/\/www.univ-usto.dz\/faculte\/fac-physique\/inscription-en-master\/\" class=\"bellows-target\"><span class=\"bellows-target-title bellows-target-text\">Cong\u00e9 Acad\u00e9mique<\/span><\/a><\/li>\n<li id=\"menu-item-155\" class=\"bellows-menu-item bellows-menu-item-type-custom bellows-menu-item-object-custom bellows-menu-item-has-children bellows-menu-item-155 bellows-item-level-0\"><a  href=\"#\" class=\"bellows-target\"><span class=\"bellows-target-title bellows-target-text\">Textes R\u00e9glementaires<\/span><button class=\"bellows-subtoggle\" aria-label=\"Toggle Submenu\"><i class=\"bellows-subtoggle-icon-expand fa fa-chevron-down\"><\/i><i class=\"bellows-subtoggle-icon-collapse fa fa-chevron-up\"><\/i><\/button><\/a>\n<ul class=\"bellows-submenu\">\n\t<li id=\"menu-item-630\" class=\"bellows-menu-item bellows-menu-item-type-post_type bellows-menu-item-object-page bellows-menu-item-630 bellows-item-level-1\"><a  href=\"https:\/\/www.univ-usto.dz\/faculte\/fac-physique\/circulaires\/\" class=\"bellows-target\"><span class=\"bellows-target-title bellows-target-text\">Arr\u00eat\u00e9s<\/span><\/a><\/li>\n<\/ul>\n<\/li>\n<\/ul><\/nav>\t\t\t\t<\/div>\n\t\t\t\t<\/div>\n\t\t\t\t\t<\/div>\n\t\t<\/div>\n\t\t\t\t<div class=\"elementor-column elementor-col-66 elementor-top-column elementor-element elementor-element-eff045f\" data-id=\"eff045f\" data-element_type=\"column\">\n\t\t\t<div class=\"elementor-widget-wrap elementor-element-populated\">\n\t\t\t\t\t\t<div class=\"elementor-element elementor-element-2b8fc54 elementor-widget elementor-widget-text-editor\" data-id=\"2b8fc54\" data-element_type=\"widget\" data-widget_type=\"text-editor.default\">\n\t\t\t\t<div class=\"elementor-widget-container\">\n\t\t\t\t\t\t\t\t\t<h2><strong>Inscription \u00e0 un Second Dipl\u00f4me<\/strong><\/h2><p><strong>Public concern\u00e9\u00a0<\/strong><\/p><p>Dipl\u00f4m\u00e9s d\u00e9sireux s\u2019inscrire \u00e0 une autre formation universitaire.<\/p><p><strong>Crit\u00e8res d&rsquo;acc\u00e8s\u00a0<\/strong><\/p><p>Pour une inscription avec le m\u00eame baccalaur\u00e9at, ne sont concern\u00e9s que les dipl\u00f4m\u00e9s d\u2019une universit\u00e9 alg\u00e9rienne ayant obtenu leurs dipl\u00f4mes depuis plus de 5 ann\u00e9es.<\/p><p>Conformit\u00e9 \u00e0 la circulaire d\u2019inscription et\u00a0<strong>aux moyennes minimales d\u2019acc\u00e8s lors<\/strong>\u00a0<strong>de l\u2019ann\u00e9e d\u2019obtention du baccalaur\u00e9at<\/strong>. Si la fili\u00e8re n\u2019existait pas lors de l\u2019ann\u00e9e d\u2019obtention du baccalaur\u00e9at, se conformer \u00e0 la circulaire d\u2019inscription et aux moyennes minimales d\u2019acc\u00e8s de l\u2019ann\u00e9e en cours.<\/p><p>L\u2019inscription cumul\u00e9e \u00e0 plusieurs formations universitaires est interdite.<\/p>\t\t\t\t\t\t\t\t<\/div>\n\t\t\t\t<\/div>\n\t\t\t\t\t<\/div>\n\t\t<\/div>\n\t\t\t\t\t<\/div>\n\t\t<\/section>\n\t\t\t\t<\/div>\n\t\t","protected":false},"excerpt":{"rendered":"<p>Inscription \u00e0 un Second Dipl\u00f4me Public concern\u00e9\u00a0 Dipl\u00f4m\u00e9s d\u00e9sireux s\u2019inscrire \u00e0 une autre formation universitaire. Crit\u00e8res d&rsquo;acc\u00e8s\u00a0 Pour une inscription avec le m\u00eame baccalaur\u00e9at, ne sont concern\u00e9s que les dipl\u00f4m\u00e9s <a href=\"https:\/\/www.univ-usto.dz\/faculte\/fac-physique\/nouveaux-bacheliers\/\" class=\"read-more\">Lire la suite &#8230;<\/a><\/p>\n","protected":false},"author":1,"featured_media":0,"parent":0,"menu_order":0,"comment_status":"closed","ping_status":"closed","template":"","meta":{"footnotes":""},"class_list":["post-453","page","type-page","status-publish","hentry"],"_links":{"self":[{"href":"https:\/\/www.univ-usto.dz\/faculte\/fac-physique\/wp-json\/wp\/v2\/pages\/453","targetHints":{"allow":["GET"]}}],"collection":[{"href":"https:\/\/www.univ-usto.dz\/faculte\/fac-physique\/wp-json\/wp\/v2\/pages"}],"about":[{"href":"https:\/\/www.univ-usto.dz\/faculte\/fac-physique\/wp-json\/wp\/v2\/types\/page"}],"author":[{"embeddable":true,"href":"https:\/\/www.univ-usto.dz\/faculte\/fac-physique\/wp-json\/wp\/v2\/users\/1"}],"replies":[{"embeddable":true,"href":"https:\/\/www.univ-usto.dz\/faculte\/fac-physique\/wp-json\/wp\/v2\/comments?post=453"}],"version-history":[{"count":26,"href":"https:\/\/www.univ-usto.dz\/faculte\/fac-physique\/wp-json\/wp\/v2\/pages\/453\/revisions"}],"predecessor-version":[{"id":6245,"href":"https:\/\/www.univ-usto.dz\/faculte\/fac-physique\/wp-json\/wp\/v2\/pages\/453\/revisions\/6245"}],"wp:attachment":[{"href":"https:\/\/www.univ-usto.dz\/faculte\/fac-physique\/wp-json\/wp\/v2\/media?parent=453"}],"curies":[{"name":"wp","href":"https:\/\/api.w.org\/{rel}","templated":true}]}}