{"id":5786,"date":"2020-09-22T20:31:52","date_gmt":"2020-09-22T20:31:52","guid":{"rendered":"http:\/\/www.univ-usto.dz\/faculte\/fac-physique\/?page_id=5786"},"modified":"2020-09-29T19:41:09","modified_gmt":"2020-09-29T19:41:09","slug":"inscription-en-master-2","status":"publish","type":"page","link":"https:\/\/www.univ-usto.dz\/faculte\/fac-physique\/inscription-en-master-2\/","title":{"rendered":"Inscription en Master"},"content":{"rendered":"\t\t<div data-elementor-type=\"wp-page\" data-elementor-id=\"5786\" class=\"elementor elementor-5786\">\n\t\t\t\t\t\t<section class=\"elementor-section elementor-top-section elementor-element elementor-element-703bbe4 elementor-section-boxed elementor-section-height-default elementor-section-height-default\" data-id=\"703bbe4\" data-element_type=\"section\">\n\t\t\t\t\t\t<div class=\"elementor-container elementor-column-gap-default\">\n\t\t\t\t\t<div class=\"elementor-column elementor-col-33 elementor-top-column elementor-element elementor-element-62c2c43\" data-id=\"62c2c43\" data-element_type=\"column\">\n\t\t\t<div class=\"elementor-widget-wrap elementor-element-populated\">\n\t\t\t\t\t\t<div class=\"elementor-element elementor-element-2abfd4d elementor-widget elementor-widget-wp-widget-bellows_navigation_widget\" data-id=\"2abfd4d\" data-element_type=\"widget\" data-widget_type=\"wp-widget-bellows_navigation_widget.default\">\n\t\t\t\t<div class=\"elementor-widget-container\">\n\t\t\t\t\t<nav id=\"bellows-main-11\" class=\"bellows bellows-nojs bellows-main bellows-source-menu bellows-align-full bellows-skin-vanilla bellows-type-\"><ul id=\"menu-menugraduation\" class=\"bellows-nav\" data-bellows-config=\"main\"><li id=\"menu-item-146\" class=\"bellows-menu-item bellows-menu-item-type-custom bellows-menu-item-object-custom bellows-menu-item-has-children bellows-menu-item-146 bellows-item-level-0\"><a  href=\"#\" class=\"bellows-target\"><span class=\"bellows-target-title bellows-target-text\">Formation<\/span><button class=\"bellows-subtoggle\" aria-label=\"Toggle Submenu\"><i class=\"bellows-subtoggle-icon-expand fa fa-chevron-down\"><\/i><i class=\"bellows-subtoggle-icon-collapse fa fa-chevron-up\"><\/i><\/button><\/a>\n<ul class=\"bellows-submenu\">\n\t<li id=\"menu-item-5774\" class=\"bellows-menu-item bellows-menu-item-type-post_type bellows-menu-item-object-page bellows-menu-item-5774 bellows-item-level-1\"><a  href=\"https:\/\/www.univ-usto.dz\/faculte\/fac-physique\/offre-de-formation-licence\/\" class=\"bellows-target\"><span class=\"bellows-target-title bellows-target-text\">Licence<\/span><\/a><\/li>\n\t<li id=\"menu-item-5780\" class=\"bellows-menu-item bellows-menu-item-type-post_type bellows-menu-item-object-page bellows-menu-item-5780 bellows-item-level-1\"><a  href=\"https:\/\/www.univ-usto.dz\/faculte\/fac-physique\/master\/\" class=\"bellows-target\"><span class=\"bellows-target-title bellows-target-text\">Master<\/span><\/a><\/li>\n<\/ul>\n<\/li>\n<li id=\"menu-item-149\" class=\"bellows-menu-item bellows-menu-item-type-custom bellows-menu-item-object-custom bellows-menu-item-has-children bellows-menu-item-149 bellows-item-level-0\"><a  href=\"#\" class=\"bellows-target\"><span class=\"bellows-target-title bellows-target-text\">Inscriptions<\/span><button class=\"bellows-subtoggle\" aria-label=\"Toggle Submenu\"><i class=\"bellows-subtoggle-icon-expand fa fa-chevron-down\"><\/i><i class=\"bellows-subtoggle-icon-collapse fa fa-chevron-up\"><\/i><\/button><\/a>\n<ul class=\"bellows-submenu\">\n\t<li id=\"menu-item-5789\" class=\"bellows-menu-item bellows-menu-item-type-post_type bellows-menu-item-object-page bellows-menu-item-5789 bellows-item-level-1\"><a  href=\"https:\/\/www.univ-usto.dz\/faculte\/fac-physique\/inscription-en-master-2\/\" class=\"bellows-target\"><span class=\"bellows-target-title bellows-target-text\">Inscription en Master<\/span><\/a><\/li>\n\t<li id=\"menu-item-502\" class=\"bellows-menu-item bellows-menu-item-type-post_type bellows-menu-item-object-page bellows-menu-item-502 bellows-item-level-1\"><a  href=\"https:\/\/www.univ-usto.dz\/faculte\/fac-physique\/nouveaux-bacheliers\/\" class=\"bellows-target\"><span class=\"bellows-target-title bellows-target-text\">Autres inscriptions<\/span><\/a><\/li>\n\t<li id=\"menu-item-5799\" class=\"bellows-menu-item bellows-menu-item-type-post_type bellows-menu-item-object-page bellows-menu-item-5799 bellows-item-level-1\"><a  href=\"https:\/\/www.univ-usto.dz\/faculte\/fac-physique\/bac-anterieur\/\" class=\"bellows-target\"><span class=\"bellows-target-title bellows-target-text\">BAC anterieur<\/span><\/a><\/li>\n\t<li id=\"menu-item-5798\" class=\"bellows-menu-item bellows-menu-item-type-post_type bellows-menu-item-object-page bellows-menu-item-5798 bellows-item-level-1\"><a  href=\"https:\/\/www.univ-usto.dz\/faculte\/fac-physique\/passerelle-classique-lmd\/\" class=\"bellows-target\"><span class=\"bellows-target-title bellows-target-text\">Passerelle (Classique -> LMD)<\/span><\/a><\/li>\n<\/ul>\n<\/li>\n<li id=\"menu-item-535\" class=\"bellows-menu-item bellows-menu-item-type-post_type bellows-menu-item-object-page bellows-menu-item-535 bellows-item-level-0\"><a  href=\"https:\/\/www.univ-usto.dz\/faculte\/fac-physique\/transfert\/\" class=\"bellows-target\"><span class=\"bellows-target-title bellows-target-text\">Transfert<\/span><\/a><\/li>\n<li id=\"menu-item-542\" class=\"bellows-menu-item bellows-menu-item-type-post_type bellows-menu-item-object-page bellows-menu-item-542 bellows-item-level-0\"><a  href=\"https:\/\/www.univ-usto.dz\/faculte\/fac-physique\/transfert2020\/\" class=\"bellows-target\"><span class=\"bellows-target-title bellows-target-text\">Transfert 2020<\/span><\/a><\/li>\n<li id=\"menu-item-608\" class=\"bellows-menu-item bellows-menu-item-type-post_type bellows-menu-item-object-page bellows-menu-item-608 bellows-item-level-0\"><a  href=\"https:\/\/www.univ-usto.dz\/faculte\/fac-physique\/inscription-en-master\/\" class=\"bellows-target\"><span class=\"bellows-target-title bellows-target-text\">Cong\u00e9 Acad\u00e9mique<\/span><\/a><\/li>\n<li id=\"menu-item-155\" class=\"bellows-menu-item bellows-menu-item-type-custom bellows-menu-item-object-custom bellows-menu-item-has-children bellows-menu-item-155 bellows-item-level-0\"><a  href=\"#\" class=\"bellows-target\"><span class=\"bellows-target-title bellows-target-text\">Textes R\u00e9glementaires<\/span><button class=\"bellows-subtoggle\" aria-label=\"Toggle Submenu\"><i class=\"bellows-subtoggle-icon-expand fa fa-chevron-down\"><\/i><i class=\"bellows-subtoggle-icon-collapse fa fa-chevron-up\"><\/i><\/button><\/a>\n<ul class=\"bellows-submenu\">\n\t<li id=\"menu-item-630\" class=\"bellows-menu-item bellows-menu-item-type-post_type bellows-menu-item-object-page bellows-menu-item-630 bellows-item-level-1\"><a  href=\"https:\/\/www.univ-usto.dz\/faculte\/fac-physique\/circulaires\/\" class=\"bellows-target\"><span class=\"bellows-target-title bellows-target-text\">Arr\u00eat\u00e9s<\/span><\/a><\/li>\n<\/ul>\n<\/li>\n<\/ul><\/nav>\t\t\t\t<\/div>\n\t\t\t\t<\/div>\n\t\t\t\t\t<\/div>\n\t\t<\/div>\n\t\t\t\t<div class=\"elementor-column elementor-col-66 elementor-top-column elementor-element elementor-element-eff045f\" data-id=\"eff045f\" data-element_type=\"column\">\n\t\t\t<div class=\"elementor-widget-wrap elementor-element-populated\">\n\t\t\t\t\t\t<div class=\"elementor-element elementor-element-ff72414 elementor-widget elementor-widget-elementskit-heading\" data-id=\"ff72414\" data-element_type=\"widget\" data-widget_type=\"elementskit-heading.default\">\n\t\t\t\t<div class=\"elementor-widget-container\">\n\t\t\t\t\t<div class=\"ekit-wid-con\" ><div class=\"ekit-heading elementskit-section-title-wraper text_left   ekit_heading_tablet-   ekit_heading_mobile-\"><h3 class=\"ekit-heading--title elementskit-section-title \">Inscriptions en Master<\/h3><div class=\"ekit_heading_separetor_wraper ekit_heading_elementskit-border-divider\"><div class=\"elementskit-border-divider\"><\/div><\/div><\/div><\/div>\t\t\t\t<\/div>\n\t\t\t\t<\/div>\n\t\t\t\t<div class=\"elementor-element elementor-element-ad813a1 elementor-widget elementor-widget-accordion\" data-id=\"ad813a1\" data-element_type=\"widget\" data-widget_type=\"accordion.default\">\n\t\t\t\t<div class=\"elementor-widget-container\">\n\t\t\t\t\t\t\t<div class=\"elementor-accordion\">\n\t\t\t\t\t\t\t<div class=\"elementor-accordion-item\">\n\t\t\t\t\t<div id=\"elementor-tab-title-1811\" class=\"elementor-tab-title\" data-tab=\"1\" role=\"button\" aria-controls=\"elementor-tab-content-1811\" aria-expanded=\"false\">\n\t\t\t\t\t\t\t\t\t\t\t\t\t<span class=\"elementor-accordion-icon elementor-accordion-icon-left\" aria-hidden=\"true\">\n\t\t\t\t\t\t\t\t\t\t\t\t\t\t\t<span class=\"elementor-accordion-icon-closed\"><i class=\"fas fa-plus\"><\/i><\/span>\n\t\t\t\t\t\t\t\t<span class=\"elementor-accordion-icon-opened\"><i class=\"fas fa-minus\"><\/i><\/span>\n\t\t\t\t\t\t\t\t\t\t\t\t\t\t<\/span>\n\t\t\t\t\t\t\t\t\t\t\t\t<a class=\"elementor-accordion-title\" tabindex=\"0\">Les \u00e9tudiants Nationaux Titulaire une licence de L\u2019USTO-MB<\/a>\n\t\t\t\t\t<\/div>\n\t\t\t\t\t<div id=\"elementor-tab-content-1811\" class=\"elementor-tab-content elementor-clearfix\" data-tab=\"1\" role=\"region\" aria-labelledby=\"elementor-tab-title-1811\"><p><strong><span dir=\"LTR\">Les Documents cit\u00e9s ci apr\u00e8s seront d\u00e9pos\u00e9 au niveau du chef de d\u00e9partement<\/span><\/strong><\/p><ol><li><span dir=\"LTR\">Imprime vise par le responsable du\u00a0parcours,\u00a0chef de d\u00e9partement et du Doyen ou vice doyen charge de la Graduation.\u00a0<\/span><a href=\"https:\/\/http:\/\/www.univ-usto.dz\/faculte\/fac-physique\/images\/formulaires_vrg\/Preinscription%20en%20M1.pdf\" target=\"_blank\" rel=\"noopener\"><strong>A t\u00e9l\u00e9charger<\/strong><\/a><\/li><li><span dir=\"LTR\">Original de l\u2019attestation de la licence.<\/span><\/li><li><span dir=\"LTR\">Copie du Relev\u00e9 de BAC<\/span><\/li><li><span dir=\"LTR\">Originaux des Trois (03) rel\u00e8ves de notes (Conform\u00e9ment a l\u2019arr\u00eate du MESRS)\u00a0\u00a0<\/span>L1= 60 cr\u00e9dits, L2= 120cr\u00e9dits L3=\u00a0180 Cr\u00e9dits.<\/li><\/ol><p>\u00a0<span dir=\"LTR\">Le compl\u00e9ment du dossier sera d\u00e9pos\u00e9 au niveau du 3\u00e8me \u00e9tage de la tour administrative (lors de l\u2019inscription d\u00e9finitive)<\/span><\/p><ol><li><span dir=\"LTR\">Photocopie de la carte Nationale .d\u2019identit\u00e9<\/span><\/li><li><span dir=\"LTR\">Deux (02) Photos d\u2019identit\u00e9s.<\/span><\/li><li><span dir=\"LTR\">Deux Enveloppes timbres.<\/span><\/li><li><span dir=\"LTR\">Les Droit d\u2019inscription (Mandat carte de 200DA).<\/span><\/li><\/ol><\/div>\n\t\t\t\t<\/div>\n\t\t\t\t\t\t\t<div class=\"elementor-accordion-item\">\n\t\t\t\t\t<div id=\"elementor-tab-title-1812\" class=\"elementor-tab-title\" data-tab=\"2\" role=\"button\" aria-controls=\"elementor-tab-content-1812\" aria-expanded=\"false\">\n\t\t\t\t\t\t\t\t\t\t\t\t\t<span class=\"elementor-accordion-icon elementor-accordion-icon-left\" aria-hidden=\"true\">\n\t\t\t\t\t\t\t\t\t\t\t\t\t\t\t<span class=\"elementor-accordion-icon-closed\"><i class=\"fas fa-plus\"><\/i><\/span>\n\t\t\t\t\t\t\t\t<span class=\"elementor-accordion-icon-opened\"><i class=\"fas fa-minus\"><\/i><\/span>\n\t\t\t\t\t\t\t\t\t\t\t\t\t\t<\/span>\n\t\t\t\t\t\t\t\t\t\t\t\t<a class=\"elementor-accordion-title\" tabindex=\"0\">Les \u00e9tudiants Nationaux Titulaire une licence d\u2019une autre universit\u00e9<\/a>\n\t\t\t\t\t<\/div>\n\t\t\t\t\t<div id=\"elementor-tab-content-1812\" class=\"elementor-tab-content elementor-clearfix\" data-tab=\"2\" role=\"region\" aria-labelledby=\"elementor-tab-title-1812\"><p><strong><span dir=\"LTR\">Les Documents cit\u00e9s ci apr\u00e8s seront d\u00e9pos\u00e9 au niveau du chef de d\u00e9partement<\/span><\/strong><\/p><ol start=\"1\"><li>Trois formulaires de transfert (avis favorable du chef de d\u00e9partement et du doyen).\u00a0 \u00a0 \u00a0 \u00a0 \u00a0 \u00a0 \u00a0 \u00a0 \u00a0 \u00a0 \u00a0 \u00a0 \u00a0 \u00a0<strong><a href=\"https:\/\/http:\/\/www.univ-usto.dz\/faculte\/fac-physique\/images\/formulaires_vrg\/Preinscription%20en%20M1.pdf\" target=\"_blank\" rel=\"noopener\">A t\u00e9l\u00e9charger<\/a><\/strong><\/li><li>Imprime vis\u00e9 par\u00a0le responsable du parcours, chef de d\u00e9partement et du Doyen ou vice doyen charge de la Graduation.\u00a0 \u00a0\u00a0\u00a0<a href=\"https:\/\/http:\/\/www.univ-usto.dz\/faculte\/fac-physique\/images\/formulaires_vrg\/Preinscription%20en%20M1.pdf\" target=\"_blank\" rel=\"noopener\">A t\u00e9l\u00e9charger<\/a><\/li><li>Original de l\u2019attestation de la licence.<\/li><li>Copie du Relev\u00e9 de BAC<\/li><li>Originaux des Trois (03) rel\u00e8ves de notes (Conform\u00e9ment a l\u2019arr\u00eate du MESRS)\u00a0 L1= 60 cr\u00e9dits,\u00a0 L2= 120cr\u00e9dits\u00a0 \u00a0L3=\u00a0180 Cr\u00e9dits.<\/li><\/ol><p>\u00a0<span dir=\"LTR\">Le compl\u00e9ment du dossier sera d\u00e9pos\u00e9 au niveau du 3\u00e8me \u00e9tage de la tour administrative (lors de l\u2019inscription d\u00e9finitive)<\/span><\/p><ol start=\"6\"><li>Extrait d\u2019Acte de naissance.<\/li><li>Photocopie de la carte d\u2019identit\u00e9 Nationale.<\/li><li>Deux (02) Photos d\u2019identit\u00e9s.<\/li><li>Deux Enveloppes timbres.<\/li><li>Les Droit d\u2019inscription (Mandat carte de 200DA).<\/li><\/ol><\/div>\n\t\t\t\t<\/div>\n\t\t\t\t\t\t\t<div class=\"elementor-accordion-item\">\n\t\t\t\t\t<div id=\"elementor-tab-title-1813\" class=\"elementor-tab-title\" data-tab=\"3\" role=\"button\" aria-controls=\"elementor-tab-content-1813\" aria-expanded=\"false\">\n\t\t\t\t\t\t\t\t\t\t\t\t\t<span class=\"elementor-accordion-icon elementor-accordion-icon-left\" aria-hidden=\"true\">\n\t\t\t\t\t\t\t\t\t\t\t\t\t\t\t<span class=\"elementor-accordion-icon-closed\"><i class=\"fas fa-plus\"><\/i><\/span>\n\t\t\t\t\t\t\t\t<span class=\"elementor-accordion-icon-opened\"><i class=\"fas fa-minus\"><\/i><\/span>\n\t\t\t\t\t\t\t\t\t\t\t\t\t\t<\/span>\n\t\t\t\t\t\t\t\t\t\t\t\t<a class=\"elementor-accordion-title\" tabindex=\"0\">Les \u00e9tudiants Etrangers Titulaire d\u2019une licence de L\u2019USTO-MB<\/a>\n\t\t\t\t\t<\/div>\n\t\t\t\t\t<div id=\"elementor-tab-content-1813\" class=\"elementor-tab-content elementor-clearfix\" data-tab=\"3\" role=\"region\" aria-labelledby=\"elementor-tab-title-1813\"><p><strong><span dir=\"LTR\">Les Documents cit\u00e9s ci apr\u00e8s seront d\u00e9pos\u00e9 au niveau du chef de d\u00e9partement<\/span><\/strong><\/p><ol start=\"1\"><li>Imprime vis\u00e9 par le responsable du parcours, chef de d\u00e9partement et du Doyen ou vice doyen charge de la Graduation\u00a0 \u00a0\u00a0<strong>\u00a0<a href=\"https:\/\/http:\/\/www.univ-usto.dz\/faculte\/fac-physique\/images\/formulaires_vrg\/Preinscription%20en%20M1.pdf\" target=\"_blank\" rel=\"noopener\">A t\u00e9l\u00e9charger<\/a><\/strong><\/li><li>Original de l\u2019attestation de la licence.<\/li><li>Copie du Relev\u00e9 de BAC<\/li><li>copie d\u2019autorisation d\u2019inscription du MESRS<\/li><li>Copie d\u2019\u00e9quivalence du BAC<\/li><li>Originaux des Trois (03) rel\u00e8ves de notes (Conform\u00e9ment a l\u2019arr\u00eate du MESRS) L1= 60 cr\u00e9dits, L2= 120cr\u00e9dits L3= 180 Cr\u00e9dits.<\/li><\/ol><p><span dir=\"LTR\">Le compl\u00e9ment du dossier sera d\u00e9pos\u00e9 au niveau du 3\u00e8me \u00e9tage de la tour administrative (lors de l\u2019inscription d\u00e9finitive)<\/span><\/p><ol start=\"7\"><li>Extrait d\u2019Acte de naissance.<\/li><li>Photocopie de la carte de s\u00e9jour<\/li><li>Deux (02) Photos d\u2019identit\u00e9s.<\/li><li>Deux Enveloppes timbres.<\/li><li>Les Droit d\u2019inscription (Mandat carte de 200DA).<\/li><\/ol><\/div>\n\t\t\t\t<\/div>\n\t\t\t\t\t\t\t<div class=\"elementor-accordion-item\">\n\t\t\t\t\t<div id=\"elementor-tab-title-1814\" class=\"elementor-tab-title\" data-tab=\"4\" role=\"button\" aria-controls=\"elementor-tab-content-1814\" aria-expanded=\"false\">\n\t\t\t\t\t\t\t\t\t\t\t\t\t<span class=\"elementor-accordion-icon elementor-accordion-icon-left\" aria-hidden=\"true\">\n\t\t\t\t\t\t\t\t\t\t\t\t\t\t\t<span class=\"elementor-accordion-icon-closed\"><i class=\"fas fa-plus\"><\/i><\/span>\n\t\t\t\t\t\t\t\t<span class=\"elementor-accordion-icon-opened\"><i class=\"fas fa-minus\"><\/i><\/span>\n\t\t\t\t\t\t\t\t\t\t\t\t\t\t<\/span>\n\t\t\t\t\t\t\t\t\t\t\t\t<a class=\"elementor-accordion-title\" tabindex=\"0\">Les \u00e9tudiants \u00c9trangers Titulaire d\u2019une licence d\u2019une autre universit\u00e9<\/a>\n\t\t\t\t\t<\/div>\n\t\t\t\t\t<div id=\"elementor-tab-content-1814\" class=\"elementor-tab-content elementor-clearfix\" data-tab=\"4\" role=\"region\" aria-labelledby=\"elementor-tab-title-1814\"><p><strong><span dir=\"LTR\">Les Documents cit\u00e9s ci apr\u00e8s seront d\u00e9pos\u00e9 au niveau du chef de d\u00e9partement<\/span><\/strong><\/p><ol start=\"1\"><li>Quatre\u00a0 (04) formulaires de transfert (avis favorable du chef de d\u00e9partement et du doyen)<strong>\u00a0 \u00a0<a href=\"https:\/\/http:\/\/www.univ-usto.dz\/faculte\/fac-physique\/images\/formulaires_vrg\/formulaire%20de%20transfert.pdf\">\u00a0\u00a0<\/a><a href=\"https:\/\/http:\/\/www.univ-usto.dz\/faculte\/fac-physique\/images\/formulaires_vrg\/formulaire%20de%20transfert.pdf\" target=\"_blank\" rel=\"noopener\">A t\u00e9l\u00e9charger<\/a><\/strong><\/li><li>Imprime vis\u00e9 par le responsable du parcours, chef de d\u00e9partement et du Doyen ou vice doyen charge de la Graduation.<strong>\u00a0 \u00a0<a href=\"https:\/\/http:\/\/www.univ-usto.dz\/faculte\/fac-physique\/images\/formulaires_vrg\/Preinscription%20en%20M1.pdf\" target=\"_blank\" rel=\"noopener\">A t\u00e9l\u00e9charger<\/a><\/strong><\/li><li>Original de l\u2019attestation de la licence.<\/li><li>Copie du Relev\u00e9 de BAC.<\/li><li>copie d\u2019autorisation d\u2019inscription du MESRS<\/li><li>Copie d\u2019\u00e9quivalence du BAC<\/li><li>Originaux des Trois (03) rel\u00e8ves de notes (Conform\u00e9ment a l\u2019arr\u00eate du MESRS) L1= 60 cr\u00e9dits, L2= 120cr\u00e9dits ,L3= 180 Cr\u00e9dits.<\/li><\/ol><p><span dir=\"LTR\">Le compl\u00e9ment du dossier sera d\u00e9pos\u00e9 au niveau du 3\u00e8me \u00e9tage de la tour administrative (lors de l\u2019inscription d\u00e9finitive)<\/span><\/p><ol start=\"8\"><li>Photocopie de la carte de s\u00e9jour.<\/li><li>Deux (02) Photos d\u2019identit\u00e9s.<\/li><li>Deux Enveloppes timbres.<\/li><li>Les Droit d\u2019inscription (Mandat carte de 200DA).<\/li><\/ol><\/div>\n\t\t\t\t<\/div>\n\t\t\t\t\t\t\t\t<\/div>\n\t\t\t\t\t\t<\/div>\n\t\t\t\t<\/div>\n\t\t\t\t\t<\/div>\n\t\t<\/div>\n\t\t\t\t\t<\/div>\n\t\t<\/section>\n\t\t\t\t<\/div>\n\t\t","protected":false},"excerpt":{"rendered":"<p>Inscriptions en Master Les \u00e9tudiants Nationaux Titulaire une licence de L\u2019USTO-MB Les Documents cit\u00e9s ci apr\u00e8s seront d\u00e9pos\u00e9 au niveau du chef de d\u00e9partement Imprime vise par le responsable du\u00a0parcours,\u00a0chef <a href=\"https:\/\/www.univ-usto.dz\/faculte\/fac-physique\/inscription-en-master-2\/\" class=\"read-more\">Lire la suite &#8230;<\/a><\/p>\n","protected":false},"author":1,"featured_media":0,"parent":0,"menu_order":0,"comment_status":"closed","ping_status":"closed","template":"","meta":{"footnotes":""},"class_list":["post-5786","page","type-page","status-publish","hentry"],"_links":{"self":[{"href":"https:\/\/www.univ-usto.dz\/faculte\/fac-physique\/wp-json\/wp\/v2\/pages\/5786","targetHints":{"allow":["GET"]}}],"collection":[{"href":"https:\/\/www.univ-usto.dz\/faculte\/fac-physique\/wp-json\/wp\/v2\/pages"}],"about":[{"href":"https:\/\/www.univ-usto.dz\/faculte\/fac-physique\/wp-json\/wp\/v2\/types\/page"}],"author":[{"embeddable":true,"href":"https:\/\/www.univ-usto.dz\/faculte\/fac-physique\/wp-json\/wp\/v2\/users\/1"}],"replies":[{"embeddable":true,"href":"https:\/\/www.univ-usto.dz\/faculte\/fac-physique\/wp-json\/wp\/v2\/comments?post=5786"}],"version-history":[{"count":2,"href":"https:\/\/www.univ-usto.dz\/faculte\/fac-physique\/wp-json\/wp\/v2\/pages\/5786\/revisions"}],"predecessor-version":[{"id":5788,"href":"https:\/\/www.univ-usto.dz\/faculte\/fac-physique\/wp-json\/wp\/v2\/pages\/5786\/revisions\/5788"}],"wp:attachment":[{"href":"https:\/\/www.univ-usto.dz\/faculte\/fac-physique\/wp-json\/wp\/v2\/media?parent=5786"}],"curies":[{"name":"wp","href":"https:\/\/api.w.org\/{rel}","templated":true}]}}