{"id":9116,"date":"2020-12-23T14:24:46","date_gmt":"2020-12-23T14:24:46","guid":{"rendered":"http:\/\/www.univ-usto.dz\/faculte\/fac-physique\/?page_id=9116"},"modified":"2020-12-23T14:29:35","modified_gmt":"2020-12-23T14:29:35","slug":"selection-prfu","status":"publish","type":"page","link":"https:\/\/www.univ-usto.dz\/faculte\/fac-physique\/selection-prfu\/","title":{"rendered":"La s\u00e9lection des projets de recherche PRFU"},"content":{"rendered":"\t\t<div data-elementor-type=\"wp-page\" data-elementor-id=\"9116\" class=\"elementor elementor-9116\">\n\t\t\t\t\t\t<section class=\"elementor-section elementor-top-section elementor-element elementor-element-95104b1 elementor-section-boxed elementor-section-height-default elementor-section-height-default\" data-id=\"95104b1\" data-element_type=\"section\">\n\t\t\t\t\t\t<div class=\"elementor-container elementor-column-gap-default\">\n\t\t\t\t\t<div class=\"elementor-column elementor-col-33 elementor-top-column elementor-element elementor-element-51497c6\" data-id=\"51497c6\" data-element_type=\"column\">\n\t\t\t<div class=\"elementor-widget-wrap elementor-element-populated\">\n\t\t\t\t\t\t<div class=\"elementor-element elementor-element-7b3f758 elementor-widget elementor-widget-wp-widget-bellows_navigation_widget\" data-id=\"7b3f758\" data-element_type=\"widget\" data-widget_type=\"wp-widget-bellows_navigation_widget.default\">\n\t\t\t\t<div class=\"elementor-widget-container\">\n\t\t\t\t\t<nav id=\"bellows-main-12\" class=\"bellows bellows-nojs bellows-main bellows-source-menu bellows-align-full bellows-skin-vanilla bellows-type-\"><ul id=\"menu-menupostgraduation\" class=\"bellows-nav\" data-bellows-config=\"main\"><li id=\"menu-item-6043\" class=\"bellows-menu-item bellows-menu-item-type-post_type bellows-menu-item-object-page bellows-menu-item-6043 bellows-item-level-0\"><a  href=\"https:\/\/www.univ-usto.dz\/faculte\/fac-physique\/formation-post-graduee\/\" class=\"bellows-target\"><span class=\"bellows-target-title bellows-target-text\">Formation doctorale<\/span><\/a><\/li>\n<li id=\"menu-item-8117\" class=\"bellows-menu-item bellows-menu-item-type-post_type bellows-menu-item-object-page bellows-menu-item-has-children bellows-menu-item-8117 bellows-item-level-0\"><a  href=\"https:\/\/www.univ-usto.dz\/faculte\/fac-physique\/habilitation-universitaire\/\" class=\"bellows-target\"><span class=\"bellows-target-title bellows-target-text\">Habilitation universitaire<\/span><button class=\"bellows-subtoggle\" aria-label=\"Toggle Submenu\"><i class=\"bellows-subtoggle-icon-expand fa fa-chevron-down\"><\/i><i class=\"bellows-subtoggle-icon-collapse fa fa-chevron-up\"><\/i><\/button><\/a>\n<ul class=\"bellows-submenu\">\n\t<li id=\"menu-item-8115\" class=\"bellows-menu-item bellows-menu-item-type-post_type bellows-menu-item-object-page bellows-menu-item-8115 bellows-item-level-1\"><a  href=\"https:\/\/www.univ-usto.dz\/faculte\/fac-physique\/condition-habilitation-universitaire\/\" class=\"bellows-target\"><span class=\"bellows-target-title bellows-target-text\">Condition habilitation universitaire<\/span><\/a><\/li>\n\t<li id=\"menu-item-8114\" class=\"bellows-menu-item bellows-menu-item-type-post_type bellows-menu-item-object-page bellows-menu-item-8114 bellows-item-level-1\"><a  href=\"https:\/\/www.univ-usto.dz\/faculte\/fac-physique\/procedure-habilitation-universitaire\/\" class=\"bellows-target\"><span class=\"bellows-target-title bellows-target-text\">Proc\u00e9dure habilitation universitaire<\/span><\/a><\/li>\n\t<li id=\"menu-item-8113\" class=\"bellows-menu-item bellows-menu-item-type-post_type bellows-menu-item-object-page bellows-menu-item-8113 bellows-item-level-1\"><a  href=\"https:\/\/www.univ-usto.dz\/faculte\/fac-physique\/dossier-inscription-habilitation-universitaire\/\" class=\"bellows-target\"><span class=\"bellows-target-title bellows-target-text\">Dossier inscription habilitation universitaire<\/span><\/a><\/li>\n\t<li id=\"menu-item-8116\" class=\"bellows-menu-item bellows-menu-item-type-post_type bellows-menu-item-object-page bellows-menu-item-8116 bellows-item-level-1\"><a  href=\"https:\/\/www.univ-usto.dz\/faculte\/fac-physique\/textes-reglementaires-habilitation\/\" class=\"bellows-target\"><span class=\"bellows-target-title bellows-target-text\">Textes r\u00e9glementaires<\/span><\/a><\/li>\n<\/ul>\n<\/li>\n<li id=\"menu-item-6048\" class=\"bellows-menu-item bellows-menu-item-type-post_type bellows-menu-item-object-page bellows-menu-item-6048 bellows-item-level-0\"><a  href=\"https:\/\/www.univ-usto.dz\/faculte\/fac-physique\/laboratoires-de-recherche\/\" class=\"bellows-target\"><span class=\"bellows-target-title bellows-target-text\">Laboratoires de recherche<\/span><\/a><\/li>\n<li id=\"menu-item-6057\" class=\"bellows-menu-item bellows-menu-item-type-post_type bellows-menu-item-object-page bellows-menu-item-has-children bellows-menu-item-6057 bellows-item-level-0\"><a  href=\"https:\/\/www.univ-usto.dz\/faculte\/fac-physique\/projets-de-recherche\/\" class=\"bellows-target\"><span class=\"bellows-target-title bellows-target-text\">Projets de recherche<\/span><button class=\"bellows-subtoggle\" aria-label=\"Toggle Submenu\"><i class=\"bellows-subtoggle-icon-expand fa fa-chevron-down\"><\/i><i class=\"bellows-subtoggle-icon-collapse fa fa-chevron-up\"><\/i><\/button><\/a>\n<ul class=\"bellows-submenu\">\n\t<li id=\"menu-item-9100\" class=\"bellows-menu-item bellows-menu-item-type-post_type bellows-menu-item-object-page bellows-menu-item-9100 bellows-item-level-1\"><a  href=\"https:\/\/www.univ-usto.dz\/faculte\/fac-physique\/guide-prfu-2\/\" class=\"bellows-target\"><span class=\"bellows-target-title bellows-target-text\">Guide PRFU<\/span><\/a><\/li>\n\t<li id=\"menu-item-9103\" class=\"bellows-menu-item bellows-menu-item-type-post_type bellows-menu-item-object-page bellows-menu-item-9103 bellows-item-level-1\"><a  href=\"https:\/\/www.univ-usto.dz\/faculte\/fac-physique\/criteres-projet-prfu\/\" class=\"bellows-target\"><span class=\"bellows-target-title bellows-target-text\">Crit\u00e8res du porteur du projet PRFU<\/span><\/a><\/li>\n\t<li id=\"menu-item-9102\" class=\"bellows-menu-item bellows-menu-item-type-post_type bellows-menu-item-object-page bellows-menu-item-9102 bellows-item-level-1\"><a  href=\"https:\/\/www.univ-usto.dz\/faculte\/fac-physique\/guide-prfu\/\" class=\"bellows-target\"><span class=\"bellows-target-title bellows-target-text\">Composante de l\u2019\u00e9quipe de recherche PRFU<\/span><\/a><\/li>\n\t<li id=\"menu-item-9122\" class=\"bellows-menu-item bellows-menu-item-type-post_type bellows-menu-item-object-page bellows-menu-item-9122 bellows-item-level-1\"><a  href=\"https:\/\/www.univ-usto.dz\/faculte\/fac-physique\/selection-prfu\/\" class=\"bellows-target\"><span class=\"bellows-target-title bellows-target-text\">S\u00e9lection des projets PRFU<\/span><\/a><\/li>\n\t<li id=\"menu-item-9101\" class=\"bellows-menu-item bellows-menu-item-type-post_type bellows-menu-item-object-page bellows-menu-item-9101 bellows-item-level-1\"><a  href=\"https:\/\/www.univ-usto.dz\/faculte\/fac-physique\/levaluation-des-projets\/\" class=\"bellows-target\"><span class=\"bellows-target-title bellows-target-text\">Evaluation des projets<\/span><\/a><\/li>\n<\/ul>\n<\/li>\n<li id=\"menu-item-10107\" class=\"bellows-menu-item bellows-menu-item-type-post_type bellows-menu-item-object-page bellows-menu-item-10107 bellows-item-level-0\"><a  href=\"https:\/\/www.univ-usto.dz\/faculte\/fac-physique\/conseil-scientifique\/\" class=\"bellows-target\"><span class=\"bellows-target-title bellows-target-text\">Conseil scientifique<\/span><\/a><\/li>\n<li id=\"menu-item-6072\" class=\"bellows-menu-item bellows-menu-item-type-post_type bellows-menu-item-object-page bellows-menu-item-6072 bellows-item-level-0\"><a  href=\"https:\/\/www.univ-usto.dz\/faculte\/fac-physique\/production-scientifique\/\" class=\"bellows-target\"><span class=\"bellows-target-title bellows-target-text\">Production scientifique<\/span><\/a><\/li>\n<li id=\"menu-item-6071\" class=\"bellows-menu-item bellows-menu-item-type-post_type bellows-menu-item-object-page bellows-menu-item-6071 bellows-item-level-0\"><a  href=\"https:\/\/www.univ-usto.dz\/faculte\/fac-physique\/categorisation\/\" class=\"bellows-target\"><span class=\"bellows-target-title bellows-target-text\">Cat\u00e9gorisation des Revues Scientifiques<\/span><\/a><\/li>\n<li id=\"menu-item-6070\" class=\"bellows-menu-item bellows-menu-item-type-post_type bellows-menu-item-object-page bellows-menu-item-6070 bellows-item-level-0\"><a  href=\"https:\/\/www.univ-usto.dz\/faculte\/fac-physique\/liens-utiles\/\" class=\"bellows-target\"><span class=\"bellows-target-title bellows-target-text\">Liens utiles<\/span><\/a><\/li>\n<\/ul><\/nav>\t\t\t\t<\/div>\n\t\t\t\t<\/div>\n\t\t\t\t\t<\/div>\n\t\t<\/div>\n\t\t\t\t<div class=\"elementor-column elementor-col-66 elementor-top-column elementor-element elementor-element-2ff33bd\" data-id=\"2ff33bd\" data-element_type=\"column\">\n\t\t\t<div class=\"elementor-widget-wrap elementor-element-populated\">\n\t\t\t\t\t\t<div class=\"elementor-element elementor-element-483532b elementor-widget elementor-widget-text-editor\" data-id=\"483532b\" data-element_type=\"widget\" data-widget_type=\"text-editor.default\">\n\t\t\t\t<div class=\"elementor-widget-container\">\n\t\t\t\t\t\t\t\t\t<h3 class=\"LC20lb DKV0Md\"><strong>La s\u00e9lection des projets de recherche PRFU<\/strong><\/h3><ul><li>Les projets de recherche formation universitaire (PRFU) doivent \u00eatre soumis au conseil de laboratoire Les projets non domicili\u00e9s dans un laboratoire doivent \u00eatre examin\u00e9s par le conseil scientifique de la facult\u00e9 ou par le comit\u00e9 Scientifique du d\u00e9partement.<\/li><li>La direction g\u00e9n\u00e9rale des enseignements et de la formation sup\u00e9rieurs arr\u00eate le calendrier de soumission des nouveaux projets, bilans mi-parcours et finaux conjointement avec les trois conf\u00e9rences r\u00e9gionales des universit\u00e9s.<\/li><li>L\u2019appel \u00e0 soumission s\u2019effectue dans le cadre de la session annuelle, il concerne\u00a0:<\/li><\/ul><p><strong>Les propositions de nouveaux projets<\/strong><\/p><p><strong>Les bilans \u00e0 mi-parcours et les bilans finaux<\/strong><\/p><ul><li>Une plateforme web de gestion des projets de recherche est \u00a0disponible pour l\u2019inscription des nouveaux projets et la pr\u00e9sentation des bilans. (www.prfu-mesrs.dz)<\/li><li>Les conf\u00e9rences r\u00e9gionales des universit\u00e9s proposent les enseignants chercheurs ayant le grade de professeur pour leurs d\u00e9signations en qualit\u00e9 de conseillers scientifiques.<\/li><li>Les conf\u00e9rences r\u00e9gionales des universit\u00e9s effectuent le traitement de la conformit\u00e9 des projets soumis selon les conditions requises.<\/li><li>Les conf\u00e9rences r\u00e9gionales des universit\u00e9s affectent les nouveaux projets, bilans \u00e0 mi-parcours et bilans finaux soumis aux conseillers scientifiques.<\/li><li>Les conf\u00e9rences r\u00e9gionales des universit\u00e9s valident les r\u00e9sultats de l\u2019expertise et soumettent les \u00e9tats d\u2019agr\u00e9ment \u00e0 la direction g\u00e9n\u00e9rale des enseignants et de la formation sup\u00e9rieurs pour signature.<\/li><\/ul>\t\t\t\t\t\t\t\t<\/div>\n\t\t\t\t<\/div>\n\t\t\t\t\t<\/div>\n\t\t<\/div>\n\t\t\t\t\t<\/div>\n\t\t<\/section>\n\t\t\t\t<\/div>\n\t\t","protected":false},"excerpt":{"rendered":"<p>La s\u00e9lection des projets de recherche PRFU Les projets de recherche formation universitaire (PRFU) doivent \u00eatre soumis au conseil de laboratoire Les projets non domicili\u00e9s dans un laboratoire doivent \u00eatre <a href=\"https:\/\/www.univ-usto.dz\/faculte\/fac-physique\/selection-prfu\/\" class=\"read-more\">Lire la suite &#8230;<\/a><\/p>\n","protected":false},"author":1,"featured_media":0,"parent":0,"menu_order":0,"comment_status":"closed","ping_status":"closed","template":"","meta":{"footnotes":""},"class_list":["post-9116","page","type-page","status-publish","hentry"],"_links":{"self":[{"href":"https:\/\/www.univ-usto.dz\/faculte\/fac-physique\/wp-json\/wp\/v2\/pages\/9116","targetHints":{"allow":["GET"]}}],"collection":[{"href":"https:\/\/www.univ-usto.dz\/faculte\/fac-physique\/wp-json\/wp\/v2\/pages"}],"about":[{"href":"https:\/\/www.univ-usto.dz\/faculte\/fac-physique\/wp-json\/wp\/v2\/types\/page"}],"author":[{"embeddable":true,"href":"https:\/\/www.univ-usto.dz\/faculte\/fac-physique\/wp-json\/wp\/v2\/users\/1"}],"replies":[{"embeddable":true,"href":"https:\/\/www.univ-usto.dz\/faculte\/fac-physique\/wp-json\/wp\/v2\/comments?post=9116"}],"version-history":[{"count":4,"href":"https:\/\/www.univ-usto.dz\/faculte\/fac-physique\/wp-json\/wp\/v2\/pages\/9116\/revisions"}],"predecessor-version":[{"id":9124,"href":"https:\/\/www.univ-usto.dz\/faculte\/fac-physique\/wp-json\/wp\/v2\/pages\/9116\/revisions\/9124"}],"wp:attachment":[{"href":"https:\/\/www.univ-usto.dz\/faculte\/fac-physique\/wp-json\/wp\/v2\/media?parent=9116"}],"curies":[{"name":"wp","href":"https:\/\/api.w.org\/{rel}","templated":true}]}}