{"id":10092,"date":"2021-01-11T08:38:25","date_gmt":"2021-01-11T08:38:25","guid":{"rendered":"http:\/\/www.univ-usto.dz\/faculte\/fac-snv\/?page_id=10092"},"modified":"2021-01-28T13:22:44","modified_gmt":"2021-01-28T13:22:44","slug":"conseil-scientifique","status":"publish","type":"page","link":"https:\/\/www.univ-usto.dz\/faculte\/fac-snv\/conseil-scientifique\/","title":{"rendered":"Conseil scientifique"},"content":{"rendered":"\t\t<div data-elementor-type=\"wp-page\" data-elementor-id=\"10092\" class=\"elementor elementor-10092\">\n\t\t\t\t\t\t<section class=\"elementor-section elementor-top-section elementor-element elementor-element-95104b1 elementor-section-boxed elementor-section-height-default elementor-section-height-default\" data-id=\"95104b1\" data-element_type=\"section\">\n\t\t\t\t\t\t<div class=\"elementor-container elementor-column-gap-default\">\n\t\t\t\t\t<div class=\"elementor-column elementor-col-33 elementor-top-column elementor-element elementor-element-51497c6\" data-id=\"51497c6\" data-element_type=\"column\">\n\t\t\t<div class=\"elementor-widget-wrap elementor-element-populated\">\n\t\t\t\t\t\t<div class=\"elementor-element elementor-element-f016c24 elementor-widget elementor-widget-wp-widget-bellows_navigation_widget\" data-id=\"f016c24\" data-element_type=\"widget\" data-widget_type=\"wp-widget-bellows_navigation_widget.default\">\n\t\t\t\t<div class=\"elementor-widget-container\">\n\t\t\t\t\t<nav id=\"bellows-main-12\" class=\"bellows bellows-nojs bellows-main bellows-source-menu bellows-align-right bellows-skin-vanilla bellows-type- bellows-expand-current\"><ul id=\"menu-menupostgraduation\" class=\"bellows-nav\" data-bellows-config=\"main\"><li id=\"menu-item-6043\" class=\"bellows-menu-item bellows-menu-item-type-post_type bellows-menu-item-object-page bellows-menu-item-6043 bellows-item-level-0\"><a  href=\"https:\/\/www.univ-usto.dz\/faculte\/fac-snv\/formation-post-graduee\/\" class=\"bellows-target\"><span class=\"bellows-target-title bellows-target-text\">Formation doctorale<\/span><\/a><\/li>\n<li id=\"menu-item-8117\" class=\"bellows-menu-item bellows-menu-item-type-post_type bellows-menu-item-object-page bellows-menu-item-has-children bellows-menu-item-8117 bellows-item-level-0\"><a  href=\"https:\/\/www.univ-usto.dz\/faculte\/fac-snv\/habilitation-universitaire\/\" class=\"bellows-target\"><span class=\"bellows-target-title bellows-target-text\">Habilitation universitaire<\/span><button class=\"bellows-subtoggle\" aria-label=\"Toggle Submenu\"><i class=\"bellows-subtoggle-icon-expand fa fa-chevron-down\"><\/i><i class=\"bellows-subtoggle-icon-collapse fa fa-chevron-up\"><\/i><\/button><\/a>\n<ul class=\"bellows-submenu\">\n\t<li id=\"menu-item-8115\" class=\"bellows-menu-item bellows-menu-item-type-post_type bellows-menu-item-object-page bellows-menu-item-8115 bellows-item-level-1\"><a  href=\"https:\/\/www.univ-usto.dz\/faculte\/fac-snv\/condition-habilitation-universitaire\/\" class=\"bellows-target\"><span class=\"bellows-target-title bellows-target-text\">Condition habilitation universitaire<\/span><\/a><\/li>\n\t<li id=\"menu-item-8114\" class=\"bellows-menu-item bellows-menu-item-type-post_type bellows-menu-item-object-page bellows-menu-item-8114 bellows-item-level-1\"><a  href=\"https:\/\/www.univ-usto.dz\/faculte\/fac-snv\/procedure-habilitation-universitaire\/\" class=\"bellows-target\"><span class=\"bellows-target-title bellows-target-text\">Proc\u00e9dure habilitation universitaire<\/span><\/a><\/li>\n\t<li id=\"menu-item-8113\" class=\"bellows-menu-item bellows-menu-item-type-post_type bellows-menu-item-object-page bellows-menu-item-8113 bellows-item-level-1\"><a  href=\"https:\/\/www.univ-usto.dz\/faculte\/fac-snv\/dossier-inscription-habilitation-universitaire\/\" class=\"bellows-target\"><span class=\"bellows-target-title bellows-target-text\">Dossier inscription habilitation universitaire<\/span><\/a><\/li>\n\t<li id=\"menu-item-8116\" class=\"bellows-menu-item bellows-menu-item-type-post_type bellows-menu-item-object-page bellows-menu-item-8116 bellows-item-level-1\"><a  href=\"https:\/\/www.univ-usto.dz\/faculte\/fac-snv\/textes-reglementaires-habilitation\/\" class=\"bellows-target\"><span class=\"bellows-target-title bellows-target-text\">Textes r\u00e9glementaires<\/span><\/a><\/li>\n<\/ul>\n<\/li>\n<li id=\"menu-item-6048\" class=\"bellows-menu-item bellows-menu-item-type-post_type bellows-menu-item-object-page bellows-menu-item-6048 bellows-item-level-0\"><a  href=\"https:\/\/www.univ-usto.dz\/faculte\/fac-snv\/laboratoires-de-recherche\/\" class=\"bellows-target\"><span class=\"bellows-target-title bellows-target-text\">Laboratoires de recherche<\/span><\/a><\/li>\n<li id=\"menu-item-6057\" class=\"bellows-menu-item bellows-menu-item-type-post_type bellows-menu-item-object-page bellows-menu-item-has-children bellows-menu-item-6057 bellows-item-level-0\"><a  href=\"https:\/\/www.univ-usto.dz\/faculte\/fac-snv\/projets-de-recherche\/\" class=\"bellows-target\"><span class=\"bellows-target-title bellows-target-text\">Projets de recherche<\/span><button class=\"bellows-subtoggle\" aria-label=\"Toggle Submenu\"><i class=\"bellows-subtoggle-icon-expand fa fa-chevron-down\"><\/i><i class=\"bellows-subtoggle-icon-collapse fa fa-chevron-up\"><\/i><\/button><\/a>\n<ul class=\"bellows-submenu\">\n\t<li id=\"menu-item-9100\" class=\"bellows-menu-item bellows-menu-item-type-post_type bellows-menu-item-object-page bellows-menu-item-9100 bellows-item-level-1\"><a  href=\"https:\/\/www.univ-usto.dz\/faculte\/fac-snv\/guide-prfu-2\/\" class=\"bellows-target\"><span class=\"bellows-target-title bellows-target-text\">Guide PRFU<\/span><\/a><\/li>\n\t<li id=\"menu-item-9103\" class=\"bellows-menu-item bellows-menu-item-type-post_type bellows-menu-item-object-page bellows-menu-item-9103 bellows-item-level-1\"><a  href=\"https:\/\/www.univ-usto.dz\/faculte\/fac-snv\/criteres-projet-prfu\/\" class=\"bellows-target\"><span class=\"bellows-target-title bellows-target-text\">Crit\u00e8res du porteur du projet PRFU<\/span><\/a><\/li>\n\t<li id=\"menu-item-9102\" class=\"bellows-menu-item bellows-menu-item-type-post_type bellows-menu-item-object-page bellows-menu-item-9102 bellows-item-level-1\"><a  href=\"https:\/\/www.univ-usto.dz\/faculte\/fac-snv\/guide-prfu\/\" class=\"bellows-target\"><span class=\"bellows-target-title bellows-target-text\">Composante de l\u2019\u00e9quipe de recherche PRFU<\/span><\/a><\/li>\n\t<li id=\"menu-item-9122\" class=\"bellows-menu-item bellows-menu-item-type-post_type bellows-menu-item-object-page bellows-menu-item-9122 bellows-item-level-1\"><a  href=\"https:\/\/www.univ-usto.dz\/faculte\/fac-snv\/selection-prfu\/\" class=\"bellows-target\"><span class=\"bellows-target-title bellows-target-text\">S\u00e9lection des projets PRFU<\/span><\/a><\/li>\n\t<li id=\"menu-item-9101\" class=\"bellows-menu-item bellows-menu-item-type-post_type bellows-menu-item-object-page bellows-menu-item-9101 bellows-item-level-1\"><a  href=\"https:\/\/www.univ-usto.dz\/faculte\/fac-snv\/levaluation-des-projets\/\" class=\"bellows-target\"><span class=\"bellows-target-title bellows-target-text\">Evaluation des projets<\/span><\/a><\/li>\n<\/ul>\n<\/li>\n<li id=\"menu-item-10107\" class=\"bellows-menu-item bellows-menu-item-type-post_type bellows-menu-item-object-page bellows-menu-item-10107 bellows-item-level-0\"><a  href=\"https:\/\/www.univ-usto.dz\/faculte\/fac-snv\/conseil-scientifique\/\" class=\"bellows-target\"><span class=\"bellows-target-title bellows-target-text\">Conseil scientifique<\/span><\/a><\/li>\n<li id=\"menu-item-6072\" class=\"bellows-menu-item bellows-menu-item-type-post_type bellows-menu-item-object-page bellows-menu-item-6072 bellows-item-level-0\"><a  href=\"https:\/\/www.univ-usto.dz\/faculte\/fac-snv\/production-scientifique\/\" class=\"bellows-target\"><span class=\"bellows-target-title bellows-target-text\">Production scientifique<\/span><\/a><\/li>\n<li id=\"menu-item-6071\" class=\"bellows-menu-item bellows-menu-item-type-post_type bellows-menu-item-object-page bellows-menu-item-6071 bellows-item-level-0\"><a  href=\"https:\/\/www.univ-usto.dz\/faculte\/fac-snv\/categorisation\/\" class=\"bellows-target\"><span class=\"bellows-target-title bellows-target-text\">Cat\u00e9gorisation des Revues Scientifiques<\/span><\/a><\/li>\n<li id=\"menu-item-6070\" class=\"bellows-menu-item bellows-menu-item-type-post_type bellows-menu-item-object-page bellows-menu-item-6070 bellows-item-level-0\"><a  href=\"https:\/\/www.univ-usto.dz\/faculte\/fac-snv\/liens-utiles\/\" class=\"bellows-target\"><span class=\"bellows-target-title bellows-target-text\">Liens utiles<\/span><\/a><\/li>\n<\/ul><\/nav>\t\t\t\t<\/div>\n\t\t\t\t<\/div>\n\t\t\t\t\t<\/div>\n\t\t<\/div>\n\t\t\t\t<div class=\"elementor-column elementor-col-66 elementor-top-column elementor-element elementor-element-2ff33bd\" data-id=\"2ff33bd\" data-element_type=\"column\">\n\t\t\t<div class=\"elementor-widget-wrap elementor-element-populated\">\n\t\t\t\t\t\t<div class=\"elementor-element elementor-element-483532b elementor-widget elementor-widget-text-editor\" data-id=\"483532b\" data-element_type=\"widget\" data-widget_type=\"text-editor.default\">\n\t\t\t\t<div class=\"elementor-widget-container\">\n\t\t\t\t\t\t\t\t\t<h2><strong>Conseil\u00a0 scientifique<\/strong><\/h2><div class=\"entry\"><p>Le Conseil Scientifique de l\u2019Universit\u00e9 USTO MB est pr\u00e9sid\u00e9 par Monsieur le Professeur <strong>Amine Bouziane<\/strong><strong>\u00a0HAMMOU<\/strong> Recteur de l\u2019Universit\u00e9 de\u00a0 USTOMB Mohamed Boudiaf<\/p><h2 style=\"text-align: left;\"><strong>Arr\u00eat\u00e9s<\/strong> du <strong>Conseil\u00a0 scientifique de l&rsquo;universit\u00e9<\/strong><\/h2><p><span style=\"text-decoration: underline;\"><strong><a href=\"https:\/\/https:\/\/www.univ-usto.dz\/faculte\/fac-snv\/wp-content\/uploads\/2021\/01\/Arrete-N\u00b0-677-du-28-09-2020.pdf\">Arret\u00e9 N\u00b0 677 du 28 09 2020<\/a><\/strong><\/span><\/p><p><strong><a href=\"https:\/\/https:\/\/www.univ-usto.dz\/faculte\/fac-snv\/images\/evenements\/csu\/PV_CSU_JUIN_2016.pdf\" target=\"_blank\" rel=\"noopener\">Proc\u00e9s-verbal du conseil scientifique de l&rsquo;universit\u00e9 16-19 Juin 2016<\/a><\/strong><\/p><div id=\"fav-maincontent\" class=\"span12\"><div class=\"item-page\"><p><a href=\"https:\/\/https:\/\/www.univ-usto.dz\/faculte\/fac-snv\/images\/evenements\/csu\/pv_sep_2017.pdf\" target=\"_blank\" rel=\"noopener\"><span style=\"text-decoration: underline;\"><strong>Proc\u00e9s-verbal du conseil scientifique de l&rsquo;universit\u00e9 05-06 D\u00e9cembre 2016<\/strong><\/span><\/a><\/p><p><strong><a href=\"https:\/\/https:\/\/www.univ-usto.dz\/faculte\/fac-snv\/wp-content\/uploads\/2021\/01\/PV-CSU-11-06-2018.pdf\">Proc\u00e9s-verbal du conseil scientifique de l&rsquo;universit\u00e9 11 Juin2018<\/a> <\/strong><\/p><p><span style=\"text-decoration: underline;\"><strong><a href=\"https:\/\/https:\/\/www.univ-usto.dz\/faculte\/fac-snv\/wp-content\/uploads\/2021\/01\/PV-CSU-17-12-2018.pdf\">Proc\u00e9s-verbal du conseil scientifique de l&rsquo;universit\u00e9 17 D\u00e9cembre 2018<\/a> <\/strong><\/span><\/p><p><span style=\"text-decoration: underline;\"><strong><a href=\"https:\/\/https:\/\/www.univ-usto.dz\/faculte\/fac-snv\/wp-content\/uploads\/2021\/01\/PV-CSU-28-10-2020.pdf\">Proc\u00e9s-verbal du conseil scientifique de l&rsquo;universit\u00e9 28 Octobre 2020<\/a><\/strong><\/span><\/p><\/div><\/div><div class=\"itemFullText\"><p>Le Conseil scientifique de l\u2019universit\u00e9 \u00e9met des avis et recommandations notamment sur:<\/p><ul class=\"bs-shortcode-list list-style-check\"><li>Les plans annuels et pluriannuels de formation et de recherche de l\u2019universit\u00e9,<\/li><li>Les projets de cr\u00e9ation, de modification ou de dissolution de facult\u00e9s, d\u2019instituts, de d\u00e9partements et le as \u00e9ch\u00e9ant, d\u2019annexes, d\u2019unit\u00e9s de recherche et de laboratoires de\u00a0 recherche,<\/li><li>Les programmes d\u2019\u00e9changes et de coop\u00e9ration scientifique nationaux et internationaux,<\/li><li>Les bilans de formation et de recherche de l\u2019universit\u00e9,<\/li><li>Les programmes de partenariat de l\u2019universit\u00e9<\/li><li>Les programmes des manifestations scientifiques de l&rsquo;universit\u00e9,<\/li><li>Les actions de valorisation des r\u00e9sultats de la recherche,<\/li><li>Les bilans et projets d\u2019acquisition de la documentation scientifique et technique<\/li><\/ul><p>Le Recteur porte \u00e0 la connaissance du conseil d\u2019administration les avis et recommandations \u00e9mis par le conseil scientifique de l\u2019universit\u00e9.<\/p><\/div><\/div>\t\t\t\t\t\t\t\t<\/div>\n\t\t\t\t<\/div>\n\t\t\t\t\t<\/div>\n\t\t<\/div>\n\t\t\t\t\t<\/div>\n\t\t<\/section>\n\t\t\t\t<\/div>\n\t\t","protected":false},"excerpt":{"rendered":"<p>Conseil\u00a0 scientifique Le Conseil Scientifique de l\u2019Universit\u00e9 USTO MB est pr\u00e9sid\u00e9 par Monsieur le Professeur Amine Bouziane\u00a0HAMMOU Recteur de l\u2019Universit\u00e9 de\u00a0 USTOMB Mohamed Boudiaf Arr\u00eat\u00e9s du Conseil\u00a0 scientifique de l&rsquo;universit\u00e9 <a href=\"https:\/\/www.univ-usto.dz\/faculte\/fac-snv\/conseil-scientifique\/\" class=\"read-more\">Lire la suite &#8230;<\/a><\/p>\n","protected":false},"author":1,"featured_media":0,"parent":0,"menu_order":0,"comment_status":"closed","ping_status":"closed","template":"","meta":{"footnotes":""},"class_list":["post-10092","page","type-page","status-publish","hentry"],"_links":{"self":[{"href":"https:\/\/www.univ-usto.dz\/faculte\/fac-snv\/wp-json\/wp\/v2\/pages\/10092","targetHints":{"allow":["GET"]}}],"collection":[{"href":"https:\/\/www.univ-usto.dz\/faculte\/fac-snv\/wp-json\/wp\/v2\/pages"}],"about":[{"href":"https:\/\/www.univ-usto.dz\/faculte\/fac-snv\/wp-json\/wp\/v2\/types\/page"}],"author":[{"embeddable":true,"href":"https:\/\/www.univ-usto.dz\/faculte\/fac-snv\/wp-json\/wp\/v2\/users\/1"}],"replies":[{"embeddable":true,"href":"https:\/\/www.univ-usto.dz\/faculte\/fac-snv\/wp-json\/wp\/v2\/comments?post=10092"}],"version-history":[{"count":6,"href":"https:\/\/www.univ-usto.dz\/faculte\/fac-snv\/wp-json\/wp\/v2\/pages\/10092\/revisions"}],"predecessor-version":[{"id":10555,"href":"https:\/\/www.univ-usto.dz\/faculte\/fac-snv\/wp-json\/wp\/v2\/pages\/10092\/revisions\/10555"}],"wp:attachment":[{"href":"https:\/\/www.univ-usto.dz\/faculte\/fac-snv\/wp-json\/wp\/v2\/media?parent=10092"}],"curies":[{"name":"wp","href":"https:\/\/api.w.org\/{rel}","templated":true}]}}