{"id":11220,"date":"2021-06-23T10:04:18","date_gmt":"2021-06-23T10:04:18","guid":{"rendered":"https:\/\/www.univ-usto.dz\/faculte\/fac-snv\/?page_id=11220"},"modified":"2021-06-23T10:05:23","modified_gmt":"2021-06-23T10:05:23","slug":"infrastructure","status":"publish","type":"page","link":"https:\/\/www.univ-usto.dz\/faculte\/fac-snv\/infrastructure\/","title":{"rendered":"infrastructure"},"content":{"rendered":"\t\t<div data-elementor-type=\"wp-page\" data-elementor-id=\"11220\" class=\"elementor elementor-11220\">\n\t\t\t\t\t\t<section class=\"elementor-section elementor-top-section elementor-element elementor-element-aa8fc48 elementor-section-boxed elementor-section-height-default elementor-section-height-default\" data-id=\"aa8fc48\" data-element_type=\"section\">\n\t\t\t\t\t\t<div class=\"elementor-container elementor-column-gap-default\">\n\t\t\t\t\t<div class=\"elementor-column elementor-col-100 elementor-top-column elementor-element elementor-element-9b22bd1\" data-id=\"9b22bd1\" data-element_type=\"column\">\n\t\t\t<div class=\"elementor-widget-wrap elementor-element-populated\">\n\t\t\t\t\t\t<div class=\"elementor-element elementor-element-598a82d elementor-widget elementor-widget-text-editor\" data-id=\"598a82d\" data-element_type=\"widget\" data-widget_type=\"text-editor.default\">\n\t\t\t\t<div class=\"elementor-widget-container\">\n\t\t\t\t\t\t\t\t\t<p style=\"margin-bottom: 1em; color: rgb(0, 0, 0); font-family: &quot;Helvetica Neue&quot;, Helvetica, Arial, sans-serif; font-size: 10px; line-height: normal; background-image: initial; background-position: initial; background-size: initial; background-repeat: initial; background-attachment: initial; background-origin: initial; background-clip: initial; text-align: center;\"><span style=\"font-size: 18pt; color: rgb(51, 102, 255);\">L&rsquo;infrastructure de la facult\u00e9 SNV&nbsp; :&nbsp;<\/span><\/p><table class=\"table-bordered\" style=\"max-width: 100%; border-collapse: separate; border-width: 1px 1px 1px 0px; border-top-style: solid; border-right-style: solid; border-bottom-style: solid; border-top-color: rgb(221, 221, 221); border-right-color: rgb(221, 221, 221); border-bottom-color: rgb(221, 221, 221); border-image: initial; border-left-style: initial; border-left-color: initial; border-radius: 4px; color: rgb(51, 51, 51); font-family: &quot;Helvetica Neue&quot;, Helvetica, Arial, sans-serif; font-size: 10px; margin-left: auto; margin-right: auto;\"><tbody><tr style=\"background-color: rgb(172, 203, 246);\"><td style=\"padding: 0px; border-top: 0px; border-top-left-radius: 4px; background: rgb(128, 100, 162);\"><p style=\"margin-bottom: 1em; color: rgb(0, 0, 0); line-height: normal;\"><strong><span style=\"font-size: 8.5pt; font-family: Tahoma, sans-serif; color: rgb(255, 192, 0);\">&nbsp; &nbsp; &nbsp; &nbsp; &nbsp; &nbsp; &nbsp; &nbsp; &nbsp; &nbsp; &nbsp; &nbsp; &nbsp; &nbsp; &nbsp; &nbsp; &nbsp; &nbsp; &nbsp; &nbsp; &nbsp;&nbsp;<\/span><\/strong><strong><span style=\"font-size: 14pt; font-family: Tahoma, sans-serif; color: rgb(255, 192, 0);\">Intitul\u00e9<\/span><\/strong><\/p><\/td><td style=\"padding: 0px; border-top: 0px; background: rgb(128, 100, 162);\"><p style=\"margin-bottom: 1em; color: rgb(0, 0, 0); line-height: normal;\"><strong><span style=\"font-size: 8.5pt; font-family: Tahoma, sans-serif; color: rgb(255, 192, 0);\">Capacit\u00e9 Th\u00e9orique(A)<\/span><\/strong><\/p><\/td><td style=\"padding: 0px; border-top: 0px; background: rgb(128, 100, 162);\"><p style=\"margin-bottom: 1em; color: rgb(0, 0, 0); line-height: normal;\"><strong><span style=\"font-size: 8.5pt; font-family: Tahoma, sans-serif; color: rgb(255, 192, 0);\">Nombre (B)<\/span><\/strong><\/p><\/td><td style=\"padding: 0px; border-top: 0px; border-top-right-radius: 4px; background: rgb(128, 100, 162);\"><p style=\"margin-bottom: 1em; color: rgb(0, 0, 0); line-height: normal;\"><strong><span style=\"font-size: 8.5pt; font-family: Tahoma, sans-serif; color: rgb(255, 192, 0);\">Total (A)*(B)<\/span><\/strong><\/p><\/td><\/tr><tr><td style=\"padding: 0px;\"><p style=\"margin-bottom: 1em; color: rgb(0, 0, 0); line-height: normal;\"><strong><span style=\"font-size: 12pt; font-family: Helvetica, sans-serif;\">Amphit\u00e9\u00e2tre de 201 \u00e0 300 places<\/span><\/strong><\/p><\/td><td style=\"padding: 0px;\"><p style=\"margin-bottom: 1em; color: rgb(0, 0, 0); line-height: normal;\"><strong><span style=\"font-size: 18pt; font-family: &quot;Times New Roman&quot;, serif;\">&nbsp; &nbsp; &nbsp; 250<\/span><\/strong><\/p><\/td><td style=\"padding: 0px;\"><p style=\"margin-bottom: 1em; color: rgb(0, 0, 0); line-height: normal;\"><strong><span style=\"font-size: 18pt; font-family: &quot;Times New Roman&quot;, serif;\">2<\/span><\/strong><\/p><\/td><td style=\"padding: 0px;\"><p style=\"margin-bottom: 1em; color: rgb(0, 0, 0); line-height: normal;\"><strong><span style=\"font-size: 18pt; font-family: &quot;Times New Roman&quot;, serif;\">500<\/span><\/strong><\/p><\/td><\/tr><tr><td style=\"padding: 0px;\"><p style=\"margin-bottom: 1em; color: rgb(0, 0, 0); line-height: normal;\"><strong><span style=\"font-size: 12pt; font-family: Helvetica, sans-serif;\">Salle de conf\u00e9rences de 30 \u00e0 100 places<\/span><\/strong><\/p><\/td><td style=\"padding: 0px;\"><p style=\"margin-bottom: 1em; color: rgb(0, 0, 0); line-height: normal;\"><strong><span style=\"font-size: 18pt; font-family: &quot;Times New Roman&quot;, serif;\">&nbsp; &nbsp; &nbsp; &nbsp;90<\/span><\/strong><\/p><\/td><td style=\"padding: 0px;\"><p style=\"margin-bottom: 1em; color: rgb(0, 0, 0); line-height: normal;\"><strong><span style=\"font-size: 18pt; font-family: &quot;Times New Roman&quot;, serif;\">1<\/span><\/strong><\/p><\/td><td style=\"padding: 0px;\"><p style=\"margin-bottom: 1em; color: rgb(0, 0, 0); line-height: normal;\"><strong><span style=\"font-size: 18pt; font-family: &quot;Times New Roman&quot;, serif;\">90<\/span><\/strong><\/p><\/td><\/tr><tr><td style=\"padding: 0px;\"><p style=\"margin-bottom: 1em; color: rgb(0, 0, 0); line-height: normal;\"><strong><span style=\"font-size: 12pt; font-family: Helvetica, sans-serif;\">Salle de Cours<\/span><\/strong><\/p><\/td><td style=\"padding: 0px;\"><p style=\"margin-bottom: 1em; color: rgb(0, 0, 0); line-height: normal;\"><strong><span style=\"font-size: 18pt; font-family: &quot;Times New Roman&quot;, serif;\">&nbsp; &nbsp; &nbsp;&nbsp;172<\/span><\/strong><\/p><\/td><td style=\"padding: 0px;\"><p style=\"margin-bottom: 1em; color: rgb(0, 0, 0); line-height: normal;\"><strong><span style=\"font-size: 18pt; font-family: &quot;Times New Roman&quot;, serif;\">1<\/span><\/strong><\/p><\/td><td style=\"padding: 0px;\"><p style=\"margin-bottom: 1em; color: rgb(0, 0, 0); line-height: normal;\"><strong><span style=\"font-size: 18pt; font-family: &quot;Times New Roman&quot;, serif;\">172<\/span><\/strong><\/p><\/td><\/tr><tr><td style=\"padding: 0px;\"><p style=\"margin-bottom: 1em; color: rgb(0, 0, 0); line-height: normal;\"><strong><span style=\"font-size: 12pt; font-family: Helvetica, sans-serif;\">Salle de 21 \u00e0 40 places<\/span><\/strong><\/p><\/td><td style=\"padding: 0px;\"><p style=\"margin-bottom: 1em; color: rgb(0, 0, 0); line-height: normal;\"><strong><span style=\"font-size: 18pt; font-family: &quot;Times New Roman&quot;, serif;\">&nbsp; &nbsp; &nbsp; &nbsp;40<\/span><\/strong><\/p><\/td><td style=\"padding: 0px;\"><p style=\"margin-bottom: 1em; color: rgb(0, 0, 0); line-height: normal;\"><strong><span style=\"font-size: 18pt; font-family: &quot;Times New Roman&quot;, serif;\">23<\/span><\/strong><\/p><\/td><td style=\"padding: 0px;\"><p style=\"margin-bottom: 1em; color: rgb(0, 0, 0); line-height: normal;\"><strong><span style=\"font-size: 18pt; font-family: &quot;Times New Roman&quot;, serif;\">920<\/span><\/strong><\/p><\/td><\/tr><tr><td style=\"padding: 0px;\"><p style=\"margin-bottom: 1em; color: rgb(0, 0, 0); line-height: normal;\"><strong><span style=\"font-size: 12pt; font-family: Helvetica, sans-serif;\">Salle de 61 \u00e0 80 places&nbsp;<\/span><\/strong><\/p><\/td><td style=\"padding: 0px;\"><p style=\"margin-bottom: 1em; color: rgb(0, 0, 0); line-height: normal;\"><strong><span style=\"font-size: 18pt; font-family: &quot;Times New Roman&quot;, serif;\">&nbsp; &nbsp; &nbsp; &nbsp;80<\/span><\/strong><\/p><\/td><td style=\"padding: 0px;\"><p style=\"margin-bottom: 1em; color: rgb(0, 0, 0); line-height: normal;\"><strong><span style=\"font-size: 18pt; font-family: &quot;Times New Roman&quot;, serif;\">2<\/span><\/strong><\/p><\/td><td style=\"padding: 0px;\"><p style=\"margin-bottom: 1em; color: rgb(0, 0, 0); line-height: normal;\"><strong><span style=\"font-size: 18pt; font-family: &quot;Times New Roman&quot;, serif;\">160<\/span><\/strong><\/p><\/td><\/tr><tr><td style=\"padding: 0px;\"><p style=\"margin-bottom: 1em; color: rgb(0, 0, 0); line-height: normal;\"><strong><span style=\"font-size: 12pt; font-family: Helvetica, sans-serif;\">Laboratoire de 10 \u00e0 20 places<\/span><\/strong><\/p><\/td><td style=\"padding: 0px;\"><p style=\"margin-bottom: 1em; color: rgb(0, 0, 0); line-height: normal;\"><strong><span style=\"font-size: 18pt; font-family: &quot;Times New Roman&quot;, serif;\">&nbsp; &nbsp; &nbsp; &nbsp;30<\/span><\/strong><\/p><\/td><td style=\"padding: 0px;\"><p style=\"margin-bottom: 1em; color: rgb(0, 0, 0); line-height: normal;\"><strong><span style=\"font-size: 18pt; font-family: &quot;Times New Roman&quot;, serif;\">14<\/span><\/strong><\/p><\/td><td style=\"padding: 0px;\"><p style=\"margin-bottom: 1em; color: rgb(0, 0, 0); line-height: normal;\"><strong><span style=\"font-size: 18pt; font-family: &quot;Times New Roman&quot;, serif;\">420<\/span><\/strong><\/p><\/td><\/tr><tr><td style=\"padding: 0px;\"><p style=\"margin-bottom: 1em; color: rgb(0, 0, 0); line-height: normal;\"><strong><span style=\"font-size: 12pt; font-family: Helvetica, sans-serif;\">Biblioth\u00e8que et Salle de Lecture<\/span><\/strong><\/p><\/td><td style=\"padding: 0px;\"><p style=\"margin-bottom: 1em; color: rgb(0, 0, 0); line-height: normal;\"><strong><span style=\"font-size: 18pt; font-family: &quot;Times New Roman&quot;, serif;\">&nbsp; &nbsp; &nbsp; &nbsp;60<\/span><\/strong><\/p><\/td><td style=\"padding: 0px;\"><p style=\"margin-bottom: 1em; color: rgb(0, 0, 0); line-height: normal;\"><strong><span style=\"font-size: 18pt; font-family: &quot;Times New Roman&quot;, serif;\">1<\/span><\/strong><\/p><\/td><td style=\"padding: 0px;\"><p style=\"margin-bottom: 1em; color: rgb(0, 0, 0); line-height: normal;\"><strong><span style=\"font-size: 18pt; font-family: &quot;Times New Roman&quot;, serif;\">60<\/span><\/strong><\/p><\/td><\/tr><tr><td style=\"padding: 0px;\"><p style=\"margin-bottom: 1em; color: rgb(0, 0, 0); line-height: normal;\"><strong><span style=\"font-size: 12pt; font-family: Helvetica, sans-serif;\">Salle Internet de 11 \u00e0 20 places<\/span><\/strong><\/p><\/td><td style=\"padding: 0px;\"><p style=\"margin-bottom: 1em; color: rgb(0, 0, 0); line-height: normal;\"><strong><span style=\"font-size: 18pt; font-family: &quot;Times New Roman&quot;, serif;\">&nbsp; &nbsp; &nbsp; &nbsp;20<\/span><\/strong><\/p><\/td><td style=\"padding: 0px;\"><p style=\"margin-bottom: 1em; color: rgb(0, 0, 0); line-height: normal;\"><strong><span style=\"font-size: 18pt; font-family: &quot;Times New Roman&quot;, serif;\">1<\/span><\/strong><\/p><\/td><td style=\"padding: 0px;\"><p style=\"margin-bottom: 1em; color: rgb(0, 0, 0); line-height: normal;\"><strong><span style=\"font-size: 18pt; font-family: &quot;Times New Roman&quot;, serif;\">20<\/span><\/strong><\/p><\/td><\/tr><tr><td style=\"padding: 0px;\"><p style=\"margin-bottom: 1em; color: rgb(0, 0, 0); line-height: normal;\"><strong><span style=\"font-size: 12pt; font-family: Helvetica, sans-serif;\">Bureaux pour enseignants<\/span><\/strong><\/p><\/td><td style=\"padding: 0px;\"><p style=\"margin-bottom: 1em; color: rgb(0, 0, 0); line-height: normal;\"><strong><span style=\"font-size: 18pt; font-family: &quot;Times New Roman&quot;, serif;\">&nbsp; &nbsp; &nbsp; &nbsp; 4<\/span><\/strong><\/p><\/td><td style=\"padding: 0px;\"><p style=\"margin-bottom: 1em; color: rgb(0, 0, 0); line-height: normal;\"><strong><span style=\"font-size: 18pt; font-family: &quot;Times New Roman&quot;, serif;\">33<\/span><\/strong><\/p><\/td><td style=\"padding: 0px;\"><p style=\"margin-bottom: 1em; color: rgb(0, 0, 0); line-height: normal;\"><strong><span style=\"font-size: 18pt; font-family: &quot;Times New Roman&quot;, serif;\">132<\/span><\/strong><\/p><\/td><\/tr><tr><td style=\"padding: 0px;\"><p style=\"margin-bottom: 1em; color: rgb(0, 0, 0); line-height: normal;\"><strong><span style=\"font-size: 12pt; font-family: Helvetica, sans-serif;\">Bureaux \u00e0 usage administratif<\/span><\/strong><\/p><\/td><td style=\"padding: 0px;\"><p style=\"margin-bottom: 1em; color: rgb(0, 0, 0); line-height: normal;\"><strong><span style=\"font-size: 18pt; font-family: &quot;Times New Roman&quot;, serif;\">&nbsp; &nbsp; &nbsp; &nbsp; 2<\/span><\/strong><\/p><\/td><td style=\"padding: 0px;\"><p style=\"margin-bottom: 1em; color: rgb(0, 0, 0); line-height: normal;\"><strong><span style=\"font-size: 18pt; font-family: &quot;Times New Roman&quot;, serif;\">42<\/span><\/strong><\/p><\/td><td style=\"padding: 0px;\"><p style=\"margin-bottom: 1em; color: rgb(0, 0, 0); line-height: normal;\"><strong><span style=\"font-size: 18pt; font-family: &quot;Times New Roman&quot;, serif;\">84<\/span><\/strong><\/p><\/td><\/tr><tr><td style=\"padding: 0px;\"><p style=\"margin-bottom: 1em; color: rgb(0, 0, 0); line-height: normal;\"><strong><span style=\"font-size: 12pt; font-family: Helvetica, sans-serif;\">Salle de r\u00e9union<\/span><\/strong><\/p><\/td><td style=\"padding: 0px;\"><p style=\"margin-bottom: 1em; color: rgb(0, 0, 0); line-height: normal;\"><strong><span style=\"font-size: 18pt; font-family: &quot;Times New Roman&quot;, serif;\">&nbsp; &nbsp; &nbsp; &nbsp;25<\/span><\/strong><\/p><\/td><td style=\"padding: 0px;\"><p style=\"margin-bottom: 1em; color: rgb(0, 0, 0); line-height: normal;\"><strong><span style=\"font-size: 18pt; font-family: &quot;Times New Roman&quot;, serif;\">5<\/span><\/strong><\/p><\/td><td style=\"padding: 0px;\"><p style=\"margin-bottom: 1em; color: rgb(0, 0, 0); line-height: normal;\"><strong><span style=\"font-size: 18pt; font-family: &quot;Times New Roman&quot;, serif;\">125<\/span><\/strong><\/p><\/td><\/tr><tr><td style=\"padding: 0px;\"><p style=\"margin-bottom: 1em; color: rgb(0, 0, 0); line-height: normal;\"><strong><span style=\"font-size: 12pt; font-family: Helvetica, sans-serif;\">Salle de tirage<\/span><\/strong><\/p><\/td><td style=\"padding: 0px;\"><p style=\"margin-bottom: 1em; color: rgb(0, 0, 0); line-height: normal;\"><strong><span style=\"font-size: 18pt; font-family: &quot;Times New Roman&quot;, serif;\">&nbsp; &nbsp; &nbsp; &nbsp; \/<\/span><\/strong><\/p><\/td><td style=\"padding: 0px;\"><p style=\"margin-bottom: 1em; color: rgb(0, 0, 0); line-height: normal;\"><strong><span style=\"font-size: 18pt; font-family: &quot;Times New Roman&quot;, serif;\">1<\/span><\/strong><\/p><\/td><td style=\"padding: 0px;\"><p style=\"margin-bottom: 1em; color: rgb(0, 0, 0); line-height: normal;\"><strong><span style=\"font-size: 18pt; font-family: &quot;Times New Roman&quot;, serif;\">1<\/span><\/strong><\/p><\/td><\/tr><tr><td style=\"padding: 0px;\"><p style=\"margin-bottom: 1em; color: rgb(0, 0, 0); line-height: normal;\"><strong><span style=\"font-size: 12pt; font-family: Helvetica, sans-serif;\">Magasin<\/span><\/strong><\/p><\/td><td style=\"padding: 0px;\"><p style=\"margin-bottom: 1em; color: rgb(0, 0, 0); line-height: normal;\"><span style=\"font-size: 8.5pt; font-family: Verdana, sans-serif;\">&nbsp; &nbsp; &nbsp; &nbsp; &nbsp; &nbsp;&nbsp;<\/span><strong><span style=\"font-size: 18pt; font-family: &quot;Times New Roman&quot;, serif;\">\/<\/span><\/strong><\/p><\/td><td style=\"padding: 0px;\"><p style=\"margin-bottom: 1em; color: rgb(0, 0, 0); line-height: normal;\"><strong><span style=\"font-size: 18pt; font-family: &quot;Times New Roman&quot;, serif;\">1<\/span><\/strong><\/p><\/td><td style=\"padding: 0px;\"><p style=\"margin-bottom: 1em; color: rgb(0, 0, 0); line-height: normal;\"><strong><span style=\"font-size: 18pt; font-family: &quot;Times New Roman&quot;, serif;\">1<\/span><\/strong><\/p><\/td><\/tr><tr><td style=\"padding: 0px;\"><p style=\"margin-bottom: 1em; color: rgb(0, 0, 0); line-height: normal;\"><strong><span style=\"font-size: 12pt; font-family: Helvetica, sans-serif;\">Salle d&rsquo;archive<\/span><\/strong><\/p><\/td><td style=\"padding: 0px;\"><p style=\"margin-bottom: 1em; color: rgb(0, 0, 0); line-height: normal;\"><strong><span style=\"font-size: 18pt; font-family: &quot;Times New Roman&quot;, serif;\">&nbsp; &nbsp; &nbsp; &nbsp;2<\/span><\/strong><\/p><\/td><td style=\"padding: 0px;\"><p style=\"margin-bottom: 1em; color: rgb(0, 0, 0); line-height: normal;\"><strong><span style=\"font-size: 18pt; font-family: &quot;Times New Roman&quot;, serif;\">4<\/span><\/strong><\/p><\/td><td style=\"padding: 0px;\"><p style=\"margin-bottom: 1em; color: rgb(0, 0, 0); line-height: normal;\"><strong><span style=\"font-size: 18pt; font-family: &quot;Times New Roman&quot;, serif;\">8<\/span><\/strong><\/p><\/td><\/tr><tr><td style=\"padding: 0px; border-bottom-left-radius: 4px;\"><p style=\"margin-bottom: 1em; color: rgb(0, 0, 0); line-height: normal;\"><strong><span style=\"font-size: 12pt; font-family: Helvetica, sans-serif;\">Serres<\/span><\/strong><\/p><\/td><td style=\"padding: 0px;\"><p style=\"margin-bottom: 1em; color: rgb(0, 0, 0); line-height: normal;\"><strong><span style=\"font-size: 18pt; font-family: &quot;Times New Roman&quot;, serif;\">&nbsp; &nbsp; &nbsp; 20<\/span><\/strong><\/p><\/td><td style=\"padding: 0px;\"><p style=\"margin-bottom: 1em; color: rgb(0, 0, 0); line-height: normal;\"><strong><span style=\"font-size: 18pt; font-family: &quot;Times New Roman&quot;, serif;\">3<\/span><\/strong><\/p><\/td><td style=\"padding: 0px; border-bottom-right-radius: 4px;\"><p style=\"margin-bottom: 1em; color: rgb(0, 0, 0); line-height: normal;\"><strong><span style=\"font-size: 18pt; font-family: &quot;Times New Roman&quot;, serif;\">60<\/span><\/strong><\/p><\/td><\/tr><\/tbody><\/table>\t\t\t\t\t\t\t\t<\/div>\n\t\t\t\t<\/div>\n\t\t\t\t\t<\/div>\n\t\t<\/div>\n\t\t\t\t\t<\/div>\n\t\t<\/section>\n\t\t\t\t<\/div>\n\t\t","protected":false},"excerpt":{"rendered":"<p>L&rsquo;infrastructure de la facult\u00e9 SNV&nbsp; :&nbsp; &nbsp; &nbsp; &nbsp; &nbsp; &nbsp; &nbsp; &nbsp; &nbsp; &nbsp; &nbsp; &nbsp; &nbsp; &nbsp; &nbsp; &nbsp; &nbsp; &nbsp; &nbsp; &nbsp; &nbsp; &nbsp;&nbsp;Intitul\u00e9 Capacit\u00e9 Th\u00e9orique(A) Nombre <a href=\"https:\/\/www.univ-usto.dz\/faculte\/fac-snv\/infrastructure\/\" class=\"read-more\">Lire la suite &#8230;<\/a><\/p>\n","protected":false},"author":18,"featured_media":0,"parent":0,"menu_order":0,"comment_status":"closed","ping_status":"closed","template":"","meta":{"footnotes":""},"class_list":["post-11220","page","type-page","status-publish","hentry"],"_links":{"self":[{"href":"https:\/\/www.univ-usto.dz\/faculte\/fac-snv\/wp-json\/wp\/v2\/pages\/11220","targetHints":{"allow":["GET"]}}],"collection":[{"href":"https:\/\/www.univ-usto.dz\/faculte\/fac-snv\/wp-json\/wp\/v2\/pages"}],"about":[{"href":"https:\/\/www.univ-usto.dz\/faculte\/fac-snv\/wp-json\/wp\/v2\/types\/page"}],"author":[{"embeddable":true,"href":"https:\/\/www.univ-usto.dz\/faculte\/fac-snv\/wp-json\/wp\/v2\/users\/18"}],"replies":[{"embeddable":true,"href":"https:\/\/www.univ-usto.dz\/faculte\/fac-snv\/wp-json\/wp\/v2\/comments?post=11220"}],"version-history":[{"count":4,"href":"https:\/\/www.univ-usto.dz\/faculte\/fac-snv\/wp-json\/wp\/v2\/pages\/11220\/revisions"}],"predecessor-version":[{"id":11225,"href":"https:\/\/www.univ-usto.dz\/faculte\/fac-snv\/wp-json\/wp\/v2\/pages\/11220\/revisions\/11225"}],"wp:attachment":[{"href":"https:\/\/www.univ-usto.dz\/faculte\/fac-snv\/wp-json\/wp\/v2\/media?parent=11220"}],"curies":[{"name":"wp","href":"https:\/\/api.w.org\/{rel}","templated":true}]}}