{"id":11226,"date":"2021-06-23T10:20:13","date_gmt":"2021-06-23T10:20:13","guid":{"rendered":"https:\/\/www.univ-usto.dz\/faculte\/fac-snv\/?page_id=11226"},"modified":"2025-06-19T11:21:21","modified_gmt":"2025-06-19T11:21:21","slug":"service-scolarite","status":"publish","type":"page","link":"https:\/\/www.univ-usto.dz\/faculte\/fac-snv\/service-scolarite\/","title":{"rendered":"Service Scolarit\u00e9"},"content":{"rendered":"\t\t<div data-elementor-type=\"wp-page\" data-elementor-id=\"11226\" class=\"elementor elementor-11226\">\n\t\t\t\t\t\t<section class=\"elementor-section elementor-top-section elementor-element elementor-element-c745b7f elementor-section-boxed elementor-section-height-default elementor-section-height-default\" data-id=\"c745b7f\" data-element_type=\"section\">\n\t\t\t\t\t\t<div class=\"elementor-container elementor-column-gap-default\">\n\t\t\t\t\t<div class=\"elementor-column elementor-col-100 elementor-top-column elementor-element elementor-element-bffaee9\" data-id=\"bffaee9\" data-element_type=\"column\">\n\t\t\t<div class=\"elementor-widget-wrap elementor-element-populated\">\n\t\t\t\t\t\t<div class=\"elementor-element elementor-element-6539563 elementor-widget elementor-widget-text-editor\" data-id=\"6539563\" data-element_type=\"widget\" data-widget_type=\"text-editor.default\">\n\t\t\t\t<div class=\"elementor-widget-container\">\n\t\t\t\t\t\t\t\t\t<ul><li style=\"color: #000000; font-family: 'Helvetica Neue', Helvetica, Arial, sans-serif; font-size: 10px; line-height: normal; text-align: center;\"><span style=\"font-size: 18pt; font-family: Helvetica, sans-serif; color: #333333;\">\u00a0<strong><span style=\"background: #5bc0de;\">Service Scolarit\u00e9 :\u00a0<\/span><\/strong><\/span><\/li><\/ul><p data-start=\"948\" data-end=\"1004\"><strong data-start=\"948\" data-end=\"1004\">Le Service des enseignements au niveau de la facult\u00e9<\/strong><\/p><p data-start=\"1006\" data-end=\"1398\">Relevant du Vice-Doyen charg\u00e9 des \u00e9tudes et des questions li\u00e9es aux \u00e9tudiants, le Service des enseignements constitue une structure cl\u00e9 dans la gestion p\u00e9dagogique de la facult\u00e9. Il assure l\u2019organisation g\u00e9n\u00e9rale des programmes p\u00e9dagogiques, la planification des emplois du temps, le suivi du bon d\u00e9roulement des cours, et veille \u00e0 la conformit\u00e9 des enseignements avec les contenus officiels.<\/p><p data-start=\"1400\" data-end=\"1435\"><strong data-start=\"1400\" data-end=\"1435\">Ses principales missions sont :<\/strong><\/p><ul data-start=\"1436\" data-end=\"1940\"><li data-start=\"1436\" data-end=\"1547\"><p data-start=\"1438\" data-end=\"1547\">\u00c9tablir les emplois du temps de l\u2019ensemble des d\u00e9partements en coordination avec les chefs de d\u00e9partement ;<\/p><\/li><li data-start=\"1548\" data-end=\"1633\"><p data-start=\"1550\" data-end=\"1633\">Suivre le respect des programmes et des mati\u00e8res dispens\u00e9es par les enseignants ;<\/p><\/li><li data-start=\"1634\" data-end=\"1728\"><p data-start=\"1636\" data-end=\"1728\">Veiller au bon d\u00e9roulement des cours et intervenir en cas de perturbations ou d\u2019absences ;<\/p><\/li><li data-start=\"1729\" data-end=\"1827\"><p data-start=\"1731\" data-end=\"1827\">Coordonner avec le service des examens pour assurer une planification fluide des \u00e9valuations ;<\/p><\/li><li data-start=\"1828\" data-end=\"1940\"><p data-start=\"1830\" data-end=\"1940\">Contribuer \u00e0 l\u2019\u00e9laboration des plans annuels de formation en collaboration avec les responsables p\u00e9dagogiques.<\/p><\/li><li data-start=\"1828\" data-end=\"1940\"><p style=\"text-align: center;\" data-start=\"1830\" data-end=\"1940\"><strong style=\"color: #111111; font-family: Lato, sans-serif; font-size: 24px;\">\u00a0 La mobilit\u00e9 acad\u00e9mique \u00e0 l\u2019int\u00e9rieur du territoire national<\/strong><\/p><\/li><\/ul><div class=\"elementor-column elementor-col-66 elementor-top-column elementor-element elementor-element-993564c\" data-id=\"993564c\" data-element_type=\"column\"><div class=\"elementor-widget-wrap elementor-element-populated\"><div class=\"elementor-element elementor-element-80d9e9a elementor-widget elementor-widget-text-editor\" data-id=\"80d9e9a\" data-element_type=\"widget\" data-widget_type=\"text-editor.default\"><div class=\"elementor-widget-container\"><p style=\"text-align: center;\">\u00a0 Dans le cadre de la mobilit\u00e9 acad\u00e9mique \u00e0 l\u2019int\u00e9rieur du territoire national, conform\u00e9ment \u00e0 l\u2019arr\u00eat\u00e9 N\u00b0 207 du 01 novembre 2023, l\u2019Universit\u00e9 des Sciences et de la Technologie d\u2019Oran Mohamed Boudiaf USTOMB lance un appel \u00e0 la mobilit\u00e9 semestrielle pour le second semestre de l\u2019ann\u00e9e universitaire 2023-2024, selon le calendrier suivant :<\/p><p style=\"text-align: center;\"><strong>\u2013 Date limite de d\u00e9p\u00f4t des dossiers de mobilit\u00e9 en ligne : 11 f\u00e9vrier 2024.<\/strong><\/p><p style=\"text-align: center;\"><strong>\u2013 D\u00e9but de la mobilit\u00e9\u00a0: d\u00e9marrage des enseignements du semestre 2<\/strong><\/p><p style=\"text-align: center;\">La mobilit\u00e9 acad\u00e9mique \u00e0 l\u2019int\u00e9rieur du territoire national permettra aux \u00e9tudiants des autres \u00e9tablissements \u00e0 travers le territoire national de poursuivre leurs \u00e9tudes au sein d\u2019un autre \u00e9tablissement tout en restant inscrits dans leurs \u00e9tablissements d\u2019origine.<\/p><p style=\"text-align: center;\">Les \u00e9tudiants souhaitant effectuer une mobilit\u00e9 vers l\u2019universit\u00e9 des Sciences et de la Technologie d\u2019Oran Mohamed Boudiaf USTOMB sont pri\u00e9s de d\u00e9poser leurs demandes via le lien suivant :<\/p><p style=\"text-align: center;\"><strong><a href=\"https:\/\/istibana.univ-usto.dz\/fr\/mob-national-to-usto\" target=\"_blank\" rel=\"noopener\">https:\/\/istibana.univ-usto.dz\/fr\/mob-national-to-usto<\/a><\/strong><\/p><p style=\"text-align: center;\">Les \u00e9tudiants de l\u2019universit\u00e9 des Sciences et de la Technologie d\u2019Oran Mohamed Boudiaf USTOMB\u00a0 souhaitant effectuer une mobilit\u00e9 vers une autre universit\u00e9 sont pri\u00e9s de d\u00e9poser leurs demandes via le lien suivant :<\/p><p style=\"text-align: center;\"><strong><a href=\"https:\/\/istibana.univ-usto.dz\/fr\/mob-national-from-usto\" target=\"_blank\" rel=\"noopener\">https:\/\/istibana.univ-usto.dz\/fr\/mob-national-from-usto<\/a><\/strong><\/p><p style=\"text-align: center;\">Pour plus de d\u00e9tails t\u00e9l\u00e9charger <strong><a href=\"https:\/\/www.univ-usto.dz\/wp-content\/uploads\/2024\/01\/Arrete-et-Contrat-Mobilite-VFr-nov-2023-1.pdf\">Arr\u00eat\u00e9 et Contrat de Mobilit\u00e9 Acad\u00e9mique<\/a><\/strong><\/p><div class=\"elementor-column elementor-col-66 elementor-top-column elementor-element elementor-element-eff045f\" data-id=\"eff045f\" data-element_type=\"column\"><div class=\"elementor-widget-wrap elementor-element-populated\"><div class=\"elementor-element elementor-element-2b8fc54 elementor-widget elementor-widget-text-editor\" data-id=\"2b8fc54\" data-element_type=\"widget\" data-widget_type=\"text-editor.default\"><div class=\"elementor-widget-container\"><p><strong>\u00a0\u00a0\u00a0\u00a0\u00a0\u00a0\u00a0\u00a0\u00a0\u00a0\u00a0\u00a0\u00a0\u00a0\u00a0\u00a0\u00a0\u00a0\u00a0\u00a0\u00a0\u00a0\u00a0\u00a0\u00a0\u00a0\u00a0\u00a0\u00a0\u00a0\u00a0\u00a0\u00a0<\/strong><\/p><div class=\"elementor-column elementor-col-66 elementor-top-column elementor-element elementor-element-eff045f\" data-id=\"eff045f\" data-element_type=\"column\"><div class=\"elementor-widget-wrap elementor-element-populated\"><div class=\"elementor-element elementor-element-2b8fc54 elementor-widget elementor-widget-text-editor\" data-id=\"2b8fc54\" data-element_type=\"widget\" data-widget_type=\"text-editor.default\"><div class=\"elementor-widget-container\">\u00a0<\/div><\/div><\/div><\/div><p><strong>\u00a0<\/strong><\/p><\/div><\/div><\/div><\/div><\/div><\/div><\/div><\/div><table style=\"max-width: 100%; color: #333333; font-family: 'Helvetica Neue', Helvetica, Arial, sans-serif; font-size: 10px; width: 538px; margin-left: auto; margin-right: auto;\"><tbody><tr><td style=\"padding: 0px; background: #4bacc6; width: 59px;\"><p style=\"margin-bottom: 1em; color: #000000; line-height: normal;\"><strong><span style=\"font-size: 8.5pt; font-family: Verdana, sans-serif; color: white;\">N\u00b0<\/span><\/strong><\/p><\/td><td style=\"padding: 0px; background: #4bacc6; width: 392px;\"><p style=\"margin-bottom: 1em; color: #000000; line-height: normal;\"><span style=\"font-size: 24pt; font-family: Verdana, sans-serif; color: white;\">Dipl\u00f4me pr\u00e9par\u00e9<\/span><span style=\"font-size: 24pt; font-family: Verdana, sans-serif; color: lime;\">Licence<\/span><\/p><p style=\"margin-bottom: 1em; color: #000000; line-height: normal;\">\u00a0<\/p><\/td><\/tr><tr><td style=\"padding: 0px; width: 59px;\"><p style=\"margin-bottom: 1em; color: #000000; line-height: normal;\"><span style=\"font-size: 8.5pt; font-family: Verdana, sans-serif;\">01<\/span><\/p><\/td><td style=\"padding: 0px; width: 392px;\"><p style=\"margin-bottom: 1em; color: #000000; line-height: normal;\"><strong><span style=\"font-size: 8.5pt; font-family: Verdana, sans-serif;\">R\u00e9inscription en premi\u00e8re ann\u00e9e (L1) \u00a0 \u00a0 \u00a0<\/span><\/strong><strong><span style=\"font-size: 6pt; font-family: Verdana, sans-serif; color: lime;\">(New)<\/span><\/strong><\/p><p style=\"margin-bottom: 1em; color: #000000; line-height: normal;\"><span style=\"font-size: 10pt; font-family: Symbol;\">\u00b7\u00a0\u00a0\u00a0\u00a0\u00a0<\/span><a style=\"color: #3d5dff;\" href=\"https:\/\/www.univ-usto.dz\/faculte\/fac-snv\/images\/Graduation_snv\/Scolarit%C3%A9\/ReinscritL1.pdf\"><span style=\"font-size: 12pt; font-family: Helvetica, sans-serif; color: #0099ff;\">Dossier \u00e0 fournir pour r\u00e9inscription en L1.<\/span><\/a><\/p><p style=\"margin-bottom: 1em; color: #000000; line-height: normal;\"><span style=\"font-size: 10pt; font-family: Symbol;\">\u00b7\u00a0\u00a0\u00a0\u00a0\u00a0<\/span><a style=\"color: #3d5dff;\" href=\"https:\/\/www.univ-usto.dz\/faculte\/fac-snv\/images\/Graduation_snv\/Scolarit%C3%A9\/FICHE_DE_RENSEIGNEMENT_L1.doc\"><span style=\"font-size: 12pt; font-family: Helvetica, sans-serif; color: #0099ff;\">Fiche de renseignement.<\/span><\/a><\/p><\/td><\/tr><tr><td style=\"padding: 0px; width: 59px;\"><p style=\"margin-bottom: 1em; color: #000000; line-height: normal;\"><span style=\"font-size: 8.5pt; font-family: Verdana, sans-serif;\">\u00a002<\/span><\/p><\/td><td style=\"padding: 0px; width: 392px;\"><p style=\"margin-bottom: 1em; color: #000000; line-height: normal;\"><strong><span style=\"font-size: 8.5pt; font-family: Verdana, sans-serif;\">Inscription en deuxi\u00e8me ann\u00e9e \u00a0(L2) \u00a0 \u00a0<\/span><\/strong><strong><span style=\"font-size: 6pt; font-family: Verdana, sans-serif; color: lime;\">(New)<\/span><\/strong><strong><span style=\"font-size: 8.5pt; font-family: Verdana, sans-serif;\">\u00a0 \u00a0 \u00a0 \u00a0 \u00a0 \u00a0 \u00a0 \u00a0 \u00a0 \u00a0\u00a0 \u00a0 \u00a0 \u00a0 \u00a0 \u00a0 \u00a0 \u00a0 \u00a0 \u00a0 \u00a0 \u00a0 \u00a0<\/span><\/strong><\/p><p style=\"margin-bottom: 1em; color: #000000; line-height: normal;\"><span style=\"font-size: 10pt; font-family: Symbol;\">\u00b7\u00a0\u00a0\u00a0\u00a0\u00a0<\/span><a style=\"color: #3d5dff;\" href=\"https:\/\/www.univ-usto.dz\/faculte\/fac-snv\/images\/Graduation_snv\/Scolarit%C3%A9\/ReinscritL2.pdf\"><span style=\"font-size: 12pt; font-family: Helvetica, sans-serif; color: #0099ff;\">Dossier \u00e0 fournir pour inscription en L2<\/span><\/a><span style=\"font-size: 12pt; font-family: Helvetica, sans-serif;\">.<\/span><\/p><p style=\"margin-bottom: 1em; color: #000000; line-height: normal;\"><span style=\"font-size: 10pt; font-family: Symbol;\">\u00b7\u00a0\u00a0\u00a0\u00a0\u00a0<\/span><a style=\"color: #3d5dff;\" href=\"https:\/\/www.univ-usto.dz\/faculte\/fac-snv\/images\/Graduation_snv\/Scolarit%C3%A9\/Fiche_de_Renseignement_L2_REC__1.doc\"><span style=\"font-size: 12pt; font-family: Helvetica, sans-serif; color: #0099ff;\">Fiche de renseignement.<\/span><\/a><\/p><\/td><\/tr><tr><td style=\"padding: 0px; width: 59px;\"><p style=\"margin-bottom: 1em; color: #000000; line-height: normal;\"><span style=\"font-size: 8.5pt; font-family: Verdana, sans-serif;\">03<\/span><\/p><\/td><td style=\"padding: 0px; width: 392px;\"><p style=\"margin-bottom: 1em; color: #000000; line-height: normal;\"><strong><span style=\"font-size: 8.5pt; font-family: Verdana, sans-serif;\">Inscription en troisi\u00e8me ann\u00e9e \u00a0(L3)<\/span><\/strong><strong><span style=\"font-size: 6pt; font-family: Verdana, sans-serif;\">\u00a0\u00a0 \u00a0<\/span><\/strong><strong><span style=\"font-size: 6pt; font-family: Verdana, sans-serif; color: lime;\">(New)<\/span><\/strong><\/p><p style=\"margin-bottom: 1em; color: #000000; line-height: normal;\"><span style=\"font-size: 10pt; font-family: Symbol;\">\u00b7\u00a0\u00a0\u00a0\u00a0\u00a0<\/span><a style=\"color: #3d5dff;\" href=\"https:\/\/www.univ-usto.dz\/faculte\/fac-snv\/images\/Graduation_snv\/Scolarit%C3%A9\/Reinscrit_L3.pdf\"><span style=\"font-size: 12pt; font-family: Helvetica, sans-serif; color: #0099ff;\">Dossier \u00e0 fournir pour inscription en L3<\/span><\/a><\/p><p style=\"margin-bottom: 1em; color: #000000; line-height: normal;\"><span style=\"font-size: 10pt; font-family: Symbol;\">\u00b7\u00a0\u00a0\u00a0\u00a0\u00a0<\/span><a style=\"color: #3d5dff;\" href=\"https:\/\/www.univ-usto.dz\/faculte\/fac-snv\/images\/Graduation_snv\/Scolarit%C3%A9\/Fiche_de_Renseignement_L3_REC1.doc\"><span style=\"font-size: 12pt; font-family: Helvetica, sans-serif; color: #0099ff;\">Fiche de renseignement.<\/span><\/a><\/p><\/td><\/tr><\/tbody><\/table><table style=\"max-width: 100%; color: #333333; font-family: 'Helvetica Neue', Helvetica, Arial, sans-serif; font-size: 10px; width: 542px; margin-left: auto; margin-right: auto;\"><tbody><tr><td style=\"padding: 0px; background: #4bacc6; width: 64px;\"><p style=\"margin-bottom: 1em; color: #000000; line-height: normal;\"><strong><span style=\"font-size: 8.5pt; font-family: Verdana, sans-serif; color: white;\">N\u00b0<\/span><\/strong><\/p><\/td><td style=\"padding: 0px; background: #4bacc6; width: 645px;\"><p style=\"margin-bottom: 1em; color: #000000; line-height: normal;\"><strong><span style=\"font-size: 8.5pt; font-family: Verdana, sans-serif; color: white;\"><br \/><\/span><\/strong><strong><span style=\"font-size: 14pt; color: white;\">\u00a0 \u00a0 \u00a0 \u00a0<\/span><\/strong><strong><span style=\"font-size: 24pt; color: white;\">Dipl\u00f4me pr\u00e9par\u00e9\u00a0<\/span><\/strong><strong><span style=\"font-size: 24pt; color: #ff99cc;\">Master<\/span><\/strong><\/p><p style=\"margin-bottom: 1em; color: #000000; line-height: normal;\">\u00a0<\/p><\/td><\/tr><tr><td style=\"padding: 0px; width: 64px;\"><p style=\"margin-bottom: 1em; color: #000000; line-height: normal;\"><span style=\"font-size: 8.5pt; font-family: Verdana, sans-serif;\">01<\/span><\/p><\/td><td style=\"padding: 0px; width: 645px;\"><p style=\"margin-bottom: 1em; color: #000000; line-height: normal;\"><strong><span style=\"font-size: 8.5pt; font-family: Verdana, sans-serif;\">Inscription en Master 1\u00e8re ann\u00e9e (M1) \u00a0\u00a0<\/span><\/strong><strong><span style=\"font-size: 6pt; font-family: Verdana, sans-serif; color: lime;\">(New)<\/span><\/strong><\/p><p style=\"margin-bottom: 1em; color: #000000; line-height: normal;\"><span style=\"font-size: 10pt; font-family: Symbol;\">\u00b7\u00a0\u00a0\u00a0\u00a0\u00a0<\/span><a style=\"color: #3d5dff;\" href=\"https:\/\/www.univ-usto.dz\/faculte\/fac-snv\/images\/Graduation_snv\/Scolarit%C3%A9\/Dossier_inscrit_M1_REC1.pdf\"><span style=\"font-size: 12pt; font-family: Helvetica, sans-serif; color: #0099ff;\">Dossier \u00e0 fournir pour inscription en Master M1.<\/span><\/a><\/p><p style=\"margin-bottom: 1em; color: #000000; line-height: normal;\"><span style=\"font-size: 10pt; font-family: Symbol;\">\u00b7\u00a0\u00a0\u00a0\u00a0\u00a0<\/span><a style=\"color: #3d5dff;\" href=\"https:\/\/www.univ-usto.dz\/faculte\/fac-snv\/images\/Graduation_snv\/Scolarit%C3%A9\/Fiche_de_Renseignement_M1_REC1.doc\"><span style=\"font-size: 12pt; font-family: Helvetica, sans-serif; color: #0099ff;\">Fiche de renseignement.<\/span><\/a><\/p><p style=\"margin-bottom: 1em; color: #000000; line-height: normal;\"><span style=\"font-size: 10pt; font-family: Symbol;\">\u00b7\u00a0\u00a0\u00a0\u00a0\u00a0<\/span><a style=\"color: #3d5dff;\" href=\"https:\/\/www.univ-usto.dz\/faculte\/fac-snv\/images\/Graduation_snv\/Scolarit%C3%A9\/Fiche_de_pr%C3%A9inscription_Master_REC1.doc\"><span style=\"font-size: 12pt; font-family: Helvetica, sans-serif; color: #0099ff;\">Fiche de pr\u00e9inscription en Master.<\/span><\/a><\/p><\/td><\/tr><tr><td style=\"padding: 0px; width: 64px;\"><p style=\"margin-bottom: 1em; color: #000000; line-height: normal;\"><span style=\"font-size: 8.5pt; font-family: Verdana, sans-serif;\">\u00a002<\/span><\/p><\/td><td style=\"padding: 0px; width: 645px;\"><p style=\"margin-bottom: 1em; color: #000000; line-height: normal;\"><strong><span style=\"font-size: 8.5pt; font-family: Verdana, sans-serif;\">R\u00e9inscription en Master 1\u00e8re ann\u00e9e (M1) doublons \u00a0\u00a0<\/span><\/strong><strong><span style=\"font-size: 6pt; font-family: Verdana, sans-serif; color: lime;\">(New) \u00a0 \u00a0 \u00a0 \u00a0 \u00a0\u00a0<\/span><\/strong><\/p><p style=\"margin-bottom: 1em; color: #000000; line-height: normal;\"><span style=\"font-size: 10pt; font-family: Symbol;\">\u00b7\u00a0\u00a0\u00a0\u00a0\u00a0<\/span><a style=\"color: #3d5dff;\" href=\"https:\/\/www.univ-usto.dz\/faculte\/fac-snv\/images\/Graduation_snv\/Scolarit%C3%A9\/Dossier_Reinscrit_M1_doublons.pdf\"><span style=\"font-size: 12pt; font-family: Helvetica, sans-serif; color: #0099ff;\">Dossier \u00e0 fournir pour r\u00e9inscription en Master M1 doublons<\/span><\/a><span style=\"font-size: 12pt; font-family: Helvetica, sans-serif;\">.\u00a0 \u00a0\u00a0<\/span><\/p><p style=\"margin-bottom: 1em; color: #000000; line-height: normal;\"><span style=\"font-size: 10pt; font-family: Symbol;\">\u00b7\u00a0\u00a0\u00a0\u00a0\u00a0<\/span><a style=\"color: #3d5dff;\" href=\"https:\/\/www.univ-usto.dz\/faculte\/fac-snv\/images\/Graduation_snv\/Scolarit%C3%A9\/Fiche_de_Renseignement_M1_REC1.doc\"><span style=\"font-size: 12pt; font-family: Helvetica, sans-serif; color: #0099ff;\">Fiche de renseignement<\/span><\/a><span style=\"font-size: 12pt; font-family: Helvetica, sans-serif;\">\u00a0.<\/span><\/p><\/td><\/tr><tr><td style=\"padding: 0px; width: 64px;\"><p style=\"margin-bottom: 1em; color: #000000; line-height: normal;\"><span style=\"font-size: 8.5pt; font-family: Verdana, sans-serif;\">03\u00a0<\/span><\/p><p style=\"margin-bottom: 1em; color: #000000; line-height: normal;\"><span style=\"font-size: 8.5pt; font-family: Verdana, sans-serif;\">\u00a0<\/span><\/p><\/td><td style=\"padding: 0px; width: 645px;\"><p style=\"margin-bottom: 1em; color: #000000; line-height: normal;\"><strong><span style=\"font-size: 8.5pt; font-family: Verdana, sans-serif;\">Inscription \u00a0en Master 2\u00e8me ann\u00e9e (M2)\u00a0<\/span><\/strong><strong><span style=\"font-size: 6pt; font-family: Verdana, sans-serif;\">\u00a0\u00a0<\/span><\/strong><strong><span style=\"font-size: 6pt; font-family: Verdana, sans-serif; color: lime;\">(New)<\/span><\/strong><strong><span style=\"font-size: 6pt; font-family: Verdana, sans-serif;\">\u00a0 \u00a0 \u00a0 \u00a0 \u00a0 \u00a0 \u00a0 \u00a0 \u00a0 \u00a0 \u00a0 \u00a0 \u00a0 \u00a0 \u00a0<\/span><\/strong><\/p><p style=\"margin-bottom: 1em; color: #000000; line-height: normal;\"><span style=\"font-size: 12pt; font-family: Helvetica, sans-serif;\">\u00a0 \u00a0 \u00a0 *\u00a0<\/span><a style=\"color: #3d5dff;\" href=\"https:\/\/www.univ-usto.dz\/faculte\/fac-snv\/images\/Graduation_snv\/Scolarit%C3%A9\/Dossier_inscrit_M2.pdf\"><span style=\"font-size: 12pt; font-family: Helvetica, sans-serif; color: #0099ff;\">Dossier \u00e0 fournir pour inscription en M2<br \/><\/span><\/a><span style=\"font-size: 12pt; font-family: Helvetica, sans-serif;\">\u00a0 \u00a0 \u00a0 *\u00a0<\/span><a style=\"color: #3d5dff;\" href=\"https:\/\/www.univ-usto.dz\/faculte\/fac-snv\/images\/Graduation_snv\/Scolarit%C3%A9\/Fiche_de_Renseignement_M2_REC.doc\"><span style=\"font-size: 12pt; font-family: Helvetica, sans-serif; color: #0099ff;\">Fiche de renseignement<\/span><\/a><\/p><\/td><\/tr><tr><td style=\"padding: 0px; width: 64px;\"><p style=\"margin-bottom: 1em; color: #000000; line-height: normal;\"><span style=\"font-size: 8.5pt; font-family: Verdana, sans-serif;\">04<\/span><\/p><\/td><td style=\"padding: 0px; width: 645px;\"><p style=\"margin-bottom: 1em; color: #000000; line-height: normal;\"><strong><span style=\"font-size: 8.5pt; font-family: Verdana, sans-serif;\">R\u00e9inscription en Master 2\u00e8me ann\u00e9e (M2) doublons \u00a0<\/span><\/strong><strong><span style=\"font-size: 6pt; font-family: Verdana, sans-serif; color: lime;\">(New)<\/span><\/strong><\/p><p style=\"margin-bottom: 1em; color: #000000; line-height: normal;\"><span style=\"font-size: 10pt; font-family: Symbol;\">\u00b7\u00a0\u00a0\u00a0\u00a0\u00a0<\/span><a style=\"color: #3d5dff;\" href=\"https:\/\/www.univ-usto.dz\/faculte\/fac-snv\/images\/Graduation_snv\/Scolarit%C3%A9\/Dossier_Reinscrit_M2.pdf\"><span style=\"font-size: 12pt; font-family: Helvetica, sans-serif; color: #0099ff;\">Dossier \u00e0 fournir pour r\u00e9inscription en M2<\/span><\/a><span style=\"font-size: 12pt; font-family: Helvetica, sans-serif;\">.<\/span><\/p><p style=\"margin-bottom: 1em; color: #000000; line-height: normal;\"><span style=\"font-size: 10pt; font-family: Symbol;\">\u00b7\u00a0\u00a0\u00a0\u00a0\u00a0<\/span><a style=\"color: #3d5dff;\" href=\"https:\/\/www.univ-usto.dz\/faculte\/fac-snv\/images\/Graduation_snv\/Scolarit%C3%A9\/Fiche_de_Renseignement_M2_REC.doc\"><span style=\"font-size: 12pt; font-family: Helvetica, sans-serif; color: #0099ff;\">Fiche de renseignement<\/span><\/a><\/p><\/td><\/tr><\/tbody><\/table>\t\t\t\t\t\t\t\t<\/div>\n\t\t\t\t<\/div>\n\t\t\t\t\t<\/div>\n\t\t<\/div>\n\t\t\t\t\t<\/div>\n\t\t<\/section>\n\t\t\t\t<\/div>\n\t\t","protected":false},"excerpt":{"rendered":"<p>\u00a0Service Scolarit\u00e9 :\u00a0 Le Service des enseignements au niveau de la facult\u00e9 Relevant du Vice-Doyen charg\u00e9 des \u00e9tudes et des questions li\u00e9es aux \u00e9tudiants, le Service des enseignements constitue une <a href=\"https:\/\/www.univ-usto.dz\/faculte\/fac-snv\/service-scolarite\/\" class=\"read-more\">Lire la suite &#8230;<\/a><\/p>\n","protected":false},"author":18,"featured_media":0,"parent":0,"menu_order":0,"comment_status":"closed","ping_status":"closed","template":"","meta":{"footnotes":""},"class_list":["post-11226","page","type-page","status-publish","hentry"],"_links":{"self":[{"href":"https:\/\/www.univ-usto.dz\/faculte\/fac-snv\/wp-json\/wp\/v2\/pages\/11226","targetHints":{"allow":["GET"]}}],"collection":[{"href":"https:\/\/www.univ-usto.dz\/faculte\/fac-snv\/wp-json\/wp\/v2\/pages"}],"about":[{"href":"https:\/\/www.univ-usto.dz\/faculte\/fac-snv\/wp-json\/wp\/v2\/types\/page"}],"author":[{"embeddable":true,"href":"https:\/\/www.univ-usto.dz\/faculte\/fac-snv\/wp-json\/wp\/v2\/users\/18"}],"replies":[{"embeddable":true,"href":"https:\/\/www.univ-usto.dz\/faculte\/fac-snv\/wp-json\/wp\/v2\/comments?post=11226"}],"version-history":[{"count":19,"href":"https:\/\/www.univ-usto.dz\/faculte\/fac-snv\/wp-json\/wp\/v2\/pages\/11226\/revisions"}],"predecessor-version":[{"id":13306,"href":"https:\/\/www.univ-usto.dz\/faculte\/fac-snv\/wp-json\/wp\/v2\/pages\/11226\/revisions\/13306"}],"wp:attachment":[{"href":"https:\/\/www.univ-usto.dz\/faculte\/fac-snv\/wp-json\/wp\/v2\/media?parent=11226"}],"curies":[{"name":"wp","href":"https:\/\/api.w.org\/{rel}","templated":true}]}}