{"id":11249,"date":"2021-06-24T10:26:41","date_gmt":"2021-06-24T10:26:41","guid":{"rendered":"https:\/\/www.univ-usto.dz\/faculte\/fac-snv\/?page_id=11249"},"modified":"2021-06-24T13:25:21","modified_gmt":"2021-06-24T13:25:21","slug":"lames-preparees","status":"publish","type":"page","link":"https:\/\/www.univ-usto.dz\/faculte\/fac-snv\/lames-preparees\/","title":{"rendered":"Lames Pr\u00e9par\u00e9es"},"content":{"rendered":"\t\t<div data-elementor-type=\"wp-page\" data-elementor-id=\"11249\" class=\"elementor elementor-11249\">\n\t\t\t\t\t\t<section class=\"elementor-section elementor-top-section elementor-element elementor-element-0839a49 elementor-section-boxed elementor-section-height-default elementor-section-height-default\" data-id=\"0839a49\" data-element_type=\"section\">\n\t\t\t\t\t\t<div class=\"elementor-container elementor-column-gap-default\">\n\t\t\t\t\t<div class=\"elementor-column elementor-col-100 elementor-top-column elementor-element elementor-element-6a25a27\" data-id=\"6a25a27\" data-element_type=\"column\">\n\t\t\t<div class=\"elementor-widget-wrap elementor-element-populated\">\n\t\t\t\t\t\t<div class=\"elementor-element elementor-element-36954ea elementor-widget elementor-widget-text-editor\" data-id=\"36954ea\" data-element_type=\"widget\" data-widget_type=\"text-editor.default\">\n\t\t\t\t<div class=\"elementor-widget-container\">\n\t\t\t\t\t\t\t\t\t<p style=\"margin-bottom: 1em; color: #000000;\"><span style=\"text-decoration-line: underline; font-size: 24pt; color: #000070;\"><strong><span style=\"font-family: Rockwell, serif;\">Laboratoire de Pr\u00e9paration:<\/span><\/strong><\/span><strong><span style=\"font-family: Rockwell, serif;\">\u00a0\u00a0<img decoding=\"async\" style=\"vertical-align: middle; border-width: 0px; border-style: initial; display: inline-block; padding: 7px;\" src=\"https:\/\/www.univ-usto.dz\/faculte\/fac-snv\/images\/Nouveau.gif\" alt=\"Nouveau\" width=\"164\" height=\"62\" \/><\/span><\/strong><span style=\"font-size: 18pt;\"><strong><br \/><\/strong><\/span><\/p><p style=\"margin-bottom: 1em; color: #000000;\"><span style=\"font-size: 24pt;\"><strong><span style=\"font-family: Rockwell, serif;\">Lames Pr\u00e9par\u00e9es :\u00a0<\/span><\/strong><span style=\"font-family: Rockwell, serif;\"><span style=\"font-size: 14pt; color: #651fff;\"><span style=\"color: #333333;\">Pour en savoir plus cliquez<\/span>\u00a0 \u00a0<span style=\"background-color: #ffff00; font-size: 18pt;\">\u00a0\u00a0<a href=\"https:\/\/www.univ-usto.dz\/fac-snv\/wp-content\/uploads\/2021\/06\/Lames_Preparees-1.pdf\"><strong>ici<span style=\"color: #ffff00;\">.<\/span><\/strong><\/a><\/span><\/span><\/span><\/span><\/p><p style=\"margin-bottom: 1em; color: #000000;\"><span style=\"font-family: Rockwell, serif; font-size: 24pt;\"><span style=\"font-size: 18pt;\"><span style=\"font-size: 24pt;\"><strong>Sp\u00e9cimen<\/strong>\u00a0<\/span>:\u00a0<span style=\"color: #333333;\">Lettre de demande de Produits<\/span>\u00a0(<\/span><\/span><span style=\"font-weight: var( --e-global-typography-text-font-weight ); font-size: 18pt; font-family: Rockwell, serif; text-decoration-line: underline; background-color: #ffff00; color: #333399;\"><strong><a href=\"https:\/\/www.univ-usto.dz\/fac-snv\/wp-content\/uploads\/2021\/06\/specimen_lettre_demande_de_produits_-1.docx\">\u00a0\u00e0 t\u00e9l\u00e9charger ici_<\/a><\/strong><\/span><span style=\"font-weight: var( --e-global-typography-text-font-weight ); background-color: inherit; font-size: 18pt; font-family: Rockwell, serif;\">)\u00a0<\/span><\/p>\t\t\t\t\t\t\t\t<\/div>\n\t\t\t\t<\/div>\n\t\t\t\t\t<\/div>\n\t\t<\/div>\n\t\t\t\t\t<\/div>\n\t\t<\/section>\n\t\t\t\t<\/div>\n\t\t","protected":false},"excerpt":{"rendered":"<p>Laboratoire de Pr\u00e9paration:\u00a0\u00a0 Lames Pr\u00e9par\u00e9es :\u00a0Pour en savoir plus cliquez\u00a0 \u00a0\u00a0\u00a0ici. Sp\u00e9cimen\u00a0:\u00a0Lettre de demande de Produits\u00a0(\u00a0\u00e0 t\u00e9l\u00e9charger ici_)\u00a0<\/p>\n","protected":false},"author":18,"featured_media":0,"parent":0,"menu_order":0,"comment_status":"closed","ping_status":"closed","template":"","meta":{"footnotes":""},"class_list":["post-11249","page","type-page","status-publish","hentry"],"_links":{"self":[{"href":"https:\/\/www.univ-usto.dz\/faculte\/fac-snv\/wp-json\/wp\/v2\/pages\/11249","targetHints":{"allow":["GET"]}}],"collection":[{"href":"https:\/\/www.univ-usto.dz\/faculte\/fac-snv\/wp-json\/wp\/v2\/pages"}],"about":[{"href":"https:\/\/www.univ-usto.dz\/faculte\/fac-snv\/wp-json\/wp\/v2\/types\/page"}],"author":[{"embeddable":true,"href":"https:\/\/www.univ-usto.dz\/faculte\/fac-snv\/wp-json\/wp\/v2\/users\/18"}],"replies":[{"embeddable":true,"href":"https:\/\/www.univ-usto.dz\/faculte\/fac-snv\/wp-json\/wp\/v2\/comments?post=11249"}],"version-history":[{"count":13,"href":"https:\/\/www.univ-usto.dz\/faculte\/fac-snv\/wp-json\/wp\/v2\/pages\/11249\/revisions"}],"predecessor-version":[{"id":11265,"href":"https:\/\/www.univ-usto.dz\/faculte\/fac-snv\/wp-json\/wp\/v2\/pages\/11249\/revisions\/11265"}],"wp:attachment":[{"href":"https:\/\/www.univ-usto.dz\/faculte\/fac-snv\/wp-json\/wp\/v2\/media?parent=11249"}],"curies":[{"name":"wp","href":"https:\/\/api.w.org\/{rel}","templated":true}]}}