{"id":11267,"date":"2021-06-28T14:08:43","date_gmt":"2021-06-28T14:08:43","guid":{"rendered":"https:\/\/www.univ-usto.dz\/faculte\/fac-snv\/?page_id=11267"},"modified":"2021-06-28T14:17:43","modified_gmt":"2021-06-28T14:17:43","slug":"dossier-a-fournir-de-reinscription-doctorat-lmd","status":"publish","type":"page","link":"https:\/\/www.univ-usto.dz\/faculte\/fac-snv\/dossier-a-fournir-de-reinscription-doctorat-lmd\/","title":{"rendered":"DOSSIER A FOURNIR DE REINSCRIPTION DOCTORAT LMD"},"content":{"rendered":"\t\t<div data-elementor-type=\"wp-page\" data-elementor-id=\"11267\" class=\"elementor elementor-11267\">\n\t\t\t\t\t\t<section class=\"elementor-section elementor-top-section elementor-element elementor-element-cb7e049 elementor-section-boxed elementor-section-height-default elementor-section-height-default\" data-id=\"cb7e049\" data-element_type=\"section\">\n\t\t\t\t\t\t<div class=\"elementor-container elementor-column-gap-default\">\n\t\t\t\t\t<div class=\"elementor-column elementor-col-100 elementor-top-column elementor-element elementor-element-e9a9721\" data-id=\"e9a9721\" data-element_type=\"column\">\n\t\t\t<div class=\"elementor-widget-wrap elementor-element-populated\">\n\t\t\t\t\t\t<div class=\"elementor-element elementor-element-746ec6a elementor-widget elementor-widget-text-editor\" data-id=\"746ec6a\" data-element_type=\"widget\" data-widget_type=\"text-editor.default\">\n\t\t\t\t<div class=\"elementor-widget-container\">\n\t\t\t\t\t\t\t\t\t<p><span style=\"font-size: 14pt;\">\u00a0<\/span><\/p><p><span style=\"font-size: 14pt;\">1<\/span><span style=\"font-size: 13.5pt;\">.\u00a0<\/span><span style=\"font-size: 14pt; font-family: Helvetica, sans-serif; color: black;\">Fiche signal\u00e9tique d\u2019inscription \u00a0sign\u00e9e par le candidat, le Directeur(s) de th\u00e8se (04 exemplaires).<\/span><span style=\"font-size: 14pt;\">\u00a0<\/span><span style=\"font-size: 14pt; font-family: Helvetica, sans-serif; color: #c0504d;\"><a style=\"color: #3d5dff;\" href=\"https:\/\/www.univ-usto.dz\/faculte\/fac-snv\/images\/Signalinscritdoctscience.docx\"><span style=\"color: #c0504d;\">Cliquez ici !<\/span><\/a><\/span><\/p><p><span style=\"font-size: 14pt; font-family: Helvetica, sans-serif; color: black;\">2. Photo d\u2019identit\u00e9<\/span><\/p><p><span style=\"font-size: 14pt; font-family: Helvetica, sans-serif; color: black;\">3. Re\u00e7u frais d&rsquo;inscription<\/span><\/p><p><span style=\"font-size: 14pt; font-family: Helvetica, sans-serif; color: black;\">4. \u00c9tat d&rsquo;avancement des travaux de th\u00e8se vis\u00e9 par l\u2019encadreur (04 exemplaires)\u00a0\u00a0<\/span><span style=\"font-size: 14pt; font-family: Helvetica, sans-serif; color: #c0504d;\"><a style=\"color: #3d5dff;\" href=\"https:\/\/www.univ-usto.dz\/faculte\/fac-snv\/images\/etat_davancement.docx\"><span style=\"color: #c0504d;\">Cliquez ici !<\/span><\/a><\/span><\/p><p><span style=\"font-size: 14pt; font-family: Helvetica, sans-serif; color: black;\">5. Attestation d&rsquo;inscription de l&rsquo;ann\u00e9e en cours.<\/span><\/p><p><span style=\"font-size: 14pt; font-family: Helvetica, sans-serif; color: black;\">6. Une demande de d\u00e9rogation doit \u00eatre jointe au dossier de r\u00e9inscription sur la base d\u2019un rapport du directeur de th\u00e8se justifiant le retard. La demande doit \u00eatre vis\u00e9e par le Comit\u00e9 Scientifique du D\u00e9partement. et de facult\u00e9<\/span><\/p><p style=\"margin-bottom: 1em; color: #000000;\"><strong><span style=\"font-size: 20pt; font-family: Helvetica, sans-serif;\">Dossier de 1<span style=\"position: relative; font-size: 20px; line-height: 0; vertical-align: baseline; top: -0.5em;\">er<\/span>\u00a0 Inscription en Doctorat LMD<\/span><\/strong><\/p><p style=\"margin-bottom: 1em; color: #000000;\"><span style=\"font-size: 14pt; font-family: Helvetica, sans-serif;\">Copie du Dipl\u00f4me Master<\/span><\/p><p style=\"margin-bottom: 1em; color: #000000;\"><span style=\"font-size: 14pt; font-family: Helvetica, sans-serif;\">Copie du Dipl\u00f4me Licence<\/span><\/p><p style=\"margin-bottom: 1em; color: #000000;\"><span style=\"font-size: 14pt; font-family: Helvetica, sans-serif;\">Copie du dipl\u00f4me de baccalaur\u00e9at<\/span><\/p><p style=\"margin-bottom: 1em; color: #000000;\"><span style=\"font-size: 14pt; font-family: Helvetica, sans-serif;\">Relev\u00e9s des notes cursus de master<\/span><\/p><p style=\"margin-bottom: 1em; color: #000000;\"><span style=\"font-size: 14pt; font-family: Helvetica, sans-serif;\">Relev\u00e9s des notes cursus de licence<\/span><\/p><p style=\"margin-bottom: 1em; color: #000000;\"><span style=\"font-size: 14pt; font-family: Helvetica, sans-serif;\">copie de relev\u00e9 de note Bac<\/span><\/p><p style=\"margin-bottom: 1em; color: #000000;\"><span style=\"font-size: 14pt; font-family: Helvetica, sans-serif;\">Copie du\u00a0Annexe de master.<\/span><\/p><p style=\"margin-bottom: 1em; color: #000000;\"><span style=\"font-size: 14pt; font-family: Helvetica, sans-serif;\">Autorisation de l\u2019organisme employeur<\/span><\/p><p style=\"margin-bottom: 1em; color: #000000;\"><span style=\"font-size: 14pt; font-family: Helvetica, sans-serif;\">Activit\u00e9 et non Affiliation (CNAS et CASNOS) pour les non- employ\u00e9s.<\/span><\/p><p style=\"margin-bottom: 1em; color: #000000;\"><span style=\"font-size: 14pt; font-family: Helvetica, sans-serif;\">Extrait d&rsquo;acte de naissance<\/span><\/p><p style=\"margin-bottom: 1em; color: #000000;\"><span style=\"font-size: 14pt; font-family: Helvetica, sans-serif;\">copie de la carte d\u2019identit\u00e9<\/span><\/p><p style=\"margin-bottom: 1em; color: #000000;\"><span style=\"font-size: 14pt; font-family: Helvetica, sans-serif;\">04 Fiche signal\u00e9tique\u00a0\u00a0<\/span><span style=\"font-size: 14pt; font-family: Helvetica, sans-serif; color: #c0504d;\"><a style=\"color: #3d5dff;\" href=\"https:\/\/www.univ-usto.dz\/faculte\/fac-snv\/images\/Signalinscritdoctscience.docx\"><span style=\"color: #c0504d;\">Cliquez ici !<\/span><\/a><\/span><\/p><p style=\"margin-bottom: 1em; color: #000000;\"><span style=\"font-size: 14pt; font-family: Helvetica, sans-serif;\">Deux 02 Photos\u00a0 d\u2019identit\u00e9<\/span><\/p><p style=\"margin-bottom: 1em; color: #000000;\"><span style=\"font-size: 14pt; font-family: Helvetica, sans-serif;\">Fiche de signalement du sujet de th\u00e8se sur le portail national de signalement de th\u00e8ses (PNST).<\/span><\/p><p style=\"margin-bottom: 1em; color: #000000;\"><span style=\"font-size: 14pt; font-family: Helvetica, sans-serif;\">Re\u00e7u frais d&rsquo;inscription<\/span><\/p>\t\t\t\t\t\t\t\t<\/div>\n\t\t\t\t<\/div>\n\t\t\t\t\t<\/div>\n\t\t<\/div>\n\t\t\t\t\t<\/div>\n\t\t<\/section>\n\t\t\t\t<\/div>\n\t\t","protected":false},"excerpt":{"rendered":"<p>\u00a0 1.\u00a0Fiche signal\u00e9tique d\u2019inscription \u00a0sign\u00e9e par le candidat, le Directeur(s) de th\u00e8se (04 exemplaires).\u00a0Cliquez ici ! 2. Photo d\u2019identit\u00e9 3. Re\u00e7u frais d&rsquo;inscription 4. \u00c9tat d&rsquo;avancement des travaux de th\u00e8se <a href=\"https:\/\/www.univ-usto.dz\/faculte\/fac-snv\/dossier-a-fournir-de-reinscription-doctorat-lmd\/\" class=\"read-more\">Lire la suite &#8230;<\/a><\/p>\n","protected":false},"author":18,"featured_media":0,"parent":0,"menu_order":0,"comment_status":"closed","ping_status":"closed","template":"","meta":{"footnotes":""},"class_list":["post-11267","page","type-page","status-publish","hentry"],"_links":{"self":[{"href":"https:\/\/www.univ-usto.dz\/faculte\/fac-snv\/wp-json\/wp\/v2\/pages\/11267","targetHints":{"allow":["GET"]}}],"collection":[{"href":"https:\/\/www.univ-usto.dz\/faculte\/fac-snv\/wp-json\/wp\/v2\/pages"}],"about":[{"href":"https:\/\/www.univ-usto.dz\/faculte\/fac-snv\/wp-json\/wp\/v2\/types\/page"}],"author":[{"embeddable":true,"href":"https:\/\/www.univ-usto.dz\/faculte\/fac-snv\/wp-json\/wp\/v2\/users\/18"}],"replies":[{"embeddable":true,"href":"https:\/\/www.univ-usto.dz\/faculte\/fac-snv\/wp-json\/wp\/v2\/comments?post=11267"}],"version-history":[{"count":7,"href":"https:\/\/www.univ-usto.dz\/faculte\/fac-snv\/wp-json\/wp\/v2\/pages\/11267\/revisions"}],"predecessor-version":[{"id":11284,"href":"https:\/\/www.univ-usto.dz\/faculte\/fac-snv\/wp-json\/wp\/v2\/pages\/11267\/revisions\/11284"}],"wp:attachment":[{"href":"https:\/\/www.univ-usto.dz\/faculte\/fac-snv\/wp-json\/wp\/v2\/media?parent=11267"}],"curies":[{"name":"wp","href":"https:\/\/api.w.org\/{rel}","templated":true}]}}