{"id":11273,"date":"2021-06-28T14:11:11","date_gmt":"2021-06-28T14:11:11","guid":{"rendered":"https:\/\/www.univ-usto.dz\/faculte\/fac-snv\/?page_id=11273"},"modified":"2021-06-28T14:16:25","modified_gmt":"2021-06-28T14:16:25","slug":"dossier-de-reinscription-en-doctorat-en-sciences","status":"publish","type":"page","link":"https:\/\/www.univ-usto.dz\/faculte\/fac-snv\/dossier-de-reinscription-en-doctorat-en-sciences\/","title":{"rendered":"DOSSIER DE REINSCRIPTION EN DOCTORAT EN SCIENCES"},"content":{"rendered":"\t\t<div data-elementor-type=\"wp-page\" data-elementor-id=\"11273\" class=\"elementor elementor-11273\">\n\t\t\t\t\t\t<section class=\"elementor-section elementor-top-section elementor-element elementor-element-70944ed elementor-section-boxed elementor-section-height-default elementor-section-height-default\" data-id=\"70944ed\" data-element_type=\"section\">\n\t\t\t\t\t\t<div class=\"elementor-container elementor-column-gap-default\">\n\t\t\t\t\t<div class=\"elementor-column elementor-col-100 elementor-top-column elementor-element elementor-element-c86c958\" data-id=\"c86c958\" data-element_type=\"column\">\n\t\t\t<div class=\"elementor-widget-wrap elementor-element-populated\">\n\t\t\t\t\t\t<div class=\"elementor-element elementor-element-365d4d1 elementor-widget elementor-widget-text-editor\" data-id=\"365d4d1\" data-element_type=\"widget\" data-widget_type=\"text-editor.default\">\n\t\t\t\t<div class=\"elementor-widget-container\">\n\t\t\t\t\t\t\t\t\t<div><span style=\"color: #000000; font-family: Helvetica, sans-serif;\"><span style=\"font-size: 18.6667px;\">\u00a0<\/span><\/span><\/div><p><span style=\"font-size: 14pt; font-family: Helvetica, sans-serif; color: black;\">1.<\/span>\u00a0<span style=\"font-size: 14pt; font-family: Helvetica, sans-serif; color: black;\">Fiche signal\u00e9tique d\u2019inscription \u00a0sign\u00e9e par le candidat, le Directeur(s) de th\u00e8se (04exemplaires).\u00a0<\/span><span style=\"font-size: 14pt; font-family: Helvetica, sans-serif; color: #c0504d;\"><a style=\"color: #3d5dff;\" href=\"https:\/\/www.univ-usto.dz\/faculte\/fac-snv\/images\/Signalinscritdoctscience.docx\"><span style=\"color: #c0504d;\">Cliquez ici !<\/span><\/a><\/span><\/p><p><span style=\"font-size: 14pt; font-family: Helvetica, sans-serif; color: black;\">2. Photo d\u2019identit\u00e9<\/span><\/p><p><span style=\"font-size: 14pt; font-family: Helvetica, sans-serif; color: black;\">3. Re\u00e7u frais d&rsquo;inscription<\/span><\/p><p><span style=\"font-size: 14pt; font-family: Helvetica, sans-serif;\">4\u00a0 . \u00a0\u00c9tat d&rsquo;avancement des travaux de th\u00e8se\u00a0 (joint clique), vis\u00e9 par l\u2019encadreur\u00a0 (04 exemplaires)\u00a0\u00a0<\/span><span style=\"font-size: 14pt; font-family: Helvetica, sans-serif; color: #c0504d;\"><a style=\"color: #3d5dff;\" href=\"https:\/\/www.univ-usto.dz\/faculte\/fac-snv\/images\/etat_davancement.docx\"><span style=\"color: #c0504d;\">Cliquez ici !<\/span><\/a><\/span><\/p><p><span style=\"font-size: 14pt; font-family: Helvetica, sans-serif; color: black;\">5. Attestation d&rsquo;inscription de l&rsquo;ann\u00e9e en cours.<\/span><\/p><p><span style=\"font-size: 14pt; font-family: Helvetica, sans-serif; color: black;\">6. Une demande de d\u00e9rogation doit \u00eatre jointe au dossier de r\u00e9inscription sur la base d\u2019un rapport du directeur de th\u00e8se justifiant le retard. La demande doit \u00eatre vis\u00e9e par le Comit\u00e9 Scientifique du D\u00e9partement.et de facult\u00e9<\/span><\/p><p><strong><span style=\"font-size: 19pt; font-family: Helvetica, sans-serif;\">Dossier de 1<span style=\"position: relative; font-size: 19px; line-height: 0; vertical-align: baseline; top: -0.5em;\">er<\/span>\u00a0 Inscription en Doctorat en Sciences<\/span><\/strong><\/p><p><span style=\"font-size: 14pt; font-family: Helvetica, sans-serif;\">Copie du Dipl\u00f4me de Magist\u00e8re<\/span><\/p><p><span style=\"font-size: 14pt; font-family: Helvetica, sans-serif;\">Copie du Dipl\u00f4me de Licence<\/span><\/p><p><span style=\"font-size: 14pt; font-family: Helvetica, sans-serif;\">Copie du dipl\u00f4me de baccalaur\u00e9at<\/span><\/p><p><span style=\"font-size: 14pt; font-family: Helvetica, sans-serif;\">Copie du Relev\u00e9s des notes de licence<\/span><\/p><p><span style=\"font-size: 14pt; font-family: Helvetica, sans-serif;\">Copie du Relev\u00e9s des notes de Magist\u00e8re<\/span><\/p><p><span style=\"font-size: 14pt; font-family: Helvetica, sans-serif;\">Photocopie de relev\u00e9 de note du Bac.<\/span><\/p><p><span style=\"font-size: 14pt; font-family: Helvetica, sans-serif;\">Autorisation de l&#8217;employeur pour les employ\u00e9s.<\/span><\/p><p><span style=\"font-size: 14pt; font-family: Helvetica, sans-serif;\">Non Activit\u00e9 et non Affiliation (CNAS et CASNOS) pour les non- employ\u00e9s<\/span><\/p><p><span style=\"font-size: 14pt; font-family: Helvetica, sans-serif;\">Extrait d&rsquo;acte de naissance<\/span><\/p><p><span style=\"font-size: 14pt; font-family: Helvetica, sans-serif;\">copie de la carte d\u2019identit\u00e9<\/span><\/p><p><span style=\"font-size: 14pt; font-family: Helvetica, sans-serif;\">04 Fiches signal\u00e9tique\u00a0\u00a0<\/span><span style=\"font-size: 14pt; font-family: Helvetica, sans-serif; color: #c0504d;\"><a style=\"color: #3d5dff;\" href=\"https:\/\/www.univ-usto.dz\/faculte\/fac-snv\/images\/Signalinscritdoctscience.docx\"><span style=\"color: #c0504d;\">Cliquez ici !<\/span><\/a><\/span><\/p><p><span style=\"font-size: 14pt; font-family: Helvetica, sans-serif;\">Deux 02 Photos d\u2019identit\u00e9<\/span><\/p><p><span style=\"font-size: 14pt; font-family: Helvetica, sans-serif;\">Fiche de signalement du sujet de th\u00e8se sur le portail national de signalement de th\u00e8ses (PNST).<\/span><\/p><p><span style=\"font-size: 14pt; font-family: Helvetica, sans-serif;\">Re\u00e7u frais d&rsquo;inscription.<\/span><\/p><p><strong><span style=\"font-size: 14pt;\">\u00a0 \u00a0 Et<\/span><\/strong><\/p><p><span style=\"font-size: 12pt;\">Vous devez vous inscrire\u00a0<strong><span style=\"color: #339966;\">en Ligne,<\/span><\/strong>\u00a0en\u00a0remplissant les fiches de renseignements suivantes :\u00a0\u00a0<\/span><\/p><table style=\"max-width: 100%; color: #333333;\"><tbody><tr><td style=\"padding: 0px; vertical-align: top;\"><span style=\"font-size: 18pt;\">\u00a0Doctorat\u00a0<span style=\"color: #00ccff;\">( LMD )<\/span><span style=\"color: #000000;\"><br \/><\/span><\/span><\/td><td style=\"padding: 0px; vertical-align: bottom;\"><span style=\"font-size: 18pt;\">\u00a0<a style=\"color: #3d5dff;\" href=\"https:\/\/docs.google.com\/forms\/d\/e\/1FAIpQLSdabXtchC11FEfMgu0kjor9fF2gHLqpVpPiyGCdtQBev2DFiA\/viewform\" target=\"_blank\" rel=\"noopener\"><img decoding=\"async\" style=\"vertical-align: middle; border-width: 0px; border-style: initial; display: inline-block;\" src=\"https:\/\/www.univ-usto.dz\/faculte\/fac-snv\/images\/imagSNV\/cliquez-ici.gif\" alt=\"cliquez ici\" width=\"155\" height=\"80\" \/><\/a><\/span><\/td><\/tr><tr><td style=\"padding: 0px; vertical-align: top;\"><span style=\"font-size: 18pt;\">\u00a0Doctorat\u00a0<span style=\"color: #99cc00;\">( Sciences)<\/span><span style=\"color: #000000;\"><br \/><\/span><\/span><\/td><td style=\"padding: 0px; vertical-align: bottom;\"><span style=\"font-size: 18pt;\">\u00a0<a style=\"color: #ff1279; outline: none;\" href=\"https:\/\/docs.google.com\/forms\/d\/e\/1FAIpQLSeG8hOfKDyGrhN89j26ZWtbRr2R8vBQG6EDFyJgGzTVFsFYJg\/viewform\" target=\"_blank\" rel=\"noopener\"><img decoding=\"async\" style=\"vertical-align: middle; border-width: 0px; border-style: initial; display: inline-block;\" src=\"https:\/\/www.univ-usto.dz\/faculte\/fac-snv\/images\/imagSNV\/cliquez-ici.gif\" alt=\"cliquez ici\" width=\"155\" height=\"80\" \/><\/a><\/span><\/td><\/tr><\/tbody><\/table>\t\t\t\t\t\t\t\t<\/div>\n\t\t\t\t<\/div>\n\t\t\t\t\t<\/div>\n\t\t<\/div>\n\t\t\t\t\t<\/div>\n\t\t<\/section>\n\t\t\t\t<\/div>\n\t\t","protected":false},"excerpt":{"rendered":"<p>\u00a0 1.\u00a0Fiche signal\u00e9tique d\u2019inscription \u00a0sign\u00e9e par le candidat, le Directeur(s) de th\u00e8se (04exemplaires).\u00a0Cliquez ici ! 2. Photo d\u2019identit\u00e9 3. Re\u00e7u frais d&rsquo;inscription 4\u00a0 . \u00a0\u00c9tat d&rsquo;avancement des travaux de th\u00e8se\u00a0 <a href=\"https:\/\/www.univ-usto.dz\/faculte\/fac-snv\/dossier-de-reinscription-en-doctorat-en-sciences\/\" class=\"read-more\">Lire la suite &#8230;<\/a><\/p>\n","protected":false},"author":18,"featured_media":0,"parent":0,"menu_order":0,"comment_status":"closed","ping_status":"closed","template":"","meta":{"footnotes":""},"class_list":["post-11273","page","type-page","status-publish","hentry"],"_links":{"self":[{"href":"https:\/\/www.univ-usto.dz\/faculte\/fac-snv\/wp-json\/wp\/v2\/pages\/11273","targetHints":{"allow":["GET"]}}],"collection":[{"href":"https:\/\/www.univ-usto.dz\/faculte\/fac-snv\/wp-json\/wp\/v2\/pages"}],"about":[{"href":"https:\/\/www.univ-usto.dz\/faculte\/fac-snv\/wp-json\/wp\/v2\/types\/page"}],"author":[{"embeddable":true,"href":"https:\/\/www.univ-usto.dz\/faculte\/fac-snv\/wp-json\/wp\/v2\/users\/18"}],"replies":[{"embeddable":true,"href":"https:\/\/www.univ-usto.dz\/faculte\/fac-snv\/wp-json\/wp\/v2\/comments?post=11273"}],"version-history":[{"count":7,"href":"https:\/\/www.univ-usto.dz\/faculte\/fac-snv\/wp-json\/wp\/v2\/pages\/11273\/revisions"}],"predecessor-version":[{"id":11281,"href":"https:\/\/www.univ-usto.dz\/faculte\/fac-snv\/wp-json\/wp\/v2\/pages\/11273\/revisions\/11281"}],"wp:attachment":[{"href":"https:\/\/www.univ-usto.dz\/faculte\/fac-snv\/wp-json\/wp\/v2\/media?parent=11273"}],"curies":[{"name":"wp","href":"https:\/\/api.w.org\/{rel}","templated":true}]}}