{"id":11285,"date":"2021-06-28T14:19:47","date_gmt":"2021-06-28T14:19:47","guid":{"rendered":"https:\/\/www.univ-usto.dz\/faculte\/fac-snv\/?page_id=11285"},"modified":"2021-06-29T13:47:45","modified_gmt":"2021-06-29T13:47:45","slug":"soutenance-doctorat","status":"publish","type":"page","link":"https:\/\/www.univ-usto.dz\/faculte\/fac-snv\/soutenance-doctorat\/","title":{"rendered":"soutenance de doctorat (LMD)"},"content":{"rendered":"\t\t<div data-elementor-type=\"wp-page\" data-elementor-id=\"11285\" class=\"elementor elementor-11285\">\n\t\t\t\t\t\t<section class=\"elementor-section elementor-top-section elementor-element elementor-element-bb93359 elementor-section-boxed elementor-section-height-default elementor-section-height-default\" data-id=\"bb93359\" data-element_type=\"section\">\n\t\t\t\t\t\t<div class=\"elementor-container elementor-column-gap-default\">\n\t\t\t\t\t<div class=\"elementor-column elementor-col-100 elementor-top-column elementor-element elementor-element-9939e2b\" data-id=\"9939e2b\" data-element_type=\"column\">\n\t\t\t<div class=\"elementor-widget-wrap elementor-element-populated\">\n\t\t\t\t\t\t<div class=\"elementor-element elementor-element-b1a1512 elementor-widget elementor-widget-text-editor\" data-id=\"b1a1512\" data-element_type=\"widget\" data-widget_type=\"text-editor.default\">\n\t\t\t\t<div class=\"elementor-widget-container\">\n\t\t\t\t\t\t\t\t\t<p style=\"margin-bottom: 1em; color: #000000; font-family: 'Helvetica Neue', Helvetica, Arial, sans-serif; font-size: 10px; line-height: normal; text-align: center;\"><br><\/p>\n<p style=\"margin-bottom: 1em; color: #000000; font-family: 'Helvetica Neue', Helvetica, Arial, sans-serif; font-size: 10px; line-height: normal; text-align: center;\"><strong><span style=\"text-decoration-line: underline;\"><span style=\"font-size: 20pt; font-family: 'Times New Roman', serif; color: #4f81bd;\">Dossier de demande de &nbsp;soutenance de doctorat (LMD)<\/span><\/span><\/strong><\/p>\n<p style=\"margin-bottom: 1em; color: #000000; font-family: 'Helvetica Neue', Helvetica, Arial, sans-serif; font-size: 10px; line-height: normal; text-align: center;\"><strong><span style=\"font-size: 14pt; font-family: 'Times New Roman', serif;\">Un exemplaire de th\u00e8se.<\/span><\/strong><\/p>\n<p style=\"margin-bottom: 1em; color: #000000; font-family: 'Helvetica Neue', Helvetica, Arial, sans-serif; font-size: 10px; line-height: 17.8pt; text-align: center;\"><strong><span style=\"font-size: 14pt; font-family: 'Times New Roman', serif;\">Demande de proposition du jury sign\u00e9 par l\u2019encadreur. &nbsp;(Fran\u00e7ais &#8211; Arabe )<\/span><\/strong><\/p>\n<p style=\"margin-bottom: 1em; color: #000000; font-family: 'Helvetica Neue', Helvetica, Arial, sans-serif; font-size: 10px; line-height: 17.8pt; text-align: center;\"><strong><span style=\"font-size: 14pt; font-family: 'Times New Roman', serif;\">Demande d&rsquo;autorisation de soutenance sign\u00e9e par l\u2019encadreur.<\/span><\/strong><\/p>\n<p style=\"margin-bottom: 1em; color: #000000; font-family: 'Helvetica Neue', Helvetica, Arial, sans-serif; font-size: 10px; line-height: 17.8pt; text-align: center;\"><strong><span style=\"font-size: 14pt; font-family: 'Times New Roman', serif;\">Une copie de l\u2019article publi\u00e9.<\/span><\/strong><\/p>\n<p style=\"margin-bottom: 1em; color: #000000; font-family: 'Helvetica Neue', Helvetica, Arial, sans-serif; font-size: 10px; line-height: 17.8pt; text-align: center;\"><strong><span style=\"font-size: 14pt; font-family: 'Times New Roman', serif;\">Annexe 1:&nbsp;Rapport de Soutenabilit\u00e9 du Directeur de Th\u00e8se.&nbsp;&nbsp;<\/span><\/strong><strong><span style=\"font-size: 14pt; font-family: 'Times New Roman', serif; color: #c0504d;\"><a style=\"color: #3d5dff;\" href=\"https:\/\/www.univ-usto.dz\/faculte\/fac-snv\/images\/Annexe_1_LMD_Encadreur.docx\"><span style=\"color: #c0504d;\">Cliquez ici !<\/span><\/a><\/span><\/strong><\/p>\n<p style=\"margin-bottom: 1em; color: #000000; font-family: 'Helvetica Neue', Helvetica, Arial, sans-serif; font-size: 10px; line-height: 17.8pt; text-align: center;\"><strong><span style=\"font-size: 14pt; font-family: 'Times New Roman', serif;\">Annexe&nbsp;2:&nbsp;Rapport sur la Publication, son Environnement&nbsp;et son Ad\u00e9quation avec la Th\u00e8se.&nbsp;&nbsp;<\/span><\/strong><strong><span style=\"font-size: 14pt; font-family: 'Times New Roman', serif; color: red;\"><a style=\"color: #3d5dff;\" href=\"https:\/\/www.univ-usto.dz\/faculte\/fac-snv\/images\/Annexe_2_Encadreur.docx\"><span style=\"color: red;\">Cliquez ici !<\/span><\/a><\/span><\/strong><\/p>\n<p style=\"margin-bottom: 1em; color: #000000; font-family: 'Helvetica Neue', Helvetica, Arial, sans-serif; font-size: 10px; line-height: 15pt; text-align: center;\"><strong><span style=\"font-size: 14pt; font-family: 'Times New Roman', serif;\">Annexe&nbsp;3:Attestation d&rsquo;inscription r\u00e9guli\u00e8re en Doctorat.&nbsp;&nbsp;<\/span><\/strong><strong><span style=\"font-size: 14pt; font-family: 'Times New Roman', serif; color: #c0504d;\"><a style=\"color: #3d5dff;\" href=\"https:\/\/www.univ-usto.dz\/faculte\/fac-snv\/images\/A.nnexe_3_LMD_CoEncadreur.docx\"><span style=\"color: #c0504d;\">Cliquez ici !<\/span><\/a><\/span><\/strong><\/p>\n<p style=\"margin-bottom: 1em; color: #000000; font-family: 'Helvetica Neue', Helvetica, Arial, sans-serif; font-size: 10px; line-height: 15pt; text-align: center;\"><strong><span style=\"font-size: 14pt; font-family: 'Times New Roman', serif;\">Fiche de Recevabilit\u00e9 de Publication pour Dossier de Soutenance.&nbsp;&nbsp;<\/span><\/strong><span style=\"color: #ff0000;\"><strong><span style=\"font-size: 14pt; font-family: 'Times New Roman', serif;\"><a style=\"color: #ff0000;\" href=\"https:\/\/drive.google.com\/file\/d\/1xB4219QAyktZbRraIwngZelMq-BV9ws_\/view?usp=sharing\">Cliquez ici !<\/a><\/span><\/strong><\/span><\/p>\n<p style=\"margin-bottom: 1em; color: #000000; font-family: 'Helvetica Neue', Helvetica, Arial, sans-serif; font-size: 10px; line-height: 15pt; text-align: center;\"><strong><span style=\"font-size: 14pt; font-family: 'Times New Roman', serif;\">Fiche de signalement du sujet de th\u00e8se sur le portail national de signalement de th\u00e8ses (PNST)<\/span><\/strong><\/p>\n<p style=\"margin-bottom: 1em; color: #000000; font-family: 'Helvetica Neue', Helvetica, Arial, sans-serif; font-size: 10px; line-height: 17.8pt; text-align: center;\"><strong><span style=\"font-size: 14pt; font-family: 'Times New Roman', serif;\">Grille de Recevabilit\u00e9 de la Demande de Soutenance&nbsp;de Th\u00e8se de Doctorat.&nbsp;&nbsp;<\/span><\/strong><strong><span style=\"font-size: 14pt; font-family: 'Times New Roman', serif; color: #c0504d;\"><a style=\"color: #3d5dff;\" href=\"https:\/\/www.univ-usto.dz\/faculte\/fac-snv\/images\/Grille-de-recevabilit%C3%A9_LMD.docx\"><span style=\"color: #c0504d;\">Cliquez ici !<\/span><\/a><\/span><\/strong><\/p>\n<p style=\"margin-bottom: 1em; color: #000000; font-family: 'Helvetica Neue', Helvetica, Arial, sans-serif; font-size: 10px; line-height: 17.8pt; text-align: center;\"><strong><span style=\"font-size: 14pt; font-family: 'Times New Roman', serif;\">Copi\u00e9s des attestations d\u2019inscription (1er, 2\u00e8me&nbsp; 3 &nbsp;&nbsp;4 \u2026.\u2026)<\/span><\/strong><\/p>\n<p style=\"margin-bottom: 1em; color: #000000; font-family: 'Helvetica Neue', Helvetica, Arial, sans-serif; font-size: 10px; line-height: 17.8pt; text-align: center;\"><strong><span style=\"font-size: 14pt; font-family: 'Times New Roman', serif;\">04 fiches signal\u00e9tiques sign\u00e9es par l\u2019encadreur.&nbsp;&nbsp;<\/span><\/strong><strong><span style=\"font-size: 14pt; font-family: 'Times New Roman', serif; color: #c0504d;\"><a style=\"color: #3d5dff;\" href=\"https:\/\/www.univ-usto.dz\/faculte\/fac-snv\/images\/Signalinscritdoctscience.docx\"><span style=\"color: #c0504d;\">Cliquez ici !<\/span><\/a><\/span><\/strong><\/p>\n<p style=\"margin-bottom: 1em; color: #000000; font-family: 'Helvetica Neue', Helvetica, Arial, sans-serif; font-size: 10px; line-height: 17.8pt; text-align: center;\"><strong><span style=\"font-size: 14pt; font-family: 'Times New Roman', serif;\">Une copie de la page de garde.&nbsp;&nbsp;<span style=\"color: #ff0000;\"><a style=\"color: #ff0000;\" href=\"https:\/\/drive.google.com\/file\/d\/1iZ6jKTmZwEP1trV3XfT8xJ1UPp3Hztyi\/view?usp=sharing\">Cliquez ici !<\/a><\/span><\/span><\/strong><span style=\"color: #ff0000;\"><strong><span style=\"font-size: 14pt; font-family: 'Times New Roman', serif;\"><a style=\"color: #ff0000;\" href=\"https:\/\/drive.google.com\/file\/d\/1LbaeGS6fdwzLKYNdkl6gbVbe_9_nTI1d\/view?usp=sharing\"><br><\/a><\/span><\/strong><\/span><\/p>\n<p style=\"margin-bottom: 1em; color: #000000; font-family: 'Helvetica Neue', Helvetica, Arial, sans-serif; font-size: 10px; line-height: 15.85pt; text-align: center;\"><strong><span style=\"font-size: 14pt; font-family: 'Times New Roman', serif;\">extrait d\u2019acte de naissance<\/span><\/strong><\/p>\n<p style=\"margin-bottom: 1em; color: #000000; font-family: 'Helvetica Neue', Helvetica, Arial, sans-serif; font-size: 10px; line-height: 15.85pt; text-align: center;\"><strong><span style=\"font-size: 14pt; font-family: 'Times New Roman', serif;\">Curriculum Vitae.<\/span><\/strong><\/p>\n<p style=\"margin-bottom: 1em; color: #000000; font-family: 'Helvetica Neue', Helvetica, Arial, sans-serif; font-size: 10px; line-height: 15.85pt; text-align: center;\"><strong><span style=\"font-size: 14pt; font-family: 'Times New Roman', serif; color: #c0504d;\">Remarque importante<\/span><\/strong><\/p>\n<p style=\"margin-bottom: 1em; color: #000000; font-family: 'Helvetica Neue', Helvetica, Arial, sans-serif; font-size: 10px; line-height: 15.85pt; text-align: center;\"><strong><span style=\"font-size: 14pt; font-family: 'Times New Roman', serif; color: #c0504d;\">Le dossier doit \u00eatre d\u00e9pos\u00e9 au plus tard&nbsp; une semaine avant la tenue de la r\u00e9union des CSD.<\/span><\/strong><\/p>\n<p style=\"margin-bottom: 1em; color: #000000; font-family: 'Helvetica Neue', Helvetica, Arial, sans-serif; font-size: 10px; line-height: normal; text-align: center;\"><strong><span style=\"font-size: 14pt; font-family: 'Times New Roman', serif; color: #4f81bd;\">Apr\u00e8s le CSF:<\/span><\/strong><\/p>\n<p style=\"margin-bottom: 1em; color: #000000; font-family: 'Helvetica Neue', Helvetica, Arial, sans-serif; font-size: 10px; line-height: 15.85pt; text-align: center;\"><strong><span style=\"font-size: 14pt; font-family: 'Times New Roman', serif;\">02 exemplaires de th\u00e8se finalis\u00e9e<\/span><\/strong><\/p>\n<p style=\"margin-bottom: 1em; color: #000000; font-family: 'Helvetica Neue', Helvetica, Arial, sans-serif; font-size: 10px; line-height: 15.85pt; text-align: center;\"><strong><span style=\"font-size: 14pt; font-family: 'Times New Roman', serif;\">Annexe N<span style=\"position: relative; font-size: 14px; line-height: 0; vertical-align: baseline; top: -0.5em;\">0<\/span>&nbsp;5 des rapporteurs sign\u00e9e par chaque rapporteur .&nbsp;&nbsp;<\/span><\/strong><strong><span style=\"font-size: 14pt; font-family: 'Times New Roman', serif; color: red;\"><a style=\"color: #3d5dff;\" href=\"https:\/\/www.univ-usto.dz\/faculte\/fac-snv\/images\/Formulaire.expertise.docx\"><span style=\"color: red;\">Cliquez ici !<\/span><\/a><\/span><\/strong><\/p>\n<p style=\"margin-bottom: 1em; color: #000000; font-family: 'Helvetica Neue', Helvetica, Arial, sans-serif; font-size: 10px; line-height: 15.85pt; text-align: center;\"><strong><span style=\"font-size: 14pt; font-family: 'Times New Roman', serif;\">02 CD de la th\u00e8se.<\/span><\/strong><\/p>\n<p style=\"margin-bottom: 1em; color: #000000; font-family: 'Helvetica Neue', Helvetica, Arial, sans-serif; font-size: 10px; line-height: 15.85pt; text-align: center;\"><strong><span style=\"font-size: 14pt; font-family: 'Times New Roman', serif;\">Les attestations de travail ou d\u00e9cision des rapporteurs externes a USTO MB<\/span><\/strong><\/p>\n<p style=\"margin-bottom: 1em; color: #000000; font-family: 'Helvetica Neue', Helvetica, Arial, sans-serif; font-size: 10px; line-height: normal; text-align: center;\"><strong><span style=\"font-size: 14pt; line-height: 21.4667px; font-family: 'Times New Roman', serif; color: #4f81bd;\">Apr\u00e8s soutenance&nbsp;<\/span><\/strong><\/p>\n<p style=\"margin-bottom: 1em; color: #000000; font-family: 'Helvetica Neue', Helvetica, Arial, sans-serif; font-size: 10px; line-height: 15.85pt; text-align: center;\"><strong><span style=\"font-size: 14pt; font-family: 'Times New Roman', serif;\">Quitus de la biblioth\u00e8que&nbsp; vis\u00e9 par&nbsp; Les responsables des biblioth\u00e8ques, l\u2019encadreur, et le directeur&nbsp; du laboratoire.<\/span><\/strong><\/p>\n<p style=\"margin-bottom: 1em; color: #000000; font-family: 'Helvetica Neue', Helvetica, Arial, sans-serif; font-size: 10px; line-height: normal; text-align: center;\"><span style=\"font-size: 14pt; font-family: 'Times New Roman', serif; color: #ff0000;\"><a style=\"color: #ff0000;\" href=\"https:\/\/drive.google.com\/file\/d\/1ci08x1dorYoavxH-plOCIuEAh3DLZszZ\/view?usp=sharing\">Cliquez ici !<\/a><\/span><\/p>\n<p style=\"margin-bottom: 1em; color: #000000; font-family: 'Helvetica Neue', Helvetica, Arial, sans-serif; font-size: 10px; line-height: 15.85pt; text-align: center;\"><strong><span style=\"font-size: 14pt; font-family: 'Times New Roman', serif;\">Extrait de naissance<\/span><\/strong><\/p>\n<p style=\"margin-bottom: 1em; color: #000000; font-family: 'Helvetica Neue', Helvetica, Arial, sans-serif; font-size: 10px; line-height: 15.85pt; text-align: center;\"><strong><span style=\"font-size: 14pt; font-family: 'Times New Roman', serif;\">CD&nbsp;&nbsp; (apr\u00e8s les modifications demand\u00e9es)<\/span><\/strong><\/p>\n<p style=\"margin-bottom: 1em; color: #000000; font-family: 'Helvetica Neue', Helvetica, Arial, sans-serif; font-size: 10px; line-height: 15.85pt; text-align: center;\"><strong><span style=\"font-size: 14pt; font-family: 'Times New Roman', serif;\">copie du bac<\/span><\/strong><\/p>\n<p style=\"margin-bottom: 1em; color: #000000; font-family: 'Helvetica Neue', Helvetica, Arial, sans-serif; font-size: 10px; line-height: 15.85pt; text-align: center;\"><strong><span style=\"font-size: 14pt; font-family: 'Times New Roman', serif;\">Lettre justificative en cas d\u2019absence des membres de jury<\/span><\/strong><\/p>\n<p style=\"margin-bottom: 1em; color: #000000; font-family: 'Helvetica Neue', Helvetica, Arial, sans-serif; font-size: 10px; line-height: normal; text-align: center;\"><span style=\"font-size: 12pt; font-family: 'Times New Roman', serif;\"><a style=\"color: #3d5dff;\" href=\"https:\/\/www.univ-usto.dz\/faculte\/fac-snv\/images\/7.Annexe_6-1.docx\"><strong><span style=\"font-size: 14pt; color: black;\">ANNEXE N 06<\/span><\/strong><span style=\"color: black;\"><br><\/span><\/a><\/span><\/p>\n<p style=\"margin-bottom: 1em; color: #000000; font-family: 'Helvetica Neue', Helvetica, Arial, sans-serif; font-size: 10px; line-height: normal; text-align: center;\">\n<\/p>\t\t\t\t\t\t\t\t<\/div>\n\t\t\t\t<\/div>\n\t\t\t\t\t<\/div>\n\t\t<\/div>\n\t\t\t\t\t<\/div>\n\t\t<\/section>\n\t\t\t\t<\/div>\n\t\t","protected":false},"excerpt":{"rendered":"<p>Dossier de demande de &nbsp;soutenance de doctorat (LMD) Un exemplaire de th\u00e8se. Demande de proposition du jury sign\u00e9 par l\u2019encadreur. &nbsp;(Fran\u00e7ais &#8211; Arabe ) Demande d&rsquo;autorisation de soutenance sign\u00e9e par <a href=\"https:\/\/www.univ-usto.dz\/faculte\/fac-snv\/soutenance-doctorat\/\" class=\"read-more\">Lire la suite &#8230;<\/a><\/p>\n","protected":false},"author":18,"featured_media":0,"parent":0,"menu_order":0,"comment_status":"closed","ping_status":"closed","template":"","meta":{"footnotes":""},"class_list":["post-11285","page","type-page","status-publish","hentry"],"_links":{"self":[{"href":"https:\/\/www.univ-usto.dz\/faculte\/fac-snv\/wp-json\/wp\/v2\/pages\/11285","targetHints":{"allow":["GET"]}}],"collection":[{"href":"https:\/\/www.univ-usto.dz\/faculte\/fac-snv\/wp-json\/wp\/v2\/pages"}],"about":[{"href":"https:\/\/www.univ-usto.dz\/faculte\/fac-snv\/wp-json\/wp\/v2\/types\/page"}],"author":[{"embeddable":true,"href":"https:\/\/www.univ-usto.dz\/faculte\/fac-snv\/wp-json\/wp\/v2\/users\/18"}],"replies":[{"embeddable":true,"href":"https:\/\/www.univ-usto.dz\/faculte\/fac-snv\/wp-json\/wp\/v2\/comments?post=11285"}],"version-history":[{"count":8,"href":"https:\/\/www.univ-usto.dz\/faculte\/fac-snv\/wp-json\/wp\/v2\/pages\/11285\/revisions"}],"predecessor-version":[{"id":11301,"href":"https:\/\/www.univ-usto.dz\/faculte\/fac-snv\/wp-json\/wp\/v2\/pages\/11285\/revisions\/11301"}],"wp:attachment":[{"href":"https:\/\/www.univ-usto.dz\/faculte\/fac-snv\/wp-json\/wp\/v2\/media?parent=11285"}],"curies":[{"name":"wp","href":"https:\/\/api.w.org\/{rel}","templated":true}]}}