{"id":11292,"date":"2021-06-29T13:38:43","date_gmt":"2021-06-29T13:38:43","guid":{"rendered":"https:\/\/www.univ-usto.dz\/faculte\/fac-snv\/?page_id=11292"},"modified":"2021-06-29T13:40:05","modified_gmt":"2021-06-29T13:40:05","slug":"soutenance-de-doctorat-en-science","status":"publish","type":"page","link":"https:\/\/www.univ-usto.dz\/faculte\/fac-snv\/soutenance-de-doctorat-en-science\/","title":{"rendered":"soutenance de doctorat en science"},"content":{"rendered":"\t\t<div data-elementor-type=\"wp-page\" data-elementor-id=\"11292\" class=\"elementor elementor-11292\">\n\t\t\t\t\t\t<section class=\"elementor-section elementor-top-section elementor-element elementor-element-acd1453 elementor-section-boxed elementor-section-height-default elementor-section-height-default\" data-id=\"acd1453\" data-element_type=\"section\">\n\t\t\t\t\t\t<div class=\"elementor-container elementor-column-gap-default\">\n\t\t\t\t\t<div class=\"elementor-column elementor-col-100 elementor-top-column elementor-element elementor-element-c215a23\" data-id=\"c215a23\" data-element_type=\"column\">\n\t\t\t<div class=\"elementor-widget-wrap elementor-element-populated\">\n\t\t\t\t\t\t<div class=\"elementor-element elementor-element-a78c2b9 elementor-widget elementor-widget-text-editor\" data-id=\"a78c2b9\" data-element_type=\"widget\" data-widget_type=\"text-editor.default\">\n\t\t\t\t<div class=\"elementor-widget-container\">\n\t\t\t\t\t\t\t\t\t<p style=\"text-align: center;\"><strong><span style=\"text-decoration-line: underline;\"><span style=\"font-size: 20pt; font-family: 'Times New Roman', serif; color: #4f81bd;\">\u00a0<\/span><\/span><\/strong><\/p><p style=\"text-align: center;\"><strong><span style=\"text-decoration-line: underline;\"><span style=\"font-size: 20pt; font-family: 'Times New Roman', serif; color: #4f81bd;\">Dossier de demande de\u00a0 soutenance de doctorat en science<\/span><\/span><\/strong><\/p><p style=\"text-align: center;\"><strong><span style=\"font-size: 14pt; font-family: 'Times New Roman', serif;\">.Un exemplaire de th\u00e8se.<\/span><\/strong><\/p><p style=\"text-align: center;\"><strong><span style=\"font-size: 14pt; font-family: 'Times New Roman', serif;\">Demande de proposition du jury sign\u00e9 par l\u2019encadreur.<\/span><\/strong><\/p><p style=\"text-align: center;\"><strong><span style=\"font-size: 14pt; font-family: 'Times New Roman', serif;\">Demande d&rsquo;autorisation de soutenance sign\u00e9e par l\u2019encadreur.<\/span><\/strong><\/p><p style=\"text-align: center;\"><strong><span style=\"font-size: 14pt; font-family: 'Times New Roman', serif;\">Une copie de l\u2019article publi\u00e9.<\/span><\/strong><\/p><p style=\"text-align: center;\"><strong><span style=\"font-size: 14pt; font-family: 'Times New Roman', serif;\">Annexe 1Rapport de Soutenabilit\u00e9 du Directeur de Th\u00e8se.\u00a0\u00a0<\/span><\/strong><strong><span style=\"font-size: 14pt; font-family: 'Times New Roman', serif; color: #c0504d;\"><a style=\"color: #3d5dff;\" href=\"https:\/\/www.univ-usto.dz\/faculte\/fac-snv\/images\/Annexe_1_DSC_Encadreur.docx\"><span style=\"color: #c0504d;\">Cliquez ici !<\/span><\/a><\/span><\/strong><\/p><p style=\"text-align: center;\"><strong><span style=\"font-size: 14pt; font-family: 'Times New Roman', serif;\">Annexe\u00a02:\u00a0Rapport sur la Publication, son Environnement\u00a0et son Ad\u00e9quation.\u00a0\u00a0<\/span><\/strong><strong><span style=\"font-size: 14pt; font-family: 'Times New Roman', serif; color: #c0504d;\"><a style=\"color: #3d5dff;\" href=\"https:\/\/www.univ-usto.dz\/faculte\/fac-snv\/images\/Annexe_2_CoEncadreur-1.docx\"><span style=\"color: #c0504d;\">Cliquez ici !<\/span><\/a><\/span><\/strong><\/p><p style=\"text-align: center;\"><strong><span style=\"font-size: 14pt; font-family: 'Times New Roman', serif;\">Annexe\u00a03:Attestation d&rsquo;inscription r\u00e9guli\u00e8re en Doctorat .\u00a0\u00a0<\/span><\/strong><strong><span style=\"font-size: 14pt; font-family: 'Times New Roman', serif; color: #c0504d;\"><a style=\"color: #3d5dff;\" href=\"https:\/\/www.univ-usto.dz\/faculte\/fac-snv\/images\/Annexe_3_DSC_Encadreur.docx\"><span style=\"color: #c0504d;\">Cliquez ici !<\/span><\/a><\/span><\/strong><\/p><p style=\"text-align: center;\"><strong><span style=\"font-size: 14pt; font-family: 'Times New Roman', serif;\">Fiche de Recevabilit\u00e9 de Publication pour Dossier de\u00a0<\/span><\/strong><strong><span style=\"font-size: 14pt; font-family: 'Times New Roman', serif;\">Soutenance.<\/span><\/strong><span style=\"color: #ff0000;\"><strong><span style=\"font-size: 14pt; font-family: 'Times New Roman', serif;\"><a style=\"color: #ff0000;\" href=\"https:\/\/drive.google.com\/file\/d\/1xB4219QAyktZbRraIwngZelMq-BV9ws_\/view?usp=sharing\">Cliquez ici !<\/a><\/span><\/strong><\/span><\/p><p style=\"text-align: center;\"><strong><span style=\"font-size: 14pt; font-family: 'Times New Roman', serif;\">Fiche de signalement du sujet de th\u00e8se sur le portail national de signalement de th\u00e8ses (PNST)<\/span><\/strong><\/p><p style=\"text-align: center;\"><strong><span style=\"font-size: 14pt; font-family: 'Times New Roman', serif;\">Copi\u00e9s des attestations d\u2019inscription (1<span style=\"position: relative; font-size: 14px; line-height: 0; vertical-align: baseline; top: -0.5em;\">er<\/span>, 2<span style=\"position: relative; font-size: 14px; line-height: 0; vertical-align: baseline; top: -0.5em;\">\u00e8me<\/span>3 4 \u2026\u2026\u2026)<\/span><\/strong><\/p><p style=\"text-align: center;\"><strong><span style=\"font-size: 14pt; font-family: 'Times New Roman', serif;\">fiches signal\u00e9tiques sign\u00e9es par l\u2019encadreur.<em>(<\/em>04 exemplaire).\u00a0\u00a0<\/span><\/strong><strong><span style=\"font-size: 14pt; font-family: 'Times New Roman', serif; color: #c0504d;\"><a style=\"color: #3d5dff;\" href=\"https:\/\/www.univ-usto.dz\/faculte\/fac-snv\/images\/Signalinscritdoctscience.docx\"><span style=\"color: #c0504d;\">Cliquez ici !<\/span><\/a><\/span><\/strong><\/p><p style=\"text-align: center;\"><strong><span style=\"font-size: 14pt; font-family: 'Times New Roman', serif;\">Une copie de la page de garde.\u00a0\u00a0<\/span><\/strong><span style=\"color: #ff0000;\"><strong><span style=\"font-size: 14pt; font-family: 'Times New Roman', serif;\"><a style=\"color: #ff0000;\" href=\"https:\/\/drive.google.com\/file\/d\/1LbaeGS6fdwzLKYNdkl6gbVbe_9_nTI1d\/view?usp=sharing\">Cliquez ici !<\/a><\/span><\/strong><\/span><\/p><p style=\"text-align: center;\"><strong><span style=\"font-size: 14pt; font-family: 'Times New Roman', serif;\">Extrait d\u2019acte de naissance.<\/span><\/strong><\/p><p style=\"text-align: center;\"><strong><span style=\"font-size: 14pt; font-family: 'Times New Roman', serif;\">Curriculum Vitae.<\/span><\/strong><\/p><p style=\"text-align: center;\"><strong><span style=\"font-size: 14pt; font-family: 'Times New Roman', serif; color: #c0504d;\">Remarque importante<\/span><\/strong><\/p><p style=\"text-align: center;\"><strong><span style=\"font-size: 14pt; font-family: 'Times New Roman', serif; color: #c0504d;\">le dossier doit \u00eatre d\u00e9pos\u00e9 au plus tard\u00a0 une semaine avant la tenue de la r\u00e9union des csd.<\/span><\/strong><\/p><p style=\"text-align: center;\"><strong><span style=\"font-size: 14pt; font-family: 'Times New Roman', serif; color: #4f81bd;\">Apr\u00e8s le CSF:<\/span><\/strong><\/p><p style=\"text-align: center;\"><strong><span style=\"font-size: 14pt; font-family: 'Times New Roman', serif;\">02 exemplaires de th\u00e8se finalis\u00e9e.<\/span><\/strong><\/p><p style=\"text-align: center;\"><strong><span style=\"font-size: 14pt; font-family: 'Times New Roman', serif;\">Annexe N<span style=\"position: relative; font-size: 14px; line-height: 0; vertical-align: baseline; top: -0.5em;\">0\u00a0<\/span>5 des rapporteurs sign\u00e9e par chaque rapporteur.\u00a0\u00a0<\/span><\/strong><strong><span style=\"font-size: 14pt; font-family: 'Times New Roman', serif; color: red;\"><a style=\"color: #3d5dff;\" href=\"https:\/\/www.univ-usto.dz\/faculte\/fac-snv\/images\/Formulaire.expertise.docx\"><span style=\"color: red;\">Cliquez ici !<\/span><\/a><\/span><\/strong><\/p><p style=\"text-align: center;\"><strong><span style=\"font-size: 14pt; font-family: 'Times New Roman', serif;\">02 CD de la th\u00e8se.<\/span><\/strong><\/p><p style=\"text-align: center;\"><strong><span style=\"font-size: 14pt; font-family: 'Times New Roman', serif;\">Les attestations de travail pour les externes de jury .<\/span><\/strong><\/p><p style=\"text-align: center;\"><strong><span style=\"font-size: 14pt; line-height: 21.4667px; font-family: 'Times New Roman', serif; color: #4f81bd;\">Apr\u00e8s soutenance\u00a0<\/span><\/strong><\/p><p style=\"text-align: center;\"><strong><span style=\"font-size: 14pt; font-family: 'Times New Roman', serif;\">Quitus de la biblioth\u00e8que\u00a0 vis\u00e9 par \u00a0Le responsable de biblioth\u00e8que\u00a0 \/ l\u2019encadreur\u00a0\u00a0 \/directeur\u00a0 de laboratoire.<\/span><\/strong><span style=\"color: #ff0000;\"><strong><span style=\"font-size: 14pt; font-family: 'Times New Roman', serif;\"><a style=\"color: #ff0000;\" href=\"https:\/\/drive.google.com\/file\/d\/1ci08x1dorYoavxH-plOCIuEAh3DLZszZ\/view?usp=sharing\">Cliquez ici !<\/a><\/span><\/strong><\/span><\/p><p style=\"text-align: center;\"><strong><span style=\"font-size: 14pt; font-family: 'Times New Roman', serif;\">Extrait de naissance.<\/span><\/strong><\/p><p style=\"text-align: center;\"><strong><span style=\"font-size: 14pt; font-family: 'Times New Roman', serif;\">CD\u00a0\u00a0 (apr\u00e8s les modifications demand\u00e9es)<\/span><\/strong><\/p><p style=\"text-align: center;\"><strong><span style=\"font-size: 14pt; font-family: 'Times New Roman', serif;\">copie du bac<\/span><\/strong><\/p><p style=\"text-align: center;\"><strong><span style=\"font-size: 14pt; font-family: 'Times New Roman', serif;\">Lettre justificative en cas d\u2019absence des membres de jury<\/span><\/strong><\/p><p style=\"text-align: center;\"><strong><span style=\"font-size: 14pt; font-family: 'Times New Roman', serif;\"><a style=\"color: #3d5dff;\" href=\"https:\/\/www.univ-usto.dz\/faculte\/fac-snv\/images\/7.Annexe_6-1.docx\"><span style=\"color: black;\">ANNEXE N 06.<\/span><\/a><\/span><\/strong><\/p>\t\t\t\t\t\t\t\t<\/div>\n\t\t\t\t<\/div>\n\t\t\t\t\t<\/div>\n\t\t<\/div>\n\t\t\t\t\t<\/div>\n\t\t<\/section>\n\t\t\t\t<\/div>\n\t\t","protected":false},"excerpt":{"rendered":"<p>\u00a0 Dossier de demande de\u00a0 soutenance de doctorat en science .Un exemplaire de th\u00e8se. Demande de proposition du jury sign\u00e9 par l\u2019encadreur. Demande d&rsquo;autorisation de soutenance sign\u00e9e par l\u2019encadreur. Une <a href=\"https:\/\/www.univ-usto.dz\/faculte\/fac-snv\/soutenance-de-doctorat-en-science\/\" class=\"read-more\">Lire la suite &#8230;<\/a><\/p>\n","protected":false},"author":18,"featured_media":0,"parent":0,"menu_order":0,"comment_status":"closed","ping_status":"closed","template":"","meta":{"footnotes":""},"class_list":["post-11292","page","type-page","status-publish","hentry"],"_links":{"self":[{"href":"https:\/\/www.univ-usto.dz\/faculte\/fac-snv\/wp-json\/wp\/v2\/pages\/11292","targetHints":{"allow":["GET"]}}],"collection":[{"href":"https:\/\/www.univ-usto.dz\/faculte\/fac-snv\/wp-json\/wp\/v2\/pages"}],"about":[{"href":"https:\/\/www.univ-usto.dz\/faculte\/fac-snv\/wp-json\/wp\/v2\/types\/page"}],"author":[{"embeddable":true,"href":"https:\/\/www.univ-usto.dz\/faculte\/fac-snv\/wp-json\/wp\/v2\/users\/18"}],"replies":[{"embeddable":true,"href":"https:\/\/www.univ-usto.dz\/faculte\/fac-snv\/wp-json\/wp\/v2\/comments?post=11292"}],"version-history":[{"count":4,"href":"https:\/\/www.univ-usto.dz\/faculte\/fac-snv\/wp-json\/wp\/v2\/pages\/11292\/revisions"}],"predecessor-version":[{"id":11297,"href":"https:\/\/www.univ-usto.dz\/faculte\/fac-snv\/wp-json\/wp\/v2\/pages\/11292\/revisions\/11297"}],"wp:attachment":[{"href":"https:\/\/www.univ-usto.dz\/faculte\/fac-snv\/wp-json\/wp\/v2\/media?parent=11292"}],"curies":[{"name":"wp","href":"https:\/\/api.w.org\/{rel}","templated":true}]}}