{"id":11313,"date":"2021-07-04T13:50:34","date_gmt":"2021-07-04T13:50:34","guid":{"rendered":"https:\/\/www.univ-usto.dz\/faculte\/fac-snv\/?page_id=11313"},"modified":"2021-07-04T13:52:46","modified_gmt":"2021-07-04T13:52:46","slug":"archives","status":"publish","type":"page","link":"https:\/\/www.univ-usto.dz\/faculte\/fac-snv\/archives\/","title":{"rendered":"Archives"},"content":{"rendered":"\t\t<div data-elementor-type=\"wp-page\" data-elementor-id=\"11313\" class=\"elementor elementor-11313\">\n\t\t\t\t\t\t<section class=\"elementor-section elementor-top-section elementor-element elementor-element-2ab13db elementor-section-boxed elementor-section-height-default elementor-section-height-default\" data-id=\"2ab13db\" data-element_type=\"section\">\n\t\t\t\t\t\t<div class=\"elementor-container elementor-column-gap-default\">\n\t\t\t\t\t<div class=\"elementor-column elementor-col-100 elementor-top-column elementor-element elementor-element-3b15c36\" data-id=\"3b15c36\" data-element_type=\"column\">\n\t\t\t<div class=\"elementor-widget-wrap\">\n\t\t\t\t\t\t\t<\/div>\n\t\t<\/div>\n\t\t\t\t\t<\/div>\n\t\t<\/section>\n\t\t\t\t<section class=\"elementor-section elementor-top-section elementor-element elementor-element-f9c035d elementor-section-boxed elementor-section-height-default elementor-section-height-default\" data-id=\"f9c035d\" data-element_type=\"section\">\n\t\t\t\t\t\t<div class=\"elementor-container elementor-column-gap-default\">\n\t\t\t\t\t<div class=\"elementor-column elementor-col-100 elementor-top-column elementor-element elementor-element-6176334\" data-id=\"6176334\" data-element_type=\"column\">\n\t\t\t<div class=\"elementor-widget-wrap elementor-element-populated\">\n\t\t\t\t\t\t<div class=\"elementor-element elementor-element-e55b1ef elementor-widget elementor-widget-text-editor\" data-id=\"e55b1ef\" data-element_type=\"widget\" data-widget_type=\"text-editor.default\">\n\t\t\t\t<div class=\"elementor-widget-container\">\n\t\t\t\t\t\t\t\t\t<table class=\"category table table-striped table-bordered table-hover table-noheader aligncenter\" style=\"max-width: 100%; width: 990px; margin-bottom: 20px; border-width: 1px 1px 1px 0px; border-image: initial; border-radius: 4px; color: #333333; font-family: 'Helvetica Neue', Helvetica, Arial, sans-serif; font-size: 10px; border-color: #dddddd #dddddd #dddddd initial; border-style: solid solid solid initial;\"><tbody><tr class=\"cat-list-row0\"><td class=\"list-title\" style=\"padding: 8px; line-height: 20px; text-align: left; vertical-align: top; background-color: #f9f9f9;\" headers=\"categorylist_header_title\"><a style=\"color: #3d5dff;\" href=\"https:\/\/www.univ-usto.dz\/faculte\/fac-snv\/index.php\/resultats-doctorat-snv-2018\">R\u00e9sultats.doctorat.SNV.2018<\/a><\/td><\/tr><tr class=\"cat-list-row1\"><td class=\"list-title\" style=\"padding: 8px; line-height: 20px; text-align: left; vertical-align: top;\" headers=\"categorylist_header_title\"><a style=\"color: #3d5dff;\" href=\"https:\/\/www.univ-usto.dz\/faculte\/fac-snv\/index.php\/candidats-retenus-concours-post-graduation-18-19\">Candidat Retenus (Concours Post Graduation) 2018-2019<\/a><\/td><\/tr><tr class=\"cat-list-row0\"><td class=\"list-title\" style=\"padding: 8px; line-height: 20px; text-align: left; vertical-align: top; background-color: #f9f9f9;\" headers=\"categorylist_header_title\"><a style=\"color: #3d5dff;\" href=\"https:\/\/www.univ-usto.dz\/faculte\/fac-snv\/index.php\/reinscription-planning-en-post-graduation-annee-2018-2019\">R\u00e9inscription+Planning en Post Graduation Ann\u00e9e 2018 &#8211; 2019<\/a><\/td><\/tr><tr class=\"cat-list-row1\"><td class=\"list-title\" style=\"padding: 8px; line-height: 20px; text-align: left; vertical-align: top; background-color: #f5f5f5; border-bottom-left-radius: 4px; border-bottom-right-radius: 4px;\" headers=\"categorylist_header_title\"><a style=\"color: #3d5dff;\" href=\"https:\/\/www.univ-usto.dz\/faculte\/fac-snv\/index.php\/concours-doctorat-2018-2019\">inscription pour le concours de doctorat 2018-2019<\/a><\/td><\/tr><\/tbody><\/table>\t\t\t\t\t\t\t\t<\/div>\n\t\t\t\t<\/div>\n\t\t\t\t\t<\/div>\n\t\t<\/div>\n\t\t\t\t\t<\/div>\n\t\t<\/section>\n\t\t\t\t<\/div>\n\t\t","protected":false},"excerpt":{"rendered":"<p>R\u00e9sultats.doctorat.SNV.2018 Candidat Retenus (Concours Post Graduation) 2018-2019 R\u00e9inscription+Planning en Post Graduation Ann\u00e9e 2018 &#8211; 2019 inscription pour le concours de doctorat 2018-2019<\/p>\n","protected":false},"author":18,"featured_media":0,"parent":0,"menu_order":0,"comment_status":"closed","ping_status":"closed","template":"","meta":{"footnotes":""},"class_list":["post-11313","page","type-page","status-publish","hentry"],"_links":{"self":[{"href":"https:\/\/www.univ-usto.dz\/faculte\/fac-snv\/wp-json\/wp\/v2\/pages\/11313","targetHints":{"allow":["GET"]}}],"collection":[{"href":"https:\/\/www.univ-usto.dz\/faculte\/fac-snv\/wp-json\/wp\/v2\/pages"}],"about":[{"href":"https:\/\/www.univ-usto.dz\/faculte\/fac-snv\/wp-json\/wp\/v2\/types\/page"}],"author":[{"embeddable":true,"href":"https:\/\/www.univ-usto.dz\/faculte\/fac-snv\/wp-json\/wp\/v2\/users\/18"}],"replies":[{"embeddable":true,"href":"https:\/\/www.univ-usto.dz\/faculte\/fac-snv\/wp-json\/wp\/v2\/comments?post=11313"}],"version-history":[{"count":4,"href":"https:\/\/www.univ-usto.dz\/faculte\/fac-snv\/wp-json\/wp\/v2\/pages\/11313\/revisions"}],"predecessor-version":[{"id":11318,"href":"https:\/\/www.univ-usto.dz\/faculte\/fac-snv\/wp-json\/wp\/v2\/pages\/11313\/revisions\/11318"}],"wp:attachment":[{"href":"https:\/\/www.univ-usto.dz\/faculte\/fac-snv\/wp-json\/wp\/v2\/media?parent=11313"}],"curies":[{"name":"wp","href":"https:\/\/api.w.org\/{rel}","templated":true}]}}