{"id":11356,"date":"2021-07-06T14:10:52","date_gmt":"2021-07-06T14:10:52","guid":{"rendered":"https:\/\/www.univ-usto.dz\/faculte\/fac-snv\/?page_id=11356"},"modified":"2021-07-06T14:12:05","modified_gmt":"2021-07-06T14:12:05","slug":"zemani-faouzia-22-03-2018","status":"publish","type":"page","link":"https:\/\/www.univ-usto.dz\/faculte\/fac-snv\/zemani-faouzia-22-03-2018\/","title":{"rendered":"ZEMANI.Faouzia 22\/03\/2018"},"content":{"rendered":"\t\t<div data-elementor-type=\"wp-page\" data-elementor-id=\"11356\" class=\"elementor elementor-11356\">\n\t\t\t\t\t\t<section class=\"elementor-section elementor-top-section elementor-element elementor-element-d38974c elementor-section-boxed elementor-section-height-default elementor-section-height-default\" data-id=\"d38974c\" data-element_type=\"section\">\n\t\t\t\t\t\t<div class=\"elementor-container elementor-column-gap-default\">\n\t\t\t\t\t<div class=\"elementor-column elementor-col-100 elementor-top-column elementor-element elementor-element-0711f79\" data-id=\"0711f79\" data-element_type=\"column\">\n\t\t\t<div class=\"elementor-widget-wrap elementor-element-populated\">\n\t\t\t\t\t\t<div class=\"elementor-element elementor-element-d3f0fc0 elementor-widget elementor-widget-text-editor\" data-id=\"d3f0fc0\" data-element_type=\"widget\" data-widget_type=\"text-editor.default\">\n\t\t\t\t<div class=\"elementor-widget-container\">\n\t\t\t\t\t\t\t\t\t<div class=\"page-header\" style=\"padding: 0px; margin: 24px 0px 21px; border: none; color: rgb(51, 51, 51); font-family: Roboto, Helvetica, Arial, sans-serif; text-align: justify;\"><h2 itemprop=\"name\" style=\"margin-top: 14px; margin-bottom: 27px; font-family: Roboto, Helvetica, Arial, sans-serif; line-height: 1.3em; color: rgb(68, 68, 68); text-rendering: optimizelegibility; font-size: 24px; border: 0px; text-align: left; padding-bottom: 0px;\"><span style=\"text-decoration-line: underline; font-family: georgia, palatino;\"><span style=\"font-size: 14pt; color: rgb(0, 0, 255);\">Conf\u00e9rence du 22\/03\/2018 &gt;&gt; Pr. ZEMANI.Faouzia<\/span><\/span><\/h2><\/div><div itemprop=\"articleBody\" style=\"color: rgb(51, 51, 51); font-family: Roboto, Helvetica, Arial, sans-serif; text-align: justify;\"><p style=\"margin-bottom: 0px; color: rgb(0, 0, 0);\"><span style=\"font-size: 12pt; font-family: Helvetica, sans-serif;\">&nbsp; Un nouveau volume de &lt;<strong>BTSE<\/strong>&gt; \u00a0\u00bb&nbsp;<strong>La Biologie dans Tous Ses Etats<\/strong>&nbsp;\u00a0\u00bb il s&rsquo;agit cette foi ci de la&nbsp; conf\u00e9rence qui a eu lieu aujourd&rsquo;hui le 22\/03\/2018, \u00e0 la salle de conf\u00e9rences de la Facult\u00e9 SNV(Facult\u00e9 des sciences de la nature et de la vie )<\/span><\/p><p style=\"margin-top: 0cm; margin-right: 0cm; margin-bottom: 0.0001pt; color: rgb(0, 0, 0);\"><span style=\"font-size: 12pt;\"><span style=\"font-family: Helvetica, sans-serif;\">pr\u00e9sent\u00e9e par :&nbsp;<\/span><span style=\"background-color: rgb(223, 252, 146);\"><strong><span style=\"font-size: 18pt;\">Pr<\/span>.&nbsp;<span style=\"font-size: 18pt;\">ZEMANI Faouzia<\/span><\/strong><\/span><\/span><\/p><p style=\"margin-top: 0cm; margin-right: 0cm; margin-bottom: 0.0001pt; color: rgb(0, 0, 0);\"><span style=\"font-size: 12pt;\"><span style=\"font-family: Helvetica, sans-serif;\">sous&nbsp; le th\u00e8me :<\/span><\/span><\/p><p style=\"margin-top: 0cm; margin-right: 0cm; margin-bottom: 0.0001pt; color: rgb(0, 0, 0);\"><span style=\"font-size: 14pt; font-family: &quot;book antiqua&quot;, palatino;\"><span style=\"color: rgb(20, 20, 20); background-color: rgb(244, 205, 243);\">\u00ab\u00a0<\/span><strong><span style=\"background-color: rgb(244, 205, 243);\">Les cellules souches, utilisations et perspectives en th\u00e9rapies innovantes&nbsp;<\/span>\u00ab\u00a0<\/strong><\/span><\/p><p style=\"margin-bottom: 0px; color: rgb(0, 0, 0);\"><img decoding=\"async\" src=\"https:\/\/www.univ-usto.dz\/faculte\/fac-snv\/ex_site\/images\/Archivage_snv\/2017-2018\/Conf_22-03-2018\/22-03-2018---0011.jpg\" alt=\"22 03 2018 0011\" style=\"vertical-align: middle; border-width: 0px; border-style: initial; display: inline-block; padding: 7px; background-color: rgba(17, 17, 17, 0.1);\"><\/p><p style=\"margin-bottom: 0px; color: rgb(0, 0, 0);\"><img fetchpriority=\"high\" decoding=\"async\" src=\"https:\/\/www.univ-usto.dz\/faculte\/fac-snv\/ex_site\/images\/Archivage_snv\/2017-2018\/Conf_22-03-2018\/22-03-2018---0022.jpg\" alt=\"22 03 2018 0022\" width=\"1230\" height=\"636\" style=\"vertical-align: middle; border-width: 0px; border-style: initial; display: inline-block; padding: 7px; background-color: rgba(17, 17, 17, 0.1);\"><\/p><p style=\"margin-bottom: 0px; color: rgb(0, 0, 0);\">&nbsp;<img decoding=\"async\" src=\"https:\/\/www.univ-usto.dz\/faculte\/fac-snv\/ex_site\/images\/Archivage_snv\/2017-2018\/Conf_22-03-2018\/capt-vd-002.jpg\" alt=\"capt vd 002\" style=\"vertical-align: middle; border-width: 0px; border-style: initial; display: inline-block; padding: 7px; background-color: rgba(17, 17, 17, 0.1);\"><\/p><p style=\"margin-bottom: 0px; color: rgb(0, 0, 0); text-align: left;\"><\/p><p style=\"margin-bottom: 0px; color: rgb(0, 0, 0);\"><span class=\"jcemediabox-zoom-span\" style=\"color: rgb(0, 153, 255); line-height: 0 !important; font-size: 0px !important; float: none; min-height: 1px; margin: 0px auto; padding: 7px; border: 0px none rgb(0, 153, 255); outline: 0px; vertical-align: baseline; background: 0px 0px; cursor: pointer; display: block; position: relative; max-width: 762px;\"><a href=\"https:\/\/www.univ-usto.dz\/faculte\/fac-snv\/ex_site\/images\/Archivage_snv\/2017-2018\/Conf_22-03-2018\/1.jpg\" target=\"_blank\" rel=\"noopener noreferrer\" class=\"jcepopup jcemediabox-image\" data-mediabox-title=\"BTSE du 22 \/ 03 \/2018 - Facult\u00e9 SNV - USTO.MB\" style=\"color: rgb(0, 153, 255); line-height: 0 !important; font-size: 0px !important;\"><img decoding=\"async\" src=\"https:\/\/www.univ-usto.dz\/faculte\/fac-snv\/ex_site\/images\/Archivage_snv\/2017-2018\/Conf_22-03-2018\/1.jpg\" alt=\"1\" width=\"762\" height=\"949\" style=\"vertical-align: middle; display: inline-block; padding: 0px; background-color: rgba(17, 17, 17, 0.1); margin: 0px; float: none;\"><\/a><\/span><div><br><\/div><\/p><\/div>\t\t\t\t\t\t\t\t<\/div>\n\t\t\t\t<\/div>\n\t\t\t\t\t<\/div>\n\t\t<\/div>\n\t\t\t\t\t<\/div>\n\t\t<\/section>\n\t\t\t\t<\/div>\n\t\t","protected":false},"excerpt":{"rendered":"<p>Conf\u00e9rence du 22\/03\/2018 &gt;&gt; Pr. ZEMANI.Faouzia &nbsp; Un nouveau volume de &lt;BTSE&gt; \u00a0\u00bb&nbsp;La Biologie dans Tous Ses Etats&nbsp;\u00a0\u00bb il s&rsquo;agit cette foi ci de la&nbsp; conf\u00e9rence qui a eu lieu <a href=\"https:\/\/www.univ-usto.dz\/faculte\/fac-snv\/zemani-faouzia-22-03-2018\/\" class=\"read-more\">Lire la suite &#8230;<\/a><\/p>\n","protected":false},"author":18,"featured_media":0,"parent":0,"menu_order":0,"comment_status":"closed","ping_status":"closed","template":"","meta":{"footnotes":""},"class_list":["post-11356","page","type-page","status-publish","hentry"],"_links":{"self":[{"href":"https:\/\/www.univ-usto.dz\/faculte\/fac-snv\/wp-json\/wp\/v2\/pages\/11356","targetHints":{"allow":["GET"]}}],"collection":[{"href":"https:\/\/www.univ-usto.dz\/faculte\/fac-snv\/wp-json\/wp\/v2\/pages"}],"about":[{"href":"https:\/\/www.univ-usto.dz\/faculte\/fac-snv\/wp-json\/wp\/v2\/types\/page"}],"author":[{"embeddable":true,"href":"https:\/\/www.univ-usto.dz\/faculte\/fac-snv\/wp-json\/wp\/v2\/users\/18"}],"replies":[{"embeddable":true,"href":"https:\/\/www.univ-usto.dz\/faculte\/fac-snv\/wp-json\/wp\/v2\/comments?post=11356"}],"version-history":[{"count":4,"href":"https:\/\/www.univ-usto.dz\/faculte\/fac-snv\/wp-json\/wp\/v2\/pages\/11356\/revisions"}],"predecessor-version":[{"id":11361,"href":"https:\/\/www.univ-usto.dz\/faculte\/fac-snv\/wp-json\/wp\/v2\/pages\/11356\/revisions\/11361"}],"wp:attachment":[{"href":"https:\/\/www.univ-usto.dz\/faculte\/fac-snv\/wp-json\/wp\/v2\/media?parent=11356"}],"curies":[{"name":"wp","href":"https:\/\/api.w.org\/{rel}","templated":true}]}}