{"id":11362,"date":"2021-07-06T14:14:12","date_gmt":"2021-07-06T14:14:12","guid":{"rendered":"https:\/\/www.univ-usto.dz\/faculte\/fac-snv\/?page_id=11362"},"modified":"2021-07-06T14:15:09","modified_gmt":"2021-07-06T14:15:09","slug":"pr-boudjema-abdallah-15-03-2018","status":"publish","type":"page","link":"https:\/\/www.univ-usto.dz\/faculte\/fac-snv\/pr-boudjema-abdallah-15-03-2018\/","title":{"rendered":"Pr. BOUDJEMA. Abdallah 15\/03\/2018 ."},"content":{"rendered":"\t\t<div data-elementor-type=\"wp-page\" data-elementor-id=\"11362\" class=\"elementor elementor-11362\">\n\t\t\t\t\t\t<section class=\"elementor-section elementor-top-section elementor-element elementor-element-817ecb0 elementor-section-boxed elementor-section-height-default elementor-section-height-default\" data-id=\"817ecb0\" data-element_type=\"section\">\n\t\t\t\t\t\t<div class=\"elementor-container elementor-column-gap-default\">\n\t\t\t\t\t<div class=\"elementor-column elementor-col-100 elementor-top-column elementor-element elementor-element-578e673\" data-id=\"578e673\" data-element_type=\"column\">\n\t\t\t<div class=\"elementor-widget-wrap elementor-element-populated\">\n\t\t\t\t\t\t<div class=\"elementor-element elementor-element-9876c29 elementor-widget elementor-widget-text-editor\" data-id=\"9876c29\" data-element_type=\"widget\" data-widget_type=\"text-editor.default\">\n\t\t\t\t<div class=\"elementor-widget-container\">\n\t\t\t\t\t\t\t\t\t<div class=\"page-header\" style=\"padding: 0px; margin: 24px 0px 21px; border: none;\"><h2 style=\"margin-top: 14px; margin-bottom: 27px; font-family: Roboto, Helvetica, Arial, sans-serif; line-height: 1.3em; color: #444444; text-rendering: optimizelegibility; font-size: 24px; border: 0px; padding-bottom: 0px;\"><span style=\"text-decoration-line: underline; font-size: 14pt; font-family: georgia, palatino;\"><span style=\"color: #0000ff;\">Conf\u00e9rence du 15\/03\/2018 &gt;&gt; Pr. Boudjema Abdallah<\/span><\/span><\/h2><\/div><div><p style=\"margin-bottom: 0px; color: #333333; font-family: Roboto, Helvetica, Arial, sans-serif; font-size: 14px; text-align: justify;\"><span style=\"color: #ff6600;\"><span style=\"background-color: #ffff00;\"><strong class=\"btn-info\" style=\"color: #ffffff; text-shadow: rgba(0, 0, 0, 0.25) 0px -1px 0px; background-color: #49afcd; background-image: none; background-repeat: repeat-x; border-color: rgba(0, 0, 0, 0.1) rgba(0, 0, 0, 0.1) rgba(0, 0, 0, 0.25);\">La Biologie dans Tous Ses Etats (BTSE _Conf\u00e9rence du 15\/03\/2018)<\/strong><\/span><\/span><\/p><p style=\"margin-bottom: 0px; color: #333333; font-family: Roboto, Helvetica, Arial, sans-serif; font-size: 14px; text-align: justify;\"><span style=\"font-family: Arial, sans-serif; color: #141414;\">Le Jeudi 15\/03\/2018 \u00e0 14H00, la facult\u00e9 des Sciences de la Nature et de la Vie de l&rsquo;Universit\u00e9 des Sciences et de la Technologie d&rsquo;Oran \u00ab\u00a0Mohamed Boudiaf\u00a0\u00bb \u00ab\u00a0SNV-USTOMB\u00a0\u00bb et en collaboration avec \u00ab\u00a0LGMC \u00a0\u00bb &lt;Laboratoire de G\u00e9n\u00e9tique Mol\u00e9culaire et Cellulaire&gt; a organis\u00e9e la conf\u00e9rence pr\u00e9sent\u00e9e par le\u00a0<strong>Professeur<\/strong><\/span><span style=\"font-family: Arial, sans-serif; color: #141414;\">\u00a0\u00a0\u00bb\u00a0<strong>BOUDJEMA Abdellah<\/strong>\u00a0\u00a0\u00bb\u00a0<\/span><span style=\"font-size: 12pt; line-height: 18.4px; font-family: Arial, sans-serif; color: #141414;\">sous le th\u00e8me<\/span>\u00a0\u00a0\u00bb\u00a0<strong>PharmacoG\u00e9n\u00e9tique de certains anticanc\u00e9reux<\/strong>\u00a0\u00ab\u00a0<\/p><p style=\"margin-bottom: 0px; color: #333333; font-family: Roboto, Helvetica, Arial, sans-serif; font-size: 14px; text-align: justify;\"><img fetchpriority=\"high\" decoding=\"async\" style=\"vertical-align: middle; border-width: 0px; border-style: initial; display: inline-block; padding: 7px; background-color: rgba(17, 17, 17, 0.1);\" src=\"https:\/\/www.univ-usto.dz\/faculte\/fac-snv\/ex_site\/images\/Archivage_snv\/2017-2018\/Conf_du_15-03-2018_Media\/015.PNG\" alt=\"015\" width=\"1053\" height=\"659\" \/><\/p><p style=\"margin-bottom: 0.0001pt; color: #333333; font-family: Roboto, Helvetica, Arial, sans-serif; font-size: 14px; text-align: center;\"><strong><span style=\"font-size: 16pt; line-height: 24.5333px; font-family: 'Times New Roman', serif;\">BIOLOGIE DANS TOUS SES ETATS<\/span><\/strong><\/p><p style=\"margin-bottom: 1em; color: #000000;\">\u00a0<\/p><p style=\"margin-bottom: 1em; color: #000000;\">\u00a0<\/p><p style=\"margin-bottom: 0.0001pt; color: #333333; font-family: Roboto, Helvetica, Arial, sans-serif; font-size: 14px; text-align: justify;\"><span style=\"color: #0000ff;\"><strong><span style=\"font-size: 12pt; line-height: 18.4px; font-family: 'Times New Roman', serif;\">Pharmacog\u00e9n\u00e9tique de certains anticanc\u00e9reux<\/span><\/strong><span style=\"font-size: 12pt; line-height: 18.4px; font-family: 'Times New Roman', serif;\">.<\/span><\/span><\/p><p style=\"margin-bottom: 0.0001pt; color: #333333; font-family: Roboto, Helvetica, Arial, sans-serif; font-size: 14px; text-align: justify;\"><span style=\"font-size: 12pt; line-height: 18.4px; font-family: 'Times New Roman', serif;\"><span style=\"color: #3366ff;\">Boudjema Abdallah<\/span>\u00a0;<\/span><\/p><p style=\"margin-bottom: 0.0001pt; color: #333333; font-family: Roboto, Helvetica, Arial, sans-serif; font-size: 14px; text-align: justify;\"><span style=\"font-size: 12pt; line-height: 18.4px; font-family: 'Times New Roman', serif; color: #666699;\">Facult\u00e9, SNV et laboratoire de G\u00e9n\u00e9tique Mol\u00e9culaire et Cellulaire, USTO-MB, Oran Alg\u00e9rie.<\/span><\/p><p style=\"margin-bottom: 1em; color: #000000;\">\u00a0<\/p><p style=\"margin-bottom: 1em; color: #000000;\">\u00a0<\/p><p style=\"margin-bottom: 0.0001pt; color: #333333; font-family: Roboto, Helvetica, Arial, sans-serif; font-size: 14px; text-align: justify; text-indent: 35.4pt;\"><span style=\"font-size: 12pt; line-height: 18.4px; font-family: 'Times New Roman', serif;\">En chimioth\u00e9rapie, il existe une fen\u00eatre th\u00e9rapeutique \u00e9troite entre l\u2019effet souhait\u00e9 et l\u2019effet toxique d\u2019une mol\u00e9cule. Cecid\u00e9pend de facteurs extrins\u00e8ques (environnement\u2026) et de facteurs intrins\u00e8ques tell que le patrimoine g\u00e9n\u00e9tique individuel. En effet, il est rapport\u00e9 que deux individus non apparent\u00e9s pr\u00e9sentent uniquement 0,1% de diff\u00e9rence. Ces diff\u00e9rences peuvent influencer la r\u00e9ponse\u00a0<span style=\"color: black; background-image: initial; background-position: initial; background-repeat: initial; background-attachment: initial;\">pharmacologique aux m\u00e9dicaments. Les variations g\u00e9n\u00e9tiques en cause, aussi appel\u00e9s polymorphismes, sont localis\u00e9s en particulier au niveau de g\u00e8nes codant pour les transporteurs et les enzymes du m\u00e9tabolisme.<\/span>Ainsi, la connaissance du profil g\u00e9n\u00e9tique du patient permet une prescription personnalis\u00e9e pr\u00e9sentant un maximum d\u2019efficacit\u00e9, de tol\u00e9rance et \u00e9galement une \u00e9conomie certaine sur la prise en charge des patients.<\/span><\/p><p style=\"margin-bottom: 0.0001pt; color: #333333; font-family: Roboto, Helvetica, Arial, sans-serif; font-size: 14px; text-align: justify; text-indent: 35.4pt;\"><span style=\"font-size: 12pt; line-height: 18.4px; font-family: 'Times New Roman', serif;\">L\u2019accessibilit\u00e9 aux diff\u00e9rentes technologies de g\u00e9notypage et de s\u00e9quen\u00e7age a permis un d\u00e9veloppement rapide de la pharmacog\u00e9n\u00e9tique clinique des anticanc\u00e9reux. Des syst\u00e8mes peuvent donc \u00eatre constitu\u00e9s par un certain nombre de polymorphismes de g\u00e8nes et la mol\u00e9cule anticancer utilis\u00e9e\u00a0: DPD-DPYD\/5FU, TS\/5FU, UGT1A1\/irinit\u00e9can et M\u00e9thotrexate\/MTHFR. Ces derniers ont donn\u00e9 des r\u00e9sultats tr\u00e8s appr\u00e9ciables essentiellement dans la r\u00e9duction de la toxicit\u00e9 dans les protocoles de chimioth\u00e9rapies.<\/span><\/p><p style=\"margin-bottom: 0.0001pt; color: #333333; font-family: Roboto, Helvetica, Arial, sans-serif; font-size: 14px; text-align: justify; text-indent: 35.4pt;\"><span style=\"font-size: 12pt; line-height: 18.4px; font-family: 'Times New Roman', serif;\">La pharmacog\u00e9n\u00e9tique clinique des anticanc\u00e9reux a une place de plus-en-plus importante dans la prise en charge des patients. Elle participe avec pharmacog\u00e9nomique tumorale \u00e0 la m\u00e9decine personnalis\u00e9e en oncologie.<\/span><\/p><p style=\"margin-bottom: 0.0001pt; color: #333333; font-family: Roboto, Helvetica, Arial, sans-serif; font-size: 14px; text-align: justify;\"><strong><span style=\"font-size: 12pt; line-height: 18.4px; font-family: 'Times New Roman', serif;\">Mots cl\u00e9s<\/span><\/strong><span style=\"font-size: 12pt; line-height: 18.4px; font-family: 'Times New Roman', serif;\">\u00a0: pharmacog\u00e9n\u00e9tique, DPD, DPYD, TS, UGT, MTHFR, 5FU, irinit\u00e9can, M\u00e9thotrexate.<\/span><\/p><p style=\"margin-bottom: 0px; color: #333333; font-family: Roboto, Helvetica, Arial, sans-serif; font-size: 14px; text-align: justify;\"><span class=\"jcemediabox-zoom-span\" style=\"color: #444444; outline: 0px; line-height: 0 !important; font-size: 0px !important; float: left; min-height: 1px; margin: 0px; padding: 7px; border: 0px none #444444; vertical-align: baseline; background: 0px 0px; cursor: pointer; display: inline-block; position: relative; max-width: 857px;\"><a class=\"jcepopup jcemediabox-image\" style=\"color: #444444; outline: 0px; line-height: 0 !important; font-size: 0px !important;\" href=\"https:\/\/www.univ-usto.dz\/faculte\/fac-snv\/ex_site\/images\/Archivage_snv\/2017-2018\/Conf_15-03-2018_Pr_BOUDJEMA_Abdallah.jpg\" target=\"_blank\" rel=\"noopener noreferrer\"><img decoding=\"async\" style=\"vertical-align: middle; display: inline-block; padding: 0px; background-color: rgba(17, 17, 17, 0.1); margin: 0px; float: none;\" src=\"https:\/\/www.univ-usto.dz\/faculte\/fac-snv\/ex_site\/images\/Archivage_snv\/2017-2018\/Conf_15-03-2018_Pr_BOUDJEMA_Abdallah.jpg\" alt=\"Conf 15 03 2018 Pr BOUDJEMA Abdallah\" width=\"857\" height=\"1216\" \/><\/a><\/span><\/p><div>\u00a0<\/div><\/div>\t\t\t\t\t\t\t\t<\/div>\n\t\t\t\t<\/div>\n\t\t\t\t\t<\/div>\n\t\t<\/div>\n\t\t\t\t\t<\/div>\n\t\t<\/section>\n\t\t\t\t<\/div>\n\t\t","protected":false},"excerpt":{"rendered":"<p>Conf\u00e9rence du 15\/03\/2018 &gt;&gt; Pr. Boudjema Abdallah La Biologie dans Tous Ses Etats (BTSE _Conf\u00e9rence du 15\/03\/2018) Le Jeudi 15\/03\/2018 \u00e0 14H00, la facult\u00e9 des Sciences de la Nature et <a href=\"https:\/\/www.univ-usto.dz\/faculte\/fac-snv\/pr-boudjema-abdallah-15-03-2018\/\" class=\"read-more\">Lire la suite &#8230;<\/a><\/p>\n","protected":false},"author":18,"featured_media":0,"parent":0,"menu_order":0,"comment_status":"closed","ping_status":"closed","template":"","meta":{"footnotes":""},"class_list":["post-11362","page","type-page","status-publish","hentry"],"_links":{"self":[{"href":"https:\/\/www.univ-usto.dz\/faculte\/fac-snv\/wp-json\/wp\/v2\/pages\/11362","targetHints":{"allow":["GET"]}}],"collection":[{"href":"https:\/\/www.univ-usto.dz\/faculte\/fac-snv\/wp-json\/wp\/v2\/pages"}],"about":[{"href":"https:\/\/www.univ-usto.dz\/faculte\/fac-snv\/wp-json\/wp\/v2\/types\/page"}],"author":[{"embeddable":true,"href":"https:\/\/www.univ-usto.dz\/faculte\/fac-snv\/wp-json\/wp\/v2\/users\/18"}],"replies":[{"embeddable":true,"href":"https:\/\/www.univ-usto.dz\/faculte\/fac-snv\/wp-json\/wp\/v2\/comments?post=11362"}],"version-history":[{"count":4,"href":"https:\/\/www.univ-usto.dz\/faculte\/fac-snv\/wp-json\/wp\/v2\/pages\/11362\/revisions"}],"predecessor-version":[{"id":11367,"href":"https:\/\/www.univ-usto.dz\/faculte\/fac-snv\/wp-json\/wp\/v2\/pages\/11362\/revisions\/11367"}],"wp:attachment":[{"href":"https:\/\/www.univ-usto.dz\/faculte\/fac-snv\/wp-json\/wp\/v2\/media?parent=11362"}],"curies":[{"name":"wp","href":"https:\/\/api.w.org\/{rel}","templated":true}]}}