{"id":11381,"date":"2021-07-06T14:25:05","date_gmt":"2021-07-06T14:25:05","guid":{"rendered":"https:\/\/www.univ-usto.dz\/faculte\/fac-snv\/?page_id=11381"},"modified":"2021-07-06T14:25:28","modified_gmt":"2021-07-06T14:25:28","slug":"dr-z-boucif-27-04-2017","status":"publish","type":"page","link":"https:\/\/www.univ-usto.dz\/faculte\/fac-snv\/dr-z-boucif-27-04-2017\/","title":{"rendered":"Dr Z.BOUCIF 27\/04\/2017"},"content":{"rendered":"\t\t<div data-elementor-type=\"wp-page\" data-elementor-id=\"11381\" class=\"elementor elementor-11381\">\n\t\t\t\t\t\t<section class=\"elementor-section elementor-top-section elementor-element elementor-element-c1a78dd elementor-section-boxed elementor-section-height-default elementor-section-height-default\" data-id=\"c1a78dd\" data-element_type=\"section\">\n\t\t\t\t\t\t<div class=\"elementor-container elementor-column-gap-default\">\n\t\t\t\t\t<div class=\"elementor-column elementor-col-100 elementor-top-column elementor-element elementor-element-acb7080\" data-id=\"acb7080\" data-element_type=\"column\">\n\t\t\t<div class=\"elementor-widget-wrap elementor-element-populated\">\n\t\t\t\t\t\t<div class=\"elementor-element elementor-element-d5c07f7 elementor-widget elementor-widget-text-editor\" data-id=\"d5c07f7\" data-element_type=\"widget\" data-widget_type=\"text-editor.default\">\n\t\t\t\t<div class=\"elementor-widget-container\">\n\t\t\t\t\t\t\t\t\t<div class=\"page-header\" style=\"padding: 0px; margin: 24px 0px 21px; border: none; color: rgb(51, 51, 51); font-family: Roboto, Helvetica, Arial, sans-serif; text-align: justify;\"><h2 itemprop=\"name\" style=\"margin-top: 14px; margin-bottom: 27px; font-family: Roboto, Helvetica, Arial, sans-serif; line-height: 1.3em; color: rgb(68, 68, 68); text-rendering: optimizelegibility; font-size: 24px; border: 0px; text-align: left; padding-bottom: 0px;\"><span style=\"text-decoration-line: underline; color: rgb(0, 0, 255); font-size: 14pt; font-family: georgia, palatino;\">conf\u00e9rence pr\u00e9sent\u00e9e par Dr Z.BOUCIF Le 27 Avril 2017<\/span><\/h2><\/div><div itemprop=\"articleBody\" style=\"color: rgb(51, 51, 51); font-family: Roboto, Helvetica, Arial, sans-serif; text-align: justify;\"><div class=\"pagebuilderck pagebuilderck25\" style=\"clear: both;\"><div>&nbsp;<\/div><div id=\"row_ID1521911797623\" class=\"rowck row-fluid uick-sortable\" style=\"width: 850px; margin: 0px auto; max-width: 850px; position: relative;\"><div class=\"inner animate clearfix\"><div id=\"block_ID1521911797624\" class=\"blockck span12\" style=\"float: left; min-height: 0px; margin-left: 0px; width: 850px; position: relative;\"><div class=\"ckstyle\">&nbsp;<\/div><div class=\"inner animate resizable\"><div class=\"innercontent uick-sortable\"><div id=\"ID1521911811174\" class=\"cktype\" data-type=\"image\" style=\"position: relative;\"><div class=\"ckstyle\">&nbsp;<\/div><div class=\"imageck\"><img decoding=\"async\" src=\"https:\/\/www.univ-usto.dz\/faculte\/fac-snv\/ex_site\/images\/Archivage_snv\/2016_2017\/Conf2.png\" alt=\"\" width=\"\" height=\"\" data-src=\"images\/Archivage_snv\/2016_2017\/Conf2.png\" style=\"vertical-align: middle; border-width: 0px; border-style: initial; display: inline-block;\"><\/div><\/div><\/div><\/div><\/div><\/div><\/div><\/div><\/div>\t\t\t\t\t\t\t\t<\/div>\n\t\t\t\t<\/div>\n\t\t\t\t\t<\/div>\n\t\t<\/div>\n\t\t\t\t\t<\/div>\n\t\t<\/section>\n\t\t\t\t<\/div>\n\t\t","protected":false},"excerpt":{"rendered":"<p>conf\u00e9rence pr\u00e9sent\u00e9e par Dr Z.BOUCIF Le 27 Avril 2017 &nbsp;&nbsp;&nbsp;<\/p>\n","protected":false},"author":18,"featured_media":0,"parent":0,"menu_order":0,"comment_status":"closed","ping_status":"closed","template":"","meta":{"footnotes":""},"class_list":["post-11381","page","type-page","status-publish","hentry"],"_links":{"self":[{"href":"https:\/\/www.univ-usto.dz\/faculte\/fac-snv\/wp-json\/wp\/v2\/pages\/11381","targetHints":{"allow":["GET"]}}],"collection":[{"href":"https:\/\/www.univ-usto.dz\/faculte\/fac-snv\/wp-json\/wp\/v2\/pages"}],"about":[{"href":"https:\/\/www.univ-usto.dz\/faculte\/fac-snv\/wp-json\/wp\/v2\/types\/page"}],"author":[{"embeddable":true,"href":"https:\/\/www.univ-usto.dz\/faculte\/fac-snv\/wp-json\/wp\/v2\/users\/18"}],"replies":[{"embeddable":true,"href":"https:\/\/www.univ-usto.dz\/faculte\/fac-snv\/wp-json\/wp\/v2\/comments?post=11381"}],"version-history":[{"count":4,"href":"https:\/\/www.univ-usto.dz\/faculte\/fac-snv\/wp-json\/wp\/v2\/pages\/11381\/revisions"}],"predecessor-version":[{"id":11386,"href":"https:\/\/www.univ-usto.dz\/faculte\/fac-snv\/wp-json\/wp\/v2\/pages\/11381\/revisions\/11386"}],"wp:attachment":[{"href":"https:\/\/www.univ-usto.dz\/faculte\/fac-snv\/wp-json\/wp\/v2\/media?parent=11381"}],"curies":[{"name":"wp","href":"https:\/\/api.w.org\/{rel}","templated":true}]}}