{"id":11387,"date":"2021-07-08T13:04:19","date_gmt":"2021-07-08T13:04:19","guid":{"rendered":"https:\/\/www.univ-usto.dz\/faculte\/fac-snv\/?page_id=11387"},"modified":"2021-09-15T10:03:44","modified_gmt":"2021-09-15T10:03:44","slug":"dossier-de-prime-de-recherche-prfu","status":"publish","type":"page","link":"https:\/\/www.univ-usto.dz\/faculte\/fac-snv\/dossier-de-prime-de-recherche-prfu\/","title":{"rendered":"Dossier  de prime de recherche PRFU"},"content":{"rendered":"\t\t<div data-elementor-type=\"wp-page\" data-elementor-id=\"11387\" class=\"elementor elementor-11387\">\n\t\t\t\t\t\t<section class=\"elementor-section elementor-top-section elementor-element elementor-element-bf180d1 elementor-section-boxed elementor-section-height-default elementor-section-height-default\" data-id=\"bf180d1\" data-element_type=\"section\">\n\t\t\t\t\t\t<div class=\"elementor-container elementor-column-gap-default\">\n\t\t\t\t\t<div class=\"elementor-column elementor-col-100 elementor-top-column elementor-element elementor-element-6a6c7dc\" data-id=\"6a6c7dc\" data-element_type=\"column\">\n\t\t\t<div class=\"elementor-widget-wrap elementor-element-populated\">\n\t\t\t\t\t\t\t<\/div>\n\t\t<\/div>\n\t\t\t\t\t<\/div>\n\t\t<\/section>\n\t\t\t\t<section class=\"elementor-section elementor-top-section elementor-element elementor-element-2f33126 elementor-section-boxed elementor-section-height-default elementor-section-height-default\" data-id=\"2f33126\" data-element_type=\"section\">\n\t\t\t\t\t\t<div class=\"elementor-container elementor-column-gap-default\">\n\t\t\t\t\t<div class=\"elementor-column elementor-col-100 elementor-top-column elementor-element elementor-element-d7cec11\" data-id=\"d7cec11\" data-element_type=\"column\">\n\t\t\t<div class=\"elementor-widget-wrap elementor-element-populated\">\n\t\t\t\t\t\t<div class=\"elementor-element elementor-element-4cfe656 elementor-widget elementor-widget-text-editor\" data-id=\"4cfe656\" data-element_type=\"widget\" data-widget_type=\"text-editor.default\">\n\t\t\t\t<div class=\"elementor-widget-container\">\n\t\t\t\t\t\t\t\t\t<p style=\"margin-bottom: 1em; color: #000000; font-family: 'Helvetica Neue', Helvetica, Arial, sans-serif; font-size: 10px; letter-spacing: 0.1px; word-spacing: 0.1px; line-height: 15px; text-align: center;\"><strong><em><span style=\"text-decoration-line: underline;\"><span style=\"font-size: 28pt; line-height: 56px; font-family: 'Times New Roman', serif;\">Dossier\u00a0 de prime de recherche PRFU<\/span><\/span><\/em><\/strong><\/p><ul style=\"padding-left: 0px; margin-bottom: 10px; margin-left: inherit; list-style-type: none; color: #38006b; font-family: 'Helvetica Neue', Helvetica, Arial, sans-serif; font-size: 10px; letter-spacing: 0.1px; word-spacing: 0.1px; text-align: center;\"><li style=\"line-height: 15px; color: black; text-align: justify;\"><em><span style=\"font-size: 20pt; line-height: 40px; font-family: 'Times New Roman', serif;\">Contrat \u00a0de recherche\u00a0<\/span><\/em><em><span style=\"font-size: 14pt; line-height: 28px; font-family: 'Times New Roman', serif;\"><a style=\"color: #4353cc;\" href=\"https:\/\/www.univ-usto.dz\/faculte\/fac-snv\/images\/CONTRAT_PRFU_mazari.docx\"><span style=\"color: black;\"><span style=\"color: #ff0000;\">Cliquez ici !<\/span><\/span><\/a>\u00a0<\/span><\/em><em><span style=\"font-size: 20pt; line-height: 40px; font-family: 'Times New Roman', serif;\">\u00a0\u00a0(05 exemplaires)<\/span><\/em><\/li><\/ul><ul style=\"padding-left: 0px; margin-bottom: 10px; margin-left: inherit; list-style-type: none; color: #38006b; font-family: 'Helvetica Neue', Helvetica, Arial, sans-serif; font-size: 10px; letter-spacing: 0.1px; word-spacing: 0.1px; text-align: center;\"><li style=\"line-height: 15px; color: black; text-align: justify;\"><em><span style=\"font-size: 20pt; line-height: 40px; font-family: 'Times New Roman', serif;\">Attestation de\u00a0 non perception de prime de recherche vis\u00e9e par<\/span><\/em><\/li><li style=\"line-height: 15px; color: black; text-align: justify;\"><em><span style=\"font-size: 20pt; line-height: 40px; font-family: 'Times New Roman', serif;\">\u00a0le responsable Pour les externes (04 exemplaires originaux.).<\/span><\/em><\/li><\/ul><ul style=\"padding-left: 0px; margin-bottom: 10px; margin-left: inherit; list-style-type: none; color: #38006b; font-family: 'Helvetica Neue', Helvetica, Arial, sans-serif; font-size: 10px; letter-spacing: 0.1px; word-spacing: 0.1px; text-align: center;\"><li style=\"line-height: 15px; color: black; text-align: justify;\"><em><span style=\"font-size: 20pt; line-height: 40px; font-family: 'Times New Roman', serif;\">\u00e9tat nominatif de la position des chercheurs associ\u00e9s sign\u00e9 par le chef\u00a0<\/span><\/em><\/li><li style=\"line-height: 15px; color: black; text-align: justify;\"><em><span style=\"font-size: 20pt; line-height: 40px; font-family: 'Times New Roman', serif;\">de projet. (05 exemplaires originaux)\u00a0<\/span><\/em><span style=\"color: #ff0000;\"><em><span style=\"font-size: 14pt; line-height: 28px; font-family: 'Times New Roman', serif;\"><a style=\"color: #ff0000;\" href=\"https:\/\/www.univ-usto.dz\/faculte\/fac-snv\/images\/Etat_nominatif_PRFU_2019_2.docx\">Cliquez ici !<\/a><\/span><\/em><\/span><\/li><\/ul><ul style=\"padding-left: 0px; margin-bottom: 10px; margin-left: inherit; list-style-type: none; color: #38006b; font-family: 'Helvetica Neue', Helvetica, Arial, sans-serif; font-size: 10px; letter-spacing: 0.1px; word-spacing: 0.1px; text-align: center;\"><li style=\"line-height: 15px; color: black; text-align: justify;\"><em><span style=\"font-size: 20pt; line-height: 40px; font-family: 'Times New Roman', serif;\">Le dernier arr\u00eat\u00e9 de nomination (d\u00e9cision) (04 exemplaire).<\/span><\/em><\/li><\/ul><ul style=\"padding-left: 0px; margin-bottom: 10px; margin-left: inherit; list-style-type: none; color: #38006b; font-family: 'Helvetica Neue', Helvetica, Arial, sans-serif; font-size: 10px; letter-spacing: 0.1px; word-spacing: 0.1px; text-align: center;\"><li style=\"line-height: 15px; color: black; text-align: justify;\"><em><span style=\"font-size: 20pt; line-height: 40px; font-family: 'Times New Roman', serif;\">Attestations de travail r\u00e9cent. (04 exemplaire originaux).<\/span><\/em><\/li><\/ul><ul style=\"padding-left: 0px; margin-bottom: 10px; margin-left: inherit; list-style-type: none; color: #38006b; font-family: 'Helvetica Neue', Helvetica, Arial, sans-serif; font-size: 10px; letter-spacing: 0.1px; word-spacing: 0.1px; text-align: center;\"><li style=\"line-height: 15px; color: black; text-align: justify;\"><em><span style=\"font-size: 20pt; line-height: 40px; font-family: 'Times New Roman', serif;\">ch\u00e8que barr\u00e9 (05 exemplaires).<\/span><\/em><\/li><\/ul><p style=\"margin-bottom: 1em; color: #000000; font-family: 'Helvetica Neue', Helvetica, Arial, sans-serif; font-size: 10px; letter-spacing: 0.1px; word-spacing: 0.1px; line-height: 15px; text-align: center;\"><strong><em><span style=\"text-decoration-line: underline;\"><span style=\"font-size: 20pt; line-height: 40px; font-family: 'Times New Roman', serif; color: red;\">N.B<\/span><\/span><\/em><\/strong><strong><em><span style=\"font-size: 20pt; line-height: 40px; font-family: 'Times New Roman', serif; color: red;\">\u00a0:\u00a0<\/span><\/em><\/strong><strong><em><span style=\"font-size: 14pt; line-height: 28px; font-family: 'Times New Roman', serif; color: red;\">le \u00a0dossier \u00a0administratif \u00a0est d\u00e9pose \u00a0aupr\u00e8s du \u00a0service \u00a0 de \u00a0recherche<\/span><\/em><\/strong><\/p>\t\t\t\t\t\t\t\t<\/div>\n\t\t\t\t<\/div>\n\t\t\t\t\t<\/div>\n\t\t<\/div>\n\t\t\t\t\t<\/div>\n\t\t<\/section>\n\t\t\t\t<\/div>\n\t\t","protected":false},"excerpt":{"rendered":"<p>Dossier  de prime de recherche PRFU Contrat  de recherche Cliquez ici !   (05 exemplaires)<\/p>\n","protected":false},"author":18,"featured_media":0,"parent":0,"menu_order":0,"comment_status":"closed","ping_status":"closed","template":"","meta":{"footnotes":""},"class_list":["post-11387","page","type-page","status-publish","hentry"],"_links":{"self":[{"href":"https:\/\/www.univ-usto.dz\/faculte\/fac-snv\/wp-json\/wp\/v2\/pages\/11387","targetHints":{"allow":["GET"]}}],"collection":[{"href":"https:\/\/www.univ-usto.dz\/faculte\/fac-snv\/wp-json\/wp\/v2\/pages"}],"about":[{"href":"https:\/\/www.univ-usto.dz\/faculte\/fac-snv\/wp-json\/wp\/v2\/types\/page"}],"author":[{"embeddable":true,"href":"https:\/\/www.univ-usto.dz\/faculte\/fac-snv\/wp-json\/wp\/v2\/users\/18"}],"replies":[{"embeddable":true,"href":"https:\/\/www.univ-usto.dz\/faculte\/fac-snv\/wp-json\/wp\/v2\/comments?post=11387"}],"version-history":[{"count":12,"href":"https:\/\/www.univ-usto.dz\/faculte\/fac-snv\/wp-json\/wp\/v2\/pages\/11387\/revisions"}],"predecessor-version":[{"id":11602,"href":"https:\/\/www.univ-usto.dz\/faculte\/fac-snv\/wp-json\/wp\/v2\/pages\/11387\/revisions\/11602"}],"wp:attachment":[{"href":"https:\/\/www.univ-usto.dz\/faculte\/fac-snv\/wp-json\/wp\/v2\/media?parent=11387"}],"curies":[{"name":"wp","href":"https:\/\/api.w.org\/{rel}","templated":true}]}}