{"id":11394,"date":"2021-07-08T13:09:42","date_gmt":"2021-07-08T13:09:42","guid":{"rendered":"https:\/\/www.univ-usto.dz\/faculte\/fac-snv\/?page_id=11394"},"modified":"2021-07-08T13:11:16","modified_gmt":"2021-07-08T13:11:16","slug":"dossier-de-stage-de-courte-duree","status":"publish","type":"page","link":"https:\/\/www.univ-usto.dz\/faculte\/fac-snv\/dossier-de-stage-de-courte-duree\/","title":{"rendered":"Dossier de stage de courte dur\u00e9e"},"content":{"rendered":"\t\t<div data-elementor-type=\"wp-page\" data-elementor-id=\"11394\" class=\"elementor elementor-11394\">\n\t\t\t\t\t\t<section class=\"elementor-section elementor-top-section elementor-element elementor-element-967aa73 elementor-section-boxed elementor-section-height-default elementor-section-height-default\" data-id=\"967aa73\" data-element_type=\"section\">\n\t\t\t\t\t\t<div class=\"elementor-container elementor-column-gap-default\">\n\t\t\t\t\t<div class=\"elementor-column elementor-col-100 elementor-top-column elementor-element elementor-element-0211332\" data-id=\"0211332\" data-element_type=\"column\">\n\t\t\t<div class=\"elementor-widget-wrap elementor-element-populated\">\n\t\t\t\t\t\t<div class=\"elementor-element elementor-element-5bf1c79 elementor-widget elementor-widget-text-editor\" data-id=\"5bf1c79\" data-element_type=\"widget\" data-widget_type=\"text-editor.default\">\n\t\t\t\t<div class=\"elementor-widget-container\">\n\t\t\t\t\t\t\t\t\t<p style=\"margin-bottom: 1em; color: #000000; font-family: 'Helvetica Neue', Helvetica, Arial, sans-serif; font-size: 10px; letter-spacing: 0.1px; word-spacing: 0.1px; text-align: center;\"><strong><span style=\"text-decoration-line: underline;\"><span style=\"font-size: 20pt; line-height: 30.6667px; font-family: 'Times New Roman', serif;\">Dossier de stage de courte dur\u00e9e<\/span><\/span><\/strong><\/p><p style=\"margin-bottom: 1em; color: #000000; font-family: 'Helvetica Neue', Helvetica, Arial, sans-serif; font-size: 10px; letter-spacing: 0.1px; word-spacing: 0.1px; text-align: center;\">\u00a0<\/p><p style=\"margin-bottom: 1em; color: #000000; font-family: 'Helvetica Neue', Helvetica, Arial, sans-serif; font-size: 10px; letter-spacing: 0.1px; word-spacing: 0.1px; text-align: center;\">\u00a0<\/p><p style=\"margin-bottom: 1em; color: #000000; font-family: 'Helvetica Neue', Helvetica, Arial, sans-serif; font-size: 10px; letter-spacing: 0.1px; word-spacing: 0.1px; text-align: center;\"><strong><span style=\"text-decoration-line: underline;\"><span style=\"font-size: 18pt; line-height: 27.6px; font-family: 'Times New Roman', serif;\">Prof, MCA et MCB\u00a0:<\/span><\/span><\/strong><\/p><p style=\"margin-bottom: 1em; color: #000000; font-family: 'Helvetica Neue', Helvetica, Arial, sans-serif; font-size: 10px; letter-spacing: 0.1px; word-spacing: 0.1px; text-align: center;\"><em><span style=\"font-size: 18pt; line-height: 27.6px; font-family: 'Times New Roman', serif;\">La<\/span><\/em><em><span style=\"font-size: 18pt; line-height: 27.6px; font-family: 'Times New Roman', serif;\">\u00a0fiche de candidature, doit \u00eatre vis\u00e9e par le pr\u00e9sident du CSD et le chef de d\u00e9partement en\u00a0<strong><span style=\"text-decoration-line: underline;\">01 exemplaire<\/span><\/strong>.\u00a0<strong>(Bien pr\u00e9ciser la ville du pays de destination\u00a0<a class=\"wf_file\" style=\"color: #000000;\" href=\"https:\/\/www.univ-usto.dz\/faculte\/fac-snv\/images\/FICHE_DE_CANDIDATURE.docx\"><span class=\"wf_file_text\">Cliquez ici !<\/span><\/a>.<\/strong><\/span><\/em><\/p><p style=\"margin-bottom: 1em; color: #000000; font-family: 'Helvetica Neue', Helvetica, Arial, sans-serif; font-size: 10px; letter-spacing: 0.1px; word-spacing: 0.1px; line-height: normal; text-align: center;\"><span style=\"font-size: 18pt;\">.\u00a0<\/span><span style=\"font-size: 18pt; font-family: 'Times New Roman', serif;\">Demande manuscrite<\/span><span style=\"font-size: 18pt; font-family: 'Times New Roman', serif;\">\u00a0adress\u00e9e \u00e0 Monsieur le doyen<\/span>\u00a0<em><span style=\"font-size: 18pt; font-family: 'Times New Roman', serif;\">(sans date de stage \/ sans en \u2013 t\u00e8te \/\u00a0\u00a0PFD ann\u00e9e en\u00a0cours).<\/span><\/em><\/p><p style=\"margin-bottom: 1em; color: #000000; font-family: 'Helvetica Neue', Helvetica, Arial, sans-serif; font-size: 10px; letter-spacing: 0.1px; word-spacing: 0.1px; line-height: normal; text-align: center;\"><span style=\"font-size: 18pt; font-family: 'Times New Roman', serif;\">&#8211; Plan de travail sign\u00e9 par le candidat\u00a0<\/span><em><span style=\"font-size: 18pt; font-family: 'Times New Roman', serif;\">(sans date de stage \/ sans en \u2013 t\u00e8te)<\/span><\/em><span style=\"font-size: 18pt; font-family: 'Times New Roman', serif;\">\u00a0vis\u00e9e par le Chef de \u00a0\u00a0\u00a0\u00a0D\u00e9partement.<\/span><\/p><p style=\"margin-bottom: 1em; color: #000000; font-family: 'Helvetica Neue', Helvetica, Arial, sans-serif; font-size: 10px; letter-spacing: 0.1px; word-spacing: 0.1px; line-height: 18.7pt; text-align: center;\"><span style=\"font-size: 18pt; font-family: 'Times New Roman', serif;\">&#8211; Ch\u00e8que barr\u00e9 ou copie de ch\u00e8que<\/span><\/p><p style=\"margin-bottom: 1em; color: #000000; font-family: 'Helvetica Neue', Helvetica, Arial, sans-serif; font-size: 10px; letter-spacing: 0.1px; word-spacing: 0.1px; line-height: normal; text-align: center;\"><span style=\"font-size: 18pt; font-family: 'Times New Roman', serif;\">-Attestation de travail r\u00e9cente.<\/span><\/p><p style=\"margin-bottom: 1em; color: #000000; font-family: 'Helvetica Neue', Helvetica, Arial, sans-serif; font-size: 10px; letter-spacing: 0.1px; word-spacing: 0.1px; line-height: normal; text-align: center;\"><span style=\"font-size: 18pt; font-family: 'Times New Roman', serif;\">&#8211; Photo d\u2019identit\u00e9.<\/span><\/p><p style=\"margin-bottom: 1em; color: #000000; font-family: 'Helvetica Neue', Helvetica, Arial, sans-serif; font-size: 10px; letter-spacing: 0.1px; word-spacing: 0.1px; text-align: center;\"><strong><span style=\"text-decoration-line: underline;\"><span style=\"font-size: 18pt; line-height: 27.6px; font-family: 'Times New Roman', serif;\">MAA MAB :<\/span><\/span><\/strong><\/p><p style=\"margin-bottom: 1em; color: #000000; font-family: 'Helvetica Neue', Helvetica, Arial, sans-serif; font-size: 10px; letter-spacing: 0.1px; word-spacing: 0.1px; text-align: center;\"><em><span style=\"font-size: 18pt; line-height: 27.6px; font-family: 'Times New Roman', serif;\">-La<\/span><\/em><em><span style=\"font-size: 18pt; line-height: 27.6px; font-family: 'Times New Roman', serif;\">\u00a0<span style=\"color: red;\"><span style=\"color: #000000;\">fiche de candidature, doit \u00eatre vis\u00e9e par le pr\u00e9sident du CSD et le chef de d\u00e9partement en\u00a0<strong><span style=\"text-decoration-line: underline;\">01 exemplaire<\/span><\/strong>.\u00a0<\/span><strong><span style=\"color: #000000;\">(Bien pr\u00e9ciser la ville du pays de destination)<a class=\"wf_file\" style=\"color: #000000;\" href=\"https:\/\/www.univ-usto.dz\/faculte\/fac-snv\/images\/FICHE_DE_CANDIDATURE.docx\"><span class=\"wf_file_text\">Cliquez ici !<\/span><\/a>.<\/span><br \/><\/strong><\/span><\/span><\/em><\/p><p style=\"margin-bottom: 1em; color: #000000; font-family: 'Helvetica Neue', Helvetica, Arial, sans-serif; font-size: 10px; letter-spacing: 0.1px; word-spacing: 0.1px; line-height: normal; text-align: center;\"><span style=\"font-size: 18pt; font-family: 'Times New Roman', serif;\">-Demande manuscrite<\/span><span style=\"font-size: 18pt; font-family: 'Times New Roman', serif;\">\u00a0adress\u00e9e \u00e0 Monsieur le doyen<\/span>\u00a0<em><span style=\"font-size: 18pt;\">(sans date de stage \/ sans en \u2013 t\u00e8te\/\u00a0PFD<\/span><\/em><em><span style=\"font-size: 18pt; font-family: 'Times New Roman', serif;\">\u00a0ann\u00e9e en<\/span><\/em>\u00a0<em><span style=\"font-size: 18pt; font-family: 'Times New Roman', serif;\">cours ).<\/span><\/em><\/p><p style=\"margin-bottom: 1em; color: #000000; font-family: 'Helvetica Neue', Helvetica, Arial, sans-serif; font-size: 10px; letter-spacing: 0.1px; word-spacing: 0.1px; line-height: normal; text-align: center;\"><span style=\"font-size: 18pt; font-family: 'Times New Roman', serif;\">&#8211; Plan de travail sign\u00e9 par l\u2019encadreur.<\/span><em><span style=\"font-size: 18pt;\">\u00a0(Sans date de stage \/ sans en \u2013 t\u00e8te)<\/span><\/em><\/p><p style=\"margin-bottom: 1em; color: #000000; font-family: 'Helvetica Neue', Helvetica, Arial, sans-serif; font-size: 10px; letter-spacing: 0.1px; word-spacing: 0.1px; line-height: normal; text-align: center;\"><span style=\"font-size: 18pt; font-family: 'Times New Roman', serif;\">&#8211;\u00a0 Copie d\u2019attestation d\u2019inscription de l\u2019ann\u00e9e en cours.<\/span><\/p><p style=\"margin-bottom: 1em; color: #000000; font-family: 'Helvetica Neue', Helvetica, Arial, sans-serif; font-size: 10px; letter-spacing: 0.1px; word-spacing: 0.1px; line-height: 18.7pt; text-align: center;\"><span style=\"font-size: 18pt; font-family: 'Times New Roman', serif;\">-Ch\u00e8que barr\u00e9 ou copie de ch\u00e8que<\/span><\/p><p style=\"margin-bottom: 1em; color: #000000; font-family: 'Helvetica Neue', Helvetica, Arial, sans-serif; font-size: 10px; letter-spacing: 0.1px; word-spacing: 0.1px; line-height: normal; text-align: center;\"><span style=\"font-size: 18pt; font-family: 'Times New Roman', serif;\">-Attestation de travail r\u00e9cente.<\/span><\/p><p style=\"margin-bottom: 1em; color: #000000; font-family: 'Helvetica Neue', Helvetica, Arial, sans-serif; font-size: 10px; letter-spacing: 0.1px; word-spacing: 0.1px; line-height: normal; text-align: center;\"><span style=\"font-size: 18pt; font-family: 'Times New Roman', serif;\">&#8211; Photo d\u2019identit\u00e9.<\/span><\/p><p style=\"margin-bottom: 1em; color: #000000; font-family: 'Helvetica Neue', Helvetica, Arial, sans-serif; font-size: 10px; letter-spacing: 0.1px; word-spacing: 0.1px; line-height: normal; text-align: center;\"><strong><span style=\"text-decoration-line: underline;\"><span style=\"font-size: 18pt; font-family: 'Times New Roman', serif;\">Doctorants \u00a0Non-salari\u00e9<\/span><\/span><\/strong><\/p><p style=\"margin-bottom: 1em; color: #000000; font-family: 'Helvetica Neue', Helvetica, Arial, sans-serif; font-size: 10px; letter-spacing: 0.1px; word-spacing: 0.1px; text-align: center;\"><em><span style=\"font-size: 18pt; line-height: 27.6px; font-family: 'Times New Roman', serif;\">&#8211;<span style=\"color: red;\"><span style=\"color: #000000;\">La fiche de candidature, vis\u00e9e par le pr\u00e9sident du CSD et le chef de d\u00e9partement en\u00a0<strong><span style=\"text-decoration-line: underline;\">01 exemplaire<\/span><\/strong>.\u00a0<\/span><strong><span style=\"color: #000000;\">(Bien pr\u00e9ciser la ville du pays de destination)\u00a0<a class=\"wf_file\" style=\"color: #000000;\" href=\"https:\/\/www.univ-usto.dz\/faculte\/fac-snv\/images\/FICHE_DE_CANDIDATURE.docx\"><span class=\"wf_file_text\">Cliquez ici !<\/span><\/a><\/span><br \/><\/strong><\/span><\/span><\/em><\/p><p style=\"margin-bottom: 1em; color: #000000; font-family: 'Helvetica Neue', Helvetica, Arial, sans-serif; font-size: 10px; letter-spacing: 0.1px; word-spacing: 0.1px; line-height: normal; text-align: center;\"><span style=\"font-size: 18pt; font-family: 'Times New Roman', serif;\">-Demande manuscrite<\/span><span style=\"font-size: 18pt; font-family: 'Times New Roman', serif;\">\u00a0adress\u00e9e \u00e0 Monsieur le doyen<\/span>\u00a0<em><span style=\"font-size: 18pt; font-family: 'Times New Roman', serif;\">(sans date de stage \/ sans en \u2013 t\u00e8te)<\/span><\/em><\/p><p style=\"margin-bottom: 1em; color: #000000; font-family: 'Helvetica Neue', Helvetica, Arial, sans-serif; font-size: 10px; letter-spacing: 0.1px; word-spacing: 0.1px; line-height: normal; text-align: center;\"><span style=\"font-size: 18pt; font-family: Symbol;\">&#8211;\u00a0<\/span><span style=\"font-size: 18pt; font-family: 'Times New Roman', serif;\">Plan de travail sign\u00e9 par l\u2019encadreur<\/span><em><span style=\"font-size: 18pt; font-family: 'Times New Roman', serif;\">\u00a0(sans date de stage \/ sans en \u2013 t\u00e8te)<\/span><\/em><\/p><p style=\"margin-bottom: 1em; color: #000000; font-family: 'Helvetica Neue', Helvetica, Arial, sans-serif; font-size: 10px; letter-spacing: 0.1px; word-spacing: 0.1px; line-height: normal; text-align: center;\"><span style=\"font-size: 18pt; font-family: Symbol;\">&#8211;<\/span><span style=\"font-size: 18pt; font-family: 'Times New Roman', serif;\">Copie de l\u2019attestation<\/span>\u00a0<span style=\"font-size: 18pt; font-family: 'Times New Roman', serif;\">d\u2019inscription de l\u2019ann\u00e9e en cours.<\/span><\/p><p style=\"margin-bottom: 1em; color: #000000; font-family: 'Helvetica Neue', Helvetica, Arial, sans-serif; font-size: 10px; letter-spacing: 0.1px; word-spacing: 0.1px; line-height: normal; text-align: center;\"><span style=\"font-size: 18pt; font-family: Symbol;\">&#8211;\u00a0<\/span><span style=\"font-size: 18pt; font-family: 'Times New Roman', serif;\">Attestation originale de non affiliation \u00e0 la CNAS<\/span><\/p><p style=\"margin-bottom: 1em; color: #000000; font-family: 'Helvetica Neue', Helvetica, Arial, sans-serif; font-size: 10px; letter-spacing: 0.1px; word-spacing: 0.1px; line-height: normal; text-align: center;\"><span style=\"font-size: 18pt; font-family: Symbol;\">&#8211;\u00a0<\/span><span style=\"font-size: 18pt; font-family: 'Times New Roman', serif;\">-Attestation originale de non affiliation \u00e0 la CASNOS<\/span><\/p><p style=\"margin-bottom: 1em; color: #000000; font-family: 'Helvetica Neue', Helvetica, Arial, sans-serif; font-size: 10px; letter-spacing: 0.1px; word-spacing: 0.1px; line-height: normal; text-align: center;\"><span style=\"font-size: 18pt; font-family: Symbol;\">&#8211;\u00a0<\/span><span style=\"font-size: 18pt; font-family: 'Times New Roman', serif;\">\u00a0Ch\u00e8que barr\u00e9 ou copie de ch\u00e8que.<\/span><\/p><p style=\"margin-bottom: 1em; color: #000000; font-family: 'Helvetica Neue', Helvetica, Arial, sans-serif; font-size: 10px; letter-spacing: 0.1px; word-spacing: 0.1px; line-height: normal; text-align: center;\"><span style=\"font-size: 18pt; font-family: 'Times New Roman', serif;\">&#8211;\u00a0\u00a0\u00a0<\/span><span style=\"font-size: 18pt; font-family: 'Times New Roman', serif;\">Photo d\u2019identit\u00e9<\/span><span style=\"font-size: 18pt; font-family: 'Times New Roman', serif;\">.<\/span><\/p><p style=\"margin-bottom: 1em; color: #000000; font-family: 'Helvetica Neue', Helvetica, Arial, sans-serif; font-size: 10px; letter-spacing: 0.1px; word-spacing: 0.1px; line-height: normal; text-align: center;\"><strong><span style=\"text-decoration-line: underline;\"><span style=\"font-size: 20pt; font-family: 'Times New Roman', serif;\">Actualisation de dossier de stage<\/span><\/span><\/strong><\/p><p style=\"margin-bottom: 1em; color: #000000; font-family: 'Helvetica Neue', Helvetica, Arial, sans-serif; font-size: 10px; letter-spacing: 0.1px; word-spacing: 0.1px; line-height: normal; text-align: center;\">\u00a0<\/p><p style=\"margin-bottom: 1em; color: #000000; font-family: 'Helvetica Neue', Helvetica, Arial, sans-serif; font-size: 10px; letter-spacing: 0.1px; word-spacing: 0.1px; line-height: normal; text-align: center;\"><span style=\"font-size: 20pt; font-family: 'Times New Roman', serif;\">Demande d\u2019actualisation\u00a0<\/span><span style=\"font-size: 20pt; font-family: 'Times New Roman', serif;\">pr\u00e9ciser la ville du pays de destination et la date<strong><em>.<\/em><\/strong><\/span><\/p><p style=\"margin-bottom: 1em; color: #000000; font-family: 'Helvetica Neue', Helvetica, Arial, sans-serif; font-size: 10px; letter-spacing: 0.1px; word-spacing: 0.1px; line-height: normal; text-align: center;\"><span style=\"font-size: 20pt; font-family: 'Times New Roman', serif;\">Demande de changement de destination de stage \u00a0\u00a0(En cas de changement)<\/span><\/p><p style=\"margin-bottom: 1em; color: #000000; font-family: 'Helvetica Neue', Helvetica, Arial, sans-serif; font-size: 10px; letter-spacing: 0.1px; word-spacing: 0.1px; line-height: normal; text-align: center;\"><span style=\"font-size: 20pt; font-family: 'Times New Roman', serif;\">Originaux\u00a0 des documents de stage (Attestation de stage, \u00e9tat nominatif, &#8211; d\u00e9cision de la PAF)<\/span><\/p><p style=\"margin-bottom: 1em; color: #000000; font-family: 'Helvetica Neue', Helvetica, Arial, sans-serif; font-size: 10px; letter-spacing: 0.1px; word-spacing: 0.1px; text-align: center;\">\u00a0<\/p><p style=\"margin-bottom: 1em; color: #000000; font-family: 'Helvetica Neue', Helvetica, Arial, sans-serif; font-size: 10px; letter-spacing: 0.1px; word-spacing: 0.1px; line-height: normal; text-align: center;\"><strong><span style=\"text-decoration-line: underline;\"><span style=\"font-size: 20pt; font-family: 'Times New Roman', serif;\">APRES CONSOMMATION DU STAGE<\/span><\/span><\/strong><\/p><p style=\"margin-bottom: 1em; color: #000000; font-family: 'Helvetica Neue', Helvetica, Arial, sans-serif; font-size: 10px; letter-spacing: 0.1px; word-spacing: 0.1px; line-height: normal; text-align: center;\">\u00a0<\/p><p style=\"margin-bottom: 1em; color: #000000; font-family: 'Helvetica Neue', Helvetica, Arial, sans-serif; font-size: 10px; letter-spacing: 0.1px; word-spacing: 0.1px; line-height: normal; text-align: center;\"><span style=\"font-size: 20pt; font-family: 'Times New Roman', serif;\">Les pi\u00e8ces suivantes et avant d\u2019\u00eatre achemin\u00e9es vers les services de la post-graduation de la Facult\u00e9, seront d\u00e9pos\u00e9es aupr\u00e8s du chef d\u00e9partement-adjoint de la post-graduation du d\u00e9partement, pour \u00eatre soumises au CSD.<\/span><\/p><p style=\"margin-bottom: 1em; color: #000000; font-family: 'Helvetica Neue', Helvetica, Arial, sans-serif; font-size: 10px; letter-spacing: 0.1px; word-spacing: 0.1px; line-height: normal; text-align: center;\"><span style=\"font-size: 20pt; font-family: 'Times New Roman', serif;\">\u00a0 \u00a0 \u00a0 \u00a0<\/span><\/p><p style=\"margin-bottom: 1em; color: #000000; font-family: 'Helvetica Neue', Helvetica, Arial, sans-serif; font-size: 10px; letter-spacing: 0.1px; word-spacing: 0.1px; line-height: normal; text-align: center;\"><span style=\"font-size: 20pt; font-family: 'Times New Roman', serif;\">1-originaux \u00a0des documents de stage (Attestation de stage, \u00e9tat nominatif)<\/span><\/p><p style=\"margin-bottom: 1em; color: #000000; font-family: 'Helvetica Neue', Helvetica, Arial, sans-serif; font-size: 10px; letter-spacing: 0.1px; word-spacing: 0.1px; line-height: normal; text-align: center;\"><span style=\"font-size: 20pt; font-family: 'Times New Roman', serif;\">2-L\u2019original de la d\u00e9cision de la PAF, portant les dates d\u2019entr\u00e9e-sortie<\/span><\/p><p style=\"margin-bottom: 1em; color: #000000; font-family: 'Helvetica Neue', Helvetica, Arial, sans-serif; font-size: 10px; letter-spacing: 0.1px; word-spacing: 0.1px; line-height: normal; text-align: center;\"><span style=\"font-size: 20pt; font-family: 'Times New Roman', serif;\">3-Copie de page du passeport portant les dates d\u2019entr\u00e9e-sortie.<\/span><\/p><p style=\"margin-bottom: 1em; color: #000000; font-family: 'Helvetica Neue', Helvetica, Arial, sans-serif; font-size: 10px; letter-spacing: 0.1px; word-spacing: 0.1px; line-height: normal; text-align: center;\"><span style=\"font-size: 20pt; font-family: 'Times New Roman', serif;\">4-Rapport du stage\u00a0Sign\u00e9 par lui-m\u00eame [Prof-MCA-MCB],\u00a0<\/span><\/p><p style=\"margin-bottom: 1em; color: #000000; font-family: 'Helvetica Neue', Helvetica, Arial, sans-serif; font-size: 10px; letter-spacing: 0.1px; word-spacing: 0.1px; line-height: normal; text-align: center;\"><span style=\"font-size: 20pt; font-family: 'Times New Roman', serif;\">5-Rapport du stage\u00a0 vis\u00e9 par l\u2019organisme o\u00f9 s\u2019est d\u00e9roul\u00e9 le stage [M.A.A, M.A.B et doctorants]<\/span><\/p><p style=\"margin-bottom: 1em; color: #000000; font-family: 'Helvetica Neue', Helvetica, Arial, sans-serif; font-size: 10px; letter-spacing: 0.1px; word-spacing: 0.1px; line-height: normal; text-align: center;\">\u00a0<\/p><p style=\"margin-bottom: 1em; color: #000000; font-family: 'Helvetica Neue', Helvetica, Arial, sans-serif; font-size: 10px; letter-spacing: 0.1px; word-spacing: 0.1px; text-align: center;\">\u00a0<\/p><p style=\"margin-bottom: 1em; color: #000000; font-family: 'Helvetica Neue', Helvetica, Arial, sans-serif; font-size: 10px; letter-spacing: 0.1px; word-spacing: 0.1px; text-align: center;\">\u00a0<\/p><p style=\"margin-bottom: 1em; color: #000000; font-family: 'Helvetica Neue', Helvetica, Arial, sans-serif; font-size: 10px; letter-spacing: 0.1px; word-spacing: 0.1px; text-align: center;\">\u00a0<\/p>\t\t\t\t\t\t\t\t<\/div>\n\t\t\t\t<\/div>\n\t\t\t\t\t<\/div>\n\t\t<\/div>\n\t\t\t\t\t<\/div>\n\t\t<\/section>\n\t\t\t\t<\/div>\n\t\t","protected":false},"excerpt":{"rendered":"<p>Dossier de stage de courte dur\u00e9e \u00a0 \u00a0 Prof, MCA et MCB\u00a0: La\u00a0fiche de candidature, doit \u00eatre vis\u00e9e par le pr\u00e9sident du CSD et le chef de d\u00e9partement en\u00a001 exemplaire.\u00a0(Bien <a href=\"https:\/\/www.univ-usto.dz\/faculte\/fac-snv\/dossier-de-stage-de-courte-duree\/\" class=\"read-more\">Lire la suite &#8230;<\/a><\/p>\n","protected":false},"author":18,"featured_media":0,"parent":0,"menu_order":0,"comment_status":"closed","ping_status":"closed","template":"","meta":{"footnotes":""},"class_list":["post-11394","page","type-page","status-publish","hentry"],"_links":{"self":[{"href":"https:\/\/www.univ-usto.dz\/faculte\/fac-snv\/wp-json\/wp\/v2\/pages\/11394","targetHints":{"allow":["GET"]}}],"collection":[{"href":"https:\/\/www.univ-usto.dz\/faculte\/fac-snv\/wp-json\/wp\/v2\/pages"}],"about":[{"href":"https:\/\/www.univ-usto.dz\/faculte\/fac-snv\/wp-json\/wp\/v2\/types\/page"}],"author":[{"embeddable":true,"href":"https:\/\/www.univ-usto.dz\/faculte\/fac-snv\/wp-json\/wp\/v2\/users\/18"}],"replies":[{"embeddable":true,"href":"https:\/\/www.univ-usto.dz\/faculte\/fac-snv\/wp-json\/wp\/v2\/comments?post=11394"}],"version-history":[{"count":4,"href":"https:\/\/www.univ-usto.dz\/faculte\/fac-snv\/wp-json\/wp\/v2\/pages\/11394\/revisions"}],"predecessor-version":[{"id":11399,"href":"https:\/\/www.univ-usto.dz\/faculte\/fac-snv\/wp-json\/wp\/v2\/pages\/11394\/revisions\/11399"}],"wp:attachment":[{"href":"https:\/\/www.univ-usto.dz\/faculte\/fac-snv\/wp-json\/wp\/v2\/media?parent=11394"}],"curies":[{"name":"wp","href":"https:\/\/api.w.org\/{rel}","templated":true}]}}