{"id":11400,"date":"2021-07-08T13:12:47","date_gmt":"2021-07-08T13:12:47","guid":{"rendered":"https:\/\/www.univ-usto.dz\/faculte\/fac-snv\/?page_id=11400"},"modified":"2021-07-15T10:06:45","modified_gmt":"2021-07-15T10:06:45","slug":"conges-scientifiques","status":"publish","type":"page","link":"https:\/\/www.univ-usto.dz\/faculte\/fac-snv\/conges-scientifiques\/","title":{"rendered":"CONG\u00c9S SCIENTIFIQUES"},"content":{"rendered":"\t\t<div data-elementor-type=\"wp-page\" data-elementor-id=\"11400\" class=\"elementor elementor-11400\">\n\t\t\t\t\t\t<section class=\"elementor-section elementor-top-section elementor-element elementor-element-0ad3e2c elementor-section-boxed elementor-section-height-default elementor-section-height-default\" data-id=\"0ad3e2c\" data-element_type=\"section\">\n\t\t\t\t\t\t<div class=\"elementor-container elementor-column-gap-default\">\n\t\t\t\t\t<div class=\"elementor-column elementor-col-100 elementor-top-column elementor-element elementor-element-dfbb703\" data-id=\"dfbb703\" data-element_type=\"column\">\n\t\t\t<div class=\"elementor-widget-wrap elementor-element-populated\">\n\t\t\t\t\t\t<div class=\"elementor-element elementor-element-975e4e8 elementor-widget elementor-widget-text-editor\" data-id=\"975e4e8\" data-element_type=\"widget\" data-widget_type=\"text-editor.default\">\n\t\t\t\t<div class=\"elementor-widget-container\">\n\t\t\t\t\t\t\t\t\t<p style=\"margin-bottom: 1em; color: #000000; text-align: left;\"><strong><span style=\"text-decoration-line: underline;\"><span style=\"font-size: 20pt; line-height: 40px;\">CONG\u00c9S SCIENTIFIQUES<\/span><\/span><\/strong><\/p><ul style=\"padding-left: 0px; margin-bottom: 10px; margin-left: inherit; list-style-type: none; color: #38006b; text-align: left;\"><li style=\"line-height: 15px; text-align: justify;\"><span style=\"font-size: 20pt; line-height: 40px;\">Fiche de candidature,\u00a0vis\u00e9e par le pr\u00e9sident du CSD et le chef de d\u00e9partement en\u00a001 exemplaire. \u00ab\u00a0Bien pr\u00e9ciser la ville du pays de destination\u00a0\u00bb\u00a0<a style=\"color: #4353cc;\" href=\"https:\/\/www.univ-usto.dz\/faculte\/fac-snv\/images\/FICHE_DE_CANDIDATURE.docx\"><span style=\"line-height: 40px; color: black;\">Cliquez ici !<\/span><\/a><\/span><\/li><\/ul><ul style=\"padding-left: 0px; margin-bottom: 10px; margin-left: inherit; list-style-type: none; color: #38006b; text-align: left;\"><li style=\"line-height: 15px; text-align: justify;\"><span style=\"font-size: 20pt; line-height: 40px;\">\u00a0Demande de cong\u00e9 scientifique\u00a0<\/span><\/li><li style=\"line-height: 15px;\"><span style=\"font-size: 20pt; line-height: 40px;\">\u00a0\u00a0lettre d\u2019acceptation<\/span><\/li><li style=\"line-height: 15px;\"><span style=\"font-size: 20pt; line-height: 40px;\">\u00a0R\u00e9sum\u00e9 de la communication<\/span><\/li><li style=\"line-height: 15px; text-align: justify;\"><span style=\"font-size: 20pt; line-height: 40px;\">Ch\u00e8que barr\u00e9 ou copie de ch\u00e8que<\/span><\/li><li style=\"line-height: 15px; text-align: justify;\"><span style=\"font-size: 20pt; line-height: 40px;\">\u00a0Photo d\u2019identit\u00e9<\/span><\/li><\/ul><p style=\"margin-bottom: 1em; color: #000000; text-align: left;\"><strong><span style=\"text-decoration-line: underline;\"><span style=\"font-size: 20pt; line-height: 40px;\">Dossier de \u00a0retour du cong\u00e9 scientifique<\/span><\/span><\/strong><\/p><p style=\"margin-bottom: 1em; color: #000000; text-align: left;\"><strong><span style=\"font-size: 20pt; line-height: 40px;\">\u00a0Au retour du cong\u00e9 scientifique, les\u00a0dossiers\u00a0doivent \u00eatre dans les 15 jours suivant le retour de l\u2019\u00e9tranger par les pi\u00e8ces suivantes:<\/span><\/strong><\/p><ul style=\"padding-left: 0px; margin-bottom: 10px; margin-left: inherit; list-style-type: none; color: #38006b;\"><li style=\"line-height: 15px; text-align: left;\"><span style=\"font-size: 20pt; line-height: 40px;\">l\u2019attestation de participation \u00e0 la manifestation scientifique<\/span><\/li><li style=\"line-height: 15px; text-align: left;\"><span style=\"font-size: 20pt; line-height: 40px;\">la d\u00e9cision d\u2019envoi en Cong\u00e9 scientifique vis\u00e9e par\u00a0la PAF\u00a0(\u00e0 l\u2019aller et au retour),<\/span><\/li><li style=\"line-height: 15px; text-align: left;\"><span style=\"font-size: 20pt; line-height: 40px;\">la quittance de payement des frais d\u2019inscription (Cong\u00e9 scientifique),<\/span><\/li><li style=\"line-height: 15px; text-align: left;\"><span style=\"font-size: 20pt; line-height: 40px;\">Copie du programme de la manifestation scientifique.<\/span><\/li><\/ul>\t\t\t\t\t\t\t\t<\/div>\n\t\t\t\t<\/div>\n\t\t\t\t\t<\/div>\n\t\t<\/div>\n\t\t\t\t\t<\/div>\n\t\t<\/section>\n\t\t\t\t<\/div>\n\t\t","protected":false},"excerpt":{"rendered":"<p>CONG\u00c9S SCIENTIFIQUES Fiche de candidature,\u00a0vis\u00e9e par le pr\u00e9sident du CSD et le chef de d\u00e9partement en\u00a001 exemplaire. \u00ab\u00a0Bien pr\u00e9ciser la ville du pays de destination\u00a0\u00bb\u00a0Cliquez ici ! \u00a0Demande de cong\u00e9 <a href=\"https:\/\/www.univ-usto.dz\/faculte\/fac-snv\/conges-scientifiques\/\" class=\"read-more\">Lire la suite &#8230;<\/a><\/p>\n","protected":false},"author":18,"featured_media":0,"parent":0,"menu_order":0,"comment_status":"closed","ping_status":"closed","template":"","meta":{"footnotes":""},"class_list":["post-11400","page","type-page","status-publish","hentry"],"_links":{"self":[{"href":"https:\/\/www.univ-usto.dz\/faculte\/fac-snv\/wp-json\/wp\/v2\/pages\/11400","targetHints":{"allow":["GET"]}}],"collection":[{"href":"https:\/\/www.univ-usto.dz\/faculte\/fac-snv\/wp-json\/wp\/v2\/pages"}],"about":[{"href":"https:\/\/www.univ-usto.dz\/faculte\/fac-snv\/wp-json\/wp\/v2\/types\/page"}],"author":[{"embeddable":true,"href":"https:\/\/www.univ-usto.dz\/faculte\/fac-snv\/wp-json\/wp\/v2\/users\/18"}],"replies":[{"embeddable":true,"href":"https:\/\/www.univ-usto.dz\/faculte\/fac-snv\/wp-json\/wp\/v2\/comments?post=11400"}],"version-history":[{"count":10,"href":"https:\/\/www.univ-usto.dz\/faculte\/fac-snv\/wp-json\/wp\/v2\/pages\/11400\/revisions"}],"predecessor-version":[{"id":11471,"href":"https:\/\/www.univ-usto.dz\/faculte\/fac-snv\/wp-json\/wp\/v2\/pages\/11400\/revisions\/11471"}],"wp:attachment":[{"href":"https:\/\/www.univ-usto.dz\/faculte\/fac-snv\/wp-json\/wp\/v2\/media?parent=11400"}],"curies":[{"name":"wp","href":"https:\/\/api.w.org\/{rel}","templated":true}]}}