{"id":11413,"date":"2021-07-11T10:20:19","date_gmt":"2021-07-11T10:20:19","guid":{"rendered":"https:\/\/www.univ-usto.dz\/faculte\/fac-snv\/?page_id=11413"},"modified":"2021-07-11T10:22:25","modified_gmt":"2021-07-11T10:22:25","slug":"textes-reglementaireshabilitation","status":"publish","type":"page","link":"https:\/\/www.univ-usto.dz\/faculte\/fac-snv\/textes-reglementaireshabilitation\/","title":{"rendered":"textes r\u00e9glementaires(habilitation)"},"content":{"rendered":"\t\t<div data-elementor-type=\"wp-page\" data-elementor-id=\"11413\" class=\"elementor elementor-11413\">\n\t\t\t\t\t\t<section class=\"elementor-section elementor-top-section elementor-element elementor-element-825d5a6 elementor-section-boxed elementor-section-height-default elementor-section-height-default\" data-id=\"825d5a6\" data-element_type=\"section\">\n\t\t\t\t\t\t<div class=\"elementor-container elementor-column-gap-default\">\n\t\t\t\t\t<div class=\"elementor-column elementor-col-100 elementor-top-column elementor-element elementor-element-2b1f647\" data-id=\"2b1f647\" data-element_type=\"column\">\n\t\t\t<div class=\"elementor-widget-wrap elementor-element-populated\">\n\t\t\t\t\t\t<div class=\"elementor-element elementor-element-5df7cfe elementor-widget elementor-widget-text-editor\" data-id=\"5df7cfe\" data-element_type=\"widget\" data-widget_type=\"text-editor.default\">\n\t\t\t\t<div class=\"elementor-widget-container\">\n\t\t\t\t\t\t\t\t\t<p style=\"margin-bottom: 1em; color: #000000; font-family: 'Helvetica Neue', Helvetica, Arial, sans-serif; font-size: 10px; letter-spacing: 0.1px; word-spacing: 0.1px; text-align: center;\"><span style=\"text-decoration-line: underline; font-size: 24pt; color: #000070;\"><strong><span style=\"font-family: Rockwell, serif;\">Les textes r\u00e9glementaires qui r\u00e9gissent l&rsquo;habilitation universitaire :\u00a0\u00a0<\/span><\/strong><\/span><\/p><table class=\" aligncenter\" style=\"max-width: 100%; color: #38006b; font-family: 'Helvetica Neue', Helvetica, Arial, sans-serif; font-size: 10px; letter-spacing: 0.1px; word-spacing: 0.1px; width: 689px; height: 489px;\"><tbody><tr><td style=\"padding: 0px; border-width: thin; border-color: #000000;\"><p style=\"margin-bottom: 1em; color: #000000; line-height: 15px;\"><span style=\"font-family: georgia, palatino; font-size: 18pt;\"><strong><span style=\"line-height: 36px;\">Textes r\u00e9glementaires<\/span><\/strong><\/span><\/p><\/td><td style=\"padding: 0px; border-width: thin; border-color: #000000;\"><p style=\"margin-bottom: 1em; color: #000000; line-height: 15px;\"><span style=\"font-size: 18pt;\"><strong><span style=\"line-height: 36px;\">Document\u00a0 \u00a0 \u00a0PDF\u00a0 \u00a0\u00a0<\/span><\/strong><\/span><\/p><\/td><\/tr><tr><td style=\"padding: 0px; border-width: thin; border-color: #000000;\"><p style=\"margin-bottom: 1em; color: #000000; text-align: justify; line-height: 15px;\"><strong><span style=\"font-size: 12pt; line-height: 24px; font-family: 'Times New Roman', serif;\">Note explicative N\u00b0374 du 16 Mai 2018, concernant les nouvelles dispositions r\u00e9glementaires r\u00e9gissant le doctorat, l\u2019habilitation universitaire et les PRFU<\/span><\/strong><\/p><\/td><td style=\"padding: 0px; border-width: thin; border-color: #000000;\"><p style=\"margin-bottom: 1em; color: #000000; text-align: justify; line-height: 15px;\"><span style=\"font-family: 'arial black', 'avant garde'; color: #3366ff;\"><strong><span style=\"font-size: 12pt; line-height: 24px;\">\u00a0 \u00a0 \u00a0 \u00a0 \u00a0 \u00a0<span style=\"text-decoration-line: underline;\"><a style=\"color: #4353cc;\" href=\"https:\/\/www.univ-usto.dz\/faculte\/fac-snv\/images\/SNV__2019-2020\/uploads_2019_2020\/PG\/Habilitation\/textes_reglementaires\/Note-explicative374_16_MAI_HU.pdf\" target=\"_blank\" rel=\"noopener\">T\u00e9l\u00e9charger\u00a0\u00a0<\/a><\/span><\/span><\/strong><\/span><\/p><\/td><\/tr><tr><td style=\"padding: 0px; border-width: thin; border-color: #000000;\"><p style=\"margin-bottom: 1em; color: #000000; text-align: justify; line-height: 15px;\"><strong><span style=\"font-size: 12pt; line-height: 24px; font-family: 'Times New Roman', serif;\">Arr\u00eat\u00e9 n\u00b0170 du 20 F\u00e9vrier 2018 Fixant les modalit\u00e9s de mise en \u0153uvre des dispositions relatives \u00e0 l\u2019habilitation universitaire<\/span><\/strong><\/p><\/td><td style=\"padding: 0px; border-width: thin; border-color: #000000;\"><p style=\"margin-bottom: 1em; color: #000000; line-height: 15px;\"><span style=\"font-size: 12pt; line-height: 24px; font-family: 'arial black', 'avant garde'; color: #3366ff;\">\u00a0<span style=\"text-decoration-line: underline;\"><a style=\"color: #4353cc;\" href=\"https:\/\/www.univ-usto.dz\/faculte\/fac-snv\/images\/SNV__2019-2020\/uploads_2019_2020\/PG\/Habilitation\/textes_reglementaires\/170___20022018___.pdf\" target=\"_blank\" rel=\"noopener\"><span style=\"font-size: 12pt; line-height: 24px;\">T\u00e9l\u00e9charger\u00a0\u00a0<\/span><\/a><\/span><\/span><\/p><\/td><\/tr><tr><td style=\"padding: 0px; border-width: thin; border-color: #000000;\"><p style=\"margin-bottom: 1em; color: #000000; text-align: justify; line-height: 15px;\"><strong><span style=\"font-size: 12pt; line-height: 24px; font-family: 'Times New Roman', serif;\">Arr\u00eat\u00e9 n\u00b0521 du 05 Septembre 2013 fixant les modalit\u00e9s de mise en \u0153uvre des dispositions relatives \u00e0 l\u2019habilitation universitaire<\/span><\/strong><\/p><\/td><td style=\"padding: 0px; border-width: thin; border-color: #000000;\"><p style=\"margin-bottom: 1em; color: #000000; line-height: 15px;\"><span style=\"font-size: 12pt; line-height: 24px; font-family: 'arial black', 'avant garde'; color: #3366ff;\">\u00a0<span style=\"text-decoration-line: underline;\"><a style=\"color: #4353cc;\" href=\"https:\/\/www.univ-usto.dz\/faculte\/fac-snv\/images\/SNV__2019-2020\/uploads_2019_2020\/PG\/Habilitation\/textes_reglementaires\/arrete-521-habilitation-universitaire.pdf\" target=\"_blank\" rel=\"noopener\"><span style=\"font-size: 12pt; line-height: 24px;\">T\u00e9l\u00e9charger\u00a0\u00a0<\/span><\/a><\/span><\/span><\/p><\/td><\/tr><tr><td style=\"padding: 0px; border-width: thin; border-color: #000000;\"><p style=\"margin-bottom: 1em; color: #000000; text-align: justify; line-height: 15px;\"><strong><span style=\"font-size: 12pt; line-height: 24px; font-family: 'Times New Roman', serif;\">D\u00e9cret ex\u00e9cutif n\u00b010-202 du\u00a009 septembre 2010 modifiant et compl\u00e9tant le d\u00e9cret ex\u00e9cutif n\u00b0 98-254 du 17 ao\u00fbt 1998 relatif \u00e0 la formation doctorale, \u00e0 la post-graduation sp\u00e9cialis\u00e9e et \u00e0 l\u2019habilitation universitaire<\/span><\/strong><\/p><\/td><td style=\"padding: 0px; border-width: thin; border-color: #000000;\"><p style=\"margin-bottom: 1em; color: #000000; line-height: 15px;\"><span style=\"font-size: 12pt; line-height: 24px; font-family: 'arial black', 'avant garde'; color: #3366ff;\">\u00a0<span style=\"text-decoration-line: underline;\"><a style=\"color: #4353cc;\" href=\"https:\/\/www.univ-usto.dz\/faculte\/fac-snv\/images\/SNV__2019-2020\/uploads_2019_2020\/PG\/Habilitation\/textes_reglementaires\/arrete_10_202_2010_052_post-graduation_fr.pdf\" target=\"_blank\" rel=\"noopener\"><span style=\"font-size: 12pt; line-height: 24px;\">T\u00e9l\u00e9charger\u00a0\u00a0<\/span><\/a><\/span><\/span><\/p><\/td><\/tr><tr><td style=\"padding: 0px; border-width: thin; border-color: #000000;\"><p style=\"margin-bottom: 1em; color: #000000; text-align: justify; line-height: 15px;\"><strong><span style=\"font-size: 12pt; line-height: 24px; font-family: 'Times New Roman', serif;\">Circulaire N\u00b02 du 24 avril 2007 fixant les modalit\u00e9s d\u2019habilitation des \u00e9tablissements universitaire\u00a0\u00e0 inscrire des \u00e9tudiants en doctorat et \u00e0\u00a0d\u00e9livrer l\u2019habilitation universitaire<\/span><\/strong><\/p><\/td><td style=\"padding: 0px; border-width: thin; border-color: #000000;\"><p style=\"margin-bottom: 1em; color: #000000; line-height: 15px;\"><span style=\"font-size: 12pt; line-height: 24px; font-family: 'arial black', 'avant garde'; color: #3366ff;\">\u00a0<span style=\"text-decoration-line: underline;\"><a style=\"color: #4353cc;\" href=\"https:\/\/www.univ-usto.dz\/faculte\/fac-snv\/images\/SNV__2019-2020\/uploads_2019_2020\/PG\/Habilitation\/textes_reglementaires\/Circulaire_2_du_24_avril_2007.pdf\" target=\"_blank\" rel=\"noopener\"><span style=\"font-size: 12pt; line-height: 24px;\">T\u00e9l\u00e9charger\u00a0\u00a0<\/span><\/a><\/span><\/span><\/p><\/td><\/tr><tr><td style=\"padding: 0px; border-width: thin; border-color: #000000;\"><p style=\"margin-bottom: 1em; color: #000000; text-align: justify; line-height: 15px;\"><strong><span style=\"font-size: 12pt; line-height: 24px; font-family: 'Times New Roman', serif;\">Circulaire N\u00b04 du 26 Mars 2005 fixant les conditions d\u2019inscription \u00e0\u00a0l\u2019habilitation universitaire<\/span><\/strong><\/p><\/td><td style=\"padding: 0px; border-width: thin; border-color: #000000;\"><p style=\"margin-bottom: 1em; color: #000000; line-height: 15px;\"><span style=\"font-size: 12pt; line-height: 24px; font-family: 'arial black', 'avant garde'; color: #3366ff;\">\u00a0<span style=\"text-decoration-line: underline;\"><a style=\"color: #4353cc;\" href=\"https:\/\/www.univ-usto.dz\/faculte\/fac-snv\/images\/SNV__2019-2020\/uploads_2019_2020\/PG\/Habilitation\/textes_reglementaires\/Circulaire-N-04-du-26-Mars-2005.pdf\" target=\"_blank\" rel=\"noopener\"><span style=\"font-size: 12pt; line-height: 24px;\">T\u00e9l\u00e9charger\u00a0\u00a0<\/span><\/a><\/span><\/span><\/p><\/td><\/tr><\/tbody><\/table>\t\t\t\t\t\t\t\t<\/div>\n\t\t\t\t<\/div>\n\t\t\t\t\t<\/div>\n\t\t<\/div>\n\t\t\t\t\t<\/div>\n\t\t<\/section>\n\t\t\t\t<\/div>\n\t\t","protected":false},"excerpt":{"rendered":"<p>Les textes r\u00e9glementaires qui r\u00e9gissent l&rsquo;habilitation universitaire :\u00a0\u00a0 Textes r\u00e9glementaires Document\u00a0 \u00a0 \u00a0PDF\u00a0 \u00a0\u00a0 Note explicative N\u00b0374 du 16 Mai 2018, concernant les nouvelles dispositions r\u00e9glementaires r\u00e9gissant le doctorat, l\u2019habilitation <a href=\"https:\/\/www.univ-usto.dz\/faculte\/fac-snv\/textes-reglementaireshabilitation\/\" class=\"read-more\">Lire la suite &#8230;<\/a><\/p>\n","protected":false},"author":18,"featured_media":0,"parent":0,"menu_order":0,"comment_status":"closed","ping_status":"closed","template":"","meta":{"footnotes":""},"class_list":["post-11413","page","type-page","status-publish","hentry"],"_links":{"self":[{"href":"https:\/\/www.univ-usto.dz\/faculte\/fac-snv\/wp-json\/wp\/v2\/pages\/11413","targetHints":{"allow":["GET"]}}],"collection":[{"href":"https:\/\/www.univ-usto.dz\/faculte\/fac-snv\/wp-json\/wp\/v2\/pages"}],"about":[{"href":"https:\/\/www.univ-usto.dz\/faculte\/fac-snv\/wp-json\/wp\/v2\/types\/page"}],"author":[{"embeddable":true,"href":"https:\/\/www.univ-usto.dz\/faculte\/fac-snv\/wp-json\/wp\/v2\/users\/18"}],"replies":[{"embeddable":true,"href":"https:\/\/www.univ-usto.dz\/faculte\/fac-snv\/wp-json\/wp\/v2\/comments?post=11413"}],"version-history":[{"count":4,"href":"https:\/\/www.univ-usto.dz\/faculte\/fac-snv\/wp-json\/wp\/v2\/pages\/11413\/revisions"}],"predecessor-version":[{"id":11418,"href":"https:\/\/www.univ-usto.dz\/faculte\/fac-snv\/wp-json\/wp\/v2\/pages\/11413\/revisions\/11418"}],"wp:attachment":[{"href":"https:\/\/www.univ-usto.dz\/faculte\/fac-snv\/wp-json\/wp\/v2\/media?parent=11413"}],"curies":[{"name":"wp","href":"https:\/\/api.w.org\/{rel}","templated":true}]}}