{"id":11666,"date":"2021-09-21T10:42:31","date_gmt":"2021-09-21T10:42:31","guid":{"rendered":"https:\/\/www.univ-usto.dz\/faculte\/fac-snv\/?page_id=11666"},"modified":"2021-09-21T10:49:05","modified_gmt":"2021-09-21T10:49:05","slug":"departement-biotechnologie-3","status":"publish","type":"page","link":"https:\/\/www.univ-usto.dz\/faculte\/fac-snv\/departement-biotechnologie-3\/","title":{"rendered":"D\u00e9partement Biotechnologie"},"content":{"rendered":"\t\t<div data-elementor-type=\"wp-page\" data-elementor-id=\"11666\" class=\"elementor elementor-11666\">\n\t\t\t\t\t\t<section class=\"elementor-section elementor-top-section elementor-element elementor-element-62f573e elementor-section-boxed elementor-section-height-default elementor-section-height-default\" data-id=\"62f573e\" data-element_type=\"section\">\n\t\t\t\t\t\t<div class=\"elementor-container elementor-column-gap-default\">\n\t\t\t\t\t<div class=\"elementor-column elementor-col-100 elementor-top-column elementor-element elementor-element-c614fb3\" data-id=\"c614fb3\" data-element_type=\"column\">\n\t\t\t<div class=\"elementor-widget-wrap elementor-element-populated\">\n\t\t\t\t\t\t<div class=\"elementor-element elementor-element-e9daec9 elementor-widget elementor-widget-text-editor\" data-id=\"e9daec9\" data-element_type=\"widget\" data-widget_type=\"text-editor.default\">\n\t\t\t\t<div class=\"elementor-widget-container\">\n\t\t\t\t\t\t\t\t\t<div id=\"ID1523561425448\" class=\"cktype\" style=\"color: #333333; font-family: 'Helvetica Neue', Helvetica, Arial, sans-serif; font-size: 13px; position: relative;\" data-type=\"icontext\" data-layout=\"top\"><div class=\"inner\" style=\"display: flex; flex-direction: column; margin-bottom: -100px;\"><div class=\"contentck\"><div class=\"titleck\" style=\"color: #16c716; padding: 10px; text-align: center; font-size: 25px;\">Licence 3<\/div><div class=\"textck\" style=\"text-align: center;\"><h1 style=\"margin-top: 12px; margin-bottom: 12px; font-family: Lato, sans-serif; font-weight: bold; line-height: 1.3em; color: #333333; text-rendering: optimizelegibility; font-size: 36px; overflow-wrap: break-word;\"><span style=\"font-size: 24pt;\"><span style=\"color: #0000ff;\">D\u00e9partement Biotechnologie<\/span><\/span><\/h1><h2 style=\"margin-top: 12px; margin-bottom: 12px; font-family: Lato, sans-serif; font-weight: bold; line-height: 1.3em; color: #333333; text-rendering: optimizelegibility; font-size: 30px; overflow-wrap: break-word;\">\u00a0<\/h2><h1 style=\"margin-top: 12px; margin-bottom: 12px; font-family: Lato, sans-serif; font-weight: bold; line-height: 1.3em; color: #333333; text-rendering: optimizelegibility; font-size: 36px; overflow-wrap: break-word;\">\u00a0<\/h1><\/div><\/div><\/div><\/div><div id=\"ID1523553525126\" class=\"cktype\" style=\"color: #333333; font-family: 'Helvetica Neue', Helvetica, Arial, sans-serif; font-size: 13px; position: relative;\" data-type=\"tabs\"><div id=\"ID1523376683906_tabs\" class=\"tabsck ui-tabs ui-widgetck ui-widgetck-content ui-corner-all\" style=\"border: none; background: none; border-radius: 0px; position: relative; padding: 0.2em;\"><ol class=\"ui-tabs-nav ui-helper-reset ui-helper-clearfix ui-widgetck-header ui-corner-all\" style=\"padding-left: 0px; margin-bottom: 0px; border: none; background: none; border-radius: 0px;\" role=\"tablist\"><li class=\"ui-state-default ui-corner-top ui-tabs-active ui-state-active\" style=\"line-height: 18px; overflow-wrap: break-word; background: #97cef0; list-style: none; float: left; position: relative; top: 0px; margin: 1px 0.2em -1px 0px; border: 2px solid #ffffff; padding: 0px 0px 1px; border-radius: 2px 15px 2px 20px; box-shadow: rgba(27, 18, 54, 0.6) 4px 4px 1px 1px;\" tabindex=\"0\" role=\"tab\" aria-controls=\"ID1523376683906_tabs-1\" aria-labelledby=\"ui-id-1\" aria-selected=\"true\" aria-expanded=\"true\"><a id=\"ui-id-1\" class=\"itemtitleck ui-tabs-anchor\" style=\"color: #f01faa; float: left; padding: 0.5em 1em; font-size: 15px; font-family: Helvetica, sans-serif; font-weight: bold;\" tabindex=\"-1\" role=\"presentation\" href=\"#\">Cours<\/a><\/li><\/ol><div id=\"ID1523376683906_tabs-1\" class=\"tabck itemcontentck ui-tabs-panel ui-widgetck-content ui-corner-bottom\" style=\"border-width: 2px 2px 4px; padding: 1em 1.4em; background: none; border-style: solid; border-color: #f52cd0 #ff00d9 #ff00d0 #f235c0; border-radius: 5px; margin: 15px; word-spacing: 2px; font-size: 14px; font-family: 'Segoe UI', sans-serif;\" role=\"tabpanel\" aria-labelledby=\"ui-id-1\" aria-hidden=\"false\"><table style=\"max-width: 100%; background-color: transparent; height: 82px; width: 860px; margin-left: auto; margin-right: auto;\"><tbody><tr><td style=\"width: 229px;\"><span style=\"text-decoration-line: underline;\">\u00a0<strong>Intitul\u00e9 de la mati\u00e8re<\/strong><\/span><\/td><td style=\"width: 125px;\"><span style=\"text-decoration-line: underline;\">\u00a0<strong>Nom du responsable<\/strong><\/span><\/td><td style=\"width: 192px;\"><span style=\"text-decoration-line: underline;\">\u00a0<strong>Lien de T\u00e9l\u00e9chargement<\/strong><\/span><\/td><\/tr><tr><td style=\"width: 229px;\">\u00a0Biochimie cellulaire et fonctionnelle<\/td><td style=\"width: 125px;\">Dr. ERROUANE\u00a0 \u00a0<\/td><td style=\"width: 192px;\">\u00a0<a style=\"color: #0088cc;\" href=\"https:\/\/www.univ-usto.dz\/faculte\/fac-snv\/images\/coursenligne\/Cours%20mod%20bioch%20cell%20et%20fonct.pdf\"><strong>T\u00e9l\u00e9charger<\/strong><\/a><\/td><\/tr><tr><td style=\"width: 229px;\"><strong>Biochimie Appliqu\u00e9e<\/strong>\u00a0pour L3 ANP\u00a0 (<strong>Cours<\/strong>)<\/td><td style=\"width: 125px;\">\u00a0Dr.BOUHAFSOUN.A<\/td><td style=\"width: 192px;\">\u00a0\u00a0<strong><a style=\"color: #0088cc;\" href=\"https:\/\/www.univ-usto.dz\/faculte\/fac-snv\/CTT_2018_2019\/Bouhafssoun\/Cours%20de%20Biochimie%20Appliqu%C3%A9e%20pour%20L3%20ANP.pdf\" target=\"_blank\" rel=\"noopener\">T\u00e9l\u00e9charger\u00a0\u00a0<\/a><\/strong><\/td><\/tr><tr><td style=\"width: 229px;\">\u00a0<\/td><td style=\"width: 125px;\">\u00a0<\/td><td style=\"width: 192px;\">\u00a0<\/td><\/tr><\/tbody><\/table><\/div><\/div><\/div>\t\t\t\t\t\t\t\t<\/div>\n\t\t\t\t<\/div>\n\t\t\t\t\t<\/div>\n\t\t<\/div>\n\t\t\t\t\t<\/div>\n\t\t<\/section>\n\t\t\t\t<section class=\"elementor-section elementor-top-section elementor-element elementor-element-4fb51fe elementor-section-boxed elementor-section-height-default elementor-section-height-default\" data-id=\"4fb51fe\" data-element_type=\"section\">\n\t\t\t\t\t\t<div class=\"elementor-container elementor-column-gap-default\">\n\t\t\t\t\t<div class=\"elementor-column elementor-col-100 elementor-top-column elementor-element elementor-element-775eb9c\" data-id=\"775eb9c\" data-element_type=\"column\">\n\t\t\t<div class=\"elementor-widget-wrap elementor-element-populated\">\n\t\t\t\t\t\t<div class=\"elementor-element elementor-element-0035407 elementor-widget elementor-widget-text-editor\" data-id=\"0035407\" data-element_type=\"widget\" data-widget_type=\"text-editor.default\">\n\t\t\t\t<div class=\"elementor-widget-container\">\n\t\t\t\t\t\t\t\t\t<div id=\"ID1523561425448\" class=\"cktype\" style=\"color: #333333; font-family: 'Helvetica Neue', Helvetica, Arial, sans-serif; font-size: 13px; position: relative;\" data-type=\"icontext\" data-layout=\"top\"><div class=\"inner\" style=\"display: flex; flex-direction: column; margin-bottom: -100px;\"><div class=\"contentck\"><div class=\"titleck\" style=\"color: #16c716; padding: 10px; text-align: center; font-size: 25px;\">Licence 3<\/div><div class=\"textck\" style=\"text-align: center;\"><h1 style=\"margin-top: 12px; margin-bottom: 12px; font-family: Lato, sans-serif; font-weight: bold; line-height: 1.3em; color: #333333; text-rendering: optimizelegibility; font-size: 36px; overflow-wrap: break-word;\"><span style=\"font-size: 24pt;\"><span style=\"color: #0000ff;\">D\u00e9partement Biotechnologie<\/span><\/span><\/h1><h2 style=\"margin-top: 12px; margin-bottom: 12px; font-family: Lato, sans-serif; font-weight: bold; line-height: 1.3em; color: #333333; text-rendering: optimizelegibility; font-size: 30px; overflow-wrap: break-word;\">\u00a0<\/h2><h1 style=\"margin-top: 12px; margin-bottom: 12px; font-family: Lato, sans-serif; font-weight: bold; line-height: 1.3em; color: #333333; text-rendering: optimizelegibility; font-size: 36px; overflow-wrap: break-word;\">\u00a0<\/h1><\/div><\/div><\/div><\/div><div id=\"ID1523553525126\" class=\"cktype\" style=\"color: #333333; font-family: 'Helvetica Neue', Helvetica, Arial, sans-serif; font-size: 13px; position: relative;\" data-type=\"tabs\"><div id=\"ID1523376683906_tabs\" class=\"tabsck ui-tabs ui-widgetck ui-widgetck-content ui-corner-all\" style=\"border: none; background: none; border-radius: 0px; position: relative; padding: 0.2em;\"><p>\u00a0<\/p><ol class=\"ui-tabs-nav ui-helper-reset ui-helper-clearfix ui-widgetck-header ui-corner-all\" style=\"padding-left: 0px; margin-bottom: 0px; border: none; background: none; border-radius: 0px;\" role=\"tablist\"><li class=\"ui-state-default ui-corner-top ui-tabs-active ui-state-active\" style=\"line-height: 18px; overflow-wrap: break-word; background: #97cef0; list-style: none; float: left; position: relative; top: 0px; margin: 1px 0.2em -1px 0px; border: 2px solid #ffffff; padding: 0px 0px 1px; border-radius: 2px 15px 2px 20px; box-shadow: rgba(27, 18, 54, 0.6) 4px 4px 1px 1px;\" tabindex=\"0\" role=\"tab\" aria-controls=\"ID1523376683906_tabs-3\" aria-labelledby=\"ui-id-3\" aria-selected=\"true\" aria-expanded=\"true\"><a id=\"ui-id-3\" class=\"itemtitleck ui-tabs-anchor\" style=\"color: #f01faa; float: left; padding: 0.5em 1em; font-size: 15px; font-family: Helvetica, sans-serif; font-weight: bold;\" tabindex=\"-1\" role=\"presentation\" href=\"#\">Td<\/a><\/li><\/ol><div id=\"ID1523376683906_tabs-3\" class=\"tabck itemcontentck ui-tabs-panel ui-widgetck-content ui-corner-bottom\" style=\"border-width: 2px 2px 4px; padding: 1em 1.4em; background: none; border-style: solid; border-color: #f52cd0 #ff00d9 #ff00d0 #f235c0; border-radius: 5px; margin: 15px; word-spacing: 2px; font-size: 14px; font-family: 'Segoe UI', sans-serif;\" role=\"tabpanel\" aria-labelledby=\"ui-id-3\" aria-hidden=\"false\"><table style=\"max-width: 100%; background-color: transparent; height: 82px; width: 860px; margin-left: auto; margin-right: auto;\"><tbody><tr><td style=\"width: 229px;\"><span style=\"text-decoration-line: underline;\">\u00a0<strong>Intitul\u00e9 de la mati\u00e8re<\/strong><\/span><\/td><td style=\"width: 125px;\"><span style=\"text-decoration-line: underline;\">\u00a0<strong>Nom du responsable<\/strong><\/span><\/td><td style=\"width: 192px;\"><span style=\"text-decoration-line: underline;\">\u00a0<strong>Lien de T\u00e9l\u00e9chargement<\/strong><\/span><\/td><\/tr><tr><td style=\"width: 229px;\">\u00a0Biochimie cellulaire et fonctionnelle<\/td><td style=\"width: 125px;\">\u00a0Dr ERROUANE<\/td><td style=\"width: 192px;\"><a style=\"color: #0088cc;\" href=\"https:\/\/www.univ-usto.dz\/faculte\/fac-snv\/images\/coursenligne\/TD%20mod%20bioch%20%20cell%20fonct.pdf\">T\u00e9l\u00e9charger\u00a0<\/a><\/td><\/tr><tr><td style=\"width: 229px;\">\u00a0<\/td><td style=\"width: 125px;\">\u00a0<\/td><td style=\"width: 192px;\">\u00a0<\/td><\/tr><tr><td style=\"width: 229px;\">\u00a0<\/td><td style=\"width: 125px;\">\u00a0<\/td><td style=\"width: 192px;\">\u00a0<\/td><\/tr><\/tbody><\/table><\/div><\/div><\/div>\t\t\t\t\t\t\t\t<\/div>\n\t\t\t\t<\/div>\n\t\t\t\t\t<\/div>\n\t\t<\/div>\n\t\t\t\t\t<\/div>\n\t\t<\/section>\n\t\t\t\t<section class=\"elementor-section elementor-top-section elementor-element elementor-element-e6c0fe8 elementor-section-boxed elementor-section-height-default elementor-section-height-default\" data-id=\"e6c0fe8\" data-element_type=\"section\">\n\t\t\t\t\t\t<div class=\"elementor-container elementor-column-gap-default\">\n\t\t\t\t\t<div class=\"elementor-column elementor-col-100 elementor-top-column elementor-element elementor-element-597fe4c\" data-id=\"597fe4c\" data-element_type=\"column\">\n\t\t\t<div class=\"elementor-widget-wrap elementor-element-populated\">\n\t\t\t\t\t\t<div class=\"elementor-element elementor-element-8f36366 elementor-widget elementor-widget-text-editor\" data-id=\"8f36366\" data-element_type=\"widget\" data-widget_type=\"text-editor.default\">\n\t\t\t\t<div class=\"elementor-widget-container\">\n\t\t\t\t\t\t\t\t\t<p>\u00a0<\/p><div id=\"ID1523561489837\" class=\"cktype\" style=\"color: #333333; font-family: 'Helvetica Neue', Helvetica, Arial, sans-serif; font-size: 13px; position: relative;\" data-type=\"icontext\" data-layout=\"top\"><div class=\"inner\" style=\"display: flex; flex-direction: column; margin-bottom: -100px;\"><div class=\"contentck\"><div class=\"titleck\" style=\"color: #16c716; padding: 10px; text-align: center; font-size: 25px;\">MASTER 1<\/div><div class=\"textck\" style=\"text-align: center;\"><h1 style=\"margin-top: 12px; margin-bottom: 12px; font-family: Lato, sans-serif; font-weight: bold; line-height: 1.3em; color: #333333; text-rendering: optimizelegibility; font-size: 36px; overflow-wrap: break-word;\"><span style=\"font-size: 24pt;\"><span style=\"color: #0000ff;\">D\u00e9partement Biotechnologie<\/span><\/span><\/h1><h2 style=\"margin-top: 12px; margin-bottom: 12px; font-family: Lato, sans-serif; font-weight: bold; line-height: 1.3em; color: #333333; text-rendering: optimizelegibility; font-size: 30px; overflow-wrap: break-word;\">\u00a0<\/h2><h1 style=\"margin-top: 12px; margin-bottom: 12px; font-family: Lato, sans-serif; font-weight: bold; line-height: 1.3em; color: #333333; text-rendering: optimizelegibility; font-size: 36px; overflow-wrap: break-word;\">\u00a0<\/h1><\/div><\/div><\/div><\/div><div id=\"ID1523553614051\" class=\"cktype\" style=\"color: #333333; font-family: 'Helvetica Neue', Helvetica, Arial, sans-serif; font-size: 13px; position: relative;\" data-type=\"tabs\"><div id=\"ID1523376683906_tabs\" class=\"tabsck ui-tabs ui-widgetck ui-widgetck-content ui-corner-all\" style=\"border: none; background: none; border-radius: 0px; position: relative; padding: 0.2em;\"><p>\u00a0<\/p><ol class=\"ui-tabs-nav ui-helper-reset ui-helper-clearfix ui-widgetck-header ui-corner-all\" style=\"padding-left: 0px; margin-bottom: 0px; border: none; background: none; border-radius: 0px;\" role=\"tablist\"><li class=\"ui-state-default ui-corner-top ui-tabs-active ui-state-active\" style=\"line-height: 18px; overflow-wrap: break-word; background: #97cef0; list-style: none; float: left; position: relative; top: 0px; margin: 1px 0.2em -1px 0px; border: 2px solid #ffffff; padding: 0px 0px 1px; border-radius: 2px 15px 2px 20px; box-shadow: rgba(27, 18, 54, 0.6) 4px 4px 1px 1px;\" tabindex=\"0\" role=\"tab\" aria-controls=\"ID1523376683906_tabs-2\" aria-labelledby=\"ui-id-2\" aria-selected=\"true\" aria-expanded=\"true\"><a id=\"ui-id-2\" class=\"itemtitleck ui-tabs-anchor\" style=\"color: #f01faa; float: left; padding: 0.5em 1em; font-size: 15px; font-family: Helvetica, sans-serif; font-weight: bold;\" tabindex=\"-1\" role=\"presentation\" href=\"#\">Tp<\/a><\/li><\/ol><div id=\"ID1523376683906_tabs-2\" class=\"tabck itemcontentck ui-tabs-panel ui-widgetck-content ui-corner-bottom\" style=\"border-width: 2px 2px 4px; padding: 1em 1.4em; background: none; border-style: solid; border-color: #f52cd0 #ff00d9 #ff00d0 #f235c0; border-radius: 5px; margin: 15px; word-spacing: 2px; font-size: 14px; font-family: 'Segoe UI', sans-serif;\" role=\"tabpanel\" aria-labelledby=\"ui-id-2\" aria-hidden=\"false\"><table style=\"max-width: 100%; background-color: transparent; height: 82px; width: 860px; margin-left: auto; margin-right: auto;\"><tbody><tr><td style=\"width: 229px;\"><span style=\"text-decoration-line: underline;\">\u00a0<strong>Intitul\u00e9 de la mati\u00e8re<\/strong><\/span><\/td><td style=\"width: 125px;\"><span style=\"text-decoration-line: underline;\">\u00a0<strong>Nom du responsable<\/strong><\/span><\/td><td style=\"width: 192px;\"><span style=\"text-decoration-line: underline;\">\u00a0<strong>Lien de T\u00e9l\u00e9chargement<\/strong><\/span><\/td><\/tr><tr><td style=\"width: 229px;\">Enzymologie\u00a0<\/td><td style=\"width: 125px;\">\u00a0Dr ERROUANE<\/td><td style=\"width: 192px;\">\u00a0<a style=\"color: #0088cc;\" href=\"https:\/\/www.univ-usto.dz\/faculte\/fac-snv\/images\/coursenligne\/TD%20TP%20mod%20enzymo.pdf\">T\u00e9l\u00e9charger<\/a><\/td><\/tr><tr><td style=\"width: 229px;\">\u00a0<\/td><td style=\"width: 125px;\">\u00a0<\/td><td style=\"width: 192px;\">\u00a0<\/td><\/tr><tr><td style=\"width: 229px;\">\u00a0<\/td><td style=\"width: 125px;\">\u00a0<\/td><td style=\"width: 192px;\">\u00a0<\/td><\/tr><\/tbody><\/table><\/div><\/div><\/div>\t\t\t\t\t\t\t\t<\/div>\n\t\t\t\t<\/div>\n\t\t\t\t\t<\/div>\n\t\t<\/div>\n\t\t\t\t\t<\/div>\n\t\t<\/section>\n\t\t\t\t<section class=\"elementor-section elementor-top-section elementor-element elementor-element-46c43c6 elementor-section-boxed elementor-section-height-default elementor-section-height-default\" data-id=\"46c43c6\" data-element_type=\"section\">\n\t\t\t\t\t\t<div class=\"elementor-container elementor-column-gap-default\">\n\t\t\t\t\t<div class=\"elementor-column elementor-col-100 elementor-top-column elementor-element elementor-element-50f73fe\" data-id=\"50f73fe\" data-element_type=\"column\">\n\t\t\t<div class=\"elementor-widget-wrap elementor-element-populated\">\n\t\t\t\t\t\t<div class=\"elementor-element elementor-element-3005844 elementor-widget elementor-widget-text-editor\" data-id=\"3005844\" data-element_type=\"widget\" data-widget_type=\"text-editor.default\">\n\t\t\t\t<div class=\"elementor-widget-container\">\n\t\t\t\t\t\t\t\t\t<div id=\"ID1523561526726\" class=\"cktype\" style=\"color: #333333; font-family: 'Helvetica Neue', Helvetica, Arial, sans-serif; font-size: 13px; position: relative;\" data-type=\"icontext\" data-layout=\"top\"><div class=\"inner\" style=\"display: flex; flex-direction: column; margin-bottom: -100px;\"><div class=\"contentck\"><div class=\"titleck\" style=\"color: #16c716; padding: 10px; text-align: center; font-size: 25px;\">MASTER 2<\/div><div class=\"textck\" style=\"text-align: center;\"><h1 style=\"margin-top: 12px; margin-bottom: 12px; font-family: Lato, sans-serif; font-weight: bold; line-height: 1.3em; color: #333333; text-rendering: optimizelegibility; font-size: 36px; overflow-wrap: break-word;\"><span style=\"font-size: 24pt;\"><span style=\"color: #0000ff;\">D\u00e9partement Biotechnologie<\/span><\/span><\/h1><h2 style=\"margin-top: 12px; margin-bottom: 12px; font-family: Lato, sans-serif; font-weight: bold; line-height: 1.3em; color: #333333; text-rendering: optimizelegibility; font-size: 30px; overflow-wrap: break-word;\">\u00a0<\/h2><h1 style=\"margin-top: 12px; margin-bottom: 12px; font-family: Lato, sans-serif; font-weight: bold; line-height: 1.3em; color: #333333; text-rendering: optimizelegibility; font-size: 36px; overflow-wrap: break-word;\">\u00a0<\/h1><\/div><\/div><\/div><\/div><div id=\"ID1523553682234\" class=\"cktype\" style=\"color: #333333; font-family: 'Helvetica Neue', Helvetica, Arial, sans-serif; font-size: 13px; position: relative;\" data-type=\"tabs\"><div id=\"ID1523376683906_tabs\" class=\"tabsck ui-tabs ui-widgetck ui-widgetck-content ui-corner-all\" style=\"border: none; background: none; border-radius: 0px; position: relative; padding: 0.2em;\"><ol class=\"ui-tabs-nav ui-helper-reset ui-helper-clearfix ui-widgetck-header ui-corner-all\" style=\"padding-left: 0px; margin-bottom: 0px; border: none; background: none; border-radius: 0px;\" role=\"tablist\"><li class=\"ui-state-default ui-corner-top ui-tabs-active ui-state-active\" style=\"line-height: 18px; overflow-wrap: break-word; background: #97cef0; list-style: none; float: left; position: relative; top: 0px; margin: 1px 0.2em -1px 0px; border: 2px solid #ffffff; padding: 0px 0px 1px; border-radius: 2px 15px 2px 20px; box-shadow: rgba(27, 18, 54, 0.6) 4px 4px 1px 1px;\" tabindex=\"0\" role=\"tab\" aria-controls=\"ID1523376683906_tabs-1\" aria-labelledby=\"ui-id-1\" aria-selected=\"true\" aria-expanded=\"true\"><a id=\"ui-id-1\" class=\"itemtitleck ui-tabs-anchor\" style=\"color: #f01faa; float: left; padding: 0.5em 1em; font-size: 15px; font-family: Helvetica, sans-serif; font-weight: bold;\" tabindex=\"-1\" role=\"presentation\" href=\"#\">Cours<\/a><\/li><\/ol><div id=\"ID1523376683906_tabs-1\" class=\"tabck itemcontentck ui-tabs-panel ui-widgetck-content ui-corner-bottom\" style=\"border-width: 2px 2px 4px; padding: 1em 1.4em; background: none; border-style: solid; border-color: #f52cd0 #ff00d9 #ff00d0 #f235c0; border-radius: 5px; margin: 15px; word-spacing: 2px; font-size: 14px; font-family: 'Segoe UI', sans-serif;\" role=\"tabpanel\" aria-labelledby=\"ui-id-1\" aria-hidden=\"false\"><table style=\"max-width: 100%; background-color: transparent; height: 82px; width: 860px; margin-left: auto; margin-right: auto;\"><tbody><tr><td style=\"width: 229px;\"><span style=\"text-decoration-line: underline;\">\u00a0<strong>Intitul\u00e9 de la mati\u00e8re<\/strong><\/span><\/td><td style=\"width: 125px;\"><span style=\"text-decoration-line: underline;\">\u00a0<strong>Nom du responsable<\/strong><\/span><\/td><td style=\"width: 192px;\"><span style=\"text-decoration-line: underline;\">\u00a0<strong>Lien de T\u00e9l\u00e9chargement<\/strong><\/span><\/td><\/tr><tr><td style=\"width: 229px;\">Association Symbiotique\u00a0\u00a0( M2 BGV)<\/td><td style=\"width: 125px;\">Melle SELAMI Nawel\u00a0<\/td><td style=\"width: 192px;\"><a style=\"color: #0088cc;\" href=\"https:\/\/drive.google.com\/file\/d\/1-DvQxezR9iGGnSET1rds0yeAaL2nl35f\/view?usp=sharing\">T\u00e9l\u00e9charger<\/a>\u00a0<\/td><\/tr><tr><td style=\"width: 229px;\">\u00a0<\/td><td style=\"width: 125px;\">\u00a0<\/td><td style=\"width: 192px;\">\u00a0<\/td><\/tr><tr><td style=\"width: 229px;\">\u00a0<\/td><td style=\"width: 125px;\">\u00a0<\/td><td style=\"width: 192px;\">\u00a0<\/td><\/tr><\/tbody><\/table><\/div><\/div><\/div>\t\t\t\t\t\t\t\t<\/div>\n\t\t\t\t<\/div>\n\t\t\t\t\t<\/div>\n\t\t<\/div>\n\t\t\t\t\t<\/div>\n\t\t<\/section>\n\t\t\t\t<\/div>\n\t\t","protected":false},"excerpt":{"rendered":"<p>Licence 3 D\u00e9partement Biotechnologie \u00a0 \u00a0 Cours \u00a0Intitul\u00e9 de la mati\u00e8re \u00a0Nom du responsable \u00a0Lien de T\u00e9l\u00e9chargement \u00a0Biochimie cellulaire et fonctionnelle Dr. ERROUANE\u00a0 \u00a0 \u00a0T\u00e9l\u00e9charger Biochimie Appliqu\u00e9e\u00a0pour L3 ANP\u00a0 (Cours) <a href=\"https:\/\/www.univ-usto.dz\/faculte\/fac-snv\/departement-biotechnologie-3\/\" class=\"read-more\">Lire la suite &#8230;<\/a><\/p>\n","protected":false},"author":18,"featured_media":0,"parent":0,"menu_order":0,"comment_status":"closed","ping_status":"closed","template":"","meta":{"footnotes":""},"class_list":["post-11666","page","type-page","status-publish","hentry"],"_links":{"self":[{"href":"https:\/\/www.univ-usto.dz\/faculte\/fac-snv\/wp-json\/wp\/v2\/pages\/11666","targetHints":{"allow":["GET"]}}],"collection":[{"href":"https:\/\/www.univ-usto.dz\/faculte\/fac-snv\/wp-json\/wp\/v2\/pages"}],"about":[{"href":"https:\/\/www.univ-usto.dz\/faculte\/fac-snv\/wp-json\/wp\/v2\/types\/page"}],"author":[{"embeddable":true,"href":"https:\/\/www.univ-usto.dz\/faculte\/fac-snv\/wp-json\/wp\/v2\/users\/18"}],"replies":[{"embeddable":true,"href":"https:\/\/www.univ-usto.dz\/faculte\/fac-snv\/wp-json\/wp\/v2\/comments?post=11666"}],"version-history":[{"count":13,"href":"https:\/\/www.univ-usto.dz\/faculte\/fac-snv\/wp-json\/wp\/v2\/pages\/11666\/revisions"}],"predecessor-version":[{"id":11680,"href":"https:\/\/www.univ-usto.dz\/faculte\/fac-snv\/wp-json\/wp\/v2\/pages\/11666\/revisions\/11680"}],"wp:attachment":[{"href":"https:\/\/www.univ-usto.dz\/faculte\/fac-snv\/wp-json\/wp\/v2\/media?parent=11666"}],"curies":[{"name":"wp","href":"https:\/\/api.w.org\/{rel}","templated":true}]}}