{"id":12458,"date":"2023-11-23T09:06:46","date_gmt":"2023-11-23T09:06:46","guid":{"rendered":"https:\/\/www.univ-usto.dz\/faculte\/fac-snv\/?page_id=12458"},"modified":"2026-02-17T09:32:20","modified_gmt":"2026-02-17T09:32:20","slug":"pv-des-csd-departement-genetique-moleculaire-appliquee","status":"publish","type":"page","link":"https:\/\/www.univ-usto.dz\/faculte\/fac-snv\/pv-des-csd-departement-genetique-moleculaire-appliquee\/","title":{"rendered":"D\u00e9partement G\u00e9n\u00e9tique Mol\u00e9culaire Appliqu\u00e9e"},"content":{"rendered":"\t\t<div data-elementor-type=\"wp-page\" data-elementor-id=\"12458\" class=\"elementor elementor-12458\">\n\t\t\t\t\t\t<section class=\"elementor-section elementor-top-section elementor-element elementor-element-31b37e0 elementor-section-boxed elementor-section-height-default elementor-section-height-default\" data-id=\"31b37e0\" data-element_type=\"section\">\n\t\t\t\t\t\t<div class=\"elementor-container elementor-column-gap-default\">\n\t\t\t\t\t<div class=\"elementor-column elementor-col-100 elementor-top-column elementor-element elementor-element-df7b4a4\" data-id=\"df7b4a4\" data-element_type=\"column\">\n\t\t\t<div class=\"elementor-widget-wrap elementor-element-populated\">\n\t\t\t\t\t\t<div class=\"elementor-element elementor-element-d16042d elementor-widget elementor-widget-text-editor\" data-id=\"d16042d\" data-element_type=\"widget\" data-widget_type=\"text-editor.default\">\n\t\t\t\t<div class=\"elementor-widget-container\">\n\t\t\t\t\t\t\t\t\t<table border=\"0\" cellpadding=\"0\" cellspacing=\"0\" width=\"709\" style=\"width: 532pt;\">\n <colgroup><col width=\"374\" style=\"mso-width-source:userset;mso-width-alt:13677;width:281pt\">\n <col width=\"168\" style=\"mso-width-source:userset;mso-width-alt:6144;width:126pt\">\n <col width=\"167\" style=\"mso-width-source:userset;mso-width-alt:6107;width:125pt\">\n <\/colgroup><tbody><tr height=\"42\" style=\"height:31.5pt\">\n  <td height=\"42\" class=\"xl65\" width=\"374\" style=\"height: 31.5pt; width: 281pt; font-size: 12pt; color: black; font-family: Calibri, sans-serif; border-top-width: 0.5pt; border-top-color: white; border-right-width: 0.5pt; border-right-color: white; border-bottom-width: 0.5pt; border-bottom-color: white; border-left: none; background: rgb(68, 114, 196);\">Intitul\u00e9<\/td>\n  <td class=\"xl65\" width=\"168\" style=\"width: 126pt; font-size: 12pt; color: black; font-family: Calibri, sans-serif; border-width: 0.5pt; border-color: white; background: rgb(68, 114, 196);\">\n  \n  \n  \n  \n  \n  &nbsp; &nbsp;&nbsp;R\u00e9f&nbsp;<\/td>\n  <td class=\"xl65\" width=\"167\" style=\"width: 125pt; font-size: 12pt; color: black; font-family: Calibri, sans-serif; border-top-width: 0.5pt; border-top-color: white; border-right: none; border-bottom-width: 0.5pt; border-bottom-color: white; border-left-width: 0.5pt; border-left-color: white; background: rgb(68, 114, 196);\">&nbsp;&nbsp;\n  Lien de T\u00e9l\u00e9chargement<\/td>\n <\/tr>\n <tr height=\"42\" style=\"height: 31.5pt;\">\n  <td height=\"42\" class=\"xl66\" width=\"374\" style=\"height: 31.5pt; width: 281pt; font-size: 12pt; color: black; font-family: Calibri, sans-serif; border-top-width: 0.5pt; border-top-color: white; border-right-width: 0.5pt; border-right-color: white; border-bottom-width: 0.5pt; border-bottom-color: white; border-left: none; background: rgb(217, 225, 242);\"><span lang=\"FR\">PV de la r\u00e9union du Comit\u00e9 Scientifique de\n  D\u00e9partement Du 02 mars 2025 (GMA)<\/span><\/td>\n  <td class=\"xl66\" width=\"168\" style=\"width: 126pt; font-size: 12pt; color: black; font-family: Calibri, sans-serif; border-width: 0.5pt; border-color: white; background: rgb(217, 225, 242);\">PV N\u00b001\/CSD\/2025 (GMA)&nbsp;<\/td>\n  <td class=\"xl66\" width=\"167\" style=\"width: 125pt; font-size: 12pt; color: black; font-family: Calibri, sans-serif; border-top-width: 0.5pt; border-top-color: white; border-right: none; border-bottom-width: 0.5pt; border-bottom-color: white; border-left-width: 0.5pt; border-left-color: white; background: rgb(217, 225, 242);\"><a href=\"https:\/\/www.univ-usto.dz\/faculte\/fac-snv\/wp-content\/uploads\/2026\/02\/PV-CSD-N%C2%B0-01-du-02-03-2025-GMA.pdf\"><span style=\"color: black; font-size: 12pt;\">T\u00e9l\u00e9charger<\/span><\/a><\/td>\n <\/tr>\n <tr height=\"42\" style=\"height: 31.5pt;\">\n  <td height=\"42\" class=\"xl66\" width=\"374\" style=\"height: 31.5pt; width: 281pt; font-size: 12pt; color: black; font-family: Calibri, sans-serif; border-top-width: 0.5pt; border-top-color: white; border-right-width: 0.5pt; border-right-color: white; border-bottom-width: 0.5pt; border-bottom-color: white; border-left: none; background: rgb(180, 198, 231);\"><span lang=\"FR\">PV de la r\u00e9union du Comit\u00e9 Scientifique de\n  D\u00e9partement<\/span><\/td>\n  <td class=\"xl66\" width=\"168\" style=\"width: 126pt; font-size: 12pt; color: black; font-family: Calibri, sans-serif; border-width: 0.5pt; border-color: white; background: rgb(180, 198, 231);\">N03\/SNV\/DGMA\/2025<\/td>\n  <td class=\"xl66\" width=\"167\" style=\"width: 125pt; font-size: 12pt; color: black; font-family: Calibri, sans-serif; border-top-width: 0.5pt; border-top-color: white; border-right: none; border-bottom-width: 0.5pt; border-bottom-color: white; border-left-width: 0.5pt; border-left-color: white; background: rgb(180, 198, 231);\"><a href=\"https:\/\/www.univ-usto.dz\/faculte\/fac-snv\/wp-content\/uploads\/2025\/06\/PV-du-CSD-du-27-05-2025-GMA.pdf\"><span style=\"color: black; font-size: 12pt;\">T\u00e9l\u00e9charger<\/span><\/a><\/td>\n <\/tr>\n <tr height=\"42\" style=\"height: 31.5pt;\">\n  <td height=\"42\" class=\"xl66\" width=\"374\" style=\"height: 31.5pt; width: 281pt; font-size: 12pt; color: black; font-family: Calibri, sans-serif; border-top-width: 0.5pt; border-top-color: white; border-right-width: 0.5pt; border-right-color: white; border-bottom-width: 0.5pt; border-bottom-color: white; border-left: none; background: rgb(217, 225, 242);\"><span lang=\"FR\">PV de la r\u00e9union du Comit\u00e9 Scientifique de\n  D\u00e9partement<\/span><\/td>\n  <td class=\"xl66\" width=\"168\" style=\"width: 126pt; font-size: 12pt; color: black; font-family: Calibri, sans-serif; border-width: 0.5pt; border-color: white; background: rgb(217, 225, 242);\">N01\/SNV\/DGMA\/2025<\/td>\n  <td class=\"xl66\" width=\"167\" style=\"width: 125pt; font-size: 12pt; color: black; font-family: Calibri, sans-serif; border-top-width: 0.5pt; border-top-color: white; border-right: none; border-bottom-width: 0.5pt; border-bottom-color: white; border-left-width: 0.5pt; border-left-color: white; background: rgb(217, 225, 242);\"><a href=\"https:\/\/www.univ-usto.dz\/faculte\/fac-snv\/wp-content\/uploads\/2025\/06\/PV-du-CSD-du-02-03-2025-GMA.pdf\"><span style=\"color: black; font-size: 12pt;\">T\u00e9l\u00e9charger<\/span><\/a><\/td>\n <\/tr>\n <tr height=\"42\" style=\"height: 31.5pt;\">\n  <td height=\"42\" class=\"xl66\" width=\"374\" style=\"height: 31.5pt; width: 281pt; font-size: 12pt; color: black; font-family: Calibri, sans-serif; border-top-width: 0.5pt; border-top-color: white; border-right-width: 0.5pt; border-right-color: white; border-bottom-width: 0.5pt; border-bottom-color: white; border-left: none; background: rgb(180, 198, 231);\"><span lang=\"FR\">PV de la r\u00e9union du Comit\u00e9 Scientifique de\n  D\u00e9partement GMA<\/span><\/td>\n  <td class=\"xl66\" width=\"168\" style=\"width: 126pt; font-size: 12pt; color: black; font-family: Calibri, sans-serif; border-width: 0.5pt; border-color: white; background: rgb(180, 198, 231);\">N01\/SNV\/DGMA\/2025<\/td>\n  <td class=\"xl66\" width=\"167\" style=\"width: 125pt; font-size: 12pt; color: black; font-family: Calibri, sans-serif; border-top-width: 0.5pt; border-top-color: white; border-right: none; border-bottom-width: 0.5pt; border-bottom-color: white; border-left-width: 0.5pt; border-left-color: white; background: rgb(180, 198, 231);\"><a href=\"https:\/\/www.univ-usto.dz\/faculte\/fac-snv\/wp-content\/uploads\/2025\/06\/PV-du-CSD-du-12-03-2025-GMA.pdf\"><span style=\"color: black; font-size: 12pt;\">T\u00e9l\u00e9charger<\/span><\/a><\/td>\n <\/tr>\n <tr height=\"42\" style=\"height: 31.5pt;\">\n  <td height=\"42\" class=\"xl66\" width=\"374\" style=\"height: 31.5pt; width: 281pt; font-size: 12pt; color: black; font-family: Calibri, sans-serif; border-top-width: 0.5pt; border-top-color: white; border-right-width: 0.5pt; border-right-color: white; border-bottom-width: 0.5pt; border-bottom-color: white; border-left: none; background: rgb(217, 225, 242);\"><span lang=\"FR\">PV de la r\u00e9union du Comit\u00e9 Scientifique de\n  D\u00e9partement Du13 novembre 2023<\/span><\/td>\n  <td class=\"xl66\" width=\"168\" style=\"width: 126pt; font-size: 12pt; color: black; font-family: Calibri, sans-serif; border-width: 0.5pt; border-color: white; background: rgb(217, 225, 242);\">N05\/SNV\/DGMA\/2023<\/td>\n  <td class=\"xl66\" width=\"167\" style=\"width: 125pt; font-size: 12pt; color: black; font-family: Calibri, sans-serif; border-top-width: 0.5pt; border-top-color: white; border-right: none; border-bottom-width: 0.5pt; border-bottom-color: white; border-left-width: 0.5pt; border-left-color: white; background: rgb(217, 225, 242);\"><a href=\"https:\/\/www.univ-usto.dz\/faculte\/fac-snv\/wp-content\/uploads\/2024\/02\/PV-du-CSD-du-13-11-2023-GMA-1.pdf\"><span style=\"color: black; font-size: 12pt;\">T\u00e9l\u00e9charger<\/span><\/a><\/td>\n <\/tr>\n <tr height=\"42\" style=\"height: 31.5pt;\">\n  <td height=\"42\" class=\"xl66\" width=\"374\" style=\"height: 31.5pt; width: 281pt; font-size: 12pt; color: black; font-family: Calibri, sans-serif; border-top-width: 0.5pt; border-top-color: white; border-right-width: 0.5pt; border-right-color: white; border-bottom-width: 0.5pt; border-bottom-color: white; border-left: none; background: rgb(180, 198, 231);\"><span lang=\"FR\">PV de la r\u00e9union du Comit\u00e9 Scientifique de\n  D\u00e9partement Du 01 juin 2023<\/span><\/td>\n  <td class=\"xl66\" width=\"168\" style=\"width: 126pt; font-size: 12pt; color: black; font-family: Calibri, sans-serif; border-width: 0.5pt; border-color: white; background: rgb(180, 198, 231);\">N\u00b04\/SNV\/DGMA\/2023<\/td>\n  <td class=\"xl66\" width=\"167\" style=\"width: 125pt; font-size: 12pt; color: black; font-family: Calibri, sans-serif; border-top-width: 0.5pt; border-top-color: white; border-right: none; border-bottom-width: 0.5pt; border-bottom-color: white; border-left-width: 0.5pt; border-left-color: white; background: rgb(180, 198, 231);\"><a href=\"https:\/\/www.univ-usto.dz\/faculte\/fac-snv\/wp-content\/uploads\/2024\/02\/PV-du-CSD-du-1-juin-2023.pdf\"><span style=\"color: black; font-size: 12pt;\">T\u00e9l\u00e9charger<\/span><\/a><\/td>\n <\/tr>\n <tr height=\"42\" style=\"height: 31.5pt;\">\n  <td height=\"42\" class=\"xl66\" width=\"374\" style=\"height: 31.5pt; width: 281pt; font-size: 12pt; color: black; font-family: Calibri, sans-serif; border-top-width: 0.5pt; border-top-color: white; border-right-width: 0.5pt; border-right-color: white; border-bottom-width: 0.5pt; border-bottom-color: white; border-left: none; background: rgb(217, 225, 242);\"><span lang=\"FR\">PV de la r\u00e9union du Comit\u00e9 Scientifique de\n  D\u00e9partement Du 24 janvier 2023<\/span><\/td>\n  <td class=\"xl66\" width=\"168\" style=\"width: 126pt; font-size: 12pt; color: black; font-family: Calibri, sans-serif; border-width: 0.5pt; border-color: white; background: rgb(217, 225, 242);\">N04\/SNV\/DGMA\/2023<\/td>\n  <td class=\"xl66\" width=\"167\" style=\"width: 125pt; font-size: 12pt; color: black; font-family: Calibri, sans-serif; border-top-width: 0.5pt; border-top-color: white; border-right: none; border-bottom-width: 0.5pt; border-bottom-color: white; border-left-width: 0.5pt; border-left-color: white; background: rgb(217, 225, 242);\"><a href=\"https:\/\/www.univ-usto.dz\/faculte\/fac-snv\/wp-content\/uploads\/2024\/02\/PV-du-CSD-du-24janfier-2023.pdf\"><span style=\"color: black; font-size: 12pt;\">T\u00e9l\u00e9charger<\/span><\/a><\/td>\n <\/tr>\n <tr height=\"42\" style=\"height: 31.5pt;\">\n  <td height=\"42\" class=\"xl66\" width=\"374\" style=\"height: 31.5pt; width: 281pt; font-size: 12pt; color: black; font-family: Calibri, sans-serif; border-top-width: 0.5pt; border-top-color: white; border-right-width: 0.5pt; border-right-color: white; border-bottom: none; border-left: none; background: rgb(180, 198, 231);\"><span lang=\"FR\">PV de\n  la r\u00e9union du Comit\u00e9 Scientifique de D\u00e9partement Du 24 avril 2023<\/span><\/td>\n  <td class=\"xl66\" width=\"168\" style=\"width: 126pt; font-size: 12pt; color: black; font-family: Calibri, sans-serif; border-top-width: 0.5pt; border-top-color: white; border-right-width: 0.5pt; border-right-color: white; border-bottom: none; border-left-width: 0.5pt; border-left-color: white; background: rgb(180, 198, 231);\">N\u00b03\/SNV\/DGMA\/2023<\/td>\n  <td class=\"xl66\" width=\"167\" style=\"width: 125pt; font-size: 12pt; color: black; font-family: Calibri, sans-serif; border-top-width: 0.5pt; border-top-color: white; border-right: none; border-bottom: none; border-left-width: 0.5pt; border-left-color: white; background: rgb(180, 198, 231);\"><a href=\"https:\/\/www.univ-usto.dz\/faculte\/fac-snv\/wp-content\/uploads\/2024\/02\/PV-du-CSD-du-24-avril-2023.pdf\"><span style=\"color: black; font-size: 12pt;\">T\u00e9l\u00e9charger<\/span><\/a>\n  \n  \n  \n  \n  \n  \n  <\/td>\n <\/tr><\/tbody><\/table>\t\t\t\t\t\t\t\t<\/div>\n\t\t\t\t<\/div>\n\t\t\t\t\t<\/div>\n\t\t<\/div>\n\t\t\t\t\t<\/div>\n\t\t<\/section>\n\t\t\t\t<\/div>\n\t\t","protected":false},"excerpt":{"rendered":"<p>Intitul\u00e9 &nbsp; &nbsp;&nbsp;R\u00e9f&nbsp; &nbsp;&nbsp; Lien de T\u00e9l\u00e9chargement PV de la r\u00e9union du Comit\u00e9 Scientifique de D\u00e9partement Du 02 mars 2025 (GMA) PV N\u00b001\/CSD\/2025 (GMA)&nbsp; T\u00e9l\u00e9charger PV de la r\u00e9union du <a href=\"https:\/\/www.univ-usto.dz\/faculte\/fac-snv\/pv-des-csd-departement-genetique-moleculaire-appliquee\/\" class=\"read-more\">Lire la suite &#8230;<\/a><\/p>\n","protected":false},"author":18,"featured_media":0,"parent":0,"menu_order":0,"comment_status":"closed","ping_status":"closed","template":"","meta":{"footnotes":""},"class_list":["post-12458","page","type-page","status-publish","hentry"],"_links":{"self":[{"href":"https:\/\/www.univ-usto.dz\/faculte\/fac-snv\/wp-json\/wp\/v2\/pages\/12458","targetHints":{"allow":["GET"]}}],"collection":[{"href":"https:\/\/www.univ-usto.dz\/faculte\/fac-snv\/wp-json\/wp\/v2\/pages"}],"about":[{"href":"https:\/\/www.univ-usto.dz\/faculte\/fac-snv\/wp-json\/wp\/v2\/types\/page"}],"author":[{"embeddable":true,"href":"https:\/\/www.univ-usto.dz\/faculte\/fac-snv\/wp-json\/wp\/v2\/users\/18"}],"replies":[{"embeddable":true,"href":"https:\/\/www.univ-usto.dz\/faculte\/fac-snv\/wp-json\/wp\/v2\/comments?post=12458"}],"version-history":[{"count":23,"href":"https:\/\/www.univ-usto.dz\/faculte\/fac-snv\/wp-json\/wp\/v2\/pages\/12458\/revisions"}],"predecessor-version":[{"id":13891,"href":"https:\/\/www.univ-usto.dz\/faculte\/fac-snv\/wp-json\/wp\/v2\/pages\/12458\/revisions\/13891"}],"wp:attachment":[{"href":"https:\/\/www.univ-usto.dz\/faculte\/fac-snv\/wp-json\/wp\/v2\/media?parent=12458"}],"curies":[{"name":"wp","href":"https:\/\/api.w.org\/{rel}","templated":true}]}}