{"id":12470,"date":"2023-11-23T09:16:14","date_gmt":"2023-11-23T09:16:14","guid":{"rendered":"https:\/\/www.univ-usto.dz\/faculte\/fac-snv\/?page_id=12470"},"modified":"2026-02-17T09:36:56","modified_gmt":"2026-02-17T09:36:56","slug":"departement-biotechnologie-4","status":"publish","type":"page","link":"https:\/\/www.univ-usto.dz\/faculte\/fac-snv\/departement-biotechnologie-4\/","title":{"rendered":"D\u00e9partement Biotechnologie"},"content":{"rendered":"\t\t<div data-elementor-type=\"wp-page\" data-elementor-id=\"12470\" class=\"elementor elementor-12470\">\n\t\t\t\t\t\t<section class=\"elementor-section elementor-top-section elementor-element elementor-element-a494d7d elementor-section-boxed elementor-section-height-default elementor-section-height-default\" data-id=\"a494d7d\" data-element_type=\"section\">\n\t\t\t\t\t\t<div class=\"elementor-container elementor-column-gap-default\">\n\t\t\t\t\t<div class=\"elementor-column elementor-col-100 elementor-top-column elementor-element elementor-element-783db90\" data-id=\"783db90\" data-element_type=\"column\">\n\t\t\t<div class=\"elementor-widget-wrap elementor-element-populated\">\n\t\t\t\t\t\t<div class=\"elementor-element elementor-element-c8cc8ce elementor-widget elementor-widget-text-editor\" data-id=\"c8cc8ce\" data-element_type=\"widget\" data-widget_type=\"text-editor.default\">\n\t\t\t\t<div class=\"elementor-widget-container\">\n\t\t\t\t\t\t\t\t\t<table style=\"width: 574pt;\" border=\"0\" width=\"765\" cellspacing=\"0\" cellpadding=\"0\"><colgroup><col style=\"mso-width-source: userset; mso-width-alt: 14555; width: 299pt;\" width=\"398\" \/> <col style=\"mso-width-source: userset; mso-width-alt: 6838; width: 140pt;\" width=\"187\" \/> <col style=\"mso-width-source: userset; mso-width-alt: 6582; width: 135pt;\" width=\"180\" \/> <\/colgroup><tbody><tr style=\"height: 15.0pt;\"><td class=\"xl65\" style=\"height: 15pt; width: 299pt; font-size: 11pt; color: white; font-weight: bold; font-family: Calibri; border-top-width: 0.5pt; border-top-color: #a9d08e; border-right: none; border-bottom-width: 0.5pt; border-bottom-color: #a9d08e; border-left-width: 0.5pt; border-left-color: #a9d08e; background: #70ad47;\" width=\"398\" height=\"20\"><div style=\"box-sizing: inherit; text-align: start;\"><div style=\"box-sizing: inherit;\" data-elementor-type=\"wp-page\" data-elementor-id=\"12747\"><div style=\"display: flex; max-width: 1140px;\"><div style=\"--flex-direction: initial; --flex-wrap: initial; --justify-content: initial; --align-items: initial; --align-content: initial; --gap: initial; --flex-basis: initial; --flex-grow: initial; --flex-shrink: initial; --order: initial; --align-self: initial; align-self: auto; flex: 0 1 auto; order: 0; display: flex; min-height: 1px; --widgets-spacing: 20px 20px;\" data-id=\"b8ed737\" data-element_type=\"column\"><div style=\"align-content: flex-start; flex-wrap: wrap; display: flex;\"><div style=\"--flex-direction: initial; --flex-wrap: initial; --justify-content: initial; --align-items: initial; --align-content: initial; --gap: initial; --flex-basis: initial; --flex-grow: initial; --flex-shrink: initial; --order: initial; --align-self: initial; align-self: auto; flex: 0 1 auto; order: 0; place-content: normal; align-items: normal; flex-flow: row; gap: normal; --widgets-spacing: 20px 20px;\" data-id=\"3cff974\" data-element_type=\"widget\" data-widget_type=\"text-editor.default\"><div style=\"transition: background 0.3s, border 0.3s, border-radius 0.3s, box-shadow 0.3s, transform 0.4s;\">\u00a0 \u00a0 \u00a0 \u00a0 \u00a0 \u00a0 \u00a0 \u00a0 \u00a0 \u00a0 \u00a0 \u00a0 \u00a0 \u00a0 \u00a0 \u00a0 \u00a0 \u00a0 \u00a0 \u00a0 \u00a0 \u00a0 \u00a0 \u00a0 \u00a0 \u00a0 \u00a0 \u00a0 \u00a0Intitul\u00e9<\/div><\/div><\/div><\/div><\/div><\/div><\/div><\/td><td class=\"xl65\" style=\"width: 140pt; font-size: 11pt; color: white; font-weight: bold; font-family: Calibri; border-top-width: 0.5pt; border-top-color: #a9d08e; border-right: none; border-bottom-width: 0.5pt; border-bottom-color: #a9d08e; border-left: none; background: #70ad47;\" width=\"187\">\u00a0 \u00a0\u00a0R\u00e9f\u00a0<\/td><td class=\"xl65\" style=\"width: 135pt; font-size: 11pt; color: white; font-weight: bold; font-family: Calibri; border-top-width: 0.5pt; border-top-color: #a9d08e; border-right-width: 0.5pt; border-right-color: #a9d08e; border-bottom-width: 0.5pt; border-bottom-color: #a9d08e; border-left: none; background: #70ad47;\" width=\"180\">\u00a0\u00a0 Lien de T\u00e9l\u00e9chargement<\/td><\/tr><tr style=\"height: 30.0pt;\"><td class=\"xl65\" style=\"height: 30pt; width: 299pt; font-size: 11pt; color: black; font-family: Calibri; border-top-width: 0.5pt; border-top-color: #a9d08e; border-right: none; border-bottom-width: 0.5pt; border-bottom-color: #a9d08e; border-left-width: 0.5pt; border-left-color: #a9d08e; background: #e2efda;\" width=\"398\" height=\"40\"><span lang=\"FR\">PV de la r\u00e9union du Comit\u00e9 Scientifique de D\u00e9partement Du 23 septembre 2025 (Biotech)<\/span><\/td><td class=\"xl65\" style=\"width: 140pt; font-size: 11pt; color: black; font-family: Calibri; border-top-width: 0.5pt; border-top-color: #a9d08e; border-right: none; border-bottom-width: 0.5pt; border-bottom-color: #a9d08e; border-left: none; background: #e2efda;\" width=\"187\">PV N\u00b04 \/ Biotech \/ 2025\u00a0<\/td><td class=\"xl65\" style=\"width: 135pt; font-size: 11pt; color: black; font-family: Calibri; border-top-width: 0.5pt; border-top-color: #a9d08e; border-right-width: 0.5pt; border-right-color: #a9d08e; border-bottom-width: 0.5pt; border-bottom-color: #a9d08e; border-left: none; background: #e2efda;\" width=\"180\"><a href=\"https:\/\/www.univ-usto.dz\/faculte\/fac-snv\/wp-content\/uploads\/2026\/02\/PV-CSD-N%C2%B04-23-09-2025-Biotech.pdf\"><span style=\"color: black;\">T\u00e9l\u00e9charger<\/span><\/a><\/td><\/tr><tr style=\"height: 30.0pt;\"><td class=\"xl65\" style=\"height: 30pt; width: 299pt; font-size: 11pt; color: black; font-family: Calibri; border-top-width: 0.5pt; border-top-color: #a9d08e; border-right: none; border-bottom-width: 0.5pt; border-bottom-color: #a9d08e; border-left-width: 0.5pt; border-left-color: #a9d08e;\" width=\"398\" height=\"40\"><span lang=\"FR\">PV de la r\u00e9union du Comit\u00e9 Scientifique de D\u00e9partement Du 12 juin 2025 (Biotech)<\/span><\/td><td class=\"xl65\" style=\"width: 140pt; font-size: 11pt; color: black; font-family: Calibri; border-top-width: 0.5pt; border-top-color: #a9d08e; border-right: none; border-bottom-width: 0.5pt; border-bottom-color: #a9d08e; border-left: none;\" width=\"187\">PV N\u00b03 \/ Biotech \/ 2025\u00a0<\/td><td class=\"xl65\" style=\"width: 135pt; font-size: 11pt; color: black; font-family: Calibri; border-top-width: 0.5pt; border-top-color: #a9d08e; border-right-width: 0.5pt; border-right-color: #a9d08e; border-bottom-width: 0.5pt; border-bottom-color: #a9d08e; border-left: none;\" width=\"180\"><a href=\"https:\/\/www.univ-usto.dz\/faculte\/fac-snv\/wp-content\/uploads\/2026\/02\/PV-CSD-N%C2%B03-12-06-2025-Biotech.pdf\"><span style=\"color: black;\">T\u00e9l\u00e9charger<\/span><\/a><\/td><\/tr><tr style=\"height: 30.0pt;\"><td class=\"xl65\" style=\"height: 30pt; width: 299pt; font-size: 11pt; color: black; font-family: Calibri; border-top-width: 0.5pt; border-top-color: #a9d08e; border-right: none; border-bottom-width: 0.5pt; border-bottom-color: #a9d08e; border-left-width: 0.5pt; border-left-color: #a9d08e; background: #e2efda;\" width=\"398\" height=\"40\"><span lang=\"FR\">Proc\u00e8s -Verbal de la r\u00e9union du Comit\u00e9 Scientifique\u00a0<\/span><\/td><td class=\"xl65\" style=\"width: 140pt; font-size: 11pt; color: black; font-family: Calibri; border-top-width: 0.5pt; border-top-color: #a9d08e; border-right: none; border-bottom-width: 0.5pt; border-bottom-color: #a9d08e; border-left: none; background: #e2efda;\" width=\"187\">PV N\u00b03 CSD_Biotech. \/ 2025<\/td><td class=\"xl65\" style=\"width: 135pt; font-size: 11pt; color: black; font-family: Calibri; border-top-width: 0.5pt; border-top-color: #a9d08e; border-right-width: 0.5pt; border-right-color: #a9d08e; border-bottom-width: 0.5pt; border-bottom-color: #a9d08e; border-left: none; background: #e2efda;\" width=\"180\"><a href=\"https:\/\/www.univ-usto.dz\/faculte\/fac-snv\/wp-content\/uploads\/2025\/06\/PV-CSD-N%C2%B03-12-06-2025-1.pdf\"><span style=\"color: black;\">T\u00e9l\u00e9charger<\/span><\/a><\/td><\/tr><tr style=\"height: 30.0pt;\"><td class=\"xl65\" style=\"height: 30pt; width: 299pt; font-size: 11pt; color: black; font-family: Calibri; border-top-width: 0.5pt; border-top-color: #a9d08e; border-right: none; border-bottom-width: 0.5pt; border-bottom-color: #a9d08e; border-left-width: 0.5pt; border-left-color: #a9d08e;\" width=\"398\" height=\"40\"><span lang=\"FR\">Proc\u00e8s -Verbal de la r\u00e9union du Comit\u00e9 Scientifique\u00a0<\/span><\/td><td class=\"xl65\" style=\"width: 140pt; font-size: 11pt; color: black; font-family: Calibri; border-top-width: 0.5pt; border-top-color: #a9d08e; border-right: none; border-bottom-width: 0.5pt; border-bottom-color: #a9d08e; border-left: none;\" width=\"187\">PV N\u00b02 CSD_Biotech.\/ 2025<\/td><td class=\"xl65\" style=\"width: 135pt; font-size: 11pt; color: black; font-family: Calibri; border-top-width: 0.5pt; border-top-color: #a9d08e; border-right-width: 0.5pt; border-right-color: #a9d08e; border-bottom-width: 0.5pt; border-bottom-color: #a9d08e; border-left: none;\" width=\"180\"><a href=\"https:\/\/www.univ-usto.dz\/faculte\/fac-snv\/wp-content\/uploads\/2025\/06\/PV-CSD-N%C2%B02-19-05-2025.pdf\"><span style=\"color: black;\">T\u00e9l\u00e9charger<\/span><\/a><\/td><\/tr><tr style=\"height: 30.0pt;\"><td class=\"xl65\" style=\"height: 30pt; width: 299pt; font-size: 11pt; color: black; font-family: Calibri; border-top-width: 0.5pt; border-top-color: #a9d08e; border-right: none; border-bottom-width: 0.5pt; border-bottom-color: #a9d08e; border-left-width: 0.5pt; border-left-color: #a9d08e; background: #e2efda;\" width=\"398\" height=\"40\"><span lang=\"FR\">PV de la r\u00e9union du Comit\u00e9 Scientifique de D\u00e9partement Du 10 f\u00e9vrier 2025 (Biotech)<\/span><\/td><td class=\"xl65\" style=\"width: 140pt; font-size: 11pt; color: black; font-family: Calibri; border-top-width: 0.5pt; border-top-color: #a9d08e; border-right: none; border-bottom-width: 0.5pt; border-bottom-color: #a9d08e; border-left: none; background: #e2efda;\" width=\"187\">PV N\u00b01 \/ Biotech \/ 2025\u00a0<\/td><td class=\"xl65\" style=\"width: 135pt; font-size: 11pt; color: black; font-family: Calibri; border-top-width: 0.5pt; border-top-color: #a9d08e; border-right-width: 0.5pt; border-right-color: #a9d08e; border-bottom-width: 0.5pt; border-bottom-color: #a9d08e; border-left: none; background: #e2efda;\" width=\"180\"><a href=\"https:\/\/www.univ-usto.dz\/faculte\/fac-snv\/wp-content\/uploads\/2026\/02\/PV-CSD-N%C2%B01-10-02-2025-Biotech.pdf\"><span style=\"color: black;\">T\u00e9l\u00e9charger<\/span><\/a><\/td><\/tr><tr style=\"height: 45.0pt;\"><td class=\"xl65\" style=\"height: 45pt; width: 299pt; font-size: 11pt; color: black; font-family: Calibri; border-top-width: 0.5pt; border-top-color: #a9d08e; border-right: none; border-bottom-width: 0.5pt; border-bottom-color: #a9d08e; border-left-width: 0.5pt; border-left-color: #a9d08e;\" width=\"398\" height=\"60\"><span lang=\"FR\">Proc\u00e8s -Verbal de la r\u00e9union du Comit\u00e9 Scientifique duD\u00e9partement de Biotechnologie du 10 F\u00e9vrier 2025<\/span><\/td><td class=\"xl65\" style=\"width: 140pt; font-size: 11pt; color: black; font-family: Calibri; border-top-width: 0.5pt; border-top-color: #a9d08e; border-right: none; border-bottom-width: 0.5pt; border-bottom-color: #a9d08e; border-left: none;\" width=\"187\">PV N\u00b01 CSD_Biotech. \/ 2025<\/td><td class=\"xl65\" style=\"width: 135pt; font-size: 11pt; color: black; font-family: Calibri; border-top-width: 0.5pt; border-top-color: #a9d08e; border-right-width: 0.5pt; border-right-color: #a9d08e; border-bottom-width: 0.5pt; border-bottom-color: #a9d08e; border-left: none;\" width=\"180\"><a href=\"https:\/\/www.univ-usto.dz\/faculte\/fac-snv\/wp-content\/uploads\/2025\/06\/PV-CSD-N%C2%B01-10-02-2025.pdf\"><span style=\"color: black;\">T\u00e9l\u00e9charger<\/span><\/a><\/td><\/tr><tr style=\"height: 30.0pt;\"><td class=\"xl65\" style=\"height: 30pt; width: 299pt; font-size: 11pt; color: black; font-family: Calibri; border-top-width: 0.5pt; border-top-color: #a9d08e; border-right: none; border-bottom-width: 0.5pt; border-bottom-color: #a9d08e; border-left-width: 0.5pt; border-left-color: #a9d08e; background: #e2efda;\" width=\"398\" height=\"40\"><span lang=\"FR\"><a href=\"https:\/\/www.univ-usto.dz\/faculte\/fac-snv\/wp-content\/uploads\/2026\/02\/PV-CSD-N%C2%B06-26-11-2024-Biotech.pdf\"><span style=\"color: black;\">PV de la r\u00e9union du Comit\u00e9 Scientifique de D\u00e9partement Du 26 novembre 2024 (Biotech)<\/span><\/a><\/span><\/td><td class=\"xl65\" style=\"width: 140pt; font-size: 11pt; color: black; font-family: Calibri; border-top-width: 0.5pt; border-top-color: #a9d08e; border-right: none; border-bottom-width: 0.5pt; border-bottom-color: #a9d08e; border-left: none; background: #e2efda;\" width=\"187\">PV N\u00b06 \/ Biotech \/ 2024\u00a0<\/td><td class=\"xl65\" style=\"width: 135pt; font-size: 11pt; color: black; font-family: Calibri; border-top-width: 0.5pt; border-top-color: #a9d08e; border-right-width: 0.5pt; border-right-color: #a9d08e; border-bottom-width: 0.5pt; border-bottom-color: #a9d08e; border-left: none; background: #e2efda;\" width=\"180\"><a href=\"https:\/\/www.univ-usto.dz\/faculte\/fac-snv\/wp-content\/uploads\/2026\/02\/PV-CSD-N%C2%B06-26-11-2024-Biotech.pdf\"><span style=\"color: black;\">T\u00e9l\u00e9charger<\/span><\/a><\/td><\/tr><tr style=\"height: 30.0pt;\"><td class=\"xl65\" style=\"height: 30pt; width: 299pt; font-size: 11pt; color: black; font-family: Calibri; border-top-width: 0.5pt; border-top-color: #a9d08e; border-right: none; border-bottom-width: 0.5pt; border-bottom-color: #a9d08e; border-left-width: 0.5pt; border-left-color: #a9d08e;\" width=\"398\" height=\"40\"><span lang=\"FR\">PV de la r\u00e9union du Comit\u00e9 Scientifique de D\u00e9partement Du 22 septembre 2024 (Biotech)<\/span><\/td><td class=\"xl65\" style=\"width: 140pt; font-size: 11pt; color: black; font-family: Calibri; border-top-width: 0.5pt; border-top-color: #a9d08e; border-right: none; border-bottom-width: 0.5pt; border-bottom-color: #a9d08e; border-left: none;\" width=\"187\">PV N\u00b05 \/ Biotech \/ 2024\u00a0<\/td><td class=\"xl65\" style=\"width: 135pt; font-size: 11pt; color: black; font-family: Calibri; border-top-width: 0.5pt; border-top-color: #a9d08e; border-right-width: 0.5pt; border-right-color: #a9d08e; border-bottom-width: 0.5pt; border-bottom-color: #a9d08e; border-left: none;\" width=\"180\"><a href=\"https:\/\/www.univ-usto.dz\/faculte\/fac-snv\/wp-content\/uploads\/2026\/02\/PV-CSD-N%C2%B0-5-22-09-2024-Biotech.pdf\"><span style=\"color: black;\">T\u00e9l\u00e9charger<\/span><\/a><\/td><\/tr><tr style=\"height: 30.0pt;\"><td class=\"xl65\" style=\"height: 30pt; width: 299pt; font-size: 11pt; color: black; font-family: Calibri; border-top-width: 0.5pt; border-top-color: #a9d08e; border-right: none; border-bottom-width: 0.5pt; border-bottom-color: #a9d08e; border-left-width: 0.5pt; border-left-color: #a9d08e; background: #e2efda;\" width=\"398\" height=\"40\"><span lang=\"FR\">PV de la r\u00e9union du Comit\u00e9 Scientifique de D\u00e9partement Du 27 juin 2024 (Biotech)<\/span><\/td><td class=\"xl65\" style=\"width: 140pt; font-size: 11pt; color: black; font-family: Calibri; border-top-width: 0.5pt; border-top-color: #a9d08e; border-right: none; border-bottom-width: 0.5pt; border-bottom-color: #a9d08e; border-left: none; background: #e2efda;\" width=\"187\">PV N\u00b04 \/ Biotech \/ 2024\u00a0<\/td><td class=\"xl65\" style=\"width: 135pt; font-size: 11pt; color: black; font-family: Calibri; border-top-width: 0.5pt; border-top-color: #a9d08e; border-right-width: 0.5pt; border-right-color: #a9d08e; border-bottom-width: 0.5pt; border-bottom-color: #a9d08e; border-left: none; background: #e2efda;\" width=\"180\"><a href=\"https:\/\/www.univ-usto.dz\/faculte\/fac-snv\/wp-content\/uploads\/2026\/02\/PV-CSD-N%C2%B0-4-27-06-2024-Biotech.pdf\"><span style=\"color: black;\">T\u00e9l\u00e9charger<\/span><\/a><\/td><\/tr><tr style=\"height: 30.0pt;\"><td class=\"xl65\" style=\"height: 30pt; width: 299pt; font-size: 11pt; color: black; font-family: Calibri; border-top-width: 0.5pt; border-top-color: #a9d08e; border-right: none; border-bottom-width: 0.5pt; border-bottom-color: #a9d08e; border-left-width: 0.5pt; border-left-color: #a9d08e;\" width=\"398\" height=\"40\"><span lang=\"FR\">PV de la r\u00e9union du Comit\u00e9 Scientifique de D\u00e9partement Du 08 mai 2024 (Biotech)<\/span><\/td><td class=\"xl65\" style=\"width: 140pt; font-size: 11pt; color: black; font-family: Calibri; border-top-width: 0.5pt; border-top-color: #a9d08e; border-right: none; border-bottom-width: 0.5pt; border-bottom-color: #a9d08e; border-left: none;\" width=\"187\">PV N\u00b03 \/ Biotech \/ 2024\u00a0<\/td><td class=\"xl65\" style=\"width: 135pt; font-size: 11pt; color: black; font-family: Calibri; border-top-width: 0.5pt; border-top-color: #a9d08e; border-right-width: 0.5pt; border-right-color: #a9d08e; border-bottom-width: 0.5pt; border-bottom-color: #a9d08e; border-left: none;\" width=\"180\"><a href=\"https:\/\/www.univ-usto.dz\/faculte\/fac-snv\/wp-content\/uploads\/2026\/02\/PV-CSD-N%C2%B03-08-05-2024-Biotech.pdf\"><span style=\"color: black;\">T\u00e9l\u00e9charger<\/span><\/a><\/td><\/tr><tr style=\"height: 30.0pt;\"><td class=\"xl65\" style=\"height: 30pt; width: 299pt; font-size: 11pt; color: black; font-family: Calibri; border-top-width: 0.5pt; border-top-color: #a9d08e; border-right: none; border-bottom-width: 0.5pt; border-bottom-color: #a9d08e; border-left-width: 0.5pt; border-left-color: #a9d08e; background: #e2efda;\" width=\"398\" height=\"40\">Proc\u00e8s-Verbal de la r\u00e9union du Comit\u00e9 Scientifique du D\u00e9partement de Biotechnologie du 12 novembre 2023<\/td><td style=\"font-size: 11pt; color: black; font-family: Calibri; border-top-width: 0.5pt; border-top-color: #a9d08e; border-right: none; border-bottom-width: 0.5pt; border-bottom-color: #a9d08e; border-left: none; background: #e2efda;\" align=\"left\">PV N\u00b001 \/ CSD-Biotech \/ 2023<\/td><td class=\"xl65\" style=\"width: 135pt; font-size: 11pt; color: black; font-family: Calibri; border-top-width: 0.5pt; border-top-color: #a9d08e; border-right-width: 0.5pt; border-right-color: #a9d08e; border-bottom-width: 0.5pt; border-bottom-color: #a9d08e; border-left: none; background: #e2efda;\" width=\"180\"><a href=\"https:\/\/www.univ-usto.dz\/faculte\/fac-snv\/wp-content\/uploads\/2023\/11\/PV-CSD-12-11-23-Biotech.pdf\"><span style=\"color: black;\">\u00a0\u00a0\u00a0\u00a0 T\u00e9l\u00e9charger<\/span><\/a><\/td><\/tr><tr style=\"mso-height-source: userset; height: 33.75pt;\"><td class=\"xl65\" style=\"height: 33.75pt; width: 299pt; font-size: 11pt; color: black; font-family: Calibri; border-top-width: 0.5pt; border-top-color: #a9d08e; border-right: none; border-bottom-width: 0.5pt; border-bottom-color: #a9d08e; border-left-width: 0.5pt; border-left-color: #a9d08e;\" width=\"398\" height=\"45\">Proc\u00e8s-Verbal de la r\u00e9union du Comit\u00e9 Scientifique du D\u00e9partement de Biotechnologie du 24 janvier 2023<\/td><td style=\"font-size: 11pt; color: black; font-family: Calibri; border-top-width: 0.5pt; border-top-color: #a9d08e; border-right: none; border-bottom-width: 0.5pt; border-bottom-color: #a9d08e; border-left: none;\" align=\"left\">PV N\u00b003 \/ CSD-Biotech \/ 2023<\/td><td class=\"xl65\" style=\"width: 135pt; font-size: 11pt; color: black; font-family: Calibri; border-top-width: 0.5pt; border-top-color: #a9d08e; border-right-width: 0.5pt; border-right-color: #a9d08e; border-bottom-width: 0.5pt; border-bottom-color: #a9d08e; border-left: none;\" width=\"180\"><a href=\"https:\/\/www.univ-usto.dz\/faculte\/fac-snv\/wp-content\/uploads\/2024\/02\/PV-CSD-24-01-2023.pdf\"><span style=\"color: black;\">\u00a0\u00a0\u00a0\u00a0\u00a0 T\u00e9l\u00e9charger<\/span><\/a><\/td><\/tr><\/tbody><\/table>\t\t\t\t\t\t\t\t<\/div>\n\t\t\t\t<\/div>\n\t\t\t\t\t<\/div>\n\t\t<\/div>\n\t\t\t\t\t<\/div>\n\t\t<\/section>\n\t\t\t\t<\/div>\n\t\t","protected":false},"excerpt":{"rendered":"<p>\u00a0 \u00a0 \u00a0 \u00a0 \u00a0 \u00a0 \u00a0 \u00a0 \u00a0 \u00a0 \u00a0 \u00a0 \u00a0 \u00a0 \u00a0 \u00a0 \u00a0 \u00a0 \u00a0 \u00a0 \u00a0 \u00a0 \u00a0 \u00a0 \u00a0 \u00a0 \u00a0 \u00a0 \u00a0Intitul\u00e9 \u00a0 <a href=\"https:\/\/www.univ-usto.dz\/faculte\/fac-snv\/departement-biotechnologie-4\/\" class=\"read-more\">Lire la suite &#8230;<\/a><\/p>\n","protected":false},"author":18,"featured_media":0,"parent":0,"menu_order":0,"comment_status":"closed","ping_status":"closed","template":"","meta":{"footnotes":""},"class_list":["post-12470","page","type-page","status-publish","hentry"],"_links":{"self":[{"href":"https:\/\/www.univ-usto.dz\/faculte\/fac-snv\/wp-json\/wp\/v2\/pages\/12470","targetHints":{"allow":["GET"]}}],"collection":[{"href":"https:\/\/www.univ-usto.dz\/faculte\/fac-snv\/wp-json\/wp\/v2\/pages"}],"about":[{"href":"https:\/\/www.univ-usto.dz\/faculte\/fac-snv\/wp-json\/wp\/v2\/types\/page"}],"author":[{"embeddable":true,"href":"https:\/\/www.univ-usto.dz\/faculte\/fac-snv\/wp-json\/wp\/v2\/users\/18"}],"replies":[{"embeddable":true,"href":"https:\/\/www.univ-usto.dz\/faculte\/fac-snv\/wp-json\/wp\/v2\/comments?post=12470"}],"version-history":[{"count":40,"href":"https:\/\/www.univ-usto.dz\/faculte\/fac-snv\/wp-json\/wp\/v2\/pages\/12470\/revisions"}],"predecessor-version":[{"id":13897,"href":"https:\/\/www.univ-usto.dz\/faculte\/fac-snv\/wp-json\/wp\/v2\/pages\/12470\/revisions\/13897"}],"wp:attachment":[{"href":"https:\/\/www.univ-usto.dz\/faculte\/fac-snv\/wp-json\/wp\/v2\/media?parent=12470"}],"curies":[{"name":"wp","href":"https:\/\/api.w.org\/{rel}","templated":true}]}}