{"id":12547,"date":"2024-01-25T09:39:17","date_gmt":"2024-01-25T09:39:17","guid":{"rendered":"https:\/\/www.univ-usto.dz\/faculte\/fac-snv\/?page_id=12547"},"modified":"2024-01-25T10:29:08","modified_gmt":"2024-01-25T10:29:08","slug":"canevas-des-offres-de-formation-snv-l3-licence","status":"publish","type":"page","link":"https:\/\/www.univ-usto.dz\/faculte\/fac-snv\/canevas-des-offres-de-formation-snv-l3-licence\/","title":{"rendered":"Canevas des offres de formation SNV L3 Licence"},"content":{"rendered":"\t\t<div data-elementor-type=\"wp-page\" data-elementor-id=\"12547\" class=\"elementor elementor-12547\">\n\t\t\t\t\t\t<section class=\"elementor-section elementor-top-section elementor-element elementor-element-8e22602 elementor-section-boxed elementor-section-height-default elementor-section-height-default\" data-id=\"8e22602\" data-element_type=\"section\">\n\t\t\t\t\t\t<div class=\"elementor-container elementor-column-gap-default\">\n\t\t\t\t\t<div class=\"elementor-column elementor-col-100 elementor-top-column elementor-element elementor-element-251069e0\" data-id=\"251069e0\" data-element_type=\"column\">\n\t\t\t<div class=\"elementor-widget-wrap elementor-element-populated\">\n\t\t\t\t\t\t<div class=\"elementor-element elementor-element-5246ba19 elementor-widget elementor-widget-text-editor\" data-id=\"5246ba19\" data-element_type=\"widget\" data-widget_type=\"text-editor.default\">\n\t\t\t\t<div class=\"elementor-widget-container\">\n\t\t\t\t\t\t\t\t\t\n<p><\/p>\n\n\n\n<p><\/p>\n\t\t\t\t\t\t\t\t<\/div>\n\t\t\t\t<\/div>\n\t\t\t\t\t<\/div>\n\t\t<\/div>\n\t\t\t\t\t<\/div>\n\t\t<\/section>\n\t\t\t\t<section class=\"elementor-section elementor-top-section elementor-element elementor-element-80997a8 elementor-section-boxed elementor-section-height-default elementor-section-height-default\" data-id=\"80997a8\" data-element_type=\"section\">\n\t\t\t\t\t\t<div class=\"elementor-container elementor-column-gap-default\">\n\t\t\t\t\t<div class=\"elementor-column elementor-col-100 elementor-top-column elementor-element elementor-element-5c8a7ea\" data-id=\"5c8a7ea\" data-element_type=\"column\">\n\t\t\t<div class=\"elementor-widget-wrap elementor-element-populated\">\n\t\t\t\t\t\t<div class=\"elementor-element elementor-element-7e4d714 elementor-widget elementor-widget-text-editor\" data-id=\"7e4d714\" data-element_type=\"widget\" data-widget_type=\"text-editor.default\">\n\t\t\t\t<div class=\"elementor-widget-container\">\n\t\t\t\t\t\t\t\t\t<div style=\"color: #333333;\" data-type=\"icontext\" data-layout=\"top\">\n<div style=\"display: flex; flex-direction: column; margin-bottom: -30px;\">\n<div>\n<h1 class=\"entry-title\">Canevas<\/h1>\n<p>\u00a0<\/p>\n<\/div>\n<\/div>\n<\/div>\n<div style=\"color: #333333;\" data-type=\"tabs\">\n<div style=\"border: none; background: none; border-radius: 0px; position: relative; padding: 0.2em;\">\n<div style=\"border-width: 2px 2px 4px; padding: 1em 1.4em; background: none; border-style: solid; border-color: #f52cd0 #ff00d9 #ff00d0 #f235c0; border-radius: 5px; margin: 15px; word-spacing: 2px; font-size: 14px;\" role=\"tabpanel\" aria-labelledby=\"ui-id-1\" aria-hidden=\"false\">\n<div style=\"margin-left: -20px;\">\n<table style=\"max-width: 100%; background-color: transparent; width: 881.625px; margin-bottom: 18px;\">\n<thead>\n<tr>\n<th style=\"padding: 8px; line-height: 18px; text-align: left; vertical-align: bottom; border-top: 0px;\" scope=\"col\">#<\/th>\n<th style=\"padding: 8px; line-height: 18px; text-align: left; vertical-align: bottom; border-top: 0px;\" scope=\"col\">\n<div>\u00a0<\/div>\n<p>\u00a0\u00a0\u00a0\u00a0\u00a0\u00a0\u00a0\u00a0\u00a0\u00a0\u00a0\u00a0\u00a0\u00a0\u00a0\u00a0\u00a0\u00a0\u00a0\u00a0\u00a0\u00a0\u00a0 Fili\u00e8re<\/p>\n<\/th>\n<th style=\"padding: 8px; line-height: 18px; text-align: left; vertical-align: bottom; border-top: 0px;\" scope=\"col\"><span style=\"font-size: 11pt; line-height: 16.8667px; font-family: Calibri, sans-serif; color: #1fa32b;\">\u00a0\u00a0\u00a0\u00a0\u00a0\u00a0\u00a0\u00a0 Sp\u00e9cialit\u00e9 <br \/><\/span><\/th>\n<th style=\"padding: 8px; line-height: 18px; text-align: left; vertical-align: bottom; border-top: 0px;\" scope=\"col\"><span style=\"font-size: 11pt; line-height: 16.8667px; font-family: Calibri, sans-serif; color: #1fa32b;\">Lien de T\u00e9l\u00e9chargement<\/span><\/th>\n<\/tr>\n<\/thead>\n<tbody>\n<tr>\n<th style=\"padding: 8px; line-height: 18px; text-align: left; vertical-align: top; background-color: #f9f9f9;\" scope=\"row\">1<\/th>\n<td style=\"padding: 8px; line-height: 18px; text-align: left; vertical-align: top; background-color: #f9f9f9;\"><span style=\"font-size: 10pt;\"><strong> science biologique<\/strong><\/span><\/td>\n<td style=\"padding: 8px; line-height: 18px; text-align: left; vertical-align: top; background-color: #f9f9f9;\">\u00a0g\u00e9n\u00e9tique<\/td>\n<td style=\"padding: 8px; line-height: 18px; text-align: left; vertical-align: top; background-color: #f9f9f9;\"><a href=\"https:\/\/www.univ-usto.dz\/faculte\/fac-snv\/wp-content\/uploads\/2024\/01\/canevas-L3-Genetique.pdf\">\u00a0\u00a0 T\u00e9l\u00e9charger<\/a><\/td>\n<\/tr>\n<tr>\n<th style=\"padding: 8px; line-height: 18px; text-align: left; vertical-align: top;\" scope=\"row\">2<\/th>\n<td style=\"padding: 8px; line-height: 18px; text-align: left; vertical-align: top;\"><strong>science biologique<\/strong><\/td>\n<td style=\"padding: 8px; line-height: 18px; text-align: left; vertical-align: top;\">\u00a0toxicologie<\/td>\n<td style=\"padding: 8px; line-height: 18px; text-align: left; vertical-align: top;\"><a href=\"https:\/\/www.univ-usto.dz\/faculte\/fac-snv\/wp-content\/uploads\/2024\/01\/Canevas-L3-Toxicologie-2018-2019.pdf\">\u00a0\u00a0 T\u00e9l\u00e9charger <\/a><\/td>\n<\/tr>\n<tr>\n<th style=\"padding: 8px; line-height: 18px; text-align: left; vertical-align: top; background-color: #f9f9f9;\" scope=\"row\">3<\/th>\n<td style=\"padding: 8px; line-height: 18px; text-align: left; vertical-align: top; background-color: #f9f9f9;\"><strong>science biologique<\/strong><\/td>\n<td style=\"padding: 8px; line-height: 18px; text-align: left; vertical-align: top; background-color: #f9f9f9;\">microbiologie<\/td>\n<td style=\"padding: 8px; line-height: 18px; text-align: left; vertical-align: top; background-color: #f9f9f9;\"><a href=\"https:\/\/www.univ-usto.dz\/faculte\/fac-snv\/wp-content\/uploads\/2024\/01\/Canevas-Licence-MICROBIOLOGIE-2020-USTO-Final-1.pdf\">\u00a0\u00a0 T\u00e9l\u00e9charger <\/a><\/td>\n<\/tr>\n<tr>\n<th style=\"padding: 8px; line-height: 18px; text-align: left; vertical-align: top;\" scope=\"row\">4<\/th>\n<td style=\"padding: 8px; line-height: 18px; text-align: left; vertical-align: top;\"><span style=\"font-size: 10pt;\"><strong> biotechnologie<\/strong><\/span><\/td>\n<td style=\"padding: 8px; line-height: 18px; text-align: left; vertical-align: top;\">\u00a0biotechnologie et g\u00e9nomique\u00a0 v\u00e9g\u00e9tale<\/td>\n<td style=\"padding: 8px; line-height: 18px; text-align: left; vertical-align: top;\"><a href=\"https:\/\/www.univ-usto.dz\/faculte\/fac-snv\/wp-content\/uploads\/2024\/01\/Canevas-L3-Biotechnologie-et-genomique-vegetale.pdf\">\u00a0\u00a0 T\u00e9l\u00e9charger <\/a><\/td>\n<\/tr>\n<tr>\n<th style=\"padding: 8px; line-height: 18px; text-align: left; vertical-align: top; background-color: #f9f9f9;\" scope=\"row\">5<\/th>\n<td style=\"padding: 8px; line-height: 18px; text-align: left; vertical-align: top; background-color: #f9f9f9;\"><span style=\"font-size: 10pt;\"><strong> Science alimentaire<\/strong><\/span><\/td>\n<td style=\"padding: 8px; line-height: 18px; text-align: left; vertical-align: top; background-color: #f9f9f9;\"><em>Alimentation<\/em>, <em>Nutrition<\/em> et <em>Pathologies<\/em><\/td>\n<td style=\"padding: 8px; line-height: 18px; text-align: left; vertical-align: top; background-color: #f9f9f9;\"><a href=\"https:\/\/www.univ-usto.dz\/faculte\/fac-snv\/wp-content\/uploads\/2024\/01\/Canevas-L3-NAP.pdf\">\u00a0\u00a0 T\u00e9l\u00e9charger <\/a><\/td>\n<\/tr>\n<tr>\n<th style=\"padding: 8px; line-height: 18px; text-align: left; vertical-align: top;\" scope=\"row\">\u00a0<\/th>\n<td style=\"padding: 8px; line-height: 18px; text-align: left; vertical-align: top;\">\u00a0<\/td>\n<td style=\"padding: 8px; line-height: 18px; text-align: left; vertical-align: top;\">\u00a0<\/td>\n<td style=\"padding: 8px; line-height: 18px; text-align: left; vertical-align: top;\">\u00a0<\/td>\n<\/tr>\n<tr>\n<th style=\"padding: 8px; line-height: 18px; text-align: left; vertical-align: top; background-color: #f9f9f9;\" scope=\"row\">\u00a0<\/th>\n<td style=\"padding: 8px; line-height: 18px; text-align: left; vertical-align: top; background-color: #f9f9f9;\">\u00a0<\/td>\n<td style=\"padding: 8px; line-height: 18px; text-align: left; vertical-align: top; background-color: #f9f9f9;\">\u00a0<\/td>\n<td style=\"padding: 8px; line-height: 18px; text-align: left; vertical-align: top; background-color: #f9f9f9;\">\u00a0<\/td>\n<\/tr>\n<tr>\n<th style=\"padding: 8px; line-height: 18px; text-align: left; vertical-align: top;\" scope=\"row\">\u00a0<\/th>\n<td style=\"padding: 8px; line-height: 18px; text-align: left; vertical-align: top;\">\u00a0<\/td>\n<td style=\"padding: 8px; line-height: 18px; text-align: left; vertical-align: top;\">\u00a0<\/td>\n<td style=\"padding: 8px; line-height: 18px; text-align: left; vertical-align: top;\">\u00a0<\/td>\n<\/tr>\n<tr>\n<th style=\"padding: 8px; line-height: 18px; text-align: left; vertical-align: top; background-color: #f9f9f9;\" scope=\"row\">\u00a0<\/th>\n<td style=\"padding: 8px; line-height: 18px; text-align: left; vertical-align: top; background-color: #f9f9f9;\">\u00a0<\/td>\n<td style=\"padding: 8px; line-height: 18px; text-align: left; vertical-align: top; background-color: #f9f9f9;\">\u00a0<\/td>\n<td style=\"padding: 8px; line-height: 18px; text-align: left; vertical-align: top; background-color: #f9f9f9;\">\u00a0<\/td>\n<\/tr>\n<\/tbody>\n<\/table>\n<\/div>\n<\/div>\n<\/div>\n<\/div>\t\t\t\t\t\t\t\t<\/div>\n\t\t\t\t<\/div>\n\t\t\t\t\t<\/div>\n\t\t<\/div>\n\t\t\t\t\t<\/div>\n\t\t<\/section>\n\t\t\t\t<\/div>\n\t\t","protected":false},"excerpt":{"rendered":"<p>Canevas \u00a0 # \u00a0 \u00a0\u00a0\u00a0\u00a0\u00a0\u00a0\u00a0\u00a0\u00a0\u00a0\u00a0\u00a0\u00a0\u00a0\u00a0\u00a0\u00a0\u00a0\u00a0\u00a0\u00a0\u00a0\u00a0 Fili\u00e8re \u00a0\u00a0\u00a0\u00a0\u00a0\u00a0\u00a0\u00a0 Sp\u00e9cialit\u00e9 Lien de T\u00e9l\u00e9chargement 1 science biologique \u00a0g\u00e9n\u00e9tique \u00a0\u00a0 T\u00e9l\u00e9charger 2 science biologique \u00a0toxicologie \u00a0\u00a0 T\u00e9l\u00e9charger 3 science biologique microbiologie \u00a0\u00a0 T\u00e9l\u00e9charger 4 <a href=\"https:\/\/www.univ-usto.dz\/faculte\/fac-snv\/canevas-des-offres-de-formation-snv-l3-licence\/\" class=\"read-more\">Lire la suite &#8230;<\/a><\/p>\n","protected":false},"author":18,"featured_media":0,"parent":0,"menu_order":0,"comment_status":"closed","ping_status":"closed","template":"","meta":{"footnotes":""},"class_list":["post-12547","page","type-page","status-publish","hentry"],"_links":{"self":[{"href":"https:\/\/www.univ-usto.dz\/faculte\/fac-snv\/wp-json\/wp\/v2\/pages\/12547","targetHints":{"allow":["GET"]}}],"collection":[{"href":"https:\/\/www.univ-usto.dz\/faculte\/fac-snv\/wp-json\/wp\/v2\/pages"}],"about":[{"href":"https:\/\/www.univ-usto.dz\/faculte\/fac-snv\/wp-json\/wp\/v2\/types\/page"}],"author":[{"embeddable":true,"href":"https:\/\/www.univ-usto.dz\/faculte\/fac-snv\/wp-json\/wp\/v2\/users\/18"}],"replies":[{"embeddable":true,"href":"https:\/\/www.univ-usto.dz\/faculte\/fac-snv\/wp-json\/wp\/v2\/comments?post=12547"}],"version-history":[{"count":6,"href":"https:\/\/www.univ-usto.dz\/faculte\/fac-snv\/wp-json\/wp\/v2\/pages\/12547\/revisions"}],"predecessor-version":[{"id":12560,"href":"https:\/\/www.univ-usto.dz\/faculte\/fac-snv\/wp-json\/wp\/v2\/pages\/12547\/revisions\/12560"}],"wp:attachment":[{"href":"https:\/\/www.univ-usto.dz\/faculte\/fac-snv\/wp-json\/wp\/v2\/media?parent=12547"}],"curies":[{"name":"wp","href":"https:\/\/api.w.org\/{rel}","templated":true}]}}