{"id":12655,"date":"2024-02-19T14:25:11","date_gmt":"2024-02-19T14:25:11","guid":{"rendered":"https:\/\/www.univ-usto.dz\/faculte\/fac-snv\/?page_id=12655"},"modified":"2026-02-12T10:41:22","modified_gmt":"2026-02-12T10:41:22","slug":"pv-csf","status":"publish","type":"page","link":"https:\/\/www.univ-usto.dz\/faculte\/fac-snv\/pv-csf\/","title":{"rendered":"PV CSF"},"content":{"rendered":"\t\t<div data-elementor-type=\"wp-page\" data-elementor-id=\"12655\" class=\"elementor elementor-12655\">\n\t\t\t\t\t\t<section class=\"elementor-section elementor-top-section elementor-element elementor-element-4355bc7 elementor-section-boxed elementor-section-height-default elementor-section-height-default\" data-id=\"4355bc7\" data-element_type=\"section\">\n\t\t\t\t\t\t<div class=\"elementor-container elementor-column-gap-default\">\n\t\t\t\t\t<div class=\"elementor-column elementor-col-100 elementor-top-column elementor-element elementor-element-31bd138\" data-id=\"31bd138\" data-element_type=\"column\">\n\t\t\t<div class=\"elementor-widget-wrap elementor-element-populated\">\n\t\t\t\t\t\t<div class=\"elementor-element elementor-element-705b4f7 elementor-widget elementor-widget-text-editor\" data-id=\"705b4f7\" data-element_type=\"widget\" data-widget_type=\"text-editor.default\">\n\t\t\t\t<div class=\"elementor-widget-container\">\n\t\t\t\t\t\t\t\t\t<table class=\" alignleft\" style=\"width: 539pt;\" border=\"0\" width=\"718\" cellspacing=\"0\" cellpadding=\"0\"><colgroup><col style=\"mso-width-source: userset; mso-width-alt: 11593; width: 238pt;\" width=\"317\" \/> <col style=\"mso-width-source: userset; mso-width-alt: 8082; width: 166pt;\" width=\"221\" \/> <col style=\"mso-width-source: userset; mso-width-alt: 6582; width: 135pt;\" width=\"180\" \/> <\/colgroup><tbody><tr style=\"mso-height-source: userset; height: 30.0pt;\"><td class=\"xl65\" style=\"height: 30pt; width: 238pt; font-size: 11pt; color: white; font-weight: bold; font-family: Calibri; border-top: none; border-right-width: 0.5pt; border-right-color: white; border-bottom-width: 1.5pt; border-bottom-color: white; border-left: none; background: #4472c4;\" width=\"317\" height=\"40\"><div style=\"box-sizing: inherit; margin-right: 0px;\"><div style=\"box-sizing: inherit;\" data-elementor-type=\"wp-page\" data-elementor-id=\"12655\"><div style=\"display: flex; max-width: 1140px;\"><div style=\"--flex-direction: initial; --flex-wrap: initial; --justify-content: initial; --align-items: initial; --align-content: initial; --gap: initial; --flex-basis: initial; --flex-grow: initial; --flex-shrink: initial; --order: initial; --align-self: initial; align-self: auto; flex: 0 1 auto; order: 0; display: flex; min-height: 1px; --widgets-spacing: 20px 20px;\" data-id=\"b2edf7f\" data-element_type=\"column\"><div style=\"align-content: flex-start; flex-wrap: wrap; display: flex;\"><div style=\"--flex-direction: initial; --flex-wrap: initial; --justify-content: initial; --align-items: initial; --align-content: initial; --gap: initial; --flex-basis: initial; --flex-grow: initial; --flex-shrink: initial; --order: initial; --align-self: initial; align-self: auto; flex: 0 1 auto; order: 0; place-content: normal; align-items: normal; flex-flow: row; gap: normal; --widgets-spacing: 20px 20px;\" data-id=\"2a6441d\" data-element_type=\"widget\" data-widget_type=\"text-editor.default\"><div style=\"transition: background 0.3s, border 0.3s, border-radius 0.3s, box-shadow 0.3s, transform 0.4s; text-align: center;\">\u00a0 \u00a0 \u00a0 \u00a0 \u00a0 \u00a0 \u00a0 \u00a0 \u00a0 \u00a0 \u00a0 \u00a0 \u00a0 \u00a0 \u00a0 \u00a0 \u00a0 \u00a0 \u00a0 \u00a0 Intitul\u00e9<\/div><\/div><\/div><\/div><\/div><\/div><\/div><\/td><td class=\"xl65\" style=\"width: 166pt; font-size: 11pt; color: white; font-weight: bold; font-family: Calibri; border-top: none; border-right-width: 0.5pt; border-right-color: white; border-bottom-width: 1.5pt; border-bottom-color: white; border-left-width: 0.5pt; border-left-color: white; background: #4472c4;\" width=\"221\">\u00a0 \u00a0\u00a0R\u00e9f\u00a0<\/td><td class=\"xl65\" style=\"width: 135pt; font-size: 11pt; color: white; font-weight: bold; font-family: Calibri; border-top: none; border-right-width: 0.5pt; border-right-color: white; border-bottom-width: 1.5pt; border-bottom-color: white; border-left-width: 0.5pt; border-left-color: white; background: #4472c4;\" width=\"180\">\u00a0\u00a0 Lien de T\u00e9l\u00e9chargement<\/td><\/tr><tr style=\"height: 30pt;\"><td class=\"xl65\" style=\"height: 30pt; width: 238pt; font-size: 11pt; color: black; font-family: Calibri; border-top-width: 0.5pt; border-top-color: white; border-right-width: 0.5pt; border-right-color: white; border-bottom-width: 0.5pt; border-bottom-color: white; border-left: none; background: #b4c6e7;\" width=\"317\" height=\"40\"><span lang=\"FR\">Proc\u00e8s-verbal de la r\u00e9union du Conseil Scientifique de la Facult\u00e9 \u00a0du 25 Novembre 2025<\/span><\/td><td class=\"xl65\" style=\"width: 166pt; font-size: 11pt; color: black; font-family: Calibri; border-width: 0.5pt; border-color: white; background: #b4c6e7;\" width=\"221\"><span lang=\"FR\"><a href=\"https:\/\/www.univ-usto.dz\/faculte\/fac-snv\/wp-content\/uploads\/2026\/02\/PV-CSF-N%C2%B012-du-25-Novembre-2025.pdf\"><span style=\"color: black;\">PV CSF N\u00b012 du 25 Novembre 2025<\/span><\/a><\/span><\/td><td class=\"xl65\" style=\"width: 135pt; font-size: 11pt; color: black; font-family: Calibri; border-width: 0.5pt; border-color: white; background: #b4c6e7;\" width=\"180\"><a href=\"https:\/\/www.univ-usto.dz\/faculte\/fac-snv\/wp-content\/uploads\/2026\/02\/PV-CSF-N%C2%B012-du-25-Novembre-2025.pdf\"><span style=\"color: black;\">T\u00e9l\u00e9charger<\/span><\/a><\/td><\/tr><tr style=\"height: 30pt;\"><td class=\"xl65\" style=\"height: 30pt; width: 238pt; font-size: 11pt; color: black; font-family: Calibri; border-top-width: 0.5pt; border-top-color: white; border-right-width: 0.5pt; border-right-color: white; border-bottom-width: 0.5pt; border-bottom-color: white; border-left: none; background: #d9e1f2;\" width=\"317\" height=\"40\"><span lang=\"FR\">Proc\u00e8s-verbal de la r\u00e9union du Conseil Scientifique de la Facult\u00e9 du 14 Octobre 2025<\/span><\/td><td class=\"xl65\" style=\"width: 166pt; font-size: 11pt; color: black; font-family: Calibri; border-width: 0.5pt; border-color: white; background: #d9e1f2;\" width=\"221\"><span lang=\"FR\"><a href=\"https:\/\/www.univ-usto.dz\/faculte\/fac-snv\/wp-content\/uploads\/2026\/02\/PV-CSF-N%C2%B011-du-14-Octobre-2025.pdf\"><span style=\"color: black;\">PV CSF N\u00b011 du 14 Octobre 2025<\/span><\/a><\/span><\/td><td class=\"xl65\" style=\"width: 135pt; font-size: 11pt; color: black; font-family: Calibri; border-width: 0.5pt; border-color: white; background: #d9e1f2;\" width=\"180\"><a href=\"https:\/\/www.univ-usto.dz\/faculte\/fac-snv\/wp-content\/uploads\/2026\/02\/PV-CSF-N%C2%B011-du-14-Octobre-2025.pdf\"><span style=\"color: black;\">T\u00e9l\u00e9charger<\/span><\/a><\/td><\/tr><tr style=\"height: 30pt;\"><td class=\"xl65\" style=\"height: 30pt; width: 238pt; font-size: 11pt; color: black; font-family: Calibri; border-top-width: 0.5pt; border-top-color: white; border-right-width: 0.5pt; border-right-color: white; border-bottom-width: 0.5pt; border-bottom-color: white; border-left: none; background: #b4c6e7;\" width=\"317\" height=\"40\"><a href=\"https:\/\/www.univ-usto.dz\/faculte\/fac-snv\/wp-content\/uploads\/2026\/02\/PV-CSF-N%C2%B010-16-Juin-2025.pdf\"><span style=\"color: black;\">PV CSF N\u00b010 16 Juin 2025<\/span><\/a><\/td><td class=\"xl65\" style=\"width: 166pt; font-size: 11pt; color: black; font-family: Calibri; border-width: 0.5pt; border-color: white; background: #b4c6e7;\" width=\"221\"><a href=\"https:\/\/www.univ-usto.dz\/faculte\/fac-snv\/wp-content\/uploads\/2026\/02\/PV-CSF-N%C2%B010-16-Juin-2025.pdf\"><span style=\"color: black;\">\u00a0PV CSF N\u00b010 16 Juin 2025<\/span><\/a><\/td><td class=\"xl65\" style=\"width: 135pt; font-size: 11pt; color: black; font-family: Calibri; border-width: 0.5pt; border-color: white; background: #b4c6e7;\" width=\"180\"><a href=\"https:\/\/www.univ-usto.dz\/faculte\/fac-snv\/wp-content\/uploads\/2026\/02\/PV-CSF-N%C2%B010-16-Juin-2025.pdf\"><span style=\"color: black;\">T\u00e9l\u00e9charger<\/span><\/a><div style=\"box-sizing: inherit; float: right;\" role=\"complementary\">\u00a0<\/div><\/td><\/tr><tr style=\"height: 30pt;\"><td class=\"xl65\" style=\"height: 30pt; width: 238pt; font-size: 11pt; color: black; font-family: Calibri; border-top-width: 0.5pt; border-top-color: white; border-right-width: 0.5pt; border-right-color: white; border-bottom-width: 0.5pt; border-bottom-color: white; border-left: none; background: #d9e1f2;\" width=\"317\" height=\"40\"><span lang=\"FR\">Proc\u00e8s -Verbal de la r\u00e9union du Conseil Scientifique de la Facult\u00e9<\/span><\/td><td class=\"xl65\" style=\"width: 166pt; font-size: 11pt; color: black; font-family: Calibri; border-width: 0.5pt; border-color: white; background: #d9e1f2;\" width=\"221\">R\u00e9f : PV N\u00b0 06 CSFSNV\/2024<\/td><td class=\"xl65\" style=\"width: 135pt; font-size: 11pt; color: black; font-family: Calibri; border-width: 0.5pt; border-color: white; background: #d9e1f2;\" width=\"180\"><a href=\"https:\/\/www.univ-usto.dz\/faculte\/fac-snv\/wp-content\/uploads\/2024\/11\/PV-CSF-N%C2%B006-Extra.pdf\"><span style=\"color: black;\">T\u00e9l\u00e9charger<\/span><\/a><\/td><\/tr><tr style=\"height: 30pt;\"><td class=\"xl65\" style=\"height: 30pt; width: 238pt; font-size: 11pt; color: black; font-family: Calibri; border-top-width: 0.5pt; border-top-color: white; border-right-width: 0.5pt; border-right-color: white; border-bottom-width: 0.5pt; border-bottom-color: white; border-left: none; background: #b4c6e7;\" width=\"317\" height=\"40\"><span lang=\"FR\">Proc\u00e8s -Verbal de la r\u00e9union du Conseil Scientifique de la Facult\u00e9<\/span><\/td><td class=\"xl65\" style=\"width: 166pt; font-size: 11pt; color: black; font-family: Calibri; border-width: 0.5pt; border-color: white; background: #b4c6e7;\" width=\"221\">R\u00e9f : PV N\u00b0 05 CSFSNV\/2024<\/td><td class=\"xl65\" style=\"width: 135pt; font-size: 11pt; color: black; font-family: Calibri; border-width: 0.5pt; border-color: white; background: #b4c6e7;\" width=\"180\"><a href=\"https:\/\/www.univ-usto.dz\/faculte\/fac-snv\/wp-content\/uploads\/2024\/11\/PV-CSF-N%C2%B005.pdf\"><span style=\"color: black;\">T\u00e9l\u00e9charger<\/span><\/a><\/td><\/tr><tr style=\"height: 30pt;\"><td class=\"xl65\" style=\"height: 30pt; width: 238pt; font-size: 11pt; color: black; font-family: Calibri; border-top-width: 0.5pt; border-top-color: white; border-right-width: 0.5pt; border-right-color: white; border-bottom-width: 0.5pt; border-bottom-color: white; border-left: none; background: #d9e1f2;\" width=\"317\" height=\"40\"><span lang=\"FR\">Proc\u00e8s -Verbal de la r\u00e9union du Conseil Scientifique de la Facult\u00e9 Du 20 F\u00e9vrier 2024.<\/span><\/td><td class=\"xl65\" style=\"width: 166pt; font-size: 11pt; color: black; font-family: Calibri; border-width: 0.5pt; border-color: white; background: #d9e1f2;\" width=\"221\">R\u00e9f : PV N\u00b0 03 CSFSNV\/2024<\/td><td class=\"xl65\" style=\"width: 135pt; font-size: 11pt; color: black; font-family: Calibri; border-width: 0.5pt; border-color: white; background: #d9e1f2;\" width=\"180\"><a href=\"https:\/\/www.univ-usto.dz\/faculte\/fac-snv\/wp-content\/uploads\/2024\/11\/PV-CSF-N%C2%B003-.pdf\"><span style=\"color: black;\">T\u00e9l\u00e9charger<\/span><\/a><\/td><\/tr><tr style=\"height: 30pt;\"><td class=\"xl65\" style=\"height: 30pt; width: 238pt; font-size: 11pt; color: black; font-family: Calibri; border-top-width: 0.5pt; border-top-color: white; border-right-width: 0.5pt; border-right-color: white; border-bottom-width: 0.5pt; border-bottom-color: white; border-left: none; background: #b4c6e7;\" width=\"317\" height=\"40\"><span lang=\"FR\">Proc\u00e8s -Verbal de la r\u00e9union du Conseil Scientifique de la Facult\u00e9<\/span><\/td><td class=\"xl65\" style=\"width: 166pt; font-size: 11pt; color: black; font-family: Calibri; border-width: 0.5pt; border-color: white; background: #b4c6e7;\" width=\"221\">R\u00e9f : PV N\u00b0 02 CSFSNV\/2024<\/td><td class=\"xl65\" style=\"width: 135pt; font-size: 11pt; color: black; font-family: Calibri; border-width: 0.5pt; border-color: white; background: #b4c6e7;\" width=\"180\"><a href=\"https:\/\/www.univ-usto.dz\/faculte\/fac-snv\/wp-content\/uploads\/2024\/11\/PV-CSF-N%C2%B002.pdf\"><span style=\"color: black;\">T\u00e9l\u00e9charger<\/span><\/a><\/td><\/tr><tr style=\"height: 30pt;\"><td class=\"xl65\" style=\"height: 30pt; width: 238pt; font-size: 11pt; color: black; font-family: Calibri; border-top-width: 0.5pt; border-top-color: white; border-right-width: 0.5pt; border-right-color: white; border-bottom-width: 0.5pt; border-bottom-color: white; border-left: none; background: #d9e1f2;\" width=\"317\" height=\"40\"><span lang=\"FR\">Proc\u00e8s -Verbal de la r\u00e9union du Conseil Scientifique de la Facult\u00e9<\/span><\/td><td class=\"xl65\" style=\"width: 166pt; font-size: 11pt; color: black; font-family: Calibri; border-width: 0.5pt; border-color: white; background: #d9e1f2;\" width=\"221\">PV N\u00b0 21 CSFSNV\/2023<\/td><td class=\"xl65\" style=\"width: 135pt; font-size: 11pt; color: black; font-family: Calibri; border-width: 0.5pt; border-color: white; background: #d9e1f2;\" width=\"180\"><a href=\"https:\/\/www.univ-usto.dz\/faculte\/fac-snv\/wp-content\/uploads\/2024\/02\/PV-CSF-N%C2%B021.pdf\"><span style=\"color: black;\">T\u00e9l\u00e9charger<\/span><\/a><\/td><\/tr><tr style=\"height: 30pt;\"><td class=\"xl65\" style=\"height: 30pt; width: 238pt; font-size: 11pt; color: black; font-family: Calibri; border-top-width: 0.5pt; border-top-color: white; border-right-width: 0.5pt; border-right-color: white; border-bottom-width: 0.5pt; border-bottom-color: white; border-left: none; background: #b4c6e7;\" width=\"317\" height=\"40\"><span lang=\"FR\">Proc\u00e8s -Verbal de la r\u00e9union Extraordinaire du Conseil Scientifique Restreint de la Facult\u00e9<\/span><\/td><td class=\"xl65\" style=\"width: 166pt; font-size: 11pt; color: black; font-family: Calibri; border-width: 0.5pt; border-color: white; background: #b4c6e7;\" width=\"221\">PV N\u00b019 CSFSNV\/2023<\/td><td class=\"xl65\" style=\"width: 135pt; font-size: 11pt; color: black; font-family: Calibri; border-width: 0.5pt; border-color: white; background: #b4c6e7;\" width=\"180\"><a href=\"https:\/\/www.univ-usto.dz\/faculte\/fac-snv\/wp-content\/uploads\/2024\/02\/CSF-N%C2%B019.pdf\"><span style=\"color: black;\">T\u00e9l\u00e9charger<\/span><\/a><\/td><\/tr><tr style=\"height: 30pt;\"><td class=\"xl65\" style=\"height: 30pt; width: 238pt; font-size: 11pt; color: black; font-family: Calibri; border-top-width: 0.5pt; border-top-color: white; border-right-width: 0.5pt; border-right-color: white; border-bottom-width: 0.5pt; border-bottom-color: white; border-left: none; background: #d9e1f2;\" width=\"317\" height=\"40\"><span lang=\"FR\">Proc\u00e8s -Verbal de la r\u00e9union Extraordinaire du Conseil Scientifique Restreint de la Facult\u00e9<\/span><\/td><td class=\"xl65\" style=\"width: 166pt; font-size: 11pt; color: black; font-family: Calibri; border-width: 0.5pt; border-color: white; background: #d9e1f2;\" width=\"221\">PV N\u00b018 CSFSNV\/2023<\/td><td class=\"xl65\" style=\"width: 135pt; font-size: 11pt; color: black; font-family: Calibri; border-width: 0.5pt; border-color: white; background: #d9e1f2;\" width=\"180\"><a href=\"https:\/\/www.univ-usto.dz\/faculte\/fac-snv\/wp-content\/uploads\/2024\/02\/CSF-N%C2%B018.pdf\"><span style=\"color: black;\">T\u00e9l\u00e9charger<\/span><\/a><\/td><\/tr><tr style=\"height: 30pt;\"><td class=\"xl65\" style=\"height: 30pt; width: 238pt; font-size: 11pt; color: black; font-family: Calibri; border-top-width: 0.5pt; border-top-color: white; border-right-width: 0.5pt; border-right-color: white; border-bottom-width: 0.5pt; border-bottom-color: white; border-left: none; background: #b4c6e7;\" width=\"317\" height=\"40\"><span lang=\"FR\">Proc\u00e8s -Verbal de la r\u00e9union Extraordinaire du Conseil Scientifique Restreint de la Facult\u00e9<\/span><\/td><td class=\"xl65\" style=\"width: 166pt; font-size: 11pt; color: black; font-family: Calibri; border-width: 0.5pt; border-color: white; background: #b4c6e7;\" width=\"221\">PV N\u00b017 CSFSNV\/2023<\/td><td class=\"xl65\" style=\"width: 135pt; font-size: 11pt; color: black; font-family: Calibri; border-width: 0.5pt; border-color: white; background: #b4c6e7;\" width=\"180\"><a href=\"https:\/\/www.univ-usto.dz\/faculte\/fac-snv\/wp-content\/uploads\/2024\/02\/CSF-N%C2%B017.pdf\"><span style=\"color: black;\">T\u00e9l\u00e9charger<\/span><\/a><\/td><\/tr><tr style=\"height: 30pt;\"><td class=\"xl65\" style=\"height: 30pt; width: 238pt; font-size: 11pt; color: black; font-family: Calibri; border-top-width: 0.5pt; border-top-color: white; border-right-width: 0.5pt; border-right-color: white; border-bottom-width: 0.5pt; border-bottom-color: white; border-left: none; background: #d9e1f2;\" width=\"317\" height=\"40\"><span lang=\"FR\">Extrait Proc\u00e8s -Verbal additif restreint de la r\u00e9union du Conseil Scientifique de la Facult\u00e9 du 12 et 13 F\u00e9vrier 2023<\/span><\/td><td class=\"xl65\" style=\"width: 166pt; font-size: 11pt; color: black; font-family: Calibri; border-width: 0.5pt; border-color: white; background: #d9e1f2;\" width=\"221\">PV N\u00b016 CSFSNV\/2023<\/td><td class=\"xl65\" style=\"width: 135pt; font-size: 11pt; color: black; font-family: Calibri; border-width: 0.5pt; border-color: white; background: #d9e1f2;\" width=\"180\"><a href=\"https:\/\/www.univ-usto.dz\/faculte\/fac-snv\/wp-content\/uploads\/2024\/02\/PV-CSF-16-du-12.02.2023.pdf\"><span style=\"color: black;\">T\u00e9l\u00e9charger<\/span><\/a><\/td><\/tr><tr style=\"height: 30pt;\"><td class=\"xl65\" style=\"height: 30pt; width: 238pt; font-size: 11pt; color: black; font-family: Calibri; border-top-width: 0.5pt; border-top-color: white; border-right-width: 0.5pt; border-right-color: white; border-bottom-width: 0.5pt; border-bottom-color: white; border-left: none; background: #b4c6e7;\" width=\"317\" height=\"40\"><span lang=\"FR\">Proc\u00e8s -Verbal de la r\u00e9union du Conseil Scientifique de la Facult\u00e9<\/span><\/td><td class=\"xl65\" style=\"width: 166pt; font-size: 11pt; color: black; font-family: Calibri; border-width: 0.5pt; border-color: white; background: #b4c6e7;\" width=\"221\">PV N\u00b015 CSFSNV\/2023<\/td><td class=\"xl65\" style=\"width: 135pt; font-size: 11pt; color: black; font-family: Calibri; border-width: 0.5pt; border-color: white; background: #b4c6e7;\" width=\"180\"><a href=\"https:\/\/www.univ-usto.dz\/faculte\/fac-snv\/wp-content\/uploads\/2024\/02\/CSF-N%C2%B015.pdf\"><span style=\"color: black;\">T\u00e9l\u00e9charger<\/span><\/a><\/td><\/tr><tr style=\"height: 30pt;\"><td class=\"xl65\" style=\"height: 30pt; width: 238pt; font-size: 11pt; color: black; font-family: Calibri; border-top-width: 0.5pt; border-top-color: white; border-right-width: 0.5pt; border-right-color: white; border-bottom: none; border-left: none; background: #d9e1f2;\" width=\"317\" height=\"40\"><span lang=\"FR\">Proc\u00e8s -Verbal de la r\u00e9union du Conseil Scientifique de la Facult\u00e9<\/span><\/td><td class=\"xl65\" style=\"width: 166pt; font-size: 11pt; color: black; font-family: Calibri; border-top-width: 0.5pt; border-top-color: white; border-right-width: 0.5pt; border-right-color: white; border-bottom: none; border-left-width: 0.5pt; border-left-color: white; background: #d9e1f2;\" width=\"221\">PV N\u00b014 CSF-SNV\/2022<\/td><td class=\"xl65\" style=\"width: 135pt; font-size: 11pt; color: black; font-family: Calibri; border-top-width: 0.5pt; border-top-color: white; border-right-width: 0.5pt; border-right-color: white; border-bottom: none; border-left-width: 0.5pt; border-left-color: white; background: #d9e1f2;\" width=\"180\"><a href=\"https:\/\/www.univ-usto.dz\/faculte\/fac-snv\/wp-content\/uploads\/2024\/02\/CSF-N%C2%B014.pdf\"><span style=\"color: black;\">T\u00e9l\u00e9charger<\/span><\/a><\/td><\/tr><\/tbody><\/table>\t\t\t\t\t\t\t\t<\/div>\n\t\t\t\t<\/div>\n\t\t\t\t\t<\/div>\n\t\t<\/div>\n\t\t\t\t\t<\/div>\n\t\t<\/section>\n\t\t\t\t<\/div>\n\t\t","protected":false},"excerpt":{"rendered":"<p>\u00a0 \u00a0 \u00a0 \u00a0 \u00a0 \u00a0 \u00a0 \u00a0 \u00a0 \u00a0 \u00a0 \u00a0 \u00a0 \u00a0 \u00a0 \u00a0 \u00a0 \u00a0 \u00a0 \u00a0 Intitul\u00e9 \u00a0 \u00a0\u00a0R\u00e9f\u00a0 \u00a0\u00a0 Lien de T\u00e9l\u00e9chargement Proc\u00e8s-verbal de la <a href=\"https:\/\/www.univ-usto.dz\/faculte\/fac-snv\/pv-csf\/\" class=\"read-more\">Lire la suite &#8230;<\/a><\/p>\n","protected":false},"author":18,"featured_media":0,"parent":0,"menu_order":0,"comment_status":"closed","ping_status":"closed","template":"","meta":{"footnotes":""},"class_list":["post-12655","page","type-page","status-publish","hentry"],"_links":{"self":[{"href":"https:\/\/www.univ-usto.dz\/faculte\/fac-snv\/wp-json\/wp\/v2\/pages\/12655","targetHints":{"allow":["GET"]}}],"collection":[{"href":"https:\/\/www.univ-usto.dz\/faculte\/fac-snv\/wp-json\/wp\/v2\/pages"}],"about":[{"href":"https:\/\/www.univ-usto.dz\/faculte\/fac-snv\/wp-json\/wp\/v2\/types\/page"}],"author":[{"embeddable":true,"href":"https:\/\/www.univ-usto.dz\/faculte\/fac-snv\/wp-json\/wp\/v2\/users\/18"}],"replies":[{"embeddable":true,"href":"https:\/\/www.univ-usto.dz\/faculte\/fac-snv\/wp-json\/wp\/v2\/comments?post=12655"}],"version-history":[{"count":70,"href":"https:\/\/www.univ-usto.dz\/faculte\/fac-snv\/wp-json\/wp\/v2\/pages\/12655\/revisions"}],"predecessor-version":[{"id":13833,"href":"https:\/\/www.univ-usto.dz\/faculte\/fac-snv\/wp-json\/wp\/v2\/pages\/12655\/revisions\/13833"}],"wp:attachment":[{"href":"https:\/\/www.univ-usto.dz\/faculte\/fac-snv\/wp-json\/wp\/v2\/media?parent=12655"}],"curies":[{"name":"wp","href":"https:\/\/api.w.org\/{rel}","templated":true}]}}