{"id":12712,"date":"2024-02-22T14:30:03","date_gmt":"2024-02-22T14:30:03","guid":{"rendered":"https:\/\/www.univ-usto.dz\/faculte\/fac-snv\/?page_id=12712"},"modified":"2024-02-22T14:43:30","modified_gmt":"2024-02-22T14:43:30","slug":"pv-du-cpc","status":"publish","type":"page","link":"https:\/\/www.univ-usto.dz\/faculte\/fac-snv\/pv-du-cpc\/","title":{"rendered":"PV du CPC"},"content":{"rendered":"\t\t<div data-elementor-type=\"wp-page\" data-elementor-id=\"12712\" class=\"elementor elementor-12712\">\n\t\t\t\t\t\t<section class=\"elementor-section elementor-top-section elementor-element elementor-element-3500e23 elementor-section-boxed elementor-section-height-default elementor-section-height-default\" data-id=\"3500e23\" data-element_type=\"section\">\n\t\t\t\t\t\t<div class=\"elementor-container elementor-column-gap-default\">\n\t\t\t\t\t<div class=\"elementor-column elementor-col-100 elementor-top-column elementor-element elementor-element-a83aa62\" data-id=\"a83aa62\" data-element_type=\"column\">\n\t\t\t<div class=\"elementor-widget-wrap elementor-element-populated\">\n\t\t\t\t\t\t<div class=\"elementor-element elementor-element-79ba0dc elementor-widget elementor-widget-text-editor\" data-id=\"79ba0dc\" data-element_type=\"widget\" data-widget_type=\"text-editor.default\">\n\t\t\t\t<div class=\"elementor-widget-container\">\n\t\t\t\t\t\t\t\t\t<div style=\"color: #333333; font-family: 'Helvetica Neue', Helvetica, Arial, sans-serif; font-size: 13px; position: relative;\" data-type=\"icontext\" data-layout=\"top\">\n<div style=\"display: flex; flex-direction: column; margin-bottom: -30px;\">\n<div>\n<div style=\"color: #16c716; padding: 10px; text-align: center; font-size: 25px;\"><header>PV CSF<\/header><\/div>\n<div style=\"text-align: center;\">\u00a0<\/div>\n<\/div>\n<\/div>\n<\/div>\n<div style=\"color: #333333; font-family: 'Helvetica Neue', Helvetica, Arial, sans-serif; font-size: 13px; position: relative;\" data-type=\"tabs\">\n<div style=\"border: none; background: none; border-radius: 0px; position: relative; padding: 0.2em;\">\n<div style=\"border-width: 2px 2px 4px; padding: 1em 1.4em; background: none; border-style: solid; border-color: #f52cd0 #ff00d9 #ff00d0 #f235c0; border-radius: 5px; margin: 15px; word-spacing: 2px; font-size: 14px; font-family: 'Segoe UI', sans-serif;\" role=\"tabpanel\" aria-labelledby=\"ui-id-3\" aria-hidden=\"false\">\n<div style=\"margin-left: -20px;\">\n<table style=\"max-width: 100%; background-color: transparent; width: 881.625px; margin-bottom: 18px;\">\n<thead>\n<tr>\n<th style=\"padding: 8px; line-height: 18px; text-align: left; vertical-align: bottom; border-top: 0px;\" scope=\"col\">#<\/th>\n<th style=\"padding: 8px; line-height: 18px; text-align: left; vertical-align: bottom; border-top: 0px;\" scope=\"col\">\n<p>\u00a0<span style=\"font-size: 11pt; line-height: 16.8667px; font-family: Calibri, sans-serif; color: #1fa32b;\">Intitul\u00e9 <br \/><\/span><\/p>\n<\/th>\n<th style=\"padding: 8px; line-height: 18px; text-align: left; vertical-align: bottom; border-top: 0px;\" scope=\"col\"><span style=\"font-size: 11pt; line-height: 16.8667px; font-family: Calibri, sans-serif; color: #1fa32b;\">\u00a0\u00a0\u00a0 R\u00e9f<\/span><\/th>\n<th style=\"padding: 8px; line-height: 18px; text-align: left; vertical-align: bottom; border-top: 0px;\" scope=\"col\"><span style=\"font-size: 11pt; line-height: 16.8667px; font-family: Calibri, sans-serif; color: #1fa32b;\">Lien de T\u00e9l\u00e9chargement<\/span><\/th>\n<\/tr>\n<\/thead>\n<tbody>\n<tr>\n<th style=\"padding: 8px; line-height: 18px; text-align: left; vertical-align: top; background-color: #f9f9f9;\" scope=\"row\">1<\/th>\n<td style=\"padding: 8px; line-height: 18px; text-align: left; vertical-align: top; background-color: #f9f9f9;\">\n<p>Proc\u00e8s-Verbal de la r\u00e9union du Comit\u00e9 P\u00e9dagogique de Coordination<\/p>\n<\/td>\n<td style=\"padding: 8px; line-height: 18px; text-align: left; vertical-align: top; background-color: #f9f9f9;\">PV CPC N\u00b0 01<\/td>\n<td style=\"padding: 8px; line-height: 18px; text-align: left; vertical-align: top; background-color: #f9f9f9;\">\n<p>\u00a0\u00a0 \u00a0<a href=\"https:\/\/www.univ-usto.dz\/faculte\/fac-snv\/wp-content\/uploads\/2024\/02\/PV-CPC-N\u00b01-L3-Genetique_S5_SNV-2023-2024-1.pdf\">T\u00e9l\u00e9charger<\/a><\/p>\n<\/td>\n<\/tr>\n<tr>\n<th style=\"padding: 8px; line-height: 18px; text-align: left; vertical-align: top;\" scope=\"row\">2<\/th>\n<td style=\"padding: 8px; line-height: 18px; text-align: left; vertical-align: top;\">Proc\u00e8s-Verbal de la r\u00e9union du Comit\u00e9 P\u00e9dagogique de Coordination<\/td>\n<td style=\"padding: 8px; line-height: 18px; text-align: left; vertical-align: top;\">PV CPC N\u00b0 02<\/td>\n<td style=\"padding: 8px; line-height: 18px; text-align: left; vertical-align: top;\">\u00a0\u00a0 \u00a0\u00a0\n<p>\u00a0 \u00a0 <a href=\"https:\/\/www.univ-usto.dz\/faculte\/fac-snv\/wp-content\/uploads\/2024\/02\/PV-CPC-N\u00b02-L3-Genetique_S5_SNV-2023-2024.pdf\">T\u00e9l\u00e9charger<\/a><\/p>\n<\/td>\n<\/tr>\n<tr>\n<th style=\"padding: 8px; line-height: 18px; text-align: left; vertical-align: top; background-color: #f9f9f9;\" scope=\"row\">3<\/th>\n<td style=\"padding: 8px; line-height: 18px; text-align: left; vertical-align: top; background-color: #f9f9f9;\">Proc\u00e8s-verbal de la premi\u00e8re r\u00e9union du premier semestre du Comit\u00e9 P\u00e9dagogique de Coordination<\/td>\n<td style=\"padding: 8px; line-height: 18px; text-align: left; vertical-align: top; background-color: #f9f9f9;\">\n<p>CPC N\u00b0 01<\/p>\n<\/td>\n<td style=\"padding: 8px; line-height: 18px; text-align: left; vertical-align: top; background-color: #f9f9f9;\">\n<p>\u00a0 \u00a0\u00a0<a href=\"https:\/\/www.univ-usto.dz\/faculte\/fac-snv\/wp-content\/uploads\/2024\/02\/PV-CPC-N\u00b01-M1-GFACyto_S1_2022-2023.pdf\">T\u00e9l\u00e9charger<\/a><\/p>\n<\/td>\n<\/tr>\n<tr>\n<th style=\"padding: 8px; line-height: 18px; text-align: left; vertical-align: top;\" scope=\"row\">4<\/th>\n<td style=\"padding: 8px; line-height: 18px; text-align: left; vertical-align: top;\">\u00a0<\/td>\n<td style=\"padding: 8px; line-height: 18px; text-align: left; vertical-align: top;\">\u00a0<\/td>\n<td style=\"padding: 8px; line-height: 18px; text-align: left; vertical-align: top;\">\u00a0<\/td>\n<\/tr>\n<tr>\n<th style=\"padding: 8px; line-height: 18px; text-align: left; vertical-align: top; background-color: #f9f9f9;\" scope=\"row\">5<\/th>\n<td style=\"padding: 8px; line-height: 18px; text-align: left; vertical-align: top; background-color: #f9f9f9;\">\u00a0<\/td>\n<td style=\"padding: 8px; line-height: 18px; text-align: left; vertical-align: top; background-color: #f9f9f9;\">\u00a0<\/td>\n<td style=\"padding: 8px; line-height: 18px; text-align: left; vertical-align: top; background-color: #f9f9f9;\">\u00a0<\/td>\n<\/tr>\n<\/tbody>\n<\/table>\n<\/div>\n<\/div>\n<\/div>\n<\/div>\t\t\t\t\t\t\t\t<\/div>\n\t\t\t\t<\/div>\n\t\t\t\t\t<\/div>\n\t\t<\/div>\n\t\t\t\t\t<\/div>\n\t\t<\/section>\n\t\t\t\t<\/div>\n\t\t","protected":false},"excerpt":{"rendered":"<p>PV CSF \u00a0 # \u00a0Intitul\u00e9 \u00a0\u00a0\u00a0 R\u00e9f Lien de T\u00e9l\u00e9chargement 1 Proc\u00e8s-Verbal de la r\u00e9union du Comit\u00e9 P\u00e9dagogique de Coordination PV CPC N\u00b0 01 \u00a0\u00a0 \u00a0T\u00e9l\u00e9charger 2 Proc\u00e8s-Verbal de la <a href=\"https:\/\/www.univ-usto.dz\/faculte\/fac-snv\/pv-du-cpc\/\" class=\"read-more\">Lire la suite &#8230;<\/a><\/p>\n","protected":false},"author":18,"featured_media":0,"parent":0,"menu_order":0,"comment_status":"closed","ping_status":"closed","template":"","meta":{"footnotes":""},"class_list":["post-12712","page","type-page","status-publish","hentry"],"_links":{"self":[{"href":"https:\/\/www.univ-usto.dz\/faculte\/fac-snv\/wp-json\/wp\/v2\/pages\/12712","targetHints":{"allow":["GET"]}}],"collection":[{"href":"https:\/\/www.univ-usto.dz\/faculte\/fac-snv\/wp-json\/wp\/v2\/pages"}],"about":[{"href":"https:\/\/www.univ-usto.dz\/faculte\/fac-snv\/wp-json\/wp\/v2\/types\/page"}],"author":[{"embeddable":true,"href":"https:\/\/www.univ-usto.dz\/faculte\/fac-snv\/wp-json\/wp\/v2\/users\/18"}],"replies":[{"embeddable":true,"href":"https:\/\/www.univ-usto.dz\/faculte\/fac-snv\/wp-json\/wp\/v2\/comments?post=12712"}],"version-history":[{"count":7,"href":"https:\/\/www.univ-usto.dz\/faculte\/fac-snv\/wp-json\/wp\/v2\/pages\/12712\/revisions"}],"predecessor-version":[{"id":12723,"href":"https:\/\/www.univ-usto.dz\/faculte\/fac-snv\/wp-json\/wp\/v2\/pages\/12712\/revisions\/12723"}],"wp:attachment":[{"href":"https:\/\/www.univ-usto.dz\/faculte\/fac-snv\/wp-json\/wp\/v2\/media?parent=12712"}],"curies":[{"name":"wp","href":"https:\/\/api.w.org\/{rel}","templated":true}]}}