{"id":13082,"date":"2024-09-22T10:30:01","date_gmt":"2024-09-22T10:30:01","guid":{"rendered":"https:\/\/www.univ-usto.dz\/faculte\/fac-snv\/?page_id=13082"},"modified":"2024-10-02T09:57:57","modified_gmt":"2024-10-02T09:57:57","slug":"%d8%ac%d9%84%d8%b3%d8%a9-%d8%b9%d9%85%d9%84-%d8%ad%d9%88%d9%84-%d8%a5%d8%b9%d8%a7%d8%af%d8%a9-%d8%aa%d8%a3%d9%87%d9%8a%d9%84-%d8%ba%d8%a7%d8%a8%d8%a9-%d8%a7%d9%84%d8%ac%d8%a7%d9%85%d8%b9%d8%a9","status":"publish","type":"page","link":"https:\/\/www.univ-usto.dz\/faculte\/fac-snv\/%d8%ac%d9%84%d8%b3%d8%a9-%d8%b9%d9%85%d9%84-%d8%ad%d9%88%d9%84-%d8%a5%d8%b9%d8%a7%d8%af%d8%a9-%d8%aa%d8%a3%d9%87%d9%8a%d9%84-%d8%ba%d8%a7%d8%a8%d8%a9-%d8%a7%d9%84%d8%ac%d8%a7%d9%85%d8%b9%d8%a9\/","title":{"rendered":"une s\u00e9ance de travail sur la r\u00e9habilitation de la for\u00eat de l\u2019USTO-MB."},"content":{"rendered":"\t\t<div data-elementor-type=\"wp-page\" data-elementor-id=\"13082\" class=\"elementor elementor-13082\">\n\t\t\t\t\t\t<section class=\"elementor-section elementor-top-section elementor-element elementor-element-5c95902 elementor-section-boxed elementor-section-height-default elementor-section-height-default\" data-id=\"5c95902\" data-element_type=\"section\">\n\t\t\t\t\t\t<div class=\"elementor-container elementor-column-gap-default\">\n\t\t\t\t\t<div class=\"elementor-column elementor-col-100 elementor-top-column elementor-element elementor-element-a117bab\" data-id=\"a117bab\" data-element_type=\"column\">\n\t\t\t<div class=\"elementor-widget-wrap elementor-element-populated\">\n\t\t\t\t\t\t<div class=\"elementor-element elementor-element-bcf7757 elementor-widget elementor-widget-image\" data-id=\"bcf7757\" data-element_type=\"widget\" data-widget_type=\"image.default\">\n\t\t\t\t<div class=\"elementor-widget-container\">\n\t\t\t\t\t\t\t\t\t\t\t\t\t\t\t<img fetchpriority=\"high\" decoding=\"async\" width=\"847\" height=\"476\" src=\"https:\/\/www.univ-usto.dz\/faculte\/fac-snv\/wp-content\/uploads\/2024\/09\/Presentation4.pptx11-1024x576.jpg\" class=\"attachment-large size-large wp-image-13084\" alt=\"\" srcset=\"https:\/\/www.univ-usto.dz\/faculte\/fac-snv\/wp-content\/uploads\/2024\/09\/Presentation4.pptx11-1024x576.jpg 1024w, https:\/\/www.univ-usto.dz\/faculte\/fac-snv\/wp-content\/uploads\/2024\/09\/Presentation4.pptx11-300x169.jpg 300w, https:\/\/www.univ-usto.dz\/faculte\/fac-snv\/wp-content\/uploads\/2024\/09\/Presentation4.pptx11-768x432.jpg 768w, https:\/\/www.univ-usto.dz\/faculte\/fac-snv\/wp-content\/uploads\/2024\/09\/Presentation4.pptx11-1536x864.jpg 1536w, https:\/\/www.univ-usto.dz\/faculte\/fac-snv\/wp-content\/uploads\/2024\/09\/Presentation4.pptx11-2048x1152.jpg 2048w, https:\/\/www.univ-usto.dz\/faculte\/fac-snv\/wp-content\/uploads\/2024\/09\/Presentation4.pptx11-360x202.jpg 360w, https:\/\/www.univ-usto.dz\/faculte\/fac-snv\/wp-content\/uploads\/2024\/09\/Presentation4.pptx11-24x13.jpg 24w, https:\/\/www.univ-usto.dz\/faculte\/fac-snv\/wp-content\/uploads\/2024\/09\/Presentation4.pptx11-36x20.jpg 36w, https:\/\/www.univ-usto.dz\/faculte\/fac-snv\/wp-content\/uploads\/2024\/09\/Presentation4.pptx11-48x27.jpg 48w\" sizes=\"(max-width: 847px) 100vw, 847px\" \/>\t\t\t\t\t\t\t\t\t\t\t\t\t\t\t<\/div>\n\t\t\t\t<\/div>\n\t\t\t\t\t<\/div>\n\t\t<\/div>\n\t\t\t\t\t<\/div>\n\t\t<\/section>\n\t\t\t\t<section class=\"elementor-section elementor-top-section elementor-element elementor-element-e6fb7bd elementor-section-boxed elementor-section-height-default elementor-section-height-default\" data-id=\"e6fb7bd\" data-element_type=\"section\">\n\t\t\t\t\t\t<div class=\"elementor-container elementor-column-gap-default\">\n\t\t\t\t\t<div class=\"elementor-column elementor-col-100 elementor-top-column elementor-element elementor-element-b13db1d\" data-id=\"b13db1d\" data-element_type=\"column\">\n\t\t\t<div class=\"elementor-widget-wrap elementor-element-populated\">\n\t\t\t\t\t\t<div class=\"elementor-element elementor-element-a89201a elementor-widget elementor-widget-image\" data-id=\"a89201a\" data-element_type=\"widget\" data-widget_type=\"image.default\">\n\t\t\t\t<div class=\"elementor-widget-container\">\n\t\t\t\t\t\t\t\t\t\t\t\t\t\t\t<img decoding=\"async\" width=\"847\" height=\"476\" src=\"https:\/\/www.univ-usto.dz\/faculte\/fac-snv\/wp-content\/uploads\/2024\/09\/Presentation5-1024x576.jpg\" class=\"attachment-large size-large wp-image-13086\" alt=\"\" srcset=\"https:\/\/www.univ-usto.dz\/faculte\/fac-snv\/wp-content\/uploads\/2024\/09\/Presentation5-1024x576.jpg 1024w, https:\/\/www.univ-usto.dz\/faculte\/fac-snv\/wp-content\/uploads\/2024\/09\/Presentation5-300x169.jpg 300w, https:\/\/www.univ-usto.dz\/faculte\/fac-snv\/wp-content\/uploads\/2024\/09\/Presentation5-768x432.jpg 768w, https:\/\/www.univ-usto.dz\/faculte\/fac-snv\/wp-content\/uploads\/2024\/09\/Presentation5-1536x864.jpg 1536w, https:\/\/www.univ-usto.dz\/faculte\/fac-snv\/wp-content\/uploads\/2024\/09\/Presentation5-2048x1152.jpg 2048w, https:\/\/www.univ-usto.dz\/faculte\/fac-snv\/wp-content\/uploads\/2024\/09\/Presentation5-360x202.jpg 360w, https:\/\/www.univ-usto.dz\/faculte\/fac-snv\/wp-content\/uploads\/2024\/09\/Presentation5-24x13.jpg 24w, https:\/\/www.univ-usto.dz\/faculte\/fac-snv\/wp-content\/uploads\/2024\/09\/Presentation5-36x20.jpg 36w, https:\/\/www.univ-usto.dz\/faculte\/fac-snv\/wp-content\/uploads\/2024\/09\/Presentation5-48x27.jpg 48w\" sizes=\"(max-width: 847px) 100vw, 847px\" \/>\t\t\t\t\t\t\t\t\t\t\t\t\t\t\t<\/div>\n\t\t\t\t<\/div>\n\t\t\t\t\t<\/div>\n\t\t<\/div>\n\t\t\t\t\t<\/div>\n\t\t<\/section>\n\t\t\t\t<section class=\"elementor-section elementor-top-section elementor-element elementor-element-8d27821 elementor-section-boxed elementor-section-height-default elementor-section-height-default\" data-id=\"8d27821\" data-element_type=\"section\">\n\t\t\t\t\t\t<div class=\"elementor-container elementor-column-gap-default\">\n\t\t\t\t\t<div class=\"elementor-column elementor-col-100 elementor-top-column elementor-element elementor-element-926f598\" data-id=\"926f598\" data-element_type=\"column\">\n\t\t\t<div class=\"elementor-widget-wrap elementor-element-populated\">\n\t\t\t\t\t\t<div class=\"elementor-element elementor-element-641c638 elementor-widget elementor-widget-text-editor\" data-id=\"641c638\" data-element_type=\"widget\" data-widget_type=\"text-editor.default\">\n\t\t\t\t<div class=\"elementor-widget-container\">\n\t\t\t\t\t\t\t\t\t<p>\u00a0<\/p><p style=\"text-align: center;\">Le dimanche 15 septembre 2024, M. le Pr. HAMOU Ahmed, Recteur de l\u2019USTO-MB a pr\u00e9sid\u00e9 une s\u00e9ance de travail sur la r\u00e9habilitation de la for\u00eat de l\u2019USTO-MB.<\/p><p style=\"text-align: center;\">Ont particip\u00e9 \u00e0 cette s\u00e9ance de travail ; Pr. DJABEUR Abderezak, Doyen de la FSNV, USTO-MB, Dr. KRALAFA Djamel, Ecologie V\u00e9g\u00e9tale FSNV, USTO-MB, Mme MAZOUZ Oum Kaltoum, Responsable de l\u2019Environnement \u00e0 l\u2019USTO-MB, SOUFI R\u00e9da, Repr\u00e9sentant Sonatrach, BENGUEMERI Habib Alla, Repr\u00e9sentant Sonatrach LQS, BELKACEM, Prestataire, SABRI Sa\u00efd, Paysagiste de l\u2019Entreprise et SABEUR Abderrazak.<\/p><p style=\"text-align: center;\">Il a \u00e9t\u00e9 question de plantation d\u2019arbres qui rentre dans le cadre de la r\u00e9duction des gaz \u00e0 effet de serre, de fixation de CO2 et du type d\u2019arbres \u00e0 planter. Privil\u00e9gier les vari\u00e9t\u00e9s non exigeantes en eau en pr\u00e9voyant un contrat d\u2019arrosage annuel. Il est bien entendu \u00e9vidant de faire au pr\u00e9alable une \u00e9tude de sol. Dana le cadre de l\u2019am\u00e9nagement de la for\u00eat, il a \u00e9t\u00e9 aussi question d\u2019ouvrir des pistes. Il a aussi \u00e9t\u00e9 recommand\u00e9 d\u2019effectuer un chaulage une fois par an pour prot\u00e9ger l\u2019arbre et de cr\u00e9er des cuvettes pour arrosage.<\/p><p style=\"text-align: center;\">La d\u00e9l\u00e9gation ensuite visit\u00e9 la p\u00e9pini\u00e8re, la zone 03 de la for\u00eat (cot\u00e9 parc) et la zone 01 de la for\u00eat (cot\u00e9 FSNV).<\/p><p style=\"text-align: center;\">Une s\u00e9ance de travail aura lieu le jeudi 19 septembre 2024 en pr\u00e9sence de M. le Conservateur de la for\u00eat. Il s\u2019agira de faire une synth\u00e8se du travail r\u00e9alis\u00e9 \u00e0 ce jour et d\u2019\u00e9tablir un plan d\u2019action sur le travail qui reste \u00e0 faire suite au marquage et \u00e0 l\u2019abattage des arbres contamin\u00e9s par le Scolyte. En ce qui concerne le tra\u00e7age des pistes \u00e0 l\u2019int\u00e9rieur de la for\u00eat, il a \u00e9t\u00e9 observ\u00e9 qu\u2019il reste une partie d&rsquo;\u00e9lagage.<\/p><p>\u00a0<\/p>\t\t\t\t\t\t\t\t<\/div>\n\t\t\t\t<\/div>\n\t\t\t\t\t<\/div>\n\t\t<\/div>\n\t\t\t\t\t<\/div>\n\t\t<\/section>\n\t\t\t\t<\/div>\n\t\t","protected":false},"excerpt":{"rendered":"<p>\u00a0 Le dimanche 15 septembre 2024, M. le Pr. HAMOU Ahmed, Recteur de l\u2019USTO-MB a pr\u00e9sid\u00e9 une s\u00e9ance de travail sur la r\u00e9habilitation de la for\u00eat de l\u2019USTO-MB. Ont particip\u00e9 <a href=\"https:\/\/www.univ-usto.dz\/faculte\/fac-snv\/%d8%ac%d9%84%d8%b3%d8%a9-%d8%b9%d9%85%d9%84-%d8%ad%d9%88%d9%84-%d8%a5%d8%b9%d8%a7%d8%af%d8%a9-%d8%aa%d8%a3%d9%87%d9%8a%d9%84-%d8%ba%d8%a7%d8%a8%d8%a9-%d8%a7%d9%84%d8%ac%d8%a7%d9%85%d8%b9%d8%a9\/\" class=\"read-more\">Lire la suite &#8230;<\/a><\/p>\n","protected":false},"author":18,"featured_media":0,"parent":0,"menu_order":0,"comment_status":"closed","ping_status":"closed","template":"","meta":{"footnotes":""},"class_list":["post-13082","page","type-page","status-publish","hentry"],"_links":{"self":[{"href":"https:\/\/www.univ-usto.dz\/faculte\/fac-snv\/wp-json\/wp\/v2\/pages\/13082","targetHints":{"allow":["GET"]}}],"collection":[{"href":"https:\/\/www.univ-usto.dz\/faculte\/fac-snv\/wp-json\/wp\/v2\/pages"}],"about":[{"href":"https:\/\/www.univ-usto.dz\/faculte\/fac-snv\/wp-json\/wp\/v2\/types\/page"}],"author":[{"embeddable":true,"href":"https:\/\/www.univ-usto.dz\/faculte\/fac-snv\/wp-json\/wp\/v2\/users\/18"}],"replies":[{"embeddable":true,"href":"https:\/\/www.univ-usto.dz\/faculte\/fac-snv\/wp-json\/wp\/v2\/comments?post=13082"}],"version-history":[{"count":8,"href":"https:\/\/www.univ-usto.dz\/faculte\/fac-snv\/wp-json\/wp\/v2\/pages\/13082\/revisions"}],"predecessor-version":[{"id":13147,"href":"https:\/\/www.univ-usto.dz\/faculte\/fac-snv\/wp-json\/wp\/v2\/pages\/13082\/revisions\/13147"}],"wp:attachment":[{"href":"https:\/\/www.univ-usto.dz\/faculte\/fac-snv\/wp-json\/wp\/v2\/media?parent=13082"}],"curies":[{"name":"wp","href":"https:\/\/api.w.org\/{rel}","templated":true}]}}