{"id":13296,"date":"2025-06-14T11:39:57","date_gmt":"2025-06-14T11:39:57","guid":{"rendered":"https:\/\/www.univ-usto.dz\/faculte\/fac-snv\/?page_id=13296"},"modified":"2025-06-14T11:44:28","modified_gmt":"2025-06-14T11:44:28","slug":"avis-aux-etudiants-4","status":"publish","type":"page","link":"https:\/\/www.univ-usto.dz\/faculte\/fac-snv\/avis-aux-etudiants-4\/","title":{"rendered":"Avis aux \u00e9tudiants"},"content":{"rendered":"\t\t<div data-elementor-type=\"wp-page\" data-elementor-id=\"13296\" class=\"elementor elementor-13296\">\n\t\t\t\t\t\t<section class=\"elementor-section elementor-top-section elementor-element elementor-element-65f957e elementor-section-boxed elementor-section-height-default elementor-section-height-default\" data-id=\"65f957e\" data-element_type=\"section\">\n\t\t\t\t\t\t<div class=\"elementor-container elementor-column-gap-default\">\n\t\t\t\t\t<div class=\"elementor-column elementor-col-100 elementor-top-column elementor-element elementor-element-7890cb0\" data-id=\"7890cb0\" data-element_type=\"column\">\n\t\t\t<div class=\"elementor-widget-wrap elementor-element-populated\">\n\t\t\t\t\t\t<div class=\"elementor-element elementor-element-50858eb elementor-widget elementor-widget-text-editor\" data-id=\"50858eb\" data-element_type=\"widget\" data-widget_type=\"text-editor.default\">\n\t\t\t\t<div class=\"elementor-widget-container\">\n\t\t\t\t\t\t\t\t\t<p align=\"center\" style=\"text-align:center\"><br><\/p><p align=\"center\" style=\"text-align:center\">Les \u00e9tudiants de L1-L2 sont invit\u00e9s \u00e0<br>\nremplir le <strong data-start=\"308\" data-end=\"358\">formulaire d\u2019orientation)<\/strong><br>\npour l\u2019ann\u00e9e universitaire <strong data-start=\"386\" data-end=\"399\">2025\/2026<\/strong>,<br>\nvia le lien suivant :<\/p><p align=\"center\" style=\"text-align:center\"><a href=\"https:\/\/docs.google.com\/forms\/d\/e\/1FAIpQLSeB91CAsE4l_JmIJ5mLgkRuwPqKosZm9EQ-V_MsPOICXbWtWQ\/viewform?usp=header\" target=\"_new\" data-start=\"428\" data-end=\"574\">Formulaire d\u2019orientation L1 \u2192 L2<\/a><o:p><\/o:p><\/p>\n<p align=\"center\" style=\"text-align:center\"><strong>Date limite : 22 juin 2025<\/strong><o:p><\/o:p><\/p>\n<p align=\"center\" style=\"text-align:center\" data-start=\"611\" data-end=\"639\"><a href=\"https:\/\/docs.google.com\/forms\/d\/e\/1FAIpQLSdArKOQsZRdvmFGiPl5LZiN5_dBJ_erAd8BHA5_hJY7GCGA9g\/viewform?usp=header\" target=\"_new\">Formulaire d\u2019orientation L2 SB \u2192 L3<\/a><o:p><\/o:p><\/p>\n<p align=\"center\" style=\"text-align:center\" data-start=\"602\" data-end=\"649\"><strong data-start=\"605\" data-end=\"649\">Date limite de soumission : 22 juin 2025<\/strong><o:p><\/o:p><\/p>\n<p><\/p>\n<p align=\"center\" style=\"text-align:center\" data-start=\"651\" data-end=\"679\">Merci de<br>\nrespecter ce d\u00e9lai.<o:p><\/o:p><\/p>\t\t\t\t\t\t\t\t<\/div>\n\t\t\t\t<\/div>\n\t\t\t\t\t<\/div>\n\t\t<\/div>\n\t\t\t\t\t<\/div>\n\t\t<\/section>\n\t\t\t\t<\/div>\n\t\t","protected":false},"excerpt":{"rendered":"<p>Les \u00e9tudiants de L1-L2 sont invit\u00e9s \u00e0 remplir le formulaire d\u2019orientation) pour l\u2019ann\u00e9e universitaire 2025\/2026, via le lien suivant : Formulaire d\u2019orientation L1 \u2192 L2 Date limite : 22 juin <a href=\"https:\/\/www.univ-usto.dz\/faculte\/fac-snv\/avis-aux-etudiants-4\/\" class=\"read-more\">Lire la suite &#8230;<\/a><\/p>\n","protected":false},"author":18,"featured_media":0,"parent":0,"menu_order":0,"comment_status":"closed","ping_status":"closed","template":"","meta":{"footnotes":""},"class_list":["post-13296","page","type-page","status-publish","hentry"],"_links":{"self":[{"href":"https:\/\/www.univ-usto.dz\/faculte\/fac-snv\/wp-json\/wp\/v2\/pages\/13296","targetHints":{"allow":["GET"]}}],"collection":[{"href":"https:\/\/www.univ-usto.dz\/faculte\/fac-snv\/wp-json\/wp\/v2\/pages"}],"about":[{"href":"https:\/\/www.univ-usto.dz\/faculte\/fac-snv\/wp-json\/wp\/v2\/types\/page"}],"author":[{"embeddable":true,"href":"https:\/\/www.univ-usto.dz\/faculte\/fac-snv\/wp-json\/wp\/v2\/users\/18"}],"replies":[{"embeddable":true,"href":"https:\/\/www.univ-usto.dz\/faculte\/fac-snv\/wp-json\/wp\/v2\/comments?post=13296"}],"version-history":[{"count":4,"href":"https:\/\/www.univ-usto.dz\/faculte\/fac-snv\/wp-json\/wp\/v2\/pages\/13296\/revisions"}],"predecessor-version":[{"id":13300,"href":"https:\/\/www.univ-usto.dz\/faculte\/fac-snv\/wp-json\/wp\/v2\/pages\/13296\/revisions\/13300"}],"wp:attachment":[{"href":"https:\/\/www.univ-usto.dz\/faculte\/fac-snv\/wp-json\/wp\/v2\/media?parent=13296"}],"curies":[{"name":"wp","href":"https:\/\/api.w.org\/{rel}","templated":true}]}}