{"id":13451,"date":"2025-10-21T09:58:36","date_gmt":"2025-10-21T09:58:36","guid":{"rendered":"https:\/\/www.univ-usto.dz\/faculte\/fac-snv\/?page_id=13451"},"modified":"2025-10-21T10:10:33","modified_gmt":"2025-10-21T10:10:33","slug":"guide-dacces-a-la-messagerie-etudiante-de-lusto-mb","status":"publish","type":"page","link":"https:\/\/www.univ-usto.dz\/faculte\/fac-snv\/guide-dacces-a-la-messagerie-etudiante-de-lusto-mb\/","title":{"rendered":"Guide d\u2019acc\u00e8s \u00e0 la messagerie \u00e9tudiante de l\u2019USTO-MB"},"content":{"rendered":"\t\t<div data-elementor-type=\"wp-page\" data-elementor-id=\"13451\" class=\"elementor elementor-13451\">\n\t\t\t\t\t\t<section class=\"elementor-section elementor-top-section elementor-element elementor-element-b88ee8d elementor-section-boxed elementor-section-height-default elementor-section-height-default\" data-id=\"b88ee8d\" data-element_type=\"section\">\n\t\t\t\t\t\t<div class=\"elementor-container elementor-column-gap-default\">\n\t\t\t\t\t<div class=\"elementor-column elementor-col-100 elementor-top-column elementor-element elementor-element-bfe986c\" data-id=\"bfe986c\" data-element_type=\"column\">\n\t\t\t<div class=\"elementor-widget-wrap elementor-element-populated\">\n\t\t\t\t\t\t<div class=\"elementor-element elementor-element-fe0c1e0 elementor-widget elementor-widget-image\" data-id=\"fe0c1e0\" data-element_type=\"widget\" data-widget_type=\"image.default\">\n\t\t\t\t<div class=\"elementor-widget-container\">\n\t\t\t\t\t\t\t\t\t\t\t\t\t\t\t<img fetchpriority=\"high\" decoding=\"async\" width=\"726\" height=\"1024\" src=\"https:\/\/www.univ-usto.dz\/faculte\/fac-snv\/wp-content\/uploads\/2025\/10\/\u062e\u0637\u0648\u0627\u062a-\u0627\u0644\u062d\u0635\u0648\u0644-\u0639\u0644\u0649-\u0627\u0644\u0628\u0631\u064a\u062f-\u0627\u0644\u0627\u0644\u0643\u062a\u0631\u0648\u0646\u064a-726x1024.jpg\" class=\"attachment-large size-large wp-image-13455\" alt=\"\" srcset=\"https:\/\/www.univ-usto.dz\/faculte\/fac-snv\/wp-content\/uploads\/2025\/10\/\u062e\u0637\u0648\u0627\u062a-\u0627\u0644\u062d\u0635\u0648\u0644-\u0639\u0644\u0649-\u0627\u0644\u0628\u0631\u064a\u062f-\u0627\u0644\u0627\u0644\u0643\u062a\u0631\u0648\u0646\u064a-726x1024.jpg 726w, https:\/\/www.univ-usto.dz\/faculte\/fac-snv\/wp-content\/uploads\/2025\/10\/\u062e\u0637\u0648\u0627\u062a-\u0627\u0644\u062d\u0635\u0648\u0644-\u0639\u0644\u0649-\u0627\u0644\u0628\u0631\u064a\u062f-\u0627\u0644\u0627\u0644\u0643\u062a\u0631\u0648\u0646\u064a-213x300.jpg 213w, https:\/\/www.univ-usto.dz\/faculte\/fac-snv\/wp-content\/uploads\/2025\/10\/\u062e\u0637\u0648\u0627\u062a-\u0627\u0644\u062d\u0635\u0648\u0644-\u0639\u0644\u0649-\u0627\u0644\u0628\u0631\u064a\u062f-\u0627\u0644\u0627\u0644\u0643\u062a\u0631\u0648\u0646\u064a-768x1084.jpg 768w, https:\/\/www.univ-usto.dz\/faculte\/fac-snv\/wp-content\/uploads\/2025\/10\/\u062e\u0637\u0648\u0627\u062a-\u0627\u0644\u062d\u0635\u0648\u0644-\u0639\u0644\u0649-\u0627\u0644\u0628\u0631\u064a\u062f-\u0627\u0644\u0627\u0644\u0643\u062a\u0631\u0648\u0646\u064a-1088x1536.jpg 1088w, https:\/\/www.univ-usto.dz\/faculte\/fac-snv\/wp-content\/uploads\/2025\/10\/\u062e\u0637\u0648\u0627\u062a-\u0627\u0644\u062d\u0635\u0648\u0644-\u0639\u0644\u0649-\u0627\u0644\u0628\u0631\u064a\u062f-\u0627\u0644\u0627\u0644\u0643\u062a\u0631\u0648\u0646\u064a-1451x2048.jpg 1451w, https:\/\/www.univ-usto.dz\/faculte\/fac-snv\/wp-content\/uploads\/2025\/10\/\u062e\u0637\u0648\u0627\u062a-\u0627\u0644\u062d\u0635\u0648\u0644-\u0639\u0644\u0649-\u0627\u0644\u0628\u0631\u064a\u062f-\u0627\u0644\u0627\u0644\u0643\u062a\u0631\u0648\u0646\u064a-191x270.jpg 191w, https:\/\/www.univ-usto.dz\/faculte\/fac-snv\/wp-content\/uploads\/2025\/10\/\u062e\u0637\u0648\u0627\u062a-\u0627\u0644\u062d\u0635\u0648\u0644-\u0639\u0644\u0649-\u0627\u0644\u0628\u0631\u064a\u062f-\u0627\u0644\u0627\u0644\u0643\u062a\u0631\u0648\u0646\u064a-17x24.jpg 17w, https:\/\/www.univ-usto.dz\/faculte\/fac-snv\/wp-content\/uploads\/2025\/10\/\u062e\u0637\u0648\u0627\u062a-\u0627\u0644\u062d\u0635\u0648\u0644-\u0639\u0644\u0649-\u0627\u0644\u0628\u0631\u064a\u062f-\u0627\u0644\u0627\u0644\u0643\u062a\u0631\u0648\u0646\u064a-26x36.jpg 26w, https:\/\/www.univ-usto.dz\/faculte\/fac-snv\/wp-content\/uploads\/2025\/10\/\u062e\u0637\u0648\u0627\u062a-\u0627\u0644\u062d\u0635\u0648\u0644-\u0639\u0644\u0649-\u0627\u0644\u0628\u0631\u064a\u062f-\u0627\u0644\u0627\u0644\u0643\u062a\u0631\u0648\u0646\u064a-34x48.jpg 34w, https:\/\/www.univ-usto.dz\/faculte\/fac-snv\/wp-content\/uploads\/2025\/10\/\u062e\u0637\u0648\u0627\u062a-\u0627\u0644\u062d\u0635\u0648\u0644-\u0639\u0644\u0649-\u0627\u0644\u0628\u0631\u064a\u062f-\u0627\u0644\u0627\u0644\u0643\u062a\u0631\u0648\u0646\u064a.jpg 1756w\" sizes=\"(max-width: 726px) 100vw, 726px\" \/>\t\t\t\t\t\t\t\t\t\t\t\t\t\t\t<\/div>\n\t\t\t\t<\/div>\n\t\t\t\t\t<\/div>\n\t\t<\/div>\n\t\t\t\t\t<\/div>\n\t\t<\/section>\n\t\t\t\t<section class=\"elementor-section elementor-top-section elementor-element elementor-element-5fad2a7 elementor-section-boxed elementor-section-height-default elementor-section-height-default\" data-id=\"5fad2a7\" data-element_type=\"section\">\n\t\t\t\t\t\t<div class=\"elementor-container elementor-column-gap-default\">\n\t\t\t\t\t<div class=\"elementor-column elementor-col-100 elementor-top-column elementor-element elementor-element-135cc85\" data-id=\"135cc85\" data-element_type=\"column\">\n\t\t\t<div class=\"elementor-widget-wrap elementor-element-populated\">\n\t\t\t\t\t\t<div class=\"elementor-element elementor-element-37f4312 elementor-widget elementor-widget-text-editor\" data-id=\"37f4312\" data-element_type=\"widget\" data-widget_type=\"text-editor.default\">\n\t\t\t\t<div class=\"elementor-widget-container\">\n\t\t\t\t\t\t\t\t\t<h1 align=\"center\"><span lang=\"EN-US\" style=\"font-size:\n18.0pt;line-height:115%\"><br><\/span><\/h1><h1 align=\"center\"><span lang=\"EN-US\" style=\"font-size:\n18.0pt;line-height:115%\">Comptes Mails pour les Nouveaux et Anciens Bacheliers\n&#8211; USTO-MB<o:p><\/o:p><\/span><\/h1><p>\n\n<\/p><p align=\"center\" style=\"text-align:center\"><span lang=\"EN-US\"><br>\nL\u2019Universit\u00e9 met \u00e0 la disposition de tous les \u00e9tudiants (nouveaux et anciens\nbacheliers) des comptes mails valables durant tout leur cursus universitaire.<br>\nLe domaine utilis\u00e9 est : @etu.univ-usto.dz<br>\n<br>\n<\/span><b><u><span lang=\"EN-US\" style=\"font-size:14.0pt;line-height:115%\">Exemple<\/span><\/u><\/b><span lang=\"EN-US\" style=\"font-size:14.0pt;line-height:115%\"> <\/span><span lang=\"EN-US\">:<br>\n<br>\nMatricule \u00c9tudiant : 232312345678<br>\nDate de Naissance : 04\/10\/2004<br>\nMoyenne du Bac : 12.34<br>\n<br>\n<\/span><b><span lang=\"EN-US\" style=\"font-size:14.0pt;line-height:115%\">Adresse\nmail de l\u2019\u00e9tudiant :<\/span><\/b><span lang=\"EN-US\"><br>\n232312345678@etu.univ-usto.dz<br>\n<\/span><b><span lang=\"EN-US\" style=\"font-size:14.0pt;line-height:115%\"><br>\nMot de passe :<\/span><\/b><span lang=\"EN-US\"><br>\n04\/10\/2004\/12.34<br>\n(les caract\u00e8res \u00ab \/ \u00bb et \u00ab . \u00bb doivent \u00eatre inclus)<br>\n<br>\n<\/span><b><span lang=\"EN-US\" style=\"font-size:14.0pt;line-height:115%\">Remarques\nimportantes :<\/span><\/b><span lang=\"EN-US\"><br>\n&#8211; Pour une moyenne du Bac 13.1, il faut \u00e9crire : 13.10<br>\n&#8211; Pour une moyenne 9.5, il faut \u00e9crire : 09.50<br>\n<br>\n<\/span><b><span lang=\"EN-US\" style=\"font-size:14.0pt;line-height:115%\">Acc\u00e8s \u00e0 la\nmessagerie :<\/span><\/b><span lang=\"EN-US\"><br>\nVeuillez cliquer sur le lien suivant pour acc\u00e9der \u00e0 votre bo\u00eete mail\nuniversitaire :<br>\nhttps:\/\/gmail.google.com\/a\/etu.univ-usto.dz<br>\n<br>\n<\/span><b><span lang=\"EN-US\" style=\"font-size:14.0pt;line-height:115%\">\u00c9tudiants\ntransf\u00e9r\u00e9s :<\/span><\/b><span lang=\"EN-US\"><br>\nLes \u00e9tudiants transf\u00e9r\u00e9s d\u2019une autre universit\u00e9 doivent faire une demande de\ncr\u00e9ation de compte mail via le site web officiel de l\u2019Universit\u00e9 :<br>\nhttps:\/\/www.univ-usto.dz\/messagerie\/<br>\n<!--[if !supportLineBreakNewLine]--><br>\n<!--[endif]--><o:p><\/o:p><\/span><\/p>\t\t\t\t\t\t\t\t<\/div>\n\t\t\t\t<\/div>\n\t\t\t\t\t<\/div>\n\t\t<\/div>\n\t\t\t\t\t<\/div>\n\t\t<\/section>\n\t\t\t\t<\/div>\n\t\t","protected":false},"excerpt":{"rendered":"<p>Comptes Mails pour les Nouveaux et Anciens Bacheliers &#8211; USTO-MB L\u2019Universit\u00e9 met \u00e0 la disposition de tous les \u00e9tudiants (nouveaux et anciens bacheliers) des comptes mails valables durant tout leur <a href=\"https:\/\/www.univ-usto.dz\/faculte\/fac-snv\/guide-dacces-a-la-messagerie-etudiante-de-lusto-mb\/\" class=\"read-more\">Lire la suite &#8230;<\/a><\/p>\n","protected":false},"author":18,"featured_media":0,"parent":0,"menu_order":0,"comment_status":"closed","ping_status":"closed","template":"","meta":{"footnotes":""},"class_list":["post-13451","page","type-page","status-publish","hentry"],"_links":{"self":[{"href":"https:\/\/www.univ-usto.dz\/faculte\/fac-snv\/wp-json\/wp\/v2\/pages\/13451","targetHints":{"allow":["GET"]}}],"collection":[{"href":"https:\/\/www.univ-usto.dz\/faculte\/fac-snv\/wp-json\/wp\/v2\/pages"}],"about":[{"href":"https:\/\/www.univ-usto.dz\/faculte\/fac-snv\/wp-json\/wp\/v2\/types\/page"}],"author":[{"embeddable":true,"href":"https:\/\/www.univ-usto.dz\/faculte\/fac-snv\/wp-json\/wp\/v2\/users\/18"}],"replies":[{"embeddable":true,"href":"https:\/\/www.univ-usto.dz\/faculte\/fac-snv\/wp-json\/wp\/v2\/comments?post=13451"}],"version-history":[{"count":6,"href":"https:\/\/www.univ-usto.dz\/faculte\/fac-snv\/wp-json\/wp\/v2\/pages\/13451\/revisions"}],"predecessor-version":[{"id":13458,"href":"https:\/\/www.univ-usto.dz\/faculte\/fac-snv\/wp-json\/wp\/v2\/pages\/13451\/revisions\/13458"}],"wp:attachment":[{"href":"https:\/\/www.univ-usto.dz\/faculte\/fac-snv\/wp-json\/wp\/v2\/media?parent=13451"}],"curies":[{"name":"wp","href":"https:\/\/api.w.org\/{rel}","templated":true}]}}