{"id":13628,"date":"2026-01-08T09:33:22","date_gmt":"2026-01-08T09:33:22","guid":{"rendered":"https:\/\/www.univ-usto.dz\/faculte\/fac-snv\/?page_id=13628"},"modified":"2026-01-08T09:38:14","modified_gmt":"2026-01-08T09:38:14","slug":"le-vice-decanat","status":"publish","type":"page","link":"https:\/\/www.univ-usto.dz\/faculte\/fac-snv\/le-vice-decanat\/","title":{"rendered":"Le Vice-D\u00e9canat"},"content":{"rendered":"\t\t<div data-elementor-type=\"wp-page\" data-elementor-id=\"13628\" class=\"elementor elementor-13628\">\n\t\t\t\t\t\t<section class=\"elementor-section elementor-top-section elementor-element elementor-element-865249c elementor-section-boxed elementor-section-height-default elementor-section-height-default\" data-id=\"865249c\" data-element_type=\"section\">\n\t\t\t\t\t\t<div class=\"elementor-container elementor-column-gap-default\">\n\t\t\t\t\t<div class=\"elementor-column elementor-col-100 elementor-top-column elementor-element elementor-element-4e4c079\" data-id=\"4e4c079\" data-element_type=\"column\">\n\t\t\t<div class=\"elementor-widget-wrap elementor-element-populated\">\n\t\t\t\t\t\t<div class=\"elementor-element elementor-element-011d03f elementor-widget elementor-widget-text-editor\" data-id=\"011d03f\" data-element_type=\"widget\" data-widget_type=\"text-editor.default\">\n\t\t\t\t<div class=\"elementor-widget-container\">\n\t\t\t\t\t\t\t\t\t<p class=\"MsoNormal\" style=\"mso-margin-top-alt: auto; mso-margin-bottom-alt: auto; text-align: center; line-height: normal; mso-outline-level: 2;\" align=\"center\">\u00a0<\/p><p class=\"MsoNormal\" style=\"mso-margin-top-alt: auto; mso-margin-bottom-alt: auto; line-height: normal;\"><span style=\"font-size: 12.0pt; font-family: 'Times New Roman',serif; mso-fareast-font-family: 'Times New Roman'; mso-fareast-language: FR;\">Le Vice-d\u00e9canat \u0153uvre \u00e0 assister le <b>Doyen<\/b> dans l&rsquo;exercice de ses fonctions, sous la supervision directe du Vice-doyen et de ses services. Rattach\u00e9 \u00e0 la facult\u00e9, le vice-d\u00e9canat fournit des services administratifs et p\u00e9dagogiques aux \u00e9tudiants de la graduation (Licence, Master), de la post-graduation (Doctorat), ainsi qu\u2019aux chercheurs, \u00e0 travers le Vice-doyen et ses services administratifs :<\/span><\/p><p class=\"MsoNormal\" style=\"mso-margin-top-alt: auto; mso-margin-bottom-alt: auto; line-height: normal; mso-outline-level: 3;\"><b><span style=\"font-size: 13.5pt; font-family: 'Times New Roman',serif; mso-fareast-font-family: 'Times New Roman'; mso-fareast-language: FR;\">1. Vice-doyen charg\u00e9 des \u00e9tudes et des questions li\u00e9es aux \u00e9tudiants<\/span><\/b><\/p><p class=\"MsoNormal\" style=\"mso-margin-top-alt: auto; mso-margin-bottom-alt: auto; line-height: normal;\"><b><span style=\"font-size: 12.0pt; font-family: 'Times New Roman',serif; mso-fareast-font-family: 'Times New Roman'; mso-fareast-language: FR;\">Mme. ABDI Meriem<\/span><\/b><\/p><ul type=\"disc\"><li class=\"MsoNormal\" style=\"mso-margin-top-alt: auto; mso-margin-bottom-alt: auto; line-height: normal; mso-list: l1 level1 lfo1; tab-stops: list 36.0pt;\"><b><span style=\"font-size: 12.0pt; font-family: 'Times New Roman',serif; mso-fareast-font-family: 'Times New Roman'; mso-fareast-language: FR;\">Missions du Vice-doyen charg\u00e9 des \u00e9tudes et des questions li\u00e9es aux \u00e9tudiants :<\/span><\/b><span style=\"font-size: 12.0pt; font-family: 'Times New Roman',serif; mso-fareast-font-family: 'Times New Roman'; mso-fareast-language: FR;\"> Conform\u00e9ment \u00e0 l&rsquo;arr\u00eat\u00e9 minist\u00e9riel du 08 Rajab 1425, correspondant au 24 ao\u00fbt 2004, fixant l\u2019organisation administrative de la direction de l\u2019universit\u00e9, de la facult\u00e9, de l\u2019institut, de l\u2019annexe universitaire et des services communs (Article 22) :<\/span><ol start=\"1\" type=\"1\"><li class=\"MsoNormal\" style=\"mso-margin-top-alt: auto; mso-margin-bottom-alt: auto; line-height: normal; mso-list: l1 level2 lfo1; tab-stops: list 72.0pt;\"><span style=\"font-size: 12.0pt; font-family: 'Times New Roman',serif; mso-fareast-font-family: 'Times New Roman'; mso-fareast-language: FR;\">Assurer la gestion et le suivi des inscriptions des \u00e9tudiants de graduation.<\/span><\/li><li class=\"MsoNormal\" style=\"mso-margin-top-alt: auto; mso-margin-bottom-alt: auto; line-height: normal; mso-list: l1 level2 lfo1; tab-stops: list 72.0pt;\"><span style=\"font-size: 12.0pt; font-family: 'Times New Roman',serif; mso-fareast-font-family: 'Times New Roman'; mso-fareast-language: FR;\">Suivre le d\u00e9roulement des activit\u00e9s d\u2019enseignement et prendre ou proposer au doyen toute mesure visant leur am\u00e9lioration.<\/span><\/li><li class=\"MsoNormal\" style=\"mso-margin-top-alt: auto; mso-margin-bottom-alt: auto; line-height: normal; mso-list: l1 level2 lfo1; tab-stops: list 72.0pt;\"><span style=\"font-size: 12.0pt; font-family: 'Times New Roman',serif; mso-fareast-font-family: 'Times New Roman'; mso-fareast-language: FR;\">Tenir le fichier nominatif et statistique des \u00e9tudiants.<\/span><\/li><li class=\"MsoNormal\" style=\"mso-margin-top-alt: auto; mso-margin-bottom-alt: auto; line-height: normal; mso-list: l1 level2 lfo1; tab-stops: list 72.0pt;\"><span style=\"font-size: 12.0pt; font-family: 'Times New Roman',serif; mso-fareast-font-family: 'Times New Roman'; mso-fareast-language: FR;\">Collecter, traiter et diffuser l\u2019information p\u00e9dagogique au profit des \u00e9tudiants.<\/span><\/li><\/ol><\/li><\/ul><div class=\"MsoNormal\" style=\"margin-bottom: .0001pt; text-align: center; line-height: normal;\" align=\"center\"><hr align=\"center\" size=\"2\" width=\"100%\" \/><\/div><p class=\"MsoNormal\" style=\"mso-margin-top-alt: auto; mso-margin-bottom-alt: auto; line-height: normal; mso-outline-level: 3;\"><b><span style=\"font-size: 13.5pt; font-family: 'Times New Roman',serif; mso-fareast-font-family: 'Times New Roman'; mso-fareast-language: FR;\">2. Vice-doyen charg\u00e9 de la post-graduation, de la recherche scientifique et des relations ext\u00e9rieures<\/span><\/b><\/p><p class=\"MsoNormal\"><b><span style=\"font-size: 12.0pt; line-height: 115%; font-family: 'Times New Roman',serif; mso-fareast-font-family: 'Times New Roman'; mso-fareast-language: FR;\">M. <\/span><\/b><b><span style=\"font-family: 'Times New Roman',serif; mso-ascii-theme-font: major-bidi; mso-fareast-font-family: 'Times New Roman'; mso-hansi-theme-font: major-bidi; mso-bidi-theme-font: major-bidi; color: black; mso-themecolor: text1; mso-fareast-language: FR;\">KHERRAZ ALI<\/span><\/b><\/p><ul type=\"disc\"><li class=\"MsoNormal\" style=\"mso-margin-top-alt: auto; mso-margin-bottom-alt: auto; line-height: normal; mso-list: l0 level1 lfo2; tab-stops: list 36.0pt;\"><b><span style=\"font-size: 12.0pt; font-family: 'Times New Roman',serif; mso-fareast-font-family: 'Times New Roman'; mso-fareast-language: FR;\">Missions du Vice-doyen charg\u00e9 de la post-graduation, de la recherche scientifique et des relations ext\u00e9rieures :<\/span><\/b><span style=\"font-size: 12.0pt; font-family: 'Times New Roman',serif; mso-fareast-font-family: 'Times New Roman'; mso-fareast-language: FR;\"> Conform\u00e9ment \u00e0 l&rsquo;arr\u00eat\u00e9 minist\u00e9riel du 08 Rajab 1425, correspondant au 24 ao\u00fbt 2004, fixant l\u2019organisation administrative de la direction de l\u2019universit\u00e9, de la facult\u00e9, de l\u2019institut, de l\u2019annexe universitaire et des services communs (Article 23) :<\/span><ol start=\"1\" type=\"1\"><li class=\"MsoNormal\" style=\"mso-margin-top-alt: auto; mso-margin-bottom-alt: auto; line-height: normal; mso-list: l0 level2 lfo2; tab-stops: list 72.0pt;\"><span style=\"font-size: 12.0pt; font-family: 'Times New Roman',serif; mso-fareast-font-family: 'Times New Roman'; mso-fareast-language: FR;\">Suivre le d\u00e9roulement des concours d\u2019acc\u00e8s \u00e0 la post-graduation.<\/span><\/li><li class=\"MsoNormal\" style=\"mso-margin-top-alt: auto; mso-margin-bottom-alt: auto; line-height: normal; mso-list: l0 level2 lfo2; tab-stops: list 72.0pt;\"><span style=\"font-size: 12.0pt; font-family: 'Times New Roman',serif; mso-fareast-font-family: 'Times New Roman'; mso-fareast-language: FR;\">Prendre ou proposer les mesures n\u00e9cessaires pour assurer le bon d\u00e9roulement de la formation en post-graduation.<\/span><\/li><li class=\"MsoNormal\" style=\"mso-margin-top-alt: auto; mso-margin-bottom-alt: auto; line-height: normal; mso-list: l0 level2 lfo2; tab-stops: list 72.0pt;\"><span style=\"font-size: 12.0pt; font-family: 'Times New Roman',serif; mso-fareast-font-family: 'Times New Roman'; mso-fareast-language: FR;\">Veiller au bon d\u00e9roulement des soutenances de m\u00e9moires et de th\u00e8ses de post-graduation.<\/span><\/li><li class=\"MsoNormal\" style=\"mso-margin-top-alt: auto; mso-margin-bottom-alt: auto; line-height: normal; mso-list: l0 level2 lfo2; tab-stops: list 72.0pt;\"><span style=\"font-size: 12.0pt; font-family: 'Times New Roman',serif; mso-fareast-font-family: 'Times New Roman'; mso-fareast-language: FR;\">Suivre le d\u00e9roulement des activit\u00e9s de recherche scientifique.<\/span><\/li><li class=\"MsoNormal\" style=\"mso-margin-top-alt: auto; mso-margin-bottom-alt: auto; line-height: normal; mso-list: l0 level2 lfo2; tab-stops: list 72.0pt;\"><span style=\"font-size: 12.0pt; font-family: 'Times New Roman',serif; mso-fareast-font-family: 'Times New Roman'; mso-fareast-language: FR;\">Initier des actions de partenariat avec les secteurs socio-\u00e9conomiques.<\/span><\/li><li class=\"MsoNormal\" style=\"mso-margin-top-alt: auto; mso-margin-bottom-alt: auto; line-height: normal; mso-list: l0 level2 lfo2; tab-stops: list 72.0pt;\"><span style=\"font-size: 12.0pt; font-family: 'Times New Roman',serif; mso-fareast-font-family: 'Times New Roman'; mso-fareast-language: FR;\">Initier des actions de dynamisation et de promotion de la coop\u00e9ration inter-universitaire nationale et internationale.<\/span><\/li><li class=\"MsoNormal\" style=\"mso-margin-top-alt: auto; mso-margin-bottom-alt: auto; line-height: normal; mso-list: l0 level2 lfo2; tab-stops: list 72.0pt;\"><span style=\"font-size: 12.0pt; font-family: 'Times New Roman',serif; mso-fareast-font-family: 'Times New Roman'; mso-fareast-language: FR;\">Mettre en \u0153uvre les programmes de perfectionnement et de recyclage des enseignants.<\/span><\/li><li class=\"MsoNormal\" style=\"mso-margin-top-alt: auto; mso-margin-bottom-alt: auto; line-height: normal; mso-list: l0 level2 lfo2; tab-stops: list 72.0pt;\"><span style=\"font-size: 12.0pt; font-family: 'Times New Roman',serif; mso-fareast-font-family: 'Times New Roman'; mso-fareast-language: FR;\">Suivre le fonctionnement du conseil scientifique de la facult\u00e9 et en conserver les archives.<\/span><\/li><\/ol><\/li><\/ul><p>\u00a0<\/p><p class=\"MsoNormal\">\u00a0<\/p>\t\t\t\t\t\t\t\t<\/div>\n\t\t\t\t<\/div>\n\t\t\t\t\t<\/div>\n\t\t<\/div>\n\t\t\t\t\t<\/div>\n\t\t<\/section>\n\t\t\t\t<\/div>\n\t\t","protected":false},"excerpt":{"rendered":"<p>\u00a0 Le Vice-d\u00e9canat \u0153uvre \u00e0 assister le Doyen dans l&rsquo;exercice de ses fonctions, sous la supervision directe du Vice-doyen et de ses services. Rattach\u00e9 \u00e0 la facult\u00e9, le vice-d\u00e9canat fournit <a href=\"https:\/\/www.univ-usto.dz\/faculte\/fac-snv\/le-vice-decanat\/\" class=\"read-more\">Lire la suite &#8230;<\/a><\/p>\n","protected":false},"author":18,"featured_media":0,"parent":0,"menu_order":0,"comment_status":"closed","ping_status":"closed","template":"","meta":{"footnotes":""},"class_list":["post-13628","page","type-page","status-publish","hentry"],"_links":{"self":[{"href":"https:\/\/www.univ-usto.dz\/faculte\/fac-snv\/wp-json\/wp\/v2\/pages\/13628","targetHints":{"allow":["GET"]}}],"collection":[{"href":"https:\/\/www.univ-usto.dz\/faculte\/fac-snv\/wp-json\/wp\/v2\/pages"}],"about":[{"href":"https:\/\/www.univ-usto.dz\/faculte\/fac-snv\/wp-json\/wp\/v2\/types\/page"}],"author":[{"embeddable":true,"href":"https:\/\/www.univ-usto.dz\/faculte\/fac-snv\/wp-json\/wp\/v2\/users\/18"}],"replies":[{"embeddable":true,"href":"https:\/\/www.univ-usto.dz\/faculte\/fac-snv\/wp-json\/wp\/v2\/comments?post=13628"}],"version-history":[{"count":4,"href":"https:\/\/www.univ-usto.dz\/faculte\/fac-snv\/wp-json\/wp\/v2\/pages\/13628\/revisions"}],"predecessor-version":[{"id":13632,"href":"https:\/\/www.univ-usto.dz\/faculte\/fac-snv\/wp-json\/wp\/v2\/pages\/13628\/revisions\/13632"}],"wp:attachment":[{"href":"https:\/\/www.univ-usto.dz\/faculte\/fac-snv\/wp-json\/wp\/v2\/media?parent=13628"}],"curies":[{"name":"wp","href":"https:\/\/api.w.org\/{rel}","templated":true}]}}