{"id":14086,"date":"2026-03-12T10:22:09","date_gmt":"2026-03-12T10:22:09","guid":{"rendered":"https:\/\/www.univ-usto.dz\/faculte\/fac-snv\/?page_id=14086"},"modified":"2026-03-12T10:27:31","modified_gmt":"2026-03-12T10:27:31","slug":"canevas","status":"publish","type":"page","link":"https:\/\/www.univ-usto.dz\/faculte\/fac-snv\/canevas\/","title":{"rendered":"Canevas"},"content":{"rendered":"\t\t<div data-elementor-type=\"wp-page\" data-elementor-id=\"14086\" class=\"elementor elementor-14086\">\n\t\t\t\t\t\t<section class=\"elementor-section elementor-top-section elementor-element elementor-element-4fa6ba6 elementor-section-boxed elementor-section-height-default elementor-section-height-default\" data-id=\"4fa6ba6\" data-element_type=\"section\">\n\t\t\t\t\t\t<div class=\"elementor-container elementor-column-gap-default\">\n\t\t\t\t\t<div class=\"elementor-column elementor-col-100 elementor-top-column elementor-element elementor-element-878457d\" data-id=\"878457d\" data-element_type=\"column\">\n\t\t\t<div class=\"elementor-widget-wrap elementor-element-populated\">\n\t\t\t\t\t\t<div class=\"elementor-element elementor-element-8acc4f5 elementor-widget elementor-widget-text-editor\" data-id=\"8acc4f5\" data-element_type=\"widget\" data-widget_type=\"text-editor.default\">\n\t\t\t\t<div class=\"elementor-widget-container\">\n\t\t\t\t\t\t\t\t\t<p style=\"text-align: center; line-height: 150%;\" align=\"center\"><span lang=\"EN-US\" style=\"font-size: 16.0pt; line-height: 150%; mso-ascii-font-family: 'Times New Roman'; mso-ascii-theme-font: major-bidi; mso-hansi-font-family: 'Times New Roman'; mso-hansi-theme-font: major-bidi; mso-bidi-font-family: 'Times New Roman'; mso-bidi-theme-font: major-bidi; mso-ansi-language: EN-US;\">Canevas et fiches p\u00e9dagogiques des formations<\/span><\/p><p style=\"margin-left: 36.0pt; text-indent: -18.0pt; line-height: 115%; mso-list: l0 level1 lfo1;\"><!-- [if !supportLists]--><span style=\"font-size: 14.0pt; line-height: 115%; font-family: Symbol; mso-fareast-font-family: Symbol; mso-bidi-font-family: Symbol;\">\u00b7<span style=\"font-variant-numeric: normal; font-variant-east-asian: normal; font-variant-alternates: normal; font-size-adjust: none; font-language-override: normal; font-kerning: auto; font-optical-sizing: auto; font-feature-settings: normal; font-variation-settings: normal; font-variant-position: normal; font-variant-emoji: normal; font-stretch: normal; font-size: 7pt; line-height: normal; font-family: 'Times New Roman';\">\u00a0\u00a0\u00a0\u00a0\u00a0\u00a0\u00a0 <\/span><\/span><!--[endif]--><span style=\"font-size: 14.0pt; line-height: 115%; mso-ascii-font-family: 'Times New Roman'; mso-ascii-theme-font: major-bidi; mso-hansi-font-family: 'Times New Roman'; mso-hansi-theme-font: major-bidi; mso-bidi-font-family: 'Times New Roman'; mso-bidi-theme-font: major-bidi;\"><a href=\"https:\/\/www.univ-usto.dz\/faculte\/fac-snv\/wp-content\/uploads\/2026\/03\/Canevas-MASTER-BVP-Master-Biote-et-valori-des-plantes-harmonise-Amendements-assises.pdf\">Canevas MASTER BVP Master Biote et valori des plantes harmonis\u00e9 Amendements assises<\/a><\/span><\/p><p style=\"margin-left: 36.0pt; text-indent: -18.0pt; line-height: 115%; mso-list: l0 level1 lfo1;\"><!-- [if !supportLists]--><span style=\"font-size: 14.0pt; line-height: 115%; font-family: Symbol; mso-fareast-font-family: Symbol; mso-bidi-font-family: Symbol;\">\u00b7<span style=\"font-variant-numeric: normal; font-variant-east-asian: normal; font-variant-alternates: normal; font-size-adjust: none; font-language-override: normal; font-kerning: auto; font-optical-sizing: auto; font-feature-settings: normal; font-variation-settings: normal; font-variant-position: normal; font-variant-emoji: normal; font-stretch: normal; font-size: 7pt; line-height: normal; font-family: 'Times New Roman';\">\u00a0\u00a0\u00a0\u00a0\u00a0\u00a0\u00a0 <\/span><\/span><!--[endif]--><span style=\"font-size: 14.0pt; line-height: 115%; mso-ascii-font-family: 'Times New Roman'; mso-ascii-theme-font: major-bidi; mso-hansi-font-family: 'Times New Roman'; mso-hansi-theme-font: major-bidi; mso-bidi-font-family: 'Times New Roman'; mso-bidi-theme-font: major-bidi;\"><a href=\"https:\/\/www.univ-usto.dz\/faculte\/fac-snv\/wp-content\/uploads\/2026\/03\/Canevas-Master-BGV-Master-Biote-et-geno-vgta-harmonise-amendements-assises.pdf\">Canevas Master BGV Master Biote et g\u00e9no vgta harmonis\u00e9 amendements assises<\/a><\/span><\/p><p style=\"margin-left: 36.0pt; text-indent: -18.0pt; line-height: 115%; mso-list: l0 level1 lfo1;\"><!-- [if !supportLists]--><span style=\"font-size: 14.0pt; line-height: 115%; font-family: Symbol; mso-fareast-font-family: Symbol; mso-bidi-font-family: Symbol;\">\u00b7<span style=\"font-variant-numeric: normal; font-variant-east-asian: normal; font-variant-alternates: normal; font-size-adjust: none; font-language-override: normal; font-kerning: auto; font-optical-sizing: auto; font-feature-settings: normal; font-variation-settings: normal; font-variant-position: normal; font-variant-emoji: normal; font-stretch: normal; font-size: 7pt; line-height: normal; font-family: 'Times New Roman';\">\u00a0\u00a0\u00a0\u00a0\u00a0\u00a0\u00a0 <\/span><\/span><!--[endif]--><span style=\"font-size: 14.0pt; line-height: 115%; mso-ascii-font-family: 'Times New Roman'; mso-ascii-theme-font: major-bidi; mso-hansi-font-family: 'Times New Roman'; mso-hansi-theme-font: major-bidi; mso-bidi-font-family: 'Times New Roman'; mso-bidi-theme-font: major-bidi;\"><a href=\"https:\/\/www.univ-usto.dz\/faculte\/fac-snv\/wp-content\/uploads\/2026\/03\/FICHE-SEMESTRIELLE-LICENCE-BGV-Applicable-2026-2027.pdf\">FICHE SEMESTRIELLE LICENCE BGV Applicable 2026 2027<\/a><\/span><\/p><p style=\"margin-left: 36.0pt; text-indent: -18.0pt; line-height: 115%; mso-list: l0 level1 lfo1;\"><!-- [if !supportLists]--><span style=\"font-size: 14.0pt; line-height: 115%; font-family: Symbol; mso-fareast-font-family: Symbol; mso-bidi-font-family: Symbol;\">\u00b7<span style=\"font-variant-numeric: normal; font-variant-east-asian: normal; font-variant-alternates: normal; font-size-adjust: none; font-language-override: normal; font-kerning: auto; font-optical-sizing: auto; font-feature-settings: normal; font-variation-settings: normal; font-variant-position: normal; font-variant-emoji: normal; font-stretch: normal; font-size: 7pt; line-height: normal; font-family: 'Times New Roman';\">\u00a0\u00a0\u00a0\u00a0\u00a0\u00a0\u00a0 <\/span><\/span><!--[endif]--><span style=\"font-size: 14.0pt; line-height: 115%; mso-ascii-font-family: 'Times New Roman'; mso-ascii-theme-font: major-bidi; mso-hansi-font-family: 'Times New Roman'; mso-hansi-theme-font: major-bidi; mso-bidi-font-family: 'Times New Roman'; mso-bidi-theme-font: major-bidi;\"><a href=\"https:\/\/www.univ-usto.dz\/faculte\/fac-snv\/wp-content\/uploads\/2026\/03\/FICHE-SEMESTRIELLE-LICENCE-NAP-APPLICABLE-2026-2027.pdf\">FICHE SEMESTRIELLE LICENCE NAP APPLICABLE 2026 2027<\/a><\/span><\/p><p style=\"margin-left: 36.0pt; text-indent: -18.0pt; line-height: 115%; mso-list: l0 level1 lfo1;\"><!-- [if !supportLists]--><span style=\"font-size: 14.0pt; line-height: 115%; font-family: Symbol; mso-fareast-font-family: Symbol; mso-bidi-font-family: Symbol;\">\u00b7<span style=\"font-variant-numeric: normal; font-variant-east-asian: normal; font-variant-alternates: normal; font-size-adjust: none; font-language-override: normal; font-kerning: auto; font-optical-sizing: auto; font-feature-settings: normal; font-variation-settings: normal; font-variant-position: normal; font-variant-emoji: normal; font-stretch: normal; font-size: 7pt; line-height: normal; font-family: 'Times New Roman';\">\u00a0\u00a0\u00a0\u00a0\u00a0\u00a0\u00a0 <\/span><\/span><!--[endif]--><span lang=\"EN-US\" style=\"font-size: 14.0pt; line-height: 115%; mso-ascii-font-family: 'Times New Roman'; mso-ascii-theme-font: major-bidi; mso-hansi-font-family: 'Times New Roman'; mso-hansi-theme-font: major-bidi; mso-bidi-font-family: 'Times New Roman'; mso-bidi-theme-font: major-bidi; mso-ansi-language: EN-US;\"><a href=\"https:\/\/www.univ-usto.dz\/faculte\/fac-snv\/wp-content\/uploads\/2026\/03\/QPSA-2025-2026.pdf\">Canevas Master QPSA 2025 2026<\/a><\/span><\/p><p style=\"margin-left: 36.0pt; text-indent: -18.0pt; line-height: 115%; mso-list: l0 level1 lfo1;\"><!-- [if !supportLists]--><span style=\"font-size: 14.0pt; line-height: 115%; font-family: Symbol; mso-fareast-font-family: Symbol; mso-bidi-font-family: Symbol;\">\u00b7<span style=\"font-variant-numeric: normal; font-variant-east-asian: normal; font-variant-alternates: normal; font-size-adjust: none; font-language-override: normal; font-kerning: auto; font-optical-sizing: auto; font-feature-settings: normal; font-variation-settings: normal; font-variant-position: normal; font-variant-emoji: normal; font-stretch: normal; font-size: 7pt; line-height: normal; font-family: 'Times New Roman';\">\u00a0\u00a0\u00a0\u00a0\u00a0\u00a0\u00a0 <\/span><\/span><!--[endif]--><span style=\"font-size: 14.0pt; line-height: 115%; mso-ascii-font-family: 'Times New Roman'; mso-ascii-theme-font: major-bidi; mso-hansi-font-family: 'Times New Roman'; mso-hansi-theme-font: major-bidi; mso-bidi-font-family: 'Times New Roman'; mso-bidi-theme-font: major-bidi;\"><a href=\"https:\/\/www.univ-usto.dz\/faculte\/fac-snv\/wp-content\/uploads\/2026\/03\/Nutrition-et-dietetique.pdf\">Nutrition et di\u00e9t\u00e9tique<\/a><\/span><\/p><p style=\"margin-left: 36.0pt; text-indent: -18.0pt; line-height: 115%; mso-list: l0 level1 lfo1;\"><!-- [if !supportLists]--><span style=\"font-size: 14.0pt; line-height: 115%; font-family: Symbol; mso-fareast-font-family: Symbol; mso-bidi-font-family: Symbol;\">\u00b7<span style=\"font-variant-numeric: normal; font-variant-east-asian: normal; font-variant-alternates: normal; font-size-adjust: none; font-language-override: normal; font-kerning: auto; font-optical-sizing: auto; font-feature-settings: normal; font-variation-settings: normal; font-variant-position: normal; font-variant-emoji: normal; font-stretch: normal; font-size: 7pt; line-height: normal; font-family: 'Times New Roman';\">\u00a0\u00a0\u00a0\u00a0\u00a0\u00a0\u00a0 <\/span><\/span><!--[endif]--><span style=\"font-size: 14.0pt; line-height: 115%; mso-ascii-font-family: 'Times New Roman'; mso-ascii-theme-font: major-bidi; mso-hansi-font-family: 'Times New Roman'; mso-hansi-theme-font: major-bidi; mso-bidi-font-family: 'Times New Roman'; mso-bidi-theme-font: major-bidi;\"><a href=\"https:\/\/www.univ-usto.dz\/faculte\/fac-snv\/wp-content\/uploads\/2026\/03\/FICHE-SEMESTRIELLE-L3-Genetique_S5-et-S6.pdf\">FICHE SEMESTRIELLE L3 G\u00e9n\u00e9tique_S5 et S6<\/a><\/span><\/p><p style=\"margin-left: 36.0pt; text-indent: -18.0pt; line-height: 115%; mso-list: l0 level1 lfo1;\"><!-- [if !supportLists]--><span style=\"font-size: 14.0pt; line-height: 115%; font-family: Symbol; mso-fareast-font-family: Symbol; mso-bidi-font-family: Symbol;\">\u00b7<span style=\"font-variant-numeric: normal; font-variant-east-asian: normal; font-variant-alternates: normal; font-size-adjust: none; font-language-override: normal; font-kerning: auto; font-optical-sizing: auto; font-feature-settings: normal; font-variation-settings: normal; font-variant-position: normal; font-variant-emoji: normal; font-stretch: normal; font-size: 7pt; line-height: normal; font-family: 'Times New Roman';\">\u00a0\u00a0\u00a0\u00a0\u00a0\u00a0\u00a0 <\/span><\/span><!--[endif]--><span style=\"font-size: 14.0pt; line-height: 115%; mso-ascii-font-family: 'Times New Roman'; mso-ascii-theme-font: major-bidi; mso-hansi-font-family: 'Times New Roman'; mso-hansi-theme-font: major-bidi; mso-bidi-font-family: 'Times New Roman'; mso-bidi-theme-font: major-bidi;\"><a href=\"https:\/\/www.univ-usto.dz\/faculte\/fac-snv\/wp-content\/uploads\/2026\/03\/FICHE-SEMESTRIELLES-LICENCE-BIOCHIMIE_S5-et-S6.pdf\">FICHE SEMESTRIELLES LICENCE BIOCHIMIE_S5 et S6<\/a><\/span><\/p><p style=\"margin-left: 36.0pt; text-indent: -18.0pt; line-height: 115%; mso-list: l0 level1 lfo1;\"><!-- [if !supportLists]--><span style=\"font-size: 14.0pt; line-height: 115%; font-family: Symbol; mso-fareast-font-family: Symbol; mso-bidi-font-family: Symbol;\">\u00b7<span style=\"font-variant-numeric: normal; font-variant-east-asian: normal; font-variant-alternates: normal; font-size-adjust: none; font-language-override: normal; font-kerning: auto; font-optical-sizing: auto; font-feature-settings: normal; font-variation-settings: normal; font-variant-position: normal; font-variant-emoji: normal; font-stretch: normal; font-size: 7pt; line-height: normal; font-family: 'Times New Roman';\">\u00a0\u00a0\u00a0\u00a0\u00a0\u00a0\u00a0 <\/span><\/span><!--[endif]--><span style=\"font-size: 14.0pt; line-height: 115%; mso-ascii-font-family: 'Times New Roman'; mso-ascii-theme-font: major-bidi; mso-hansi-font-family: 'Times New Roman'; mso-hansi-theme-font: major-bidi; mso-bidi-font-family: 'Times New Roman'; mso-bidi-theme-font: major-bidi;\"><a href=\"https:\/\/www.univ-usto.dz\/faculte\/fac-snv\/wp-content\/uploads\/2026\/03\/Canevas-Master-GFA-Genetique-Fondamentale-Appliquee-Amendements-assises-4.pdf\">Canevas Master GFA G\u00e9n\u00e9tique Fondamentale Appliqu\u00e9e Amendements assises-4<\/a><\/span><\/p><p style=\"margin-left: 36.0pt; text-indent: -18.0pt; line-height: 115%; mso-list: l0 level1 lfo1;\"><!-- [if !supportLists]--><span style=\"font-size: 14.0pt; line-height: 115%; font-family: Symbol; mso-fareast-font-family: Symbol; mso-bidi-font-family: Symbol;\">\u00b7<span style=\"font-variant-numeric: normal; font-variant-east-asian: normal; font-variant-alternates: normal; font-size-adjust: none; font-language-override: normal; font-kerning: auto; font-optical-sizing: auto; font-feature-settings: normal; font-variation-settings: normal; font-variant-position: normal; font-variant-emoji: normal; font-stretch: normal; font-size: 7pt; line-height: normal; font-family: 'Times New Roman';\">\u00a0\u00a0\u00a0\u00a0\u00a0\u00a0\u00a0 <\/span><\/span><!--[endif]--><span style=\"font-size: 14.0pt; line-height: 115%; mso-ascii-font-family: 'Times New Roman'; mso-ascii-theme-font: major-bidi; mso-hansi-font-family: 'Times New Roman'; mso-hansi-theme-font: major-bidi; mso-bidi-font-family: 'Times New Roman'; mso-bidi-theme-font: major-bidi;\"><a href=\"https:\/\/www.univ-usto.dz\/faculte\/fac-snv\/wp-content\/uploads\/2026\/03\/Canevas-Master-CYTOGENETIQUE-PROFESS-Amendements-assises-2.pdf\">Canevas Master CYTOGENETIQUE PROFESS Amendements assises-2<\/a><\/span><\/p><p style=\"line-height: 150%;\"><span style=\"font-size: 14.0pt; line-height: 150%; mso-ascii-font-family: 'Times New Roman'; mso-ascii-theme-font: major-bidi; mso-hansi-font-family: 'Times New Roman'; mso-hansi-theme-font: major-bidi; mso-bidi-font-family: 'Times New Roman'; mso-bidi-theme-font: major-bidi;\">\u00a0<\/span><\/p>\t\t\t\t\t\t\t\t<\/div>\n\t\t\t\t<\/div>\n\t\t\t\t\t<\/div>\n\t\t<\/div>\n\t\t\t\t\t<\/div>\n\t\t<\/section>\n\t\t\t\t<\/div>\n\t\t","protected":false},"excerpt":{"rendered":"<p>Canevas et fiches p\u00e9dagogiques des formations \u00b7\u00a0\u00a0\u00a0\u00a0\u00a0\u00a0\u00a0 Canevas MASTER BVP Master Biote et valori des plantes harmonis\u00e9 Amendements assises \u00b7\u00a0\u00a0\u00a0\u00a0\u00a0\u00a0\u00a0 Canevas Master BGV Master Biote et g\u00e9no vgta harmonis\u00e9 amendements <a href=\"https:\/\/www.univ-usto.dz\/faculte\/fac-snv\/canevas\/\" class=\"read-more\">Lire la suite &#8230;<\/a><\/p>\n","protected":false},"author":18,"featured_media":0,"parent":0,"menu_order":0,"comment_status":"closed","ping_status":"closed","template":"","meta":{"footnotes":""},"class_list":["post-14086","page","type-page","status-publish","hentry"],"_links":{"self":[{"href":"https:\/\/www.univ-usto.dz\/faculte\/fac-snv\/wp-json\/wp\/v2\/pages\/14086","targetHints":{"allow":["GET"]}}],"collection":[{"href":"https:\/\/www.univ-usto.dz\/faculte\/fac-snv\/wp-json\/wp\/v2\/pages"}],"about":[{"href":"https:\/\/www.univ-usto.dz\/faculte\/fac-snv\/wp-json\/wp\/v2\/types\/page"}],"author":[{"embeddable":true,"href":"https:\/\/www.univ-usto.dz\/faculte\/fac-snv\/wp-json\/wp\/v2\/users\/18"}],"replies":[{"embeddable":true,"href":"https:\/\/www.univ-usto.dz\/faculte\/fac-snv\/wp-json\/wp\/v2\/comments?post=14086"}],"version-history":[{"count":7,"href":"https:\/\/www.univ-usto.dz\/faculte\/fac-snv\/wp-json\/wp\/v2\/pages\/14086\/revisions"}],"predecessor-version":[{"id":14103,"href":"https:\/\/www.univ-usto.dz\/faculte\/fac-snv\/wp-json\/wp\/v2\/pages\/14086\/revisions\/14103"}],"wp:attachment":[{"href":"https:\/\/www.univ-usto.dz\/faculte\/fac-snv\/wp-json\/wp\/v2\/media?parent=14086"}],"curies":[{"name":"wp","href":"https:\/\/api.w.org\/{rel}","templated":true}]}}