{"id":14151,"date":"2026-04-01T11:04:52","date_gmt":"2026-04-01T11:04:52","guid":{"rendered":"https:\/\/www.univ-usto.dz\/faculte\/fac-snv\/?page_id=14151"},"modified":"2026-04-01T11:52:28","modified_gmt":"2026-04-01T11:52:28","slug":"formulaire-en-ligne","status":"publish","type":"page","link":"https:\/\/www.univ-usto.dz\/faculte\/fac-snv\/formulaire-en-ligne\/","title":{"rendered":"Formulaire en ligne"},"content":{"rendered":"\t\t<div data-elementor-type=\"wp-page\" data-elementor-id=\"14151\" class=\"elementor elementor-14151\">\n\t\t\t\t\t\t<section class=\"elementor-section elementor-top-section elementor-element elementor-element-a1ae0aa elementor-section-boxed elementor-section-height-default elementor-section-height-default\" data-id=\"a1ae0aa\" data-element_type=\"section\">\n\t\t\t\t\t\t<div class=\"elementor-container elementor-column-gap-default\">\n\t\t\t\t\t<div class=\"elementor-column elementor-col-100 elementor-top-column elementor-element elementor-element-aa28cff\" data-id=\"aa28cff\" data-element_type=\"column\">\n\t\t\t<div class=\"elementor-widget-wrap elementor-element-populated\">\n\t\t\t\t\t\t<div class=\"elementor-element elementor-element-8c2a216 elementor-widget elementor-widget-text-editor\" data-id=\"8c2a216\" data-element_type=\"widget\" data-widget_type=\"text-editor.default\">\n\t\t\t\t<div class=\"elementor-widget-container\">\n\t\t\t\t\t\t\t\t\t<p data-start=\"542\" data-end=\"581\"><strong data-start=\"542\" data-end=\"581\">Demande aupr\u00e8s du service financier<\/strong><\/p><p data-start=\"583\" data-end=\"665\">Acc\u00e9dez aux diff\u00e9rents services administratifs li\u00e9s \u00e0 votre situation financi\u00e8re :<\/p><ul data-start=\"667\" data-end=\"736\"><li data-section-id=\"1iobrf9\" data-start=\"667\" data-end=\"684\">Fiche de paie<\/li><li data-section-id=\"gcfy94\" data-start=\"685\" data-end=\"710\">Relev\u00e9 des \u00e9moluments<\/li><li data-section-id=\"3vgkxz\" data-start=\"711\" data-end=\"736\">Attestation de primes<\/li><\/ul><p data-start=\"738\" data-end=\"766\">\ud83d\udc49 <strong data-start=\"741\" data-end=\"766\"><a href=\"https:\/\/docs.google.com\/forms\/d\/e\/1FAIpQLSfl-vShOByWyr8FHTZXAmJoBoV1gB6PvW6LUhqv8JAAuftH2g\/viewform?usp=sf_link\">Soumettre une demande<\/a><\/strong><\/p>\t\t\t\t\t\t\t\t<\/div>\n\t\t\t\t<\/div>\n\t\t\t\t\t<\/div>\n\t\t<\/div>\n\t\t\t\t\t<\/div>\n\t\t<\/section>\n\t\t\t\t<section class=\"elementor-section elementor-top-section elementor-element elementor-element-5f26531 elementor-section-boxed elementor-section-height-default elementor-section-height-default\" data-id=\"5f26531\" data-element_type=\"section\">\n\t\t\t\t\t\t<div class=\"elementor-container elementor-column-gap-default\">\n\t\t\t\t\t<div class=\"elementor-column elementor-col-100 elementor-top-column elementor-element elementor-element-3113661\" data-id=\"3113661\" data-element_type=\"column\">\n\t\t\t<div class=\"elementor-widget-wrap elementor-element-populated\">\n\t\t\t\t\t\t<div class=\"elementor-element elementor-element-d5c1e31 elementor-widget elementor-widget-text-editor\" data-id=\"d5c1e31\" data-element_type=\"widget\" data-widget_type=\"text-editor.default\">\n\t\t\t\t<div class=\"elementor-widget-container\">\n\t\t\t\t\t\t\t\t\t<p data-start=\"57\" data-end=\"120\"><strong data-start=\"57\" data-end=\"118\">Acc\u00e9dez aux informations personnelles et professionnelles<\/strong><\/p><p data-start=\"122\" data-end=\"148\">\ud83d\udc49 <a href=\"https:\/\/docs.google.com\/forms\/d\/e\/1FAIpQLSds-WV0F6uRhYnkdm1NL3LSr9A3FkgujoyeA36W_TKKbJbKiw\/viewform?usp=sf_link\">Soumettre une demande<\/a><\/p>\t\t\t\t\t\t\t\t<\/div>\n\t\t\t\t<\/div>\n\t\t\t\t\t<\/div>\n\t\t<\/div>\n\t\t\t\t\t<\/div>\n\t\t<\/section>\n\t\t\t\t<section class=\"elementor-section elementor-top-section elementor-element elementor-element-925f799 elementor-section-boxed elementor-section-height-default elementor-section-height-default\" data-id=\"925f799\" data-element_type=\"section\">\n\t\t\t\t\t\t<div class=\"elementor-container elementor-column-gap-default\">\n\t\t\t\t\t<div class=\"elementor-column elementor-col-100 elementor-top-column elementor-element elementor-element-e24a007\" data-id=\"e24a007\" data-element_type=\"column\">\n\t\t\t<div class=\"elementor-widget-wrap elementor-element-populated\">\n\t\t\t\t\t\t<div class=\"elementor-element elementor-element-e73c347 elementor-widget elementor-widget-text-editor\" data-id=\"e73c347\" data-element_type=\"widget\" data-widget_type=\"text-editor.default\">\n\t\t\t\t<div class=\"elementor-widget-container\">\n\t\t\t\t\t\t\t\t\t<p data-start=\"66\" data-end=\"104\"><strong data-start=\"66\" data-end=\"102\">Demande d\u2019attestation de travail<\/strong><\/p><p data-start=\"106\" data-end=\"132\">\ud83d\udc49 <a href=\"https:\/\/docs.google.com\/forms\/d\/e\/1FAIpQLSdPldcBAR-_b9bQmWic8TGpbDbt2pwX4YUWKKKTk2xCjc_ZwQ\/viewform?usp=sf_link\">Soumettre une demande<\/a><\/p>\t\t\t\t\t\t\t\t<\/div>\n\t\t\t\t<\/div>\n\t\t\t\t\t<\/div>\n\t\t<\/div>\n\t\t\t\t\t<\/div>\n\t\t<\/section>\n\t\t\t\t<\/div>\n\t\t","protected":false},"excerpt":{"rendered":"<p>Demande aupr\u00e8s du service financier Acc\u00e9dez aux diff\u00e9rents services administratifs li\u00e9s \u00e0 votre situation financi\u00e8re : Fiche de paie Relev\u00e9 des \u00e9moluments Attestation de primes \ud83d\udc49 Soumettre une demande Acc\u00e9dez <a href=\"https:\/\/www.univ-usto.dz\/faculte\/fac-snv\/formulaire-en-ligne\/\" class=\"read-more\">Lire la suite &#8230;<\/a><\/p>\n","protected":false},"author":18,"featured_media":0,"parent":0,"menu_order":0,"comment_status":"closed","ping_status":"closed","template":"","meta":{"footnotes":""},"class_list":["post-14151","page","type-page","status-publish","hentry"],"_links":{"self":[{"href":"https:\/\/www.univ-usto.dz\/faculte\/fac-snv\/wp-json\/wp\/v2\/pages\/14151","targetHints":{"allow":["GET"]}}],"collection":[{"href":"https:\/\/www.univ-usto.dz\/faculte\/fac-snv\/wp-json\/wp\/v2\/pages"}],"about":[{"href":"https:\/\/www.univ-usto.dz\/faculte\/fac-snv\/wp-json\/wp\/v2\/types\/page"}],"author":[{"embeddable":true,"href":"https:\/\/www.univ-usto.dz\/faculte\/fac-snv\/wp-json\/wp\/v2\/users\/18"}],"replies":[{"embeddable":true,"href":"https:\/\/www.univ-usto.dz\/faculte\/fac-snv\/wp-json\/wp\/v2\/comments?post=14151"}],"version-history":[{"count":10,"href":"https:\/\/www.univ-usto.dz\/faculte\/fac-snv\/wp-json\/wp\/v2\/pages\/14151\/revisions"}],"predecessor-version":[{"id":14167,"href":"https:\/\/www.univ-usto.dz\/faculte\/fac-snv\/wp-json\/wp\/v2\/pages\/14151\/revisions\/14167"}],"wp:attachment":[{"href":"https:\/\/www.univ-usto.dz\/faculte\/fac-snv\/wp-json\/wp\/v2\/media?parent=14151"}],"curies":[{"name":"wp","href":"https:\/\/api.w.org\/{rel}","templated":true}]}}