{"id":14305,"date":"2026-04-15T09:11:08","date_gmt":"2026-04-15T09:11:08","guid":{"rendered":"https:\/\/www.univ-usto.dz\/faculte\/fac-snv\/?page_id=14305"},"modified":"2026-04-15T09:13:22","modified_gmt":"2026-04-15T09:13:22","slug":"tableau-des-laboratoires","status":"publish","type":"page","link":"https:\/\/www.univ-usto.dz\/faculte\/fac-snv\/tableau-des-laboratoires\/","title":{"rendered":"Tableau des laboratoires"},"content":{"rendered":"\t\t<div data-elementor-type=\"wp-page\" data-elementor-id=\"14305\" class=\"elementor elementor-14305\">\n\t\t\t\t\t\t<section class=\"elementor-section elementor-top-section elementor-element elementor-element-828f071 elementor-section-boxed elementor-section-height-default elementor-section-height-default\" data-id=\"828f071\" data-element_type=\"section\">\n\t\t\t\t\t\t<div class=\"elementor-container elementor-column-gap-default\">\n\t\t\t\t\t<div class=\"elementor-column elementor-col-100 elementor-top-column elementor-element elementor-element-c48b7cc\" data-id=\"c48b7cc\" data-element_type=\"column\">\n\t\t\t<div class=\"elementor-widget-wrap elementor-element-populated\">\n\t\t\t\t\t\t<div class=\"elementor-element elementor-element-fdb7d0a elementor-widget elementor-widget-heading\" data-id=\"fdb7d0a\" data-element_type=\"widget\" data-widget_type=\"heading.default\">\n\t\t\t\t<div class=\"elementor-widget-container\">\n\t\t\t\t\t<h2 class=\"elementor-heading-title elementor-size-default\"><b><span lang=\"EN-US\" style=\"font-size:16.0pt;mso-bidi-font-size:11.0pt;line-height:115%;\nfont-family:&quot;Cambria&quot;,serif;mso-ascii-theme-font:minor-latin;mso-fareast-font-family:\n&quot;MS Mincho&quot;;mso-fareast-theme-font:minor-fareast;mso-hansi-theme-font:minor-latin;\nmso-bidi-font-family:Arial;mso-bidi-theme-font:minor-bidi;mso-ansi-language:\nEN-US;mso-fareast-language:EN-US;mso-bidi-language:AR-SA\">Facult\u00e9 des Sciences\nde la Nature et de la Vie<\/span><\/b><\/h2>\t\t\t\t<\/div>\n\t\t\t\t<\/div>\n\t\t\t\t\t<\/div>\n\t\t<\/div>\n\t\t\t\t\t<\/div>\n\t\t<\/section>\n\t\t\t\t<section class=\"elementor-section elementor-top-section elementor-element elementor-element-fe59cb0 elementor-section-boxed elementor-section-height-default elementor-section-height-default\" data-id=\"fe59cb0\" data-element_type=\"section\">\n\t\t\t\t\t\t<div class=\"elementor-container elementor-column-gap-default\">\n\t\t\t\t\t<div class=\"elementor-column elementor-col-100 elementor-top-column elementor-element elementor-element-1e113ab\" data-id=\"1e113ab\" data-element_type=\"column\">\n\t\t\t<div class=\"elementor-widget-wrap elementor-element-populated\">\n\t\t\t\t\t\t<div class=\"elementor-element elementor-element-24c5963 elementor-widget elementor-widget-text-editor\" data-id=\"24c5963\" data-element_type=\"widget\" data-widget_type=\"text-editor.default\">\n\t\t\t\t<div class=\"elementor-widget-container\">\n\t\t\t\t\t\t\t\t\t<table class=\"MsoTableMediumGrid3Accent1\" style=\"border-image: initial; border: medium none currentcolor;\" border=\"1\" cellspacing=\"0\" cellpadding=\"0\"><tbody><tr><td style=\"width: 86.4pt; border-width: 1pt 1pt 3pt; border-color: white; background: #4f81bd; padding: 0cm 5.4pt;\" valign=\"top\" width=\"115\"><p class=\"MsoNormal\" style=\"margin-bottom: 0cm; line-height: normal; mso-yfti-cnfc: 5;\"><b><span lang=\"EN-US\" style=\"color: white; mso-themecolor: background1;\">Laboratoire<\/span><\/b><\/p><\/td><td style=\"width: 86.4pt; border-top: solid white 1.0pt; mso-border-top-themecolor: background1; border-left: none; border-bottom: solid white 3.0pt; mso-border-bottom-themecolor: background1; border-right: solid white 1.0pt; mso-border-right-themecolor: background1; mso-border-left-alt: solid white 1.0pt; mso-border-left-themecolor: background1; background: #4F81BD; mso-background-themecolor: accent1; padding: 0cm 5.4pt 0cm 5.4pt;\" valign=\"top\" width=\"115\"><p class=\"MsoNormal\" style=\"margin-bottom: 0cm; line-height: normal; mso-yfti-cnfc: 1;\"><b><span lang=\"EN-US\" style=\"color: white; mso-themecolor: background1;\">Abr\u00e9viation<\/span><\/b><\/p><\/td><td style=\"width: 86.4pt; border-top: solid white 1.0pt; mso-border-top-themecolor: background1; border-left: none; border-bottom: solid white 3.0pt; mso-border-bottom-themecolor: background1; border-right: solid white 1.0pt; mso-border-right-themecolor: background1; mso-border-left-alt: solid white 1.0pt; mso-border-left-themecolor: background1; background: #4F81BD; mso-background-themecolor: accent1; padding: 0cm 5.4pt 0cm 5.4pt;\" valign=\"top\" width=\"115\"><p class=\"MsoNormal\" style=\"margin-bottom: 0cm; line-height: normal; mso-yfti-cnfc: 1;\"><b><span lang=\"EN-US\" style=\"color: white; mso-themecolor: background1;\">Responsable<\/span><\/b><\/p><\/td><td style=\"width: 86.4pt; border-top: solid white 1.0pt; mso-border-top-themecolor: background1; border-left: none; border-bottom: solid white 3.0pt; mso-border-bottom-themecolor: background1; border-right: solid white 1.0pt; mso-border-right-themecolor: background1; mso-border-left-alt: solid white 1.0pt; mso-border-left-themecolor: background1; background: #4F81BD; mso-background-themecolor: accent1; padding: 0cm 5.4pt 0cm 5.4pt;\" valign=\"top\" width=\"115\"><p class=\"MsoNormal\" style=\"margin-bottom: 0cm; line-height: normal; mso-yfti-cnfc: 1;\"><b><span lang=\"EN-US\" style=\"color: white; mso-themecolor: background1;\">Domaine de sp\u00e9cialit\u00e9<\/span><\/b><\/p><\/td><td style=\"width: 86.4pt; border-top: solid white 1.0pt; mso-border-top-themecolor: background1; border-left: none; border-bottom: solid white 3.0pt; mso-border-bottom-themecolor: background1; border-right: solid white 1.0pt; mso-border-right-themecolor: background1; mso-border-left-alt: solid white 1.0pt; mso-border-left-themecolor: background1; background: #4F81BD; mso-background-themecolor: accent1; padding: 0cm 5.4pt 0cm 5.4pt;\" valign=\"top\" width=\"115\"><p class=\"MsoNormal\" style=\"margin-bottom: 0cm; line-height: normal; mso-yfti-cnfc: 1;\"><b><span lang=\"EN-US\" style=\"color: white; mso-themecolor: background1;\">Description<\/span><\/b><\/p><\/td><\/tr><tr><td style=\"width: 86.4pt; border-top: none; border-left: solid white 1.0pt; mso-border-left-themecolor: background1; border-bottom: none; border-right: solid white 3.0pt; mso-border-right-themecolor: background1; background: #4F81BD; mso-background-themecolor: accent1; padding: 0cm 5.4pt 0cm 5.4pt;\" valign=\"top\" width=\"115\"><p class=\"MsoNormal\" style=\"margin-bottom: 0cm; line-height: normal; mso-yfti-cnfc: 68;\"><b><span lang=\"EN-US\" style=\"color: white; mso-themecolor: background1;\">Laboratoire Productions et Valorisation V\u00e9g\u00e9tales et Microbiennes<\/span><\/b><\/p><\/td><td style=\"width: 86.4pt; border-top: none; border-left: none; border-bottom: solid white 1.0pt; mso-border-bottom-themecolor: background1; border-right: solid white 1.0pt; mso-border-right-themecolor: background1; mso-border-top-alt: solid white 1.0pt; mso-border-top-themecolor: background1; mso-border-left-alt: solid white 1.0pt; mso-border-left-themecolor: background1; background: #A7BFDE; mso-background-themecolor: accent1; mso-background-themetint: 127; padding: 0cm 5.4pt 0cm 5.4pt;\" valign=\"top\" width=\"115\"><p class=\"MsoNormal\" style=\"margin-bottom: 0cm; line-height: normal; mso-yfti-cnfc: 64;\"><span lang=\"EN-US\" style=\"color: black; mso-color-alt: windowtext;\">LP2VM<\/span><\/p><\/td><td style=\"width: 86.4pt; border-top: none; border-left: none; border-bottom: solid white 1.0pt; mso-border-bottom-themecolor: background1; border-right: solid white 1.0pt; mso-border-right-themecolor: background1; mso-border-top-alt: solid white 1.0pt; mso-border-top-themecolor: background1; mso-border-left-alt: solid white 1.0pt; mso-border-left-themecolor: background1; background: #A7BFDE; mso-background-themecolor: accent1; mso-background-themetint: 127; padding: 0cm 5.4pt 0cm 5.4pt;\" valign=\"top\" width=\"115\"><p class=\"MsoNormal\" style=\"margin-bottom: 0cm; line-height: normal; mso-yfti-cnfc: 64;\"><span lang=\"EN-US\" style=\"color: black; mso-color-alt: windowtext;\">Pr. Djabeur Abderezak<\/span><\/p><\/td><td style=\"width: 86.4pt; border-top: none; border-left: none; border-bottom: solid white 1.0pt; mso-border-bottom-themecolor: background1; border-right: solid white 1.0pt; mso-border-right-themecolor: background1; mso-border-top-alt: solid white 1.0pt; mso-border-top-themecolor: background1; mso-border-left-alt: solid white 1.0pt; mso-border-left-themecolor: background1; background: #A7BFDE; mso-background-themecolor: accent1; mso-background-themetint: 127; padding: 0cm 5.4pt 0cm 5.4pt;\" valign=\"top\" width=\"115\"><p class=\"MsoNormal\" style=\"margin-bottom: 0cm; line-height: normal; mso-yfti-cnfc: 64;\"><span lang=\"EN-US\" style=\"color: black; mso-color-alt: windowtext;\">Valorisation des ressources v\u00e9g\u00e9tales et microbiennes, agroalimentaire, biotechnologie<\/span><\/p><\/td><td style=\"width: 86.4pt; border-top: none; border-left: none; border-bottom: solid white 1.0pt; mso-border-bottom-themecolor: background1; border-right: solid white 1.0pt; mso-border-right-themecolor: background1; mso-border-top-alt: solid white 1.0pt; mso-border-top-themecolor: background1; mso-border-left-alt: solid white 1.0pt; mso-border-left-themecolor: background1; background: #A7BFDE; mso-background-themecolor: accent1; mso-background-themetint: 127; padding: 0cm 5.4pt 0cm 5.4pt;\" valign=\"top\" width=\"115\"><p class=\"MsoNormal\" style=\"margin-bottom: 0cm; line-height: normal; mso-yfti-cnfc: 64;\"><span lang=\"EN-US\" style=\"color: black; mso-color-alt: windowtext;\">D\u00e9veloppement et valorisation des ressources v\u00e9g\u00e9tales et microbiennes, notamment dans les domaines de l\u2019agroalimentaire et de la biotechnologie<\/span><\/p><\/td><\/tr><tr><td style=\"width: 86.4pt; border-top: none; border-left: solid white 1.0pt; mso-border-left-themecolor: background1; border-bottom: none; border-right: solid white 3.0pt; mso-border-right-themecolor: background1; background: #4F81BD; mso-background-themecolor: accent1; padding: 0cm 5.4pt 0cm 5.4pt;\" valign=\"top\" width=\"115\"><p class=\"MsoNormal\" style=\"margin-bottom: 0cm; line-height: normal; mso-yfti-cnfc: 4;\"><b><span lang=\"EN-US\" style=\"color: white; mso-themecolor: background1;\">Laboratoire de G\u00e9n\u00e9tique Mol\u00e9culaire et Cellulaire<\/span><\/b><\/p><\/td><td style=\"width: 86.4pt; border-top: none; border-left: none; border-bottom: solid white 1.0pt; mso-border-bottom-themecolor: background1; border-right: solid white 1.0pt; mso-border-right-themecolor: background1; mso-border-top-alt: solid white .75pt; mso-border-top-themecolor: background1; mso-border-left-alt: solid white .75pt; mso-border-left-themecolor: background1; mso-border-alt: solid white .75pt; mso-border-themecolor: background1; background: #D3DFEE; mso-background-themecolor: accent1; mso-background-themetint: 63; padding: 0cm 5.4pt 0cm 5.4pt;\" valign=\"top\" width=\"115\"><p class=\"MsoNormal\" style=\"margin-bottom: 0cm; line-height: normal;\"><span lang=\"EN-US\" style=\"color: black; mso-color-alt: windowtext;\">LGMC<\/span><\/p><\/td><td style=\"width: 86.4pt; border-top: none; border-left: none; border-bottom: solid white 1.0pt; mso-border-bottom-themecolor: background1; border-right: solid white 1.0pt; mso-border-right-themecolor: background1; mso-border-top-alt: solid white .75pt; mso-border-top-themecolor: background1; mso-border-left-alt: solid white .75pt; mso-border-left-themecolor: background1; mso-border-alt: solid white .75pt; mso-border-themecolor: background1; background: #D3DFEE; mso-background-themecolor: accent1; mso-background-themetint: 63; padding: 0cm 5.4pt 0cm 5.4pt;\" valign=\"top\" width=\"115\"><p class=\"MsoNormal\" style=\"margin-bottom: 0cm; line-height: normal;\"><span lang=\"EN-US\" style=\"color: black; mso-color-alt: windowtext;\">Pr. Boudjema Abdellah<\/span><\/p><\/td><td style=\"width: 86.4pt; border-top: none; border-left: none; border-bottom: solid white 1.0pt; mso-border-bottom-themecolor: background1; border-right: solid white 1.0pt; mso-border-right-themecolor: background1; mso-border-top-alt: solid white .75pt; mso-border-top-themecolor: background1; mso-border-left-alt: solid white .75pt; mso-border-left-themecolor: background1; mso-border-alt: solid white .75pt; mso-border-themecolor: background1; background: #D3DFEE; mso-background-themecolor: accent1; mso-background-themetint: 63; padding: 0cm 5.4pt 0cm 5.4pt;\" valign=\"top\" width=\"115\"><p class=\"MsoNormal\" style=\"margin-bottom: 0cm; line-height: normal;\"><span lang=\"EN-US\" style=\"color: black; mso-color-alt: windowtext;\">G\u00e9n\u00e9tique mol\u00e9culaire et cellulaire, biologie mol\u00e9culaire, sant\u00e9 et environnement<\/span><\/p><\/td><td style=\"width: 86.4pt; border-top: none; border-left: none; border-bottom: solid white 1.0pt; mso-border-bottom-themecolor: background1; border-right: solid white 1.0pt; mso-border-right-themecolor: background1; mso-border-top-alt: solid white .75pt; mso-border-top-themecolor: background1; mso-border-left-alt: solid white .75pt; mso-border-left-themecolor: background1; mso-border-alt: solid white .75pt; mso-border-themecolor: background1; mso-border-right-alt: solid white 1.0pt; background: #D3DFEE; mso-background-themecolor: accent1; mso-background-themetint: 63; padding: 0cm 5.4pt 0cm 5.4pt;\" valign=\"top\" width=\"115\"><p class=\"MsoNormal\" style=\"margin-bottom: 0cm; line-height: normal;\"><span lang=\"EN-US\" style=\"color: black; mso-color-alt: windowtext;\">\u00c9tude des m\u00e9canismes mol\u00e9culaires et cellulaires et leurs applications en sant\u00e9 et environnement<\/span><\/p><\/td><\/tr><tr><td style=\"width: 86.4pt; border-top: none; border-left: solid white 1.0pt; mso-border-left-themecolor: background1; border-bottom: solid white 1.0pt; mso-border-bottom-themecolor: background1; border-right: solid white 3.0pt; mso-border-right-themecolor: background1; background: #4F81BD; mso-background-themecolor: accent1; padding: 0cm 5.4pt 0cm 5.4pt;\" valign=\"top\" width=\"115\"><p class=\"MsoNormal\" style=\"margin-bottom: 0cm; line-height: normal; mso-yfti-cnfc: 68;\"><b><span lang=\"EN-US\" style=\"color: white; mso-themecolor: background1;\">Laboratoire de Toxicologie, Environnement et Sant\u00e9<\/span><\/b><\/p><\/td><td style=\"width: 86.4pt; border-top: none; border-left: none; border-bottom: solid white 1.0pt; mso-border-bottom-themecolor: background1; border-right: solid white 1.0pt; mso-border-right-themecolor: background1; mso-border-top-alt: solid white 1.0pt; mso-border-top-themecolor: background1; mso-border-left-alt: solid white 1.0pt; mso-border-left-themecolor: background1; background: #A7BFDE; mso-background-themecolor: accent1; mso-background-themetint: 127; padding: 0cm 5.4pt 0cm 5.4pt;\" valign=\"top\" width=\"115\"><p class=\"MsoNormal\" style=\"margin-bottom: 0cm; line-height: normal; mso-yfti-cnfc: 64;\"><span lang=\"EN-US\" style=\"color: black; mso-color-alt: windowtext;\">LATES<\/span><\/p><\/td><td style=\"width: 86.4pt; border-top: none; border-left: none; border-bottom: solid white 1.0pt; mso-border-bottom-themecolor: background1; border-right: solid white 1.0pt; mso-border-right-themecolor: background1; mso-border-top-alt: solid white 1.0pt; mso-border-top-themecolor: background1; mso-border-left-alt: solid white 1.0pt; mso-border-left-themecolor: background1; background: #A7BFDE; mso-background-themecolor: accent1; mso-background-themetint: 127; padding: 0cm 5.4pt 0cm 5.4pt;\" valign=\"top\" width=\"115\"><p class=\"MsoNormal\" style=\"margin-bottom: 0cm; line-height: normal; mso-yfti-cnfc: 64;\"><span lang=\"EN-US\" style=\"color: black; mso-color-alt: windowtext;\">Pr. Berrebah Alioua Amel<\/span><\/p><\/td><td style=\"width: 86.4pt; border-top: none; border-left: none; border-bottom: solid white 1.0pt; mso-border-bottom-themecolor: background1; border-right: solid white 1.0pt; mso-border-right-themecolor: background1; mso-border-top-alt: solid white 1.0pt; mso-border-top-themecolor: background1; mso-border-left-alt: solid white 1.0pt; mso-border-left-themecolor: background1; background: #A7BFDE; mso-background-themecolor: accent1; mso-background-themetint: 127; padding: 0cm 5.4pt 0cm 5.4pt;\" valign=\"top\" width=\"115\"><p class=\"MsoNormal\" style=\"margin-bottom: 0cm; line-height: normal; mso-yfti-cnfc: 64;\"><span lang=\"EN-US\" style=\"color: black; mso-color-alt: windowtext;\">Toxicologie, environnement, sant\u00e9 publique<\/span><\/p><\/td><td style=\"width: 86.4pt; border-top: none; border-left: none; border-bottom: solid white 1.0pt; mso-border-bottom-themecolor: background1; border-right: solid white 1.0pt; mso-border-right-themecolor: background1; mso-border-top-alt: solid white 1.0pt; mso-border-top-themecolor: background1; mso-border-left-alt: solid white 1.0pt; mso-border-left-themecolor: background1; background: #A7BFDE; mso-background-themecolor: accent1; mso-background-themetint: 127; padding: 0cm 5.4pt 0cm 5.4pt;\" valign=\"top\" width=\"115\"><p class=\"MsoNormal\" style=\"margin-bottom: 0cm; line-height: normal; mso-yfti-cnfc: 64;\"><span lang=\"EN-US\" style=\"color: black; mso-color-alt: windowtext;\">Analyse des effets des polluants et substances toxiques sur les organismes vivants et la sant\u00e9 humaine<\/span><\/p><\/td><\/tr><\/tbody><\/table>\t\t\t\t\t\t\t\t<\/div>\n\t\t\t\t<\/div>\n\t\t\t\t\t<\/div>\n\t\t<\/div>\n\t\t\t\t\t<\/div>\n\t\t<\/section>\n\t\t\t\t<\/div>\n\t\t","protected":false},"excerpt":{"rendered":"<p>Facult\u00e9 des Sciences de la Nature et de la Vie Laboratoire Abr\u00e9viation Responsable Domaine de sp\u00e9cialit\u00e9 Description Laboratoire Productions et Valorisation V\u00e9g\u00e9tales et Microbiennes LP2VM Pr. Djabeur Abderezak Valorisation des <a href=\"https:\/\/www.univ-usto.dz\/faculte\/fac-snv\/tableau-des-laboratoires\/\" class=\"read-more\">Lire la suite &#8230;<\/a><\/p>\n","protected":false},"author":18,"featured_media":0,"parent":0,"menu_order":0,"comment_status":"closed","ping_status":"closed","template":"","meta":{"footnotes":""},"class_list":["post-14305","page","type-page","status-publish","hentry"],"_links":{"self":[{"href":"https:\/\/www.univ-usto.dz\/faculte\/fac-snv\/wp-json\/wp\/v2\/pages\/14305","targetHints":{"allow":["GET"]}}],"collection":[{"href":"https:\/\/www.univ-usto.dz\/faculte\/fac-snv\/wp-json\/wp\/v2\/pages"}],"about":[{"href":"https:\/\/www.univ-usto.dz\/faculte\/fac-snv\/wp-json\/wp\/v2\/types\/page"}],"author":[{"embeddable":true,"href":"https:\/\/www.univ-usto.dz\/faculte\/fac-snv\/wp-json\/wp\/v2\/users\/18"}],"replies":[{"embeddable":true,"href":"https:\/\/www.univ-usto.dz\/faculte\/fac-snv\/wp-json\/wp\/v2\/comments?post=14305"}],"version-history":[{"count":4,"href":"https:\/\/www.univ-usto.dz\/faculte\/fac-snv\/wp-json\/wp\/v2\/pages\/14305\/revisions"}],"predecessor-version":[{"id":14309,"href":"https:\/\/www.univ-usto.dz\/faculte\/fac-snv\/wp-json\/wp\/v2\/pages\/14305\/revisions\/14309"}],"wp:attachment":[{"href":"https:\/\/www.univ-usto.dz\/faculte\/fac-snv\/wp-json\/wp\/v2\/media?parent=14305"}],"curies":[{"name":"wp","href":"https:\/\/api.w.org\/{rel}","templated":true}]}}