{"id":8078,"date":"2020-12-02T09:08:05","date_gmt":"2020-12-02T09:08:05","guid":{"rendered":"http:\/\/www.univ-usto.dz\/faculte\/fac-snv\/?page_id=8078"},"modified":"2020-12-02T15:27:59","modified_gmt":"2020-12-02T15:27:59","slug":"textes-reglementaires-habilitation","status":"publish","type":"page","link":"https:\/\/www.univ-usto.dz\/faculte\/fac-snv\/textes-reglementaires-habilitation\/","title":{"rendered":"Textes r\u00e9glementaires"},"content":{"rendered":"\t\t<div data-elementor-type=\"wp-page\" data-elementor-id=\"8078\" class=\"elementor elementor-8078\">\n\t\t\t\t\t\t<section class=\"elementor-section elementor-top-section elementor-element elementor-element-3a8ddfe elementor-section-boxed elementor-section-height-default elementor-section-height-default\" data-id=\"3a8ddfe\" data-element_type=\"section\">\n\t\t\t\t\t\t<div class=\"elementor-container elementor-column-gap-default\">\n\t\t\t\t\t<div class=\"elementor-column elementor-col-33 elementor-top-column elementor-element elementor-element-c68eb6b\" data-id=\"c68eb6b\" data-element_type=\"column\">\n\t\t\t<div class=\"elementor-widget-wrap elementor-element-populated\">\n\t\t\t\t\t\t<div class=\"elementor-element elementor-element-25422a0 elementor-widget elementor-widget-wp-widget-bellows_navigation_widget\" data-id=\"25422a0\" data-element_type=\"widget\" data-widget_type=\"wp-widget-bellows_navigation_widget.default\">\n\t\t\t\t<div class=\"elementor-widget-container\">\n\t\t\t\t\t<nav id=\"bellows-main-12\" class=\"bellows bellows-nojs bellows-main bellows-source-menu bellows-align-right bellows-skin-vanilla bellows-type- bellows-expand-current\"><ul id=\"menu-menupostgraduation\" class=\"bellows-nav\" data-bellows-config=\"main\"><li id=\"menu-item-6043\" class=\"bellows-menu-item bellows-menu-item-type-post_type bellows-menu-item-object-page bellows-menu-item-6043 bellows-item-level-0\"><a  href=\"https:\/\/www.univ-usto.dz\/faculte\/fac-snv\/formation-post-graduee\/\" class=\"bellows-target\"><span class=\"bellows-target-title bellows-target-text\">Formation doctorale<\/span><\/a><\/li>\n<li id=\"menu-item-8117\" class=\"bellows-menu-item bellows-menu-item-type-post_type bellows-menu-item-object-page bellows-menu-item-has-children bellows-menu-item-8117 bellows-item-level-0\"><a  href=\"https:\/\/www.univ-usto.dz\/faculte\/fac-snv\/habilitation-universitaire\/\" class=\"bellows-target\"><span class=\"bellows-target-title bellows-target-text\">Habilitation universitaire<\/span><button class=\"bellows-subtoggle\" aria-label=\"Toggle Submenu\"><i class=\"bellows-subtoggle-icon-expand fa fa-chevron-down\"><\/i><i class=\"bellows-subtoggle-icon-collapse fa fa-chevron-up\"><\/i><\/button><\/a>\n<ul class=\"bellows-submenu\">\n\t<li id=\"menu-item-8115\" class=\"bellows-menu-item bellows-menu-item-type-post_type bellows-menu-item-object-page bellows-menu-item-8115 bellows-item-level-1\"><a  href=\"https:\/\/www.univ-usto.dz\/faculte\/fac-snv\/condition-habilitation-universitaire\/\" class=\"bellows-target\"><span class=\"bellows-target-title bellows-target-text\">Condition habilitation universitaire<\/span><\/a><\/li>\n\t<li id=\"menu-item-8114\" class=\"bellows-menu-item bellows-menu-item-type-post_type bellows-menu-item-object-page bellows-menu-item-8114 bellows-item-level-1\"><a  href=\"https:\/\/www.univ-usto.dz\/faculte\/fac-snv\/procedure-habilitation-universitaire\/\" class=\"bellows-target\"><span class=\"bellows-target-title bellows-target-text\">Proc\u00e9dure habilitation universitaire<\/span><\/a><\/li>\n\t<li id=\"menu-item-8113\" class=\"bellows-menu-item bellows-menu-item-type-post_type bellows-menu-item-object-page bellows-menu-item-8113 bellows-item-level-1\"><a  href=\"https:\/\/www.univ-usto.dz\/faculte\/fac-snv\/dossier-inscription-habilitation-universitaire\/\" class=\"bellows-target\"><span class=\"bellows-target-title bellows-target-text\">Dossier inscription habilitation universitaire<\/span><\/a><\/li>\n\t<li id=\"menu-item-8116\" class=\"bellows-menu-item bellows-menu-item-type-post_type bellows-menu-item-object-page bellows-menu-item-8116 bellows-item-level-1\"><a  href=\"https:\/\/www.univ-usto.dz\/faculte\/fac-snv\/textes-reglementaires-habilitation\/\" class=\"bellows-target\"><span class=\"bellows-target-title bellows-target-text\">Textes r\u00e9glementaires<\/span><\/a><\/li>\n<\/ul>\n<\/li>\n<li id=\"menu-item-6048\" class=\"bellows-menu-item bellows-menu-item-type-post_type bellows-menu-item-object-page bellows-menu-item-6048 bellows-item-level-0\"><a  href=\"https:\/\/www.univ-usto.dz\/faculte\/fac-snv\/laboratoires-de-recherche\/\" class=\"bellows-target\"><span class=\"bellows-target-title bellows-target-text\">Laboratoires de recherche<\/span><\/a><\/li>\n<li id=\"menu-item-6057\" class=\"bellows-menu-item bellows-menu-item-type-post_type bellows-menu-item-object-page bellows-menu-item-has-children bellows-menu-item-6057 bellows-item-level-0\"><a  href=\"https:\/\/www.univ-usto.dz\/faculte\/fac-snv\/projets-de-recherche\/\" class=\"bellows-target\"><span class=\"bellows-target-title bellows-target-text\">Projets de recherche<\/span><button class=\"bellows-subtoggle\" aria-label=\"Toggle Submenu\"><i class=\"bellows-subtoggle-icon-expand fa fa-chevron-down\"><\/i><i class=\"bellows-subtoggle-icon-collapse fa fa-chevron-up\"><\/i><\/button><\/a>\n<ul class=\"bellows-submenu\">\n\t<li id=\"menu-item-9100\" class=\"bellows-menu-item bellows-menu-item-type-post_type bellows-menu-item-object-page bellows-menu-item-9100 bellows-item-level-1\"><a  href=\"https:\/\/www.univ-usto.dz\/faculte\/fac-snv\/guide-prfu-2\/\" class=\"bellows-target\"><span class=\"bellows-target-title bellows-target-text\">Guide PRFU<\/span><\/a><\/li>\n\t<li id=\"menu-item-9103\" class=\"bellows-menu-item bellows-menu-item-type-post_type bellows-menu-item-object-page bellows-menu-item-9103 bellows-item-level-1\"><a  href=\"https:\/\/www.univ-usto.dz\/faculte\/fac-snv\/criteres-projet-prfu\/\" class=\"bellows-target\"><span class=\"bellows-target-title bellows-target-text\">Crit\u00e8res du porteur du projet PRFU<\/span><\/a><\/li>\n\t<li id=\"menu-item-9102\" class=\"bellows-menu-item bellows-menu-item-type-post_type bellows-menu-item-object-page bellows-menu-item-9102 bellows-item-level-1\"><a  href=\"https:\/\/www.univ-usto.dz\/faculte\/fac-snv\/guide-prfu\/\" class=\"bellows-target\"><span class=\"bellows-target-title bellows-target-text\">Composante de l\u2019\u00e9quipe de recherche PRFU<\/span><\/a><\/li>\n\t<li id=\"menu-item-9122\" class=\"bellows-menu-item bellows-menu-item-type-post_type bellows-menu-item-object-page bellows-menu-item-9122 bellows-item-level-1\"><a  href=\"https:\/\/www.univ-usto.dz\/faculte\/fac-snv\/selection-prfu\/\" class=\"bellows-target\"><span class=\"bellows-target-title bellows-target-text\">S\u00e9lection des projets PRFU<\/span><\/a><\/li>\n\t<li id=\"menu-item-9101\" class=\"bellows-menu-item bellows-menu-item-type-post_type bellows-menu-item-object-page bellows-menu-item-9101 bellows-item-level-1\"><a  href=\"https:\/\/www.univ-usto.dz\/faculte\/fac-snv\/levaluation-des-projets\/\" class=\"bellows-target\"><span class=\"bellows-target-title bellows-target-text\">Evaluation des projets<\/span><\/a><\/li>\n<\/ul>\n<\/li>\n<li id=\"menu-item-10107\" class=\"bellows-menu-item bellows-menu-item-type-post_type bellows-menu-item-object-page bellows-menu-item-10107 bellows-item-level-0\"><a  href=\"https:\/\/www.univ-usto.dz\/faculte\/fac-snv\/conseil-scientifique\/\" class=\"bellows-target\"><span class=\"bellows-target-title bellows-target-text\">Conseil scientifique<\/span><\/a><\/li>\n<li id=\"menu-item-6072\" class=\"bellows-menu-item bellows-menu-item-type-post_type bellows-menu-item-object-page bellows-menu-item-6072 bellows-item-level-0\"><a  href=\"https:\/\/www.univ-usto.dz\/faculte\/fac-snv\/production-scientifique\/\" class=\"bellows-target\"><span class=\"bellows-target-title bellows-target-text\">Production scientifique<\/span><\/a><\/li>\n<li id=\"menu-item-6071\" class=\"bellows-menu-item bellows-menu-item-type-post_type bellows-menu-item-object-page bellows-menu-item-6071 bellows-item-level-0\"><a  href=\"https:\/\/www.univ-usto.dz\/faculte\/fac-snv\/categorisation\/\" class=\"bellows-target\"><span class=\"bellows-target-title bellows-target-text\">Cat\u00e9gorisation des Revues Scientifiques<\/span><\/a><\/li>\n<li id=\"menu-item-6070\" class=\"bellows-menu-item bellows-menu-item-type-post_type bellows-menu-item-object-page bellows-menu-item-6070 bellows-item-level-0\"><a  href=\"https:\/\/www.univ-usto.dz\/faculte\/fac-snv\/liens-utiles\/\" class=\"bellows-target\"><span class=\"bellows-target-title bellows-target-text\">Liens utiles<\/span><\/a><\/li>\n<\/ul><\/nav>\t\t\t\t<\/div>\n\t\t\t\t<\/div>\n\t\t\t\t\t<\/div>\n\t\t<\/div>\n\t\t\t\t<div class=\"elementor-column elementor-col-66 elementor-top-column elementor-element elementor-element-993564c\" data-id=\"993564c\" data-element_type=\"column\">\n\t\t\t<div class=\"elementor-widget-wrap elementor-element-populated\">\n\t\t\t\t\t\t<div class=\"elementor-element elementor-element-40a7ae3 elementor-widget elementor-widget-text-editor\" data-id=\"40a7ae3\" data-element_type=\"widget\" data-widget_type=\"text-editor.default\">\n\t\t\t\t<div class=\"elementor-widget-container\">\n\t\t\t\t\t\t\t\t\t<h3><strong>Textes r\u00e9glementaires<\/strong><\/h3><p><strong>1998 &#8211; D\u00e9cret ex\u00e9cutif n\u00b0 98-254 du 17-09-1998 <\/strong>\u00a0T\u00e9l\u00e9charger version : <strong><a href=\"https:\/\/https:\/\/www.univ-usto.dz\/faculte\/fac-snv\/wp-content\/uploads\/2020\/11\/17-\u0623\u0648\u062a-1998.pdf\">Arabe<\/a><\/strong> \/<a href=\"https:\/\/https:\/\/www.univ-usto.dz\/faculte\/fac-snv\/wp-content\/uploads\/2020\/10\/Decret-executif-n\u00b0-98-254-du-17-aout-1998-relatif-a-la-formation-doctorale-a-la-post-graduation-specialisee-et-a-lhabilitation-universitaire..pdf\"><strong>fran\u00e7aise<\/strong><\/a><\/p><p><strong>1999-D\u00e9cret ex\u00e9cutif n\u00b099-257 correspondant au 16-11-1999 T\u00e9l\u00e9charger version : Arabe\/<a href=\"https:\/\/https:\/\/www.univ-usto.dz\/faculte\/fac-snv\/wp-content\/uploads\/2020\/10\/16-novembre-1999.pdf\" target=\"_blank\" rel=\"noopener\">Fran\u00e7aise\u00a0<br \/><\/a><\/strong><\/p><p><strong>1999-D\u00e9cret ex\u00e9cutif n\u00b099-244 correspondant au 31-10- 1999 T\u00e9l\u00e9charger version : Arabe\/<a href=\"https:\/\/https:\/\/www.univ-usto.dz\/faculte\/fac-snv\/wp-content\/uploads\/2020\/10\/31-octobre-1999.pdf\">\u00a0Fran\u00e7aise<\/a>\u00a0<br \/><\/strong><\/p><p><strong>2001-D\u00e9cret ex\u00e9cutif n\u00b001-296 correspondant au 01-10-2001 modifiant le d\u00e9cret ex\u00e9cutif n\u00b092-22 du 13-01-1992 T\u00e9l\u00e9charger version : Arabe\/ <a href=\"https:\/\/https:\/\/www.univ-usto.dz\/faculte\/fac-snv\/wp-content\/uploads\/2020\/10\/2001-10-1992.pdf\" target=\"_blank\" rel=\"noopener\">Fran\u00e7aise<\/a><\/strong><\/p><p><strong>2003- Circulaire N\u00b0 3 du 24-05- 2003 T\u00e9l\u00e9charger version :<a href=\"https:\/\/https:\/\/www.univ-usto.dz\/faculte\/fac-snv\/wp-content\/uploads\/2020\/12\/3-2452003.pdf\">Arabe<\/a>\/\u00a0 <a href=\"https:\/\/https:\/\/www.univ-usto.dz\/faculte\/fac-snv\/wp-content\/uploads\/2020\/10\/Circulaire-N\u00b0-3-du-24-mai-2003-fixant-les-modalites-dapplication-de-lhabilitation-universitaire..pdf\">Fran\u00e7aise<\/a><\/strong><\/p><p><strong>2005- Circulaire N\u00b0 4 du <\/strong><strong>26-03- 2005 T\u00e9l\u00e9charger version : <a href=\"https:\/\/https:\/\/www.univ-usto.dz\/faculte\/fac-snv\/wp-content\/uploads\/2020\/11\/\u0627-26-\u0645\u0627\u0631\u0633-2005..pdf\">Arabe\/<\/a> <a href=\"https:\/\/https:\/\/www.univ-usto.dz\/faculte\/fac-snv\/wp-content\/uploads\/2020\/10\/Circulaire-N\u00b0-4-du-26-Mars-2005-fixant-les-conditions-dinscription-a-lhabilitation-universitaire..pdf\">Fran\u00e7aise<\/a><a href=\"https:\/\/https:\/\/www.univ-usto.dz\/faculte\/fac-snv\/wp-content\/uploads\/2020\/10\/Circulaire-N\u00b0-3-du-24-mai-2003-fixant-les-modalites-dapplication-de-lhabilitation-universitaire..pdf\"><br \/><\/a><\/strong><\/p><p><strong>\u00a0<\/strong><strong>2007- Circulaire N\u00b0 2 du 24-04- 2007 T\u00e9l\u00e9charger version :<a href=\"https:\/\/https:\/\/www.univ-usto.dz\/faculte\/fac-snv\/wp-content\/uploads\/2020\/11\/24-\u0623\u0641\u0631\u064a\u0644-2007-\u0627\u0644\u062a\u0623\u0647\u064a\u0644-\u0627\u0644\u062c\u0627\u0645\u0639\u064a..pdf\">Arabe \/ <\/a><a href=\"https:\/\/https:\/\/www.univ-usto.dz\/faculte\/fac-snv\/wp-content\/uploads\/2020\/10\/Circulaire-N\u00b0-2-du-24-avril-2007-fixant-les-modalites-dhabilitation-des-etablissements-universitaire-a-inscrire-des-etudiants-en-doctorat-et-a-delivrer-lhabilita.pdf\">Fran\u00e7aise<\/a><\/strong><\/p><p><strong>2008-decret ex\u00e9cutif 08-130 du 04-05-2008 T\u00e9l\u00e9charger version : Arabe-\/<a href=\"https:\/\/https:\/\/www.univ-usto.dz\/faculte\/fac-snv\/wp-content\/uploads\/2020\/10\/4mais2008.pdf\">Fran\u00e7aise<\/a><\/strong><\/p><p><strong>2008-D\u00e9cret ex\u00e9cutif n\u00b008-237 correspondant au 27-07-2008 T\u00e9l\u00e9charger version : Arabe \/<\/strong><a href=\"https:\/\/https:\/\/www.univ-usto.dz\/faculte\/fac-snv\/wp-content\/uploads\/2020\/10\/27-juillet-2008.pdf\"><strong>Fran\u00e7aise<\/strong><\/a><\/p><p><strong>2008-decret ex\u00e9cutif 08-131 du 04-05-2008 T\u00e9l\u00e9charger version : Arabe \/ <a href=\"https:\/\/https:\/\/www.univ-usto.dz\/faculte\/fac-snv\/wp-content\/uploads\/2020\/10\/08-131.pdf\">Fran\u00e7aise<\/a><\/strong><\/p><p><strong>2010- D\u00e9cret ex\u00e9cutif n\u00b0 10-202 du 09-09- 2010 modifiant et compl\u00e9tant le d\u00e9cret ex\u00e9cutif n\u00b0 98-254 T\u00e9l\u00e9charger version :<a href=\"https:\/\/https:\/\/www.univ-usto.dz\/faculte\/fac-snv\/wp-content\/uploads\/2020\/11\/09-\u0633\u0628\u062a\u0645\u0628\u0631-2010.pdf\">Arabe<\/a> \/\u00a0<a href=\"https:\/\/https:\/\/www.univ-usto.dz\/faculte\/fac-snv\/wp-content\/uploads\/2020\/10\/Decret-executif-n\u00b0-10-202-du-09-septembre-2010-modifiant-et-completant-le-decret-executif-n\u00b0-98-254-du-17-aout-1998-relatif-a-la-formation-doctorale-a-la-post-grad.pdf\">Fran\u00e7aise<\/a><\/strong><\/p><p><strong>2013-D\u00e9cret ex\u00e9cutif n\u00b013-109 correspondant au 17 -03-2013 T\u00e9l\u00e9charger version : Arabe \/ <a href=\"https:\/\/https:\/\/www.univ-usto.dz\/faculte\/fac-snv\/wp-content\/uploads\/2020\/10\/Decret-executif-n\u00b013-109-correspondant-au-17-mars-2013-fixant-les-modalites-de-creation-et-de-fonctionnement-de-lequipe-de-recherche.-Copie.pdf\">Fran\u00e7aise<\/a><a href=\"https:\/\/https:\/\/www.univ-usto.dz\/faculte\/fac-snv\/wp-content\/uploads\/2020\/10\/Circulaire-N\u00b0-3-du-24-mai-2003-fixant-les-modalites-dapplication-de-lhabilitation-universitaire..pdf\"><br \/><\/a><\/strong><\/p><p><strong>2013-Arr\u00eat\u00e9 n\u00b0 521 du 05-09- 2013\u00a0 T\u00e9l\u00e9charger version\u00a0 : <a href=\"https:\/\/https:\/\/www.univ-usto.dz\/faculte\/fac-snv\/wp-content\/uploads\/2020\/12\/deci521_1392013_hu.pdf\">Arabe<\/a> \/<a href=\"https:\/\/https:\/\/www.univ-usto.dz\/faculte\/fac-snv\/wp-content\/uploads\/2020\/10\/Arrete-n\u00b0-521-du-05-Septembre-2013-fixant-les-modalites-de-mise-en-oeuvre-des-dispositions-relatives-a-lhabilitation-universitaire..pdf\">Fran\u00e7aise<\/a><a href=\"https:\/\/https:\/\/www.univ-usto.dz\/faculte\/fac-snv\/wp-content\/uploads\/2020\/10\/Circulaire-N\u00b0-3-du-24-mai-2003-fixant-les-modalites-dapplication-de-lhabilitation-universitaire..pdf\"><br \/><\/a><\/strong><\/p><p><strong>2016-Plagiat Arr\u00eat\u00e9 N\u00b0933 du 28-07-2016 T\u00e9l\u00e9charger version : Arabe \/ <a href=\"https:\/\/https:\/\/www.univ-usto.dz\/faculte\/fac-snv\/wp-content\/uploads\/2020\/10\/Plagiat-Arrete-N\u00b0933-du-28-Juillet-2016-Ar.pdf\">Fran\u00e7aise\u00a0<\/a><a href=\"https:\/\/https:\/\/www.univ-usto.dz\/faculte\/fac-snv\/wp-content\/uploads\/2020\/10\/Circulaire-N\u00b0-3-du-24-mai-2003-fixant-les-modalites-dapplication-de-lhabilitation-universitaire..pdf\"><br \/><\/a><\/strong><\/p><p><strong>2018-Arr\u00eat\u00e9 n\u00b0 170 du 20-02-2018 T\u00e9l\u00e9charger version :<a href=\"https:\/\/https:\/\/www.univ-usto.dz\/faculte\/fac-snv\/wp-content\/uploads\/2020\/11\/\u0641\u064a\u0641\u0631\u064a-2018-5.pdf\">Arabe \/ <\/a><a href=\"https:\/\/https:\/\/www.univ-usto.dz\/faculte\/fac-snv\/wp-content\/uploads\/2020\/10\/Arrete-n\u00b0-170-du-20-Fev-2018-Fixant-les-modalites-de-mise-en-oeuvre-des-dispositions-relatives-a-lhabilitation-universitaire.-1.pdf\">Fran\u00e7aise<\/a><br \/><\/strong><\/p><p><strong>2018-Note explicative N\u00b0 374 du 16-05-2018: T\u00e9l\u00e9charger version : Arabe\/ <a href=\"https:\/\/https:\/\/www.univ-usto.dz\/faculte\/fac-snv\/wp-content\/uploads\/2020\/10\/Note-explicative-N\u00b0-374-du-16-Mai-2018-concernant-les-nouvelles-dispositions-reglementaires-regissant-le-doctorat-lhabilitation-universitaire-et-les-PRFU..pdf\">Fran\u00e7aise\u00a0<\/a><a href=\"https:\/\/https:\/\/www.univ-usto.dz\/faculte\/fac-snv\/wp-content\/uploads\/2020\/10\/Circulaire-N\u00b0-3-du-24-mai-2003-fixant-les-modalites-dapplication-de-lhabilitation-universitaire..pdf\"><br \/><\/a><\/strong><\/p><p><strong>\u00a0<\/strong><\/p><div>\u00a0<\/div><div>\u00a0<\/div>\t\t\t\t\t\t\t\t<\/div>\n\t\t\t\t<\/div>\n\t\t\t\t\t<\/div>\n\t\t<\/div>\n\t\t\t\t\t<\/div>\n\t\t<\/section>\n\t\t\t\t<\/div>\n\t\t","protected":false},"excerpt":{"rendered":"<p>Textes r\u00e9glementaires 1998 &#8211; D\u00e9cret ex\u00e9cutif n\u00b0 98-254 du 17-09-1998 \u00a0T\u00e9l\u00e9charger version : Arabe \/fran\u00e7aise 1999-D\u00e9cret ex\u00e9cutif n\u00b099-257 correspondant au 16-11-1999 T\u00e9l\u00e9charger version : Arabe\/Fran\u00e7aise\u00a0 1999-D\u00e9cret ex\u00e9cutif n\u00b099-244 correspondant au <a href=\"https:\/\/www.univ-usto.dz\/faculte\/fac-snv\/textes-reglementaires-habilitation\/\" class=\"read-more\">Lire la suite &#8230;<\/a><\/p>\n","protected":false},"author":1,"featured_media":0,"parent":0,"menu_order":0,"comment_status":"closed","ping_status":"closed","template":"","meta":{"footnotes":""},"class_list":["post-8078","page","type-page","status-publish","hentry"],"_links":{"self":[{"href":"https:\/\/www.univ-usto.dz\/faculte\/fac-snv\/wp-json\/wp\/v2\/pages\/8078","targetHints":{"allow":["GET"]}}],"collection":[{"href":"https:\/\/www.univ-usto.dz\/faculte\/fac-snv\/wp-json\/wp\/v2\/pages"}],"about":[{"href":"https:\/\/www.univ-usto.dz\/faculte\/fac-snv\/wp-json\/wp\/v2\/types\/page"}],"author":[{"embeddable":true,"href":"https:\/\/www.univ-usto.dz\/faculte\/fac-snv\/wp-json\/wp\/v2\/users\/1"}],"replies":[{"embeddable":true,"href":"https:\/\/www.univ-usto.dz\/faculte\/fac-snv\/wp-json\/wp\/v2\/comments?post=8078"}],"version-history":[{"count":7,"href":"https:\/\/www.univ-usto.dz\/faculte\/fac-snv\/wp-json\/wp\/v2\/pages\/8078\/revisions"}],"predecessor-version":[{"id":8126,"href":"https:\/\/www.univ-usto.dz\/faculte\/fac-snv\/wp-json\/wp\/v2\/pages\/8078\/revisions\/8126"}],"wp:attachment":[{"href":"https:\/\/www.univ-usto.dz\/faculte\/fac-snv\/wp-json\/wp\/v2\/media?parent=8078"}],"curies":[{"name":"wp","href":"https:\/\/api.w.org\/{rel}","templated":true}]}}