{"id":9041,"date":"2020-12-23T08:55:06","date_gmt":"2020-12-23T08:55:06","guid":{"rendered":"http:\/\/www.univ-usto.dz\/faculte\/fac-snv\/?page_id=9041"},"modified":"2020-12-23T14:30:23","modified_gmt":"2020-12-23T14:30:23","slug":"guide-prfu","status":"publish","type":"page","link":"https:\/\/www.univ-usto.dz\/faculte\/fac-snv\/guide-prfu\/","title":{"rendered":"Composante de l\u2019\u00e9quipe de recherche PRFU"},"content":{"rendered":"\t\t<div data-elementor-type=\"wp-page\" data-elementor-id=\"9041\" class=\"elementor elementor-9041\">\n\t\t\t\t\t\t<section class=\"elementor-section elementor-top-section elementor-element elementor-element-95104b1 elementor-section-boxed elementor-section-height-default elementor-section-height-default\" data-id=\"95104b1\" data-element_type=\"section\">\n\t\t\t\t\t\t<div class=\"elementor-container elementor-column-gap-default\">\n\t\t\t\t\t<div class=\"elementor-column elementor-col-33 elementor-top-column elementor-element elementor-element-51497c6\" data-id=\"51497c6\" data-element_type=\"column\">\n\t\t\t<div class=\"elementor-widget-wrap elementor-element-populated\">\n\t\t\t\t\t\t<div class=\"elementor-element elementor-element-7b3f758 elementor-widget elementor-widget-wp-widget-bellows_navigation_widget\" data-id=\"7b3f758\" data-element_type=\"widget\" data-widget_type=\"wp-widget-bellows_navigation_widget.default\">\n\t\t\t\t<div class=\"elementor-widget-container\">\n\t\t\t\t\t<nav id=\"bellows-main-12\" class=\"bellows bellows-nojs bellows-main bellows-source-menu bellows-align-right bellows-skin-vanilla bellows-type- bellows-expand-current\"><ul id=\"menu-menupostgraduation\" class=\"bellows-nav\" data-bellows-config=\"main\"><li id=\"menu-item-6043\" class=\"bellows-menu-item bellows-menu-item-type-post_type bellows-menu-item-object-page bellows-menu-item-6043 bellows-item-level-0\"><a  href=\"https:\/\/www.univ-usto.dz\/faculte\/fac-snv\/formation-post-graduee\/\" class=\"bellows-target\"><span class=\"bellows-target-title bellows-target-text\">Formation doctorale<\/span><\/a><\/li>\n<li id=\"menu-item-8117\" class=\"bellows-menu-item bellows-menu-item-type-post_type bellows-menu-item-object-page bellows-menu-item-has-children bellows-menu-item-8117 bellows-item-level-0\"><a  href=\"https:\/\/www.univ-usto.dz\/faculte\/fac-snv\/habilitation-universitaire\/\" class=\"bellows-target\"><span class=\"bellows-target-title bellows-target-text\">Habilitation universitaire<\/span><button class=\"bellows-subtoggle\" aria-label=\"Toggle Submenu\"><i class=\"bellows-subtoggle-icon-expand fa fa-chevron-down\"><\/i><i class=\"bellows-subtoggle-icon-collapse fa fa-chevron-up\"><\/i><\/button><\/a>\n<ul class=\"bellows-submenu\">\n\t<li id=\"menu-item-8115\" class=\"bellows-menu-item bellows-menu-item-type-post_type bellows-menu-item-object-page bellows-menu-item-8115 bellows-item-level-1\"><a  href=\"https:\/\/www.univ-usto.dz\/faculte\/fac-snv\/condition-habilitation-universitaire\/\" class=\"bellows-target\"><span class=\"bellows-target-title bellows-target-text\">Condition habilitation universitaire<\/span><\/a><\/li>\n\t<li id=\"menu-item-8114\" class=\"bellows-menu-item bellows-menu-item-type-post_type bellows-menu-item-object-page bellows-menu-item-8114 bellows-item-level-1\"><a  href=\"https:\/\/www.univ-usto.dz\/faculte\/fac-snv\/procedure-habilitation-universitaire\/\" class=\"bellows-target\"><span class=\"bellows-target-title bellows-target-text\">Proc\u00e9dure habilitation universitaire<\/span><\/a><\/li>\n\t<li id=\"menu-item-8113\" class=\"bellows-menu-item bellows-menu-item-type-post_type bellows-menu-item-object-page bellows-menu-item-8113 bellows-item-level-1\"><a  href=\"https:\/\/www.univ-usto.dz\/faculte\/fac-snv\/dossier-inscription-habilitation-universitaire\/\" class=\"bellows-target\"><span class=\"bellows-target-title bellows-target-text\">Dossier inscription habilitation universitaire<\/span><\/a><\/li>\n\t<li id=\"menu-item-8116\" class=\"bellows-menu-item bellows-menu-item-type-post_type bellows-menu-item-object-page bellows-menu-item-8116 bellows-item-level-1\"><a  href=\"https:\/\/www.univ-usto.dz\/faculte\/fac-snv\/textes-reglementaires-habilitation\/\" class=\"bellows-target\"><span class=\"bellows-target-title bellows-target-text\">Textes r\u00e9glementaires<\/span><\/a><\/li>\n<\/ul>\n<\/li>\n<li id=\"menu-item-6048\" class=\"bellows-menu-item bellows-menu-item-type-post_type bellows-menu-item-object-page bellows-menu-item-6048 bellows-item-level-0\"><a  href=\"https:\/\/www.univ-usto.dz\/faculte\/fac-snv\/laboratoires-de-recherche\/\" class=\"bellows-target\"><span class=\"bellows-target-title bellows-target-text\">Laboratoires de recherche<\/span><\/a><\/li>\n<li id=\"menu-item-6057\" class=\"bellows-menu-item bellows-menu-item-type-post_type bellows-menu-item-object-page bellows-menu-item-has-children bellows-menu-item-6057 bellows-item-level-0\"><a  href=\"https:\/\/www.univ-usto.dz\/faculte\/fac-snv\/projets-de-recherche\/\" class=\"bellows-target\"><span class=\"bellows-target-title bellows-target-text\">Projets de recherche<\/span><button class=\"bellows-subtoggle\" aria-label=\"Toggle Submenu\"><i class=\"bellows-subtoggle-icon-expand fa fa-chevron-down\"><\/i><i class=\"bellows-subtoggle-icon-collapse fa fa-chevron-up\"><\/i><\/button><\/a>\n<ul class=\"bellows-submenu\">\n\t<li id=\"menu-item-9100\" class=\"bellows-menu-item bellows-menu-item-type-post_type bellows-menu-item-object-page bellows-menu-item-9100 bellows-item-level-1\"><a  href=\"https:\/\/www.univ-usto.dz\/faculte\/fac-snv\/guide-prfu-2\/\" class=\"bellows-target\"><span class=\"bellows-target-title bellows-target-text\">Guide PRFU<\/span><\/a><\/li>\n\t<li id=\"menu-item-9103\" class=\"bellows-menu-item bellows-menu-item-type-post_type bellows-menu-item-object-page bellows-menu-item-9103 bellows-item-level-1\"><a  href=\"https:\/\/www.univ-usto.dz\/faculte\/fac-snv\/criteres-projet-prfu\/\" class=\"bellows-target\"><span class=\"bellows-target-title bellows-target-text\">Crit\u00e8res du porteur du projet PRFU<\/span><\/a><\/li>\n\t<li id=\"menu-item-9102\" class=\"bellows-menu-item bellows-menu-item-type-post_type bellows-menu-item-object-page bellows-menu-item-9102 bellows-item-level-1\"><a  href=\"https:\/\/www.univ-usto.dz\/faculte\/fac-snv\/guide-prfu\/\" class=\"bellows-target\"><span class=\"bellows-target-title bellows-target-text\">Composante de l\u2019\u00e9quipe de recherche PRFU<\/span><\/a><\/li>\n\t<li id=\"menu-item-9122\" class=\"bellows-menu-item bellows-menu-item-type-post_type bellows-menu-item-object-page bellows-menu-item-9122 bellows-item-level-1\"><a  href=\"https:\/\/www.univ-usto.dz\/faculte\/fac-snv\/selection-prfu\/\" class=\"bellows-target\"><span class=\"bellows-target-title bellows-target-text\">S\u00e9lection des projets PRFU<\/span><\/a><\/li>\n\t<li id=\"menu-item-9101\" class=\"bellows-menu-item bellows-menu-item-type-post_type bellows-menu-item-object-page bellows-menu-item-9101 bellows-item-level-1\"><a  href=\"https:\/\/www.univ-usto.dz\/faculte\/fac-snv\/levaluation-des-projets\/\" class=\"bellows-target\"><span class=\"bellows-target-title bellows-target-text\">Evaluation des projets<\/span><\/a><\/li>\n<\/ul>\n<\/li>\n<li id=\"menu-item-10107\" class=\"bellows-menu-item bellows-menu-item-type-post_type bellows-menu-item-object-page bellows-menu-item-10107 bellows-item-level-0\"><a  href=\"https:\/\/www.univ-usto.dz\/faculte\/fac-snv\/conseil-scientifique\/\" class=\"bellows-target\"><span class=\"bellows-target-title bellows-target-text\">Conseil scientifique<\/span><\/a><\/li>\n<li id=\"menu-item-6072\" class=\"bellows-menu-item bellows-menu-item-type-post_type bellows-menu-item-object-page bellows-menu-item-6072 bellows-item-level-0\"><a  href=\"https:\/\/www.univ-usto.dz\/faculte\/fac-snv\/production-scientifique\/\" class=\"bellows-target\"><span class=\"bellows-target-title bellows-target-text\">Production scientifique<\/span><\/a><\/li>\n<li id=\"menu-item-6071\" class=\"bellows-menu-item bellows-menu-item-type-post_type bellows-menu-item-object-page bellows-menu-item-6071 bellows-item-level-0\"><a  href=\"https:\/\/www.univ-usto.dz\/faculte\/fac-snv\/categorisation\/\" class=\"bellows-target\"><span class=\"bellows-target-title bellows-target-text\">Cat\u00e9gorisation des Revues Scientifiques<\/span><\/a><\/li>\n<li id=\"menu-item-6070\" class=\"bellows-menu-item bellows-menu-item-type-post_type bellows-menu-item-object-page bellows-menu-item-6070 bellows-item-level-0\"><a  href=\"https:\/\/www.univ-usto.dz\/faculte\/fac-snv\/liens-utiles\/\" class=\"bellows-target\"><span class=\"bellows-target-title bellows-target-text\">Liens utiles<\/span><\/a><\/li>\n<\/ul><\/nav>\t\t\t\t<\/div>\n\t\t\t\t<\/div>\n\t\t\t\t\t<\/div>\n\t\t<\/div>\n\t\t\t\t<div class=\"elementor-column elementor-col-66 elementor-top-column elementor-element elementor-element-2ff33bd\" data-id=\"2ff33bd\" data-element_type=\"column\">\n\t\t\t<div class=\"elementor-widget-wrap elementor-element-populated\">\n\t\t\t\t\t\t<div class=\"elementor-element elementor-element-483532b elementor-widget elementor-widget-text-editor\" data-id=\"483532b\" data-element_type=\"widget\" data-widget_type=\"text-editor.default\">\n\t\t\t\t<div class=\"elementor-widget-container\">\n\t\t\t\t\t\t\t\t\t<h3 class=\"LC20lb DKV0Md\"><strong>Composante de l\u2019\u00e9quipe de recherche PRFU<\/strong><\/h3><p>L\u2019\u00e9quipe doit \u00eatre constitu\u00e9e au minimum de trois (03) membres dont le chef de projet, ou de six (06) membres au maximum dont le chef de projet selon les variantes suivantes\u00a0:<\/p><ul><li>Un enseignant de rang magistral (PROF ou MCA) et deux doctorants.<\/li><li>Un enseignant de rang magistral (PROF ou MCA), un \u00e0 deux maitres de conf\u00e9rences classe \u00ab\u00a0B\u00a0\u00bb et deux \u00e0 trois doctorants.<\/li><li>Deux enseignants de rang magistral (PROF. Ou MCA) et trois \u00e0 quatre doctorants.<\/li><li>Deux enseignants de rang magistral (PROF. Ou MCA), un maitre de conf\u00e9rence classe \u00ab\u00a0B\u00a0\u00bb et trois doctorants.<\/li><\/ul><p>*Les int\u00e9grations ne sont pas permises durant la p\u00e9riode du projet<\/p><p>*L\u2019exclusion d\u2019un membre doit \u00eatre consign\u00e9e dans un rapport circonstanci\u00e9.<\/p><p>*Les enseignants chercheurs contractuels, retrait\u00e9s ou d\u00e9tach\u00e9s <u>hors secteurs<\/u> ne peuvent \u00eatre membre d\u2019un projet.<\/p><p>*L\u2019enseignant chercheur ne peut figurer que dans un seul projet de recherche.<\/p><p>\u00a0<strong><u>Dur\u00e9e du projet<\/u><\/strong>\u00a0: La dur\u00e9e du projet est fix\u00e9e \u00e0 quatre (04) ans<\/p>\t\t\t\t\t\t\t\t<\/div>\n\t\t\t\t<\/div>\n\t\t\t\t\t<\/div>\n\t\t<\/div>\n\t\t\t\t\t<\/div>\n\t\t<\/section>\n\t\t\t\t<\/div>\n\t\t","protected":false},"excerpt":{"rendered":"<p>Composante de l\u2019\u00e9quipe de recherche PRFU L\u2019\u00e9quipe doit \u00eatre constitu\u00e9e au minimum de trois (03) membres dont le chef de projet, ou de six (06) membres au maximum dont le <a href=\"https:\/\/www.univ-usto.dz\/faculte\/fac-snv\/guide-prfu\/\" class=\"read-more\">Lire la suite &#8230;<\/a><\/p>\n","protected":false},"author":1,"featured_media":0,"parent":0,"menu_order":0,"comment_status":"closed","ping_status":"closed","template":"","meta":{"footnotes":""},"class_list":["post-9041","page","type-page","status-publish","hentry"],"_links":{"self":[{"href":"https:\/\/www.univ-usto.dz\/faculte\/fac-snv\/wp-json\/wp\/v2\/pages\/9041","targetHints":{"allow":["GET"]}}],"collection":[{"href":"https:\/\/www.univ-usto.dz\/faculte\/fac-snv\/wp-json\/wp\/v2\/pages"}],"about":[{"href":"https:\/\/www.univ-usto.dz\/faculte\/fac-snv\/wp-json\/wp\/v2\/types\/page"}],"author":[{"embeddable":true,"href":"https:\/\/www.univ-usto.dz\/faculte\/fac-snv\/wp-json\/wp\/v2\/users\/1"}],"replies":[{"embeddable":true,"href":"https:\/\/www.univ-usto.dz\/faculte\/fac-snv\/wp-json\/wp\/v2\/comments?post=9041"}],"version-history":[{"count":12,"href":"https:\/\/www.univ-usto.dz\/faculte\/fac-snv\/wp-json\/wp\/v2\/pages\/9041\/revisions"}],"predecessor-version":[{"id":9125,"href":"https:\/\/www.univ-usto.dz\/faculte\/fac-snv\/wp-json\/wp\/v2\/pages\/9041\/revisions\/9125"}],"wp:attachment":[{"href":"https:\/\/www.univ-usto.dz\/faculte\/fac-snv\/wp-json\/wp\/v2\/media?parent=9041"}],"curies":[{"name":"wp","href":"https:\/\/api.w.org\/{rel}","templated":true}]}}