{"id":115,"date":"2020-08-08T10:24:15","date_gmt":"2020-08-08T10:24:15","guid":{"rendered":"https:\/\/www.univ-usto.dz\/inside\/newsletters\/"},"modified":"2023-07-10T18:31:49","modified_gmt":"2023-07-10T18:31:49","slug":"newsletters","status":"publish","type":"page","link":"https:\/\/www.univ-usto.dz\/inside\/newsletters\/","title":{"rendered":"Newslettes"},"content":{"rendered":"\t\t<div data-elementor-type=\"wp-page\" data-elementor-id=\"115\" class=\"elementor elementor-115\">\n\t\t\t\t\t\t<div class=\"elementor-inner\">\n\t\t\t\t<div class=\"elementor-section-wrap\">\n\t\t\t\t\t\t\t\t\t<section class=\"elementor-section elementor-top-section elementor-element elementor-element-312bbe1 elementor-section-boxed elementor-section-height-default elementor-section-height-default\" data-id=\"312bbe1\" data-element_type=\"section\">\n\t\t\t\t\t\t<div class=\"elementor-container elementor-column-gap-default\">\n\t\t\t\t\t\t\t<div class=\"elementor-row\">\n\t\t\t\t\t<div class=\"elementor-column elementor-col-50 elementor-top-column elementor-element elementor-element-f033b21\" data-id=\"f033b21\" data-element_type=\"column\">\n\t\t\t<div class=\"elementor-column-wrap elementor-element-populated\">\n\t\t\t\t\t\t\t<div class=\"elementor-widget-wrap\">\n\t\t\t\t\t\t<div class=\"elementor-element elementor-element-dcf8a23 elementor-widget elementor-widget-wp-widget-bellows_navigation_widget\" data-id=\"dcf8a23\" data-element_type=\"widget\" data-widget_type=\"wp-widget-bellows_navigation_widget.default\">\n\t\t\t\t<div class=\"elementor-widget-container\">\n\t\t\t<nav id=\"bellows-main-30\" class=\"bellows bellows-nojs bellows-main bellows-source-menu bellows-align-full bellows-skin-vanilla bellows-type-\"><ul id=\"menu-insidepresentation\" class=\"bellows-nav\" data-bellows-config=\"main\"><li id=\"menu-item-38308\" class=\"bellows-menu-item bellows-menu-item-type-post_type bellows-menu-item-object-page bellows-menu-item-38308 bellows-item-level-0\"><a  href=\"https:\/\/www.univ-usto.dz\/inside\/inside\/\" class=\"bellows-target\"><span class=\"bellows-target-title bellows-target-text\">Accueil<\/span><\/a><\/li>\n<li id=\"menu-item-38307\" class=\"bellows-menu-item bellows-menu-item-type-post_type bellows-menu-item-object-page bellows-menu-item-38307 bellows-item-level-0\"><a  href=\"https:\/\/www.univ-usto.dz\/inside\/objectifs-projet\/\" class=\"bellows-target\"><span class=\"bellows-target-title bellows-target-text\">Objectifs<\/span><\/a><\/li>\n<li id=\"menu-item-39609\" class=\"bellows-menu-item bellows-menu-item-type-custom bellows-menu-item-object-custom bellows-menu-item-has-children bellows-menu-item-39609 bellows-item-level-0\"><a  href=\"#\" class=\"bellows-target\"><span class=\"bellows-target-title bellows-target-text\">Activit\u00e9s<\/span><button class=\"bellows-subtoggle\" aria-label=\"Toggle Submenu\"><i class=\"bellows-subtoggle-icon-expand fa fa-chevron-down\"><\/i><i class=\"bellows-subtoggle-icon-collapse fa fa-chevron-up\"><\/i><\/button><\/a>\n<ul class=\"bellows-submenu\">\n\t<li id=\"menu-item-38314\" class=\"bellows-menu-item bellows-menu-item-type-post_type bellows-menu-item-object-page bellows-menu-item-38314 bellows-item-level-1\"><a  href=\"https:\/\/www.univ-usto.dz\/inside\/activiteinside\/\" class=\"bellows-target\"><span class=\"bellows-target-title bellows-target-text\">Activit\u00e9s internationales<\/span><\/a><\/li>\n\t<li id=\"menu-item-39074\" class=\"bellows-menu-item bellows-menu-item-type-post_type bellows-menu-item-object-page bellows-menu-item-39074 bellows-item-level-1\"><a  href=\"https:\/\/www.univ-usto.dz\/inside\/activite-inside-including-student-with-impairments-in-distance-education\/\" class=\"bellows-target\"><span class=\"bellows-target-title bellows-target-text\">Activit\u00e9s Locales<\/span><\/a><\/li>\n<\/ul>\n<\/li>\n<li id=\"menu-item-39611\" class=\"bellows-menu-item bellows-menu-item-type-custom bellows-menu-item-object-custom bellows-menu-item-has-children bellows-menu-item-39611 bellows-item-level-0\"><a  href=\"#\" class=\"bellows-target\"><span class=\"bellows-target-title bellows-target-text\">Formations<\/span><button class=\"bellows-subtoggle\" aria-label=\"Toggle Submenu\"><i class=\"bellows-subtoggle-icon-expand fa fa-chevron-down\"><\/i><i class=\"bellows-subtoggle-icon-collapse fa fa-chevron-up\"><\/i><\/button><\/a>\n<ul class=\"bellows-submenu\">\n\t<li id=\"menu-item-38310\" class=\"bellows-menu-item bellows-menu-item-type-post_type bellows-menu-item-object-page bellows-menu-item-38310 bellows-item-level-1\"><a  href=\"https:\/\/www.univ-usto.dz\/inside\/services-accessibilit-etudiants\/\" class=\"bellows-target\"><span class=\"bellows-target-title bellows-target-text\">Lancement des services d\u2019accessibilit\u00e9<\/span><\/a><\/li>\n\t<li id=\"menu-item-38313\" class=\"bellows-menu-item bellows-menu-item-type-post_type bellows-menu-item-object-page bellows-menu-item-38313 bellows-item-level-1\"><a  href=\"https:\/\/www.univ-usto.dz\/inside\/formation-methodes-pedagogiques-accessibles\/\" class=\"bellows-target\"><span class=\"bellows-target-title bellows-target-text\">Lancement Formation des enseignants et des administrateurs<\/span><\/a><\/li>\n\t<li id=\"menu-item-39551\" class=\"bellows-menu-item bellows-menu-item-type-post_type bellows-menu-item-object-page bellows-menu-item-39551 bellows-item-level-1\"><a  href=\"https:\/\/www.univ-usto.dz\/inside\/formation-inside-enduser1\/\" class=\"bellows-target\"><span class=\"bellows-target-title bellows-target-text\">Formation Inside End User<\/span><\/a><\/li>\n\t<li id=\"menu-item-38312\" class=\"bellows-menu-item bellows-menu-item-type-post_type bellows-menu-item-object-page bellows-menu-item-38312 bellows-item-level-1\"><a  href=\"https:\/\/www.univ-usto.dz\/inside\/formation-inside\/\" class=\"bellows-target\"><span class=\"bellows-target-title bellows-target-text\">Formation des  enseignants et des administrateurs<\/span><\/a><\/li>\n<\/ul>\n<\/li>\n<li id=\"menu-item-38800\" class=\"bellows-menu-item bellows-menu-item-type-post_type bellows-menu-item-object-page bellows-menu-item-38800 bellows-item-level-0\"><a  href=\"https:\/\/www.univ-usto.dz\/inside\/partenaires\/\" class=\"bellows-target\"><span class=\"bellows-target-title bellows-target-text\">Partenaires<\/span><\/a><\/li>\n<li id=\"menu-item-38883\" class=\"bellows-menu-item bellows-menu-item-type-post_type bellows-menu-item-object-page bellows-menu-item-38883 bellows-item-level-0\"><a  href=\"https:\/\/www.univ-usto.dz\/inside\/equipe-inside\/\" class=\"bellows-target\"><span class=\"bellows-target-title bellows-target-text\">Equipes<\/span><\/a><\/li>\n<li id=\"menu-item-39624\" class=\"bellows-menu-item bellows-menu-item-type-post_type bellows-menu-item-object-page bellows-menu-item-39624 bellows-item-level-0\"><a  href=\"https:\/\/www.univ-usto.dz\/inside\/service-accessibilite\/\" class=\"bellows-target\"><span class=\"bellows-target-title bellows-target-text\">Service d\u2019accessibilit\u00e9<\/span><\/a><\/li>\n<li id=\"menu-item-38309\" class=\"bellows-menu-item bellows-menu-item-type-post_type bellows-menu-item-object-page bellows-menu-item-38309 bellows-item-level-0\"><a  href=\"https:\/\/www.univ-usto.dz\/inside\/newsletters\/\" class=\"bellows-target\"><span class=\"bellows-target-title bellows-target-text\">Newslettes<\/span><\/a><\/li>\n<\/ul><\/nav>\t\t<\/div>\n\t\t\t\t<\/div>\n\t\t\t\t\t\t<\/div>\n\t\t\t\t\t<\/div>\n\t\t<\/div>\n\t\t\t\t<div class=\"elementor-column elementor-col-50 elementor-top-column elementor-element elementor-element-59b988e\" data-id=\"59b988e\" data-element_type=\"column\">\n\t\t\t<div class=\"elementor-column-wrap elementor-element-populated\">\n\t\t\t\t\t\t\t<div class=\"elementor-widget-wrap\">\n\t\t\t\t\t\t<div class=\"elementor-element elementor-element-c8dc009 elementor-widget elementor-widget-text-editor\" data-id=\"c8dc009\" data-element_type=\"widget\" data-widget_type=\"text-editor.default\">\n\t\t\t\t<div class=\"elementor-widget-container\">\n\t\t\t\t\t\t\t\t<div class=\"elementor-text-editor elementor-clearfix\">\n\t\t\t\t<h3 class=\"entry-title page-header\">Lettres d\u2019information Newsletters<\/h3><ul><li style=\"list-style-type: none;\"><ul><li><span style=\"text-decoration: underline; color: #000080;\"><strong><a style=\"color: #000080; text-decoration: underline;\" href=\"https:\/\/www.univ-usto.dz\/inside\/wp-content\/uploads\/2023\/04\/InSIDE-Newsletter-1.pdf\">Num\u00e9ro 1 \u2013 Automne<\/a><\/strong><\/span><\/li><li><span style=\"text-decoration: underline; color: #000080;\"><strong><a style=\"color: #000080; text-decoration: underline;\" href=\"https:\/\/www.univ-usto.dz\/inside\/wp-content\/uploads\/2023\/04\/InSIDE-Newsletter-2.pdf\">Num\u00e9ro 2 \u2013 Printemps 2020<\/a><a style=\"color: #000080; text-decoration: underline;\" href=\"https:\/\/www.univ-usto.dz\/inside\/wp-content\/uploads\/2023\/04\/InSIDE-Newsletter-1.pdf\"> 2019<\/a><\/strong><\/span><\/li><li><span style=\"text-decoration: underline; color: #000080;\"><strong><a style=\"color: #000080; text-decoration: underline;\" href=\"https:\/\/www.univ-usto.dz\/inside\/wp-content\/uploads\/2023\/04\/InSIDE-Newsletter-3.pdf\">Num\u00e9ro 3 \u2013 Printemps 2021<\/a><\/strong><\/span><\/li><li><span style=\"text-decoration: underline; color: #000080;\"><strong><a style=\"color: #000080; text-decoration: underline;\" href=\"https:\/\/www.univ-usto.dz\/inside\/wp-content\/uploads\/2023\/04\/InSIDE-Newsletter-4.pdf\">Num\u00e9ro 4 \u2013 Hiver 2021<\/a><\/strong><\/span><\/li><li><span style=\"text-decoration: underline; color: #000080;\"><strong><a style=\"color: #000080; text-decoration: underline;\" href=\"https:\/\/www.univ-usto.dz\/inside\/wp-content\/uploads\/2023\/04\/InSIDE-Newsletter-5.pdf\">Num\u00e9ro 5 \u2013 Hiver 2022<\/a><\/strong><\/span><\/li><li><span style=\"text-decoration: underline; color: #000080;\"><strong><a style=\"color: #000080; text-decoration: underline;\" href=\"https:\/\/www.univ-usto.dz\/inside\/wp-content\/uploads\/2023\/07\/InSIDE-Newsletter-6.pdf\">Num\u00e9ro 6 \u2013 Et\u00e9 2023<\/a><\/strong><\/span><\/li><\/ul><\/li><\/ul>\t\t\t\t\t<\/div>\n\t\t\t\t\t\t<\/div>\n\t\t\t\t<\/div>\n\t\t\t\t\t\t<\/div>\n\t\t\t\t\t<\/div>\n\t\t<\/div>\n\t\t\t\t\t\t\t\t<\/div>\n\t\t\t\t\t<\/div>\n\t\t<\/section>\n\t\t\t\t<section class=\"elementor-section elementor-top-section elementor-element elementor-element-d4bbe0f elementor-section-boxed elementor-section-height-default elementor-section-height-default\" data-id=\"d4bbe0f\" data-element_type=\"section\">\n\t\t\t\t\t\t<div class=\"elementor-container elementor-column-gap-default\">\n\t\t\t\t\t\t\t<div class=\"elementor-row\">\n\t\t\t\t\t<div class=\"elementor-column elementor-col-50 elementor-top-column elementor-element elementor-element-171d55d\" data-id=\"171d55d\" data-element_type=\"column\">\n\t\t\t<div class=\"elementor-column-wrap elementor-element-populated\">\n\t\t\t\t\t\t\t<div class=\"elementor-widget-wrap\">\n\t\t\t\t\t\t<div class=\"elementor-element elementor-element-4af3c91 elementor-widget elementor-widget-text-editor\" data-id=\"4af3c91\" data-element_type=\"widget\" data-widget_type=\"text-editor.default\">\n\t\t\t\t<div class=\"elementor-widget-container\">\n\t\t\t\t\t\t\t\t<div class=\"elementor-text-editor elementor-clearfix\">\n\t\t\t\t<h2 class=\"elementor-heading-title elementor-size-default\">La 1\u00e8re vid\u00e9o du projet InSIDE<\/h2>\t\t\t\t\t<\/div>\n\t\t\t\t\t\t<\/div>\n\t\t\t\t<\/div>\n\t\t\t\t<div class=\"elementor-element elementor-element-d26ac71 elementor-widget elementor-widget-video\" data-id=\"d26ac71\" data-element_type=\"widget\" data-settings=\"{&quot;youtube_url&quot;:&quot;https:\\\/\\\/www.youtube.com\\\/watch?v=8pxYAzfWkZo&amp;t=1s&quot;,&quot;video_type&quot;:&quot;youtube&quot;,&quot;controls&quot;:&quot;yes&quot;}\" data-widget_type=\"video.default\">\n\t\t\t\t<div class=\"elementor-widget-container\">\n\t\t\t\t\t<div class=\"elementor-wrapper elementor-open-inline\">\n\t\t\t<div class=\"elementor-video\"><\/div>\t\t<\/div>\n\t\t\t\t<\/div>\n\t\t\t\t<\/div>\n\t\t\t\t\t\t<\/div>\n\t\t\t\t\t<\/div>\n\t\t<\/div>\n\t\t\t\t<div class=\"elementor-column elementor-col-50 elementor-top-column elementor-element elementor-element-0a3def2\" data-id=\"0a3def2\" data-element_type=\"column\">\n\t\t\t<div class=\"elementor-column-wrap\">\n\t\t\t\t\t\t\t<div class=\"elementor-widget-wrap\">\n\t\t\t\t\t\t\t\t<\/div>\n\t\t\t\t\t<\/div>\n\t\t<\/div>\n\t\t\t\t\t\t\t\t<\/div>\n\t\t\t\t\t<\/div>\n\t\t<\/section>\n\t\t\t\t<section class=\"elementor-section elementor-top-section elementor-element elementor-element-f094910 elementor-section-boxed elementor-section-height-default elementor-section-height-default\" data-id=\"f094910\" data-element_type=\"section\">\n\t\t\t\t\t\t<div class=\"elementor-container elementor-column-gap-default\">\n\t\t\t\t\t\t\t<div class=\"elementor-row\">\n\t\t\t\t\t<div class=\"elementor-column elementor-col-100 elementor-top-column elementor-element elementor-element-bce5fe6\" data-id=\"bce5fe6\" data-element_type=\"column\">\n\t\t\t<div class=\"elementor-column-wrap elementor-element-populated\">\n\t\t\t\t\t\t\t<div class=\"elementor-widget-wrap\">\n\t\t\t\t\t\t<div class=\"elementor-element elementor-element-4d50440 elementor-widget elementor-widget-image\" data-id=\"4d50440\" data-element_type=\"widget\" data-widget_type=\"image.default\">\n\t\t\t\t<div class=\"elementor-widget-container\">\n\t\t\t\t\t\t\t\t<div class=\"elementor-image\">\n\t\t\t\t\t\t\t\t\t\t\t\t\t<a href=\"\">\n\t\t\t\t\t\t\t<img decoding=\"async\" width=\"640\" height=\"148\" src=\"https:\/\/www.univ-usto.dz\/inside\/wp-content\/uploads\/2023\/04\/inside.png\" class=\"attachment-large size-large wp-image-38315\" alt=\"\" loading=\"lazy\" srcset=\"https:\/\/www.univ-usto.dz\/inside\/wp-content\/uploads\/2023\/04\/inside.png 770w, https:\/\/www.univ-usto.dz\/inside\/wp-content\/uploads\/2023\/04\/inside-300x69.png 300w, https:\/\/www.univ-usto.dz\/inside\/wp-content\/uploads\/2023\/04\/inside-768x178.png 768w, https:\/\/www.univ-usto.dz\/inside\/wp-content\/uploads\/2023\/04\/inside-360x83.png 360w, https:\/\/www.univ-usto.dz\/inside\/wp-content\/uploads\/2023\/04\/inside-24x6.png 24w, https:\/\/www.univ-usto.dz\/inside\/wp-content\/uploads\/2023\/04\/inside-36x8.png 36w, https:\/\/www.univ-usto.dz\/inside\/wp-content\/uploads\/2023\/04\/inside-48x11.png 48w, https:\/\/www.univ-usto.dz\/inside\/wp-content\/uploads\/2023\/04\/inside-600x139.png 600w\" sizes=\"(max-width: 640px) 100vw, 640px\" \/>\t\t\t\t\t\t\t\t<\/a>\n\t\t\t\t\t\t\t\t\t\t\t\t\t\t<\/div>\n\t\t\t\t\t\t<\/div>\n\t\t\t\t<\/div>\n\t\t\t\t<div class=\"elementor-element elementor-element-1325e1c elementor-widget elementor-widget-text-editor\" data-id=\"1325e1c\" data-element_type=\"widget\" data-widget_type=\"text-editor.default\">\n\t\t\t\t<div class=\"elementor-widget-container\">\n\t\t\t\t\t\t\t\t<div class=\"elementor-text-editor elementor-clearfix\">\n\t\t\t\t<p style=\"text-align: center;\"><span style=\"font-size: 12pt; font-family: arial, helvetica, sans-serif;\"><strong><span style=\"text-decoration: underline; color: #333399;\">\u00a0<span lang=\"EL\"><a style=\"color: #333399;\" href=\"https:\/\/www.inside-project.org\/\" target=\"_blank\" rel=\"nofollow noopener\">https:\/\/www.inside-project.org<\/a><\/span><\/span><\/strong><\/span><\/p>\t\t\t\t\t<\/div>\n\t\t\t\t\t\t<\/div>\n\t\t\t\t<\/div>\n\t\t\t\t<div class=\"elementor-element elementor-element-1eeba68 elementor-widget elementor-widget-text-editor\" data-id=\"1eeba68\" data-element_type=\"widget\" data-widget_type=\"text-editor.default\">\n\t\t\t\t<div class=\"elementor-widget-container\">\n\t\t\t\t\t\t\t\t<div class=\"elementor-text-editor elementor-clearfix\">\n\t\t\t\t\t\t\t\t\t<\/div>\n\t\t\t\t\t\t<\/div>\n\t\t\t\t<\/div>\n\t\t\t\t\t\t<\/div>\n\t\t\t\t\t<\/div>\n\t\t<\/div>\n\t\t\t\t\t\t\t\t<\/div>\n\t\t\t\t\t<\/div>\n\t\t<\/section>\n\t\t\t\t<section class=\"elementor-section elementor-top-section elementor-element elementor-element-0c7dc12 elementor-section-boxed elementor-section-height-default elementor-section-height-default\" data-id=\"0c7dc12\" data-element_type=\"section\" data-settings=\"{&quot;background_background&quot;:&quot;classic&quot;}\">\n\t\t\t\t\t\t<div class=\"elementor-container elementor-column-gap-default\">\n\t\t\t\t\t\t\t<div class=\"elementor-row\">\n\t\t\t\t\t<div class=\"elementor-column elementor-col-100 elementor-top-column elementor-element elementor-element-0ee108f\" data-id=\"0ee108f\" data-element_type=\"column\">\n\t\t\t<div class=\"elementor-column-wrap elementor-element-populated\">\n\t\t\t\t\t\t\t<div class=\"elementor-widget-wrap\">\n\t\t\t\t\t\t<div class=\"elementor-element elementor-element-c89a439 elementor-widget elementor-widget-elementskit-heading\" data-id=\"c89a439\" data-element_type=\"widget\" data-widget_type=\"elementskit-heading.default\">\n\t\t\t\t<div class=\"elementor-widget-container\">\n\t\t\t<div class=\"ekit-wid-con\" ><div class=\"ekit-heading elementskit-section-title-wraper text_left   ekit_heading_tablet-   ekit_heading_mobile-text_center\"><p class=\"ekit-heading--title elementskit-section-title \">Ce projet (598763-EPP-1-2018-1-EL-EPPKA2-CBHE-JP) est co-financ\u00e9 par le programme Erasmus+ de la Commission Europ\u00e9enne. Cette publication n\u2019engage que ses auteurs. La Commission ne peut \u00eatre tenue responsable de l\u2019utilisation des informations contenues dans cette publication.<\/p><div class=\"ekit_heading_separetor_wraper ekit_heading_elementskit-border-divider elementskit-style-long\"><div class=\"elementskit-border-divider elementskit-style-long\"><\/div><\/div><\/div><\/div>\t\t<\/div>\n\t\t\t\t<\/div>\n\t\t\t\t<section class=\"elementor-section elementor-inner-section elementor-element elementor-element-c477da0 elementor-section-boxed elementor-section-height-default elementor-section-height-default\" data-id=\"c477da0\" data-element_type=\"section\">\n\t\t\t\t\t\t<div class=\"elementor-container elementor-column-gap-default\">\n\t\t\t\t\t\t\t<div class=\"elementor-row\">\n\t\t\t\t\t<div class=\"elementor-column elementor-col-50 elementor-inner-column elementor-element elementor-element-0f5de80\" data-id=\"0f5de80\" data-element_type=\"column\">\n\t\t\t<div class=\"elementor-column-wrap elementor-element-populated\">\n\t\t\t\t\t\t\t<div class=\"elementor-widget-wrap\">\n\t\t\t\t\t\t<div class=\"elementor-element elementor-element-ed5a8a4 elementor-widget elementor-widget-elementskit-social-media\" data-id=\"ed5a8a4\" data-element_type=\"widget\" data-widget_type=\"elementskit-social-media.default\">\n\t\t\t\t<div class=\"elementor-widget-container\">\n\t\t\t<div class=\"ekit-wid-con\" >\t\t\t <ul class=\"ekit_social_media\">\n\t\t\t\t\t\t\t\t\t\t\t\t\t\t<li class=\"elementor-repeater-item-da8f4de\">\n\t\t\t\t\t    <a\n\t\t\t\t\t\thref=\"https:\/\/www.facebook.com\/people\/Including-Students-with-Impairments-in-Distance-Education\/100067981073953\/\" aria-label=\"Facebook\" class=\"facebook\" >\n\t\t\t\t\t\t\t\t\t\t\t\t\t\t\n\t\t\t\t\t\t\t<i aria-hidden=\"true\" class=\"icon icon-facebook\"><\/i>\t\t\t\t\t\t\t\t\t\n                                                                                                            <\/a>\n                    <\/li>\n                    \t\t\t\t\t\t\t\t\t\t\t\t\t\t<li class=\"elementor-repeater-item-1399011\">\n\t\t\t\t\t    <a\n\t\t\t\t\t\thref=\"https:\/\/twitter.com\/ProjectInSIDE2\" aria-label=\"Twitter\" class=\"twitter\" >\n\t\t\t\t\t\t\t\t\t\t\t\t\t\t\n\t\t\t\t\t\t\t<i aria-hidden=\"true\" class=\"icon icon-twitter\"><\/i>\t\t\t\t\t\t\t\t\t\n                                                                                                            <\/a>\n                    <\/li>\n                    \t\t\t\t\t\t\t\t\t\t\t\t\t\t<li class=\"elementor-repeater-item-8f886e8\">\n\t\t\t\t\t    <a\n\t\t\t\t\t\thref=\"https:\/\/www.linkedin.com\/signup\/cold-join?session_redirect=https%3A%2F%2Fwww%2Elinkedin%2Ecom%2Fgroups%2F12229692%2F&#038;trk=login_reg_redirect\" aria-label=\"LinkedIn\" class=\"linkedin\" >\n\t\t\t\t\t\t\t\t\t\t\t\t\t\t\n\t\t\t\t\t\t\t<i aria-hidden=\"true\" class=\"icon icon-linkedin\"><\/i>\t\t\t\t\t\t\t\t\t\n                                                                                                            <\/a>\n                    <\/li>\n                    \t\t\t\t\t\t\t<\/ul>\n\t\t<\/div>\t\t<\/div>\n\t\t\t\t<\/div>\n\t\t\t\t\t\t<\/div>\n\t\t\t\t\t<\/div>\n\t\t<\/div>\n\t\t\t\t<div class=\"elementor-column elementor-col-50 elementor-inner-column elementor-element elementor-element-904ef4e\" data-id=\"904ef4e\" data-element_type=\"column\">\n\t\t\t<div class=\"elementor-column-wrap elementor-element-populated\">\n\t\t\t\t\t\t\t<div class=\"elementor-widget-wrap\">\n\t\t\t\t\t\t<div class=\"elementor-element elementor-element-df10254 elementor-widget elementor-widget-image\" data-id=\"df10254\" data-element_type=\"widget\" data-widget_type=\"image.default\">\n\t\t\t\t<div class=\"elementor-widget-container\">\n\t\t\t\t\t\t\t\t<div class=\"elementor-image\">\n\t\t\t\t\t\t\t\t\t\t\t\t\t<a href=\"https:\/\/www.eacea.ec.europa.eu\/grants_en\">\n\t\t\t\t\t\t\t<img decoding=\"async\" width=\"300\" height=\"66\" src=\"https:\/\/www.univ-usto.dz\/inside\/wp-content\/uploads\/2023\/07\/logosbeneficaireserasmusleft.jpg\" class=\"attachment-large size-large wp-image-39179\" alt=\"\" loading=\"lazy\" srcset=\"https:\/\/www.univ-usto.dz\/inside\/wp-content\/uploads\/2023\/07\/logosbeneficaireserasmusleft.jpg 300w, https:\/\/www.univ-usto.dz\/inside\/wp-content\/uploads\/2023\/07\/logosbeneficaireserasmusleft-24x5.jpg 24w, https:\/\/www.univ-usto.dz\/inside\/wp-content\/uploads\/2023\/07\/logosbeneficaireserasmusleft-36x8.jpg 36w, https:\/\/www.univ-usto.dz\/inside\/wp-content\/uploads\/2023\/07\/logosbeneficaireserasmusleft-48x11.jpg 48w\" sizes=\"(max-width: 300px) 100vw, 300px\" \/>\t\t\t\t\t\t\t\t<\/a>\n\t\t\t\t\t\t\t\t\t\t\t\t\t\t<\/div>\n\t\t\t\t\t\t<\/div>\n\t\t\t\t<\/div>\n\t\t\t\t\t\t<\/div>\n\t\t\t\t\t<\/div>\n\t\t<\/div>\n\t\t\t\t\t\t\t\t<\/div>\n\t\t\t\t\t<\/div>\n\t\t<\/section>\n\t\t\t\t\t\t<\/div>\n\t\t\t\t\t<\/div>\n\t\t<\/div>\n\t\t\t\t\t\t\t\t<\/div>\n\t\t\t\t\t<\/div>\n\t\t<\/section>\n\t\t\t\t\t\t\t\t\t<\/div>\n\t\t\t<\/div>\n\t\t\t\t\t<\/div>\n\t\t","protected":false},"excerpt":{"rendered":"<p>Lettres d\u2019information Newsletters Num\u00e9ro 1 \u2013 Automne Num\u00e9ro 2 \u2013 Printemps 2020 2019 Num\u00e9ro 3 \u2013 Printemps 2021 Num\u00e9ro 4 \u2013 Hiver 2021 Num\u00e9ro 5 \u2013 Hiver 2022 Num\u00e9ro 6 \u2013 Et\u00e9 2023 La 1\u00e8re vid\u00e9o du projet InSIDE https:\/\/www.youtube.com\/watch?v=8pxYAzfWkZo&#038;t=1s&hellip;&nbsp;<a href=\"https:\/\/www.univ-usto.dz\/inside\/newsletters\/\" class=\"more-link\">Lire la suite<\/a><\/p>\n","protected":false},"author":1,"featured_media":0,"parent":0,"menu_order":0,"comment_status":"closed","ping_status":"open","template":"","meta":{"_mi_skip_tracking":false},"aioseo_notices":[],"_links":{"self":[{"href":"https:\/\/www.univ-usto.dz\/inside\/wp-json\/wp\/v2\/pages\/115"}],"collection":[{"href":"https:\/\/www.univ-usto.dz\/inside\/wp-json\/wp\/v2\/pages"}],"about":[{"href":"https:\/\/www.univ-usto.dz\/inside\/wp-json\/wp\/v2\/types\/page"}],"author":[{"embeddable":true,"href":"https:\/\/www.univ-usto.dz\/inside\/wp-json\/wp\/v2\/users\/1"}],"replies":[{"embeddable":true,"href":"https:\/\/www.univ-usto.dz\/inside\/wp-json\/wp\/v2\/comments?post=115"}],"version-history":[{"count":41,"href":"https:\/\/www.univ-usto.dz\/inside\/wp-json\/wp\/v2\/pages\/115\/revisions"}],"predecessor-version":[{"id":39688,"href":"https:\/\/www.univ-usto.dz\/inside\/wp-json\/wp\/v2\/pages\/115\/revisions\/39688"}],"wp:attachment":[{"href":"https:\/\/www.univ-usto.dz\/inside\/wp-json\/wp\/v2\/media?parent=115"}],"curies":[{"name":"wp","href":"https:\/\/api.w.org\/{rel}","templated":true}]}}