{"id":33375,"date":"2023-01-17T22:10:02","date_gmt":"2023-01-17T22:10:02","guid":{"rendered":"https:\/\/www.univ-usto.dz\/?p=33375"},"modified":"2023-07-10T18:22:35","modified_gmt":"2023-07-10T18:22:35","slug":"services-accessibilit-etudiants","status":"publish","type":"page","link":"https:\/\/www.univ-usto.dz\/inside\/services-accessibilit-etudiants\/","title":{"rendered":"Lancement des services d&rsquo;accessibilit\u00e9 pour les \u00e9tudiants dans le cadre du projet CBHE InSIDE"},"content":{"rendered":"\t\t<div data-elementor-type=\"wp-post\" data-elementor-id=\"33375\" class=\"elementor elementor-33375\">\n\t\t\t\t\t\t<div class=\"elementor-inner\">\n\t\t\t\t<div class=\"elementor-section-wrap\">\n\t\t\t\t\t\t\t\t\t<section class=\"elementor-section elementor-top-section elementor-element elementor-element-0bc913d elementor-section-boxed elementor-section-height-default elementor-section-height-default\" data-id=\"0bc913d\" data-element_type=\"section\">\n\t\t\t\t\t\t<div class=\"elementor-container elementor-column-gap-default\">\n\t\t\t\t\t\t\t<div class=\"elementor-row\">\n\t\t\t\t\t<div class=\"elementor-column elementor-col-50 elementor-top-column elementor-element elementor-element-53968e3\" data-id=\"53968e3\" data-element_type=\"column\">\n\t\t\t<div class=\"elementor-column-wrap elementor-element-populated\">\n\t\t\t\t\t\t\t<div class=\"elementor-widget-wrap\">\n\t\t\t\t\t\t<div class=\"elementor-element elementor-element-01247a0 elementor-widget elementor-widget-wp-widget-bellows_navigation_widget\" data-id=\"01247a0\" data-element_type=\"widget\" data-widget_type=\"wp-widget-bellows_navigation_widget.default\">\n\t\t\t\t<div class=\"elementor-widget-container\">\n\t\t\t<nav id=\"bellows-main-30\" class=\"bellows bellows-nojs bellows-main bellows-source-menu bellows-align-full bellows-skin-vanilla bellows-type-\"><ul id=\"menu-insidepresentation\" class=\"bellows-nav\" data-bellows-config=\"main\"><li id=\"menu-item-38308\" class=\"bellows-menu-item bellows-menu-item-type-post_type bellows-menu-item-object-page bellows-menu-item-38308 bellows-item-level-0\"><a  href=\"https:\/\/www.univ-usto.dz\/inside\/inside\/\" class=\"bellows-target\"><span class=\"bellows-target-title bellows-target-text\">Accueil<\/span><\/a><\/li>\n<li id=\"menu-item-38307\" class=\"bellows-menu-item bellows-menu-item-type-post_type bellows-menu-item-object-page bellows-menu-item-38307 bellows-item-level-0\"><a  href=\"https:\/\/www.univ-usto.dz\/inside\/objectifs-projet\/\" class=\"bellows-target\"><span class=\"bellows-target-title bellows-target-text\">Objectifs<\/span><\/a><\/li>\n<li id=\"menu-item-39609\" class=\"bellows-menu-item bellows-menu-item-type-custom bellows-menu-item-object-custom bellows-menu-item-has-children bellows-menu-item-39609 bellows-item-level-0\"><a  href=\"#\" class=\"bellows-target\"><span class=\"bellows-target-title bellows-target-text\">Activit\u00e9s<\/span><button class=\"bellows-subtoggle\" aria-label=\"Toggle Submenu\"><i class=\"bellows-subtoggle-icon-expand fa fa-chevron-down\"><\/i><i class=\"bellows-subtoggle-icon-collapse fa fa-chevron-up\"><\/i><\/button><\/a>\n<ul class=\"bellows-submenu\">\n\t<li id=\"menu-item-38314\" class=\"bellows-menu-item bellows-menu-item-type-post_type bellows-menu-item-object-page bellows-menu-item-38314 bellows-item-level-1\"><a  href=\"https:\/\/www.univ-usto.dz\/inside\/activiteinside\/\" class=\"bellows-target\"><span class=\"bellows-target-title bellows-target-text\">Activit\u00e9s internationales<\/span><\/a><\/li>\n\t<li id=\"menu-item-39074\" class=\"bellows-menu-item bellows-menu-item-type-post_type bellows-menu-item-object-page bellows-menu-item-39074 bellows-item-level-1\"><a  href=\"https:\/\/www.univ-usto.dz\/inside\/activite-inside-including-student-with-impairments-in-distance-education\/\" class=\"bellows-target\"><span class=\"bellows-target-title bellows-target-text\">Activit\u00e9s Locales<\/span><\/a><\/li>\n<\/ul>\n<\/li>\n<li id=\"menu-item-39611\" class=\"bellows-menu-item bellows-menu-item-type-custom bellows-menu-item-object-custom bellows-menu-item-has-children bellows-menu-item-39611 bellows-item-level-0\"><a  href=\"#\" class=\"bellows-target\"><span class=\"bellows-target-title bellows-target-text\">Formations<\/span><button class=\"bellows-subtoggle\" aria-label=\"Toggle Submenu\"><i class=\"bellows-subtoggle-icon-expand fa fa-chevron-down\"><\/i><i class=\"bellows-subtoggle-icon-collapse fa fa-chevron-up\"><\/i><\/button><\/a>\n<ul class=\"bellows-submenu\">\n\t<li id=\"menu-item-38310\" class=\"bellows-menu-item bellows-menu-item-type-post_type bellows-menu-item-object-page bellows-menu-item-38310 bellows-item-level-1\"><a  href=\"https:\/\/www.univ-usto.dz\/inside\/services-accessibilit-etudiants\/\" class=\"bellows-target\"><span class=\"bellows-target-title bellows-target-text\">Lancement des services d\u2019accessibilit\u00e9<\/span><\/a><\/li>\n\t<li id=\"menu-item-38313\" class=\"bellows-menu-item bellows-menu-item-type-post_type bellows-menu-item-object-page bellows-menu-item-38313 bellows-item-level-1\"><a  href=\"https:\/\/www.univ-usto.dz\/inside\/formation-methodes-pedagogiques-accessibles\/\" class=\"bellows-target\"><span class=\"bellows-target-title bellows-target-text\">Lancement Formation des enseignants et des administrateurs<\/span><\/a><\/li>\n\t<li id=\"menu-item-39551\" class=\"bellows-menu-item bellows-menu-item-type-post_type bellows-menu-item-object-page bellows-menu-item-39551 bellows-item-level-1\"><a  href=\"https:\/\/www.univ-usto.dz\/inside\/formation-inside-enduser1\/\" class=\"bellows-target\"><span class=\"bellows-target-title bellows-target-text\">Formation Inside End User<\/span><\/a><\/li>\n\t<li id=\"menu-item-38312\" class=\"bellows-menu-item bellows-menu-item-type-post_type bellows-menu-item-object-page bellows-menu-item-38312 bellows-item-level-1\"><a  href=\"https:\/\/www.univ-usto.dz\/inside\/formation-inside\/\" class=\"bellows-target\"><span class=\"bellows-target-title bellows-target-text\">Formation des  enseignants et des administrateurs<\/span><\/a><\/li>\n<\/ul>\n<\/li>\n<li id=\"menu-item-38800\" class=\"bellows-menu-item bellows-menu-item-type-post_type bellows-menu-item-object-page bellows-menu-item-38800 bellows-item-level-0\"><a  href=\"https:\/\/www.univ-usto.dz\/inside\/partenaires\/\" class=\"bellows-target\"><span class=\"bellows-target-title bellows-target-text\">Partenaires<\/span><\/a><\/li>\n<li id=\"menu-item-38883\" class=\"bellows-menu-item bellows-menu-item-type-post_type bellows-menu-item-object-page bellows-menu-item-38883 bellows-item-level-0\"><a  href=\"https:\/\/www.univ-usto.dz\/inside\/equipe-inside\/\" class=\"bellows-target\"><span class=\"bellows-target-title bellows-target-text\">Equipes<\/span><\/a><\/li>\n<li id=\"menu-item-39624\" class=\"bellows-menu-item bellows-menu-item-type-post_type bellows-menu-item-object-page bellows-menu-item-39624 bellows-item-level-0\"><a  href=\"https:\/\/www.univ-usto.dz\/inside\/service-accessibilite\/\" class=\"bellows-target\"><span class=\"bellows-target-title bellows-target-text\">Service d\u2019accessibilit\u00e9<\/span><\/a><\/li>\n<li id=\"menu-item-38309\" class=\"bellows-menu-item bellows-menu-item-type-post_type bellows-menu-item-object-page bellows-menu-item-38309 bellows-item-level-0\"><a  href=\"https:\/\/www.univ-usto.dz\/inside\/newsletters\/\" class=\"bellows-target\"><span class=\"bellows-target-title bellows-target-text\">Newslettes<\/span><\/a><\/li>\n<\/ul><\/nav>\t\t<\/div>\n\t\t\t\t<\/div>\n\t\t\t\t\t\t<\/div>\n\t\t\t\t\t<\/div>\n\t\t<\/div>\n\t\t\t\t<div class=\"elementor-column elementor-col-50 elementor-top-column elementor-element elementor-element-440a909\" data-id=\"440a909\" data-element_type=\"column\">\n\t\t\t<div class=\"elementor-column-wrap elementor-element-populated\">\n\t\t\t\t\t\t\t<div class=\"elementor-widget-wrap\">\n\t\t\t\t\t\t<div class=\"elementor-element elementor-element-5b22a26 elementor-widget elementor-widget-text-editor\" data-id=\"5b22a26\" data-element_type=\"widget\" data-widget_type=\"text-editor.default\">\n\t\t\t\t<div class=\"elementor-widget-container\">\n\t\t\t\t\t\t\t\t<div class=\"elementor-text-editor elementor-clearfix\">\n\t\t\t\t<h3 class=\"entry-title page-header\">Lancement des services d&rsquo;accessibilit\u00e9 pour les \u00e9tudiants ayant des besoins sp\u00e9cifiques dans le cadre du projet CBHE InSIDE<\/h3>\n<p style=\"text-align: left;\">Dans le cadre du projet europ\u00e9en du renforcement des capacit\u00e9s de<strong> Erasmus +<\/strong>, intitul\u00e9 <strong>InSIDE \u00ab Int\u00e9gration des \u00e9tudiants \u00e0 besoins sp\u00e9cifiques dans l&rsquo;enseignement \u00e0 distance<\/strong> \u00bb.\nL&rsquo;Universit\u00e9 des Sciences et Techniques d&rsquo;Oran Mohamed Boudiaf annonce le lancement des services d&rsquo;accessibilit\u00e9 aux \u00e9tudiants d\u00e9ficients, ainsi que le commencement \u00a0des formations pour d\u00e9velopper les m\u00e9thodes p\u00e9dagogiques, sensibiliser et former les \u00e9tudiants \u00e0 besoins sp\u00e9cifiques, le personnel enseignant et administratif \u00e0 utiliser les syst\u00e8mes num\u00e9rique et tous les moyens d&rsquo;enseignement adapt\u00e9s aux besoins de tous les \u00e9tudiants avec leurs diff\u00e9rentes capacit\u00e9s .<\/p>\t\t\t\t\t<\/div>\n\t\t\t\t\t\t<\/div>\n\t\t\t\t<\/div>\n\t\t\t\t<div class=\"elementor-element elementor-element-a648597 elementor-widget elementor-widget-video\" data-id=\"a648597\" data-element_type=\"widget\" data-settings=\"{&quot;youtube_url&quot;:&quot;https:\\\/\\\/www.youtube.com\\\/watch?v=7UR5bbMi7G4&amp;feature=youtu.be&quot;,&quot;video_type&quot;:&quot;youtube&quot;,&quot;controls&quot;:&quot;yes&quot;}\" data-widget_type=\"video.default\">\n\t\t\t\t<div class=\"elementor-widget-container\">\n\t\t\t\t\t<div class=\"elementor-wrapper elementor-open-inline\">\n\t\t\t<div class=\"elementor-video\"><\/div>\t\t<\/div>\n\t\t\t\t<\/div>\n\t\t\t\t<\/div>\n\t\t\t\t<div class=\"elementor-element elementor-element-fc86afb elementor-widget elementor-widget-text-editor\" data-id=\"fc86afb\" data-element_type=\"widget\" data-widget_type=\"text-editor.default\">\n\t\t\t\t<div class=\"elementor-widget-container\">\n\t\t\t\t\t\t\t\t<div class=\"elementor-text-editor elementor-clearfix\">\n\t\t\t\t<h2>Projet InSIDE CBHE<\/h2><div>Dans le cadre du projet InSIDE CBHE \u00ab\u00a0<strong>inclusion des \u00e9tudiants en situation de handicap dans l&rsquo;enseignement \u00e0 distance\u00a0\u00bb<\/strong>.\u00a0 USTO-MB offre des formations aux enseignants, administrateurs et aux \u00e9tudiants \u00e0 l&rsquo;utilisation des syst\u00e8mes num\u00e9riques et des m\u00e9thodes p\u00e9dagogiques accessibles.<\/div><div><div dir=\"auto\"><span style=\"color: #003366;\">Le lien d\u2019inscription:<\/span>\u00a0<span style=\"color: #000080;\"><a style=\"color: #000080;\" href=\"https:\/\/forms.univ-usto.dz\/inside\"><strong><span style=\"text-decoration: underline;\">https:\/\/forms.univ-usto.dz\/inside<\/span><\/strong><\/a><\/span><\/div><\/div><div>\u00a0<\/div>\t\t\t\t\t<\/div>\n\t\t\t\t\t\t<\/div>\n\t\t\t\t<\/div>\n\t\t\t\t<div class=\"elementor-element elementor-element-8edea40 elementor-widget elementor-widget-image\" data-id=\"8edea40\" data-element_type=\"widget\" data-widget_type=\"image.default\">\n\t\t\t\t<div class=\"elementor-widget-container\">\n\t\t\t\t\t\t\t\t<div class=\"elementor-image\">\n\t\t\t\t\t\t\t\t\t\t\t\t\t<a href=\"https:\/\/www.univ-usto.dz\/wp-content\/uploads\/2023\/02\/Annonce-Fromation-Inside-FR.png\">\n\t\t\t\t\t\t\t<img decoding=\"async\" src=\"https:\/\/www.univ-usto.dz\/wp-content\/uploads\/2023\/02\/Annonce-Fromation-Inside-FR.png\" title=\"\" alt=\"\" loading=\"lazy\" \/>\t\t\t\t\t\t\t\t<\/a>\n\t\t\t\t\t\t\t\t\t\t\t\t\t\t<\/div>\n\t\t\t\t\t\t<\/div>\n\t\t\t\t<\/div>\n\t\t\t\t\t\t<\/div>\n\t\t\t\t\t<\/div>\n\t\t<\/div>\n\t\t\t\t\t\t\t\t<\/div>\n\t\t\t\t\t<\/div>\n\t\t<\/section>\n\t\t\t\t<section class=\"elementor-section elementor-top-section elementor-element elementor-element-2dc1641 elementor-section-boxed elementor-section-height-default elementor-section-height-default\" data-id=\"2dc1641\" data-element_type=\"section\">\n\t\t\t\t\t\t<div class=\"elementor-container elementor-column-gap-default\">\n\t\t\t\t\t\t\t<div class=\"elementor-row\">\n\t\t\t\t\t<div class=\"elementor-column elementor-col-50 elementor-top-column elementor-element elementor-element-51df14b\" data-id=\"51df14b\" data-element_type=\"column\">\n\t\t\t<div class=\"elementor-column-wrap elementor-element-populated\">\n\t\t\t\t\t\t\t<div class=\"elementor-widget-wrap\">\n\t\t\t\t\t\t<div class=\"elementor-element elementor-element-36483c9 elementor-widget elementor-widget-text-editor\" data-id=\"36483c9\" data-element_type=\"widget\" data-widget_type=\"text-editor.default\">\n\t\t\t\t<div class=\"elementor-widget-container\">\n\t\t\t\t\t\t\t\t<div class=\"elementor-text-editor elementor-clearfix\">\n\t\t\t\t<h2 class=\"elementor-heading-title elementor-size-default\">La 1\u00e8re vid\u00e9o du projet InSIDE<\/h2>\t\t\t\t\t<\/div>\n\t\t\t\t\t\t<\/div>\n\t\t\t\t<\/div>\n\t\t\t\t<div class=\"elementor-element elementor-element-1bb0f2f elementor-widget elementor-widget-video\" data-id=\"1bb0f2f\" data-element_type=\"widget\" data-settings=\"{&quot;youtube_url&quot;:&quot;https:\\\/\\\/www.youtube.com\\\/watch?v=8pxYAzfWkZo&amp;t=1s&quot;,&quot;video_type&quot;:&quot;youtube&quot;,&quot;controls&quot;:&quot;yes&quot;}\" data-widget_type=\"video.default\">\n\t\t\t\t<div class=\"elementor-widget-container\">\n\t\t\t\t\t<div class=\"elementor-wrapper elementor-open-inline\">\n\t\t\t<div class=\"elementor-video\"><\/div>\t\t<\/div>\n\t\t\t\t<\/div>\n\t\t\t\t<\/div>\n\t\t\t\t\t\t<\/div>\n\t\t\t\t\t<\/div>\n\t\t<\/div>\n\t\t\t\t<div class=\"elementor-column elementor-col-50 elementor-top-column elementor-element elementor-element-1a93f86\" data-id=\"1a93f86\" data-element_type=\"column\">\n\t\t\t<div class=\"elementor-column-wrap\">\n\t\t\t\t\t\t\t<div class=\"elementor-widget-wrap\">\n\t\t\t\t\t\t\t\t<\/div>\n\t\t\t\t\t<\/div>\n\t\t<\/div>\n\t\t\t\t\t\t\t\t<\/div>\n\t\t\t\t\t<\/div>\n\t\t<\/section>\n\t\t\t\t<section class=\"elementor-section elementor-top-section elementor-element elementor-element-3dc504c elementor-section-boxed elementor-section-height-default elementor-section-height-default\" data-id=\"3dc504c\" data-element_type=\"section\">\n\t\t\t\t\t\t<div class=\"elementor-container elementor-column-gap-default\">\n\t\t\t\t\t\t\t<div class=\"elementor-row\">\n\t\t\t\t\t<div class=\"elementor-column elementor-col-100 elementor-top-column elementor-element elementor-element-5e88044\" data-id=\"5e88044\" data-element_type=\"column\">\n\t\t\t<div class=\"elementor-column-wrap elementor-element-populated\">\n\t\t\t\t\t\t\t<div class=\"elementor-widget-wrap\">\n\t\t\t\t\t\t<div class=\"elementor-element elementor-element-54a1106 elementor-widget elementor-widget-image\" data-id=\"54a1106\" data-element_type=\"widget\" data-widget_type=\"image.default\">\n\t\t\t\t<div class=\"elementor-widget-container\">\n\t\t\t\t\t\t\t\t<div class=\"elementor-image\">\n\t\t\t\t\t\t\t\t\t\t\t\t\t<a href=\"\">\n\t\t\t\t\t\t\t<img decoding=\"async\" width=\"640\" height=\"148\" src=\"https:\/\/www.univ-usto.dz\/inside\/wp-content\/uploads\/2023\/04\/inside.png\" class=\"attachment-large size-large wp-image-38315\" alt=\"\" loading=\"lazy\" srcset=\"https:\/\/www.univ-usto.dz\/inside\/wp-content\/uploads\/2023\/04\/inside.png 770w, https:\/\/www.univ-usto.dz\/inside\/wp-content\/uploads\/2023\/04\/inside-300x69.png 300w, https:\/\/www.univ-usto.dz\/inside\/wp-content\/uploads\/2023\/04\/inside-768x178.png 768w, https:\/\/www.univ-usto.dz\/inside\/wp-content\/uploads\/2023\/04\/inside-360x83.png 360w, https:\/\/www.univ-usto.dz\/inside\/wp-content\/uploads\/2023\/04\/inside-24x6.png 24w, https:\/\/www.univ-usto.dz\/inside\/wp-content\/uploads\/2023\/04\/inside-36x8.png 36w, https:\/\/www.univ-usto.dz\/inside\/wp-content\/uploads\/2023\/04\/inside-48x11.png 48w, https:\/\/www.univ-usto.dz\/inside\/wp-content\/uploads\/2023\/04\/inside-600x139.png 600w\" sizes=\"(max-width: 640px) 100vw, 640px\" \/>\t\t\t\t\t\t\t\t<\/a>\n\t\t\t\t\t\t\t\t\t\t\t\t\t\t<\/div>\n\t\t\t\t\t\t<\/div>\n\t\t\t\t<\/div>\n\t\t\t\t<div class=\"elementor-element elementor-element-5c5c5aa elementor-widget elementor-widget-text-editor\" data-id=\"5c5c5aa\" data-element_type=\"widget\" data-widget_type=\"text-editor.default\">\n\t\t\t\t<div class=\"elementor-widget-container\">\n\t\t\t\t\t\t\t\t<div class=\"elementor-text-editor elementor-clearfix\">\n\t\t\t\t<p style=\"text-align: center;\"><span style=\"font-size: 12pt; font-family: arial, helvetica, sans-serif;\"><strong><span style=\"text-decoration: underline; color: #333399;\">\u00a0<span lang=\"EL\"><a style=\"color: #333399;\" href=\"https:\/\/www.inside-project.org\/\" target=\"_blank\" rel=\"nofollow noopener\">https:\/\/www.inside-project.org<\/a><\/span><\/span><\/strong><\/span><\/p>\t\t\t\t\t<\/div>\n\t\t\t\t\t\t<\/div>\n\t\t\t\t<\/div>\n\t\t\t\t<div class=\"elementor-element elementor-element-cec0c58 elementor-widget elementor-widget-text-editor\" data-id=\"cec0c58\" data-element_type=\"widget\" data-widget_type=\"text-editor.default\">\n\t\t\t\t<div class=\"elementor-widget-container\">\n\t\t\t\t\t\t\t\t<div class=\"elementor-text-editor elementor-clearfix\">\n\t\t\t\t\t\t\t\t\t<\/div>\n\t\t\t\t\t\t<\/div>\n\t\t\t\t<\/div>\n\t\t\t\t\t\t<\/div>\n\t\t\t\t\t<\/div>\n\t\t<\/div>\n\t\t\t\t\t\t\t\t<\/div>\n\t\t\t\t\t<\/div>\n\t\t<\/section>\n\t\t\t\t<section class=\"elementor-section elementor-top-section elementor-element elementor-element-eae03ec elementor-section-boxed elementor-section-height-default elementor-section-height-default\" data-id=\"eae03ec\" data-element_type=\"section\" data-settings=\"{&quot;background_background&quot;:&quot;classic&quot;}\">\n\t\t\t\t\t\t<div class=\"elementor-container elementor-column-gap-default\">\n\t\t\t\t\t\t\t<div class=\"elementor-row\">\n\t\t\t\t\t<div class=\"elementor-column elementor-col-100 elementor-top-column elementor-element elementor-element-49acb24\" data-id=\"49acb24\" data-element_type=\"column\">\n\t\t\t<div class=\"elementor-column-wrap elementor-element-populated\">\n\t\t\t\t\t\t\t<div class=\"elementor-widget-wrap\">\n\t\t\t\t\t\t<div class=\"elementor-element elementor-element-ec06689 elementor-widget elementor-widget-elementskit-heading\" data-id=\"ec06689\" data-element_type=\"widget\" data-widget_type=\"elementskit-heading.default\">\n\t\t\t\t<div class=\"elementor-widget-container\">\n\t\t\t<div class=\"ekit-wid-con\" ><div class=\"ekit-heading elementskit-section-title-wraper text_left   ekit_heading_tablet-   ekit_heading_mobile-text_center\"><p class=\"ekit-heading--title elementskit-section-title \">Ce projet (598763-EPP-1-2018-1-EL-EPPKA2-CBHE-JP) est co-financ\u00e9 par le programme Erasmus+ de la Commission Europ\u00e9enne. Cette publication n\u2019engage que ses auteurs. La Commission ne peut \u00eatre tenue responsable de l\u2019utilisation des informations contenues dans cette publication.<\/p><div class=\"ekit_heading_separetor_wraper ekit_heading_elementskit-border-divider elementskit-style-long\"><div class=\"elementskit-border-divider elementskit-style-long\"><\/div><\/div><\/div><\/div>\t\t<\/div>\n\t\t\t\t<\/div>\n\t\t\t\t<section class=\"elementor-section elementor-inner-section elementor-element elementor-element-c807b2d elementor-section-boxed elementor-section-height-default elementor-section-height-default\" data-id=\"c807b2d\" data-element_type=\"section\">\n\t\t\t\t\t\t<div class=\"elementor-container elementor-column-gap-default\">\n\t\t\t\t\t\t\t<div class=\"elementor-row\">\n\t\t\t\t\t<div class=\"elementor-column elementor-col-50 elementor-inner-column elementor-element elementor-element-760feca\" data-id=\"760feca\" data-element_type=\"column\">\n\t\t\t<div class=\"elementor-column-wrap elementor-element-populated\">\n\t\t\t\t\t\t\t<div class=\"elementor-widget-wrap\">\n\t\t\t\t\t\t<div class=\"elementor-element elementor-element-02053b7 elementor-widget elementor-widget-elementskit-social-media\" data-id=\"02053b7\" data-element_type=\"widget\" data-widget_type=\"elementskit-social-media.default\">\n\t\t\t\t<div class=\"elementor-widget-container\">\n\t\t\t<div class=\"ekit-wid-con\" >\t\t\t <ul class=\"ekit_social_media\">\n\t\t\t\t\t\t\t\t\t\t\t\t\t\t<li class=\"elementor-repeater-item-da8f4de\">\n\t\t\t\t\t    <a\n\t\t\t\t\t\thref=\"https:\/\/www.facebook.com\/people\/Including-Students-with-Impairments-in-Distance-Education\/100067981073953\/\" aria-label=\"Facebook\" class=\"facebook\" >\n\t\t\t\t\t\t\t\t\t\t\t\t\t\t\n\t\t\t\t\t\t\t<i aria-hidden=\"true\" class=\"icon icon-facebook\"><\/i>\t\t\t\t\t\t\t\t\t\n                                                                                                            <\/a>\n                    <\/li>\n                    \t\t\t\t\t\t\t\t\t\t\t\t\t\t<li class=\"elementor-repeater-item-1399011\">\n\t\t\t\t\t    <a\n\t\t\t\t\t\thref=\"https:\/\/twitter.com\/ProjectInSIDE2\" aria-label=\"Twitter\" class=\"twitter\" >\n\t\t\t\t\t\t\t\t\t\t\t\t\t\t\n\t\t\t\t\t\t\t<i aria-hidden=\"true\" class=\"icon icon-twitter\"><\/i>\t\t\t\t\t\t\t\t\t\n                                                                                                            <\/a>\n                    <\/li>\n                    \t\t\t\t\t\t\t\t\t\t\t\t\t\t<li class=\"elementor-repeater-item-8f886e8\">\n\t\t\t\t\t    <a\n\t\t\t\t\t\thref=\"https:\/\/www.linkedin.com\/signup\/cold-join?session_redirect=https%3A%2F%2Fwww%2Elinkedin%2Ecom%2Fgroups%2F12229692%2F&#038;trk=login_reg_redirect\" aria-label=\"LinkedIn\" class=\"linkedin\" >\n\t\t\t\t\t\t\t\t\t\t\t\t\t\t\n\t\t\t\t\t\t\t<i aria-hidden=\"true\" class=\"icon icon-linkedin\"><\/i>\t\t\t\t\t\t\t\t\t\n                                                                                                            <\/a>\n                    <\/li>\n                    \t\t\t\t\t\t\t<\/ul>\n\t\t<\/div>\t\t<\/div>\n\t\t\t\t<\/div>\n\t\t\t\t\t\t<\/div>\n\t\t\t\t\t<\/div>\n\t\t<\/div>\n\t\t\t\t<div class=\"elementor-column elementor-col-50 elementor-inner-column elementor-element elementor-element-77b4a20\" data-id=\"77b4a20\" data-element_type=\"column\">\n\t\t\t<div class=\"elementor-column-wrap elementor-element-populated\">\n\t\t\t\t\t\t\t<div class=\"elementor-widget-wrap\">\n\t\t\t\t\t\t<div class=\"elementor-element elementor-element-2381aca elementor-widget elementor-widget-image\" data-id=\"2381aca\" data-element_type=\"widget\" data-widget_type=\"image.default\">\n\t\t\t\t<div class=\"elementor-widget-container\">\n\t\t\t\t\t\t\t\t<div class=\"elementor-image\">\n\t\t\t\t\t\t\t\t\t\t\t\t\t<a href=\"https:\/\/www.eacea.ec.europa.eu\/grants_en\">\n\t\t\t\t\t\t\t<img decoding=\"async\" width=\"300\" height=\"66\" src=\"https:\/\/www.univ-usto.dz\/inside\/wp-content\/uploads\/2023\/07\/logosbeneficaireserasmusleft.jpg\" class=\"attachment-large size-large wp-image-39179\" alt=\"\" loading=\"lazy\" srcset=\"https:\/\/www.univ-usto.dz\/inside\/wp-content\/uploads\/2023\/07\/logosbeneficaireserasmusleft.jpg 300w, https:\/\/www.univ-usto.dz\/inside\/wp-content\/uploads\/2023\/07\/logosbeneficaireserasmusleft-24x5.jpg 24w, https:\/\/www.univ-usto.dz\/inside\/wp-content\/uploads\/2023\/07\/logosbeneficaireserasmusleft-36x8.jpg 36w, https:\/\/www.univ-usto.dz\/inside\/wp-content\/uploads\/2023\/07\/logosbeneficaireserasmusleft-48x11.jpg 48w\" sizes=\"(max-width: 300px) 100vw, 300px\" \/>\t\t\t\t\t\t\t\t<\/a>\n\t\t\t\t\t\t\t\t\t\t\t\t\t\t<\/div>\n\t\t\t\t\t\t<\/div>\n\t\t\t\t<\/div>\n\t\t\t\t\t\t<\/div>\n\t\t\t\t\t<\/div>\n\t\t<\/div>\n\t\t\t\t\t\t\t\t<\/div>\n\t\t\t\t\t<\/div>\n\t\t<\/section>\n\t\t\t\t\t\t<\/div>\n\t\t\t\t\t<\/div>\n\t\t<\/div>\n\t\t\t\t\t\t\t\t<\/div>\n\t\t\t\t\t<\/div>\n\t\t<\/section>\n\t\t\t\t\t\t\t\t\t<\/div>\n\t\t\t<\/div>\n\t\t\t\t\t<\/div>\n\t\t","protected":false},"excerpt":{"rendered":"<p>Lancement des services d&rsquo;accessibilit\u00e9 pour les \u00e9tudiants ayant des besoins sp\u00e9cifiques dans le cadre du projet CBHE InSIDE<\/p>\n","protected":false},"author":1,"featured_media":0,"parent":0,"menu_order":0,"comment_status":"closed","ping_status":"closed","template":"","meta":{"_mi_skip_tracking":false},"aioseo_notices":[],"_links":{"self":[{"href":"https:\/\/www.univ-usto.dz\/inside\/wp-json\/wp\/v2\/pages\/33375"}],"collection":[{"href":"https:\/\/www.univ-usto.dz\/inside\/wp-json\/wp\/v2\/pages"}],"about":[{"href":"https:\/\/www.univ-usto.dz\/inside\/wp-json\/wp\/v2\/types\/page"}],"author":[{"embeddable":true,"href":"https:\/\/www.univ-usto.dz\/inside\/wp-json\/wp\/v2\/users\/1"}],"replies":[{"embeddable":true,"href":"https:\/\/www.univ-usto.dz\/inside\/wp-json\/wp\/v2\/comments?post=33375"}],"version-history":[{"count":25,"href":"https:\/\/www.univ-usto.dz\/inside\/wp-json\/wp\/v2\/pages\/33375\/revisions"}],"predecessor-version":[{"id":39662,"href":"https:\/\/www.univ-usto.dz\/inside\/wp-json\/wp\/v2\/pages\/33375\/revisions\/39662"}],"wp:attachment":[{"href":"https:\/\/www.univ-usto.dz\/inside\/wp-json\/wp\/v2\/media?parent=33375"}],"curies":[{"name":"wp","href":"https:\/\/api.w.org\/{rel}","templated":true}]}}