{"id":39063,"date":"2023-04-18T09:24:53","date_gmt":"2023-04-18T09:24:53","guid":{"rendered":"https:\/\/www.univ-usto.dz\/inside\/?page_id=39063"},"modified":"2023-07-09T21:33:25","modified_gmt":"2023-07-09T21:33:25","slug":"activite-inside-including-student-with-impairments-in-distance-education","status":"publish","type":"page","link":"https:\/\/www.univ-usto.dz\/inside\/activite-inside-including-student-with-impairments-in-distance-education\/","title":{"rendered":"Activit\u00e9 Locale  InSIDE (Including Student with Impairments in Distance Education)"},"content":{"rendered":"\t\t<div data-elementor-type=\"wp-page\" data-elementor-id=\"39063\" class=\"elementor elementor-39063\">\n\t\t\t\t\t\t<div class=\"elementor-inner\">\n\t\t\t\t<div class=\"elementor-section-wrap\">\n\t\t\t\t\t\t\t\t\t<section class=\"elementor-section elementor-top-section elementor-element elementor-element-4bc78b3 elementor-section-boxed elementor-section-height-default elementor-section-height-default\" data-id=\"4bc78b3\" data-element_type=\"section\">\n\t\t\t\t\t\t<div class=\"elementor-container elementor-column-gap-default\">\n\t\t\t\t\t\t\t<div class=\"elementor-row\">\n\t\t\t\t\t<div class=\"elementor-column elementor-col-50 elementor-top-column elementor-element elementor-element-12d3660\" data-id=\"12d3660\" data-element_type=\"column\">\n\t\t\t<div class=\"elementor-column-wrap elementor-element-populated\">\n\t\t\t\t\t\t\t<div class=\"elementor-widget-wrap\">\n\t\t\t\t\t\t<div class=\"elementor-element elementor-element-14cfc99 elementor-widget elementor-widget-wp-widget-bellows_navigation_widget\" data-id=\"14cfc99\" data-element_type=\"widget\" data-widget_type=\"wp-widget-bellows_navigation_widget.default\">\n\t\t\t\t<div class=\"elementor-widget-container\">\n\t\t\t<nav id=\"bellows-main-30\" class=\"bellows bellows-nojs bellows-main bellows-source-menu bellows-align-full bellows-skin-vanilla bellows-type-\"><ul id=\"menu-insidepresentation\" class=\"bellows-nav\" data-bellows-config=\"main\"><li id=\"menu-item-38308\" class=\"bellows-menu-item bellows-menu-item-type-post_type bellows-menu-item-object-page bellows-menu-item-38308 bellows-item-level-0\"><a  href=\"https:\/\/www.univ-usto.dz\/inside\/inside\/\" class=\"bellows-target\"><span class=\"bellows-target-title bellows-target-text\">Accueil<\/span><\/a><\/li>\n<li id=\"menu-item-38307\" class=\"bellows-menu-item bellows-menu-item-type-post_type bellows-menu-item-object-page bellows-menu-item-38307 bellows-item-level-0\"><a  href=\"https:\/\/www.univ-usto.dz\/inside\/objectifs-projet\/\" class=\"bellows-target\"><span class=\"bellows-target-title bellows-target-text\">Objectifs<\/span><\/a><\/li>\n<li id=\"menu-item-39609\" class=\"bellows-menu-item bellows-menu-item-type-custom bellows-menu-item-object-custom bellows-menu-item-has-children bellows-menu-item-39609 bellows-item-level-0\"><a  href=\"#\" class=\"bellows-target\"><span class=\"bellows-target-title bellows-target-text\">Activit\u00e9s<\/span><button class=\"bellows-subtoggle\" aria-label=\"Toggle Submenu\"><i class=\"bellows-subtoggle-icon-expand fa fa-chevron-down\"><\/i><i class=\"bellows-subtoggle-icon-collapse fa fa-chevron-up\"><\/i><\/button><\/a>\n<ul class=\"bellows-submenu\">\n\t<li id=\"menu-item-38314\" class=\"bellows-menu-item bellows-menu-item-type-post_type bellows-menu-item-object-page bellows-menu-item-38314 bellows-item-level-1\"><a  href=\"https:\/\/www.univ-usto.dz\/inside\/activiteinside\/\" class=\"bellows-target\"><span class=\"bellows-target-title bellows-target-text\">Activit\u00e9s internationales<\/span><\/a><\/li>\n\t<li id=\"menu-item-39074\" class=\"bellows-menu-item bellows-menu-item-type-post_type bellows-menu-item-object-page bellows-menu-item-39074 bellows-item-level-1\"><a  href=\"https:\/\/www.univ-usto.dz\/inside\/activite-inside-including-student-with-impairments-in-distance-education\/\" class=\"bellows-target\"><span class=\"bellows-target-title bellows-target-text\">Activit\u00e9s Locales<\/span><\/a><\/li>\n<\/ul>\n<\/li>\n<li id=\"menu-item-39611\" class=\"bellows-menu-item bellows-menu-item-type-custom bellows-menu-item-object-custom bellows-menu-item-has-children bellows-menu-item-39611 bellows-item-level-0\"><a  href=\"#\" class=\"bellows-target\"><span class=\"bellows-target-title bellows-target-text\">Formations<\/span><button class=\"bellows-subtoggle\" aria-label=\"Toggle Submenu\"><i class=\"bellows-subtoggle-icon-expand fa fa-chevron-down\"><\/i><i class=\"bellows-subtoggle-icon-collapse fa fa-chevron-up\"><\/i><\/button><\/a>\n<ul class=\"bellows-submenu\">\n\t<li id=\"menu-item-38310\" class=\"bellows-menu-item bellows-menu-item-type-post_type bellows-menu-item-object-page bellows-menu-item-38310 bellows-item-level-1\"><a  href=\"https:\/\/www.univ-usto.dz\/inside\/services-accessibilit-etudiants\/\" class=\"bellows-target\"><span class=\"bellows-target-title bellows-target-text\">Lancement des services d\u2019accessibilit\u00e9<\/span><\/a><\/li>\n\t<li id=\"menu-item-38313\" class=\"bellows-menu-item bellows-menu-item-type-post_type bellows-menu-item-object-page bellows-menu-item-38313 bellows-item-level-1\"><a  href=\"https:\/\/www.univ-usto.dz\/inside\/formation-methodes-pedagogiques-accessibles\/\" class=\"bellows-target\"><span class=\"bellows-target-title bellows-target-text\">Lancement Formation des enseignants et des administrateurs<\/span><\/a><\/li>\n\t<li id=\"menu-item-39551\" class=\"bellows-menu-item bellows-menu-item-type-post_type bellows-menu-item-object-page bellows-menu-item-39551 bellows-item-level-1\"><a  href=\"https:\/\/www.univ-usto.dz\/inside\/formation-inside-enduser1\/\" class=\"bellows-target\"><span class=\"bellows-target-title bellows-target-text\">Formation Inside End User<\/span><\/a><\/li>\n\t<li id=\"menu-item-38312\" class=\"bellows-menu-item bellows-menu-item-type-post_type bellows-menu-item-object-page bellows-menu-item-38312 bellows-item-level-1\"><a  href=\"https:\/\/www.univ-usto.dz\/inside\/formation-inside\/\" class=\"bellows-target\"><span class=\"bellows-target-title bellows-target-text\">Formation des  enseignants et des administrateurs<\/span><\/a><\/li>\n<\/ul>\n<\/li>\n<li id=\"menu-item-38800\" class=\"bellows-menu-item bellows-menu-item-type-post_type bellows-menu-item-object-page bellows-menu-item-38800 bellows-item-level-0\"><a  href=\"https:\/\/www.univ-usto.dz\/inside\/partenaires\/\" class=\"bellows-target\"><span class=\"bellows-target-title bellows-target-text\">Partenaires<\/span><\/a><\/li>\n<li id=\"menu-item-38883\" class=\"bellows-menu-item bellows-menu-item-type-post_type bellows-menu-item-object-page bellows-menu-item-38883 bellows-item-level-0\"><a  href=\"https:\/\/www.univ-usto.dz\/inside\/equipe-inside\/\" class=\"bellows-target\"><span class=\"bellows-target-title bellows-target-text\">Equipes<\/span><\/a><\/li>\n<li id=\"menu-item-39624\" class=\"bellows-menu-item bellows-menu-item-type-post_type bellows-menu-item-object-page bellows-menu-item-39624 bellows-item-level-0\"><a  href=\"https:\/\/www.univ-usto.dz\/inside\/service-accessibilite\/\" class=\"bellows-target\"><span class=\"bellows-target-title bellows-target-text\">Service d\u2019accessibilit\u00e9<\/span><\/a><\/li>\n<li id=\"menu-item-38309\" class=\"bellows-menu-item bellows-menu-item-type-post_type bellows-menu-item-object-page bellows-menu-item-38309 bellows-item-level-0\"><a  href=\"https:\/\/www.univ-usto.dz\/inside\/newsletters\/\" class=\"bellows-target\"><span class=\"bellows-target-title bellows-target-text\">Newslettes<\/span><\/a><\/li>\n<\/ul><\/nav>\t\t<\/div>\n\t\t\t\t<\/div>\n\t\t\t\t\t\t<\/div>\n\t\t\t\t\t<\/div>\n\t\t<\/div>\n\t\t\t\t<div class=\"elementor-column elementor-col-50 elementor-top-column elementor-element elementor-element-29b6805\" data-id=\"29b6805\" data-element_type=\"column\">\n\t\t\t<div class=\"elementor-column-wrap elementor-element-populated\">\n\t\t\t\t\t\t\t<div class=\"elementor-widget-wrap\">\n\t\t\t\t\t\t<div class=\"elementor-element elementor-element-d34bf1d elementor-widget__width-initial elementor-widget elementor-widget-text-editor\" data-id=\"d34bf1d\" data-element_type=\"widget\" data-widget_type=\"text-editor.default\">\n\t\t\t\t<div class=\"elementor-widget-container\">\n\t\t\t\t\t\t\t\t<div class=\"elementor-text-editor elementor-clearfix\">\n\t\t\t\t<h3>Activit\u00e9 Locale\u00a0 InSIDE (Including Student with Impairments in Distance Education)<\/h3><p><strong>17 Avril 2023<\/strong>:\u00a0<\/p><div><div dir=\"auto\">Dans le cadre du projet Inside, l&rsquo;\u00e9quipe s&rsquo;est r\u00e9unie aujourd&rsquo;hui le<strong> 17 Avril 2023<\/strong> pour finaliser la pr\u00e9paration des cours accessibles qui seront d\u00e9pos\u00e9s dans la plateforme Moodle de l&rsquo;universit\u00e9 Capodistrienne d&rsquo;Ath\u00e8nes en Gr\u00e8ce.<\/div><div dir=\"auto\"><img decoding=\"async\" loading=\"lazy\" src=\"https:\/\/www.univ-usto.dz\/inside\/wp-content\/uploads\/2023\/04\/342198097_759243542311281_4139242150738750715_n.jpg\" alt=\"s\u00e9ance de travail\" width=\"459\" height=\"258\" \/><\/div><div dir=\"auto\">\u00a0<\/div><div dir=\"auto\">\u00a0<\/div><\/div><hr style=\"background-color: #ffffff;\" \/><ul><li style=\"list-style-type: none;\"><ul><li style=\"list-style-type: none;\"><ul><li><strong>12 Juin 2019\u00a0:<\/strong><\/li><\/ul><\/li><\/ul><\/li><\/ul><p>R\u00e9union de monitoring, \u00e0 l\u2019USTO, en pr\u00e9sence de\u00a0<strong>Mme Malika KEBRI<\/strong>, coordinatricedu bureau national inside+, Alg\u00e9rie.<\/p><ul><li style=\"list-style-type: none;\"><ul><li style=\"list-style-type: none;\"><ul><li><strong style=\"color: var( --e-global-color-text ); font-family: var( --e-global-typography-text-font-family ), Sans-serif;\">19 novembre 2019<\/strong><\/li><\/ul><\/li><\/ul><\/li><\/ul><p>R\u00e9union de monitoring, \u00e0 l\u2019USTO, en pr\u00e9sence de Mme Malika KEBRI, coordinatrice du bureau national inside+, Alg\u00e9rie.<\/p><ul><li style=\"list-style-type: none;\"><ul><li style=\"list-style-type: none;\"><ul><li><strong>21 juin 2020<\/strong><\/li><\/ul><\/li><\/ul><\/li><\/ul><p>S\u00e9ance de monitoring, en vision-conf\u00e9rence organis\u00e9 par le Bureau National inside + , Alg\u00e9rie. L\u2019USTO MB est repr\u00e9sent\u00e9 par Dr. Lahouari CHAA.<\/p><ul><li style=\"list-style-type: none;\"><ul><li style=\"list-style-type: none;\"><ul><li><strong>11 novembre 2020<\/strong><\/li><\/ul><\/li><\/ul><\/li><\/ul><p>S\u00e9ance de monitoring, en vision-conf\u00e9rence organis\u00e9e par le Bureau National inside + , Alg\u00e9rie. L\u2019USTO MB est repr\u00e9sent\u00e9 par Dr. Lahouari CHAA vice recteur charg\u00e9 des relations ext\u00e9rieures.<\/p><ul><li style=\"list-style-type: none;\"><ul><li style=\"list-style-type: none;\"><ul><li><strong>02 d\u00e9cembre 2020<\/strong><\/li><\/ul><\/li><\/ul><\/li><\/ul><p>Pr\u00e9sentation du projet InSIDE dans le magasine SABAH EL KHIR, diffus\u00e9 en direct par la t\u00e9l\u00e9vision alg\u00e9rienne (chaine terrestre).<\/p><ul><li style=\"list-style-type: none;\"><ul><li style=\"list-style-type: none;\"><ul><li><strong>03 d\u00e9cembre 2020<\/strong><\/li><\/ul><\/li><\/ul><\/li><\/ul><p>A l\u2019occasion de la journ\u00e9e internationale des personnes \u00e0 besoins sp\u00e9cifiques, pr\u00e9sentation du projet<strong>\u00a0InSIDE dans le magasine BONJOUR D\u2019ALGERIE, diffus\u00e9 en direct sur la chaine de t\u00e9l\u00e9vision Alg\u00e9rienne, Canal Alg\u00e9rie.<\/strong><\/p><p><img decoding=\"async\" src=\"https:\/\/www.univ-usto.dz\/inside\/activiteinside\/images\/Album2\/activite2.jpg\" alt=\"\" \/><img decoding=\"async\" loading=\"lazy\" src=\"https:\/\/www.univ-usto.dz\/inside\/wp-content\/uploads\/2023\/04\/activite2.jpg\" alt=\"InSIDE dans le magasine SABAH EL KHIR\" width=\"605\" height=\"312\" \/>\u00a0<img decoding=\"async\" loading=\"lazy\" src=\"https:\/\/www.univ-usto.dz\/inside\/wp-content\/uploads\/2023\/04\/activite1.jpg\" alt=\"InSIDE dans le magasine SABAH EL KHIR\" width=\"605\" height=\"319\" \/><\/p><p><img decoding=\"async\" src=\"images\/Album2\/activite1.jpg\" alt=\"\" \/><\/p><p><strong>\u00a0<\/strong><\/p>\t\t\t\t\t<\/div>\n\t\t\t\t\t\t<\/div>\n\t\t\t\t<\/div>\n\t\t\t\t\t\t<\/div>\n\t\t\t\t\t<\/div>\n\t\t<\/div>\n\t\t\t\t\t\t\t\t<\/div>\n\t\t\t\t\t<\/div>\n\t\t<\/section>\n\t\t\t\t<section class=\"elementor-section elementor-top-section elementor-element elementor-element-e4b9655 elementor-section-boxed elementor-section-height-default elementor-section-height-default\" data-id=\"e4b9655\" data-element_type=\"section\">\n\t\t\t\t\t\t<div class=\"elementor-container elementor-column-gap-default\">\n\t\t\t\t\t\t\t<div class=\"elementor-row\">\n\t\t\t\t\t<div class=\"elementor-column elementor-col-50 elementor-top-column elementor-element elementor-element-a90ed3a\" data-id=\"a90ed3a\" data-element_type=\"column\">\n\t\t\t<div class=\"elementor-column-wrap elementor-element-populated\">\n\t\t\t\t\t\t\t<div class=\"elementor-widget-wrap\">\n\t\t\t\t\t\t<div class=\"elementor-element elementor-element-1a6e72a elementor-widget elementor-widget-text-editor\" data-id=\"1a6e72a\" data-element_type=\"widget\" data-widget_type=\"text-editor.default\">\n\t\t\t\t<div class=\"elementor-widget-container\">\n\t\t\t\t\t\t\t\t<div class=\"elementor-text-editor elementor-clearfix\">\n\t\t\t\t<h2 class=\"elementor-heading-title elementor-size-default\">La 1\u00e8re vid\u00e9o du projet InSIDE<\/h2>\t\t\t\t\t<\/div>\n\t\t\t\t\t\t<\/div>\n\t\t\t\t<\/div>\n\t\t\t\t<div class=\"elementor-element elementor-element-f8c47a9 elementor-widget elementor-widget-video\" data-id=\"f8c47a9\" data-element_type=\"widget\" data-settings=\"{&quot;youtube_url&quot;:&quot;https:\\\/\\\/www.youtube.com\\\/watch?v=8pxYAzfWkZo&amp;t=3s&quot;,&quot;video_type&quot;:&quot;youtube&quot;,&quot;controls&quot;:&quot;yes&quot;}\" data-widget_type=\"video.default\">\n\t\t\t\t<div class=\"elementor-widget-container\">\n\t\t\t\t\t<div class=\"elementor-wrapper elementor-open-inline\">\n\t\t\t<div class=\"elementor-video\"><\/div>\t\t<\/div>\n\t\t\t\t<\/div>\n\t\t\t\t<\/div>\n\t\t\t\t\t\t<\/div>\n\t\t\t\t\t<\/div>\n\t\t<\/div>\n\t\t\t\t<div class=\"elementor-column elementor-col-50 elementor-top-column elementor-element elementor-element-dc4d027\" data-id=\"dc4d027\" data-element_type=\"column\">\n\t\t\t<div class=\"elementor-column-wrap\">\n\t\t\t\t\t\t\t<div class=\"elementor-widget-wrap\">\n\t\t\t\t\t\t\t\t<\/div>\n\t\t\t\t\t<\/div>\n\t\t<\/div>\n\t\t\t\t\t\t\t\t<\/div>\n\t\t\t\t\t<\/div>\n\t\t<\/section>\n\t\t\t\t<section class=\"elementor-section elementor-top-section elementor-element elementor-element-0161f1b elementor-section-boxed elementor-section-height-default elementor-section-height-default\" data-id=\"0161f1b\" data-element_type=\"section\">\n\t\t\t\t\t\t<div class=\"elementor-container elementor-column-gap-default\">\n\t\t\t\t\t\t\t<div class=\"elementor-row\">\n\t\t\t\t\t<div class=\"elementor-column elementor-col-100 elementor-top-column elementor-element elementor-element-499a230\" data-id=\"499a230\" data-element_type=\"column\">\n\t\t\t<div class=\"elementor-column-wrap elementor-element-populated\">\n\t\t\t\t\t\t\t<div class=\"elementor-widget-wrap\">\n\t\t\t\t\t\t<div class=\"elementor-element elementor-element-3ec718e elementor-widget elementor-widget-image\" data-id=\"3ec718e\" data-element_type=\"widget\" data-widget_type=\"image.default\">\n\t\t\t\t<div class=\"elementor-widget-container\">\n\t\t\t\t\t\t\t\t<div class=\"elementor-image\">\n\t\t\t\t\t\t\t\t\t\t\t\t\t<a href=\"\">\n\t\t\t\t\t\t\t<img decoding=\"async\" width=\"640\" height=\"148\" src=\"https:\/\/www.univ-usto.dz\/inside\/wp-content\/uploads\/2023\/04\/inside.png\" class=\"attachment-large size-large wp-image-38315\" alt=\"\" loading=\"lazy\" srcset=\"https:\/\/www.univ-usto.dz\/inside\/wp-content\/uploads\/2023\/04\/inside.png 770w, https:\/\/www.univ-usto.dz\/inside\/wp-content\/uploads\/2023\/04\/inside-300x69.png 300w, https:\/\/www.univ-usto.dz\/inside\/wp-content\/uploads\/2023\/04\/inside-768x178.png 768w, https:\/\/www.univ-usto.dz\/inside\/wp-content\/uploads\/2023\/04\/inside-360x83.png 360w, https:\/\/www.univ-usto.dz\/inside\/wp-content\/uploads\/2023\/04\/inside-24x6.png 24w, https:\/\/www.univ-usto.dz\/inside\/wp-content\/uploads\/2023\/04\/inside-36x8.png 36w, https:\/\/www.univ-usto.dz\/inside\/wp-content\/uploads\/2023\/04\/inside-48x11.png 48w, https:\/\/www.univ-usto.dz\/inside\/wp-content\/uploads\/2023\/04\/inside-600x139.png 600w\" sizes=\"(max-width: 640px) 100vw, 640px\" \/>\t\t\t\t\t\t\t\t<\/a>\n\t\t\t\t\t\t\t\t\t\t\t\t\t\t<\/div>\n\t\t\t\t\t\t<\/div>\n\t\t\t\t<\/div>\n\t\t\t\t<div class=\"elementor-element elementor-element-f80a951 elementor-widget elementor-widget-text-editor\" data-id=\"f80a951\" data-element_type=\"widget\" data-widget_type=\"text-editor.default\">\n\t\t\t\t<div class=\"elementor-widget-container\">\n\t\t\t\t\t\t\t\t<div class=\"elementor-text-editor elementor-clearfix\">\n\t\t\t\t<p style=\"text-align: center;\"><span style=\"font-size: 12pt; font-family: arial, helvetica, sans-serif;\"><strong><span style=\"text-decoration: underline; color: #333399;\">\u00a0<span lang=\"EL\"><a style=\"color: #333399;\" href=\"https:\/\/www.inside-project.org\/\" target=\"_blank\" rel=\"nofollow noopener\">https:\/\/www.inside-project.org<\/a><\/span><\/span><\/strong><\/span><\/p>\t\t\t\t\t<\/div>\n\t\t\t\t\t\t<\/div>\n\t\t\t\t<\/div>\n\t\t\t\t<div class=\"elementor-element elementor-element-30a92de elementor-widget elementor-widget-text-editor\" data-id=\"30a92de\" data-element_type=\"widget\" data-widget_type=\"text-editor.default\">\n\t\t\t\t<div class=\"elementor-widget-container\">\n\t\t\t\t\t\t\t\t<div class=\"elementor-text-editor elementor-clearfix\">\n\t\t\t\t\t\t\t\t\t<\/div>\n\t\t\t\t\t\t<\/div>\n\t\t\t\t<\/div>\n\t\t\t\t\t\t<\/div>\n\t\t\t\t\t<\/div>\n\t\t<\/div>\n\t\t\t\t\t\t\t\t<\/div>\n\t\t\t\t\t<\/div>\n\t\t<\/section>\n\t\t\t\t<section class=\"elementor-section elementor-top-section elementor-element elementor-element-e882e23 elementor-section-boxed elementor-section-height-default elementor-section-height-default\" data-id=\"e882e23\" data-element_type=\"section\" data-settings=\"{&quot;background_background&quot;:&quot;classic&quot;}\">\n\t\t\t\t\t\t<div class=\"elementor-container elementor-column-gap-default\">\n\t\t\t\t\t\t\t<div class=\"elementor-row\">\n\t\t\t\t\t<div class=\"elementor-column elementor-col-100 elementor-top-column elementor-element elementor-element-a83a7d0\" data-id=\"a83a7d0\" data-element_type=\"column\">\n\t\t\t<div class=\"elementor-column-wrap elementor-element-populated\">\n\t\t\t\t\t\t\t<div class=\"elementor-widget-wrap\">\n\t\t\t\t\t\t<div class=\"elementor-element elementor-element-02fb3a8 elementor-widget elementor-widget-elementskit-heading\" data-id=\"02fb3a8\" data-element_type=\"widget\" data-widget_type=\"elementskit-heading.default\">\n\t\t\t\t<div class=\"elementor-widget-container\">\n\t\t\t<div class=\"ekit-wid-con\" ><div class=\"ekit-heading elementskit-section-title-wraper text_left   ekit_heading_tablet-   ekit_heading_mobile-text_center\"><p class=\"ekit-heading--title elementskit-section-title \">Ce projet (598763-EPP-1-2018-1-EL-EPPKA2-CBHE-JP) est co-financ\u00e9 par le programme Erasmus+ de la Commission Europ\u00e9enne. Cette publication n\u2019engage que ses auteurs. La Commission ne peut \u00eatre tenue responsable de l\u2019utilisation des informations contenues dans cette publication.<\/p><div class=\"ekit_heading_separetor_wraper ekit_heading_elementskit-border-divider elementskit-style-long\"><div class=\"elementskit-border-divider elementskit-style-long\"><\/div><\/div><\/div><\/div>\t\t<\/div>\n\t\t\t\t<\/div>\n\t\t\t\t<section class=\"elementor-section elementor-inner-section elementor-element elementor-element-17e37f7 elementor-section-boxed elementor-section-height-default elementor-section-height-default\" data-id=\"17e37f7\" data-element_type=\"section\">\n\t\t\t\t\t\t<div class=\"elementor-container elementor-column-gap-default\">\n\t\t\t\t\t\t\t<div class=\"elementor-row\">\n\t\t\t\t\t<div class=\"elementor-column elementor-col-50 elementor-inner-column elementor-element elementor-element-9188950\" data-id=\"9188950\" data-element_type=\"column\">\n\t\t\t<div class=\"elementor-column-wrap elementor-element-populated\">\n\t\t\t\t\t\t\t<div class=\"elementor-widget-wrap\">\n\t\t\t\t\t\t<div class=\"elementor-element elementor-element-c94f149 elementor-widget elementor-widget-elementskit-social-media\" data-id=\"c94f149\" data-element_type=\"widget\" data-widget_type=\"elementskit-social-media.default\">\n\t\t\t\t<div class=\"elementor-widget-container\">\n\t\t\t<div class=\"ekit-wid-con\" >\t\t\t <ul class=\"ekit_social_media\">\n\t\t\t\t\t\t\t\t\t\t\t\t\t\t<li class=\"elementor-repeater-item-da8f4de\">\n\t\t\t\t\t    <a\n\t\t\t\t\t\thref=\"https:\/\/www.facebook.com\/people\/Including-Students-with-Impairments-in-Distance-Education\/100067981073953\/\" aria-label=\"Facebook\" class=\"facebook\" >\n\t\t\t\t\t\t\t\t\t\t\t\t\t\t\n\t\t\t\t\t\t\t<i aria-hidden=\"true\" class=\"icon icon-facebook\"><\/i>\t\t\t\t\t\t\t\t\t\n                                                                                                            <\/a>\n                    <\/li>\n                    \t\t\t\t\t\t\t\t\t\t\t\t\t\t<li class=\"elementor-repeater-item-1399011\">\n\t\t\t\t\t    <a\n\t\t\t\t\t\thref=\"https:\/\/twitter.com\/ProjectInSIDE2\" aria-label=\"Twitter\" class=\"twitter\" >\n\t\t\t\t\t\t\t\t\t\t\t\t\t\t\n\t\t\t\t\t\t\t<i aria-hidden=\"true\" class=\"icon icon-twitter\"><\/i>\t\t\t\t\t\t\t\t\t\n                                                                                                            <\/a>\n                    <\/li>\n                    \t\t\t\t\t\t\t\t\t\t\t\t\t\t<li class=\"elementor-repeater-item-8f886e8\">\n\t\t\t\t\t    <a\n\t\t\t\t\t\thref=\"https:\/\/www.linkedin.com\/signup\/cold-join?session_redirect=https%3A%2F%2Fwww%2Elinkedin%2Ecom%2Fgroups%2F12229692%2F&#038;trk=login_reg_redirect\" aria-label=\"LinkedIn\" class=\"linkedin\" >\n\t\t\t\t\t\t\t\t\t\t\t\t\t\t\n\t\t\t\t\t\t\t<i aria-hidden=\"true\" class=\"icon icon-linkedin\"><\/i>\t\t\t\t\t\t\t\t\t\n                                                                                                            <\/a>\n                    <\/li>\n                    \t\t\t\t\t\t\t<\/ul>\n\t\t<\/div>\t\t<\/div>\n\t\t\t\t<\/div>\n\t\t\t\t\t\t<\/div>\n\t\t\t\t\t<\/div>\n\t\t<\/div>\n\t\t\t\t<div class=\"elementor-column elementor-col-50 elementor-inner-column elementor-element elementor-element-eebb196\" data-id=\"eebb196\" data-element_type=\"column\">\n\t\t\t<div class=\"elementor-column-wrap elementor-element-populated\">\n\t\t\t\t\t\t\t<div class=\"elementor-widget-wrap\">\n\t\t\t\t\t\t<div class=\"elementor-element elementor-element-61cdf88 elementor-widget elementor-widget-image\" data-id=\"61cdf88\" data-element_type=\"widget\" data-widget_type=\"image.default\">\n\t\t\t\t<div class=\"elementor-widget-container\">\n\t\t\t\t\t\t\t\t<div class=\"elementor-image\">\n\t\t\t\t\t\t\t\t\t\t\t\t\t<a href=\"https:\/\/www.eacea.ec.europa.eu\/grants_en\">\n\t\t\t\t\t\t\t<img decoding=\"async\" width=\"300\" height=\"66\" src=\"https:\/\/www.univ-usto.dz\/inside\/wp-content\/uploads\/2023\/07\/logosbeneficaireserasmusleft.jpg\" class=\"attachment-large size-large wp-image-39179\" alt=\"\" loading=\"lazy\" srcset=\"https:\/\/www.univ-usto.dz\/inside\/wp-content\/uploads\/2023\/07\/logosbeneficaireserasmusleft.jpg 300w, https:\/\/www.univ-usto.dz\/inside\/wp-content\/uploads\/2023\/07\/logosbeneficaireserasmusleft-24x5.jpg 24w, https:\/\/www.univ-usto.dz\/inside\/wp-content\/uploads\/2023\/07\/logosbeneficaireserasmusleft-36x8.jpg 36w, https:\/\/www.univ-usto.dz\/inside\/wp-content\/uploads\/2023\/07\/logosbeneficaireserasmusleft-48x11.jpg 48w\" sizes=\"(max-width: 300px) 100vw, 300px\" \/>\t\t\t\t\t\t\t\t<\/a>\n\t\t\t\t\t\t\t\t\t\t\t\t\t\t<\/div>\n\t\t\t\t\t\t<\/div>\n\t\t\t\t<\/div>\n\t\t\t\t\t\t<\/div>\n\t\t\t\t\t<\/div>\n\t\t<\/div>\n\t\t\t\t\t\t\t\t<\/div>\n\t\t\t\t\t<\/div>\n\t\t<\/section>\n\t\t\t\t\t\t<\/div>\n\t\t\t\t\t<\/div>\n\t\t<\/div>\n\t\t\t\t\t\t\t\t<\/div>\n\t\t\t\t\t<\/div>\n\t\t<\/section>\n\t\t\t\t\t\t\t\t\t<\/div>\n\t\t\t<\/div>\n\t\t\t\t\t<\/div>\n\t\t","protected":false},"excerpt":{"rendered":"<p>Activit\u00e9 Locale\u00a0 InSIDE (Including Student with Impairments in Distance Education) 17 Avril 2023:\u00a0 Dans le cadre du projet Inside, l&rsquo;\u00e9quipe s&rsquo;est r\u00e9unie aujourd&rsquo;hui le 17 Avril 2023 pour finaliser la pr\u00e9paration des cours accessibles qui seront d\u00e9pos\u00e9s dans la plateforme&hellip;&nbsp;<a href=\"https:\/\/www.univ-usto.dz\/inside\/activite-inside-including-student-with-impairments-in-distance-education\/\" class=\"more-link\">Lire la suite<\/a><\/p>\n","protected":false},"author":1,"featured_media":0,"parent":0,"menu_order":0,"comment_status":"closed","ping_status":"open","template":"","meta":{"_mi_skip_tracking":false},"aioseo_notices":[],"_links":{"self":[{"href":"https:\/\/www.univ-usto.dz\/inside\/wp-json\/wp\/v2\/pages\/39063"}],"collection":[{"href":"https:\/\/www.univ-usto.dz\/inside\/wp-json\/wp\/v2\/pages"}],"about":[{"href":"https:\/\/www.univ-usto.dz\/inside\/wp-json\/wp\/v2\/types\/page"}],"author":[{"embeddable":true,"href":"https:\/\/www.univ-usto.dz\/inside\/wp-json\/wp\/v2\/users\/1"}],"replies":[{"embeddable":true,"href":"https:\/\/www.univ-usto.dz\/inside\/wp-json\/wp\/v2\/comments?post=39063"}],"version-history":[{"count":21,"href":"https:\/\/www.univ-usto.dz\/inside\/wp-json\/wp\/v2\/pages\/39063\/revisions"}],"predecessor-version":[{"id":39653,"href":"https:\/\/www.univ-usto.dz\/inside\/wp-json\/wp\/v2\/pages\/39063\/revisions\/39653"}],"wp:attachment":[{"href":"https:\/\/www.univ-usto.dz\/inside\/wp-json\/wp\/v2\/media?parent=39063"}],"curies":[{"name":"wp","href":"https:\/\/api.w.org\/{rel}","templated":true}]}}