{"id":3267,"date":"2020-09-04T14:06:16","date_gmt":"2020-09-04T14:06:16","guid":{"rendered":"https:\/\/www.univ-usto.dz\/ieps\/?page_id=3267"},"modified":"2020-09-29T19:40:14","modified_gmt":"2020-09-29T19:40:14","slug":"guide-de-letudiant","status":"publish","type":"page","link":"https:\/\/www.univ-usto.dz\/instituts\/ieps\/guide-de-letudiant\/","title":{"rendered":"Guide de l&rsquo;\u00e9tudiant"},"content":{"rendered":"\t\t<div data-elementor-type=\"wp-page\" data-elementor-id=\"3267\" class=\"elementor elementor-3267\">\n\t\t\t\t\t\t<section class=\"elementor-section elementor-top-section elementor-element elementor-element-703bbe4 elementor-section-boxed elementor-section-height-default elementor-section-height-default\" data-id=\"703bbe4\" data-element_type=\"section\" data-e-type=\"section\">\n\t\t\t\t\t\t<div class=\"elementor-container elementor-column-gap-default\">\n\t\t\t\t\t<div class=\"elementor-column elementor-col-33 elementor-top-column elementor-element elementor-element-62c2c43\" data-id=\"62c2c43\" data-element_type=\"column\" data-e-type=\"column\">\n\t\t\t<div class=\"elementor-widget-wrap elementor-element-populated\">\n\t\t\t\t\t\t<div class=\"elementor-element elementor-element-f8963a8 elementor-widget elementor-widget-wp-widget-bellows_navigation_widget\" data-id=\"f8963a8\" data-element_type=\"widget\" data-e-type=\"widget\" data-widget_type=\"wp-widget-bellows_navigation_widget.default\">\n\t\t\t\t<div class=\"elementor-widget-container\">\n\t\t\t\t\t<nav id=\"bellows-main-119\" class=\"bellows bellows-nojs bellows-main bellows-source-menu bellows-align-full bellows-skin-vanilla bellows-type-\"><ul id=\"menu-vie-etudiante\" class=\"bellows-nav\" data-bellows-config=\"main\"><li id=\"menu-item-3271\" class=\"bellows-menu-item bellows-menu-item-type-post_type bellows-menu-item-object-page bellows-menu-item-3271 bellows-item-level-0\"><a  href=\"https:\/\/www.univ-usto.dz\/instituts\/ieps\/guide-de-letudiant\/\" class=\"bellows-target\"><span class=\"bellows-target-title bellows-target-text\">Guide de l\u2019\u00e9tudiant<\/span><\/a><\/li>\n<li id=\"menu-item-3290\" class=\"bellows-menu-item bellows-menu-item-type-post_type bellows-menu-item-object-page bellows-menu-item-3290 bellows-item-level-0\"><a  href=\"https:\/\/www.univ-usto.dz\/instituts\/ieps\/vie-associative-et-culturelle\/\" class=\"bellows-target\"><span class=\"bellows-target-title bellows-target-text\">Vie associative et culturelle<\/span><\/a><\/li>\n<li id=\"menu-item-3280\" class=\"bellows-menu-item bellows-menu-item-type-post_type bellows-menu-item-object-page bellows-menu-item-3280 bellows-item-level-0\"><a  href=\"https:\/\/www.univ-usto.dz\/instituts\/ieps\/sante\/\" class=\"bellows-target\"><span class=\"bellows-target-title bellows-target-text\">Sant\u00e9<\/span><\/a><\/li>\n<li id=\"menu-item-3285\" class=\"bellows-menu-item bellows-menu-item-type-post_type bellows-menu-item-object-page bellows-menu-item-3285 bellows-item-level-0\"><a  href=\"https:\/\/www.univ-usto.dz\/instituts\/ieps\/sport\/\" class=\"bellows-target\"><span class=\"bellows-target-title bellows-target-text\">Sport<\/span><\/a><\/li>\n<li id=\"menu-item-3291\" class=\"bellows-menu-item bellows-menu-item-type-post_type bellows-menu-item-object-page bellows-menu-item-3291 bellows-item-level-0\"><a  href=\"https:\/\/www.univ-usto.dz\/instituts\/ieps\/bourses\/\" class=\"bellows-target\"><span class=\"bellows-target-title bellows-target-text\">Bourses<\/span><\/a><\/li>\n<li id=\"menu-item-3292\" class=\"bellows-menu-item bellows-menu-item-type-post_type bellows-menu-item-object-page bellows-menu-item-3292 bellows-item-level-0\"><a  href=\"https:\/\/www.univ-usto.dz\/instituts\/ieps\/hebergement\/\" class=\"bellows-target\"><span class=\"bellows-target-title bellows-target-text\">H\u00e9bergement<\/span><\/a><\/li>\n<\/ul><\/nav>\t\t\t\t<\/div>\n\t\t\t\t<\/div>\n\t\t\t\t\t<\/div>\n\t\t<\/div>\n\t\t\t\t<div class=\"elementor-column elementor-col-66 elementor-top-column elementor-element elementor-element-eff045f\" data-id=\"eff045f\" data-element_type=\"column\" data-e-type=\"column\">\n\t\t\t<div class=\"elementor-widget-wrap elementor-element-populated\">\n\t\t\t\t\t\t<div class=\"elementor-element elementor-element-1642bf6 elementor-widget elementor-widget-elementskit-heading\" data-id=\"1642bf6\" data-element_type=\"widget\" data-e-type=\"widget\" data-widget_type=\"elementskit-heading.default\">\n\t\t\t\t<div class=\"elementor-widget-container\">\n\t\t\t\t\t<div class=\"ekit-wid-con\" ><div class=\"ekit-heading elementskit-section-title-wraper text_left   ekit_heading_tablet-   ekit_heading_mobile-\"><h3 class=\"ekit-heading--title elementskit-section-title \">Guide de l'\u00e9tudiant<\/h3><div class=\"ekit_heading_separetor_wraper ekit_heading_elementskit-border-divider ekit-dotted\"><div class=\"elementskit-border-divider ekit-dotted\"><\/div><\/div><\/div><\/div>\t\t\t\t<\/div>\n\t\t\t\t<\/div>\n\t\t\t\t<div class=\"elementor-element elementor-element-2b8fc54 elementor-widget elementor-widget-text-editor\" data-id=\"2b8fc54\" data-element_type=\"widget\" data-e-type=\"widget\" data-widget_type=\"text-editor.default\">\n\t\t\t\t<div class=\"elementor-widget-container\">\n\t\t\t\t\t\t\t\t\t<p>Ce guide, \u00e9labor\u00e9&nbsp; en deux versions arabes et fran\u00e7aises, est un bon aper\u00e7u pour savoir tout sur l\u2019universit\u00e9 et sa structuration, et aussi pour connaitre les proc\u00e9dures p\u00e9dagogiques relatives \u00e0 l\u2019inscription, l\u2019orientation\u2026etc que l\u2019\u00e9tudiant doit effectuer au niveau de son d\u00e9partement, au niveau de son facult\u00e9, ou au niveau du rectorat durant tout son parcours d\u2019\u00e9tude.<\/p>\n<p>L\u2019\u00e9tudiant trouve aussi \u00e0 ce guide des explications pour r\u00e9v\u00e9ler toute ambig\u00fcit\u00e9 sur les notions importantes du syst\u00e8me LMD, surtout en ce qui concerne l\u2019\u00e9valuation et la progression dans les \u00e9tudes. Et d\u2019autre part, il trouve les services offerts par l\u2019universit\u00e9 pour lui permettre d\u2019int\u00e9grer facilement \u00e0 la vie universitaire et les et professionnelle apr\u00e8s l\u2019obtention de son dipl\u00f4me.<\/p>\n<ul>\n<li>Guide de l\u2019\u00e9tudiant version Arabe pdf<\/li>\n<li>Guide de l\u2019\u00e9tudiant version&nbsp; Fran\u00e7ais pdf<\/li>\n<\/ul>\t\t\t\t\t\t\t\t<\/div>\n\t\t\t\t<\/div>\n\t\t\t\t\t<\/div>\n\t\t<\/div>\n\t\t\t\t\t<\/div>\n\t\t<\/section>\n\t\t\t\t<\/div>\n\t\t","protected":false},"excerpt":{"rendered":"<p>Guide de l&rsquo;\u00e9tudiant Ce guide, \u00e9labor\u00e9&nbsp; en deux versions arabes et fran\u00e7aises, est un bon aper\u00e7u pour savoir tout sur l\u2019universit\u00e9 et sa structuration, et aussi pour connaitre les proc\u00e9dures <a href=\"https:\/\/www.univ-usto.dz\/instituts\/ieps\/guide-de-letudiant\/\" class=\"read-more\">Lire la suite &#8230;<\/a><\/p>\n","protected":false},"author":1,"featured_media":0,"parent":0,"menu_order":0,"comment_status":"closed","ping_status":"closed","template":"","meta":{"footnotes":""},"class_list":["post-3267","page","type-page","status-publish","hentry"],"_links":{"self":[{"href":"https:\/\/www.univ-usto.dz\/instituts\/ieps\/wp-json\/wp\/v2\/pages\/3267","targetHints":{"allow":["GET"]}}],"collection":[{"href":"https:\/\/www.univ-usto.dz\/instituts\/ieps\/wp-json\/wp\/v2\/pages"}],"about":[{"href":"https:\/\/www.univ-usto.dz\/instituts\/ieps\/wp-json\/wp\/v2\/types\/page"}],"author":[{"embeddable":true,"href":"https:\/\/www.univ-usto.dz\/instituts\/ieps\/wp-json\/wp\/v2\/users\/1"}],"replies":[{"embeddable":true,"href":"https:\/\/www.univ-usto.dz\/instituts\/ieps\/wp-json\/wp\/v2\/comments?post=3267"}],"version-history":[{"count":12,"href":"https:\/\/www.univ-usto.dz\/instituts\/ieps\/wp-json\/wp\/v2\/pages\/3267\/revisions"}],"predecessor-version":[{"id":5319,"href":"https:\/\/www.univ-usto.dz\/instituts\/ieps\/wp-json\/wp\/v2\/pages\/3267\/revisions\/5319"}],"wp:attachment":[{"href":"https:\/\/www.univ-usto.dz\/instituts\/ieps\/wp-json\/wp\/v2\/media?parent=3267"}],"curies":[{"name":"wp","href":"https:\/\/api.w.org\/{rel}","templated":true}]}}