{"id":3284,"date":"2020-09-04T14:50:29","date_gmt":"2020-09-04T14:50:29","guid":{"rendered":"https:\/\/www.univ-usto.dz\/ieps\/?page_id=3284"},"modified":"2020-09-29T19:59:35","modified_gmt":"2020-09-29T19:59:35","slug":"vie-associative-et-culturelle","status":"publish","type":"page","link":"https:\/\/www.univ-usto.dz\/instituts\/ieps\/vie-associative-et-culturelle\/","title":{"rendered":"Vie associative et culturelle"},"content":{"rendered":"\t\t<div data-elementor-type=\"wp-page\" data-elementor-id=\"3284\" class=\"elementor elementor-3284\">\n\t\t\t\t\t\t<section class=\"elementor-section elementor-top-section elementor-element elementor-element-703bbe4 elementor-section-boxed elementor-section-height-default elementor-section-height-default\" data-id=\"703bbe4\" data-element_type=\"section\" data-e-type=\"section\">\n\t\t\t\t\t\t<div class=\"elementor-container elementor-column-gap-default\">\n\t\t\t\t\t<div class=\"elementor-column elementor-col-33 elementor-top-column elementor-element elementor-element-62c2c43\" data-id=\"62c2c43\" data-element_type=\"column\" data-e-type=\"column\">\n\t\t\t<div class=\"elementor-widget-wrap elementor-element-populated\">\n\t\t\t\t\t\t<div class=\"elementor-element elementor-element-16eb77e elementor-widget elementor-widget-wp-widget-bellows_navigation_widget\" data-id=\"16eb77e\" data-element_type=\"widget\" data-e-type=\"widget\" data-widget_type=\"wp-widget-bellows_navigation_widget.default\">\n\t\t\t\t<div class=\"elementor-widget-container\">\n\t\t\t\t\t<nav id=\"bellows-main-119\" class=\"bellows bellows-nojs bellows-main bellows-source-menu bellows-align-full bellows-skin-vanilla bellows-type-\"><ul id=\"menu-vie-etudiante\" class=\"bellows-nav\" data-bellows-config=\"main\"><li id=\"menu-item-3271\" class=\"bellows-menu-item bellows-menu-item-type-post_type bellows-menu-item-object-page bellows-menu-item-3271 bellows-item-level-0\"><a  href=\"https:\/\/www.univ-usto.dz\/instituts\/ieps\/guide-de-letudiant\/\" class=\"bellows-target\"><span class=\"bellows-target-title bellows-target-text\">Guide de l\u2019\u00e9tudiant<\/span><\/a><\/li>\n<li id=\"menu-item-3290\" class=\"bellows-menu-item bellows-menu-item-type-post_type bellows-menu-item-object-page bellows-menu-item-3290 bellows-item-level-0\"><a  href=\"https:\/\/www.univ-usto.dz\/instituts\/ieps\/vie-associative-et-culturelle\/\" class=\"bellows-target\"><span class=\"bellows-target-title bellows-target-text\">Vie associative et culturelle<\/span><\/a><\/li>\n<li id=\"menu-item-3280\" class=\"bellows-menu-item bellows-menu-item-type-post_type bellows-menu-item-object-page bellows-menu-item-3280 bellows-item-level-0\"><a  href=\"https:\/\/www.univ-usto.dz\/instituts\/ieps\/sante\/\" class=\"bellows-target\"><span class=\"bellows-target-title bellows-target-text\">Sant\u00e9<\/span><\/a><\/li>\n<li id=\"menu-item-3285\" class=\"bellows-menu-item bellows-menu-item-type-post_type bellows-menu-item-object-page bellows-menu-item-3285 bellows-item-level-0\"><a  href=\"https:\/\/www.univ-usto.dz\/instituts\/ieps\/sport\/\" class=\"bellows-target\"><span class=\"bellows-target-title bellows-target-text\">Sport<\/span><\/a><\/li>\n<li id=\"menu-item-3291\" class=\"bellows-menu-item bellows-menu-item-type-post_type bellows-menu-item-object-page bellows-menu-item-3291 bellows-item-level-0\"><a  href=\"https:\/\/www.univ-usto.dz\/instituts\/ieps\/bourses\/\" class=\"bellows-target\"><span class=\"bellows-target-title bellows-target-text\">Bourses<\/span><\/a><\/li>\n<li id=\"menu-item-3292\" class=\"bellows-menu-item bellows-menu-item-type-post_type bellows-menu-item-object-page bellows-menu-item-3292 bellows-item-level-0\"><a  href=\"https:\/\/www.univ-usto.dz\/instituts\/ieps\/hebergement\/\" class=\"bellows-target\"><span class=\"bellows-target-title bellows-target-text\">H\u00e9bergement<\/span><\/a><\/li>\n<\/ul><\/nav>\t\t\t\t<\/div>\n\t\t\t\t<\/div>\n\t\t\t\t\t<\/div>\n\t\t<\/div>\n\t\t\t\t<div class=\"elementor-column elementor-col-66 elementor-top-column elementor-element elementor-element-eff045f\" data-id=\"eff045f\" data-element_type=\"column\" data-e-type=\"column\">\n\t\t\t<div class=\"elementor-widget-wrap elementor-element-populated\">\n\t\t\t\t\t\t<div class=\"elementor-element elementor-element-07ccf6d elementor-widget elementor-widget-elementskit-heading\" data-id=\"07ccf6d\" data-element_type=\"widget\" data-e-type=\"widget\" data-widget_type=\"elementskit-heading.default\">\n\t\t\t\t<div class=\"elementor-widget-container\">\n\t\t\t\t\t<div class=\"ekit-wid-con\" ><div class=\"ekit-heading elementskit-section-title-wraper text_left   ekit_heading_tablet-   ekit_heading_mobile-\"><h3 class=\"ekit-heading--title elementskit-section-title \">Vie associative et culturelle<\/h3><div class=\"ekit_heading_separetor_wraper ekit_heading_elementskit-border-divider ekit-dotted\"><div class=\"elementskit-border-divider ekit-dotted\"><\/div><\/div><\/div><\/div>\t\t\t\t<\/div>\n\t\t\t\t<\/div>\n\t\t\t\t<div class=\"elementor-element elementor-element-2b8fc54 elementor-widget elementor-widget-text-editor\" data-id=\"2b8fc54\" data-element_type=\"widget\" data-e-type=\"widget\" data-widget_type=\"text-editor.default\">\n\t\t\t\t<div class=\"elementor-widget-container\">\n\t\t\t\t\t\t\t\t\t<p>L&rsquo;universit\u00e9 encourage les \u00e9tudiants \u00e0 prendre part \u00e0 la vie \u00e0 l&rsquo;universit\u00e9 \u00e0 travers <strong>les Clubs<\/strong><strong>\u00a0scientifiques<\/strong>, <strong>culturels <\/strong>et\u00a0<strong>sportifs<\/strong>, ont \u00e9t\u00e9 cr\u00e9es pour organiser les rencontres et favoriser, dans leurs domaines de recherche respectifs, les discussions sur les r\u00e9sultats, les m\u00e9thodes et les perspectives.<\/p><p>Actuellement, l\u2019Universit\u00e9 USTOMB\u00a0 compte<\/p><h2><strong>Udev<\/strong><\/h2>\t\t\t\t\t\t\t\t<\/div>\n\t\t\t\t<\/div>\n\t\t\t\t<div class=\"elementor-element elementor-element-ec2a87a elementor-widget elementor-widget-image\" data-id=\"ec2a87a\" data-element_type=\"widget\" data-e-type=\"widget\" data-widget_type=\"image.default\">\n\t\t\t\t<div class=\"elementor-widget-container\">\n\t\t\t\t\t\t\t\t\t\t\t\t\t\t\t<img decoding=\"async\" src=\"https:\/\/http:\/\/192.168.200.46\/faculte\/fac-electrique\/dup\/wpt\/wp-content\/uploads\/2020\/09\/udev.png\" title=\"\" alt=\"\" loading=\"lazy\" \/>\t\t\t\t\t\t\t\t\t\t\t\t\t\t\t<\/div>\n\t\t\t\t<\/div>\n\t\t\t\t<div class=\"elementor-element elementor-element-fdcd937 elementor-widget elementor-widget-text-editor\" data-id=\"fdcd937\" data-element_type=\"widget\" data-e-type=\"widget\" data-widget_type=\"text-editor.default\">\n\t\t\t\t<div class=\"elementor-widget-container\">\n\t\t\t\t\t\t\t\t\t<p><strong>Club Scientifique de la Facult\u00e9 de Physique \u00ab\u00a0EUREKA\u00a0\u00bb<\/strong><\/p><p><a href=\"https:\/\/http:\/\/192.168.200.46\/faculte\/fac-electrique\/faculte\/fac-physique\/images\/CLUB_SCIENTIFIQUE\/EUREKA\/Le_Club_Scientifique_de_la_Facult\u00e9_de_Physique.pdf\" data-wplink-edit=\"true\"><strong>Club Scientifique Eur\u00eaka<\/strong><\/a><\/p>\t\t\t\t\t\t\t\t<\/div>\n\t\t\t\t<\/div>\n\t\t\t\t<div class=\"elementor-element elementor-element-52d1e11 elementor-widget elementor-widget-image\" data-id=\"52d1e11\" data-element_type=\"widget\" data-e-type=\"widget\" data-widget_type=\"image.default\">\n\t\t\t\t<div class=\"elementor-widget-container\">\n\t\t\t\t\t\t\t\t\t\t\t\t\t\t\t\t<a href=\"https:\/\/http:\/\/192.168.200.46\/faculte\/fac-electrique\/faculte\/fac-physique\/images\/CLUB_SCIENTIFIQUE\/EUREKA\/Le_Club_Scientifique_de_la_Facult\u00e9_de_Physique.pdf\">\n\t\t\t\t\t\t\t<img decoding=\"async\" src=\"https:\/\/http:\/\/192.168.200.46\/faculte\/fac-electrique\/dup\/wpt\/wp-content\/uploads\/2020\/09\/clubphysique.png\" title=\"\" alt=\"\" loading=\"lazy\" \/>\t\t\t\t\t\t\t\t<\/a>\n\t\t\t\t\t\t\t\t\t\t\t\t\t\t\t<\/div>\n\t\t\t\t<\/div>\n\t\t\t\t\t<\/div>\n\t\t<\/div>\n\t\t\t\t\t<\/div>\n\t\t<\/section>\n\t\t\t\t<\/div>\n\t\t","protected":false},"excerpt":{"rendered":"<p>Vie associative et culturelle L&rsquo;universit\u00e9 encourage les \u00e9tudiants \u00e0 prendre part \u00e0 la vie \u00e0 l&rsquo;universit\u00e9 \u00e0 travers les Clubs\u00a0scientifiques, culturels et\u00a0sportifs, ont \u00e9t\u00e9 cr\u00e9es pour organiser les rencontres et <a href=\"https:\/\/www.univ-usto.dz\/instituts\/ieps\/vie-associative-et-culturelle\/\" class=\"read-more\">Lire la suite &#8230;<\/a><\/p>\n","protected":false},"author":1,"featured_media":0,"parent":0,"menu_order":0,"comment_status":"closed","ping_status":"closed","template":"","meta":{"footnotes":""},"class_list":["post-3284","page","type-page","status-publish","hentry"],"_links":{"self":[{"href":"https:\/\/www.univ-usto.dz\/instituts\/ieps\/wp-json\/wp\/v2\/pages\/3284","targetHints":{"allow":["GET"]}}],"collection":[{"href":"https:\/\/www.univ-usto.dz\/instituts\/ieps\/wp-json\/wp\/v2\/pages"}],"about":[{"href":"https:\/\/www.univ-usto.dz\/instituts\/ieps\/wp-json\/wp\/v2\/types\/page"}],"author":[{"embeddable":true,"href":"https:\/\/www.univ-usto.dz\/instituts\/ieps\/wp-json\/wp\/v2\/users\/1"}],"replies":[{"embeddable":true,"href":"https:\/\/www.univ-usto.dz\/instituts\/ieps\/wp-json\/wp\/v2\/comments?post=3284"}],"version-history":[{"count":15,"href":"https:\/\/www.univ-usto.dz\/instituts\/ieps\/wp-json\/wp\/v2\/pages\/3284\/revisions"}],"predecessor-version":[{"id":5309,"href":"https:\/\/www.univ-usto.dz\/instituts\/ieps\/wp-json\/wp\/v2\/pages\/3284\/revisions\/5309"}],"wp:attachment":[{"href":"https:\/\/www.univ-usto.dz\/instituts\/ieps\/wp-json\/wp\/v2\/media?parent=3284"}],"curies":[{"name":"wp","href":"https:\/\/api.w.org\/{rel}","templated":true}]}}