{"id":5615,"date":"2020-09-20T13:32:23","date_gmt":"2020-09-20T13:32:23","guid":{"rendered":"https:\/\/www.univ-usto.dz\/ieps\/?page_id=5615"},"modified":"2021-01-28T08:15:29","modified_gmt":"2021-01-28T08:15:29","slug":"messagerie","status":"publish","type":"page","link":"https:\/\/www.univ-usto.dz\/instituts\/ieps\/messagerie\/","title":{"rendered":"Messagerie"},"content":{"rendered":"\t\t<div data-elementor-type=\"wp-page\" data-elementor-id=\"5615\" class=\"elementor elementor-5615\">\n\t\t\t\t\t\t<section class=\"elementor-section elementor-top-section elementor-element elementor-element-703bbe4 elementor-section-boxed elementor-section-height-default elementor-section-height-default\" data-id=\"703bbe4\" data-element_type=\"section\" data-e-type=\"section\">\n\t\t\t\t\t\t<div class=\"elementor-container elementor-column-gap-default\">\n\t\t\t\t\t<div class=\"elementor-column elementor-col-33 elementor-top-column elementor-element elementor-element-62c2c43\" data-id=\"62c2c43\" data-element_type=\"column\" data-e-type=\"column\">\n\t\t\t<div class=\"elementor-widget-wrap elementor-element-populated\">\n\t\t\t\t\t\t<div class=\"elementor-element elementor-element-91f5fd6 elementor-widget elementor-widget-text-editor\" data-id=\"91f5fd6\" data-element_type=\"widget\" data-e-type=\"widget\" data-widget_type=\"text-editor.default\">\n\t\t\t\t<div class=\"elementor-widget-container\">\n\t\t\t\t\t\t\t\t\t<h3>Toutes les actualit\u00e9s<\/h3>\t\t\t\t\t\t\t\t<\/div>\n\t\t\t\t<\/div>\n\t\t\t\t<div class=\"elementor-element elementor-element-e96f889 elementor-widget elementor-widget-wp-widget-bellows_navigation_widget\" data-id=\"e96f889\" data-element_type=\"widget\" data-e-type=\"widget\" data-widget_type=\"wp-widget-bellows_navigation_widget.default\">\n\t\t\t\t<div class=\"elementor-widget-container\">\n\t\t\t\t\t<nav id=\"bellows-main-128\" class=\"bellows bellows-nojs bellows-main bellows-source-menu bellows-align-full bellows-skin-vanilla bellows-type-\"><ul id=\"menu-categories\" class=\"bellows-nav\" data-bellows-config=\"main\"><li id=\"menu-item-7241\" class=\"bellows-menu-item bellows-menu-item-type-taxonomy bellows-menu-item-object-category bellows-menu-item-7241 bellows-item-level-0\"><a  href=\"https:\/\/www.univ-usto.dz\/instituts\/ieps\/category\/bourse-erasmus\/\" class=\"bellows-target\"><span class=\"bellows-target-title bellows-target-text\">Bourse Erasmus<\/span><\/a><\/li>\n<li id=\"menu-item-5757\" class=\"bellows-menu-item bellows-menu-item-type-taxonomy bellows-menu-item-object-category bellows-menu-item-5757 bellows-item-level-0\"><a  href=\"https:\/\/www.univ-usto.dz\/instituts\/ieps\/category\/annonces\/\" class=\"bellows-target\"><span class=\"bellows-target-title bellows-target-text\">Annonces<\/span><\/a><\/li>\n<li id=\"menu-item-5758\" class=\"bellows-menu-item bellows-menu-item-type-taxonomy bellows-menu-item-object-category bellows-menu-item-5758 bellows-item-level-0\"><a  href=\"https:\/\/www.univ-usto.dz\/instituts\/ieps\/category\/avis-de-consultation\/\" class=\"bellows-target\"><span class=\"bellows-target-title bellows-target-text\">Avis de consultation<\/span><\/a><\/li>\n<li id=\"menu-item-5760\" class=\"bellows-menu-item bellows-menu-item-type-taxonomy bellows-menu-item-object-category bellows-menu-item-5760 bellows-item-level-0\"><a  href=\"https:\/\/www.univ-usto.dz\/instituts\/ieps\/category\/evenement\/\" class=\"bellows-target\"><span class=\"bellows-target-title bellows-target-text\">Evenement<\/span><\/a><\/li>\n<li id=\"menu-item-5762\" class=\"bellows-menu-item bellows-menu-item-type-taxonomy bellows-menu-item-object-category bellows-menu-item-5762 bellows-item-level-0\"><a  href=\"https:\/\/www.univ-usto.dz\/instituts\/ieps\/category\/news\/\" class=\"bellows-target\"><span class=\"bellows-target-title bellows-target-text\">News<\/span><\/a><\/li>\n<\/ul><\/nav>\t\t\t\t<\/div>\n\t\t\t\t<\/div>\n\t\t\t\t\t<\/div>\n\t\t<\/div>\n\t\t\t\t<div class=\"elementor-column elementor-col-66 elementor-top-column elementor-element elementor-element-eff045f\" data-id=\"eff045f\" data-element_type=\"column\" data-e-type=\"column\">\n\t\t\t<div class=\"elementor-widget-wrap elementor-element-populated\">\n\t\t\t\t\t\t<div class=\"elementor-element elementor-element-b5b3cdb elementor-widget elementor-widget-heading\" data-id=\"b5b3cdb\" data-element_type=\"widget\" data-e-type=\"widget\" data-widget_type=\"heading.default\">\n\t\t\t\t<div class=\"elementor-widget-container\">\n\t\t\t\t\t<h2 class=\"elementor-heading-title elementor-size-default\">Messagerie pour Etudiants L1<\/h2>\t\t\t\t<\/div>\n\t\t\t\t<\/div>\n\t\t\t\t<div class=\"elementor-element elementor-element-ea58b5e elementor-widget elementor-widget-image\" data-id=\"ea58b5e\" data-element_type=\"widget\" data-e-type=\"widget\" data-widget_type=\"image.default\">\n\t\t\t\t<div class=\"elementor-widget-container\">\n\t\t\t\t\t\t\t\t\t\t\t\t\t\t\t<img decoding=\"async\" src=\"https:\/\/http:\/\/192.168.200.46\/faculte\/fac-electrique\/wp-content\/uploads\/2021\/01\/Comte-etudiant.jpg\" title=\"\" alt=\"\" loading=\"lazy\" \/>\t\t\t\t\t\t\t\t\t\t\t\t\t\t\t<\/div>\n\t\t\t\t<\/div>\n\t\t\t\t<div class=\"elementor-element elementor-element-2b8fc54 elementor-widget elementor-widget-text-editor\" data-id=\"2b8fc54\" data-element_type=\"widget\" data-e-type=\"widget\" data-widget_type=\"text-editor.default\">\n\t\t\t\t<div class=\"elementor-widget-container\">\n\t\t\t\t\t\t\t\t\t<div class=\"page-header\"><p>Les \u00e9tudiants de L1 ont d\u00e9sormais\u00a0 un e-mail institutionnel\u00a0 sous forme <strong>MatriculeEtudiant@etu.univ-usto.dz <\/strong>le mot de passe est la concat\u00e9nation de la date de naissance \/ moyenne du bac<\/p><p><strong>Exemple<\/strong>\u00a0:<\/p><p><strong>E-mail<\/strong>\u00a0: <strong>202012345678@etu.univ-usto.dz<\/strong> Pour un Matricule d\u2019\u00e9tudiants\u00a0 <strong>202012345678<\/strong><\/p><p><strong>Mot de passe<\/strong>\u00a0: <strong>05\/06\/2002\/12.34<\/strong> pour\u00a0 une date de naissance \u00ab 05 juin 2002 \u00bb et une moyenne du BAC \u00ab 12.34 \u00bb, caract\u00e8re \u00ab \/ \u00bb inclus\u00a0\u00a0<\/p><p><span style=\"text-decoration: underline;\"><span style=\"color: #000000; text-decoration: underline;\"><strong>Remarque:<\/strong>\u00a0<\/span><\/span> \u00a0 pour une moyenne du BAC\u00a0 \u00a09,1\u00a0 comme exemple prendre le format de 09.10<\/p><p>\u00a0 \u00a0 \u00a0 \u00a0 \u00a0 \u00a0 \u00a0 \u00a0 \u00a0 \u00a0 \u00a0 \u00a0 \u00a0 \u00a0 \u00a02 eme exemple:\u00a0 12,2 prendre le format 12.20<\/p><p>Ce mot de passe est provisoire, il doit \u00eatre modifi\u00e9 d\u00e8s la premi\u00e8re authentificatio<em>n.\u00a0<\/em><\/p><p><span style=\"color: #000000;\"><strong>Pour acc\u00e9der \u00e0 votre boite de messagerie cliquer sur le lien suivant:\u00a0<\/strong><\/span><\/p><p><span style=\"color: #3366ff;\"><strong><span style=\"text-decoration: underline;\"><a style=\"color: #3366ff; text-decoration: underline;\" href=\"https:\/\/gmail.google.com\/a\/etu.univ-usto.dz\">https:\/\/gmail.google.com\/a\/etu.univ-usto.dz\u00a0<\/a><\/span><\/strong><\/span><\/p><h3><a href=\"https:\/\/http:\/\/192.168.200.46\/faculte\/fac-electrique\/comment-msg-etud\/\"><span style=\"text-decoration: underline;\"><span style=\"color: #3366ff;\"><strong>Comment acc\u00e9der \u00e0 la messagerie<\/strong><\/span><\/span><\/a><\/h3><h2>\u00a0<\/h2><\/div>\t\t\t\t\t\t\t\t<\/div>\n\t\t\t\t<\/div>\n\t\t\t\t<div class=\"elementor-element elementor-element-e381262 elementor-widget elementor-widget-heading\" data-id=\"e381262\" data-element_type=\"widget\" data-e-type=\"widget\" data-widget_type=\"heading.default\">\n\t\t\t\t<div class=\"elementor-widget-container\">\n\t\t\t\t\t<h2 class=\"elementor-heading-title elementor-size-default\">Messagerie pour Enseignants\/Doctorants\/ATS<\/h2>\t\t\t\t<\/div>\n\t\t\t\t<\/div>\n\t\t\t\t<section class=\"elementor-section elementor-inner-section elementor-element elementor-element-a5ef8a9 elementor-section-boxed elementor-section-height-default elementor-section-height-default\" data-id=\"a5ef8a9\" data-element_type=\"section\" data-e-type=\"section\">\n\t\t\t\t\t\t<div class=\"elementor-container elementor-column-gap-default\">\n\t\t\t\t\t<div class=\"elementor-column elementor-col-100 elementor-inner-column elementor-element elementor-element-c473a95\" data-id=\"c473a95\" data-element_type=\"column\" data-e-type=\"column\">\n\t\t\t<div class=\"elementor-widget-wrap elementor-element-populated\">\n\t\t\t\t\t\t<div class=\"elementor-element elementor-element-761f97e elementor-widget elementor-widget-text-editor\" data-id=\"761f97e\" data-element_type=\"widget\" data-e-type=\"widget\" data-widget_type=\"text-editor.default\">\n\t\t\t\t<div class=\"elementor-widget-container\">\n\t\t\t\t\t\t\t\t\t<h3 style=\"text-align: left;\"><strong>Allez \u00e0 la messagerie:<\/strong><\/h3><p><strong><a href=\"https:\/\/gmail.google.com\/a\/univ-usto.dz\" target=\"_blank\" rel=\"noopener\">https:\/\/gmail.google.com\/a\/univ-usto.dz<\/a><\/strong><\/p>\t\t\t\t\t\t\t\t<\/div>\n\t\t\t\t<\/div>\n\t\t\t\t<div class=\"elementor-element elementor-element-c9142a5 elementor-widget elementor-widget-image\" data-id=\"c9142a5\" data-element_type=\"widget\" data-e-type=\"widget\" data-widget_type=\"image.default\">\n\t\t\t\t<div class=\"elementor-widget-container\">\n\t\t\t\t\t\t\t\t\t\t\t\t\t\t\t\t<a href=\"https:\/\/gmail.google.com\/a\/univ-usto.dz\" target=\"_blank\">\n\t\t\t\t\t\t\t<img decoding=\"async\" src=\"https:\/\/http:\/\/192.168.200.46\/faculte\/fac-electrique\/dup\/wpt\/wp-content\/uploads\/2020\/09\/gmail.png\" title=\"\" alt=\"\" loading=\"lazy\" \/>\t\t\t\t\t\t\t\t<\/a>\n\t\t\t\t\t\t\t\t\t\t\t\t\t\t\t<\/div>\n\t\t\t\t<\/div>\n\t\t\t\t\t<\/div>\n\t\t<\/div>\n\t\t\t\t\t<\/div>\n\t\t<\/section>\n\t\t\t\t<section class=\"elementor-section elementor-inner-section elementor-element elementor-element-e032eb8 elementor-section-boxed elementor-section-height-default elementor-section-height-default\" data-id=\"e032eb8\" data-element_type=\"section\" data-e-type=\"section\">\n\t\t\t\t\t\t<div class=\"elementor-container elementor-column-gap-default\">\n\t\t\t\t\t<div class=\"elementor-column elementor-col-100 elementor-inner-column elementor-element elementor-element-33f11c5\" data-id=\"33f11c5\" data-element_type=\"column\" data-e-type=\"column\">\n\t\t\t<div class=\"elementor-widget-wrap elementor-element-populated\">\n\t\t\t\t\t\t<div class=\"elementor-element elementor-element-cb9ea63 elementor-widget elementor-widget-text-editor\" data-id=\"cb9ea63\" data-element_type=\"widget\" data-e-type=\"widget\" data-widget_type=\"text-editor.default\">\n\t\t\t\t<div class=\"elementor-widget-container\">\n\t\t\t\t\t\t\t\t\t<h3><span style=\"text-decoration: underline; color: #3366ff;\"><strong><a style=\"color: #3366ff; text-decoration: underline;\" href=\"https:\/\/http:\/\/192.168.200.46\/faculte\/fac-electrique\/messagerie-2\/\" target=\"_blank\" rel=\"noopener\">Comment acc\u00e9der \u00e0 la messagerie ou\u00a0r\u00e9initialiser le mot de passe<\/a><\/strong><\/span><\/h3><h3><strong>Demandez votre mail<\/strong><\/h3><ol><li style=\"text-align: left;\"><strong><a href=\"https:\/\/form.univ-usto.dz\/fr\/email\" target=\"_blank\" rel=\"noopener\">https:\/\/form.univ-usto.dz\/fr\/email<\/a><\/strong><\/li><\/ol>\t\t\t\t\t\t\t\t<\/div>\n\t\t\t\t<\/div>\n\t\t\t\t<div class=\"elementor-element elementor-element-a2f91ab elementor-widget elementor-widget-image\" data-id=\"a2f91ab\" data-element_type=\"widget\" data-e-type=\"widget\" data-widget_type=\"image.default\">\n\t\t\t\t<div class=\"elementor-widget-container\">\n\t\t\t\t\t\t\t\t\t\t\t\t\t\t\t\t<a href=\"https:\/\/form.univ-usto.dz\/mail\" target=\"_blank\">\n\t\t\t\t\t\t\t<img decoding=\"async\" src=\"https:\/\/http:\/\/192.168.200.46\/faculte\/fac-electrique\/dup\/wpt\/wp-content\/uploads\/2020\/09\/demmail2.png\" title=\"\" alt=\"\" loading=\"lazy\" \/>\t\t\t\t\t\t\t\t<\/a>\n\t\t\t\t\t\t\t\t\t\t\t\t\t\t\t<\/div>\n\t\t\t\t<\/div>\n\t\t\t\t<div class=\"elementor-element elementor-element-3ad1889 elementor-widget elementor-widget-text-editor\" data-id=\"3ad1889\" data-element_type=\"widget\" data-e-type=\"widget\" data-widget_type=\"text-editor.default\">\n\t\t\t\t<div class=\"elementor-widget-container\">\n\t\t\t\t\t\t\t\t\t<h3>\u00a0<\/h3><p>\u00a0<\/p>\t\t\t\t\t\t\t\t<\/div>\n\t\t\t\t<\/div>\n\t\t\t\t\t<\/div>\n\t\t<\/div>\n\t\t\t\t\t<\/div>\n\t\t<\/section>\n\t\t\t\t\t<\/div>\n\t\t<\/div>\n\t\t\t\t\t<\/div>\n\t\t<\/section>\n\t\t\t\t<\/div>\n\t\t","protected":false},"excerpt":{"rendered":"<p>Toutes les actualit\u00e9s Messagerie pour Etudiants L1 Les \u00e9tudiants de L1 ont d\u00e9sormais\u00a0 un e-mail institutionnel\u00a0 sous forme MatriculeEtudiant@etu.univ-usto.dz le mot de passe est la concat\u00e9nation de la date de <a href=\"https:\/\/www.univ-usto.dz\/instituts\/ieps\/messagerie\/\" class=\"read-more\">Lire la suite &#8230;<\/a><\/p>\n","protected":false},"author":1,"featured_media":0,"parent":0,"menu_order":0,"comment_status":"closed","ping_status":"closed","template":"","meta":{"footnotes":""},"class_list":["post-5615","page","type-page","status-publish","hentry"],"_links":{"self":[{"href":"https:\/\/www.univ-usto.dz\/instituts\/ieps\/wp-json\/wp\/v2\/pages\/5615","targetHints":{"allow":["GET"]}}],"collection":[{"href":"https:\/\/www.univ-usto.dz\/instituts\/ieps\/wp-json\/wp\/v2\/pages"}],"about":[{"href":"https:\/\/www.univ-usto.dz\/instituts\/ieps\/wp-json\/wp\/v2\/types\/page"}],"author":[{"embeddable":true,"href":"https:\/\/www.univ-usto.dz\/instituts\/ieps\/wp-json\/wp\/v2\/users\/1"}],"replies":[{"embeddable":true,"href":"https:\/\/www.univ-usto.dz\/instituts\/ieps\/wp-json\/wp\/v2\/comments?post=5615"}],"version-history":[{"count":64,"href":"https:\/\/www.univ-usto.dz\/instituts\/ieps\/wp-json\/wp\/v2\/pages\/5615\/revisions"}],"predecessor-version":[{"id":10535,"href":"https:\/\/www.univ-usto.dz\/instituts\/ieps\/wp-json\/wp\/v2\/pages\/5615\/revisions\/10535"}],"wp:attachment":[{"href":"https:\/\/www.univ-usto.dz\/instituts\/ieps\/wp-json\/wp\/v2\/media?parent=5615"}],"curies":[{"name":"wp","href":"https:\/\/api.w.org\/{rel}","templated":true}]}}