{"id":138,"date":"2020-08-26T22:53:03","date_gmt":"2020-08-26T22:53:03","guid":{"rendered":"http:\/\/www.univ-usto.dz\/instituts\/ista\/?page_id=138"},"modified":"2020-11-22T10:59:59","modified_gmt":"2020-11-22T10:59:59","slug":"vrg","status":"publish","type":"page","link":"https:\/\/www.univ-usto.dz\/instituts\/ista\/vrg\/","title":{"rendered":"Graduation"},"content":{"rendered":"\t\t<div data-elementor-type=\"wp-page\" data-elementor-id=\"138\" class=\"elementor elementor-138\">\n\t\t\t\t\t\t<section class=\"elementor-section elementor-top-section elementor-element elementor-element-3a8ddfe elementor-section-boxed elementor-section-height-default elementor-section-height-default\" data-id=\"3a8ddfe\" data-element_type=\"section\">\n\t\t\t\t\t\t<div class=\"elementor-container elementor-column-gap-default\">\n\t\t\t\t\t<div class=\"elementor-column elementor-col-33 elementor-top-column elementor-element elementor-element-c68eb6b\" data-id=\"c68eb6b\" data-element_type=\"column\">\n\t\t\t<div class=\"elementor-widget-wrap elementor-element-populated\">\n\t\t\t\t\t\t<div class=\"elementor-element elementor-element-cd04a9c elementor-widget elementor-widget-wp-widget-bellows_navigation_widget\" data-id=\"cd04a9c\" data-element_type=\"widget\" data-widget_type=\"wp-widget-bellows_navigation_widget.default\">\n\t\t\t\t<div class=\"elementor-widget-container\">\n\t\t\t\t\t<nav id=\"bellows-main-11\" class=\"bellows bellows-nojs bellows-main bellows-source-menu bellows-align-full bellows-skin-vanilla bellows-type-\"><ul id=\"menu-menugraduation\" class=\"bellows-nav\" data-bellows-config=\"main\"><li id=\"menu-item-146\" class=\"bellows-menu-item bellows-menu-item-type-custom bellows-menu-item-object-custom bellows-menu-item-has-children bellows-menu-item-146 bellows-item-level-0\"><a  href=\"#\" class=\"bellows-target\"><span class=\"bellows-target-title bellows-target-text\">Formation<\/span><button class=\"bellows-subtoggle\" aria-label=\"Toggle Submenu\"><i class=\"bellows-subtoggle-icon-expand fa fa-chevron-down\"><\/i><i class=\"bellows-subtoggle-icon-collapse fa fa-chevron-up\"><\/i><\/button><\/a>\n<ul class=\"bellows-submenu\">\n\t<li id=\"menu-item-5774\" class=\"bellows-menu-item bellows-menu-item-type-post_type bellows-menu-item-object-page bellows-menu-item-5774 bellows-item-level-1\"><a  href=\"https:\/\/www.univ-usto.dz\/instituts\/ista\/offre-de-formation-licence\/\" class=\"bellows-target\"><span class=\"bellows-target-title bellows-target-text\">Licence<\/span><\/a><\/li>\n\t<li id=\"menu-item-5780\" class=\"bellows-menu-item bellows-menu-item-type-post_type bellows-menu-item-object-page bellows-menu-item-5780 bellows-item-level-1\"><a  href=\"https:\/\/www.univ-usto.dz\/instituts\/ista\/master\/\" class=\"bellows-target\"><span class=\"bellows-target-title bellows-target-text\">Master<\/span><\/a><\/li>\n<\/ul>\n<\/li>\n<li id=\"menu-item-149\" class=\"bellows-menu-item bellows-menu-item-type-custom bellows-menu-item-object-custom bellows-menu-item-has-children bellows-menu-item-149 bellows-item-level-0\"><a  href=\"#\" class=\"bellows-target\"><span class=\"bellows-target-title bellows-target-text\">Inscriptions<\/span><button class=\"bellows-subtoggle\" aria-label=\"Toggle Submenu\"><i class=\"bellows-subtoggle-icon-expand fa fa-chevron-down\"><\/i><i class=\"bellows-subtoggle-icon-collapse fa fa-chevron-up\"><\/i><\/button><\/a>\n<ul class=\"bellows-submenu\">\n\t<li id=\"menu-item-5789\" class=\"bellows-menu-item bellows-menu-item-type-post_type bellows-menu-item-object-page bellows-menu-item-5789 bellows-item-level-1\"><a  href=\"https:\/\/www.univ-usto.dz\/instituts\/ista\/inscription-en-master-2\/\" class=\"bellows-target\"><span class=\"bellows-target-title bellows-target-text\">Inscription en Master<\/span><\/a><\/li>\n\t<li id=\"menu-item-502\" class=\"bellows-menu-item bellows-menu-item-type-post_type bellows-menu-item-object-page bellows-menu-item-502 bellows-item-level-1\"><a  href=\"https:\/\/www.univ-usto.dz\/instituts\/ista\/nouveaux-bacheliers\/\" class=\"bellows-target\"><span class=\"bellows-target-title bellows-target-text\">Autres inscriptions<\/span><\/a><\/li>\n\t<li id=\"menu-item-5799\" class=\"bellows-menu-item bellows-menu-item-type-post_type bellows-menu-item-object-page bellows-menu-item-5799 bellows-item-level-1\"><a  href=\"https:\/\/www.univ-usto.dz\/instituts\/ista\/bac-anterieur\/\" class=\"bellows-target\"><span class=\"bellows-target-title bellows-target-text\">BAC anterieur<\/span><\/a><\/li>\n\t<li id=\"menu-item-5798\" class=\"bellows-menu-item bellows-menu-item-type-post_type bellows-menu-item-object-page bellows-menu-item-5798 bellows-item-level-1\"><a  href=\"https:\/\/www.univ-usto.dz\/instituts\/ista\/passerelle-classique-lmd\/\" class=\"bellows-target\"><span class=\"bellows-target-title bellows-target-text\">Passerelle (Classique -> LMD)<\/span><\/a><\/li>\n<\/ul>\n<\/li>\n<li id=\"menu-item-535\" class=\"bellows-menu-item bellows-menu-item-type-post_type bellows-menu-item-object-page bellows-menu-item-535 bellows-item-level-0\"><a  href=\"https:\/\/www.univ-usto.dz\/instituts\/ista\/transfert\/\" class=\"bellows-target\"><span class=\"bellows-target-title bellows-target-text\">Transfert<\/span><\/a><\/li>\n<li id=\"menu-item-542\" class=\"bellows-menu-item bellows-menu-item-type-post_type bellows-menu-item-object-page bellows-menu-item-542 bellows-item-level-0\"><a  href=\"https:\/\/www.univ-usto.dz\/instituts\/ista\/transfert2020\/\" class=\"bellows-target\"><span class=\"bellows-target-title bellows-target-text\">Transfert 2020<\/span><\/a><\/li>\n<li id=\"menu-item-608\" class=\"bellows-menu-item bellows-menu-item-type-post_type bellows-menu-item-object-page bellows-menu-item-608 bellows-item-level-0\"><a  href=\"https:\/\/www.univ-usto.dz\/instituts\/ista\/inscription-en-master\/\" class=\"bellows-target\"><span class=\"bellows-target-title bellows-target-text\">Cong\u00e9 Acad\u00e9mique<\/span><\/a><\/li>\n<li id=\"menu-item-155\" class=\"bellows-menu-item bellows-menu-item-type-custom bellows-menu-item-object-custom bellows-menu-item-has-children bellows-menu-item-155 bellows-item-level-0\"><a  href=\"#\" class=\"bellows-target\"><span class=\"bellows-target-title bellows-target-text\">Textes R\u00e9glementaires<\/span><button class=\"bellows-subtoggle\" aria-label=\"Toggle Submenu\"><i class=\"bellows-subtoggle-icon-expand fa fa-chevron-down\"><\/i><i class=\"bellows-subtoggle-icon-collapse fa fa-chevron-up\"><\/i><\/button><\/a>\n<ul class=\"bellows-submenu\">\n\t<li id=\"menu-item-630\" class=\"bellows-menu-item bellows-menu-item-type-post_type bellows-menu-item-object-page bellows-menu-item-630 bellows-item-level-1\"><a  href=\"https:\/\/www.univ-usto.dz\/instituts\/ista\/circulaires\/\" class=\"bellows-target\"><span class=\"bellows-target-title bellows-target-text\">Arr\u00eat\u00e9s<\/span><\/a><\/li>\n<\/ul>\n<\/li>\n<\/ul><\/nav>\t\t\t\t<\/div>\n\t\t\t\t<\/div>\n\t\t\t\t\t<\/div>\n\t\t<\/div>\n\t\t\t\t<div class=\"elementor-column elementor-col-66 elementor-top-column elementor-element elementor-element-993564c\" data-id=\"993564c\" data-element_type=\"column\">\n\t\t\t<div class=\"elementor-widget-wrap elementor-element-populated\">\n\t\t\t\t\t\t<div class=\"elementor-element elementor-element-80d9e9a elementor-widget elementor-widget-text-editor\" data-id=\"80d9e9a\" data-element_type=\"widget\" data-widget_type=\"text-editor.default\">\n\t\t\t\t<div class=\"elementor-widget-container\">\n\t\t\t\t\t\t\t\t\t<h3>Vice Rectorat de la Formation Sup\u00e9rieure, du Premier et Deuxi\u00e8me Cycles, de la Formation Continue et les Dipl\u00f4mes et la Formation Sup\u00e9rieure de Graduation\u00a0<\/h3>\t\t\t\t\t\t\t\t<\/div>\n\t\t\t\t<\/div>\n\t\t\t\t<div class=\"elementor-element elementor-element-bf454cc elementor-widget elementor-widget-image\" data-id=\"bf454cc\" data-element_type=\"widget\" data-widget_type=\"image.default\">\n\t\t\t\t<div class=\"elementor-widget-container\">\n\t\t\t\t\t\t\t\t\t\t\t\t\t\t\t<img decoding=\"async\" src=\"https:\/\/https:\/\/www.univ-usto.dz\/instituts\/ista\/dup\/wpt\/wp-content\/uploads\/2020\/09\/graduation1.jpg\" title=\"\" alt=\"\" loading=\"lazy\" \/>\t\t\t\t\t\t\t\t\t\t\t\t\t\t\t<\/div>\n\t\t\t\t<\/div>\n\t\t\t\t\t<\/div>\n\t\t<\/div>\n\t\t\t\t\t<\/div>\n\t\t<\/section>\n\t\t\t\t<\/div>\n\t\t","protected":false},"excerpt":{"rendered":"<p>Vice Rectorat de la Formation Sup\u00e9rieure, du Premier et Deuxi\u00e8me Cycles, &#8230;<\/p>\n","protected":false},"author":1,"featured_media":0,"parent":0,"menu_order":0,"comment_status":"closed","ping_status":"closed","template":"","meta":{"_eb_attr":"","footnotes":""},"class_list":["post-138","page","type-page","status-publish","hentry"],"_links":{"self":[{"href":"https:\/\/www.univ-usto.dz\/instituts\/ista\/wp-json\/wp\/v2\/pages\/138","targetHints":{"allow":["GET"]}}],"collection":[{"href":"https:\/\/www.univ-usto.dz\/instituts\/ista\/wp-json\/wp\/v2\/pages"}],"about":[{"href":"https:\/\/www.univ-usto.dz\/instituts\/ista\/wp-json\/wp\/v2\/types\/page"}],"author":[{"embeddable":true,"href":"https:\/\/www.univ-usto.dz\/instituts\/ista\/wp-json\/wp\/v2\/users\/1"}],"replies":[{"embeddable":true,"href":"https:\/\/www.univ-usto.dz\/instituts\/ista\/wp-json\/wp\/v2\/comments?post=138"}],"version-history":[{"count":45,"href":"https:\/\/www.univ-usto.dz\/instituts\/ista\/wp-json\/wp\/v2\/pages\/138\/revisions"}],"predecessor-version":[{"id":7621,"href":"https:\/\/www.univ-usto.dz\/instituts\/ista\/wp-json\/wp\/v2\/pages\/138\/revisions\/7621"}],"wp:attachment":[{"href":"https:\/\/www.univ-usto.dz\/instituts\/ista\/wp-json\/wp\/v2\/media?parent=138"}],"curies":[{"name":"wp","href":"https:\/\/api.w.org\/{rel}","templated":true}]}}