{"id":14066,"date":"2023-04-17T20:36:18","date_gmt":"2023-04-17T20:36:18","guid":{"rendered":"https:\/\/www.univ-usto.dz\/instituts\/ista\/?page_id=14066"},"modified":"2025-10-03T20:33:04","modified_gmt":"2025-10-03T20:33:04","slug":"offres-de-formation","status":"publish","type":"page","link":"https:\/\/www.univ-usto.dz\/instituts\/ista\/offres-de-formation\/","title":{"rendered":"Offres de formation"},"content":{"rendered":"\t\t<div data-elementor-type=\"wp-page\" data-elementor-id=\"14066\" class=\"elementor elementor-14066\">\n\t\t\t\t\t\t<section class=\"elementor-section elementor-top-section elementor-element elementor-element-67ea212 animated-fast elementor-section-boxed elementor-section-height-default elementor-section-height-default\" data-id=\"67ea212\" data-element_type=\"section\" data-settings=\"{&quot;animation&quot;:&quot;none&quot;}\">\n\t\t\t\t\t\t<div class=\"elementor-container elementor-column-gap-default\">\n\t\t\t\t\t<div class=\"elementor-column elementor-col-25 elementor-top-column elementor-element elementor-element-30c3e54\" data-id=\"30c3e54\" data-element_type=\"column\">\n\t\t\t<div class=\"elementor-widget-wrap elementor-element-populated\">\n\t\t\t\t\t\t<div class=\"elementor-element elementor-element-3e05e2d elementor-widget__width-initial elementor-widget elementor-widget-image\" data-id=\"3e05e2d\" data-element_type=\"widget\" data-widget_type=\"image.default\">\n\t\t\t\t<div class=\"elementor-widget-container\">\n\t\t\t\t\t\t\t\t\t\t\t\t\t\t\t<img fetchpriority=\"high\" decoding=\"async\" width=\"764\" height=\"391\" src=\"https:\/\/www.univ-usto.dz\/instituts\/ista\/wp-content\/uploads\/2023\/11\/Design-sans-titre7_391x764.png\" class=\"attachment-large size-large wp-image-14755\" alt=\"\" srcset=\"https:\/\/www.univ-usto.dz\/instituts\/ista\/wp-content\/uploads\/2023\/11\/Design-sans-titre7_391x764.png 764w, https:\/\/www.univ-usto.dz\/instituts\/ista\/wp-content\/uploads\/2023\/11\/Design-sans-titre7_391x764-300x154.png 300w, https:\/\/www.univ-usto.dz\/instituts\/ista\/wp-content\/uploads\/2023\/11\/Design-sans-titre7_391x764-360x184.png 360w, https:\/\/www.univ-usto.dz\/instituts\/ista\/wp-content\/uploads\/2023\/11\/Design-sans-titre7_391x764-24x12.png 24w, https:\/\/www.univ-usto.dz\/instituts\/ista\/wp-content\/uploads\/2023\/11\/Design-sans-titre7_391x764-36x18.png 36w, https:\/\/www.univ-usto.dz\/instituts\/ista\/wp-content\/uploads\/2023\/11\/Design-sans-titre7_391x764-48x25.png 48w\" sizes=\"(max-width: 764px) 100vw, 764px\" \/>\t\t\t\t\t\t\t\t\t\t\t\t\t\t\t<\/div>\n\t\t\t\t<\/div>\n\t\t\t\t\t<\/div>\n\t\t<\/div>\n\t\t\t\t<div class=\"elementor-column elementor-col-25 elementor-top-column elementor-element elementor-element-c28cef9\" data-id=\"c28cef9\" data-element_type=\"column\">\n\t\t\t<div class=\"elementor-widget-wrap elementor-element-populated\">\n\t\t\t\t\t\t<div class=\"elementor-element elementor-element-6198433 elementor-widget__width-initial elementor-widget elementor-widget-image\" data-id=\"6198433\" data-element_type=\"widget\" data-widget_type=\"image.default\">\n\t\t\t\t<div class=\"elementor-widget-container\">\n\t\t\t\t\t\t\t\t\t\t\t\t\t\t\t<img decoding=\"async\" width=\"847\" height=\"563\" src=\"https:\/\/www.univ-usto.dz\/instituts\/ista\/wp-content\/uploads\/2023\/11\/genie_mecanique_productique-1024x681.jpg\" class=\"attachment-large size-large wp-image-14764\" alt=\"\" srcset=\"https:\/\/www.univ-usto.dz\/instituts\/ista\/wp-content\/uploads\/2023\/11\/genie_mecanique_productique-1024x681.jpg 1024w, https:\/\/www.univ-usto.dz\/instituts\/ista\/wp-content\/uploads\/2023\/11\/genie_mecanique_productique-300x200.jpg 300w, https:\/\/www.univ-usto.dz\/instituts\/ista\/wp-content\/uploads\/2023\/11\/genie_mecanique_productique-768x511.jpg 768w, https:\/\/www.univ-usto.dz\/instituts\/ista\/wp-content\/uploads\/2023\/11\/genie_mecanique_productique-360x240.jpg 360w, https:\/\/www.univ-usto.dz\/instituts\/ista\/wp-content\/uploads\/2023\/11\/genie_mecanique_productique-24x16.jpg 24w, https:\/\/www.univ-usto.dz\/instituts\/ista\/wp-content\/uploads\/2023\/11\/genie_mecanique_productique-36x24.jpg 36w, https:\/\/www.univ-usto.dz\/instituts\/ista\/wp-content\/uploads\/2023\/11\/genie_mecanique_productique-48x32.jpg 48w, https:\/\/www.univ-usto.dz\/instituts\/ista\/wp-content\/uploads\/2023\/11\/genie_mecanique_productique.jpg 1064w\" sizes=\"(max-width: 847px) 100vw, 847px\" \/>\t\t\t\t\t\t\t\t\t\t\t\t\t\t\t<\/div>\n\t\t\t\t<\/div>\n\t\t\t\t\t<\/div>\n\t\t<\/div>\n\t\t\t\t<div class=\"elementor-column elementor-col-25 elementor-top-column elementor-element elementor-element-ae56261\" data-id=\"ae56261\" data-element_type=\"column\">\n\t\t\t<div class=\"elementor-widget-wrap elementor-element-populated\">\n\t\t\t\t\t\t<div class=\"elementor-element elementor-element-c975160 elementor-widget__width-initial elementor-widget elementor-widget-image\" data-id=\"c975160\" data-element_type=\"widget\" data-widget_type=\"image.default\">\n\t\t\t\t<div class=\"elementor-widget-container\">\n\t\t\t\t\t\t\t\t\t\t\t\t\t\t\t<img decoding=\"async\" width=\"397\" height=\"200\" src=\"https:\/\/www.univ-usto.dz\/instituts\/ista\/wp-content\/uploads\/2023\/11\/campus-dut-geii-1.jpg\" class=\"attachment-full size-full wp-image-14770\" alt=\"\" srcset=\"https:\/\/www.univ-usto.dz\/instituts\/ista\/wp-content\/uploads\/2023\/11\/campus-dut-geii-1.jpg 397w, https:\/\/www.univ-usto.dz\/instituts\/ista\/wp-content\/uploads\/2023\/11\/campus-dut-geii-1-300x151.jpg 300w, https:\/\/www.univ-usto.dz\/instituts\/ista\/wp-content\/uploads\/2023\/11\/campus-dut-geii-1-360x181.jpg 360w, https:\/\/www.univ-usto.dz\/instituts\/ista\/wp-content\/uploads\/2023\/11\/campus-dut-geii-1-24x12.jpg 24w, https:\/\/www.univ-usto.dz\/instituts\/ista\/wp-content\/uploads\/2023\/11\/campus-dut-geii-1-36x18.jpg 36w, https:\/\/www.univ-usto.dz\/instituts\/ista\/wp-content\/uploads\/2023\/11\/campus-dut-geii-1-48x24.jpg 48w\" sizes=\"(max-width: 397px) 100vw, 397px\" \/>\t\t\t\t\t\t\t\t\t\t\t\t\t\t\t<\/div>\n\t\t\t\t<\/div>\n\t\t\t\t\t<\/div>\n\t\t<\/div>\n\t\t\t\t<div class=\"elementor-column elementor-col-25 elementor-top-column elementor-element elementor-element-bdb403b\" data-id=\"bdb403b\" data-element_type=\"column\">\n\t\t\t<div class=\"elementor-widget-wrap elementor-element-populated\">\n\t\t\t\t\t\t<div class=\"elementor-element elementor-element-303ac68 elementor-widget__width-initial elementor-widget elementor-widget-image\" data-id=\"303ac68\" data-element_type=\"widget\" data-widget_type=\"image.default\">\n\t\t\t\t<div class=\"elementor-widget-container\">\n\t\t\t\t\t\t\t\t\t\t\t\t\t\t\t<img loading=\"lazy\" decoding=\"async\" width=\"360\" height=\"208\" src=\"https:\/\/www.univ-usto.dz\/instituts\/ista\/wp-content\/uploads\/2023\/11\/istockphoto-1291740509-612x612-1-360x208.jpg\" class=\"attachment-education-hub-thumb size-education-hub-thumb wp-image-14959\" alt=\"\" srcset=\"https:\/\/www.univ-usto.dz\/instituts\/ista\/wp-content\/uploads\/2023\/11\/istockphoto-1291740509-612x612-1-360x208.jpg 360w, https:\/\/www.univ-usto.dz\/instituts\/ista\/wp-content\/uploads\/2023\/11\/istockphoto-1291740509-612x612-1-300x173.jpg 300w, https:\/\/www.univ-usto.dz\/instituts\/ista\/wp-content\/uploads\/2023\/11\/istockphoto-1291740509-612x612-1-24x14.jpg 24w, https:\/\/www.univ-usto.dz\/instituts\/ista\/wp-content\/uploads\/2023\/11\/istockphoto-1291740509-612x612-1-36x21.jpg 36w, https:\/\/www.univ-usto.dz\/instituts\/ista\/wp-content\/uploads\/2023\/11\/istockphoto-1291740509-612x612-1-48x28.jpg 48w, https:\/\/www.univ-usto.dz\/instituts\/ista\/wp-content\/uploads\/2023\/11\/istockphoto-1291740509-612x612-1.jpg 612w\" sizes=\"(max-width: 360px) 100vw, 360px\" \/>\t\t\t\t\t\t\t\t\t\t\t\t\t\t\t<\/div>\n\t\t\t\t<\/div>\n\t\t\t\t\t<\/div>\n\t\t<\/div>\n\t\t\t\t\t<\/div>\n\t\t<\/section>\n\t\t\t\t<section class=\"elementor-section elementor-top-section elementor-element elementor-element-7f6cad6 elementor-section-boxed elementor-section-height-default elementor-section-height-default\" data-id=\"7f6cad6\" data-element_type=\"section\">\n\t\t\t\t\t\t<div class=\"elementor-container elementor-column-gap-default\">\n\t\t\t\t\t<div class=\"elementor-column elementor-col-100 elementor-top-column elementor-element elementor-element-0ba511e\" data-id=\"0ba511e\" data-element_type=\"column\">\n\t\t\t<div class=\"elementor-widget-wrap elementor-element-populated\">\n\t\t\t\t\t\t<div class=\"elementor-element elementor-element-b3f2998 e-transform elementor-invisible elementor-widget elementor-widget-elementskit-heading\" data-id=\"b3f2998\" data-element_type=\"widget\" data-settings=\"{&quot;_animation&quot;:&quot;fadeIn&quot;,&quot;_transform_skewX_effect&quot;:{&quot;unit&quot;:&quot;px&quot;,&quot;size&quot;:0,&quot;sizes&quot;:[]},&quot;_transform_skewX_effect_tablet&quot;:{&quot;unit&quot;:&quot;deg&quot;,&quot;size&quot;:&quot;&quot;,&quot;sizes&quot;:[]},&quot;_transform_skewX_effect_mobile&quot;:{&quot;unit&quot;:&quot;deg&quot;,&quot;size&quot;:&quot;&quot;,&quot;sizes&quot;:[]},&quot;_transform_skewY_effect&quot;:{&quot;unit&quot;:&quot;px&quot;,&quot;size&quot;:&quot;&quot;,&quot;sizes&quot;:[]},&quot;_transform_skewY_effect_tablet&quot;:{&quot;unit&quot;:&quot;deg&quot;,&quot;size&quot;:&quot;&quot;,&quot;sizes&quot;:[]},&quot;_transform_skewY_effect_mobile&quot;:{&quot;unit&quot;:&quot;deg&quot;,&quot;size&quot;:&quot;&quot;,&quot;sizes&quot;:[]}}\" data-widget_type=\"elementskit-heading.default\">\n\t\t\t\t<div class=\"elementor-widget-container\">\n\t\t\t\t\t<div class=\"ekit-wid-con\" ><div class=\"ekit-heading elementskit-section-title-wraper text_right   ekit_heading_tablet-   ekit_heading_mobile- ekit-heading__title-in-left\">\t\t\t\t<span class='ekit-heading__shadow-text'>\n\t\t\t\t\t\u0639\u0631\u0648\u0636 \u0627\u0644\u062a\u0643\u0648\u064a\u0646\t\t\t\t<\/span>\n\t\t\t\t\t\t\t<div class='ekit-heading__title-wrapper'>\n\t\t\t<h2 class=\"ekit-heading--title elementskit-section-title  ekit-heading__title-has-border start\">Les offres de formations<\/h2><div class=\"ekit_heading_separetor_wraper ekit_heading_elementskit-border-divider ekit-dotted\"><div class=\"elementskit-border-divider ekit-dotted\"><\/div><\/div>\t\t\t\t<\/div>\n\t\t\t\t<div class='ekit-heading__content-wrapper'>\n\t\t\t\t\t\t\t<\/div>\n\t\t\t<\/div><\/div>\t\t\t\t<\/div>\n\t\t\t\t<\/div>\n\t\t\t\t\t<\/div>\n\t\t<\/div>\n\t\t\t\t\t<\/div>\n\t\t<\/section>\n\t\t\t\t<section class=\"elementor-section elementor-top-section elementor-element elementor-element-b2ade8e elementor-section-boxed elementor-section-height-default elementor-section-height-default\" data-id=\"b2ade8e\" data-element_type=\"section\">\n\t\t\t\t\t\t<div class=\"elementor-container elementor-column-gap-default\">\n\t\t\t\t\t<div class=\"elementor-column elementor-col-100 elementor-top-column elementor-element elementor-element-14f655d\" data-id=\"14f655d\" data-element_type=\"column\">\n\t\t\t<div class=\"elementor-widget-wrap elementor-element-populated\">\n\t\t\t\t\t\t<div class=\"elementor-element elementor-element-1aadfd7 elementor-widget-divider--view-line_icon elementor-view-default elementor-widget-divider--element-align-center elementor-invisible elementor-widget elementor-widget-divider\" data-id=\"1aadfd7\" data-element_type=\"widget\" data-settings=\"{&quot;_animation&quot;:&quot;fadeInLeft&quot;}\" data-widget_type=\"divider.default\">\n\t\t\t\t<div class=\"elementor-widget-container\">\n\t\t\t\t\t\t\t<div class=\"elementor-divider\">\n\t\t\t<span class=\"elementor-divider-separator\">\n\t\t\t\t\t\t\t<div class=\"elementor-icon elementor-divider__element\">\n\t\t\t\t\t<i aria-hidden=\"true\" class=\"fas fa-book-open\"><\/i><\/div>\n\t\t\t\t\t\t<\/span>\n\t\t<\/div>\n\t\t\t\t\t\t<\/div>\n\t\t\t\t<\/div>\n\t\t\t\t\t<\/div>\n\t\t<\/div>\n\t\t\t\t\t<\/div>\n\t\t<\/section>\n\t\t\t\t<section class=\"elementor-section elementor-top-section elementor-element elementor-element-301d85e elementor-section-boxed elementor-section-height-default elementor-section-height-default\" data-id=\"301d85e\" data-element_type=\"section\">\n\t\t\t\t\t\t<div class=\"elementor-container elementor-column-gap-default\">\n\t\t\t\t\t<div class=\"elementor-column elementor-col-50 elementor-top-column elementor-element elementor-element-f10a95b elementor-invisible\" data-id=\"f10a95b\" data-element_type=\"column\" data-settings=\"{&quot;animation&quot;:&quot;fadeInLeft&quot;}\">\n\t\t\t<div class=\"elementor-widget-wrap elementor-element-populated\">\n\t\t\t\t\t\t<div class=\"elementor-element elementor-element-bfe7af8 elementor-widget__width-initial elementor-view-default elementor-widget elementor-widget-icon\" data-id=\"bfe7af8\" data-element_type=\"widget\" data-widget_type=\"icon.default\">\n\t\t\t\t<div class=\"elementor-widget-container\">\n\t\t\t\t\t\t\t<div class=\"elementor-icon-wrapper\">\n\t\t\t<div class=\"elementor-icon\">\n\t\t\t<i aria-hidden=\"true\" class=\"fas fa-user-graduate\"><\/i>\t\t\t<\/div>\n\t\t<\/div>\n\t\t\t\t\t\t<\/div>\n\t\t\t\t<\/div>\n\t\t\t\t\t<\/div>\n\t\t<\/div>\n\t\t\t\t<div class=\"elementor-column elementor-col-50 elementor-top-column elementor-element elementor-element-d908fb3 animated-slow elementor-invisible\" data-id=\"d908fb3\" data-element_type=\"column\" data-settings=\"{&quot;animation&quot;:&quot;fadeInUp&quot;}\">\n\t\t\t<div class=\"elementor-widget-wrap elementor-element-populated\">\n\t\t\t\t\t\t<div class=\"elementor-element elementor-element-c4b4c58 elementor-widget elementor-widget-heading\" data-id=\"c4b4c58\" data-element_type=\"widget\" data-widget_type=\"heading.default\">\n\t\t\t\t<div class=\"elementor-widget-container\">\n\t\t\t\t\t<p class=\"elementor-heading-title elementor-size-medium\"><a href=\"https:\/\/www.univ-usto.dz\/instituts\/ista\/offre-de-formation-mitf\/\">Canevas de mise en conformit\u00e9 2024-2025 Licence professionnelle MITF<\/a><\/p>\t\t\t\t<\/div>\n\t\t\t\t<\/div>\n\t\t\t\t\t<\/div>\n\t\t<\/div>\n\t\t\t\t\t<\/div>\n\t\t<\/section>\n\t\t\t\t<section class=\"elementor-section elementor-top-section elementor-element elementor-element-a25413c elementor-section-boxed elementor-section-height-default elementor-section-height-default\" data-id=\"a25413c\" data-element_type=\"section\">\n\t\t\t\t\t\t<div class=\"elementor-container elementor-column-gap-default\">\n\t\t\t\t\t<div class=\"elementor-column elementor-col-50 elementor-top-column elementor-element elementor-element-3f750f6 elementor-invisible\" data-id=\"3f750f6\" data-element_type=\"column\" data-settings=\"{&quot;animation&quot;:&quot;fadeInLeft&quot;}\">\n\t\t\t<div class=\"elementor-widget-wrap elementor-element-populated\">\n\t\t\t\t\t\t<div class=\"elementor-element elementor-element-3d1b4d4 elementor-widget__width-initial elementor-view-default elementor-widget elementor-widget-icon\" data-id=\"3d1b4d4\" data-element_type=\"widget\" data-widget_type=\"icon.default\">\n\t\t\t\t<div class=\"elementor-widget-container\">\n\t\t\t\t\t\t\t<div class=\"elementor-icon-wrapper\">\n\t\t\t<div class=\"elementor-icon\">\n\t\t\t<i aria-hidden=\"true\" class=\"fas fa-user-graduate\"><\/i>\t\t\t<\/div>\n\t\t<\/div>\n\t\t\t\t\t\t<\/div>\n\t\t\t\t<\/div>\n\t\t\t\t\t<\/div>\n\t\t<\/div>\n\t\t\t\t<div class=\"elementor-column elementor-col-50 elementor-top-column elementor-element elementor-element-f07cd3e animated-slow elementor-invisible\" data-id=\"f07cd3e\" data-element_type=\"column\" data-settings=\"{&quot;animation&quot;:&quot;fadeInUp&quot;}\">\n\t\t\t<div class=\"elementor-widget-wrap elementor-element-populated\">\n\t\t\t\t\t\t<div class=\"elementor-element elementor-element-5358273 elementor-widget elementor-widget-heading\" data-id=\"5358273\" data-element_type=\"widget\" data-widget_type=\"heading.default\">\n\t\t\t\t<div class=\"elementor-widget-container\">\n\t\t\t\t\t<p class=\"elementor-heading-title elementor-size-medium\"><a href=\"https:\/\/www.univ-usto.dz\/instituts\/ista\/canevas-mup\/\">Canevas de mise en conformit\u00e9 2022-2023  Licence professionnelle MUP<\/a><\/p>\t\t\t\t<\/div>\n\t\t\t\t<\/div>\n\t\t\t\t\t<\/div>\n\t\t<\/div>\n\t\t\t\t\t<\/div>\n\t\t<\/section>\n\t\t\t\t<section class=\"elementor-section elementor-top-section elementor-element elementor-element-e86094d elementor-section-boxed elementor-section-height-default elementor-section-height-default\" data-id=\"e86094d\" data-element_type=\"section\">\n\t\t\t\t\t\t<div class=\"elementor-container elementor-column-gap-default\">\n\t\t\t\t\t<div class=\"elementor-column elementor-col-50 elementor-top-column elementor-element elementor-element-e1c4c0c elementor-invisible\" data-id=\"e1c4c0c\" data-element_type=\"column\" data-settings=\"{&quot;animation&quot;:&quot;fadeInLeft&quot;}\">\n\t\t\t<div class=\"elementor-widget-wrap elementor-element-populated\">\n\t\t\t\t\t\t<div class=\"elementor-element elementor-element-13eac90 elementor-widget__width-initial elementor-view-default elementor-widget elementor-widget-icon\" data-id=\"13eac90\" data-element_type=\"widget\" data-widget_type=\"icon.default\">\n\t\t\t\t<div class=\"elementor-widget-container\">\n\t\t\t\t\t\t\t<div class=\"elementor-icon-wrapper\">\n\t\t\t<div class=\"elementor-icon\">\n\t\t\t<i aria-hidden=\"true\" class=\"fas fa-user-graduate\"><\/i>\t\t\t<\/div>\n\t\t<\/div>\n\t\t\t\t\t\t<\/div>\n\t\t\t\t<\/div>\n\t\t\t\t\t<\/div>\n\t\t<\/div>\n\t\t\t\t<div class=\"elementor-column elementor-col-50 elementor-top-column elementor-element elementor-element-69019d3 animated-slow elementor-invisible\" data-id=\"69019d3\" data-element_type=\"column\" data-settings=\"{&quot;animation&quot;:&quot;fadeInUp&quot;}\">\n\t\t\t<div class=\"elementor-widget-wrap elementor-element-populated\">\n\t\t\t\t\t\t<div class=\"elementor-element elementor-element-c92bede elementor-widget elementor-widget-heading\" data-id=\"c92bede\" data-element_type=\"widget\" data-widget_type=\"heading.default\">\n\t\t\t\t<div class=\"elementor-widget-container\">\n\t\t\t\t\t<p class=\"elementor-heading-title elementor-size-medium\"><a href=\"https:\/\/www.univ-usto.dz\/instituts\/ista\/canevas-mita\/\">Canevas de mise en conformit\u00e9 2019- 2020 Licence professionnelle MITA<\/a><\/p>\t\t\t\t<\/div>\n\t\t\t\t<\/div>\n\t\t\t\t\t<\/div>\n\t\t<\/div>\n\t\t\t\t\t<\/div>\n\t\t<\/section>\n\t\t\t\t<section class=\"elementor-section elementor-top-section elementor-element elementor-element-325b07b elementor-section-boxed elementor-section-height-default elementor-section-height-default\" data-id=\"325b07b\" data-element_type=\"section\">\n\t\t\t\t\t\t<div class=\"elementor-container elementor-column-gap-default\">\n\t\t\t\t\t<div class=\"elementor-column elementor-col-50 elementor-top-column elementor-element elementor-element-0cec383 elementor-invisible\" data-id=\"0cec383\" data-element_type=\"column\" data-settings=\"{&quot;animation&quot;:&quot;fadeInLeft&quot;}\">\n\t\t\t<div class=\"elementor-widget-wrap elementor-element-populated\">\n\t\t\t\t\t\t<div class=\"elementor-element elementor-element-f0313b9 elementor-widget__width-initial elementor-view-default elementor-widget elementor-widget-icon\" data-id=\"f0313b9\" data-element_type=\"widget\" data-widget_type=\"icon.default\">\n\t\t\t\t<div class=\"elementor-widget-container\">\n\t\t\t\t\t\t\t<div class=\"elementor-icon-wrapper\">\n\t\t\t<div class=\"elementor-icon\">\n\t\t\t<i aria-hidden=\"true\" class=\"fas fa-user-graduate\"><\/i>\t\t\t<\/div>\n\t\t<\/div>\n\t\t\t\t\t\t<\/div>\n\t\t\t\t<\/div>\n\t\t\t\t\t<\/div>\n\t\t<\/div>\n\t\t\t\t<div class=\"elementor-column elementor-col-50 elementor-top-column elementor-element elementor-element-681eb12 animated-slow elementor-invisible\" data-id=\"681eb12\" data-element_type=\"column\" data-settings=\"{&quot;animation&quot;:&quot;fadeInUp&quot;}\">\n\t\t\t<div class=\"elementor-widget-wrap elementor-element-populated\">\n\t\t\t\t\t\t<div class=\"elementor-element elementor-element-3210295 elementor-widget elementor-widget-heading\" data-id=\"3210295\" data-element_type=\"widget\" data-widget_type=\"heading.default\">\n\t\t\t\t<div class=\"elementor-widget-container\">\n\t\t\t\t\t<p class=\"elementor-heading-title elementor-size-medium\"><a href=\"https:\/\/www.univ-usto.dz\/instituts\/ista\/canevas-master-en-alternance\/\">Canevas de mise en conformit\u00e9 2024-2025 Master Professionnalisant MUP<\/a><\/p>\t\t\t\t<\/div>\n\t\t\t\t<\/div>\n\t\t\t\t\t<\/div>\n\t\t<\/div>\n\t\t\t\t\t<\/div>\n\t\t<\/section>\n\t\t\t\t<section class=\"elementor-section elementor-top-section elementor-element elementor-element-0bbe2bf elementor-section-boxed elementor-section-height-default elementor-section-height-default\" data-id=\"0bbe2bf\" data-element_type=\"section\">\n\t\t\t\t\t\t<div class=\"elementor-container elementor-column-gap-default\">\n\t\t\t\t\t<div class=\"elementor-column elementor-col-50 elementor-top-column elementor-element elementor-element-02ea459 elementor-invisible\" data-id=\"02ea459\" data-element_type=\"column\" data-settings=\"{&quot;animation&quot;:&quot;fadeInLeft&quot;}\">\n\t\t\t<div class=\"elementor-widget-wrap elementor-element-populated\">\n\t\t\t\t\t\t<div class=\"elementor-element elementor-element-2531a43 elementor-widget__width-initial elementor-view-default elementor-widget elementor-widget-icon\" data-id=\"2531a43\" data-element_type=\"widget\" data-widget_type=\"icon.default\">\n\t\t\t\t<div class=\"elementor-widget-container\">\n\t\t\t\t\t\t\t<div class=\"elementor-icon-wrapper\">\n\t\t\t<div class=\"elementor-icon\">\n\t\t\t<i aria-hidden=\"true\" class=\"fas fa-user-graduate\"><\/i>\t\t\t<\/div>\n\t\t<\/div>\n\t\t\t\t\t\t<\/div>\n\t\t\t\t<\/div>\n\t\t\t\t\t<\/div>\n\t\t<\/div>\n\t\t\t\t<div class=\"elementor-column elementor-col-50 elementor-top-column elementor-element elementor-element-827fb4e animated-slow elementor-invisible\" data-id=\"827fb4e\" data-element_type=\"column\" data-settings=\"{&quot;animation&quot;:&quot;fadeInUp&quot;}\">\n\t\t\t<div class=\"elementor-widget-wrap elementor-element-populated\">\n\t\t\t\t\t\t<div class=\"elementor-element elementor-element-d3031c8 elementor-widget elementor-widget-heading\" data-id=\"d3031c8\" data-element_type=\"widget\" data-widget_type=\"heading.default\">\n\t\t\t\t<div class=\"elementor-widget-container\">\n\t\t\t\t\t<p class=\"elementor-heading-title elementor-size-medium\"><a href=\"https:\/\/www.univ-usto.dz\/instituts\/ista\/canevas-master-mri\/\">Canevas de mise en conformit\u00e9 2022-2023 Master Professionnalisant MRI<\/a><\/p>\t\t\t\t<\/div>\n\t\t\t\t<\/div>\n\t\t\t\t\t<\/div>\n\t\t<\/div>\n\t\t\t\t\t<\/div>\n\t\t<\/section>\n\t\t\t\t<\/div>\n\t\t","protected":false},"excerpt":{"rendered":"<p>\u0639\u0631\u0648\u0636 \u0627\u0644\u062a\u0643\u0648\u064a\u0646 Les offres de formations Canevas de mise en conformit\u00e9 2024-2025 Licence professionnelle MITF Canevas de mise en conformit\u00e9 2022-2023 Licence professionnelle MUP Canevas de mise en conformit\u00e9 2019- <a href=\"https:\/\/www.univ-usto.dz\/instituts\/ista\/offres-de-formation\/\" class=\"read-more\">Lire la suite &#8230;<\/a><\/p>\n","protected":false},"author":23,"featured_media":0,"parent":0,"menu_order":0,"comment_status":"closed","ping_status":"closed","template":"","meta":{"_eb_attr":"","footnotes":""},"class_list":["post-14066","page","type-page","status-publish","hentry"],"_links":{"self":[{"href":"https:\/\/www.univ-usto.dz\/instituts\/ista\/wp-json\/wp\/v2\/pages\/14066","targetHints":{"allow":["GET"]}}],"collection":[{"href":"https:\/\/www.univ-usto.dz\/instituts\/ista\/wp-json\/wp\/v2\/pages"}],"about":[{"href":"https:\/\/www.univ-usto.dz\/instituts\/ista\/wp-json\/wp\/v2\/types\/page"}],"author":[{"embeddable":true,"href":"https:\/\/www.univ-usto.dz\/instituts\/ista\/wp-json\/wp\/v2\/users\/23"}],"replies":[{"embeddable":true,"href":"https:\/\/www.univ-usto.dz\/instituts\/ista\/wp-json\/wp\/v2\/comments?post=14066"}],"version-history":[{"count":136,"href":"https:\/\/www.univ-usto.dz\/instituts\/ista\/wp-json\/wp\/v2\/pages\/14066\/revisions"}],"predecessor-version":[{"id":20358,"href":"https:\/\/www.univ-usto.dz\/instituts\/ista\/wp-json\/wp\/v2\/pages\/14066\/revisions\/20358"}],"wp:attachment":[{"href":"https:\/\/www.univ-usto.dz\/instituts\/ista\/wp-json\/wp\/v2\/media?parent=14066"}],"curies":[{"name":"wp","href":"https:\/\/api.w.org\/{rel}","templated":true}]}}