{"id":163,"date":"2020-08-26T23:10:33","date_gmt":"2020-08-26T23:10:33","guid":{"rendered":"http:\/\/www.univ-usto.dz\/instituts\/ista\/?page_id=163"},"modified":"2021-01-28T13:26:28","modified_gmt":"2021-01-28T13:26:28","slug":"post-graduation","status":"publish","type":"page","link":"https:\/\/www.univ-usto.dz\/instituts\/ista\/post-graduation\/","title":{"rendered":"Post-graduation"},"content":{"rendered":"\t\t<div data-elementor-type=\"wp-page\" data-elementor-id=\"163\" class=\"elementor elementor-163\">\n\t\t\t\t\t\t<section class=\"elementor-section elementor-top-section elementor-element elementor-element-5e53978 elementor-section-boxed elementor-section-height-default elementor-section-height-default\" data-id=\"5e53978\" data-element_type=\"section\">\n\t\t\t\t\t\t<div class=\"elementor-container elementor-column-gap-default\">\n\t\t\t\t\t<div class=\"elementor-column elementor-col-33 elementor-top-column elementor-element elementor-element-6cd1610\" data-id=\"6cd1610\" data-element_type=\"column\">\n\t\t\t<div class=\"elementor-widget-wrap elementor-element-populated\">\n\t\t\t\t\t\t<div class=\"elementor-element elementor-element-5fb4cdc elementor-widget elementor-widget-wp-widget-bellows_navigation_widget\" data-id=\"5fb4cdc\" data-element_type=\"widget\" data-widget_type=\"wp-widget-bellows_navigation_widget.default\">\n\t\t\t\t<div class=\"elementor-widget-container\">\n\t\t\t\t\t<nav id=\"bellows-main-12\" class=\"bellows bellows-nojs bellows-main bellows-source-menu bellows-align-full bellows-skin-vanilla bellows-type-\"><ul id=\"menu-menupostgraduation\" class=\"bellows-nav\" data-bellows-config=\"main\"><li id=\"menu-item-6043\" class=\"bellows-menu-item bellows-menu-item-type-post_type bellows-menu-item-object-page bellows-menu-item-6043 bellows-item-level-0\"><a  href=\"https:\/\/www.univ-usto.dz\/instituts\/ista\/formation-post-graduee\/\" class=\"bellows-target\"><span class=\"bellows-target-title bellows-target-text\">Formation doctorale<\/span><\/a><\/li>\n<li id=\"menu-item-8117\" class=\"bellows-menu-item bellows-menu-item-type-post_type bellows-menu-item-object-page bellows-menu-item-has-children bellows-menu-item-8117 bellows-item-level-0\"><a  href=\"https:\/\/www.univ-usto.dz\/instituts\/ista\/habilitation-universitaire\/\" class=\"bellows-target\"><span class=\"bellows-target-title bellows-target-text\">Habilitation universitaire<\/span><button class=\"bellows-subtoggle\" aria-label=\"Toggle Submenu\"><i class=\"bellows-subtoggle-icon-expand fa fa-chevron-down\"><\/i><i class=\"bellows-subtoggle-icon-collapse fa fa-chevron-up\"><\/i><\/button><\/a>\n<ul class=\"bellows-submenu\">\n\t<li id=\"menu-item-8115\" class=\"bellows-menu-item bellows-menu-item-type-post_type bellows-menu-item-object-page bellows-menu-item-8115 bellows-item-level-1\"><a  href=\"https:\/\/www.univ-usto.dz\/instituts\/ista\/condition-habilitation-universitaire\/\" class=\"bellows-target\"><span class=\"bellows-target-title bellows-target-text\">Condition habilitation universitaire<\/span><\/a><\/li>\n\t<li id=\"menu-item-8114\" class=\"bellows-menu-item bellows-menu-item-type-post_type bellows-menu-item-object-page bellows-menu-item-8114 bellows-item-level-1\"><a  href=\"https:\/\/www.univ-usto.dz\/instituts\/ista\/procedure-habilitation-universitaire\/\" class=\"bellows-target\"><span class=\"bellows-target-title bellows-target-text\">Proc\u00e9dure habilitation universitaire<\/span><\/a><\/li>\n\t<li id=\"menu-item-8113\" class=\"bellows-menu-item bellows-menu-item-type-post_type bellows-menu-item-object-page bellows-menu-item-8113 bellows-item-level-1\"><a  href=\"https:\/\/www.univ-usto.dz\/instituts\/ista\/dossier-inscription-habilitation-universitaire\/\" class=\"bellows-target\"><span class=\"bellows-target-title bellows-target-text\">Dossier inscription habilitation universitaire<\/span><\/a><\/li>\n\t<li id=\"menu-item-8116\" class=\"bellows-menu-item bellows-menu-item-type-post_type bellows-menu-item-object-page bellows-menu-item-8116 bellows-item-level-1\"><a  href=\"https:\/\/www.univ-usto.dz\/instituts\/ista\/textes-reglementaires-habilitation\/\" class=\"bellows-target\"><span class=\"bellows-target-title bellows-target-text\">Textes r\u00e9glementaires<\/span><\/a><\/li>\n<\/ul>\n<\/li>\n<li id=\"menu-item-6048\" class=\"bellows-menu-item bellows-menu-item-type-post_type bellows-menu-item-object-page bellows-menu-item-6048 bellows-item-level-0\"><a  href=\"https:\/\/www.univ-usto.dz\/instituts\/ista\/laboratoires-de-recherche\/\" class=\"bellows-target\"><span class=\"bellows-target-title bellows-target-text\">Laboratoires de recherche<\/span><\/a><\/li>\n<li id=\"menu-item-6057\" class=\"bellows-menu-item bellows-menu-item-type-post_type bellows-menu-item-object-page bellows-menu-item-has-children bellows-menu-item-6057 bellows-item-level-0\"><a  href=\"https:\/\/www.univ-usto.dz\/instituts\/ista\/projets-de-recherche\/\" class=\"bellows-target\"><span class=\"bellows-target-title bellows-target-text\">Projets de recherche<\/span><button class=\"bellows-subtoggle\" aria-label=\"Toggle Submenu\"><i class=\"bellows-subtoggle-icon-expand fa fa-chevron-down\"><\/i><i class=\"bellows-subtoggle-icon-collapse fa fa-chevron-up\"><\/i><\/button><\/a>\n<ul class=\"bellows-submenu\">\n\t<li id=\"menu-item-9100\" class=\"bellows-menu-item bellows-menu-item-type-post_type bellows-menu-item-object-page bellows-menu-item-9100 bellows-item-level-1\"><a  href=\"https:\/\/www.univ-usto.dz\/instituts\/ista\/guide-prfu-2\/\" class=\"bellows-target\"><span class=\"bellows-target-title bellows-target-text\">Guide PRFU<\/span><\/a><\/li>\n\t<li id=\"menu-item-9103\" class=\"bellows-menu-item bellows-menu-item-type-post_type bellows-menu-item-object-page bellows-menu-item-9103 bellows-item-level-1\"><a  href=\"https:\/\/www.univ-usto.dz\/instituts\/ista\/criteres-projet-prfu\/\" class=\"bellows-target\"><span class=\"bellows-target-title bellows-target-text\">Crit\u00e8res du porteur du projet PRFU<\/span><\/a><\/li>\n\t<li id=\"menu-item-9102\" class=\"bellows-menu-item bellows-menu-item-type-post_type bellows-menu-item-object-page bellows-menu-item-9102 bellows-item-level-1\"><a  href=\"https:\/\/www.univ-usto.dz\/instituts\/ista\/guide-prfu\/\" class=\"bellows-target\"><span class=\"bellows-target-title bellows-target-text\">Composante de l\u2019\u00e9quipe de recherche PRFU<\/span><\/a><\/li>\n\t<li id=\"menu-item-9122\" class=\"bellows-menu-item bellows-menu-item-type-post_type bellows-menu-item-object-page bellows-menu-item-9122 bellows-item-level-1\"><a  href=\"https:\/\/www.univ-usto.dz\/instituts\/ista\/selection-prfu\/\" class=\"bellows-target\"><span class=\"bellows-target-title bellows-target-text\">S\u00e9lection des projets PRFU<\/span><\/a><\/li>\n\t<li id=\"menu-item-9101\" class=\"bellows-menu-item bellows-menu-item-type-post_type bellows-menu-item-object-page bellows-menu-item-9101 bellows-item-level-1\"><a  href=\"https:\/\/www.univ-usto.dz\/instituts\/ista\/levaluation-des-projets\/\" class=\"bellows-target\"><span class=\"bellows-target-title bellows-target-text\">Evaluation des projets<\/span><\/a><\/li>\n<\/ul>\n<\/li>\n<li id=\"menu-item-10107\" class=\"bellows-menu-item bellows-menu-item-type-post_type bellows-menu-item-object-page bellows-menu-item-10107 bellows-item-level-0\"><a  href=\"https:\/\/www.univ-usto.dz\/instituts\/ista\/conseil-scientifique\/\" class=\"bellows-target\"><span class=\"bellows-target-title bellows-target-text\">Conseil scientifique<\/span><\/a><\/li>\n<li id=\"menu-item-6072\" class=\"bellows-menu-item bellows-menu-item-type-post_type bellows-menu-item-object-page bellows-menu-item-6072 bellows-item-level-0\"><a  href=\"https:\/\/www.univ-usto.dz\/instituts\/ista\/production-scientifique\/\" class=\"bellows-target\"><span class=\"bellows-target-title bellows-target-text\">Production scientifique<\/span><\/a><\/li>\n<li id=\"menu-item-6071\" class=\"bellows-menu-item bellows-menu-item-type-post_type bellows-menu-item-object-page bellows-menu-item-6071 bellows-item-level-0\"><a  href=\"https:\/\/www.univ-usto.dz\/instituts\/ista\/categorisation\/\" class=\"bellows-target\"><span class=\"bellows-target-title bellows-target-text\">Cat\u00e9gorisation des Revues Scientifiques<\/span><\/a><\/li>\n<li id=\"menu-item-6070\" class=\"bellows-menu-item bellows-menu-item-type-post_type bellows-menu-item-object-page bellows-menu-item-6070 bellows-item-level-0\"><a  href=\"https:\/\/www.univ-usto.dz\/instituts\/ista\/liens-utiles\/\" class=\"bellows-target\"><span class=\"bellows-target-title bellows-target-text\">Liens utiles<\/span><\/a><\/li>\n<\/ul><\/nav>\t\t\t\t<\/div>\n\t\t\t\t<\/div>\n\t\t\t\t\t<\/div>\n\t\t<\/div>\n\t\t\t\t<div class=\"elementor-column elementor-col-66 elementor-top-column elementor-element elementor-element-cac83bf\" data-id=\"cac83bf\" data-element_type=\"column\">\n\t\t\t<div class=\"elementor-widget-wrap elementor-element-populated\">\n\t\t\t\t\t\t<div class=\"elementor-element elementor-element-9f57c27 elementor-widget elementor-widget-text-editor\" data-id=\"9f57c27\" data-element_type=\"widget\" data-widget_type=\"text-editor.default\">\n\t\t\t\t<div class=\"elementor-widget-container\">\n\t\t\t\t\t\t\t\t\t<h3>Vice Rectorat charg\u00e9 de la Formation Sup\u00e9rieure de Troisi\u00e8me Cycle,l\u2019Habilitation Universitaire, et la Recherche Scientifique,\u00a0et la Formation Sup\u00e9rieure de Post-Graduation<\/h3><p>\u00a0<\/p>\t\t\t\t\t\t\t\t<\/div>\n\t\t\t\t<\/div>\n\t\t\t\t<div class=\"elementor-element elementor-element-a28426b elementor-widget elementor-widget-image\" data-id=\"a28426b\" data-element_type=\"widget\" data-widget_type=\"image.default\">\n\t\t\t\t<div class=\"elementor-widget-container\">\n\t\t\t\t\t\t\t\t\t\t\t\t\t\t\t<img decoding=\"async\" src=\"https:\/\/https:\/\/www.univ-usto.dz\/instituts\/ista\/dup\/wpt\/wp-content\/uploads\/2020\/09\/Postgraduation.png\" title=\"\" alt=\"\" loading=\"lazy\" \/>\t\t\t\t\t\t\t\t\t\t\t\t\t\t\t<\/div>\n\t\t\t\t<\/div>\n\t\t\t\t<div class=\"elementor-element elementor-element-129ac06 elementor-widget elementor-widget-text-editor\" data-id=\"129ac06\" data-element_type=\"widget\" data-widget_type=\"text-editor.default\">\n\t\t\t\t<div class=\"elementor-widget-container\">\n\t\t\t\t\t\t\t\t\t<ul><li><p><span style=\"text-decoration: underline;\"><strong><a href=\"https:\/\/https:\/\/www.univ-usto.dz\/instituts\/ista\/wp-content\/uploads\/2021\/01\/ANNONCEDATESCONCOURSDOCTORATUSTO-MB-20-21.pdf\">Annonce dates concours doctorat USTOMB 2020 -2021<\/a><\/strong><\/span><\/p><\/li><li><strong>Crit\u00e8res de s\u00e9lection des revues scientifiques nationales de la cat\u00e9gorie C\u00a0<\/strong> <span style=\"text-decoration: underline;\"><span style=\"color: #ff0000;\"><a style=\"color: #ff0000; text-decoration: underline;\" href=\"https:\/\/https:\/\/www.univ-usto.dz\/instituts\/ista\/wp-content\/uploads\/2021\/01\/Criteres_categorie_C-1.pdf\">T\u00e9l\u00e9charger<\/a><\/span><\/span><\/li><li><div dir=\"auto\"><span style=\"text-decoration: underline;\"><strong><span class=\"en_N i_3mCHE\" title=\"Fr\u00a0: PLACARD PUBLICITAIRE CONCOURS DOCTORAT\" data-test-id=\"message-group-subject\"><a href=\"https:\/\/https:\/\/www.univ-usto.dz\/instituts\/ista\/wp-content\/uploads\/2021\/01\/Envois_56-57_DGRSDT_19-01-2021_Class-Revues.pdf\">Envois 56-57 DGRSDT 19-01-2021 relatifs aux revues scientifiques des cat\u00e9gories A et B ainsi que l&#8217;actualisation de la liste des revues nationales de la cat\u00e9gorie C.<\/a><\/span><\/strong><\/span><\/div><\/li><li><div dir=\"auto\"><strong><span class=\"en_N i_3mCHE\" title=\"Fr\u00a0: PLACARD PUBLICITAIRE CONCOURS DOCTORAT\" data-test-id=\"message-group-subject\"><span data-test-id=\"message-group-subject-text\">PLACARD PUBLICITAIRE CONCOURS DOCTORAT<\/span><\/span> 2020\/2021 : <a href=\"https:\/\/https:\/\/www.univ-usto.dz\/instituts\/ista\/wp-content\/uploads\/2020\/12\/CONCOURS-DOCTORAT-USTO-MB-2020-2021-VF2-2.pdf\">T\u00e9l\u00e9charger<\/a><\/strong><\/div><div dir=\"auto\">\u00a0<\/div><\/li><li><strong>AVIS AUX CANDIDATS AU CONCOURS D&#8217;ACCES AU DOCTORAT 2020-2021 :<\/strong><strong>\u00a0<\/strong>Un portail des concours d&#8217;acc\u00e8s au doctorat a \u00e9t\u00e9 mis en ligne sur le site du MESRS.\u00a0<\/li><li>Ce portail permettra aux candidats aux concours d&#8217;avoir une visibilit\u00e9 globale sur tous les concours qui seront organis\u00e9s au niveau des \u00e9tablissements universitaires.<\/li><li>Le lien d\u2019acc\u00e8s \u00e0 ce portail est le suivant : <strong><a href=\"https:\/\/services.mesrs.dz\/mapFormationDoctorat\/portail_Fr.html?fbclid=IwAR2qIU7cCXymv9aXFaJQsuSW1vjVgboAE7Bz1uko0ON9uYSfMOIL8C9RwFE\">https:\/\/services.mesrs.dz\/mapFormationDoctorat\/portail_Fr.html<\/a><\/strong> &#8211; Une version mobile de ce portail sera bient\u00f4t diffus\u00e9e.<\/li><li><strong><span style=\"color: #000000;\">l<a style=\"color: #000000;\" href=\"https:\/\/https:\/\/www.univ-usto.dz\/instituts\/ista\/wp-content\/uploads\/2020\/12\/Arrete_962_FD-LMD_02-12-2020_Annexes-CRUO.pdf\">es offres de\u00a0<\/a><a style=\"color: #000000;\" href=\"https:\/\/https:\/\/www.univ-usto.dz\/instituts\/ista\/wp-content\/uploads\/2020\/12\/Arrete_962_FD-LMD_02-12-2020_Annexes-CRUO.pdf\">formations doctorales 2020-2021<\/a>:<\/span><\/strong><strong style=\"color: var( --e-global-color-text ); font-family: var( --e-global-typography-text-font-family ); background-color: inherit; font-size: 14px;\"><span style=\"color: #000000;\"><a style=\"color: #000000;\" href=\"https:\/\/https:\/\/www.univ-usto.dz\/instituts\/ista\/wp-content\/uploads\/2020\/12\/Arrete_962_FD-LMD_02-12-2020_Annexes-CRUO.pdf\">\u00a0<\/a><\/span><\/strong><ul><li><strong style=\"color: var( --e-global-color-text ); font-family: var( --e-global-typography-text-font-family ); background-color: inherit; font-size: 14px;\"><a href=\"https:\/\/https:\/\/www.univ-usto.dz\/instituts\/ista\/wp-content\/uploads\/2020\/12\/Arrete_962_FD-LMD_02-12-2020_Annexes-CRUO.pdf\" target=\"_blank\" rel=\"noopener\">Arret\u00e9_962_FD-LMD_02-12-2020_Annexes CRUO<\/a><\/strong><\/li><\/ul><\/li><li><span style=\"color: #333333;\"><strong>Modalit\u00e9 d&#8217;acc\u00e8s et organisation de la formation de 3 cycle et\u00a0 les conditions de pr\u00e9paration et de soutenance de doctorat :<\/strong><\/span><ul><li><strong><a href=\"https:\/\/https:\/\/www.univ-usto.dz\/instituts\/ista\/wp-content\/uploads\/2020\/12\/Arr96102-12-2020AR.pdf\" target=\"_blank\" rel=\"noopener\">Arr\u00eat\u00e9 n\u00b0961 du 02-12-2020 version AR<\/a><\/strong><\/li><li><strong><a href=\"https:\/\/https:\/\/www.univ-usto.dz\/instituts\/ista\/wp-content\/uploads\/2020\/12\/Arr96102-12-2020FR.pdf\" target=\"_blank\" rel=\"noopener\">Arr\u00eat\u00e9 n\u00b0961 du 02-12-2020 version FR<\/a><\/strong><\/li><\/ul><\/li><li><strong><a href=\"https:\/\/https:\/\/www.univ-usto.dz\/instituts\/ista\/listes-des-revues-scientifiques\/\" target=\"_blank\" rel=\"noopener\">Cat\u00e9gorisation des revues scientifiques : cat\u00e9gorie A et B<\/a><\/strong><\/li><li><strong><a href=\"https:\/\/https:\/\/www.univ-usto.dz\/instituts\/ista\/wp-content\/uploads\/2020\/09\/NoteexpertsCNEPRU.pdf\">Avis aux enseignants Note experts CNEPRU<\/a><\/strong><\/li><li><strong><a href=\"https:\/\/https:\/\/www.univ-usto.dz\/instituts\/ista\/wp-content\/uploads\/2020\/09\/NOTEDoctorantsinscriptions.pdf\" target=\"_blank\" rel=\"noopener\">Note Doctorants inscriptions<\/a><\/strong><\/li><li><strong>Renouvellement CS CNEPRU\u00a0<\/strong><\/li><\/ul>\t\t\t\t\t\t\t\t<\/div>\n\t\t\t\t<\/div>\n\t\t\t\t\t<\/div>\n\t\t<\/div>\n\t\t\t\t\t<\/div>\n\t\t<\/section>\n\t\t\t\t<\/div>\n\t\t","protected":false},"excerpt":{"rendered":"<p>Vice Rectorat charg\u00e9 de la Formation Sup\u00e9rieure de Troisi\u00e8me Cycle,&#8230;<\/p>\n","protected":false},"author":1,"featured_media":0,"parent":0,"menu_order":0,"comment_status":"closed","ping_status":"closed","template":"","meta":{"_eb_attr":"","footnotes":""},"class_list":["post-163","page","type-page","status-publish","hentry"],"_links":{"self":[{"href":"https:\/\/www.univ-usto.dz\/instituts\/ista\/wp-json\/wp\/v2\/pages\/163","targetHints":{"allow":["GET"]}}],"collection":[{"href":"https:\/\/www.univ-usto.dz\/instituts\/ista\/wp-json\/wp\/v2\/pages"}],"about":[{"href":"https:\/\/www.univ-usto.dz\/instituts\/ista\/wp-json\/wp\/v2\/types\/page"}],"author":[{"embeddable":true,"href":"https:\/\/www.univ-usto.dz\/instituts\/ista\/wp-json\/wp\/v2\/users\/1"}],"replies":[{"embeddable":true,"href":"https:\/\/www.univ-usto.dz\/instituts\/ista\/wp-json\/wp\/v2\/comments?post=163"}],"version-history":[{"count":49,"href":"https:\/\/www.univ-usto.dz\/instituts\/ista\/wp-json\/wp\/v2\/pages\/163\/revisions"}],"predecessor-version":[{"id":10558,"href":"https:\/\/www.univ-usto.dz\/instituts\/ista\/wp-json\/wp\/v2\/pages\/163\/revisions\/10558"}],"wp:attachment":[{"href":"https:\/\/www.univ-usto.dz\/instituts\/ista\/wp-json\/wp\/v2\/media?parent=163"}],"curies":[{"name":"wp","href":"https:\/\/api.w.org\/{rel}","templated":true}]}}