{"id":18360,"date":"2024-08-28T11:44:30","date_gmt":"2024-08-28T11:44:30","guid":{"rendered":"https:\/\/www.univ-usto.dz\/instituts\/ista\/?page_id=18360"},"modified":"2024-08-28T12:09:02","modified_gmt":"2024-08-28T12:09:02","slug":"la-comptabilite-pas-a-pas","status":"publish","type":"page","link":"https:\/\/www.univ-usto.dz\/instituts\/ista\/la-comptabilite-pas-a-pas\/","title":{"rendered":"La comptabilit\u00e9 Pas \u00e0 Pas"},"content":{"rendered":"\n<div data-wp-interactive=\"core\/file\" class=\"wp-block-file\"><object data-wp-bind--hidden=\"!state.hasPdfPreview\" hidden class=\"wp-block-file__embed\" data=\"https:\/\/www.univ-usto.dz\/instituts\/ista\/wp-content\/uploads\/2024\/08\/La-comptabilite-Pas-a-Pas.pdf\" type=\"application\/pdf\" style=\"width:100%;height:1210px\" aria-label=\"Contenu embarqu\u00e9 La comptabilit\u00e9 Pas \u00e0 Pas.\"><\/object><a id=\"wp-block-file--media-68b0df28-8747-426a-aaec-4abaa7979c57\" href=\"https:\/\/www.univ-usto.dz\/instituts\/ista\/wp-content\/uploads\/2024\/08\/La-comptabilite-Pas-a-Pas.pdf\">La comptabilit\u00e9 Pas \u00e0 Pas<\/a><a href=\"https:\/\/www.univ-usto.dz\/instituts\/ista\/wp-content\/uploads\/2024\/08\/La-comptabilite-Pas-a-Pas.pdf\" class=\"wp-block-file__button wp-element-button\" download aria-describedby=\"wp-block-file--media-68b0df28-8747-426a-aaec-4abaa7979c57\">T\u00e9l\u00e9charger<\/a><\/div>\n","protected":false},"excerpt":{"rendered":"","protected":false},"author":23,"featured_media":0,"parent":0,"menu_order":0,"comment_status":"closed","ping_status":"closed","template":"","meta":{"_eb_attr":"","footnotes":""},"class_list":["post-18360","page","type-page","status-publish","hentry"],"_links":{"self":[{"href":"https:\/\/www.univ-usto.dz\/instituts\/ista\/wp-json\/wp\/v2\/pages\/18360","targetHints":{"allow":["GET"]}}],"collection":[{"href":"https:\/\/www.univ-usto.dz\/instituts\/ista\/wp-json\/wp\/v2\/pages"}],"about":[{"href":"https:\/\/www.univ-usto.dz\/instituts\/ista\/wp-json\/wp\/v2\/types\/page"}],"author":[{"embeddable":true,"href":"https:\/\/www.univ-usto.dz\/instituts\/ista\/wp-json\/wp\/v2\/users\/23"}],"replies":[{"embeddable":true,"href":"https:\/\/www.univ-usto.dz\/instituts\/ista\/wp-json\/wp\/v2\/comments?post=18360"}],"version-history":[{"count":2,"href":"https:\/\/www.univ-usto.dz\/instituts\/ista\/wp-json\/wp\/v2\/pages\/18360\/revisions"}],"predecessor-version":[{"id":18364,"href":"https:\/\/www.univ-usto.dz\/instituts\/ista\/wp-json\/wp\/v2\/pages\/18360\/revisions\/18364"}],"wp:attachment":[{"href":"https:\/\/www.univ-usto.dz\/instituts\/ista\/wp-json\/wp\/v2\/media?parent=18360"}],"curies":[{"name":"wp","href":"https:\/\/api.w.org\/{rel}","templated":true}]}}