{"id":20437,"date":"2025-11-09T12:09:43","date_gmt":"2025-11-09T12:09:43","guid":{"rendered":"https:\/\/www.univ-usto.dz\/instituts\/ista\/?page_id=20437"},"modified":"2025-11-09T12:18:27","modified_gmt":"2025-11-09T12:18:27","slug":"programme-boursier-hongrie","status":"publish","type":"page","link":"https:\/\/www.univ-usto.dz\/instituts\/ista\/programme-boursier-hongrie\/","title":{"rendered":"Programme boursier-HONGRIE"},"content":{"rendered":"<h2><em><strong>Programme boursier de formation \u00e0 l&#8217;\u00e9tranger pour la cat\u00e9gorie -Etudiants-pour la<\/strong><\/em><\/h2>\n<h2><em><strong>HONGRIE<\/strong><\/em><\/h2>\n<h3>Ce programme s&amp;#39;adresse aux \u00e9tudiants majors de promotion&nbsp;&nbsp;(03 \u00e9tudiants au maximum par<br \/>sp\u00e9cialit\u00e9)&nbsp;&nbsp;inscrits durant l&amp;#39;ann\u00e9e universitaire 2025-2026&nbsp;en L3 pour la pr\u00e9paration d&amp;#39;un<br \/>Master ou&nbsp;en&nbsp;M2\/5A Ing\u00e9nieur&nbsp;pour la pr\u00e9paration d&amp;#39;un PhD. Vous trouverez \u00e9galement<br \/>ci-joints les documents n\u00e9cessaires pour les candidatures.<br \/>\u00c0 titre de rappel, la date limite d&amp;#39;inscription en ligne sur la plateforme&nbsp;Stipendium&nbsp;est fix\u00e9e<br \/>au&nbsp;15 janvier 2026, et les dossiers&nbsp;scann\u00e9s&nbsp;contenants&nbsp;les&nbsp;documents ci-<br \/>dessous&nbsp;des&nbsp;candidats&nbsp;ayant proc\u00e9d\u00e9s&nbsp;\u00e0 leur&nbsp;inscription&nbsp;en ligne&nbsp;(la copie de l&amp;#39;attestation<br \/>d&amp;#39;inscription sur Stipendium&nbsp;Hungaricum est obligatoire), ainsi que le canevas ci-joint \u00e0<br \/>remplir par l&amp;#39;\u00e9tablissement.&nbsp;<br \/>Les dossiers doivent \u00eatre transmis avant&nbsp;le 01&nbsp;f\u00e9vrier 2027&nbsp;&amp;#39;&amp;#39;exclusivement&amp;#39;&amp;#39;&nbsp;via&nbsp;la<br \/>plateforme de collaboration&nbsp;:&nbsp;cruest2.univ-setif.dz<br \/>Le dossier de candidature comprend&nbsp;:<br \/>1.&nbsp;La fiche de candidature (mod\u00e8le ci-joint)<br \/>2. L&amp;#39;attestation d\u2019inscription en ligne sur la plateforme d\u2019application&nbsp;Stipendium<br \/>(obligatoire)<br \/>3. Une copie du proc\u00e8s-verbal de s\u00e9lection<br \/>4. Une demande manuscrite du candidat faisant ressortir sa motivation par rapport \u00e0 cette<br \/>formation vis\u00e9e par le responsable hi\u00e9rarchique<br \/>5.&nbsp;&nbsp;Une copie du relev\u00e9 de notes du baccalaur\u00e9at<br \/>6.&nbsp;&nbsp;* Pour la candidature au Doctorat (Ph. D.):&nbsp;Les attestations d&amp;#39;inscription\/r\u00e9inscription<br \/>des 5 ann\u00e9es du cursus universitaire&nbsp;<br \/>&nbsp; &nbsp;&nbsp;** Pour la candidature au Master:&nbsp;Les attestations d&amp;#39;inscription\/r\u00e9inscription des 3<br \/>ann\u00e9es du cursus universitaire&nbsp;<br \/>7.&nbsp;&nbsp;* Pour la candidature au Doctorat (Ph. D.):&nbsp;Les relev\u00e9s de notes des 4 premi\u00e8res ann\u00e9es<br \/>d&amp;#39;\u00e9tudes (L1\/A1,L2\/A2,L3\/A3,M1\/A4 pour les Universit\u00e9s et Centres Universitaires ou<br \/>CP1,CP2,1ASC,2ASC pour les \u00c9coles Sup\u00e9rieures)<br \/>&nbsp; &nbsp;&nbsp;** Pour la candidature au Master:&nbsp;Les relev\u00e9s de notes des 2 premi\u00e8res ann\u00e9es d&amp;#39;\u00e9tudes<br \/>(L1,L2)<br \/>8.&nbsp; &nbsp;Attestation&nbsp;de&nbsp;major de promotion&nbsp;(mod\u00e8le ci-joint).<br \/>9.&nbsp;&nbsp;&nbsp;Attestation du nombre d&amp;#39;\u00e9toiles&nbsp;de l&amp;#39;\u00e9tudiant (mod\u00e8le ci-joint).<br \/>10.&nbsp; Copie de la 1\u00e8re page du passeport<br \/>11.&nbsp; Une photo d&amp;#39;identit\u00e9<\/h3>\n\n\n<div class=\"wp-block-file\"><a id=\"wp-block-file--media-88ba0b81-9490-44ea-b012-f37ff4b95acc\" href=\"https:\/\/www.univ-usto.dz\/instituts\/ista\/wp-content\/uploads\/2025\/11\/5_Fiche_controle_HONGRIE_PHD.doc\">5)_Fiche_controle_HONGRIE_PHD<\/a><a href=\"https:\/\/www.univ-usto.dz\/instituts\/ista\/wp-content\/uploads\/2025\/11\/5_Fiche_controle_HONGRIE_PHD.doc\" class=\"wp-block-file__button wp-element-button\" download aria-describedby=\"wp-block-file--media-88ba0b81-9490-44ea-b012-f37ff4b95acc\">T\u00e9l\u00e9charger<\/a><\/div>\n\n\n\n<div class=\"wp-block-file\"><a id=\"wp-block-file--media-22805b88-6e58-4895-a2b5-ab0ca4570d0b\" href=\"https:\/\/www.univ-usto.dz\/instituts\/ista\/wp-content\/uploads\/2025\/11\/4_Fiche_controle_HONGRIE_MASTER.doc\">4)_Fiche_controle_HONGRIE_MASTER<\/a><a href=\"https:\/\/www.univ-usto.dz\/instituts\/ista\/wp-content\/uploads\/2025\/11\/4_Fiche_controle_HONGRIE_MASTER.doc\" class=\"wp-block-file__button wp-element-button\" download aria-describedby=\"wp-block-file--media-22805b88-6e58-4895-a2b5-ab0ca4570d0b\">T\u00e9l\u00e9charger<\/a><\/div>\n\n\n\n<div class=\"wp-block-file\"><a id=\"wp-block-file--media-aaff4b6c-7e71-4c1a-9da0-a875b6987636\" href=\"https:\/\/www.univ-usto.dz\/instituts\/ista\/wp-content\/uploads\/2025\/11\/2_Attestation_Major.doc\">2)_Attestation_Major<\/a><a href=\"https:\/\/www.univ-usto.dz\/instituts\/ista\/wp-content\/uploads\/2025\/11\/2_Attestation_Major.doc\" class=\"wp-block-file__button wp-element-button\" download aria-describedby=\"wp-block-file--media-aaff4b6c-7e71-4c1a-9da0-a875b6987636\">T\u00e9l\u00e9charger<\/a><\/div>\n\n\n\n<div class=\"wp-block-file\"><a id=\"wp-block-file--media-6249fa7a-a385-4e85-9526-57cc613712be\" href=\"https:\/\/www.univ-usto.dz\/instituts\/ista\/wp-content\/uploads\/2025\/11\/3_Attestation_Etudiant-X-etoiles.doc\">3)_Attestation_Etudiant X \u00e9toiles<\/a><a href=\"https:\/\/www.univ-usto.dz\/instituts\/ista\/wp-content\/uploads\/2025\/11\/3_Attestation_Etudiant-X-etoiles.doc\" class=\"wp-block-file__button wp-element-button\" download aria-describedby=\"wp-block-file--media-6249fa7a-a385-4e85-9526-57cc613712be\">T\u00e9l\u00e9charger<\/a><\/div>\n\n\n\n<div class=\"wp-block-file\"><a id=\"wp-block-file--media-688790dd-4820-4d0a-8dd0-14eaccb257db\" href=\"https:\/\/www.univ-usto.dz\/instituts\/ista\/wp-content\/uploads\/2025\/11\/1_Fiche-de-candidature-_bourse-Hongrie-2024-2025.docx\">1)_Fiche de candidature _bourse Hongrie 2024-2025<\/a><a href=\"https:\/\/www.univ-usto.dz\/instituts\/ista\/wp-content\/uploads\/2025\/11\/1_Fiche-de-candidature-_bourse-Hongrie-2024-2025.docx\" class=\"wp-block-file__button wp-element-button\" download aria-describedby=\"wp-block-file--media-688790dd-4820-4d0a-8dd0-14eaccb257db\">T\u00e9l\u00e9charger<\/a><\/div>\n","protected":false},"excerpt":{"rendered":"<p>Programme boursier de formation \u00e0 l&#8217;\u00e9tranger pour la cat\u00e9gorie -Etudiants-pour la HONGRIE Ce programme s&amp;#39;adresse aux \u00e9tudiants majors de promotion&nbsp;&nbsp;(03 \u00e9tudiants au maximum parsp\u00e9cialit\u00e9)&nbsp;&nbsp;inscrits durant l&amp;#39;ann\u00e9e universitaire 2025-2026&nbsp;en L3 pour <a href=\"https:\/\/www.univ-usto.dz\/instituts\/ista\/programme-boursier-hongrie\/\" class=\"read-more\">Lire la suite &#8230;<\/a><\/p>\n","protected":false},"author":23,"featured_media":0,"parent":0,"menu_order":0,"comment_status":"closed","ping_status":"closed","template":"","meta":{"_eb_attr":"","footnotes":""},"class_list":["post-20437","page","type-page","status-publish","hentry"],"_links":{"self":[{"href":"https:\/\/www.univ-usto.dz\/instituts\/ista\/wp-json\/wp\/v2\/pages\/20437","targetHints":{"allow":["GET"]}}],"collection":[{"href":"https:\/\/www.univ-usto.dz\/instituts\/ista\/wp-json\/wp\/v2\/pages"}],"about":[{"href":"https:\/\/www.univ-usto.dz\/instituts\/ista\/wp-json\/wp\/v2\/types\/page"}],"author":[{"embeddable":true,"href":"https:\/\/www.univ-usto.dz\/instituts\/ista\/wp-json\/wp\/v2\/users\/23"}],"replies":[{"embeddable":true,"href":"https:\/\/www.univ-usto.dz\/instituts\/ista\/wp-json\/wp\/v2\/comments?post=20437"}],"version-history":[{"count":5,"href":"https:\/\/www.univ-usto.dz\/instituts\/ista\/wp-json\/wp\/v2\/pages\/20437\/revisions"}],"predecessor-version":[{"id":20448,"href":"https:\/\/www.univ-usto.dz\/instituts\/ista\/wp-json\/wp\/v2\/pages\/20437\/revisions\/20448"}],"wp:attachment":[{"href":"https:\/\/www.univ-usto.dz\/instituts\/ista\/wp-json\/wp\/v2\/media?parent=20437"}],"curies":[{"name":"wp","href":"https:\/\/api.w.org\/{rel}","templated":true}]}}