{"id":11175,"date":"2021-02-25T09:20:24","date_gmt":"2021-02-25T09:20:24","guid":{"rendered":"http:\/\/www.univ-usto.dz\/iscc24\/?page_id=11175"},"modified":"2023-12-04T14:18:28","modified_gmt":"2023-12-04T14:18:28","slug":"bibliotheque","status":"publish","type":"page","link":"https:\/\/www.univ-usto.dz\/iscc24\/fr\/bibliotheque\/","title":{"rendered":"Biblioth\u00e8que de Facult\u00e9"},"content":{"rendered":"\t\t<div data-elementor-type=\"wp-page\" data-elementor-id=\"11175\" class=\"elementor elementor-11175\">\n\t\t\t\t\t\t<section class=\"elementor-section elementor-top-section elementor-element elementor-element-716fba4 elementor-section-boxed elementor-section-height-default elementor-section-height-default\" data-id=\"716fba4\" data-element_type=\"section\">\n\t\t\t\t\t\t<div class=\"elementor-container elementor-column-gap-default\">\n\t\t\t\t\t<div class=\"elementor-column elementor-col-50 elementor-top-column elementor-element elementor-element-313303e\" data-id=\"313303e\" data-element_type=\"column\">\n\t\t\t<div class=\"elementor-widget-wrap elementor-element-populated\">\n\t\t\t\t\t\t<div class=\"elementor-element elementor-element-e5314a2 elementor-widget elementor-widget-wp-widget-bellows_navigation_widget\" data-id=\"e5314a2\" data-element_type=\"widget\" data-widget_type=\"wp-widget-bellows_navigation_widget.default\">\n\t\t\t\t<div class=\"elementor-widget-container\">\n\t\t\t<nav id=\"bellows-main-116\" class=\"bellows bellows-nojs bellows-main bellows-source-menu bellows-align-full bellows-skin-vanilla bellows-type-\"><ul id=\"menu-acces-rapide\" class=\"bellows-nav\" data-bellows-config=\"main\"><li id=\"menu-item-11978\" class=\"bellows-menu-item bellows-menu-item-type-custom bellows-menu-item-object-custom bellows-menu-item-11978 bellows-item-level-0\"><a  href=\"https:\/\/elearning.univ-usto.dz\/\" class=\"bellows-target\"><span class=\"bellows-target-title bellows-target-text\">E-learning<\/span><\/a><\/li>\n<li id=\"menu-item-11979\" class=\"bellows-menu-item bellows-menu-item-type-post_type bellows-menu-item-object-page bellows-menu-item-11979 bellows-item-level-0\"><a  href=\"https:\/\/www.univ-usto.dz\/iscc24\/huawei\/\" class=\"bellows-target\"><span class=\"bellows-target-title bellows-target-text\">Huawei ICT Academy Program of USTO-MB<\/span><\/a><\/li>\n<li id=\"menu-item-11980\" class=\"bellows-menu-item bellows-menu-item-type-custom bellows-menu-item-object-custom bellows-menu-item-11980 bellows-item-level-0\"><a  href=\"https:\/\/www.univ-usto.dz\/Erasmus\/index.php\/fr\/\" class=\"bellows-target\"><span class=\"bellows-target-title bellows-target-text\">Erasmus+<\/span><\/a><\/li>\n<li id=\"menu-item-11982\" class=\"bellows-menu-item bellows-menu-item-type-custom bellows-menu-item-object-custom bellows-menu-item-11982 bellows-item-level-0\"><a  href=\"https:\/\/www.univ-usto.dz\/buc\/\" class=\"bellows-target\"><span class=\"bellows-target-title bellows-target-text\">Biblioth\u00e8que Centrale<\/span><\/a><\/li>\n<li id=\"menu-item-11984\" class=\"bellows-menu-item bellows-menu-item-type-custom bellows-menu-item-object-custom bellows-menu-item-11984 bellows-item-level-0\"><a  href=\"https:\/\/www.univ-usto.dz\/iscc24\/bibliotheque\/\" class=\"bellows-target\"><span class=\"bellows-target-title bellows-target-text\">Biblioth\u00e8que de facult\u00e9<\/span><\/a><\/li>\n<li id=\"menu-item-11985\" class=\"bellows-menu-item bellows-menu-item-type-custom bellows-menu-item-object-custom bellows-menu-item-11985 bellows-item-level-0\"><a  href=\"https:\/\/www.univ-usto.dz\/dup\/ceilusto\/\" class=\"bellows-target\"><span class=\"bellows-target-title bellows-target-text\">CIEL USTO-MB<\/span><\/a><\/li>\n<li id=\"menu-item-11986\" class=\"bellows-menu-item bellows-menu-item-type-custom bellows-menu-item-object-custom bellows-menu-item-11986 bellows-item-level-0\"><a  href=\"http:\/\/dspace.univ-usto.dz\/\" class=\"bellows-target\"><span class=\"bellows-target-title bellows-target-text\">Dspace<\/span><\/a><\/li>\n<li id=\"menu-item-11987\" class=\"bellows-menu-item bellows-menu-item-type-custom bellows-menu-item-object-custom bellows-menu-item-11987 bellows-item-level-0\"><a  href=\"https:\/\/conference.univ-usto.dz\/\" class=\"bellows-target\"><span class=\"bellows-target-title bellows-target-text\">Visio-Conf\u00e9rence<\/span><\/a><\/li>\n<li id=\"menu-item-11988\" class=\"bellows-menu-item bellows-menu-item-type-custom bellows-menu-item-object-custom bellows-menu-item-11988 bellows-item-level-0\"><a  href=\"https:\/\/profil.univ-usto.dz\/\" class=\"bellows-target\"><span class=\"bellows-target-title bellows-target-text\">Annuaire Enseignants<\/span><\/a><\/li>\n<li id=\"menu-item-11989\" class=\"bellows-menu-item bellows-menu-item-type-custom bellows-menu-item-object-custom bellows-menu-item-11989 bellows-item-level-0\"><a  href=\"http:\/\/webtv.univ-usto.dz\/\" class=\"bellows-target\"><span class=\"bellows-target-title bellows-target-text\">Webtv<\/span><\/a><\/li>\n<li id=\"menu-item-11990\" class=\"bellows-menu-item bellows-menu-item-type-custom bellows-menu-item-object-custom bellows-menu-item-11990 bellows-item-level-0\"><a  href=\"http:\/\/hpc.univ-usto.dz\/\" class=\"bellows-target\"><span class=\"bellows-target-title bellows-target-text\">Unit\u00e9 de Calcul Intensif<\/span><\/a><\/li>\n<li id=\"menu-item-12501\" class=\"bellows-menu-item bellows-menu-item-type-custom bellows-menu-item-object-custom bellows-menu-item-12501 bellows-item-level-0\"><a  href=\"https:\/\/www.univ-usto.dz\/iscc24\/emplois-du-temps\/\" class=\"bellows-target\"><span class=\"bellows-target-title bellows-target-text\">Emplois du temps<\/span><\/a><\/li>\n<\/ul><\/nav>\t\t<\/div>\n\t\t\t\t<\/div>\n\t\t\t\t\t<\/div>\n\t\t<\/div>\n\t\t\t\t<div class=\"elementor-column elementor-col-50 elementor-top-column elementor-element elementor-element-e1f8c61\" data-id=\"e1f8c61\" data-element_type=\"column\">\n\t\t\t<div class=\"elementor-widget-wrap elementor-element-populated\">\n\t\t\t\t\t\t<div class=\"elementor-element elementor-element-5213014 elementor-widget elementor-widget-image\" data-id=\"5213014\" data-element_type=\"widget\" data-widget_type=\"image.default\">\n\t\t\t\t<div class=\"elementor-widget-container\">\n\t\t\t\t\t\t\t\t\t\t\t\t\t\t<a href=\"http:\/\/www.univ-usto.dz\/theses_en_ligne\/\">\n\t\t\t\t\t\t\t<img decoding=\"async\" src=\"https:\/\/www.univ-usto.dz\/iscc24\/wp-content\/uploads\/elementor\/thumbs\/BIBLIO-qkpuqmaen8gjllimvggam22qesdwt2rpigswzxlz2o.png\" title=\"BIBLIO\" alt=\"BIBLIO\" loading=\"lazy\" \/>\t\t\t\t\t\t\t\t<\/a>\n\t\t\t\t\t\t\t\t\t\t\t\t\t<\/div>\n\t\t\t\t<\/div>\n\t\t\t\t<div class=\"elementor-element elementor-element-9f725b3 elementor-align-center elementor-widget elementor-widget-button\" data-id=\"9f725b3\" data-element_type=\"widget\" data-widget_type=\"button.default\">\n\t\t\t\t<div class=\"elementor-widget-container\">\n\t\t\t\t\t<div class=\"elementor-button-wrapper\">\n\t\t\t<a class=\"elementor-button elementor-button-link elementor-size-sm\" href=\"https:\/\/www.univ-usto.dz\/bib_ge\/\">\n\t\t\t\t\t\t<span class=\"elementor-button-content-wrapper\">\n\t\t\t\t\t\t<span class=\"elementor-button-text\">Acc\u00e8der \u00e0 la Biblioth\u00e8que<\/span>\n\t\t<\/span>\n\t\t\t\t\t<\/a>\n\t\t<\/div>\n\t\t\t\t<\/div>\n\t\t\t\t<\/div>\n\t\t\t\t<div class=\"elementor-element elementor-element-4c92ed8 elementor-widget elementor-widget-heading\" data-id=\"4c92ed8\" data-element_type=\"widget\" data-widget_type=\"heading.default\">\n\t\t\t\t<div class=\"elementor-widget-container\">\n\t\t\t<h2 class=\"elementor-heading-title elementor-size-default\">Responsable de Biblioth\u00e8que<\/h2>\t\t<\/div>\n\t\t\t\t<\/div>\n\t\t\t\t<div class=\"elementor-element elementor-element-03185df elementor-widget elementor-widget-text-editor\" data-id=\"03185df\" data-element_type=\"widget\" data-widget_type=\"text-editor.default\">\n\t\t\t\t<div class=\"elementor-widget-container\">\n\t\t\t\t\t\t\t<div class=\"elementor-element elementor-element-9cea9b5 elementor-widget elementor-widget-text-editor\" data-id=\"9cea9b5\" data-element_type=\"widget\" data-widget_type=\"text-editor.default\"><div class=\"elementor-widget-container\"><div class=\"elementor-text-editor elementor-clearfix\"><p><strong>Mme. MAZOUZI Nacera<\/strong><\/p><p><strong>\u00a0 E-mail : <\/strong><span id=\"cloak047379ce3fd6e29bb9dadb173fa3c00a\"><a href=\"mailto:facultegenieelectrique.pg@gmail.com\">bibfac_ge@yahoo.fr<\/a><\/span><\/p><\/div><\/div><\/div>\t\t\t\t\t\t<\/div>\n\t\t\t\t<\/div>\n\t\t\t\t<div class=\"elementor-element elementor-element-4e10145 elementor-widget elementor-widget-heading\" data-id=\"4e10145\" data-element_type=\"widget\" data-widget_type=\"heading.default\">\n\t\t\t\t<div class=\"elementor-widget-container\">\n\t\t\t<h2 class=\"elementor-heading-title elementor-size-default\">Pr\u00e9sentation<\/h2>\t\t<\/div>\n\t\t\t\t<\/div>\n\t\t\t\t<div class=\"elementor-element elementor-element-b78aa88 elementor-widget elementor-widget-text-editor\" data-id=\"b78aa88\" data-element_type=\"widget\" data-widget_type=\"text-editor.default\">\n\t\t\t\t<div class=\"elementor-widget-container\">\n\t\t\t\t\t\t\t<div><p>La biblioth\u00e8que se situe au sein du 2<sup>\u00e8me<\/sup>\u00a0b\u00e2timent de la biblioth\u00e8que centrale.<\/p><\/div><div>Ses fonds sont principalement destin\u00e9s aux enseignants et aux \u00e9tudiants en projet de fin d\u2019\u00e9tudes dans les sp\u00e9cialit\u00e9s suivantes : (\u00c9lectronique \u2013 \u00c9lectrotechnique \u2013 Automatique).<\/div><div>\u00a0<\/div><div>La biblioth\u00e8que contient deux services:<\/div><ul><li>Service de Gestion du Fonds Documentaire<\/li><li>Service de l&rsquo;Orientation et de la Recherche Bibliographique<\/li><\/ul>\t\t\t\t\t\t<\/div>\n\t\t\t\t<\/div>\n\t\t\t\t<div class=\"elementor-element elementor-element-18b1e29 elementor-widget elementor-widget-heading\" data-id=\"18b1e29\" data-element_type=\"widget\" data-widget_type=\"heading.default\">\n\t\t\t\t<div class=\"elementor-widget-container\">\n\t\t\t<h2 class=\"elementor-heading-title elementor-size-default\">Historique<\/h2>\t\t<\/div>\n\t\t\t\t<\/div>\n\t\t\t\t<div class=\"elementor-element elementor-element-fe3d4be elementor-widget elementor-widget-text-editor\" data-id=\"fe3d4be\" data-element_type=\"widget\" data-widget_type=\"text-editor.default\">\n\t\t\t\t<div class=\"elementor-widget-container\">\n\t\t\t\t\t\t\t<p>1991\u00a0:\u00a0Cr\u00e9ation des biblioth\u00e8ques des instituts.<\/p><p>1998\u00a0:\u00a0Application de l\u2019organigramme des facult\u00e9s \u00e0 l\u2019universit\u00e9 Mohamed Boudiaf.<\/p><p>2001\u00a0:\u00a0l\u2019attribution d\u2019une salle pour chaque facult\u00e9 sur le campus de Bir-el Djir au sein du 2<sup>\u00e8me<\/sup>\u00a0b\u00e2timent de la Biblioth\u00e8que Centrale suite \u00e0 une r\u00e9union qui s\u2019est tenu le 24 Septembre 2001.<\/p><p>2004\u00a0:\u00a0l\u2019occupation de la salle et regroupement des deux fonds documentaires des biblioth\u00e8ques d\u2019instituts Electronique et Electrotechnique et en m\u00eame ann\u00e9e, la biblioth\u00e8que re\u00e7oit les ouvrages destin\u00e9s aux \u00e9tudiants de l\u2019automatique par la Biblioth\u00e8que centrale.<\/p><p>2005\u00a0:\u00a0La premi\u00e8re acquisition des ouvrages faite par la biblioth\u00e8que de la facult\u00e9 (propre budget). \u00a0<\/p><p>\u00a0Depuis cette derni\u00e8re date, la biblioth\u00e8que acquit chaque ann\u00e9e un nombre important de titres d\u2019ouvrages sugg\u00e9r\u00e9s par les enseignants de la facult\u00e9.<\/p>\t\t\t\t\t\t<\/div>\n\t\t\t\t<\/div>\n\t\t\t\t<div class=\"elementor-element elementor-element-b534af2 elementor-align-center elementor-widget elementor-widget-button\" data-id=\"b534af2\" data-element_type=\"widget\" data-widget_type=\"button.default\">\n\t\t\t\t<div class=\"elementor-widget-container\">\n\t\t\t\t\t<div class=\"elementor-button-wrapper\">\n\t\t\t<a class=\"elementor-button elementor-button-link elementor-size-sm\" href=\"https:\/\/www.univ-usto.dz\/bib_ge\/\">\n\t\t\t\t\t\t<span class=\"elementor-button-content-wrapper\">\n\t\t\t\t\t\t<span class=\"elementor-button-text\">Acc\u00e8der \u00e0 la Biblioth\u00e8que<\/span>\n\t\t<\/span>\n\t\t\t\t\t<\/a>\n\t\t<\/div>\n\t\t\t\t<\/div>\n\t\t\t\t<\/div>\n\t\t\t\t\t<\/div>\n\t\t<\/div>\n\t\t\t\t\t<\/div>\n\t\t<\/section>\n\t\t\t\t<section class=\"elementor-section elementor-top-section elementor-element elementor-element-8594d66 elementor-section-boxed elementor-section-height-default elementor-section-height-default\" data-id=\"8594d66\" data-element_type=\"section\">\n\t\t\t\t\t\t<div class=\"elementor-container elementor-column-gap-default\">\n\t\t\t\t\t<div class=\"elementor-column elementor-col-33 elementor-top-column elementor-element elementor-element-8ba43be\" data-id=\"8ba43be\" data-element_type=\"column\">\n\t\t\t<div class=\"elementor-widget-wrap\">\n\t\t\t\t\t\t\t<\/div>\n\t\t<\/div>\n\t\t\t\t<div class=\"elementor-column elementor-col-66 elementor-top-column elementor-element elementor-element-cec2f2d\" data-id=\"cec2f2d\" data-element_type=\"column\">\n\t\t\t<div class=\"elementor-widget-wrap elementor-element-populated\">\n\t\t\t\t\t\t<div class=\"elementor-element elementor-element-7103353 elementor-widget__width-initial elementor-widget elementor-widget-text-editor\" data-id=\"7103353\" data-element_type=\"widget\" data-widget_type=\"text-editor.default\">\n\t\t\t\t<div class=\"elementor-widget-container\">\n\t\t\t\t\t\t\t<blockquote><h2><span style=\"color: #6ecfff;\"><strong>Listes des Projets de Fin d\u2019Etudes par d\u00e9partement:<\/strong><\/span><\/h2><\/blockquote><div><span style=\"color: #6ecfff;\"><strong>\u00a0<\/strong><\/span><\/div><p><a href=\"https:\/\/www.univ-usto.dz\/iscc24\/wp-content\/uploads\/2023\/12\/PFE-Master-ETT.pdf\"><span style=\"color: #0000ff;\"><strong><span style=\"text-decoration: underline;\">\u21d2 Electrotechnique<\/span><\/strong><\/span><\/a><\/p><p><span style=\"color: #0000ff;\"><strong><span style=\"text-decoration: underline;\"><a style=\"color: #0000ff; text-decoration: underline;\" href=\"https:\/\/www.univ-usto.dz\/iscc24\/wp-content\/uploads\/2023\/12\/PFE-Master-AUT-1.pdf\">\u21d2 Automatique<\/a><\/span><\/strong><\/span><\/p><p><span style=\"color: #0000ff;\"><strong><span style=\"text-decoration: underline;\"><a style=\"color: #0000ff; text-decoration: underline;\" href=\"https:\/\/www.univ-usto.dz\/iscc24\/wp-content\/uploads\/2023\/12\/PFE-Master-ELN.pdf\">\u21d2 Electronique\u00a0<\/a><\/span><\/strong><\/span><\/p>\t\t\t\t\t\t<\/div>\n\t\t\t\t<\/div>\n\t\t\t\t\t<\/div>\n\t\t<\/div>\n\t\t\t\t\t<\/div>\n\t\t<\/section>\n\t\t\t\t<\/div>\n\t\t","protected":false},"excerpt":{"rendered":"<p>Acc\u00e8der \u00e0 la Biblioth\u00e8que Responsable de Biblioth\u00e8que Mme. MAZOUZI Nacera \u00a0 E-mail : bibfac_ge@yahoo.fr Pr\u00e9sentation La biblioth\u00e8que se situe au sein du 2\u00e8me\u00a0b\u00e2timent de la biblioth\u00e8que centrale. Ses fonds sont principalement destin\u00e9s aux enseignants et aux \u00e9tudiants en projet de fin d\u2019\u00e9tudes dans les sp\u00e9cialit\u00e9s suivantes : (\u00c9lectronique \u2013 \u00c9lectrotechnique \u2013 Automatique).\u00a0La biblioth\u00e8que contient deux &hellip; <\/p>\n","protected":false},"author":22,"featured_media":0,"parent":0,"menu_order":0,"comment_status":"closed","ping_status":"closed","template":"","meta":{"footnotes":""},"_links":{"self":[{"href":"https:\/\/www.univ-usto.dz\/iscc24\/wp-json\/wp\/v2\/pages\/11175"}],"collection":[{"href":"https:\/\/www.univ-usto.dz\/iscc24\/wp-json\/wp\/v2\/pages"}],"about":[{"href":"https:\/\/www.univ-usto.dz\/iscc24\/wp-json\/wp\/v2\/types\/page"}],"author":[{"embeddable":true,"href":"https:\/\/www.univ-usto.dz\/iscc24\/wp-json\/wp\/v2\/users\/22"}],"replies":[{"embeddable":true,"href":"https:\/\/www.univ-usto.dz\/iscc24\/wp-json\/wp\/v2\/comments?post=11175"}],"version-history":[{"count":80,"href":"https:\/\/www.univ-usto.dz\/iscc24\/wp-json\/wp\/v2\/pages\/11175\/revisions"}],"predecessor-version":[{"id":17549,"href":"https:\/\/www.univ-usto.dz\/iscc24\/wp-json\/wp\/v2\/pages\/11175\/revisions\/17549"}],"wp:attachment":[{"href":"https:\/\/www.univ-usto.dz\/iscc24\/wp-json\/wp\/v2\/media?parent=11175"}],"curies":[{"name":"wp","href":"https:\/\/api.w.org\/{rel}","templated":true}]}}