{"id":108,"date":"2020-08-26T22:16:02","date_gmt":"2020-08-26T22:16:02","guid":{"rendered":"http:\/\/www.univ-usto.dz\/labo\/lma\/?page_id=108"},"modified":"2025-11-06T08:56:26","modified_gmt":"2025-11-06T08:56:26","slug":"universite","status":"publish","type":"page","link":"https:\/\/www.univ-usto.dz\/labo\/ADASCA\/","title":{"rendered":"Universit\u00e9 des Sciences et de la Technologie Oran Mohamed-Boudiaf"},"content":{"rendered":"\t\t<div data-elementor-type=\"wp-page\" data-elementor-id=\"108\" class=\"elementor elementor-108\">\n\t\t\t\t\t\t<section class=\"elementor-section elementor-top-section elementor-element elementor-element-9f33b83 elementor-section-boxed elementor-section-height-default elementor-section-height-default\" data-id=\"9f33b83\" data-element_type=\"section\">\n\t\t\t\t\t\t<div class=\"elementor-container elementor-column-gap-default\">\n\t\t\t\t\t<div class=\"elementor-column elementor-col-33 elementor-top-column elementor-element elementor-element-c0af90d\" data-id=\"c0af90d\" data-element_type=\"column\">\n\t\t\t<div class=\"elementor-widget-wrap\">\n\t\t\t\t\t\t\t<\/div>\n\t\t<\/div>\n\t\t\t\t<div class=\"elementor-column elementor-col-33 elementor-top-column elementor-element elementor-element-623d287\" data-id=\"623d287\" data-element_type=\"column\">\n\t\t\t<div class=\"elementor-widget-wrap\">\n\t\t\t\t\t\t\t<\/div>\n\t\t<\/div>\n\t\t\t\t<div class=\"elementor-column elementor-col-33 elementor-top-column elementor-element elementor-element-bd3da74\" data-id=\"bd3da74\" data-element_type=\"column\">\n\t\t\t<div class=\"elementor-widget-wrap elementor-element-populated\">\n\t\t\t\t\t\t<div class=\"elementor-element elementor-element-f4064a1 elementor-widget elementor-widget-wp-widget-search\" data-id=\"f4064a1\" data-element_type=\"widget\" data-widget_type=\"wp-widget-search.default\">\n\t\t\t\t<div class=\"elementor-widget-container\">\n\t\t\t\t\t<form role=\"search\" method=\"get\" class=\"search-form\" action=\"https:\/\/www.univ-usto.dz\/labo\/ADASCA\/\">\n\t      <label>\n\t        <span class=\"screen-reader-text\">Search for:<\/span>\n\t        <input type=\"search\" class=\"search-field\" placeholder=\"Recherche...\" value=\"\" name=\"s\" title=\"Search for:\" \/>\n\t      <\/label>\n\t      <input type=\"submit\" class=\"search-submit\" value=\"Search\" \/>\n\t    <\/form>\t\t\t\t<\/div>\n\t\t\t\t<\/div>\n\t\t\t\t\t<\/div>\n\t\t<\/div>\n\t\t\t\t\t<\/div>\n\t\t<\/section>\n\t\t\t\t<section class=\"elementor-section elementor-top-section elementor-element elementor-element-958babb elementor-section-boxed elementor-section-height-default elementor-section-height-default\" data-id=\"958babb\" data-element_type=\"section\">\n\t\t\t\t\t\t<div class=\"elementor-container elementor-column-gap-default\">\n\t\t\t\t\t<div class=\"elementor-column elementor-col-50 elementor-top-column elementor-element elementor-element-110f2eb\" data-id=\"110f2eb\" data-element_type=\"column\">\n\t\t\t<div class=\"elementor-widget-wrap elementor-element-populated\">\n\t\t\t\t\t\t\t<\/div>\n\t\t<\/div>\n\t\t\t\t<div class=\"elementor-column elementor-col-50 elementor-top-column elementor-element elementor-element-1df433a\" data-id=\"1df433a\" data-element_type=\"column\" data-settings=\"{&quot;background_background&quot;:&quot;classic&quot;}\">\n\t\t\t<div class=\"elementor-widget-wrap elementor-element-populated\">\n\t\t\t\t\t\t<section class=\"elementor-section elementor-inner-section elementor-element elementor-element-ef39c41 elementor-section-boxed elementor-section-height-default elementor-section-height-default\" data-id=\"ef39c41\" data-element_type=\"section\">\n\t\t\t\t\t\t<div class=\"elementor-container elementor-column-gap-default\">\n\t\t\t\t\t<div class=\"elementor-column elementor-col-100 elementor-inner-column elementor-element elementor-element-3ba2c53\" data-id=\"3ba2c53\" data-element_type=\"column\">\n\t\t\t<div class=\"elementor-widget-wrap elementor-element-populated\">\n\t\t\t\t\t\t<div class=\"elementor-element elementor-element-1f9b85b elementor-widget elementor-widget-text-editor\" data-id=\"1f9b85b\" data-element_type=\"widget\" data-widget_type=\"text-editor.default\">\n\t\t\t\t<div class=\"elementor-widget-container\">\n\t\t\t\t\t\t\t\t\t<h3><strong>Actualit\u00e9s<\/strong><\/h3>\t\t\t\t\t\t\t\t<\/div>\n\t\t\t\t<\/div>\n\t\t\t\t<div class=\"elementor-element elementor-element-bb99004 elementor-widget elementor-widget-text-editor\" data-id=\"bb99004\" data-element_type=\"widget\" data-widget_type=\"text-editor.default\">\n\t\t\t\t<div class=\"elementor-widget-container\">\n\t\t\t\t\t\t\t\t\t<h6 style=\"text-align: right;\"><a href=\"https:\/\/www.univ-usto.dz\/labo\/ADASCA\/category\/annonces\/\">Voir toutes les actualit\u00e9s\u00a0<\/a><\/h6>\t\t\t\t\t\t\t\t<\/div>\n\t\t\t\t<\/div>\n\t\t\t\t<div class=\"elementor-element elementor-element-4ddcf54 news-content elementor-widget elementor-widget-wp-widget-verticalmarquee\" data-id=\"4ddcf54\" data-element_type=\"widget\" data-widget_type=\"wp-widget-verticalmarquee.default\">\n\t\t\t\t<div class=\"elementor-widget-container\">\n\t\t\t\t\t<div style='padding:3px;'><marquee style='height:150px;' scrollamount='2' scrolldelay='5' direction='up' onmouseover='this.stop()' onmouseout='this.start()'>No data found, please check the expiration date.<\/marquee><\/div>\t\t\t\t<\/div>\n\t\t\t\t<\/div>\n\t\t\t\t\t<\/div>\n\t\t<\/div>\n\t\t\t\t\t<\/div>\n\t\t<\/section>\n\t\t\t\t\t<\/div>\n\t\t<\/div>\n\t\t\t\t\t<\/div>\n\t\t<\/section>\n\t\t\t\t<section class=\"elementor-section elementor-top-section elementor-element elementor-element-a767809 elementor-section-boxed elementor-section-height-default elementor-section-height-default\" data-id=\"a767809\" data-element_type=\"section\">\n\t\t\t\t\t\t<div class=\"elementor-container elementor-column-gap-default\">\n\t\t\t\t\t<div class=\"elementor-column elementor-col-50 elementor-top-column elementor-element elementor-element-55710d0\" data-id=\"55710d0\" data-element_type=\"column\" data-settings=\"{&quot;animation&quot;:&quot;none&quot;}\">\n\t\t\t<div class=\"elementor-widget-wrap elementor-element-populated\">\n\t\t\t\t\t\t<div class=\"elementor-element elementor-element-6f83de4 elementor-widget elementor-widget-text-editor\" data-id=\"6f83de4\" data-element_type=\"widget\" data-widget_type=\"text-editor.default\">\n\t\t\t\t<div class=\"elementor-widget-container\">\n\t\t\t\t\t\t\t\t\t<p><strong><em>Objectifs de recherche scientifique et de d\u00e9veloppement technologique\u00a0:<\/em><\/strong><\/p><p>\u00a0<\/p><p>Pour sortir de son sous-d\u00e9veloppement, un pays doit avoir son ind\u00e9pendance afin d\u2019\u00eatre dans le pouvoir de valoriser ce qu\u2019il a et ce qu\u2019il est. La recherche doit asseoir cette ind\u00e9pendance dans des domaines de base tels que\u00a0: l\u2019alimentation, la sant\u00e9, les mati\u00e8res premi\u00e8res, l\u2019\u00e9nergie, les technologies modernes \u00e9l\u00e9mentaires, la culture.<\/p><p>Ainsi, tous les pays en voie de d\u00e9veloppement ont besoin d\u2019une recherche scientifique qui leur permette d\u2019atteindre des d\u2019objectifs\u00a0:<\/p><ul><li><strong>Recherche Fondamentale :<\/strong><\/li><\/ul><p>Explorer les aspects th\u00e9oriques et conceptuels de l&rsquo;IA, en se concentrant sur les algorithmes d&rsquo;apprentissage automatique, la vision par ordinateur, le traitement du langage naturel, et d&rsquo;autres domaines connexes.<\/p><ul><li><strong>D\u00e9veloppement de Technologies Avanc\u00e9es : <\/strong><\/li><\/ul><p>Concevoir et mettre en \u0153uvre des syst\u00e8mes d&rsquo;IA sophistiqu\u00e9s en utilisant des approches telles que l&rsquo;apprentissage profond, les r\u00e9seaux neuronaux, et l&rsquo;apprentissage par renforcement pour r\u00e9soudre des probl\u00e8mes du monde r\u00e9el.<\/p><ul><li><strong>Applications Pratiques :<\/strong><\/li><\/ul><p>Adapter les avanc\u00e9es de la recherche pour cr\u00e9er des solutions pratiques dans divers secteurs tels que la sant\u00e9, la finance, l&rsquo;industrie, et les technologies de l&rsquo;information.<\/p>\t\t\t\t\t\t\t\t<\/div>\n\t\t\t\t<\/div>\n\t\t\t\t\t<\/div>\n\t\t<\/div>\n\t\t\t\t<div class=\"elementor-column elementor-col-50 elementor-top-column elementor-element elementor-element-038f1ad\" data-id=\"038f1ad\" data-element_type=\"column\">\n\t\t\t<div class=\"elementor-widget-wrap elementor-element-populated\">\n\t\t\t\t\t\t<div class=\"elementor-element elementor-element-b35de88 elementor-widget elementor-widget-video\" data-id=\"b35de88\" data-element_type=\"widget\" data-settings=\"{&quot;youtube_url&quot;:&quot;https:\\\/\\\/www.youtube.com\\\/watch?v=sPsMIus49Js&quot;,&quot;start&quot;:0,&quot;video_type&quot;:&quot;youtube&quot;,&quot;controls&quot;:&quot;yes&quot;}\" data-widget_type=\"video.default\">\n\t\t\t\t<div class=\"elementor-widget-container\">\n\t\t\t\t\t\t\t<div class=\"elementor-wrapper elementor-open-inline\">\n\t\t\t<div class=\"elementor-video\"><\/div>\t\t<\/div>\n\t\t\t\t\t\t<\/div>\n\t\t\t\t<\/div>\n\t\t\t\t\t<\/div>\n\t\t<\/div>\n\t\t\t\t\t<\/div>\n\t\t<\/section>\n\t\t\t\t<\/div>\n\t\t","protected":false},"excerpt":{"rendered":"<p>Actualit\u00e9s Voir toutes les actualit\u00e9s\u00a0 Objectifs de recherche scientifique et de d\u00e9veloppement technologique\u00a0: \u00a0 Pour sortir de son sous-d\u00e9veloppement, un pays doit avoir son ind\u00e9pendance afin d\u2019\u00eatre dans le pouvoir <a href=\"https:\/\/www.univ-usto.dz\/labo\/ADASCA\/\" class=\"read-more\">Lire la suite &#8230;<\/a><\/p>\n","protected":false},"author":1,"featured_media":0,"parent":0,"menu_order":0,"comment_status":"closed","ping_status":"closed","template":"","meta":{"footnotes":""},"class_list":["post-108","page","type-page","status-publish","hentry"],"_links":{"self":[{"href":"https:\/\/www.univ-usto.dz\/labo\/ADASCA\/wp-json\/wp\/v2\/pages\/108","targetHints":{"allow":["GET"]}}],"collection":[{"href":"https:\/\/www.univ-usto.dz\/labo\/ADASCA\/wp-json\/wp\/v2\/pages"}],"about":[{"href":"https:\/\/www.univ-usto.dz\/labo\/ADASCA\/wp-json\/wp\/v2\/types\/page"}],"author":[{"embeddable":true,"href":"https:\/\/www.univ-usto.dz\/labo\/ADASCA\/wp-json\/wp\/v2\/users\/1"}],"replies":[{"embeddable":true,"href":"https:\/\/www.univ-usto.dz\/labo\/ADASCA\/wp-json\/wp\/v2\/comments?post=108"}],"version-history":[{"count":339,"href":"https:\/\/www.univ-usto.dz\/labo\/ADASCA\/wp-json\/wp\/v2\/pages\/108\/revisions"}],"predecessor-version":[{"id":12605,"href":"https:\/\/www.univ-usto.dz\/labo\/ADASCA\/wp-json\/wp\/v2\/pages\/108\/revisions\/12605"}],"wp:attachment":[{"href":"https:\/\/www.univ-usto.dz\/labo\/ADASCA\/wp-json\/wp\/v2\/media?parent=108"}],"curies":[{"name":"wp","href":"https:\/\/api.w.org\/{rel}","templated":true}]}}